{"id":26726,"date":"2017-09-07T17:29:06","date_gmt":"2017-09-07T16:29:06","guid":{"rendered":"https:\/\/kendov-dvorec.com\/erlebnisse\/muharjenjefliegenfischen\/"},"modified":"2026-04-07T08:20:18","modified_gmt":"2026-04-07T07:20:18","slug":"muharjenjefliegenfischen","status":"publish","type":"page","link":"https:\/\/kendov-dvorec.com\/de\/erlebnisse\/muharjenjefliegenfischen\/","title":{"rendered":"MuharjenjeFliegenfischen"},"content":{"rendered":"\t\t<div data-elementor-type=\"wp-page\" data-elementor-id=\"26726\" class=\"elementor elementor-26726 elementor-5829\" data-elementor-post-type=\"page\">\n\t\t\t\t<div class=\"elementor-element elementor-element-8feb181 e-flex e-con-boxed e-con e-parent\" data-id=\"8feb181\" data-element_type=\"container\" data-e-type=\"container\" data-settings=\"{&quot;background_background&quot;:&quot;classic&quot;}\">\n\t\t\t\t\t<div class=\"e-con-inner\">\n\t\t\t\t\t<\/div>\n\t\t\t\t<\/div>\n\t\t<div class=\"elementor-element elementor-element-7397da2 e-flex e-con-boxed e-con e-parent\" data-id=\"7397da2\" data-element_type=\"container\" data-e-type=\"container\">\n\t\t\t\t\t<div class=\"e-con-inner\">\n\t\t<div class=\"elementor-element elementor-element-42c6138 e-con-full e-flex e-con e-child\" data-id=\"42c6138\" data-element_type=\"container\" data-e-type=\"container\">\n\t\t\t\t<div class=\"elementor-element elementor-element-1ce0965 elementor-widget elementor-widget-heading\" data-id=\"1ce0965\" data-element_type=\"widget\" data-e-type=\"widget\" data-widget_type=\"heading.default\">\n\t\t\t\t<div class=\"elementor-widget-container\">\n\t\t\t\t\t<h1 class=\"elementor-heading-title elementor-size-default\">ERFAHRUNGEN<\/h1>\t\t\t\t<\/div>\n\t\t\t\t<\/div>\n\t\t\t\t<div class=\"elementor-element elementor-element-30dc62d elementor-widget elementor-widget-heading\" data-id=\"30dc62d\" data-element_type=\"widget\" data-e-type=\"widget\" data-widget_type=\"heading.default\">\n\t\t\t\t<div class=\"elementor-widget-container\">\n\t\t\t\t\t<h1 class=\"elementor-heading-title elementor-size-default\">Fliegenfischen<\/h1>\t\t\t\t<\/div>\n\t\t\t\t<\/div>\n\t\t\t\t<div class=\"elementor-element elementor-element-7a3304a elementor-widget elementor-widget-heading\" data-id=\"7a3304a\" data-element_type=\"widget\" data-e-type=\"widget\" data-widget_type=\"heading.default\">\n\t\t\t\t<div class=\"elementor-widget-container\">\n\t\t\t\t\t<h2 class=\"elementor-heading-title elementor-size-default\">Die nahen Fl\u00fcsse sind ein wahres Paradies f\u00fcr Angelfreunde.<\/h2>\t\t\t\t<\/div>\n\t\t\t\t<\/div>\n\t\t\t\t<div class=\"elementor-element elementor-element-57cfb7b elementor-widget elementor-widget-text-editor\" data-id=\"57cfb7b\" data-element_type=\"widget\" data-e-type=\"widget\" data-widget_type=\"text-editor.default\">\n\t\t\t\t<div class=\"elementor-widget-container\">\n\t\t\t\t\t\t\t\t\t<p>Die kristallklaren Fl\u00fcsse Idrijca und Kanomljica, nur einige Schritte vom Kendov dvorec entfernt, locken vom Fr\u00fchjahr bis zum Herbst Freunde des Angelports aus aller Welt an.<\/p><p>Wir bieten Fliegenfischern im Kendov Dvorec: <\/p>\t\t\t\t\t\t\t\t<\/div>\n\t\t\t\t<\/div>\n\t\t\t\t<div class=\"elementor-element elementor-element-b8c2b45 elementor-widget elementor-widget-text-editor\" data-id=\"b8c2b45\" data-element_type=\"widget\" data-e-type=\"widget\" data-widget_type=\"text-editor.default\">\n\t\t\t\t<div class=\"elementor-widget-container\">\n\t\t\t\t\t\t\t\t\t<p>Verkauf von Angelscheinen in den n\u00e4chstgelegenen Angelrevieren,<br>den Erwerb von Angelscheinen f\u00fcr die n\u00e4chstgelegenen Angelreviere,<br>die M\u00f6glichkeit der Ausleihe der gesamten Fliegenfischerausr\u00fcstung,<br>Anglerf\u00fchrung mit erfahrenen lokalen Angler-Guides. <\/p>\t\t\t\t\t\t\t\t<\/div>\n\t\t\t\t<\/div>\n\t\t\t\t<div class=\"elementor-element elementor-element-9fa7198 elementor-widget elementor-widget-text-editor\" data-id=\"9fa7198\" data-element_type=\"widget\" data-e-type=\"widget\" data-widget_type=\"text-editor.default\">\n\t\t\t\t<div class=\"elementor-widget-container\">\n\t\t\t\t\t\t\t\t\t<p>Wir empfehlen, die Ausleihe der Ausr\u00fcstung und die F\u00fchrung im Voraus per E-Mail: info@kendov-dvorec.com oder Telefon: 05 37 25 100 zu buchen. <\/p>\t\t\t\t\t\t\t\t<\/div>\n\t\t\t\t<\/div>\n\t\t\t\t<\/div>\n\t\t<div class=\"elementor-element elementor-element-930b71b e-con-full e-flex e-con e-child\" data-id=\"930b71b\" data-element_type=\"container\" data-e-type=\"container\">\n\t\t\t\t<div class=\"elementor-element elementor-element-986558b elementor-widget elementor-widget-image\" data-id=\"986558b\" data-element_type=\"widget\" data-e-type=\"widget\" data-widget_type=\"image.default\">\n\t\t\t\t<div class=\"elementor-widget-container\">\n\t\t\t\t\t\t\t\t\t\t\t\t\t\t\t<img fetchpriority=\"high\" decoding=\"async\" width=\"800\" height=\"800\" src=\"https:\/\/kendov-dvorec.com\/wp-content\/uploads\/2025\/09\/kendov-dvorec-idrijca-fly-fishing.jpg\" class=\"attachment-large size-large wp-image-24244\" alt=\"\" srcset=\"https:\/\/kendov-dvorec.com\/wp-content\/uploads\/2025\/09\/kendov-dvorec-idrijca-fly-fishing.jpg 900w, https:\/\/kendov-dvorec.com\/wp-content\/uploads\/2025\/09\/kendov-dvorec-idrijca-fly-fishing-300x300.jpg 300w, https:\/\/kendov-dvorec.com\/wp-content\/uploads\/2025\/09\/kendov-dvorec-idrijca-fly-fishing-150x150.jpg 150w, https:\/\/kendov-dvorec.com\/wp-content\/uploads\/2025\/09\/kendov-dvorec-idrijca-fly-fishing-768x768.jpg 768w\" sizes=\"(max-width: 800px) 100vw, 800px\" \/>\t\t\t\t\t\t\t\t\t\t\t\t\t\t\t<\/div>\n\t\t\t\t<\/div>\n\t\t\t\t<\/div>\n\t\t\t\t\t<\/div>\n\t\t\t\t<\/div>\n\t\t\t\t<\/div>\n\t\t","protected":false},"excerpt":{"rendered":"<p>ERFAHRUNGEN Fliegenfischen Die nahen Fl\u00fcsse sind ein wahres Paradies f\u00fcr Angelfreunde. Die kristallklaren Fl\u00fcsse Idrijca und Kanomljica, nur einige Schritte vom Kendov dvorec entfernt, locken vom Fr\u00fchjahr bis zum Herbst Freunde des Angelports aus aller Welt an. Wir bieten Fliegenfischern im Kendov Dvorec: Verkauf von Angelscheinen in den n\u00e4chstgelegenen Angelrevieren,den Erwerb von Angelscheinen f\u00fcr die [&hellip;]<\/p>\n","protected":false},"author":1,"featured_media":1841,"parent":26714,"menu_order":6,"comment_status":"closed","ping_status":"closed","template":"elementor_header_footer","meta":{"footnotes":""},"class_list":["post-26726","page","type-page","status-publish","has-post-thumbnail","hentry"],"_links":{"self":[{"href":"https:\/\/kendov-dvorec.com\/de\/wp-json\/wp\/v2\/pages\/26726","targetHints":{"allow":["GET"]}}],"collection":[{"href":"https:\/\/kendov-dvorec.com\/de\/wp-json\/wp\/v2\/pages"}],"about":[{"href":"https:\/\/kendov-dvorec.com\/de\/wp-json\/wp\/v2\/types\/page"}],"author":[{"embeddable":true,"href":"https:\/\/kendov-dvorec.com\/de\/wp-json\/wp\/v2\/users\/1"}],"replies":[{"embeddable":true,"href":"https:\/\/kendov-dvorec.com\/de\/wp-json\/wp\/v2\/comments?post=26726"}],"version-history":[{"count":3,"href":"https:\/\/kendov-dvorec.com\/de\/wp-json\/wp\/v2\/pages\/26726\/revisions"}],"predecessor-version":[{"id":27772,"href":"https:\/\/kendov-dvorec.com\/de\/wp-json\/wp\/v2\/pages\/26726\/revisions\/27772"}],"up":[{"embeddable":true,"href":"https:\/\/kendov-dvorec.com\/de\/wp-json\/wp\/v2\/pages\/26714"}],"wp:featuredmedia":[{"embeddable":true,"href":"https:\/\/kendov-dvorec.com\/de\/wp-json\/wp\/v2\/media\/1841"}],"wp:attachment":[{"href":"https:\/\/kendov-dvorec.com\/de\/wp-json\/wp\/v2\/media?parent=26726"}],"curies":[{"name":"wp","href":"https:\/\/api.w.org\/{rel}","templated":true}]}}