{"id":26742,"date":"2017-10-05T15:05:30","date_gmt":"2017-10-05T14:05:30","guid":{"rendered":"https:\/\/kendov-dvorec.com\/erlebnisse\/kloeppelspitzen\/"},"modified":"2026-04-07T08:20:24","modified_gmt":"2026-04-07T07:20:24","slug":"kloeppelspitzen","status":"publish","type":"page","link":"https:\/\/kendov-dvorec.com\/de\/erlebnisse\/kloeppelspitzen\/","title":{"rendered":"Kl\u00f6ppelspitzen"},"content":{"rendered":"\t\t<div data-elementor-type=\"wp-page\" data-elementor-id=\"26742\" class=\"elementor elementor-26742 elementor-5844\" data-elementor-post-type=\"page\">\n\t\t\t\t<div class=\"elementor-element elementor-element-171c12b e-flex e-con-boxed e-con e-parent\" data-id=\"171c12b\" data-element_type=\"container\" data-e-type=\"container\" data-settings=\"{&quot;background_background&quot;:&quot;classic&quot;}\">\n\t\t\t\t\t<div class=\"e-con-inner\">\n\t\t\t\t\t<\/div>\n\t\t\t\t<\/div>\n\t\t<div class=\"elementor-element elementor-element-ffd3ca4 e-flex e-con-boxed e-con e-parent\" data-id=\"ffd3ca4\" data-element_type=\"container\" data-e-type=\"container\">\n\t\t\t\t\t<div class=\"e-con-inner\">\n\t\t<div class=\"elementor-element elementor-element-e2dabda e-con-full e-flex e-con e-child\" data-id=\"e2dabda\" data-element_type=\"container\" data-e-type=\"container\">\n\t\t\t\t<div class=\"elementor-element elementor-element-2382207 elementor-widget elementor-widget-heading\" data-id=\"2382207\" data-element_type=\"widget\" data-e-type=\"widget\" data-widget_type=\"heading.default\">\n\t\t\t\t<div class=\"elementor-widget-container\">\n\t\t\t\t\t<h1 class=\"elementor-heading-title elementor-size-default\">ERFAHRUNGEN<\/h1>\t\t\t\t<\/div>\n\t\t\t\t<\/div>\n\t\t\t\t<div class=\"elementor-element elementor-element-2eb837d elementor-widget elementor-widget-heading\" data-id=\"2eb837d\" data-element_type=\"widget\" data-e-type=\"widget\" data-widget_type=\"heading.default\">\n\t\t\t\t<div class=\"elementor-widget-container\">\n\t\t\t\t\t<h1 class=\"elementor-heading-title elementor-size-default\">Kl\u00f6ppelspitzen von Idrija<\/h1>\t\t\t\t<\/div>\n\t\t\t\t<\/div>\n\t\t\t\t<div class=\"elementor-element elementor-element-a3bd095 elementor-widget elementor-widget-heading\" data-id=\"a3bd095\" data-element_type=\"widget\" data-e-type=\"widget\" data-widget_type=\"heading.default\">\n\t\t\t\t<div class=\"elementor-widget-container\">\n\t\t\t\t\t<h2 class=\"elementor-heading-title elementor-size-default\">Lernen Sie die Sch\u00f6nheit handgekl\u00f6ppelter Spitzen kennen.<\/h2>\t\t\t\t<\/div>\n\t\t\t\t<\/div>\n\t\t\t\t<div class=\"elementor-element elementor-element-798701e elementor-widget elementor-widget-text-editor\" data-id=\"798701e\" data-element_type=\"widget\" data-e-type=\"widget\" data-widget_type=\"text-editor.default\">\n\t\t\t\t<div class=\"elementor-widget-container\">\n\t\t\t\t\t\t\t\t\t<p>Geschickte Kl\u00f6pplerinnen aus der Gegend von Idrija verflechten schon seit \u00fcber drei Jahrhunderten die schneewei\u00dfen F\u00e4den und geben Ihr Wissen von Generation zu Generation weiter. Spitzen wurden zun\u00e4chst zum Schm\u00fccken von Kirchen und liturgischen Gew\u00e4ndern, Hausrat und Kleidungsst\u00fccken von wohlhabenderen Bauernfamilien verwendet. <\/p><p>Im Jahre 1876 wurde in Idrija die <strong>Spitzenkl\u00f6ppelschule <\/strong>gegr\u00fcndet, die seitdem ununterbrochen aktiv ist. In dieser Zeit nahm die Spitze von Idrija ihre erkennbare Form an. Die Frauen aus Idrija, meist die Frauen der Bergleute, wurden f\u00fcr die Kl\u00f6ppelei verh\u00e4ltnism\u00e4\u00dfig schlecht bezahlt, dennoch waren die Spitzen f\u00fcr sie eine zus\u00e4tzliche Erwerbsquelle, die in gro\u00dfem Umfang ausgesch\u00f6pft wurde.  <\/p><p>Auch heutzutage bleibt die Kl\u00f6ppelei in der Gegend von Idrija eine beliebte T\u00e4tigkeit vieler Frauen und Kinder. <\/p>\t\t\t\t\t\t\t\t<\/div>\n\t\t\t\t<\/div>\n\t\t\t\t<\/div>\n\t\t<div class=\"elementor-element elementor-element-204e09f e-con-full e-flex e-con e-child\" data-id=\"204e09f\" data-element_type=\"container\" data-e-type=\"container\">\n\t\t\t\t<div class=\"elementor-element elementor-element-529fcc1 elementor-widget elementor-widget-image\" data-id=\"529fcc1\" data-element_type=\"widget\" data-e-type=\"widget\" data-widget_type=\"image.default\">\n\t\t\t\t<div class=\"elementor-widget-container\">\n\t\t\t\t\t\t\t\t\t\t\t\t\t\t\t<img fetchpriority=\"high\" decoding=\"async\" width=\"800\" height=\"453\" src=\"https:\/\/kendov-dvorec.com\/wp-content\/uploads\/2025\/09\/Kendov_dvorec_lace_making3.jpg\" class=\"attachment-large size-large wp-image-23661\" alt=\"\" srcset=\"https:\/\/kendov-dvorec.com\/wp-content\/uploads\/2025\/09\/Kendov_dvorec_lace_making3.jpg 900w, https:\/\/kendov-dvorec.com\/wp-content\/uploads\/2025\/09\/Kendov_dvorec_lace_making3-300x170.jpg 300w, https:\/\/kendov-dvorec.com\/wp-content\/uploads\/2025\/09\/Kendov_dvorec_lace_making3-768x435.jpg 768w\" sizes=\"(max-width: 800px) 100vw, 800px\" \/>\t\t\t\t\t\t\t\t\t\t\t\t\t\t\t<\/div>\n\t\t\t\t<\/div>\n\t\t\t\t<div class=\"elementor-element elementor-element-6d1b663 elementor-widget elementor-widget-heading\" data-id=\"6d1b663\" data-element_type=\"widget\" data-e-type=\"widget\" data-widget_type=\"heading.default\">\n\t\t\t\t<div class=\"elementor-widget-container\">\n\t\t\t\t\t<h3 class=\"elementor-heading-title elementor-size-default\">Im Kendov dvorec erhalten und pr\u00e4sentieren wir die reiche Tradition unseres heimischen Umfelds \u2013 Volks\u00fcberlieferungen, kulinarische Besonderheiten und die Kl\u00f6ppelspitzen von Idrija, die schon seit Jahrhunderten unter den geschickten Fingern der Kl\u00f6pplerinnen entstehen. <\/h3>\t\t\t\t<\/div>\n\t\t\t\t<\/div>\n\t\t\t\t<\/div>\n\t\t\t\t\t<\/div>\n\t\t\t\t<\/div>\n\t\t<div class=\"elementor-element elementor-element-f995442 e-flex e-con-boxed e-con e-parent\" data-id=\"f995442\" data-element_type=\"container\" data-e-type=\"container\" data-settings=\"{&quot;background_background&quot;:&quot;classic&quot;}\">\n\t\t\t\t\t<div class=\"e-con-inner\">\n\t\t\t\t<div class=\"elementor-element elementor-element-2b06f4a elementor-widget elementor-widget-heading\" data-id=\"2b06f4a\" data-element_type=\"widget\" data-e-type=\"widget\" data-widget_type=\"heading.default\">\n\t\t\t\t<div class=\"elementor-widget-container\">\n\t\t\t\t\t<h2 class=\"elementor-heading-title elementor-size-default\">Sehen Sie sich die Spitzen von Idrija an<\/h2>\t\t\t\t<\/div>\n\t\t\t\t<\/div>\n\t\t<div class=\"elementor-element elementor-element-ffb5ec5 e-con-full e-flex e-con e-child\" data-id=\"ffb5ec5\" data-element_type=\"container\" data-e-type=\"container\">\n\t\t<div class=\"elementor-element elementor-element-333847c e-con-full e-flex e-con e-child\" data-id=\"333847c\" data-element_type=\"container\" data-e-type=\"container\">\n\t\t\t\t<div class=\"elementor-element elementor-element-d3f0323 elementor-widget elementor-widget-image\" data-id=\"d3f0323\" data-element_type=\"widget\" data-e-type=\"widget\" data-widget_type=\"image.default\">\n\t\t\t\t<div class=\"elementor-widget-container\">\n\t\t\t\t\t\t\t\t\t\t\t\t\t\t\t<img decoding=\"async\" width=\"474\" height=\"269\" src=\"https:\/\/kendov-dvorec.com\/wp-content\/uploads\/2025\/09\/Kendov_dvorec_lace_school.jpg\" class=\"attachment-large size-large wp-image-24279\" alt=\"\" srcset=\"https:\/\/kendov-dvorec.com\/wp-content\/uploads\/2025\/09\/Kendov_dvorec_lace_school.jpg 474w, https:\/\/kendov-dvorec.com\/wp-content\/uploads\/2025\/09\/Kendov_dvorec_lace_school-300x170.jpg 300w\" sizes=\"(max-width: 474px) 100vw, 474px\" \/>\t\t\t\t\t\t\t\t\t\t\t\t\t\t\t<\/div>\n\t\t\t\t<\/div>\n\t\t\t\t<div class=\"elementor-element elementor-element-69c4e11 elementor-widget elementor-widget-text-editor\" data-id=\"69c4e11\" data-element_type=\"widget\" data-e-type=\"widget\" data-widget_type=\"text-editor.default\">\n\t\t\t\t<div class=\"elementor-widget-container\">\n\t\t\t\t\t\t\t\t\t<p><strong>SPITZENKL\u00d6PPELSCHULE IDRIJA<\/strong><br>Sehen Sie sich wahre Meisterwerke der Kl\u00f6ppelkunst an, in die Kinder und Jugendliche in ihrer Freizeit viel Zeit, M\u00fche, Ausdauer und Pr\u00e4zision investieren. Sie k\u00f6nnen sich bei der gef\u00fchrten Besichtigung der Schule mit ihrer 140-j\u00e4hrigen Tradition auch selber im Kl\u00f6ppeln versuchen und im Shop der Schule Spitzen kaufen. <\/p>\t\t\t\t\t\t\t\t<\/div>\n\t\t\t\t<\/div>\n\t\t\t\t<\/div>\n\t\t<div class=\"elementor-element elementor-element-8ebdc26 e-con-full e-flex e-con e-child\" data-id=\"8ebdc26\" data-element_type=\"container\" data-e-type=\"container\">\n\t\t\t\t<div class=\"elementor-element elementor-element-4902395 elementor-widget elementor-widget-image\" data-id=\"4902395\" data-element_type=\"widget\" data-e-type=\"widget\" data-widget_type=\"image.default\">\n\t\t\t\t<div class=\"elementor-widget-container\">\n\t\t\t\t\t\t\t\t\t\t\t\t\t\t\t<img decoding=\"async\" width=\"800\" height=\"453\" src=\"https:\/\/kendov-dvorec.com\/wp-content\/uploads\/2025\/09\/Kendov_dvorec_Idrija_Museumjpg.jpg\" class=\"attachment-large size-large wp-image-24274\" alt=\"\" srcset=\"https:\/\/kendov-dvorec.com\/wp-content\/uploads\/2025\/09\/Kendov_dvorec_Idrija_Museumjpg.jpg 900w, https:\/\/kendov-dvorec.com\/wp-content\/uploads\/2025\/09\/Kendov_dvorec_Idrija_Museumjpg-300x170.jpg 300w, https:\/\/kendov-dvorec.com\/wp-content\/uploads\/2025\/09\/Kendov_dvorec_Idrija_Museumjpg-768x435.jpg 768w\" sizes=\"(max-width: 800px) 100vw, 800px\" \/>\t\t\t\t\t\t\t\t\t\t\t\t\t\t\t<\/div>\n\t\t\t\t<\/div>\n\t\t\t\t<div class=\"elementor-element elementor-element-ddcd843 elementor-widget elementor-widget-text-editor\" data-id=\"ddcd843\" data-element_type=\"widget\" data-e-type=\"widget\" data-widget_type=\"text-editor.default\">\n\t\t\t\t<div class=\"elementor-widget-container\">\n\t\t\t\t\t\t\t\t\t<p><strong>STADTMUSEUM IDRIJA<\/strong><br>Im Stadtmuseum Idrija, das seine R\u00e4umlichkeiten im vornehmen Schloss Gewerkenegg hat, ist die st\u00e4ndige Ausstellung \u00fcber die Spitzen von Idrija zu besichtigen. Die Ausstellung erz\u00e4hlt die Geschichte des \u00fcber 300-j\u00e4hrigen Erbes der Kl\u00f6ppelei in der Gegend von Idrija und f\u00fchrt Sie von Exponaten der \u00e4ltesten Kl\u00f6ppelspitzen und Muster bis zur Gegenwart \u2013 zu modischen Abendkleidern mit Spitzen von Idrija. <\/p>\t\t\t\t\t\t\t\t<\/div>\n\t\t\t\t<\/div>\n\t\t\t\t<\/div>\n\t\t<div class=\"elementor-element elementor-element-e2b57ce e-con-full e-flex e-con e-child\" data-id=\"e2b57ce\" data-element_type=\"container\" data-e-type=\"container\">\n\t\t\t\t<div class=\"elementor-element elementor-element-4a5a48e elementor-widget elementor-widget-image\" data-id=\"4a5a48e\" data-element_type=\"widget\" data-e-type=\"widget\" data-widget_type=\"image.default\">\n\t\t\t\t<div class=\"elementor-widget-container\">\n\t\t\t\t\t\t\t\t\t\t\t\t\t\t\t<img loading=\"lazy\" decoding=\"async\" width=\"800\" height=\"453\" src=\"https:\/\/kendov-dvorec.com\/wp-content\/uploads\/2025\/09\/Kendov_dvorec_Tina_Koder.jpg\" class=\"attachment-large size-large wp-image-24269\" alt=\"\" srcset=\"https:\/\/kendov-dvorec.com\/wp-content\/uploads\/2025\/09\/Kendov_dvorec_Tina_Koder.jpg 900w, https:\/\/kendov-dvorec.com\/wp-content\/uploads\/2025\/09\/Kendov_dvorec_Tina_Koder-300x170.jpg 300w, https:\/\/kendov-dvorec.com\/wp-content\/uploads\/2025\/09\/Kendov_dvorec_Tina_Koder-768x435.jpg 768w\" sizes=\"(max-width: 800px) 100vw, 800px\" \/>\t\t\t\t\t\t\t\t\t\t\t\t\t\t\t<\/div>\n\t\t\t\t<\/div>\n\t\t\t\t<div class=\"elementor-element elementor-element-542fd5f elementor-widget elementor-widget-text-editor\" data-id=\"542fd5f\" data-element_type=\"widget\" data-e-type=\"widget\" data-widget_type=\"text-editor.default\">\n\t\t\t\t<div class=\"elementor-widget-container\">\n\t\t\t\t\t\t\t\t\t<p><strong>VERKAUFSGALERIEN<\/strong><br>Spitzenkl\u00f6ppelschule Idrija<br>Studio Koder, Idrija<br>Gesch\u00e4ft Vanda, Idrija<br>Kunsthandwerkliche-Spitze von Idrija Tina Koder, Ljubljana (auf dem Foto)<br>Studio Spitzen von Idrija, Ljubljana<br>und andere<\/p>\t\t\t\t\t\t\t\t<\/div>\n\t\t\t\t<\/div>\n\t\t\t\t<\/div>\n\t\t\t\t<\/div>\n\t\t\t\t\t<\/div>\n\t\t\t\t<\/div>\n\t\t\t\t<\/div>\n\t\t","protected":false},"excerpt":{"rendered":"<p>ERFAHRUNGEN Kl\u00f6ppelspitzen von Idrija Lernen Sie die Sch\u00f6nheit handgekl\u00f6ppelter Spitzen kennen. Geschickte Kl\u00f6pplerinnen aus der Gegend von Idrija verflechten schon seit \u00fcber drei Jahrhunderten die schneewei\u00dfen F\u00e4den und geben Ihr Wissen von Generation zu Generation weiter. Spitzen wurden zun\u00e4chst zum Schm\u00fccken von Kirchen und liturgischen Gew\u00e4ndern, Hausrat und Kleidungsst\u00fccken von wohlhabenderen Bauernfamilien verwendet. Im Jahre [&hellip;]<\/p>\n","protected":false},"author":1,"featured_media":1966,"parent":26714,"menu_order":7,"comment_status":"closed","ping_status":"closed","template":"elementor_header_footer","meta":{"footnotes":""},"class_list":["post-26742","page","type-page","status-publish","has-post-thumbnail","hentry"],"_links":{"self":[{"href":"https:\/\/kendov-dvorec.com\/de\/wp-json\/wp\/v2\/pages\/26742","targetHints":{"allow":["GET"]}}],"collection":[{"href":"https:\/\/kendov-dvorec.com\/de\/wp-json\/wp\/v2\/pages"}],"about":[{"href":"https:\/\/kendov-dvorec.com\/de\/wp-json\/wp\/v2\/types\/page"}],"author":[{"embeddable":true,"href":"https:\/\/kendov-dvorec.com\/de\/wp-json\/wp\/v2\/users\/1"}],"replies":[{"embeddable":true,"href":"https:\/\/kendov-dvorec.com\/de\/wp-json\/wp\/v2\/comments?post=26742"}],"version-history":[{"count":3,"href":"https:\/\/kendov-dvorec.com\/de\/wp-json\/wp\/v2\/pages\/26742\/revisions"}],"predecessor-version":[{"id":27776,"href":"https:\/\/kendov-dvorec.com\/de\/wp-json\/wp\/v2\/pages\/26742\/revisions\/27776"}],"up":[{"embeddable":true,"href":"https:\/\/kendov-dvorec.com\/de\/wp-json\/wp\/v2\/pages\/26714"}],"wp:featuredmedia":[{"embeddable":true,"href":"https:\/\/kendov-dvorec.com\/de\/wp-json\/wp\/v2\/media\/1966"}],"wp:attachment":[{"href":"https:\/\/kendov-dvorec.com\/de\/wp-json\/wp\/v2\/media?parent=26742"}],"curies":[{"name":"wp","href":"https:\/\/api.w.org\/{rel}","templated":true}]}}