{"id":26758,"date":"2017-10-05T15:08:45","date_gmt":"2017-10-05T14:08:45","guid":{"rendered":"https:\/\/kendov-dvorec.com\/erlebnisse\/bergbauerbe\/"},"modified":"2026-04-07T08:21:16","modified_gmt":"2026-04-07T07:21:16","slug":"bergbauerbe","status":"publish","type":"page","link":"https:\/\/kendov-dvorec.com\/de\/erlebnisse\/bergbauerbe\/","title":{"rendered":"Bergbauerbe"},"content":{"rendered":"\t\t<div data-elementor-type=\"wp-page\" data-elementor-id=\"26758\" class=\"elementor elementor-26758 elementor-5845\" data-elementor-post-type=\"page\">\n\t\t\t\t<div class=\"elementor-element elementor-element-6717738 e-flex e-con-boxed e-con e-parent\" data-id=\"6717738\" data-element_type=\"container\" data-e-type=\"container\" data-settings=\"{&quot;background_background&quot;:&quot;classic&quot;}\">\n\t\t\t\t\t<div class=\"e-con-inner\">\n\t\t\t\t\t<\/div>\n\t\t\t\t<\/div>\n\t\t<div class=\"elementor-element elementor-element-816ef15 e-flex e-con-boxed e-con e-parent\" data-id=\"816ef15\" data-element_type=\"container\" data-e-type=\"container\">\n\t\t\t\t\t<div class=\"e-con-inner\">\n\t\t<div class=\"elementor-element elementor-element-242ce7d e-con-full e-flex e-con e-child\" data-id=\"242ce7d\" data-element_type=\"container\" data-e-type=\"container\">\n\t\t\t\t<div class=\"elementor-element elementor-element-ad02341 elementor-widget elementor-widget-heading\" data-id=\"ad02341\" data-element_type=\"widget\" data-e-type=\"widget\" data-widget_type=\"heading.default\">\n\t\t\t\t<div class=\"elementor-widget-container\">\n\t\t\t\t\t<h1 class=\"elementor-heading-title elementor-size-default\">ERFAHRUNGEN<\/h1>\t\t\t\t<\/div>\n\t\t\t\t<\/div>\n\t\t\t\t<div class=\"elementor-element elementor-element-4de2f18 elementor-widget elementor-widget-heading\" data-id=\"4de2f18\" data-element_type=\"widget\" data-e-type=\"widget\" data-widget_type=\"heading.default\">\n\t\t\t\t<div class=\"elementor-widget-container\">\n\t\t\t\t\t<h1 class=\"elementor-heading-title elementor-size-default\">Bergbauerbe<\/h1>\t\t\t\t<\/div>\n\t\t\t\t<\/div>\n\t\t\t\t<div class=\"elementor-element elementor-element-22d0c38 elementor-widget elementor-widget-heading\" data-id=\"22d0c38\" data-element_type=\"widget\" data-e-type=\"widget\" data-widget_type=\"heading.default\">\n\t\t\t\t<div class=\"elementor-widget-container\">\n\t\t\t\t\t<h2 class=\"elementor-heading-title elementor-size-default\">Steigen Sie ein in die unterirdische Welt der Knappen von Idrija.<\/h2>\t\t\t\t<\/div>\n\t\t\t\t<\/div>\n\t\t\t\t<div class=\"elementor-element elementor-element-5033aa7 elementor-widget elementor-widget-text-editor\" data-id=\"5033aa7\" data-element_type=\"widget\" data-e-type=\"widget\" data-widget_type=\"text-editor.default\">\n\t\t\t\t<div class=\"elementor-widget-container\">\n\t\t\t\t\t\t\t\t\t<p>Idrija, die \u00e4lteste slowenische Bergbaustadt, ist f\u00fcr das zweitgr\u00f6\u00dfte Quecksilberbergwerk der Welt bekannt. Das f\u00fcnfhundert Jahre alte Bergwerk steht heute zusammen mit dem spanischen Almad\u00e9n auf der Liste des Weltkulturerbes der UNESCO. Sie werden bei der Entdeckung des reichen Erbes des Bergbaus die Geschichte der Stadt und das Leben der damaligen Bergmannsfamilien kennenlernen.   <\/p>\t\t\t\t\t\t\t\t<\/div>\n\t\t\t\t<\/div>\n\t\t\t\t<div class=\"elementor-element elementor-element-bfa72a5 elementor-widget elementor-widget-text-editor\" data-id=\"bfa72a5\" data-element_type=\"widget\" data-e-type=\"widget\" data-widget_type=\"text-editor.default\">\n\t\t\t\t<div class=\"elementor-widget-container\">\n\t\t\t\t\t\t\t\t\t<p>Die Legende besagt, dass das gediegene Quecksilber in Idrija von einem B\u00f6ttcher unter dem Quellwasserstrahl entdeckt wurde. An der Stelle der Entdeckung des Quecksilbers steht heute die Kirche der hl. Dreifaltigkeit.  <\/p>\t\t\t\t\t\t\t\t<\/div>\n\t\t\t\t<\/div>\n\t\t\t\t<\/div>\n\t\t<div class=\"elementor-element elementor-element-ac099bb e-con-full e-flex e-con e-child\" data-id=\"ac099bb\" data-element_type=\"container\" data-e-type=\"container\">\n\t\t\t\t<div class=\"elementor-element elementor-element-635ba53 elementor-widget elementor-widget-image\" data-id=\"635ba53\" data-element_type=\"widget\" data-e-type=\"widget\" data-widget_type=\"image.default\">\n\t\t\t\t<div class=\"elementor-widget-container\">\n\t\t\t\t\t\t\t\t\t\t\t\t\t\t\t<img fetchpriority=\"high\" decoding=\"async\" width=\"800\" height=\"532\" src=\"https:\/\/kendov-dvorec.com\/wp-content\/uploads\/2025\/09\/Kendov_dvorec_kamst.jpg\" class=\"attachment-large size-large wp-image-24304\" alt=\"\" srcset=\"https:\/\/kendov-dvorec.com\/wp-content\/uploads\/2025\/09\/Kendov_dvorec_kamst.jpg 900w, https:\/\/kendov-dvorec.com\/wp-content\/uploads\/2025\/09\/Kendov_dvorec_kamst-300x200.jpg 300w, https:\/\/kendov-dvorec.com\/wp-content\/uploads\/2025\/09\/Kendov_dvorec_kamst-768x511.jpg 768w\" sizes=\"(max-width: 800px) 100vw, 800px\" \/>\t\t\t\t\t\t\t\t\t\t\t\t\t\t\t<\/div>\n\t\t\t\t<\/div>\n\t\t\t\t<div class=\"elementor-element elementor-element-acdf00c elementor-widget elementor-widget-heading\" data-id=\"acdf00c\" data-element_type=\"widget\" data-e-type=\"widget\" data-widget_type=\"heading.default\">\n\t\t\t\t<div class=\"elementor-widget-container\">\n\t\t\t\t\t<h3 class=\"elementor-heading-title elementor-size-default\">Die sog. Idrijaer \u00bbKam\u0161t\u00ab, eine Bergwerkspumpe mit dem gr\u00f6\u00dften Holzwasserrad in Europa.<\/h3>\t\t\t\t<\/div>\n\t\t\t\t<\/div>\n\t\t\t\t<\/div>\n\t\t\t\t\t<\/div>\n\t\t\t\t<\/div>\n\t\t<div class=\"elementor-element elementor-element-8fb0eac e-flex e-con-boxed e-con e-parent\" data-id=\"8fb0eac\" data-element_type=\"container\" data-e-type=\"container\" data-settings=\"{&quot;background_background&quot;:&quot;classic&quot;}\">\n\t\t\t\t\t<div class=\"e-con-inner\">\n\t\t\t\t<div class=\"elementor-element elementor-element-4f60b70 elementor-widget elementor-widget-heading\" data-id=\"4f60b70\" data-element_type=\"widget\" data-e-type=\"widget\" data-widget_type=\"heading.default\">\n\t\t\t\t<div class=\"elementor-widget-container\">\n\t\t\t\t\t<h2 class=\"elementor-heading-title elementor-size-default\">Sehen Sie sich das Erbe des Bergwerks von Idrija an<\/h2>\t\t\t\t<\/div>\n\t\t\t\t<\/div>\n\t\t<div class=\"elementor-element elementor-element-ddd0e23 e-con-full e-flex e-con e-child\" data-id=\"ddd0e23\" data-element_type=\"container\" data-e-type=\"container\">\n\t\t<div class=\"elementor-element elementor-element-52b4658 e-con-full e-flex e-con e-child\" data-id=\"52b4658\" data-element_type=\"container\" data-e-type=\"container\">\n\t\t\t\t<div class=\"elementor-element elementor-element-6d9cedc elementor-widget elementor-widget-image\" data-id=\"6d9cedc\" data-element_type=\"widget\" data-e-type=\"widget\" data-widget_type=\"image.default\">\n\t\t\t\t<div class=\"elementor-widget-container\">\n\t\t\t\t\t\t\t\t\t\t\t\t\t\t\t<img decoding=\"async\" width=\"800\" height=\"453\" src=\"https:\/\/kendov-dvorec.com\/wp-content\/uploads\/2025\/09\/Kendov_dvorec-UNESCO.jpg\" class=\"attachment-large size-large wp-image-24328\" alt=\"\" srcset=\"https:\/\/kendov-dvorec.com\/wp-content\/uploads\/2025\/09\/Kendov_dvorec-UNESCO.jpg 900w, https:\/\/kendov-dvorec.com\/wp-content\/uploads\/2025\/09\/Kendov_dvorec-UNESCO-300x170.jpg 300w, https:\/\/kendov-dvorec.com\/wp-content\/uploads\/2025\/09\/Kendov_dvorec-UNESCO-768x435.jpg 768w\" sizes=\"(max-width: 800px) 100vw, 800px\" \/>\t\t\t\t\t\t\t\t\t\t\t\t\t\t\t<\/div>\n\t\t\t\t<\/div>\n\t\t\t\t<div class=\"elementor-element elementor-element-5f44acc elementor-widget elementor-widget-text-editor\" data-id=\"5f44acc\" data-element_type=\"widget\" data-e-type=\"widget\" data-widget_type=\"text-editor.default\">\n\t\t\t\t<div class=\"elementor-widget-container\">\n\t\t\t\t\t\t\t\t\t<p><strong>ANTONIUS-STOLLEN<\/strong><br>Gehen Sie durch den \u00e4ltesten erhaltenen Eingang ins Bergwerk aus dem Jahre 1500 in die unterirdischen Stollen und erfahren Sie die Last des Alltags zahlreicher M\u00e4nner, die tief unter der Oberfl\u00e4che Jahrhunderte lang dem Broterwerb f\u00fcr ihre Familien nachgingen. <\/p>\t\t\t\t\t\t\t\t<\/div>\n\t\t\t\t<\/div>\n\t\t\t\t<\/div>\n\t\t<div class=\"elementor-element elementor-element-7284448 e-con-full e-flex e-con e-child\" data-id=\"7284448\" data-element_type=\"container\" data-e-type=\"container\">\n\t\t\t\t<div class=\"elementor-element elementor-element-5664fef elementor-widget elementor-widget-image\" data-id=\"5664fef\" data-element_type=\"widget\" data-e-type=\"widget\" data-widget_type=\"image.default\">\n\t\t\t\t<div class=\"elementor-widget-container\">\n\t\t\t\t\t\t\t\t\t\t\t\t\t\t\t<img decoding=\"async\" width=\"565\" height=\"320\" src=\"https:\/\/kendov-dvorec.com\/wp-content\/uploads\/2025\/09\/Kendov_dvorec_Gewerkenegg_castle_Idrija.jpg\" class=\"attachment-large size-large wp-image-24323\" alt=\"\" srcset=\"https:\/\/kendov-dvorec.com\/wp-content\/uploads\/2025\/09\/Kendov_dvorec_Gewerkenegg_castle_Idrija.jpg 565w, https:\/\/kendov-dvorec.com\/wp-content\/uploads\/2025\/09\/Kendov_dvorec_Gewerkenegg_castle_Idrija-300x170.jpg 300w\" sizes=\"(max-width: 565px) 100vw, 565px\" \/>\t\t\t\t\t\t\t\t\t\t\t\t\t\t\t<\/div>\n\t\t\t\t<\/div>\n\t\t\t\t<div class=\"elementor-element elementor-element-dfe6eff elementor-widget elementor-widget-text-editor\" data-id=\"dfe6eff\" data-element_type=\"widget\" data-e-type=\"widget\" data-widget_type=\"text-editor.default\">\n\t\t\t\t<div class=\"elementor-widget-container\">\n\t\t\t\t\t\t\t\t\t<p><strong>STADTMUSEUM IDRIJA<\/strong><br>Im Bergwerkschloss von Idrija aus dem 16. Jahrhundert ist heute das Stadtmuseum Idrija beheimatet, das f\u00fcr die Erforschung, Erhaltung und Pr\u00e4sentation des Technik- und Kulturerbes des Quecksilberbergwerks und der Stadt Idrija sorgt. <\/p>\t\t\t\t\t\t\t\t<\/div>\n\t\t\t\t<\/div>\n\t\t\t\t<\/div>\n\t\t<div class=\"elementor-element elementor-element-a833724 e-con-full e-flex e-con e-child\" data-id=\"a833724\" data-element_type=\"container\" data-e-type=\"container\">\n\t\t\t\t<div class=\"elementor-element elementor-element-f77df50 elementor-widget elementor-widget-image\" data-id=\"f77df50\" data-element_type=\"widget\" data-e-type=\"widget\" data-widget_type=\"image.default\">\n\t\t\t\t<div class=\"elementor-widget-container\">\n\t\t\t\t\t\t\t\t\t\t\t\t\t\t\t<img loading=\"lazy\" decoding=\"async\" width=\"800\" height=\"453\" src=\"https:\/\/kendov-dvorec.com\/wp-content\/uploads\/2025\/09\/Kendov_dvorec_Topilnica_Hg.jpg\" class=\"attachment-large size-large wp-image-24315\" alt=\"\" srcset=\"https:\/\/kendov-dvorec.com\/wp-content\/uploads\/2025\/09\/Kendov_dvorec_Topilnica_Hg.jpg 900w, https:\/\/kendov-dvorec.com\/wp-content\/uploads\/2025\/09\/Kendov_dvorec_Topilnica_Hg-300x170.jpg 300w, https:\/\/kendov-dvorec.com\/wp-content\/uploads\/2025\/09\/Kendov_dvorec_Topilnica_Hg-768x435.jpg 768w\" sizes=\"(max-width: 800px) 100vw, 800px\" \/>\t\t\t\t\t\t\t\t\t\t\t\t\t\t\t<\/div>\n\t\t\t\t<\/div>\n\t\t\t\t<div class=\"elementor-element elementor-element-1432549 elementor-widget elementor-widget-text-editor\" data-id=\"1432549\" data-element_type=\"widget\" data-e-type=\"widget\" data-widget_type=\"text-editor.default\">\n\t\t\t\t<div class=\"elementor-widget-container\">\n\t\t\t\t\t\t\t\t\t<p><strong>Hg-SCHMELZH\u00dcTTE<\/strong><br>Besuchen Sie das neueste Museum von Idrija, das 2017 seine Pforten \u00f6ffnete. In der Ausstellung \u2018Vom Erz zum Quecksilbertropfen\u2019 werden Sie das einzigartige fl\u00fcssige Metall und das Verfahren der Quecksilbergewinnung kennenlernen. <\/p>\t\t\t\t\t\t\t\t<\/div>\n\t\t\t\t<\/div>\n\t\t\t\t<\/div>\n\t\t\t\t<\/div>\n\t\t\t\t\t<\/div>\n\t\t\t\t<\/div>\n\t\t\t\t<\/div>\n\t\t","protected":false},"excerpt":{"rendered":"<p>ERFAHRUNGEN Bergbauerbe Steigen Sie ein in die unterirdische Welt der Knappen von Idrija. Idrija, die \u00e4lteste slowenische Bergbaustadt, ist f\u00fcr das zweitgr\u00f6\u00dfte Quecksilberbergwerk der Welt bekannt. Das f\u00fcnfhundert Jahre alte Bergwerk steht heute zusammen mit dem spanischen Almad\u00e9n auf der Liste des Weltkulturerbes der UNESCO. Sie werden bei der Entdeckung des reichen Erbes des Bergbaus [&hellip;]<\/p>\n","protected":false},"author":1,"featured_media":1966,"parent":26714,"menu_order":8,"comment_status":"closed","ping_status":"closed","template":"elementor_header_footer","meta":{"footnotes":""},"class_list":["post-26758","page","type-page","status-publish","has-post-thumbnail","hentry"],"_links":{"self":[{"href":"https:\/\/kendov-dvorec.com\/de\/wp-json\/wp\/v2\/pages\/26758","targetHints":{"allow":["GET"]}}],"collection":[{"href":"https:\/\/kendov-dvorec.com\/de\/wp-json\/wp\/v2\/pages"}],"about":[{"href":"https:\/\/kendov-dvorec.com\/de\/wp-json\/wp\/v2\/types\/page"}],"author":[{"embeddable":true,"href":"https:\/\/kendov-dvorec.com\/de\/wp-json\/wp\/v2\/users\/1"}],"replies":[{"embeddable":true,"href":"https:\/\/kendov-dvorec.com\/de\/wp-json\/wp\/v2\/comments?post=26758"}],"version-history":[{"count":3,"href":"https:\/\/kendov-dvorec.com\/de\/wp-json\/wp\/v2\/pages\/26758\/revisions"}],"predecessor-version":[{"id":27780,"href":"https:\/\/kendov-dvorec.com\/de\/wp-json\/wp\/v2\/pages\/26758\/revisions\/27780"}],"up":[{"embeddable":true,"href":"https:\/\/kendov-dvorec.com\/de\/wp-json\/wp\/v2\/pages\/26714"}],"wp:featuredmedia":[{"embeddable":true,"href":"https:\/\/kendov-dvorec.com\/de\/wp-json\/wp\/v2\/media\/1966"}],"wp:attachment":[{"href":"https:\/\/kendov-dvorec.com\/de\/wp-json\/wp\/v2\/media?parent=26758"}],"curies":[{"name":"wp","href":"https:\/\/api.w.org\/{rel}","templated":true}]}}