{"id":26775,"date":"2017-09-14T17:19:46","date_gmt":"2017-09-14T16:19:46","guid":{"rendered":"https:\/\/kendov-dvorec.com\/erlebnisse\/ausflug-mit-dem-rad\/"},"modified":"2026-01-06T11:58:30","modified_gmt":"2026-01-06T11:58:30","slug":"ausflug-mit-dem-rad","status":"publish","type":"page","link":"https:\/\/kendov-dvorec.com\/de\/erlebnisse\/ausflug-mit-dem-rad\/","title":{"rendered":"Ausflug mit dem Rad"},"content":{"rendered":"\t\t<div data-elementor-type=\"wp-page\" data-elementor-id=\"26775\" class=\"elementor elementor-26775 elementor-5830\" data-elementor-post-type=\"page\">\n\t\t\t\t<div class=\"elementor-element elementor-element-6a949ee e-flex e-con-boxed e-con e-parent\" data-id=\"6a949ee\" data-element_type=\"container\" data-e-type=\"container\" data-settings=\"{&quot;background_background&quot;:&quot;classic&quot;}\">\n\t\t\t\t\t<div class=\"e-con-inner\">\n\t\t\t\t\t<\/div>\n\t\t\t\t<\/div>\n\t\t<div class=\"elementor-element elementor-element-c32ceea e-flex e-con-boxed e-con e-parent\" data-id=\"c32ceea\" data-element_type=\"container\" data-e-type=\"container\">\n\t\t\t\t\t<div class=\"e-con-inner\">\n\t\t<div class=\"elementor-element elementor-element-84a0a06 e-con-full e-flex e-con e-child\" data-id=\"84a0a06\" data-element_type=\"container\" data-e-type=\"container\">\n\t\t\t\t<div class=\"elementor-element elementor-element-3ebbe6f elementor-widget elementor-widget-heading\" data-id=\"3ebbe6f\" data-element_type=\"widget\" data-e-type=\"widget\" data-widget_type=\"heading.default\">\n\t\t\t\t<div class=\"elementor-widget-container\">\n\t\t\t\t\t<h1 class=\"elementor-heading-title elementor-size-default\">ERLEBNISSE<\/h1>\t\t\t\t<\/div>\n\t\t\t\t<\/div>\n\t\t\t\t<div class=\"elementor-element elementor-element-1a9e8f4 elementor-widget elementor-widget-heading\" data-id=\"1a9e8f4\" data-element_type=\"widget\" data-e-type=\"widget\" data-widget_type=\"heading.default\">\n\t\t\t\t<div class=\"elementor-widget-container\">\n\t\t\t\t\t<h1 class=\"elementor-heading-title elementor-size-default\">AUSFLUG MIT DEM RAD<\/h1>\t\t\t\t<\/div>\n\t\t\t\t<\/div>\n\t\t\t\t<div class=\"elementor-element elementor-element-6a961c9 elementor-widget elementor-widget-heading\" data-id=\"6a961c9\" data-element_type=\"widget\" data-e-type=\"widget\" data-widget_type=\"heading.default\">\n\t\t\t\t<div class=\"elementor-widget-container\">\n\t\t\t\t\t<h2 class=\"elementor-heading-title elementor-size-default\">Machen Sie sich auf den Weg, neuen Abenteuern entgegen!<\/h2>\t\t\t\t<\/div>\n\t\t\t\t<\/div>\n\t\t\t\t<div class=\"elementor-element elementor-element-ff91eb1 elementor-widget elementor-widget-text-editor\" data-id=\"ff91eb1\" data-element_type=\"widget\" data-e-type=\"widget\" data-widget_type=\"text-editor.default\">\n\t\t\t\t<div class=\"elementor-widget-container\">\n\t\t\t\t\t\t\t\t\t<p>Verbringen Sie einen Tag an der frischen Luft, bei der Erkundung der wundervollen Landschaft, von historischen und kulturellen Sehensw\u00fcrdigkeiten. Im Kendov Dvorec bieten Ihnen wir die M\u00f6glichkeit, ein E-Bike zu mieten, mit dem Sie auch die steileren Wege auf den umliegenden H\u00fcgeln leicht bew\u00e4ltigen werden. <\/p><p>Im Mietpreis f\u00fcr das E-Bike von <strong>45\u20ac\/Person\/Tag<\/strong> ist der Verleih des E-Bikes samt Schutzausr\u00fcstung inbegriffen. Wir werden die E-Bike-Buchung vor Ihrer Ankunft best\u00e4tigen.   <\/p>\t\t\t\t\t\t\t\t<\/div>\n\t\t\t\t<\/div>\n\t\t\t\t<\/div>\n\t\t<div class=\"elementor-element elementor-element-5517574 e-con-full e-flex e-con e-child\" data-id=\"5517574\" data-element_type=\"container\" data-e-type=\"container\">\n\t\t\t\t<div class=\"elementor-element elementor-element-ec2b6cb elementor-widget elementor-widget-image\" data-id=\"ec2b6cb\" data-element_type=\"widget\" data-e-type=\"widget\" data-widget_type=\"image.default\">\n\t\t\t\t<div class=\"elementor-widget-container\">\n\t\t\t\t\t\t\t\t\t\t\t\t\t\t\t<img fetchpriority=\"high\" decoding=\"async\" width=\"800\" height=\"534\" src=\"https:\/\/kendov-dvorec.com\/wp-content\/uploads\/2025\/09\/kolo-scott2.jpeg\" class=\"attachment-large size-large wp-image-24353\" alt=\"\" srcset=\"https:\/\/kendov-dvorec.com\/wp-content\/uploads\/2025\/09\/kolo-scott2.jpeg 1024w, https:\/\/kendov-dvorec.com\/wp-content\/uploads\/2025\/09\/kolo-scott2-300x200.jpeg 300w, https:\/\/kendov-dvorec.com\/wp-content\/uploads\/2025\/09\/kolo-scott2-768x512.jpeg 768w\" sizes=\"(max-width: 800px) 100vw, 800px\" \/>\t\t\t\t\t\t\t\t\t\t\t\t\t\t\t<\/div>\n\t\t\t\t<\/div>\n\t\t\t\t<\/div>\n\t\t\t\t\t<\/div>\n\t\t\t\t<\/div>\n\t\t<div class=\"elementor-element elementor-element-f734a30 e-flex e-con-boxed e-con e-parent\" data-id=\"f734a30\" data-element_type=\"container\" data-e-type=\"container\" data-settings=\"{&quot;background_background&quot;:&quot;classic&quot;}\">\n\t\t\t\t\t<div class=\"e-con-inner\">\n\t\t\t\t<div class=\"elementor-element elementor-element-8d948ea elementor-widget elementor-widget-heading\" data-id=\"8d948ea\" data-element_type=\"widget\" data-e-type=\"widget\" data-widget_type=\"heading.default\">\n\t\t\t\t<div class=\"elementor-widget-container\">\n\t\t\t\t\t<h2 class=\"elementor-heading-title elementor-size-default\">Beste Orte zu besuchen<\/h2>\t\t\t\t<\/div>\n\t\t\t\t<\/div>\n\t\t<div class=\"elementor-element elementor-element-132560d e-con-full e-flex e-con e-child\" data-id=\"132560d\" data-element_type=\"container\" data-e-type=\"container\">\n\t\t<div class=\"elementor-element elementor-element-3af7c54 e-con-full e-flex e-con e-child\" data-id=\"3af7c54\" data-element_type=\"container\" data-e-type=\"container\">\n\t\t\t\t<div class=\"elementor-element elementor-element-7aae82a elementor-widget elementor-widget-image\" data-id=\"7aae82a\" data-element_type=\"widget\" data-e-type=\"widget\" data-widget_type=\"image.default\">\n\t\t\t\t<div class=\"elementor-widget-container\">\n\t\t\t\t\t\t\t\t\t\t\t\t\t\t\t<img decoding=\"async\" width=\"800\" height=\"453\" src=\"https:\/\/kendov-dvorec.com\/wp-content\/uploads\/2025\/09\/Kendov-dvorec-wild-lake.jpg\" class=\"attachment-large size-large wp-image-24374\" alt=\"\" srcset=\"https:\/\/kendov-dvorec.com\/wp-content\/uploads\/2025\/09\/Kendov-dvorec-wild-lake.jpg 900w, https:\/\/kendov-dvorec.com\/wp-content\/uploads\/2025\/09\/Kendov-dvorec-wild-lake-300x170.jpg 300w, https:\/\/kendov-dvorec.com\/wp-content\/uploads\/2025\/09\/Kendov-dvorec-wild-lake-768x435.jpg 768w\" sizes=\"(max-width: 800px) 100vw, 800px\" \/>\t\t\t\t\t\t\t\t\t\t\t\t\t\t\t<\/div>\n\t\t\t\t<\/div>\n\t\t\t\t<div class=\"elementor-element elementor-element-d44f572 elementor-widget elementor-widget-text-editor\" data-id=\"d44f572\" data-element_type=\"widget\" data-e-type=\"widget\" data-widget_type=\"text-editor.default\">\n\t\t\t\t<div class=\"elementor-widget-container\">\n\t\t\t\t\t\t\t\t\t<p><strong>BRAUCHEN SIE EINE ERFRISCHUNG?<\/strong><br>Besuchen Sie das beliebte Naturbad in Idrijska Bela. Wegen der niedrigen Wassertemperatur werden Sie zum Schwimmen auch im Sommer etwas Mut brauchen, doch die Natur, die den Zusammenfluss der Idrijca und der Belca umgibt, wird Sie mit ihrer Sch\u00f6nheit sicherlich einnehmen. Unterwegs sollten Sie den pittoresken kleinen See Divje jezero (im Foto) nicht verpassen.  <\/p><p><em>Kendov Dvorec \u2013 Divje jezero \u2013 Naturbad in Idrijska Bela \u2013 Kendov Dvorec<br><\/em><\/p><p><em>L\u00e4nge: <strong>26 km<\/strong><\/em><br><em>H\u00f6henunterschied: <strong>106 m<\/strong><\/em> <\/p>\t\t\t\t\t\t\t\t<\/div>\n\t\t\t\t<\/div>\n\t\t\t\t<\/div>\n\t\t<div class=\"elementor-element elementor-element-4e5b19c e-con-full e-flex e-con e-child\" data-id=\"4e5b19c\" data-element_type=\"container\" data-e-type=\"container\">\n\t\t\t\t<div class=\"elementor-element elementor-element-18b0f70 elementor-widget elementor-widget-image\" data-id=\"18b0f70\" data-element_type=\"widget\" data-e-type=\"widget\" data-widget_type=\"image.default\">\n\t\t\t\t<div class=\"elementor-widget-container\">\n\t\t\t\t\t\t\t\t\t\t\t\t\t\t\t<img decoding=\"async\" width=\"800\" height=\"453\" src=\"https:\/\/kendov-dvorec.com\/wp-content\/uploads\/2025\/09\/Kendov-Dvorec_sturmajce.jpg\" class=\"attachment-large size-large wp-image-24369\" alt=\"\" srcset=\"https:\/\/kendov-dvorec.com\/wp-content\/uploads\/2025\/09\/Kendov-Dvorec_sturmajce.jpg 900w, https:\/\/kendov-dvorec.com\/wp-content\/uploads\/2025\/09\/Kendov-Dvorec_sturmajce-300x170.jpg 300w, https:\/\/kendov-dvorec.com\/wp-content\/uploads\/2025\/09\/Kendov-Dvorec_sturmajce-768x435.jpg 768w\" sizes=\"(max-width: 800px) 100vw, 800px\" \/>\t\t\t\t\t\t\t\t\t\t\t\t\t\t\t<\/div>\n\t\t\t\t<\/div>\n\t\t\t\t<div class=\"elementor-element elementor-element-fcfb595 elementor-widget elementor-widget-text-editor\" data-id=\"fcfb595\" data-element_type=\"widget\" data-e-type=\"widget\" data-widget_type=\"text-editor.default\">\n\t\t\t\t<div class=\"elementor-widget-container\">\n\t\t\t\t\t\t\t\t\t<p><strong>WEGEN DER AUSSICHT AUF DEN OBLAKOV VRH<\/strong><br>Begeben Sie sich auf den Weg zu den Kanomlja-Klausen, Wassersperren, gebaut in der Zeit der Napoleonischen Illyrischen Provinzen, wovon eine Steinplatte mit eingemei\u00dfelter Inschrift zeugt. Kehren Sie ins Tal der Kanomlja zur\u00fcck und setzen Sie Ihren Weg bis zum Berg Oblakov vrh fort, der Sie bei klarem Wetter mit herrlichen Aussichten erfreuen wird. <\/p><p><em>Kendov Dvorec \u2013 Kanomlja-Klausen \u2013 Oblakov vrh \u2013 Kendov Dvorec<\/em><\/p><p><em>L\u00e4nge: <strong>35 km<\/strong><br>H\u00f6henunterschied: <strong>371 m<\/strong> <\/em><\/p>\t\t\t\t\t\t\t\t<\/div>\n\t\t\t\t<\/div>\n\t\t\t\t<\/div>\n\t\t<div class=\"elementor-element elementor-element-28fbcd9 e-con-full e-flex e-con e-child\" data-id=\"28fbcd9\" data-element_type=\"container\" data-e-type=\"container\">\n\t\t\t\t<div class=\"elementor-element elementor-element-16827b8 elementor-widget elementor-widget-image\" data-id=\"16827b8\" data-element_type=\"widget\" data-e-type=\"widget\" data-widget_type=\"image.default\">\n\t\t\t\t<div class=\"elementor-widget-container\">\n\t\t\t\t\t\t\t\t\t\t\t\t\t\t\t<img loading=\"lazy\" decoding=\"async\" width=\"800\" height=\"450\" src=\"https:\/\/kendov-dvorec.com\/wp-content\/uploads\/2025\/09\/Kendov-dvorec-idrijca.jpg\" class=\"attachment-large size-large wp-image-24364\" alt=\"\" srcset=\"https:\/\/kendov-dvorec.com\/wp-content\/uploads\/2025\/09\/Kendov-dvorec-idrijca.jpg 900w, https:\/\/kendov-dvorec.com\/wp-content\/uploads\/2025\/09\/Kendov-dvorec-idrijca-300x169.jpg 300w, https:\/\/kendov-dvorec.com\/wp-content\/uploads\/2025\/09\/Kendov-dvorec-idrijca-768x432.jpg 768w\" sizes=\"(max-width: 800px) 100vw, 800px\" \/>\t\t\t\t\t\t\t\t\t\t\t\t\t\t\t<\/div>\n\t\t\t\t<\/div>\n\t\t\t\t<div class=\"elementor-element elementor-element-feeb3b8 elementor-widget elementor-widget-text-editor\" data-id=\"feeb3b8\" data-element_type=\"widget\" data-e-type=\"widget\" data-widget_type=\"text-editor.default\">\n\t\t\t\t<div class=\"elementor-widget-container\">\n\t\t\t\t\t\t\t\t\t<p><strong>INS HERZ DES LANDSCHAFTSPARKS<\/strong><br>Begeben Sie sich mit dem Rad auf eine der sch\u00f6nsten Touren in der Region von Idrija. Folgen Sie dem Oberlauf der Idrijca, steigen Sie hoch \u00fcber Krekov\u0161e, fahrenSie dann an der Jagdh\u00fctte vorbei und anschlie\u00dfend hinab ins Tal der Belca, wo Sie mit dem Ausblick auf die Putrih\u2019schen und Brus\u2019schen Klausen, m\u00e4chtige Wassersperren, die einst der Holztrift dienten, belohnt werden. <\/p><p><em>Kendov Dvorec \u2013 Divje jezero \u2013 Idrijska Bela \u2013 Krekov\u0161e \u2013 Putrih-Klausen\u2013 Brus-Klausen\u2013 Kendov Dvorec<\/em><\/p><p><em>L\u00e4nge: <strong>41 km<\/strong><br>H\u00f6henunterschied: <strong>376 m<\/strong> <\/em><\/p>\t\t\t\t\t\t\t\t<\/div>\n\t\t\t\t<\/div>\n\t\t\t\t<\/div>\n\t\t\t\t<\/div>\n\t\t\t\t\t<\/div>\n\t\t\t\t<\/div>\n\t\t<div class=\"elementor-element elementor-element-916605a e-flex e-con-boxed e-con e-parent\" data-id=\"916605a\" data-element_type=\"container\" data-e-type=\"container\">\n\t\t\t\t\t<div class=\"e-con-inner\">\n\t\t<div class=\"elementor-element elementor-element-34e4026 e-con-full e-flex e-con e-child\" data-id=\"34e4026\" data-element_type=\"container\" data-e-type=\"container\">\n\t\t\t\t<div class=\"elementor-element elementor-element-6ad4819 elementor-widget elementor-widget-heading\" data-id=\"6ad4819\" data-element_type=\"widget\" data-e-type=\"widget\" data-widget_type=\"heading.default\">\n\t\t\t\t<div class=\"elementor-widget-container\">\n\t\t\t\t\t<h1 class=\"elementor-heading-title elementor-size-default\">EIN TAG IN DER NATUR<\/h1>\t\t\t\t<\/div>\n\t\t\t\t<\/div>\n\t\t\t\t<div class=\"elementor-element elementor-element-36bd14d elementor-widget elementor-widget-heading\" data-id=\"36bd14d\" data-element_type=\"widget\" data-e-type=\"widget\" data-widget_type=\"heading.default\">\n\t\t\t\t<div class=\"elementor-widget-container\">\n\t\t\t\t\t<h1 class=\"elementor-heading-title elementor-size-default\">LANDSCHAFTSPARK ZGORNJA IDRIJCA<\/h1>\t\t\t\t<\/div>\n\t\t\t\t<\/div>\n\t\t\t\t<div class=\"elementor-element elementor-element-2b82e8e elementor-widget elementor-widget-heading\" data-id=\"2b82e8e\" data-element_type=\"widget\" data-e-type=\"widget\" data-widget_type=\"heading.default\">\n\t\t\t\t<div class=\"elementor-widget-container\">\n\t\t\t\t\t<h2 class=\"elementor-heading-title elementor-size-default\">Auf dem malerischen Weg zu den Quellen wird die Sch\u00f6nheit der Natur Sie hinrei\u00dfen.<\/h2>\t\t\t\t<\/div>\n\t\t\t\t<\/div>\n\t\t\t\t<div class=\"elementor-element elementor-element-664e6ef elementor-widget elementor-widget-text-editor\" data-id=\"664e6ef\" data-element_type=\"widget\" data-e-type=\"widget\" data-widget_type=\"text-editor.default\">\n\t\t\t\t<div class=\"elementor-widget-container\">\n\t\t\t\t\t\t\t\t\t<p>Besuchen Sie den einzigartigen See <strong>Divje jezero<\/strong>, verborgen zwischen senkrechten Felsw\u00e4nden. Seine smaragdgr\u00fcne Oberfl\u00e4che ist normalerweise ruhig, doch bei mehrt\u00e4gigen Regenf\u00e4llen str\u00f6men aus der unterirdischen Karstquelle gro\u00dfe Wassermengen heraus, wodurch der See seinen Namen \u201cdivje\u201d (wild) bekam. <\/p><p>Im See leben <strong>Forellen<\/strong>, und im H\u00f6hlenteil sogar der ber\u00fchmte <strong>Grottenolm <\/strong>(Proteus anguinus). Die Umgebung des Sees ist f\u00fcr eine au\u00dferordentliche Vielfalt von Pflanzenarten bekannt. Darunter gibt es etliche Endemiten, von denen die Krainer Primel (Primula carniolica) die besonderste ist. Aus dem Divje jezero flie\u00dft die <strong>Jezernica<\/strong>, der k\u00fcrzeste slowenische Fluss, der nur 50 Meter lang ist.   <\/p><p>Die Stra\u00dfe am Divje Jezero vorbei, f\u00fchrt Sie mitten ins Herz des Landschaftsparks, wo Sie die Sch\u00f6nheit der Gumpen der Fl\u00fcsse <strong>Idrijca<\/strong> und <strong>Belca <\/strong>bewundern k\u00f6nnen. Im Sommer sind sie ein beliebter Ort zur Erfrischung.<\/p><p>An der M\u00fcndung der Fl\u00fcsse k\u00f6nnen Sie Ihren Weg links, entlang der Belca, oder rechts, entlang der Idrijca, zu den ber\u00fchmten Wassersperren, den <strong>Klausen<\/strong>, fortsetzen.<\/p><p>Von der geologischen Vielfalt des Landschaftsparks Zgornja Idrijca zeugen zahlreiche umfangreiche <strong>Fossilien-Fundst\u00e4tten.<\/strong><br> <\/p>\t\t\t\t\t\t\t\t<\/div>\n\t\t\t\t<\/div>\n\t\t\t\t<\/div>\n\t\t<div class=\"elementor-element elementor-element-be85397 e-con-full e-flex e-con e-child\" data-id=\"be85397\" data-element_type=\"container\" data-e-type=\"container\">\n\t\t\t\t<div class=\"elementor-element elementor-element-e14dcd6 elementor-widget elementor-widget-image\" data-id=\"e14dcd6\" data-element_type=\"widget\" data-e-type=\"widget\" data-widget_type=\"image.default\">\n\t\t\t\t<div class=\"elementor-widget-container\">\n\t\t\t\t\t\t\t\t\t\t\t\t\t\t\t<img loading=\"lazy\" decoding=\"async\" width=\"686\" height=\"1024\" src=\"https:\/\/kendov-dvorec.com\/wp-content\/uploads\/2025\/09\/kendov-dvorec-klavze-686x1024.jpg\" class=\"attachment-large size-large wp-image-24385\" alt=\"\" srcset=\"https:\/\/kendov-dvorec.com\/wp-content\/uploads\/2025\/09\/kendov-dvorec-klavze-686x1024.jpg 686w, https:\/\/kendov-dvorec.com\/wp-content\/uploads\/2025\/09\/kendov-dvorec-klavze-201x300.jpg 201w, https:\/\/kendov-dvorec.com\/wp-content\/uploads\/2025\/09\/kendov-dvorec-klavze-768x1147.jpg 768w, https:\/\/kendov-dvorec.com\/wp-content\/uploads\/2025\/09\/kendov-dvorec-klavze.jpg 900w\" sizes=\"(max-width: 686px) 100vw, 686px\" \/>\t\t\t\t\t\t\t\t\t\t\t\t\t\t\t<\/div>\n\t\t\t\t<\/div>\n\t\t\t\t<\/div>\n\t\t\t\t\t<\/div>\n\t\t\t\t<\/div>\n\t\t<div class=\"elementor-element elementor-element-388e647 e-flex e-con-boxed e-con e-parent\" data-id=\"388e647\" data-element_type=\"container\" data-e-type=\"container\" data-settings=\"{&quot;background_background&quot;:&quot;classic&quot;}\">\n\t\t\t\t\t<div class=\"e-con-inner\">\n\t\t<div class=\"elementor-element elementor-element-2047a05 e-con-full e-flex e-con e-child\" data-id=\"2047a05\" data-element_type=\"container\" data-e-type=\"container\">\n\t\t\t\t<div class=\"elementor-element elementor-element-215d22a elementor-widget elementor-widget-image\" data-id=\"215d22a\" data-element_type=\"widget\" data-e-type=\"widget\" data-widget_type=\"image.default\">\n\t\t\t\t<div class=\"elementor-widget-container\">\n\t\t\t\t\t\t\t\t\t\t\t\t\t\t\t<img loading=\"lazy\" decoding=\"async\" width=\"800\" height=\"800\" src=\"https:\/\/kendov-dvorec.com\/wp-content\/uploads\/2025\/09\/panorama.jpg\" class=\"attachment-large size-large wp-image-24418\" alt=\"\" srcset=\"https:\/\/kendov-dvorec.com\/wp-content\/uploads\/2025\/09\/panorama.jpg 960w, https:\/\/kendov-dvorec.com\/wp-content\/uploads\/2025\/09\/panorama-300x300.jpg 300w, https:\/\/kendov-dvorec.com\/wp-content\/uploads\/2025\/09\/panorama-150x150.jpg 150w, https:\/\/kendov-dvorec.com\/wp-content\/uploads\/2025\/09\/panorama-768x768.jpg 768w\" sizes=\"(max-width: 800px) 100vw, 800px\" \/>\t\t\t\t\t\t\t\t\t\t\t\t\t\t\t<\/div>\n\t\t\t\t<\/div>\n\t\t\t\t<\/div>\n\t\t<div class=\"elementor-element elementor-element-a485021 e-con-full e-flex e-con e-child\" data-id=\"a485021\" data-element_type=\"container\" data-e-type=\"container\">\n\t\t\t\t<div class=\"elementor-element elementor-element-a742389 elementor-widget elementor-widget-heading\" data-id=\"a742389\" data-element_type=\"widget\" data-e-type=\"widget\" data-widget_type=\"heading.default\">\n\t\t\t\t<div class=\"elementor-widget-container\">\n\t\t\t\t\t<h1 class=\"elementor-heading-title elementor-size-default\">AUSFLUG AUF DEM PLATEAU<\/h1>\t\t\t\t<\/div>\n\t\t\t\t<\/div>\n\t\t\t\t<div class=\"elementor-element elementor-element-6b5b11a elementor-widget elementor-widget-heading\" data-id=\"6b5b11a\" data-element_type=\"widget\" data-e-type=\"widget\" data-widget_type=\"heading.default\">\n\t\t\t\t<div class=\"elementor-widget-container\">\n\t\t\t\t\t<h1 class=\"elementor-heading-title elementor-size-default\">IDRIJSKE KRNICE<\/h1>\t\t\t\t<\/div>\n\t\t\t\t<\/div>\n\t\t\t\t<div class=\"elementor-element elementor-element-5cc7a12 elementor-widget elementor-widget-heading\" data-id=\"5cc7a12\" data-element_type=\"widget\" data-e-type=\"widget\" data-widget_type=\"heading.default\">\n\t\t\t\t<div class=\"elementor-widget-container\">\n\t\t\t\t\t<h2 class=\"elementor-heading-title elementor-size-default\">Begeben Sie sich in ein Bergdorf auf dem Plateau \u00fcber dem Kanomljica-Tal.<\/h2>\t\t\t\t<\/div>\n\t\t\t\t<\/div>\n\t\t\t\t<div class=\"elementor-element elementor-element-56b99ac elementor-widget elementor-widget-text-editor\" data-id=\"56b99ac\" data-element_type=\"widget\" data-e-type=\"widget\" data-widget_type=\"text-editor.default\">\n\t\t\t\t<div class=\"elementor-widget-container\">\n\t\t\t\t\t\t\t\t\t<p>Die ersten Kilometer aus dem Kanomlja-Tal nach Idrijske Krnice werden zwar ziemlich steil sein, denn es sind \u00fcber siebenhundert Meter H\u00f6henunterschied zu bew\u00e4ltigen, doch die Sch\u00f6nheit des Plateaus, die weiche H\u00fcgellandschaft, der Ausblick zum 1107 m hohen <strong>Jelenk<\/strong> und pr\u00e4chtige Sonnenunterg\u00e4nge werden die M\u00fche belohnen.<\/p><p>Auf den Bauernh\u00f6fen im pittoresken D\u00f6rflein entstehen <strong>hervorragende K\u00e4se und Milchprodukte<\/strong> aus Kuhmilch und \u00f6kologisch angebaute Kr\u00e4uter f\u00fcr <strong>Kr\u00e4utertees<\/strong>, die Sie nach vorheriger Absprache auch kosten k\u00f6nnen. Das kleine Dorf mit etwa 140 Einwohnern ist auch f\u00fcr die langj\u00e4hrige Tradition der <strong>Holzkohlegewinnung <\/strong>bekannt. <\/p><p><em>Kendov Dvorec \u2013 Idrijske Krnice \u2013 Kendov Dvorec<\/em><\/p><p><em>L\u00e4nge: <strong>24 km<\/strong><br>H\u00f6henunterschied: <strong>715 m<\/strong> <\/em><\/p>\t\t\t\t\t\t\t\t<\/div>\n\t\t\t\t<\/div>\n\t\t\t\t<\/div>\n\t\t\t\t\t<\/div>\n\t\t\t\t<\/div>\n\t\t\t\t<\/div>\n\t\t","protected":false},"excerpt":{"rendered":"<p>ERLEBNISSE AUSFLUG MIT DEM RAD Machen Sie sich auf den Weg, neuen Abenteuern entgegen! Verbringen Sie einen Tag an der frischen Luft, bei der Erkundung der wundervollen Landschaft, von historischen und kulturellen Sehensw\u00fcrdigkeiten. Im Kendov Dvorec bieten Ihnen wir die M\u00f6glichkeit, ein E-Bike zu mieten, mit dem Sie auch die steileren Wege auf den umliegenden [&hellip;]<\/p>\n","protected":false},"author":1,"featured_media":971,"parent":26714,"menu_order":9,"comment_status":"closed","ping_status":"closed","template":"elementor_header_footer","meta":{"footnotes":""},"class_list":["post-26775","page","type-page","status-publish","has-post-thumbnail","hentry"],"_links":{"self":[{"href":"https:\/\/kendov-dvorec.com\/de\/wp-json\/wp\/v2\/pages\/26775","targetHints":{"allow":["GET"]}}],"collection":[{"href":"https:\/\/kendov-dvorec.com\/de\/wp-json\/wp\/v2\/pages"}],"about":[{"href":"https:\/\/kendov-dvorec.com\/de\/wp-json\/wp\/v2\/types\/page"}],"author":[{"embeddable":true,"href":"https:\/\/kendov-dvorec.com\/de\/wp-json\/wp\/v2\/users\/1"}],"replies":[{"embeddable":true,"href":"https:\/\/kendov-dvorec.com\/de\/wp-json\/wp\/v2\/comments?post=26775"}],"version-history":[{"count":2,"href":"https:\/\/kendov-dvorec.com\/de\/wp-json\/wp\/v2\/pages\/26775\/revisions"}],"predecessor-version":[{"id":26777,"href":"https:\/\/kendov-dvorec.com\/de\/wp-json\/wp\/v2\/pages\/26775\/revisions\/26777"}],"up":[{"embeddable":true,"href":"https:\/\/kendov-dvorec.com\/de\/wp-json\/wp\/v2\/pages\/26714"}],"wp:featuredmedia":[{"embeddable":true,"href":"https:\/\/kendov-dvorec.com\/de\/wp-json\/wp\/v2\/media\/971"}],"wp:attachment":[{"href":"https:\/\/kendov-dvorec.com\/de\/wp-json\/wp\/v2\/media?parent=26775"}],"curies":[{"name":"wp","href":"https:\/\/api.w.org\/{rel}","templated":true}]}}