{"id":26827,"date":"2017-10-17T16:48:07","date_gmt":"2017-10-17T15:48:07","guid":{"rendered":"https:\/\/kendov-dvorec.com\/hinweis-zu-cookies\/"},"modified":"2026-04-07T08:21:07","modified_gmt":"2026-04-07T07:21:07","slug":"hinweis-zu-cookies","status":"publish","type":"page","link":"https:\/\/kendov-dvorec.com\/de\/hinweis-zu-cookies\/","title":{"rendered":"Hinweis zu Cookies"},"content":{"rendered":"\t\t<div data-elementor-type=\"wp-page\" data-elementor-id=\"26827\" class=\"elementor elementor-26827 elementor-5847\" data-elementor-post-type=\"page\">\n\t\t\t\t<div class=\"elementor-element elementor-element-6bb2fa2 e-flex e-con-boxed e-con e-parent\" data-id=\"6bb2fa2\" data-element_type=\"container\" data-e-type=\"container\">\n\t\t\t\t\t<div class=\"e-con-inner\">\n\t\t\t\t<div class=\"elementor-element elementor-element-0eaf6bb elementor-widget elementor-widget-heading\" data-id=\"0eaf6bb\" data-element_type=\"widget\" data-e-type=\"widget\" data-widget_type=\"heading.default\">\n\t\t\t\t<div class=\"elementor-widget-container\">\n\t\t\t\t\t<h1 class=\"elementor-heading-title elementor-size-default\">\u00dcber Cookies<\/h1>\t\t\t\t<\/div>\n\t\t\t\t<\/div>\n\t\t\t\t<div class=\"elementor-element elementor-element-682af6f elementor-widget elementor-widget-text-editor\" data-id=\"682af6f\" data-element_type=\"widget\" data-e-type=\"widget\" data-widget_type=\"text-editor.default\">\n\t\t\t\t<div class=\"elementor-widget-container\">\n\t\t\t\t\t\t\t\t\t<p>Die Website www.kendov-dvorec.com verwendet zum Funktionieren der Seite Cookies, die keine personenbezogenen Daten speichern, doch Ihre Aktivit\u00e4ten und Interessen f\u00fcr eine bessere Nutzererfahrung verfolgen. Mit der Nutzung der Website erkl\u00e4ren die Besucher sich mit ihrer Verwendung einverstanden. <\/p><p>Cookies sind nichts Neues, alle Besucher von Websites haben auf unseren Computern, Tablets, Handys schon viele Cookies verschiedener Websites gespeichert. Neu ist blo\u00df, dass es mit der neuen Gesetzgebung zu \u00c4nderungen in Bezug auf die Information bzw. Einverst\u00e4ndnis der Besucher mit ihrer Verwendung gekommen ist.   <\/p>\t\t\t\t\t\t\t\t<\/div>\n\t\t\t\t<\/div>\n\t\t\t\t<div class=\"elementor-element elementor-element-eb8f6f3 elementor-widget elementor-widget-heading\" data-id=\"eb8f6f3\" data-element_type=\"widget\" data-e-type=\"widget\" data-widget_type=\"heading.default\">\n\t\t\t\t<div class=\"elementor-widget-container\">\n\t\t\t\t\t<h3 class=\"elementor-heading-title elementor-size-default\">Was sind Cookies?<\/h3>\t\t\t\t<\/div>\n\t\t\t\t<\/div>\n\t\t\t\t<div class=\"elementor-element elementor-element-c7320a8 elementor-widget elementor-widget-text-editor\" data-id=\"c7320a8\" data-element_type=\"widget\" data-e-type=\"widget\" data-widget_type=\"text-editor.default\">\n\t\t\t\t<div class=\"elementor-widget-container\">\n\t\t\t\t\t\t\t\t\t<p>Es sind kleine Textdateien, die die meisten Websites in Ger\u00e4ten speichern, mit denen Nutzer sich mit dem Internet verbinden, um einzelne Ger\u00e4te zu erkennen, die von den Nutzern beim Zugang verwendet wurden. Ihr Speichern steht unter voller Kontrolle des Browsers, den der Nutzer hat \u2013 dieser kann das Speichern von Cookies nach Wunsch begrenzen oder verhindern. Cookies sind nicht sch\u00e4dlich und sind immer zeitlich begrenzt.   <\/p>\t\t\t\t\t\t\t\t<\/div>\n\t\t\t\t<\/div>\n\t\t\t\t<div class=\"elementor-element elementor-element-84adab5 elementor-widget elementor-widget-heading\" data-id=\"84adab5\" data-element_type=\"widget\" data-e-type=\"widget\" data-widget_type=\"heading.default\">\n\t\t\t\t<div class=\"elementor-widget-container\">\n\t\t\t\t\t<h3 class=\"elementor-heading-title elementor-size-default\">Wozu sind Cookies n\u00f6tig?<\/h3>\t\t\t\t<\/div>\n\t\t\t\t<\/div>\n\t\t\t\t<div class=\"elementor-element elementor-element-045c728 elementor-widget elementor-widget-text-editor\" data-id=\"045c728\" data-element_type=\"widget\" data-e-type=\"widget\" data-widget_type=\"text-editor.default\">\n\t\t\t\t<div class=\"elementor-widget-container\">\n\t\t\t\t\t\t\t\t\t<p>Sie sind von grundlegender Bedeutung f\u00fcr die Gew\u00e4hrleistung von nutzerfreundlichen Web-Services. Die Interaktion zwischen dem Webnutzer und der Website ist mithilfe von Cookies schneller und einfacher. Mit ihrer Hilfe merkt sich die Website die einzelnen Vorlieben und Erfahrungen des Einzelnen, dadurch wird Zeit gespart und das Browsen der Websites wird effizienter und freundlicher.  <\/p><p>Einige konkrete Beispiele f\u00fcr die Verwendung von Cookies:<\/p><ul><li>f\u00fcr eine bessere Nutzererfahrung der Webseite passen wir die Darstellung des Inhalts in Abh\u00e4ngigkeit von den vergangenen Besuchen an,<\/li><li>zur Speicherung der Wahl bei der Erstellung der engeren Auswahl der Ger\u00e4te und des Angebots sowie ihres Vergleichs,<\/li><li>in den Teilen der Websites, wo ein Einloggen n\u00f6tig ist, bleiben Sie eingeloggt,<\/li><li>zum Erkennen Ihres Ger\u00e4ts (Computer, Tablet, Handy), das die Anpassung der Darstellung des Inhalts an Ihr Ger\u00e4t erm\u00f6glicht,<\/li><li>zur Verfolgung des Besuchs, was die \u00dcberpr\u00fcfung der Effizienz der Darstellung der Inhalte und der Eignung der Werbung sowie die st\u00e4ndige Verbesserung der Webseiten erm\u00f6glicht,<\/li><li>sie sind f\u00fcr das Funktionieren bestimmter Leistungen unbedingt notwendig (z.B. Internetbanken, Webstores und sonstige Formen von E-Business).<\/li><\/ul><p>Wir verwenden f\u00fcr den Bedarf der Website:<\/p><p><b>Session-Cookie<\/b><br>F\u00fcr das Funktionieren des Systems zur Ordnung und Darstellung der Inhalte zwingend. Dieses Cookie sorgt f\u00fcr die richtige Annahme von E-Mails und Inhalten auf der Website. Das Cookie wird gel\u00f6scht, sobald der Nutzer die Website verl\u00e4sst.  <\/p><p><b>Cookies zum Speichern der Nutzereinstellungen<\/b><br>Wir verwenden Cookies zum Speichern der Nutzereinstellungen, wie z.B. das Cookie, das die Information \u00fcber das Annehmen oder Ablehnen von Cookies enth\u00e4lt. <\/p><p>Cookies von Google Analytics<br>__utma: Cookie-Dauer = 2 Jahre<br>__utmb: Cookie-Dauer = 30 Minuten<br>__utmc: Cookie-Dauer = beim Schlie\u00dfen des Browsers<br>__utmz: Cookie-Dauer = 6 Monate<\/p><p>Wir erfassen mithilfe dieser Cookies die Besucherstatistik. Diese Cookies enthalten keine personenbezogenen Informationen, sie dienen nur der Gew\u00e4hrleistung der Einzigartigkeit der Besuche.  <\/p>\t\t\t\t\t\t\t\t<\/div>\n\t\t\t\t<\/div>\n\t\t\t\t<div class=\"elementor-element elementor-element-a89ad45 elementor-widget elementor-widget-heading\" data-id=\"a89ad45\" data-element_type=\"widget\" data-e-type=\"widget\" data-widget_type=\"heading.default\">\n\t\t\t\t<div class=\"elementor-widget-container\">\n\t\t\t\t\t<h3 class=\"elementor-heading-title elementor-size-default\">Wie verwaltet man Cookies?<\/h3>\t\t\t\t<\/div>\n\t\t\t\t<\/div>\n\t\t\t\t<div class=\"elementor-element elementor-element-c458b0d elementor-widget elementor-widget-text-editor\" data-id=\"c458b0d\" data-element_type=\"widget\" data-e-type=\"widget\" data-widget_type=\"text-editor.default\">\n\t\t\t\t<div class=\"elementor-widget-container\">\n\t\t\t\t\t\t\t\t\t<p>Die meisten Webbrowser erm\u00f6glichen Ihnen, Ihre Cookies einzustellen. Sie k\u00f6nnen Cookies ablehnen oder akzeptieren mit der in den Browsern eingebauten Funktion. Wenn Sie die Cookies ablehnen, k\u00f6nnen Sie unsere Webseite auch weiterhin nutzen, doch werden bestimmte Unterseiten nicht funktionieren.  <\/p><p>Nachfolgend finden Sie Links zu den Anleitungen, wie Sie Cookies in Ihrem Browser ausschalten k\u00f6nnen.<\/p>\t\t\t\t\t\t\t\t<\/div>\n\t\t\t\t<\/div>\n\t\t\t\t<div class=\"elementor-element elementor-element-bc5aaef elementor-icon-list--layout-traditional elementor-list-item-link-full_width elementor-widget elementor-widget-icon-list\" data-id=\"bc5aaef\" data-element_type=\"widget\" data-e-type=\"widget\" data-widget_type=\"icon-list.default\">\n\t\t\t\t<div class=\"elementor-widget-container\">\n\t\t\t\t\t\t\t<ul class=\"elementor-icon-list-items\">\n\t\t\t\t\t\t\t<li class=\"elementor-icon-list-item\">\n\t\t\t\t\t\t\t\t\t\t\t<a href=\"http:\/\/support.mozilla.org\/en-US\/kb\/cookies-information-websites-store-on-your-computer?redirectlocale=en-US&#038;redirectslug=Cookies\">\n\n\t\t\t\t\t\t\t\t\t\t\t<span class=\"elementor-icon-list-text\">MOZILLA FIREFOX<\/span>\n\t\t\t\t\t\t\t\t\t\t\t<\/a>\n\t\t\t\t\t\t\t\t\t<\/li>\n\t\t\t\t\t\t\t\t<li class=\"elementor-icon-list-item\">\n\t\t\t\t\t\t\t\t\t\t\t<a href=\"http:\/\/support.microsoft.com\/kb\/196955\">\n\n\t\t\t\t\t\t\t\t\t\t\t<span class=\"elementor-icon-list-text\">INTERNET EXPLORER<\/span>\n\t\t\t\t\t\t\t\t\t\t\t<\/a>\n\t\t\t\t\t\t\t\t\t<\/li>\n\t\t\t\t\t\t\t\t<li class=\"elementor-icon-list-item\">\n\t\t\t\t\t\t\t\t\t\t\t<a href=\"http:\/\/support.google.com\/chrome\/bin\/answer.py?hl=en&#038;answer=95647\">\n\n\t\t\t\t\t\t\t\t\t\t\t<span class=\"elementor-icon-list-text\">CHROME<\/span>\n\t\t\t\t\t\t\t\t\t\t\t<\/a>\n\t\t\t\t\t\t\t\t\t<\/li>\n\t\t\t\t\t\t\t\t<li class=\"elementor-icon-list-item\">\n\t\t\t\t\t\t\t\t\t\t\t<a href=\"http:\/\/support.apple.com\/kb\/PH5042\">\n\n\t\t\t\t\t\t\t\t\t\t\t<span class=\"elementor-icon-list-text\">SAFARI<\/span>\n\t\t\t\t\t\t\t\t\t\t\t<\/a>\n\t\t\t\t\t\t\t\t\t<\/li>\n\t\t\t\t\t\t<\/ul>\n\t\t\t\t\t\t<\/div>\n\t\t\t\t<\/div>\n\t\t\t\t\t<\/div>\n\t\t\t\t<\/div>\n\t\t\t\t<\/div>\n\t\t","protected":false},"excerpt":{"rendered":"<p>\u00dcber Cookies Die Website www.kendov-dvorec.com verwendet zum Funktionieren der Seite Cookies, die keine personenbezogenen Daten speichern, doch Ihre Aktivit\u00e4ten und Interessen f\u00fcr eine bessere Nutzererfahrung verfolgen. Mit der Nutzung der Website erkl\u00e4ren die Besucher sich mit ihrer Verwendung einverstanden. Cookies sind nichts Neues, alle Besucher von Websites haben auf unseren Computern, Tablets, Handys schon viele [&hellip;]<\/p>\n","protected":false},"author":1,"featured_media":0,"parent":0,"menu_order":10,"comment_status":"closed","ping_status":"closed","template":"elementor_header_footer","meta":{"footnotes":""},"class_list":["post-26827","page","type-page","status-publish","hentry"],"_links":{"self":[{"href":"https:\/\/kendov-dvorec.com\/de\/wp-json\/wp\/v2\/pages\/26827","targetHints":{"allow":["GET"]}}],"collection":[{"href":"https:\/\/kendov-dvorec.com\/de\/wp-json\/wp\/v2\/pages"}],"about":[{"href":"https:\/\/kendov-dvorec.com\/de\/wp-json\/wp\/v2\/types\/page"}],"author":[{"embeddable":true,"href":"https:\/\/kendov-dvorec.com\/de\/wp-json\/wp\/v2\/users\/1"}],"replies":[{"embeddable":true,"href":"https:\/\/kendov-dvorec.com\/de\/wp-json\/wp\/v2\/comments?post=26827"}],"version-history":[{"count":1,"href":"https:\/\/kendov-dvorec.com\/de\/wp-json\/wp\/v2\/pages\/26827\/revisions"}],"predecessor-version":[{"id":26828,"href":"https:\/\/kendov-dvorec.com\/de\/wp-json\/wp\/v2\/pages\/26827\/revisions\/26828"}],"wp:attachment":[{"href":"https:\/\/kendov-dvorec.com\/de\/wp-json\/wp\/v2\/media?parent=26827"}],"curies":[{"name":"wp","href":"https:\/\/api.w.org\/{rel}","templated":true}]}}