{"id":26833,"date":"2018-06-01T10:50:22","date_gmt":"2018-06-01T09:50:22","guid":{"rendered":"https:\/\/kendov-dvorec.com\/privatsphaere\/"},"modified":"2026-04-07T08:21:34","modified_gmt":"2026-04-07T07:21:34","slug":"privatsphaere","status":"publish","type":"page","link":"https:\/\/kendov-dvorec.com\/de\/privatsphaere\/","title":{"rendered":"Privatsph\u00e4re"},"content":{"rendered":"\t\t<div data-elementor-type=\"wp-page\" data-elementor-id=\"26833\" class=\"elementor elementor-26833 elementor-5852\" data-elementor-post-type=\"page\">\n\t\t\t\t<div class=\"elementor-element elementor-element-3b23e799 e-flex e-con-boxed e-con e-parent\" data-id=\"3b23e799\" data-element_type=\"container\" data-e-type=\"container\">\n\t\t\t\t\t<div class=\"e-con-inner\">\n\t\t\t\t<div class=\"elementor-element elementor-element-14bd1f77 elementor-widget elementor-widget-text-editor\" data-id=\"14bd1f77\" data-element_type=\"widget\" data-e-type=\"widget\" data-widget_type=\"text-editor.default\">\n\t\t\t\t<div class=\"elementor-widget-container\">\n\t\t\t\t\t\t\t\t\t<h1>Privatsph\u00e4re<\/h1>\n<h3>ERKL\u00c4RUNG ZUR PRIVATSPH\u00c4RE<\/h3>\n<p>Alle Daten, die der Nutzer \u00fcber die Webseite www.kendov-dvorec.com eintr\u00e4gt, sind gem\u00e4\u00df dem Gesetz \u00fcber den Schutz personenbezogener Daten gesch\u00fctzt und werden ausschlie\u00dflich f\u00fcr die Kommunikation zwischen Kendov Dvorec, das im Eigentum des Unternehmens Hidria Holding d.o.o. ist, und dem Nutzer verwendet, der seine Daten auf der Webseite www.kendov-dvorec.com eingetragen hat.<\/p>\n<p>Die personenbezogenen Daten des Auftraggebers der Dienste werden nicht an Dritte \u00fcbermittelt.<\/p>\n<h3>ZWECK<\/h3>\n<p>Wir sammeln personenbezogene Daten gem\u00e4\u00df dem Zweck, zu dem Sie sie uns \u00fcbermittelt haben. Wir werden die \u00fcbermittelten personenbezogenen Daten zu keinen anderen Zwecken verwenden. <\/p>\n<h3>RECHTSGRUNDLAGE<\/h3>\n<p>Wir sammeln personenbezogene Daten aufgrund Ihrer Einwilligung bzw. auf Vertragsgrundlage. <\/p>\n<h3>VERWENDUNG DER PERSONENBEZOGENEN DATEN<\/h3>\n<p>Wir verwenden die personenbezogenen Daten ausschlie\u00dflich zu dem Zweck, zu dem Sie sie uns \u00fcbermittelt haben.<\/p>\n<h3>SPEICHERUNG DER DATEN<\/h3>\n<p>Wir speichern die personenbezogenen Daten, die Sie uns bei der Anmeldung zum E-Newsletter \u00fcbermittelt haben, bis auf Widerruf. Sie k\u00f6nnen Ihre Einwilligung zur Bearbeitung der personenbezogenen Daten jederzeit widerrufen. Der Widerruf der Einwilligung hat keine Auswirkung auf die Rechtm\u00e4\u00dfigkeit der Datenverarbeitung vor dem Widerruf. Wir speichern alle \u00fcbrigen personenbezogenen Daten im Rahmen der vertraglichen Zusammenarbeit gem\u00e4\u00df der geltenden Gesetzgebung.  <\/p>\n<h3>\u00dcBERMITTLUNG DER PERSONENBEZOGENEN DATEN<\/h3>\n<p>Wir werden die personenbezogenen Daten nicht an Dritte \u00fcbermitteln und sie auch nicht \u00f6ffentlich machen, ebenso werden wir die personenbezogenen Daten nicht in einen Drittstaat oder eine Organisation weiterleiten.<\/p>\n<h3>IHRE RECHTE<\/h3>\n<p>Gem\u00e4\u00df der Datenschutz-Grundverordnung haben Sie ein Recht auf Auskunft \u00fcber die Daten, die sich auf Sie beziehen, ein Recht auf Berichtigung der Daten, ein Recht auf Einschr\u00e4nkung der Verarbeitung, ein Recht auf L\u00f6schung der Daten sowie ein Recht auf Verl\u00e4sslichkeit der Daten. Sie k\u00f6nnen jedes Recht laut der Datenschutz-Grundverordnung jederzeit schriftlich geltend machen. Geben Sie dabei Ihren Vor- und Nachnamen sowie Ihre E-Mail-Adresse an. <\/p>\n<h3>E-NEWS<\/h3>\n<p>Wenn Sie w\u00fcnschen, dass Ihnen Kendov Dvorec per E-Mail Neuigkeiten schickt, k\u00f6nnen Sie sich zum E-Newsletter anmelden. Die Anmeldung ist freiwillig und kann immer widerrufen werden. Nachdem Sie das Anmeldeformular ausf\u00fcllen, wird Ihnen auf die eingetragene E-Mail-Adresse eine Mitteilung zugesendet, die Sie best\u00e4tigen m\u00fcssen, wenn Sie unsere E-News erhalten m\u00f6chten. Das ist eine Sicherheitsma\u00dfnahme f\u00fcr den Fall, dass jemand anders Ihre E-Mail-Adresse in unser Formular eingetragen hat.   <\/p>\n<h3>VERWENDUNG IHRER DATEN<\/h3>\n<p>F\u00fcr das Versenden der E-News nutzen wir das Webservice MailChimp. Mit der Anmeldung zum E-Newsletter erkl\u00e4ren Sie sich damit einverstanden, dass Ihre personenbezogenen Daten innerhalb dieses Systems gem\u00e4\u00df deren Gesch\u00e4ftspolitik und deren Datenschutzrichtlinien verwendet werden. <\/p>\t\t\t\t\t\t\t\t<\/div>\n\t\t\t\t<\/div>\n\t\t\t\t\t<\/div>\n\t\t\t\t<\/div>\n\t\t\t\t<\/div>\n\t\t","protected":false},"excerpt":{"rendered":"<p>Privatsph\u00e4re ERKL\u00c4RUNG ZUR PRIVATSPH\u00c4RE Alle Daten, die der Nutzer \u00fcber die Webseite www.kendov-dvorec.com eintr\u00e4gt, sind gem\u00e4\u00df dem Gesetz \u00fcber den Schutz personenbezogener Daten gesch\u00fctzt und werden ausschlie\u00dflich f\u00fcr die Kommunikation zwischen Kendov Dvorec, das im Eigentum des Unternehmens Hidria Holding d.o.o. ist, und dem Nutzer verwendet, der seine Daten auf der Webseite www.kendov-dvorec.com eingetragen hat. [&hellip;]<\/p>\n","protected":false},"author":1,"featured_media":0,"parent":0,"menu_order":10,"comment_status":"closed","ping_status":"closed","template":"elementor_header_footer","meta":{"footnotes":""},"class_list":["post-26833","page","type-page","status-publish","hentry"],"_links":{"self":[{"href":"https:\/\/kendov-dvorec.com\/de\/wp-json\/wp\/v2\/pages\/26833","targetHints":{"allow":["GET"]}}],"collection":[{"href":"https:\/\/kendov-dvorec.com\/de\/wp-json\/wp\/v2\/pages"}],"about":[{"href":"https:\/\/kendov-dvorec.com\/de\/wp-json\/wp\/v2\/types\/page"}],"author":[{"embeddable":true,"href":"https:\/\/kendov-dvorec.com\/de\/wp-json\/wp\/v2\/users\/1"}],"replies":[{"embeddable":true,"href":"https:\/\/kendov-dvorec.com\/de\/wp-json\/wp\/v2\/comments?post=26833"}],"version-history":[{"count":1,"href":"https:\/\/kendov-dvorec.com\/de\/wp-json\/wp\/v2\/pages\/26833\/revisions"}],"predecessor-version":[{"id":26834,"href":"https:\/\/kendov-dvorec.com\/de\/wp-json\/wp\/v2\/pages\/26833\/revisions\/26834"}],"wp:attachment":[{"href":"https:\/\/kendov-dvorec.com\/de\/wp-json\/wp\/v2\/media?parent=26833"}],"curies":[{"name":"wp","href":"https:\/\/api.w.org\/{rel}","templated":true}]}}