{"id":26840,"date":"2017-08-30T11:45:08","date_gmt":"2017-08-30T10:45:08","guid":{"rendered":"https:\/\/kendov-dvorec.com\/erlebnisse\/spaziergaenge\/"},"modified":"2026-04-07T08:20:04","modified_gmt":"2026-04-07T07:20:04","slug":"spaziergaenge","status":"publish","type":"page","link":"https:\/\/kendov-dvorec.com\/de\/erlebnisse\/spaziergaenge\/","title":{"rendered":"Spazierg\u00e4nge"},"content":{"rendered":"\t\t<div data-elementor-type=\"wp-page\" data-elementor-id=\"26840\" class=\"elementor elementor-26840 elementor-5826\" data-elementor-post-type=\"page\">\n\t\t\t\t<div class=\"elementor-element elementor-element-5807311 e-flex e-con-boxed e-con e-parent\" data-id=\"5807311\" data-element_type=\"container\" data-e-type=\"container\" data-settings=\"{&quot;background_background&quot;:&quot;classic&quot;}\">\n\t\t\t\t\t<div class=\"e-con-inner\">\n\t\t\t\t\t<\/div>\n\t\t\t\t<\/div>\n\t\t<div class=\"elementor-element elementor-element-7799ea7 e-flex e-con-boxed e-con e-parent\" data-id=\"7799ea7\" data-element_type=\"container\" data-e-type=\"container\">\n\t\t\t\t\t<div class=\"e-con-inner\">\n\t\t<div class=\"elementor-element elementor-element-d50347a e-con-full e-flex e-con e-child\" data-id=\"d50347a\" data-element_type=\"container\" data-e-type=\"container\">\n\t\t\t\t<div class=\"elementor-element elementor-element-c8dc2ad elementor-widget elementor-widget-heading\" data-id=\"c8dc2ad\" data-element_type=\"widget\" data-e-type=\"widget\" data-widget_type=\"heading.default\">\n\t\t\t\t<div class=\"elementor-widget-container\">\n\t\t\t\t\t<h1 class=\"elementor-heading-title elementor-size-default\">ERLEBNISSE<\/h1>\t\t\t\t<\/div>\n\t\t\t\t<\/div>\n\t\t\t\t<div class=\"elementor-element elementor-element-11bb1e1 elementor-widget elementor-widget-heading\" data-id=\"11bb1e1\" data-element_type=\"widget\" data-e-type=\"widget\" data-widget_type=\"heading.default\">\n\t\t\t\t<div class=\"elementor-widget-container\">\n\t\t\t\t\t<h1 class=\"elementor-heading-title elementor-size-default\">Spazierg\u00e4nge in die Natur<\/h1>\t\t\t\t<\/div>\n\t\t\t\t<\/div>\n\t\t\t\t<div class=\"elementor-element elementor-element-9057ce9 elementor-widget elementor-widget-heading\" data-id=\"9057ce9\" data-element_type=\"widget\" data-e-type=\"widget\" data-widget_type=\"heading.default\">\n\t\t\t\t<div class=\"elementor-widget-container\">\n\t\t\t\t\t<h2 class=\"elementor-heading-title elementor-size-default\">Genie\u00dfen Sie die Pracht der Natursch\u00f6nheiten auf jahrhundertealten Wanderwegen.<\/h2>\t\t\t\t<\/div>\n\t\t\t\t<\/div>\n\t\t\t\t<div class=\"elementor-element elementor-element-f319d4e elementor-widget elementor-widget-text-editor\" data-id=\"f319d4e\" data-element_type=\"widget\" data-e-type=\"widget\" data-widget_type=\"text-editor.default\">\n\t\t\t\t<div class=\"elementor-widget-container\">\n\t\t\t\t\t\t\t\t\t<p>Kendov Dvorec, von wo sich ein wunderbarer Ausblick auf die umliegenden Berggipfel \u00f6ffnet, ist ein guter Ausgangspunkt f\u00fcr k\u00fcrzere und l\u00e4ngere Wanderungen in der Natur. Entdecken Sie die facettenreiche Welt zwischen den Alpen und dem Karst, der die Natur geheimnisvolle Formen verlieh. Machen Sie einen Spaziergang \u00fcber die H\u00e4nge der Berge, durch den Wald, bis zu den Ufern des Flusses Idrijca. Genie\u00dfen Sie die Aussichten, die sich vom uralten Pilgerweg zwischen Spodnja Idrija und Ledine \u00f6ffnen.<br>    <\/p>\t\t\t\t\t\t\t\t<\/div>\n\t\t\t\t<\/div>\n\t\t\t\t<\/div>\n\t\t<div class=\"elementor-element elementor-element-7a44783 e-con-full e-flex e-con e-child\" data-id=\"7a44783\" data-element_type=\"container\" data-e-type=\"container\">\n\t\t\t\t<div class=\"elementor-element elementor-element-7b7869e elementor-widget elementor-widget-image\" data-id=\"7b7869e\" data-element_type=\"widget\" data-e-type=\"widget\" data-widget_type=\"image.default\">\n\t\t\t\t<div class=\"elementor-widget-container\">\n\t\t\t\t\t\t\t\t\t\t\t\t\t\t\t<img fetchpriority=\"high\" decoding=\"async\" width=\"800\" height=\"533\" src=\"https:\/\/kendov-dvorec.com\/wp-content\/uploads\/2025\/09\/Kendov-Dvorec-hiking_.jpeg\" class=\"attachment-large size-large wp-image-24207\" alt=\"\" srcset=\"https:\/\/kendov-dvorec.com\/wp-content\/uploads\/2025\/09\/Kendov-Dvorec-hiking_.jpeg 900w, https:\/\/kendov-dvorec.com\/wp-content\/uploads\/2025\/09\/Kendov-Dvorec-hiking_-300x200.jpeg 300w, https:\/\/kendov-dvorec.com\/wp-content\/uploads\/2025\/09\/Kendov-Dvorec-hiking_-768x512.jpeg 768w\" sizes=\"(max-width: 800px) 100vw, 800px\" \/>\t\t\t\t\t\t\t\t\t\t\t\t\t\t\t<\/div>\n\t\t\t\t<\/div>\n\t\t\t\t<div class=\"elementor-element elementor-element-35d9c71 elementor-widget elementor-widget-heading\" data-id=\"35d9c71\" data-element_type=\"widget\" data-e-type=\"widget\" data-widget_type=\"heading.default\">\n\t\t\t\t<div class=\"elementor-widget-container\">\n\t\t\t\t\t<h1 class=\"elementor-heading-title elementor-size-default\">Kendov Dvorec ist ein hervorragender Ausgangspunkt f\u00fcr Wanderungen auf Wanderwegen in der Umgebung.<\/h1>\t\t\t\t<\/div>\n\t\t\t\t<\/div>\n\t\t\t\t<\/div>\n\t\t\t\t\t<\/div>\n\t\t\t\t<\/div>\n\t\t<div class=\"elementor-element elementor-element-9a3b4a6 e-flex e-con-boxed e-con e-parent\" data-id=\"9a3b4a6\" data-element_type=\"container\" data-e-type=\"container\" data-settings=\"{&quot;background_background&quot;:&quot;classic&quot;}\">\n\t\t\t\t\t<div class=\"e-con-inner\">\n\t\t\t\t<div class=\"elementor-element elementor-element-d72e6a1 elementor-widget elementor-widget-heading\" data-id=\"d72e6a1\" data-element_type=\"widget\" data-e-type=\"widget\" data-widget_type=\"heading.default\">\n\t\t\t\t<div class=\"elementor-widget-container\">\n\t\t\t\t\t<h2 class=\"elementor-heading-title elementor-size-default\">Wanderwege in der Umgebung des Kendov dvorec<\/h2>\t\t\t\t<\/div>\n\t\t\t\t<\/div>\n\t\t<div class=\"elementor-element elementor-element-574e543 e-con-full e-flex e-con e-child\" data-id=\"574e543\" data-element_type=\"container\" data-e-type=\"container\">\n\t\t<div class=\"elementor-element elementor-element-311a696 e-con-full e-flex e-con e-child\" data-id=\"311a696\" data-element_type=\"container\" data-e-type=\"container\">\n\t\t\t\t<div class=\"elementor-element elementor-element-06fb1ac elementor-widget elementor-widget-image\" data-id=\"06fb1ac\" data-element_type=\"widget\" data-e-type=\"widget\" data-widget_type=\"image.default\">\n\t\t\t\t<div class=\"elementor-widget-container\">\n\t\t\t\t\t\t\t\t\t\t\t\t\t\t\t<img decoding=\"async\" width=\"800\" height=\"453\" src=\"https:\/\/kendov-dvorec.com\/wp-content\/uploads\/2025\/09\/kendov-dvorec-idrijca-river.jpg\" class=\"attachment-large size-large wp-image-24228\" alt=\"\" srcset=\"https:\/\/kendov-dvorec.com\/wp-content\/uploads\/2025\/09\/kendov-dvorec-idrijca-river.jpg 900w, https:\/\/kendov-dvorec.com\/wp-content\/uploads\/2025\/09\/kendov-dvorec-idrijca-river-300x170.jpg 300w, https:\/\/kendov-dvorec.com\/wp-content\/uploads\/2025\/09\/kendov-dvorec-idrijca-river-768x435.jpg 768w\" sizes=\"(max-width: 800px) 100vw, 800px\" \/>\t\t\t\t\t\t\t\t\t\t\t\t\t\t\t<\/div>\n\t\t\t\t<\/div>\n\t\t\t\t<div class=\"elementor-element elementor-element-0ff0dc7 elementor-widget elementor-widget-text-editor\" data-id=\"0ff0dc7\" data-element_type=\"widget\" data-e-type=\"widget\" data-widget_type=\"text-editor.default\">\n\t\t\t\t<div class=\"elementor-widget-container\">\n\t\t\t\t\t\t\t\t\t<p><strong>ENTLANG DES FLUSSES IDRIJCA<\/strong><br>Einer der beliebtesten Wanderwege in Spodnja Idrija f\u00fchrt Sie vom Kendov dvorec durch das Dorf, \u00fcber die beiden Br\u00fccken am Zusammenfluss der Idrijca und der Kanomljica und weiter den Flusslauf entlang.<\/p>\t\t\t\t\t\t\t\t<\/div>\n\t\t\t\t<\/div>\n\t\t\t\t<\/div>\n\t\t<div class=\"elementor-element elementor-element-705b34f e-con-full e-flex e-con e-child\" data-id=\"705b34f\" data-element_type=\"container\" data-e-type=\"container\">\n\t\t\t\t<div class=\"elementor-element elementor-element-8962a1e elementor-widget elementor-widget-image\" data-id=\"8962a1e\" data-element_type=\"widget\" data-e-type=\"widget\" data-widget_type=\"image.default\">\n\t\t\t\t<div class=\"elementor-widget-container\">\n\t\t\t\t\t\t\t\t\t\t\t\t\t\t\t<img decoding=\"async\" width=\"800\" height=\"453\" src=\"https:\/\/kendov-dvorec.com\/wp-content\/uploads\/2025\/09\/Kendov_dvorec-sprehodi.jpg\" class=\"attachment-large size-large wp-image-24223\" alt=\"\" srcset=\"https:\/\/kendov-dvorec.com\/wp-content\/uploads\/2025\/09\/Kendov_dvorec-sprehodi.jpg 900w, https:\/\/kendov-dvorec.com\/wp-content\/uploads\/2025\/09\/Kendov_dvorec-sprehodi-300x170.jpg 300w, https:\/\/kendov-dvorec.com\/wp-content\/uploads\/2025\/09\/Kendov_dvorec-sprehodi-768x435.jpg 768w\" sizes=\"(max-width: 800px) 100vw, 800px\" \/>\t\t\t\t\t\t\t\t\t\t\t\t\t\t\t<\/div>\n\t\t\t\t<\/div>\n\t\t\t\t<div class=\"elementor-element elementor-element-3556159 elementor-widget elementor-widget-text-editor\" data-id=\"3556159\" data-element_type=\"widget\" data-e-type=\"widget\" data-widget_type=\"text-editor.default\">\n\t\t\t\t<div class=\"elementor-widget-container\">\n\t\t\t\t\t\t\t\t\t<p><strong>AUF DEM PILGERWEG<\/strong><br>Der alte Pilgerweg vom Kendov dvorec f\u00fchrt bergauf, zum Dorf Ledine. Laut \u00dcberlieferung kamen einst die Pilger auf dem ber\u00fchmten Weg nach Spodnja Idrija, um sich der Jungfrau Maria f\u00fcr eine gute Ernte und den Schutz vor Hagel zu empfehlen.  <\/p>\t\t\t\t\t\t\t\t<\/div>\n\t\t\t\t<\/div>\n\t\t\t\t<\/div>\n\t\t<div class=\"elementor-element elementor-element-d6ed3ad e-con-full e-flex e-con e-child\" data-id=\"d6ed3ad\" data-element_type=\"container\" data-e-type=\"container\">\n\t\t\t\t<div class=\"elementor-element elementor-element-f41bbc2 elementor-widget elementor-widget-image\" data-id=\"f41bbc2\" data-element_type=\"widget\" data-e-type=\"widget\" data-widget_type=\"image.default\">\n\t\t\t\t<div class=\"elementor-widget-container\">\n\t\t\t\t\t\t\t\t\t\t\t\t\t\t\t<img loading=\"lazy\" decoding=\"async\" width=\"800\" height=\"453\" src=\"https:\/\/kendov-dvorec.com\/wp-content\/uploads\/2025\/09\/Kendov_dvorec_Kanomeljske_klavze2.jpg\" class=\"attachment-large size-large wp-image-24218\" alt=\"\" srcset=\"https:\/\/kendov-dvorec.com\/wp-content\/uploads\/2025\/09\/Kendov_dvorec_Kanomeljske_klavze2.jpg 900w, https:\/\/kendov-dvorec.com\/wp-content\/uploads\/2025\/09\/Kendov_dvorec_Kanomeljske_klavze2-300x170.jpg 300w, https:\/\/kendov-dvorec.com\/wp-content\/uploads\/2025\/09\/Kendov_dvorec_Kanomeljske_klavze2-768x435.jpg 768w\" sizes=\"(max-width: 800px) 100vw, 800px\" \/>\t\t\t\t\t\t\t\t\t\t\t\t\t\t\t<\/div>\n\t\t\t\t<\/div>\n\t\t\t\t<div class=\"elementor-element elementor-element-b7447d2 elementor-widget elementor-widget-text-editor\" data-id=\"b7447d2\" data-element_type=\"widget\" data-e-type=\"widget\" data-widget_type=\"text-editor.default\">\n\t\t\t\t<div class=\"elementor-widget-container\">\n\t\t\t\t\t\t\t\t\t<p><strong>ZU DEN KANOMLJA-KLAUSEN<\/strong><br>Folgen Sie von Srednja Kanomlja den Wegweisern zu den Ov\u010djak-Klausen, auch Kanomlja-Klausen genannt. Am Ziel werden Sie mit einem Blick auf die ber\u00fchmten Wassersperren belohnt, die in der Zeit von Napoleons Illyrischen Provinzen gebaut wurden. <\/p>\t\t\t\t\t\t\t\t<\/div>\n\t\t\t\t<\/div>\n\t\t\t\t<\/div>\n\t\t\t\t<\/div>\n\t\t\t\t\t<\/div>\n\t\t\t\t<\/div>\n\t\t\t\t<\/div>\n\t\t","protected":false},"excerpt":{"rendered":"<p>ERLEBNISSE Spazierg\u00e4nge in die Natur Genie\u00dfen Sie die Pracht der Natursch\u00f6nheiten auf jahrhundertealten Wanderwegen. Kendov Dvorec, von wo sich ein wunderbarer Ausblick auf die umliegenden Berggipfel \u00f6ffnet, ist ein guter Ausgangspunkt f\u00fcr k\u00fcrzere und l\u00e4ngere Wanderungen in der Natur. Entdecken Sie die facettenreiche Welt zwischen den Alpen und dem Karst, der die Natur geheimnisvolle Formen [&hellip;]<\/p>\n","protected":false},"author":1,"featured_media":2156,"parent":26714,"menu_order":5,"comment_status":"closed","ping_status":"closed","template":"elementor_header_footer","meta":{"footnotes":""},"class_list":["post-26840","page","type-page","status-publish","has-post-thumbnail","hentry"],"_links":{"self":[{"href":"https:\/\/kendov-dvorec.com\/de\/wp-json\/wp\/v2\/pages\/26840","targetHints":{"allow":["GET"]}}],"collection":[{"href":"https:\/\/kendov-dvorec.com\/de\/wp-json\/wp\/v2\/pages"}],"about":[{"href":"https:\/\/kendov-dvorec.com\/de\/wp-json\/wp\/v2\/types\/page"}],"author":[{"embeddable":true,"href":"https:\/\/kendov-dvorec.com\/de\/wp-json\/wp\/v2\/users\/1"}],"replies":[{"embeddable":true,"href":"https:\/\/kendov-dvorec.com\/de\/wp-json\/wp\/v2\/comments?post=26840"}],"version-history":[{"count":3,"href":"https:\/\/kendov-dvorec.com\/de\/wp-json\/wp\/v2\/pages\/26840\/revisions"}],"predecessor-version":[{"id":27768,"href":"https:\/\/kendov-dvorec.com\/de\/wp-json\/wp\/v2\/pages\/26840\/revisions\/27768"}],"up":[{"embeddable":true,"href":"https:\/\/kendov-dvorec.com\/de\/wp-json\/wp\/v2\/pages\/26714"}],"wp:featuredmedia":[{"embeddable":true,"href":"https:\/\/kendov-dvorec.com\/de\/wp-json\/wp\/v2\/media\/2156"}],"wp:attachment":[{"href":"https:\/\/kendov-dvorec.com\/de\/wp-json\/wp\/v2\/media?parent=26840"}],"curies":[{"name":"wp","href":"https:\/\/api.w.org\/{rel}","templated":true}]}}