{"id":26853,"date":"2017-09-04T11:10:19","date_gmt":"2017-09-04T10:10:19","guid":{"rendered":"https:\/\/kendov-dvorec.com\/erlebnisse\/spodnja-idrija\/"},"modified":"2026-04-07T08:18:45","modified_gmt":"2026-04-07T07:18:45","slug":"spodnja-idrija","status":"publish","type":"page","link":"https:\/\/kendov-dvorec.com\/de\/erlebnisse\/spodnja-idrija\/","title":{"rendered":"Spodnja Idrija"},"content":{"rendered":"\t\t<div data-elementor-type=\"wp-page\" data-elementor-id=\"26853\" class=\"elementor elementor-26853 elementor-5827\" data-elementor-post-type=\"page\">\n\t\t\t\t<div class=\"elementor-element elementor-element-40a485e e-flex e-con-boxed e-con e-parent\" data-id=\"40a485e\" data-element_type=\"container\" data-e-type=\"container\" data-settings=\"{&quot;background_background&quot;:&quot;classic&quot;}\">\n\t\t\t\t\t<div class=\"e-con-inner\">\n\t\t\t\t\t<\/div>\n\t\t\t\t<\/div>\n\t\t<div class=\"elementor-element elementor-element-f94a83d e-flex e-con-boxed e-con e-parent\" data-id=\"f94a83d\" data-element_type=\"container\" data-e-type=\"container\">\n\t\t\t\t\t<div class=\"e-con-inner\">\n\t\t<div class=\"elementor-element elementor-element-5fb7b32 e-con-full e-flex e-con e-child\" data-id=\"5fb7b32\" data-element_type=\"container\" data-e-type=\"container\">\n\t\t\t\t<div class=\"elementor-element elementor-element-1f09ff8 elementor-widget elementor-widget-heading\" data-id=\"1f09ff8\" data-element_type=\"widget\" data-e-type=\"widget\" data-widget_type=\"heading.default\">\n\t\t\t\t<div class=\"elementor-widget-container\">\n\t\t\t\t\t<h1 class=\"elementor-heading-title elementor-size-default\">ERLEBNISSE<\/h1>\t\t\t\t<\/div>\n\t\t\t\t<\/div>\n\t\t\t\t<div class=\"elementor-element elementor-element-29e18e8 elementor-widget elementor-widget-heading\" data-id=\"29e18e8\" data-element_type=\"widget\" data-e-type=\"widget\" data-widget_type=\"heading.default\">\n\t\t\t\t<div class=\"elementor-widget-container\">\n\t\t\t\t\t<h1 class=\"elementor-heading-title elementor-size-default\">SPODNJA IDRIJA<\/h1>\t\t\t\t<\/div>\n\t\t\t\t<\/div>\n\t\t\t\t<div class=\"elementor-element elementor-element-af1aa2a elementor-widget elementor-widget-heading\" data-id=\"af1aa2a\" data-element_type=\"widget\" data-e-type=\"widget\" data-widget_type=\"heading.default\">\n\t\t\t\t<div class=\"elementor-widget-container\">\n\t\t\t\t\t<h2 class=\"elementor-heading-title elementor-size-default\">Altes Pilgerzentrum im Scho\u00dfe der Maria auf dem Felsen<\/h2>\t\t\t\t<\/div>\n\t\t\t\t<\/div>\n\t\t\t\t<div class=\"elementor-element elementor-element-58d0636 elementor-widget elementor-widget-text-editor\" data-id=\"58d0636\" data-element_type=\"widget\" data-e-type=\"widget\" data-widget_type=\"text-editor.default\">\n\t\t\t\t<div class=\"elementor-widget-container\">\n\t\t\t\t\t\t\t\t\t<p>Die Wurzeln von Spodnja Idrija, auch Ydria Sclabonica \u2013 Slowenisches Idrija genannt, reichen ins Jahr 1156 zur\u00fcck, als Papst Coelestin III. in einer Notiz erstmals die Kapelle Maria auf dem Felsen erw\u00e4hnt. Spodnja Idrija ist somit viel \u00e4lter als das benachbarte und gr\u00f6\u00dfere Idrija, das durch das Quecksilberbergwerk weltweit bekannt wurde.  <\/p><p>Gerade als altehrw\u00fcrdiges, religi\u00f6ses und kirchliches Zentrum mit Tradition spielte Spodnja Idrija eine wichtige historische und kulturelle Rolle. Der Ort wir noch heute \u00bbFara\u00ab (Pfarre) genannt, und ihre Einwohner danach \u00bbPr\u2019farci\u00ab, denn einst war Maria auf dem Felsen eine echte \u00bbMutterpfarre\u00ab der benachbarten Pfarren. <\/p><p>Der Ort stellt heute mit dem internationalen Unternehmen Hidria ein wichtiges Wirtschaftszentrum dar. <\/p>\t\t\t\t\t\t\t\t<\/div>\n\t\t\t\t<\/div>\n\t\t\t\t<\/div>\n\t\t<div class=\"elementor-element elementor-element-311e8be e-con-full e-flex e-con e-child\" data-id=\"311e8be\" data-element_type=\"container\" data-e-type=\"container\">\n\t\t\t\t<div class=\"elementor-element elementor-element-b58e481 elementor-widget elementor-widget-image\" data-id=\"b58e481\" data-element_type=\"widget\" data-e-type=\"widget\" data-widget_type=\"image.default\">\n\t\t\t\t<div class=\"elementor-widget-container\">\n\t\t\t\t\t\t\t\t\t\t\t\t\t\t\t<img fetchpriority=\"high\" decoding=\"async\" width=\"662\" height=\"442\" src=\"https:\/\/kendov-dvorec.com\/wp-content\/uploads\/2025\/09\/Kendov_dvorec_struklji-1.jpg\" class=\"attachment-large size-large wp-image-24026\" alt=\"\" srcset=\"https:\/\/kendov-dvorec.com\/wp-content\/uploads\/2025\/09\/Kendov_dvorec_struklji-1.jpg 662w, https:\/\/kendov-dvorec.com\/wp-content\/uploads\/2025\/09\/Kendov_dvorec_struklji-1-300x200.jpg 300w\" sizes=\"(max-width: 662px) 100vw, 662px\" \/>\t\t\t\t\t\t\t\t\t\t\t\t\t\t\t<\/div>\n\t\t\t\t<\/div>\n\t\t\t\t<div class=\"elementor-element elementor-element-98c43bc elementor-widget elementor-widget-heading\" data-id=\"98c43bc\" data-element_type=\"widget\" data-e-type=\"widget\" data-widget_type=\"heading.default\">\n\t\t\t\t<div class=\"elementor-widget-container\">\n\t\t\t\t\t<h1 class=\"elementor-heading-title elementor-size-default\">GROSSER FRAUENTAG, 15. August <\/h1>\t\t\t\t<\/div>\n\t\t\t\t<\/div>\n\t\t\t\t<div class=\"elementor-element elementor-element-6691ceb elementor-widget elementor-widget-text-editor\" data-id=\"6691ceb\" data-element_type=\"widget\" data-e-type=\"widget\" data-widget_type=\"text-editor.default\">\n\t\t\t\t<div class=\"elementor-widget-container\">\n\t\t\t\t\t\t\t\t\tAm Pfarrfest \u2013 dem Gro\u00dfen Frauentag oder Mari\u00e4 Aufnahme in den Himmel \u2013 flechten die Einheimischen schon seit alters her Efeukr\u00e4nzchen und kochen Topfenstrudel, deshalb ist der Tag auch als kirchlicher Strudeltag bekannt.\t\t\t\t\t\t\t\t<\/div>\n\t\t\t\t<\/div>\n\t\t\t\t<\/div>\n\t\t\t\t\t<\/div>\n\t\t\t\t<\/div>\n\t\t<div class=\"elementor-element elementor-element-3829bdb e-flex e-con-boxed e-con e-parent\" data-id=\"3829bdb\" data-element_type=\"container\" data-e-type=\"container\" data-settings=\"{&quot;background_background&quot;:&quot;classic&quot;}\">\n\t\t\t\t\t<div class=\"e-con-inner\">\n\t\t\t\t<div class=\"elementor-element elementor-element-6081511 elementor-widget elementor-widget-heading\" data-id=\"6081511\" data-element_type=\"widget\" data-e-type=\"widget\" data-widget_type=\"heading.default\">\n\t\t\t\t<div class=\"elementor-widget-container\">\n\t\t\t\t\t<h2 class=\"elementor-heading-title elementor-size-default\">Entdecken Sie Spodnja Idrija<br>\n<\/h2>\t\t\t\t<\/div>\n\t\t\t\t<\/div>\n\t\t<div class=\"elementor-element elementor-element-532cc52 e-con-full e-flex e-con e-child\" data-id=\"532cc52\" data-element_type=\"container\" data-e-type=\"container\">\n\t\t<div class=\"elementor-element elementor-element-f87e01e e-con-full e-flex e-con e-child\" data-id=\"f87e01e\" data-element_type=\"container\" data-e-type=\"container\">\n\t\t\t\t<div class=\"elementor-element elementor-element-a51e261 elementor-widget elementor-widget-image\" data-id=\"a51e261\" data-element_type=\"widget\" data-e-type=\"widget\" data-widget_type=\"image.default\">\n\t\t\t\t<div class=\"elementor-widget-container\">\n\t\t\t\t\t\t\t\t\t\t\t\t\t\t\t<img decoding=\"async\" width=\"507\" height=\"287\" src=\"https:\/\/kendov-dvorec.com\/wp-content\/uploads\/2025\/09\/Kendov_dvorec_church2.jpg\" class=\"attachment-large size-large wp-image-24075\" alt=\"\" srcset=\"https:\/\/kendov-dvorec.com\/wp-content\/uploads\/2025\/09\/Kendov_dvorec_church2.jpg 507w, https:\/\/kendov-dvorec.com\/wp-content\/uploads\/2025\/09\/Kendov_dvorec_church2-300x170.jpg 300w\" sizes=\"(max-width: 507px) 100vw, 507px\" \/>\t\t\t\t\t\t\t\t\t\t\t\t\t\t\t<\/div>\n\t\t\t\t<\/div>\n\t\t\t\t<div class=\"elementor-element elementor-element-fc8a60b elementor-widget elementor-widget-text-editor\" data-id=\"fc8a60b\" data-element_type=\"widget\" data-e-type=\"widget\" data-widget_type=\"text-editor.default\">\n\t\t\t\t<div class=\"elementor-widget-container\">\n\t\t\t\t\t\t\t\t\t<p><strong>MARIA AUF DEM FELSEN<\/strong><br>\u00dcber dem historischen Ortskern von Spodnja Idrija ragt stolz die Pfarrkirche Mari\u00e4 Himmelfahrt in den Himmel. Das Heiligtum bei Maria auf dem Felsen, das auf \u00fcber 800 Jahre Geschichte zur\u00fcckblickt, hat einen hervorragenden Standort und ist weit herum von allen Seiten zu sehen. <\/p>\t\t\t\t\t\t\t\t<\/div>\n\t\t\t\t<\/div>\n\t\t\t\t<\/div>\n\t\t<div class=\"elementor-element elementor-element-6302542 e-con-full e-flex e-con e-child\" data-id=\"6302542\" data-element_type=\"container\" data-e-type=\"container\">\n\t\t\t\t<div class=\"elementor-element elementor-element-6df225e elementor-widget elementor-widget-image\" data-id=\"6df225e\" data-element_type=\"widget\" data-e-type=\"widget\" data-widget_type=\"image.default\">\n\t\t\t\t<div class=\"elementor-widget-container\">\n\t\t\t\t\t\t\t\t\t\t\t\t\t\t\t<img decoding=\"async\" width=\"800\" height=\"453\" src=\"https:\/\/kendov-dvorec.com\/wp-content\/uploads\/2025\/09\/Kendov_dvorec_Kanomeljske_klavze.jpg\" class=\"attachment-large size-large wp-image-24069\" alt=\"\" srcset=\"https:\/\/kendov-dvorec.com\/wp-content\/uploads\/2025\/09\/Kendov_dvorec_Kanomeljske_klavze.jpg 900w, https:\/\/kendov-dvorec.com\/wp-content\/uploads\/2025\/09\/Kendov_dvorec_Kanomeljske_klavze-300x170.jpg 300w, https:\/\/kendov-dvorec.com\/wp-content\/uploads\/2025\/09\/Kendov_dvorec_Kanomeljske_klavze-768x435.jpg 768w\" sizes=\"(max-width: 800px) 100vw, 800px\" \/>\t\t\t\t\t\t\t\t\t\t\t\t\t\t\t<\/div>\n\t\t\t\t<\/div>\n\t\t\t\t<div class=\"elementor-element elementor-element-3053dd8 elementor-widget elementor-widget-text-editor\" data-id=\"3053dd8\" data-element_type=\"widget\" data-e-type=\"widget\" data-widget_type=\"text-editor.default\">\n\t\t\t\t<div class=\"elementor-widget-container\">\n\t\t\t\t\t\t\t\t\t<p><strong>KANOMLJA-KLAUSEN<\/strong><br>Die m\u00e4chtigen Wassersperren, Klausen genannt, wurden in der Zeit von Napoleons Illyrischen Provinzen gebaut, wovon die in eine Steinplatte gemei\u00dfelte Inschrift \u201cSub imperio Napoleonis 1813\u201d zeugt. Die Klausen waren einst zum Transport von Holz ins Tal bestimmt. <\/p>\t\t\t\t\t\t\t\t<\/div>\n\t\t\t\t<\/div>\n\t\t\t\t<\/div>\n\t\t<div class=\"elementor-element elementor-element-3d9ee99 e-con-full e-flex e-con e-child\" data-id=\"3d9ee99\" data-element_type=\"container\" data-e-type=\"container\">\n\t\t\t\t<div class=\"elementor-element elementor-element-4bfa168 elementor-widget elementor-widget-image\" data-id=\"4bfa168\" data-element_type=\"widget\" data-e-type=\"widget\" data-widget_type=\"image.default\">\n\t\t\t\t<div class=\"elementor-widget-container\">\n\t\t\t\t\t\t\t\t\t\t\t\t\t\t\t<img loading=\"lazy\" decoding=\"async\" width=\"800\" height=\"452\" src=\"https:\/\/kendov-dvorec.com\/wp-content\/uploads\/2025\/09\/kendov_dvorec-muharjenje-1.jpg\" class=\"attachment-large size-large wp-image-24064\" alt=\"\" srcset=\"https:\/\/kendov-dvorec.com\/wp-content\/uploads\/2025\/09\/kendov_dvorec-muharjenje-1.jpg 900w, https:\/\/kendov-dvorec.com\/wp-content\/uploads\/2025\/09\/kendov_dvorec-muharjenje-1-300x170.jpg 300w, https:\/\/kendov-dvorec.com\/wp-content\/uploads\/2025\/09\/kendov_dvorec-muharjenje-1-768x434.jpg 768w\" sizes=\"(max-width: 800px) 100vw, 800px\" \/>\t\t\t\t\t\t\t\t\t\t\t\t\t\t\t<\/div>\n\t\t\t\t<\/div>\n\t\t\t\t<div class=\"elementor-element elementor-element-ede07eb elementor-widget elementor-widget-text-editor\" data-id=\"ede07eb\" data-element_type=\"widget\" data-e-type=\"widget\" data-widget_type=\"text-editor.default\">\n\t\t\t\t<div class=\"elementor-widget-container\">\n\t\t\t\t\t\t\t\t\t<p><strong>IDRIJCA UND KANOMLJICA<\/strong><br>In Spodnja Idrija flie\u00dfen die kristallklaren Fl\u00fcsse Idrijca und Kanomljica zusammen, in denen die autochthone Marmorataforelle des Typs Idrijca lebt. In der Zeit von April bis Oktober locken die beiden Fl\u00fcsse mit ihrer Natursch\u00f6nheit und dem reichen Fischbestand Liebhaber der Fliegenfischerei aus der ganzen Welt an.  <\/p>\t\t\t\t\t\t\t\t<\/div>\n\t\t\t\t<\/div>\n\t\t\t\t<\/div>\n\t\t\t\t<\/div>\n\t\t\t\t\t<\/div>\n\t\t\t\t<\/div>\n\t\t\t\t<\/div>\n\t\t","protected":false},"excerpt":{"rendered":"<p>ERLEBNISSE SPODNJA IDRIJA Altes Pilgerzentrum im Scho\u00dfe der Maria auf dem Felsen Die Wurzeln von Spodnja Idrija, auch Ydria Sclabonica \u2013 Slowenisches Idrija genannt, reichen ins Jahr 1156 zur\u00fcck, als Papst Coelestin III. in einer Notiz erstmals die Kapelle Maria auf dem Felsen erw\u00e4hnt. Spodnja Idrija ist somit viel \u00e4lter als das benachbarte und gr\u00f6\u00dfere [&hellip;]<\/p>\n","protected":false},"author":1,"featured_media":1731,"parent":26714,"menu_order":4,"comment_status":"closed","ping_status":"closed","template":"elementor_header_footer","meta":{"footnotes":""},"class_list":["post-26853","page","type-page","status-publish","has-post-thumbnail","hentry"],"_links":{"self":[{"href":"https:\/\/kendov-dvorec.com\/de\/wp-json\/wp\/v2\/pages\/26853","targetHints":{"allow":["GET"]}}],"collection":[{"href":"https:\/\/kendov-dvorec.com\/de\/wp-json\/wp\/v2\/pages"}],"about":[{"href":"https:\/\/kendov-dvorec.com\/de\/wp-json\/wp\/v2\/types\/page"}],"author":[{"embeddable":true,"href":"https:\/\/kendov-dvorec.com\/de\/wp-json\/wp\/v2\/users\/1"}],"replies":[{"embeddable":true,"href":"https:\/\/kendov-dvorec.com\/de\/wp-json\/wp\/v2\/comments?post=26853"}],"version-history":[{"count":1,"href":"https:\/\/kendov-dvorec.com\/de\/wp-json\/wp\/v2\/pages\/26853\/revisions"}],"predecessor-version":[{"id":26854,"href":"https:\/\/kendov-dvorec.com\/de\/wp-json\/wp\/v2\/pages\/26853\/revisions\/26854"}],"up":[{"embeddable":true,"href":"https:\/\/kendov-dvorec.com\/de\/wp-json\/wp\/v2\/pages\/26714"}],"wp:featuredmedia":[{"embeddable":true,"href":"https:\/\/kendov-dvorec.com\/de\/wp-json\/wp\/v2\/media\/1731"}],"wp:attachment":[{"href":"https:\/\/kendov-dvorec.com\/de\/wp-json\/wp\/v2\/media?parent=26853"}],"curies":[{"name":"wp","href":"https:\/\/api.w.org\/{rel}","templated":true}]}}