{"id":26863,"date":"2020-12-02T21:19:59","date_gmt":"2020-12-02T21:19:59","guid":{"rendered":"https:\/\/kendov-dvorec.com\/erlebnisse\/lernen-sie-die-kulinarik-von-idrija-kennen\/"},"modified":"2026-04-07T08:19:47","modified_gmt":"2026-04-07T07:19:47","slug":"lernen-sie-die-kulinarik-von-idrija-kennen","status":"publish","type":"page","link":"https:\/\/kendov-dvorec.com\/de\/erlebnisse\/lernen-sie-die-kulinarik-von-idrija-kennen\/","title":{"rendered":"LERNEN SIE DIE KULINARIK VON IDRIJA KENNEN"},"content":{"rendered":"\t\t<div data-elementor-type=\"wp-page\" data-elementor-id=\"26863\" class=\"elementor elementor-26863 elementor-6106\" data-elementor-post-type=\"page\">\n\t\t\t\t<div class=\"elementor-element elementor-element-6377ce8 e-flex e-con-boxed e-con e-parent\" data-id=\"6377ce8\" data-element_type=\"container\" data-e-type=\"container\" data-settings=\"{&quot;background_background&quot;:&quot;classic&quot;}\">\n\t\t\t\t\t<div class=\"e-con-inner\">\n\t\t\t\t\t<\/div>\n\t\t\t\t<\/div>\n\t\t<div class=\"elementor-element elementor-element-afa3140 e-flex e-con-boxed e-con e-parent\" data-id=\"afa3140\" data-element_type=\"container\" data-e-type=\"container\">\n\t\t\t\t\t<div class=\"e-con-inner\">\n\t\t<div class=\"elementor-element elementor-element-c7579d4 e-con-full e-flex e-con e-child\" data-id=\"c7579d4\" data-element_type=\"container\" data-e-type=\"container\">\n\t\t\t\t<div class=\"elementor-element elementor-element-9fb17be elementor-widget elementor-widget-heading\" data-id=\"9fb17be\" data-element_type=\"widget\" data-e-type=\"widget\" data-widget_type=\"heading.default\">\n\t\t\t\t<div class=\"elementor-widget-container\">\n\t\t\t\t\t<h1 class=\"elementor-heading-title elementor-size-default\">ERLEBNISSE<\/h1>\t\t\t\t<\/div>\n\t\t\t\t<\/div>\n\t\t\t\t<div class=\"elementor-element elementor-element-b8e435c elementor-widget elementor-widget-heading\" data-id=\"b8e435c\" data-element_type=\"widget\" data-e-type=\"widget\" data-widget_type=\"heading.default\">\n\t\t\t\t<div class=\"elementor-widget-container\">\n\t\t\t\t\t<h1 class=\"elementor-heading-title elementor-size-default\">LERNEN SIE DIE KULINARIK VON IDRIJA KENNEN<\/h1>\t\t\t\t<\/div>\n\t\t\t\t<\/div>\n\t\t\t\t<div class=\"elementor-element elementor-element-0181884 elementor-widget elementor-widget-heading\" data-id=\"0181884\" data-element_type=\"widget\" data-e-type=\"widget\" data-widget_type=\"heading.default\">\n\t\t\t\t<div class=\"elementor-widget-container\">\n\t\t\t\t\t<h2 class=\"elementor-heading-title elementor-size-default\">Lernen Sie, die lokalen Meisterwerke zuzubereiten.<\/h2>\t\t\t\t<\/div>\n\t\t\t\t<\/div>\n\t\t\t\t<div class=\"elementor-element elementor-element-2c21752 elementor-widget elementor-widget-text-editor\" data-id=\"2c21752\" data-element_type=\"widget\" data-e-type=\"widget\" data-widget_type=\"text-editor.default\">\n\t\t\t\t<div class=\"elementor-widget-container\">\n\t\t\t\t\t\t\t\t\t<p>Die Meisterk\u00f6che des Herrenhauses Kenda teilen ihr Wissen gern mit Kindern und Erwachsenen. Sie k\u00f6nnen unter ihrer F\u00fchrung lernen, traditionelle lokale Gerichte zuzubereiten wie Schlickkrapfen, gekochte Strudel, Potitze oder verschiedene Brotarten. <\/p>\t\t\t\t\t\t\t\t<\/div>\n\t\t\t\t<\/div>\n\t\t\t\t<\/div>\n\t\t<div class=\"elementor-element elementor-element-d3842bf e-con-full e-flex e-con e-child\" data-id=\"d3842bf\" data-element_type=\"container\" data-e-type=\"container\">\n\t\t\t\t<div class=\"elementor-element elementor-element-e4cefc3 elementor-widget elementor-widget-image\" data-id=\"e4cefc3\" data-element_type=\"widget\" data-e-type=\"widget\" data-widget_type=\"image.default\">\n\t\t\t\t<div class=\"elementor-widget-container\">\n\t\t\t\t\t\t\t\t\t\t\t\t\t\t\t<img fetchpriority=\"high\" decoding=\"async\" width=\"800\" height=\"534\" src=\"https:\/\/kendov-dvorec.com\/wp-content\/uploads\/2025\/09\/17015808_1284397281614774_2947915258894734020_o-1024x684.jpg\" class=\"attachment-large size-large wp-image-23954\" alt=\"\" srcset=\"https:\/\/kendov-dvorec.com\/wp-content\/uploads\/2025\/09\/17015808_1284397281614774_2947915258894734020_o-1024x684.jpg 1024w, https:\/\/kendov-dvorec.com\/wp-content\/uploads\/2025\/09\/17015808_1284397281614774_2947915258894734020_o-300x200.jpg 300w, https:\/\/kendov-dvorec.com\/wp-content\/uploads\/2025\/09\/17015808_1284397281614774_2947915258894734020_o-768x513.jpg 768w, https:\/\/kendov-dvorec.com\/wp-content\/uploads\/2025\/09\/17015808_1284397281614774_2947915258894734020_o-1536x1025.jpg 1536w, https:\/\/kendov-dvorec.com\/wp-content\/uploads\/2025\/09\/17015808_1284397281614774_2947915258894734020_o.jpg 2048w\" sizes=\"(max-width: 800px) 100vw, 800px\" \/>\t\t\t\t\t\t\t\t\t\t\t\t\t\t\t<\/div>\n\t\t\t\t<\/div>\n\t\t\t\t<\/div>\n\t\t\t\t\t<\/div>\n\t\t\t\t<\/div>\n\t\t<div class=\"elementor-element elementor-element-43ee680 e-flex e-con-boxed e-con e-parent\" data-id=\"43ee680\" data-element_type=\"container\" data-e-type=\"container\">\n\t\t\t\t\t<div class=\"e-con-inner\">\n\t\t<div class=\"elementor-element elementor-element-1deba5f e-con-full e-flex e-con e-child\" data-id=\"1deba5f\" data-element_type=\"container\" data-e-type=\"container\">\n\t\t\t\t<div class=\"elementor-element elementor-element-b639a1d elementor-widget elementor-widget-n-accordion\" data-id=\"b639a1d\" data-element_type=\"widget\" data-e-type=\"widget\" data-settings=\"{&quot;default_state&quot;:&quot;all_collapsed&quot;,&quot;max_items_expended&quot;:&quot;one&quot;,&quot;n_accordion_animation_duration&quot;:{&quot;unit&quot;:&quot;ms&quot;,&quot;size&quot;:400,&quot;sizes&quot;:[]}}\" data-widget_type=\"nested-accordion.default\">\n\t\t\t\t<div class=\"elementor-widget-container\">\n\t\t\t\t\t\t\t<div class=\"e-n-accordion\" aria-label=\"Accordion. Open links with Enter or Space, close with Escape, and navigate with Arrow Keys\">\n\t\t\t\t\t\t<details id=\"e-n-accordion-item-1910\" class=\"e-n-accordion-item\" >\n\t\t\t\t<summary class=\"e-n-accordion-item-title\" data-accordion-index=\"1\" tabindex=\"0\" aria-expanded=\"false\" aria-controls=\"e-n-accordion-item-1910\" >\n\t\t\t\t\t<span class='e-n-accordion-item-title-header'><div class=\"e-n-accordion-item-title-text\"> Mehr informationen <\/div><\/span>\n\t\t\t\t\t\t\t<span class='e-n-accordion-item-title-icon'>\n\t\t\t<span class='e-opened' ><svg aria-hidden=\"true\" class=\"e-font-icon-svg e-fas-chevron-up\" viewBox=\"0 0 448 512\" xmlns=\"http:\/\/www.w3.org\/2000\/svg\"><path d=\"M240.971 130.524l194.343 194.343c9.373 9.373 9.373 24.569 0 33.941l-22.667 22.667c-9.357 9.357-24.522 9.375-33.901.04L224 227.495 69.255 381.516c-9.379 9.335-24.544 9.317-33.901-.04l-22.667-22.667c-9.373-9.373-9.373-24.569 0-33.941L207.03 130.525c9.372-9.373 24.568-9.373 33.941-.001z\"><\/path><\/svg><\/span>\n\t\t\t<span class='e-closed'><svg aria-hidden=\"true\" class=\"e-font-icon-svg e-fas-chevron-down\" viewBox=\"0 0 448 512\" xmlns=\"http:\/\/www.w3.org\/2000\/svg\"><path d=\"M207.029 381.476L12.686 187.132c-9.373-9.373-9.373-24.569 0-33.941l22.667-22.667c9.357-9.357 24.522-9.375 33.901-.04L224 284.505l154.745-154.021c9.379-9.335 24.544-9.317 33.901.04l22.667 22.667c9.373 9.373 9.373 24.569 0 33.941L240.971 381.476c-9.373 9.372-24.569 9.372-33.942 0z\"><\/path><\/svg><\/span>\n\t\t<\/span>\n\n\t\t\t\t\t\t<\/summary>\n\t\t\t\t<div role=\"region\" aria-labelledby=\"e-n-accordion-item-1910\" class=\"elementor-element elementor-element-565b7bf e-con-full e-flex e-con e-child\" data-id=\"565b7bf\" data-element_type=\"container\" data-e-type=\"container\">\n\t\t\t\t<div class=\"elementor-element elementor-element-3217efa elementor-widget elementor-widget-text-editor\" data-id=\"3217efa\" data-element_type=\"widget\" data-e-type=\"widget\" data-widget_type=\"text-editor.default\">\n\t\t\t\t<div class=\"elementor-widget-container\">\n\t\t\t\t\t\t\t\t\t<p>Ein Koch- oder Backkurs im Herrenhaus Kenda ist nach vorheriger Absprache und zu den verf\u00fcgbaren Terminen m\u00f6glich.<\/p><p>Nach Absprache organisieren wir Koch- oder Backkurse f\u00fcr kleinere Teilnehmergruppen, z.B. Kinder, Paare, Familien, Mitarbeiter oder Gesch\u00e4ftspartner. <\/p>\t\t\t\t\t\t\t\t<\/div>\n\t\t\t\t<\/div>\n\t\t\t\t<\/div>\n\t\t\t\t\t<\/details>\n\t\t\t\t\t<\/div>\n\t\t\t\t\t\t<\/div>\n\t\t\t\t<\/div>\n\t\t\t\t<\/div>\n\t\t\t\t\t<\/div>\n\t\t\t\t<\/div>\n\t\t\t\t<\/div>\n\t\t","protected":false},"excerpt":{"rendered":"<p>ERLEBNISSE LERNEN SIE DIE KULINARIK VON IDRIJA KENNEN Lernen Sie, die lokalen Meisterwerke zuzubereiten. Die Meisterk\u00f6che des Herrenhauses Kenda teilen ihr Wissen gern mit Kindern und Erwachsenen. Sie k\u00f6nnen unter ihrer F\u00fchrung lernen, traditionelle lokale Gerichte zuzubereiten wie Schlickkrapfen, gekochte Strudel, Potitze oder verschiedene Brotarten. Mehr informationen Ein Koch- oder Backkurs im Herrenhaus Kenda ist [&hellip;]<\/p>\n","protected":false},"author":1,"featured_media":1866,"parent":26714,"menu_order":3,"comment_status":"closed","ping_status":"closed","template":"elementor_header_footer","meta":{"footnotes":""},"class_list":["post-26863","page","type-page","status-publish","has-post-thumbnail","hentry"],"_links":{"self":[{"href":"https:\/\/kendov-dvorec.com\/de\/wp-json\/wp\/v2\/pages\/26863","targetHints":{"allow":["GET"]}}],"collection":[{"href":"https:\/\/kendov-dvorec.com\/de\/wp-json\/wp\/v2\/pages"}],"about":[{"href":"https:\/\/kendov-dvorec.com\/de\/wp-json\/wp\/v2\/types\/page"}],"author":[{"embeddable":true,"href":"https:\/\/kendov-dvorec.com\/de\/wp-json\/wp\/v2\/users\/1"}],"replies":[{"embeddable":true,"href":"https:\/\/kendov-dvorec.com\/de\/wp-json\/wp\/v2\/comments?post=26863"}],"version-history":[{"count":3,"href":"https:\/\/kendov-dvorec.com\/de\/wp-json\/wp\/v2\/pages\/26863\/revisions"}],"predecessor-version":[{"id":27766,"href":"https:\/\/kendov-dvorec.com\/de\/wp-json\/wp\/v2\/pages\/26863\/revisions\/27766"}],"up":[{"embeddable":true,"href":"https:\/\/kendov-dvorec.com\/de\/wp-json\/wp\/v2\/pages\/26714"}],"wp:featuredmedia":[{"embeddable":true,"href":"https:\/\/kendov-dvorec.com\/de\/wp-json\/wp\/v2\/media\/1866"}],"wp:attachment":[{"href":"https:\/\/kendov-dvorec.com\/de\/wp-json\/wp\/v2\/media?parent=26863"}],"curies":[{"name":"wp","href":"https:\/\/api.w.org\/{rel}","templated":true}]}}