{"id":26875,"date":"2024-09-23T17:10:32","date_gmt":"2024-09-23T16:10:32","guid":{"rendered":"https:\/\/kendov-dvorec.com\/erlebnisse\/entspannung-im-spa\/"},"modified":"2026-04-13T11:02:54","modified_gmt":"2026-04-13T10:02:54","slug":"entspannung-im-spa","status":"publish","type":"page","link":"https:\/\/kendov-dvorec.com\/de\/erlebnisse\/entspannung-im-spa\/","title":{"rendered":"Entspannung im Spa"},"content":{"rendered":"\t\t<div data-elementor-type=\"wp-page\" data-elementor-id=\"26875\" class=\"elementor elementor-26875 elementor-20184\" data-elementor-post-type=\"page\">\n\t\t\t\t<div class=\"elementor-element elementor-element-4cdf840 e-flex e-con-boxed e-con e-parent\" data-id=\"4cdf840\" data-element_type=\"container\" data-e-type=\"container\" data-settings=\"{&quot;background_background&quot;:&quot;classic&quot;}\">\n\t\t\t\t\t<div class=\"e-con-inner\">\n\t\t\t\t\t<\/div>\n\t\t\t\t<\/div>\n\t\t<div class=\"elementor-element elementor-element-ec9050a e-flex e-con-boxed e-con e-parent\" data-id=\"ec9050a\" data-element_type=\"container\" data-e-type=\"container\">\n\t\t\t\t\t<div class=\"e-con-inner\">\n\t\t<div class=\"elementor-element elementor-element-505fa7a e-con-full e-flex e-con e-child\" data-id=\"505fa7a\" data-element_type=\"container\" data-e-type=\"container\">\n\t\t\t\t<div class=\"elementor-element elementor-element-9b06344 elementor-widget elementor-widget-heading\" data-id=\"9b06344\" data-element_type=\"widget\" data-e-type=\"widget\" data-widget_type=\"heading.default\">\n\t\t\t\t<div class=\"elementor-widget-container\">\n\t\t\t\t\t<h1 class=\"elementor-heading-title elementor-size-default\">ERLEBNISSE<\/h1>\t\t\t\t<\/div>\n\t\t\t\t<\/div>\n\t\t\t\t<div class=\"elementor-element elementor-element-86941e9 elementor-widget elementor-widget-heading\" data-id=\"86941e9\" data-element_type=\"widget\" data-e-type=\"widget\" data-widget_type=\"heading.default\">\n\t\t\t\t<div class=\"elementor-widget-container\">\n\t\t\t\t\t<h1 class=\"elementor-heading-title elementor-size-default\">ENTSPANNUNG IM SPA<\/h1>\t\t\t\t<\/div>\n\t\t\t\t<\/div>\n\t\t\t\t<div class=\"elementor-element elementor-element-99ad4d5 elementor-widget elementor-widget-heading\" data-id=\"99ad4d5\" data-element_type=\"widget\" data-e-type=\"widget\" data-widget_type=\"heading.default\">\n\t\t\t\t<div class=\"elementor-widget-container\">\n\t\t\t\t\t<h1 class=\"elementor-heading-title elementor-size-default\">Ausgezeichnete Entspannung w\u00e4hrend Ihres Aufenthalts.<\/h1>\t\t\t\t<\/div>\n\t\t\t\t<\/div>\n\t\t\t\t<div class=\"elementor-element elementor-element-96b8471 elementor-widget elementor-widget-text-editor\" data-id=\"96b8471\" data-element_type=\"widget\" data-e-type=\"widget\" data-widget_type=\"text-editor.default\">\n\t\t\t\t<div class=\"elementor-widget-container\">\n\t\t\t\t\t\t\t\t\t<p>Obwohl unser Hotel kein eigenes Spa-Zentrum hat, gibt es in der N\u00e4he zwei hervorragende Optionen, die perfekte Entspannung bieten:<\/p>\t\t\t\t\t\t\t\t<\/div>\n\t\t\t\t<\/div>\n\t\t\t\t<div class=\"elementor-element elementor-element-da31192 elementor-widget elementor-widget-heading\" data-id=\"da31192\" data-element_type=\"widget\" data-e-type=\"widget\" data-widget_type=\"heading.default\">\n\t\t\t\t<div class=\"elementor-widget-container\">\n\t\t\t\t\t<h3 class=\"elementor-heading-title elementor-size-default\">Wellness im Bunker \u201eHi\u0161ka na Gri\u010du\u201c<\/h3>\t\t\t\t<\/div>\n\t\t\t\t<\/div>\n\t\t\t\t<div class=\"elementor-element elementor-element-f9f6a31 elementor-widget elementor-widget-text-editor\" data-id=\"f9f6a31\" data-element_type=\"widget\" data-e-type=\"widget\" data-widget_type=\"text-editor.default\">\n\t\t\t\t<div class=\"elementor-widget-container\">\n\t\t\t\t\t\t\t\t\t<p>Es befindet sich in einem renovierten unterirdischen Bunker in Idrijske Krnice. Es bietet eine finnische Sauna sowie einen angenehmen Raum zur Entspannung. Mit nat\u00fcrlichen Materialien und handgefertigten M\u00f6beln sorgt es f\u00fcr eine warme und ruhige Atmosph\u00e4re, umgeben von der Natur.  <br><a href=\"https:\/\/www.hiskanagricu.si\/en\/wellness\/#top\" target=\"_blank\" rel=\"noopener\"><span style=\"color: #b4975a;\">Mehr &gt;&gt;<\/span><\/a><\/p>\t\t\t\t\t\t\t\t<\/div>\n\t\t\t\t<\/div>\n\t\t\t\t<div class=\"elementor-element elementor-element-65fc0ad elementor-widget elementor-widget-heading\" data-id=\"65fc0ad\" data-element_type=\"widget\" data-e-type=\"widget\" data-widget_type=\"heading.default\">\n\t\t\t\t<div class=\"elementor-widget-container\">\n\t\t\t\t\t<h3 class=\"elementor-heading-title elementor-size-default\">Wellness Na kup\u010dku<\/h3>\t\t\t\t<\/div>\n\t\t\t\t<\/div>\n\t\t\t\t<div class=\"elementor-element elementor-element-bfe072b elementor-widget elementor-widget-text-editor\" data-id=\"bfe072b\" data-element_type=\"widget\" data-e-type=\"widget\" data-widget_type=\"text-editor.default\">\n\t\t\t\t<div class=\"elementor-widget-container\">\n\t\t\t\t\t\t\t\t\t<p>Diese ruhige Oase bietet einen herrlichen Ausblick auf die umliegende Landschaft und bietet entspannende Behandlungen, die ideal sind, um wieder mit der Natur in Verbindung zu treten und neue Energie zu tanken.<br><a href=\"https:\/\/www.instagram.com\/na_kupcku_estate\/\" target=\"_blank\" rel=\"noopener\"><span style=\"color: #b4975a;\">Mehr &gt;&gt;<\/span><\/a><\/p>\t\t\t\t\t\t\t\t<\/div>\n\t\t\t\t<\/div>\n\t\t\t\t<\/div>\n\t\t<div class=\"elementor-element elementor-element-b4ebc97 e-con-full e-flex e-con e-child\" data-id=\"b4ebc97\" data-element_type=\"container\" data-e-type=\"container\">\n\t\t\t\t<div class=\"elementor-element elementor-element-faaaa1b elementor-widget elementor-widget-image\" data-id=\"faaaa1b\" data-element_type=\"widget\" data-e-type=\"widget\" data-widget_type=\"image.default\">\n\t\t\t\t<div class=\"elementor-widget-container\">\n\t\t\t\t\t\t\t\t\t\t\t\t\t\t\t<img fetchpriority=\"high\" decoding=\"async\" width=\"800\" height=\"534\" src=\"https:\/\/kendov-dvorec.com\/wp-content\/uploads\/2026\/04\/837073966.jpg\" class=\"attachment-large size-large wp-image-27448\" alt=\"\" srcset=\"https:\/\/kendov-dvorec.com\/wp-content\/uploads\/2026\/04\/837073966.jpg 1024w, https:\/\/kendov-dvorec.com\/wp-content\/uploads\/2026\/04\/837073966-300x200.jpg 300w, https:\/\/kendov-dvorec.com\/wp-content\/uploads\/2026\/04\/837073966-768x512.jpg 768w\" sizes=\"(max-width: 800px) 100vw, 800px\" \/>\t\t\t\t\t\t\t\t\t\t\t\t\t\t\t<\/div>\n\t\t\t\t<\/div>\n\t\t\t\t<\/div>\n\t\t\t\t\t<\/div>\n\t\t\t\t<\/div>\n\t\t\t\t<\/div>\n\t\t","protected":false},"excerpt":{"rendered":"<p>ERLEBNISSE ENTSPANNUNG IM SPA Ausgezeichnete Entspannung w\u00e4hrend Ihres Aufenthalts. Obwohl unser Hotel kein eigenes Spa-Zentrum hat, gibt es in der N\u00e4he zwei hervorragende Optionen, die perfekte Entspannung bieten: Wellness im Bunker \u201eHi\u0161ka na Gri\u010du\u201c Es befindet sich in einem renovierten unterirdischen Bunker in Idrijske Krnice. Es bietet eine finnische Sauna sowie einen angenehmen Raum zur [&hellip;]<\/p>\n","protected":false},"author":1,"featured_media":0,"parent":26714,"menu_order":1,"comment_status":"closed","ping_status":"closed","template":"elementor_header_footer","meta":{"footnotes":""},"class_list":["post-26875","page","type-page","status-publish","hentry"],"_links":{"self":[{"href":"https:\/\/kendov-dvorec.com\/de\/wp-json\/wp\/v2\/pages\/26875","targetHints":{"allow":["GET"]}}],"collection":[{"href":"https:\/\/kendov-dvorec.com\/de\/wp-json\/wp\/v2\/pages"}],"about":[{"href":"https:\/\/kendov-dvorec.com\/de\/wp-json\/wp\/v2\/types\/page"}],"author":[{"embeddable":true,"href":"https:\/\/kendov-dvorec.com\/de\/wp-json\/wp\/v2\/users\/1"}],"replies":[{"embeddable":true,"href":"https:\/\/kendov-dvorec.com\/de\/wp-json\/wp\/v2\/comments?post=26875"}],"version-history":[{"count":4,"href":"https:\/\/kendov-dvorec.com\/de\/wp-json\/wp\/v2\/pages\/26875\/revisions"}],"predecessor-version":[{"id":28031,"href":"https:\/\/kendov-dvorec.com\/de\/wp-json\/wp\/v2\/pages\/26875\/revisions\/28031"}],"up":[{"embeddable":true,"href":"https:\/\/kendov-dvorec.com\/de\/wp-json\/wp\/v2\/pages\/26714"}],"wp:attachment":[{"href":"https:\/\/kendov-dvorec.com\/de\/wp-json\/wp\/v2\/media?parent=26875"}],"curies":[{"name":"wp","href":"https:\/\/api.w.org\/{rel}","templated":true}]}}