{"id":26925,"date":"2023-07-17T12:23:49","date_gmt":"2023-07-17T11:23:49","guid":{"rendered":"https:\/\/kendov-dvorec.com\/home-orig\/"},"modified":"2023-07-17T12:23:49","modified_gmt":"2023-07-17T11:23:49","slug":"home-orig","status":"publish","type":"page","link":"https:\/\/kendov-dvorec.com\/de\/home-orig\/","title":{"rendered":"Home-orig"},"content":{"rendered":"<p>[vc_row][vc_column offset=&#8220;vc_hidden-lg vc_hidden-md vc_hidden-sm&#8220;][vc_widget_sidebar sidebar_id=&#8220;avada-custom-sidebar-bookbuttonmobile&#8220;][\/vc_column][\/vc_row][vc_row full_width=&#8220;stretch_row_content_no_spaces&#8220;][vc_column][rev_slider_vc alias=&#8220;homepage_slider&#8220;][\/vc_column][\/vc_row][vc_row css=&#8220;.vc_custom_1507208982576{padding-top: 45px !important;padding-bottom: 45px !important;}&#8220;][vc_column][vc_row_inner][vc_column_inner width=&#8220;1\/4&#8243;][\/vc_column_inner][vc_column_inner width=&#8220;1\/2&#8243;][vc_single_image image=&#8220;7482&#8243; img_size=&#8220;full&#8220; alignment=&#8220;center&#8220;][\/vc_column_inner][vc_column_inner width=&#8220;1\/4&#8243;][\/vc_column_inner][\/vc_row_inner][vc_row_inner][vc_column_inner width=&#8220;1\/6&#8243;][\/vc_column_inner][vc_column_inner width=&#8220;2\/3&#8243;][vc_column_text]<\/p>\n<p style=\"text-align: center;\">Kendov dvorec ist ein einzigartiges 5 Sterne Hotel im altehrw\u00fcrdigen Spodnja Idrija, Mitglied des internationalen Verbands Relais &amp; Ch\u00e2teaux. Die Wurzeln des Kendov dvorec reichen weit zur\u00fcck in das Jahr 1377, als die ersten Besitzer schon einen Bauernhof \u00fcber dem Tal des Flusses Idrijca bewirtschafteten. Das m\u00e4chtige Geb\u00e4ude in Spodnja Idrija, das sich seit 1156 im Schutz der Wallfahrtskirche Maria auf dem Felsen entwickelte, ist heute renoviert und im Geiste der vergangenen Zeiten wiederbelebt. <\/p>\n<p>[\/vc_column_text][vc_btn title=&#8220;MEHR \u00dcBER KENDOV DVOREC&#8220; style=&#8220;outline&#8220; shape=&#8220;square&#8220; color=&#8220;black&#8220; align=&#8220;center&#8220; link=&#8220;url:https%3A%2F%2Fkendov-dvorec.zipp.si%2Fkendov-dvorec%2F|&#8220;][\/vc_column_inner][vc_column_inner width=&#8220;1\/6&#8243;][\/vc_column_inner][\/vc_row_inner][\/vc_column][\/vc_row][vc_row full_width=&#8220;stretch_row&#8220; transparent=&#8220;transparent&#8220; row_padding_top=&#8220;padding_top_1-2&#8243; el_class=&#8220;negative_margin_bottom_150_front&#8220; css=&#8220;.vc_custom_1507214952467{padding-top: 30px !important;padding-bottom: 30px !important;background-color: #f7f2e7 !important;}&#8220;][vc_column][vc_column_text]<\/p>\n<h1 style=\"text-align: center;\">ANGEBOTE<\/h1>\n<h2 style=\"text-align: center;\">Entdecken Sie das ruhige Ambiente des Herrenhauses,<br \/>das reiche Erbe und die wundersch\u00f6ne Natur.<\/h2>\n<p>[\/vc_column_text][vc_row_inner][vc_column_inner width=&#8220;1\/3&#8243;][vc_single_image image=&#8220;4755&#8243; img_size=&#8220;full&#8220; alignment=&#8220;center&#8220; onclick=&#8220;custom_link&#8220; link=&#8220;https:\/\/kendov-dvorec.zipp.si\/ponudbe\/gurmansko-dozivetje\/&#8220;][vc_column_text]<\/p>\n<h3 class=\"fusion-responsive-typography-calculated\" data-fontsize=\"28\" data-lineheight=\"42px\"><a href=\"https:\/\/kendov-dvorec.zipp.si\/ponudbe\/gurmansko-dozivetje\/\">FEINSCHMECKER-ERLEBNIS<\/a><\/h3>\n<p>Lernen Sie unsere originelle lokale Kulinarik kennen, die die Fertigkeiten der K\u00f6che des Hauses und die bew\u00e4hrten Rezepte unserer Gro\u00dfm\u00fctter vereint.<br \/>\n<a href=\"https:\/\/kendov-dvorec.zipp.si\/ponudbe\/gurmansko-dozivetje\/\">Mehr \u203a\u203a<\/a><\/p>\n<p>[\/vc_column_text][\/vc_column_inner][vc_column_inner width=&#8220;1\/3&#8243;][vc_single_image image=&#8220;4585&#8243; img_size=&#8220;full&#8220; alignment=&#8220;center&#8220; onclick=&#8220;custom_link&#8220; link=&#8220;https:\/\/kendov-dvorec.zipp.si\/ponudbe\/raj-za-muharjenje\/&#8220;][vc_column_text]<\/p>\n<h3><\/h3>\n<h3 class=\"fusion-responsive-typography-calculated\" data-fontsize=\"28\" data-lineheight=\"42px\"><a href=\"https:\/\/kendov-dvorec.zipp.si\/ponudbe\/raj-za-muharjenje\/\">PARADIES F\u00dcR FLIEGENFISCHER<\/a><\/h3>\n<p>Vereinen Sie Ihre Anglerleidenschaft mit Erholung im Kendov dvorec, nur einige Schritte von kristallklaren Fl\u00fcssen entfernt.<br \/>\n<a href=\"https:\/\/kendov-dvorec.zipp.si\/ponudbe\/raj-za-muharjenje\/\">Mehr \u203a\u203a<\/a><\/p>\n<p>[\/vc_column_text][\/vc_column_inner][vc_column_inner width=&#8220;1\/3&#8243;][vc_single_image image=&#8220;4649&#8243; img_size=&#8220;full&#8220; alignment=&#8220;center&#8220; onclick=&#8220;custom_link&#8220; link=&#8220;https:\/\/kendov-dvorec.zipp.si\/ponudbe\/romanticni-oddih\/&#8220;][vc_column_text]<\/p>\n<h3><a href=\"https:\/\/kendov-dvorec.zipp.si\/ponudbe\/romanticni-oddih\/\">ROMANTISCHE ERHOLUNG<\/a><\/h3>\n<div class=\"ProductDesc Mrgn6\">\n<p class=\"fusion-responsive-typography-calculated\" data-fontsize=\"45\" data-lineheight=\"54px\">Die Erholung im Kendov dvorec mit der geliebten Person wird mit unserem Sonderpaket, das ein romantisches Abendessen im Kerzenschein enth\u00e4lt, unvergesslich bleiben.<br \/>\n<a href=\"http:\/\/ponudbe\/romanticni-oddih\">Mehr \u203a\u203a \u203a\u203a<\/a><\/p>\n<\/div>\n<p>[\/vc_column_text][\/vc_column_inner][\/vc_row_inner][vc_btn title=&#8220;ALLE ANGEBOTE ANSEHEN&#8220; style=&#8220;outline&#8220; shape=&#8220;square&#8220; color=&#8220;black&#8220; align=&#8220;center&#8220; link=&#8220;url:https%3A%2F%2Fkendov-dvorec.zipp.si%2Fponudbe%2F|&#8220; css=&#8220;.vc_custom_1512148854188{padding-bottom: 20px !important;}&#8220;][\/vc_column][\/vc_row][vc_row transparent=&#8220;transparent&#8220; row_padding_top=&#8220;padding_top_1-2&#8243; row_padding_bottom=&#8220;padding_bottom_1-2&#8243; css=&#8220;.vc_custom_1507276938742{padding-top: 50px !important;padding-bottom: 50px !important;}&#8220;][vc_column width=&#8220;2\/3&#8243; align=&#8220;text-center&#8220;][vc_single_image image=&#8220;3991&#8243; img_size=&#8220;full&#8220; onclick=&#8220;custom_link&#8220; link=&#8220;\/kulinarika\/&#8220;][\/vc_column][vc_column width=&#8220;1\/3&#8243;][vc_column_text]<\/p>\n<h1><a href=\"\/kulinarika\/\">Kendas K\u00fcche<\/a><\/h1>\n<h2>Poesie \u2013 originell und raffiniert bescheiden.<\/h2>\n<p>Die K\u00f6che des Kendov dvorec bereiten Speisen nach bew\u00e4hrten altehrw\u00fcrdigen Rezepten zu, aus frischen Zutaten, die die nahe Umgebung bietet. Die Men\u00fcs des Hauses \u00e4ndern sich deshalb je nach Jahreszeit. Schlickkrapfen, das Lammfleisch-Schmorgericht \u201eBakalca\u201c, \u201eBati\u201c, Rindfleisch-Eintopf, \u201e\u0160truklji\u201c (Topfen-Kochstrudel), die Besonderheiten der wiederentdeckten K\u00fcche von Idrija spiegeln die jahrhundertealte Tradition und die Handfertigkeiten unserer Gro\u00dfm\u00fctter wider.<br \/>\n<a href=\"\/kulinarika\/\">Mehr \u203a\u203a<\/a>[\/vc_column_text][\/vc_column][\/vc_row][vc_row][vc_column][vc_separator color=&#8220;custom&#8220; accent_color=&#8220;#e5e5e5&#8243;][\/vc_column][\/vc_row][vc_row transparent=&#8220;transparent&#8220; row_padding_top=&#8220;padding_top_1-2&#8243; row_padding_bottom=&#8220;padding_bottom_1-2&#8243; css=&#8220;.vc_custom_1507276973449{padding-top: 50px !important;padding-bottom: 50px !important;}&#8220;][vc_column width=&#8220;1\/3&#8243; align=&#8220;text-center&#8220;][vc_column_text]<\/p>\n<h1><a href=\"https:\/\/kendov-dvorec.zipp.si\/dozivetja\/pokusina-vin\/\">Erlesene Weine<\/a><\/h1>\n<h2>Nat\u00fcrliches mit Nat\u00fcrlichem, Exzellentes mit Exzellentem.<\/h2>\n<p>Im Kendov dvorec wird hohe Aufmerksamkeit auf Exzellenz und Einfachheit der Aromen der hauseigenen Speisen gerichtet, die durch Spitzenweine der k\u00fcstenl\u00e4ndischen Winzer hervorragend erg\u00e4nzt werden.<br \/>\nEin wahres Fest f\u00fcr alle Sinne ist die Verkostung erlesener Weine aus Kendas Keller, durch den Sie vom Sommelier des Hauses oder Winzer gef\u00fchrt werden.<br \/>\n<a href=\"https:\/\/kendov-dvorec.zipp.si\/dozivetja\/pokusina-vin\/\">Mehr \u203a\u203a<\/a>[\/vc_column_text][\/vc_column][vc_column width=&#8220;2\/3&#8243;][vc_single_image image=&#8220;6275&#8243; img_size=&#8220;full&#8220; onclick=&#8220;custom_link&#8220; link=&#8220;https:\/\/kendov-dvorec.zipp.si\/dozivetja\/pokusina-vin\/&#8220;][\/vc_column][\/vc_row][vc_row full_width=&#8220;stretch_row&#8220; css=&#8220;.vc_custom_1556782727867{padding-top: 35px !important;padding-bottom: 35px !important;background-color: #f7f2e7 !important;}&#8220;][vc_column][vc_column_text]<\/p>\n<h1 style=\"text-align: center;\">GESCHICHTEN<\/h1>\n<p>[\/vc_column_text][vc_widget_sidebar sidebar_id=&#8220;avada-custom-sidebar-zgodbewidget&#8220;][vc_btn title=&#8220;ALLE UNSERE GESCHICHTEN ANSEHEN&#8220; style=&#8220;outline&#8220; shape=&#8220;square&#8220; color=&#8220;black&#8220; align=&#8220;center&#8220; link=&#8220;url:https%3A%2F%2Fkendov-dvorec.zipp.si%2Fzgodbe%2F|&#8220; css=&#8220;.vc_custom_1556010971889{padding-bottom: 20px !important;}&#8220;][\/vc_column][\/vc_row][vc_row css=&#8220;.vc_custom_1507284704686{padding-top: 25px !important;padding-bottom: 25px !important;}&#8220;][vc_column width=&#8220;1\/6&#8243;][\/vc_column][vc_column width=&#8220;2\/3&#8243;][vc_widget_sidebar sidebar_id=&#8220;avada-custom-sidebar-testimonials&#8220;][\/vc_column][vc_column width=&#8220;1\/6&#8243;][\/vc_column][\/vc_row][vc_row full_width=&#8220;stretch_row&#8220; row_padding_top=&#8220;padding_top_1-2&#8243; css=&#8220;.vc_custom_1507531557100{padding-bottom: 25px !important;background-color: #323232 !important;}&#8220; el_class=&#8220;footer_novice&#8220;][vc_column][vc_column_text]<\/p>\n<h1 style=\"text-align: center;\"><span style=\"color: #b4975a;\">NEWSLETTER<\/span><\/h1>\n<p>[\/vc_column_text][vc_widget_sidebar sidebar_id=&#8220;avada-custom-sidebar-mailchimpnewsletter&#8220;][\/vc_column][\/vc_row]<\/p>\n","protected":false},"excerpt":{"rendered":"<p>[vc_row][vc_column offset=&#8220;vc_hidden-lg vc_hidden-md vc_hidden-sm&#8220;][vc_widget_sidebar sidebar_id=&#8220;avada-custom-sidebar-bookbuttonmobile&#8220;][\/vc_column][\/vc_row][vc_row full_width=&#8220;stretch_row_content_no_spaces&#8220;][vc_column][rev_slider_vc alias=&#8220;homepage_slider&#8220;][\/vc_column][\/vc_row][vc_row css=&#8220;.vc_custom_1507208982576{padding-top: 45px !important;padding-bottom: 45px !important;}&#8220;][vc_column][vc_row_inner][vc_column_inner width=&#8220;1\/4&#8243;][\/vc_column_inner][vc_column_inner width=&#8220;1\/2&#8243;][vc_single_image image=&#8220;7482&#8243; img_size=&#8220;full&#8220; alignment=&#8220;center&#8220;][\/vc_column_inner][vc_column_inner width=&#8220;1\/4&#8243;][\/vc_column_inner][\/vc_row_inner][vc_row_inner][vc_column_inner width=&#8220;1\/6&#8243;][\/vc_column_inner][vc_column_inner width=&#8220;2\/3&#8243;][vc_column_text] Kendov dvorec ist ein einzigartiges 5 Sterne Hotel im altehrw\u00fcrdigen Spodnja Idrija, Mitglied des internationalen Verbands Relais &amp; Ch\u00e2teaux. Die Wurzeln des Kendov dvorec reichen weit zur\u00fcck in das Jahr 1377, als die ersten Besitzer [&hellip;]<\/p>\n","protected":false},"author":1,"featured_media":0,"parent":0,"menu_order":1,"comment_status":"closed","ping_status":"closed","template":"","meta":{"footnotes":""},"class_list":["post-26925","page","type-page","status-publish","hentry"],"_links":{"self":[{"href":"https:\/\/kendov-dvorec.com\/de\/wp-json\/wp\/v2\/pages\/26925","targetHints":{"allow":["GET"]}}],"collection":[{"href":"https:\/\/kendov-dvorec.com\/de\/wp-json\/wp\/v2\/pages"}],"about":[{"href":"https:\/\/kendov-dvorec.com\/de\/wp-json\/wp\/v2\/types\/page"}],"author":[{"embeddable":true,"href":"https:\/\/kendov-dvorec.com\/de\/wp-json\/wp\/v2\/users\/1"}],"replies":[{"embeddable":true,"href":"https:\/\/kendov-dvorec.com\/de\/wp-json\/wp\/v2\/comments?post=26925"}],"version-history":[{"count":0,"href":"https:\/\/kendov-dvorec.com\/de\/wp-json\/wp\/v2\/pages\/26925\/revisions"}],"wp:attachment":[{"href":"https:\/\/kendov-dvorec.com\/de\/wp-json\/wp\/v2\/media?parent=26925"}],"curies":[{"name":"wp","href":"https:\/\/api.w.org\/{rel}","templated":true}]}}