{"id":26931,"date":"2017-09-15T21:06:26","date_gmt":"2017-09-15T20:06:26","guid":{"rendered":"https:\/\/kendov-dvorec.com\/kendov-dvorec\/"},"modified":"2026-04-07T08:15:24","modified_gmt":"2026-04-07T07:15:24","slug":"kendov-dvorec","status":"publish","type":"page","link":"https:\/\/kendov-dvorec.com\/de\/kendov-dvorec\/","title":{"rendered":"Kendov dvorec"},"content":{"rendered":"\t\t<div data-elementor-type=\"wp-page\" data-elementor-id=\"26931\" class=\"elementor elementor-26931 elementor-5831\" data-elementor-post-type=\"page\">\n\t\t\t\t<div class=\"elementor-element elementor-element-50589457 e-con-full e-flex e-con e-parent\" data-id=\"50589457\" data-element_type=\"container\" data-e-type=\"container\">\n\t\t\t\t<div class=\"elementor-element elementor-element-10369a1 elementor-widget elementor-widget-image\" data-id=\"10369a1\" data-element_type=\"widget\" data-e-type=\"widget\" data-widget_type=\"image.default\">\n\t\t\t\t<div class=\"elementor-widget-container\">\n\t\t\t\t\t\t\t\t\t\t\t\t\t\t\t<img fetchpriority=\"high\" decoding=\"async\" width=\"2560\" height=\"1707\" src=\"https:\/\/kendov-dvorec.com\/wp-content\/uploads\/2025\/09\/Zunanjost-3-scaled.jpg\" class=\"attachment-full size-full wp-image-26007\" alt=\"\" srcset=\"https:\/\/kendov-dvorec.com\/wp-content\/uploads\/2025\/09\/Zunanjost-3-scaled.jpg 2560w, https:\/\/kendov-dvorec.com\/wp-content\/uploads\/2025\/09\/Zunanjost-3-300x200.jpg 300w, https:\/\/kendov-dvorec.com\/wp-content\/uploads\/2025\/09\/Zunanjost-3-1024x683.jpg 1024w, https:\/\/kendov-dvorec.com\/wp-content\/uploads\/2025\/09\/Zunanjost-3-768x512.jpg 768w, https:\/\/kendov-dvorec.com\/wp-content\/uploads\/2025\/09\/Zunanjost-3-1536x1024.jpg 1536w, https:\/\/kendov-dvorec.com\/wp-content\/uploads\/2025\/09\/Zunanjost-3-2048x1365.jpg 2048w\" sizes=\"(max-width: 2560px) 100vw, 2560px\" \/>\t\t\t\t\t\t\t\t\t\t\t\t\t\t\t<\/div>\n\t\t\t\t<\/div>\n\t\t<div class=\"elementor-element elementor-element-5f67a0c e-con-full e-flex e-con e-child\" data-id=\"5f67a0c\" data-element_type=\"container\" data-e-type=\"container\">\n\t\t<div class=\"elementor-element elementor-element-120c77b e-grid e-con-full e-con e-child\" data-id=\"120c77b\" data-element_type=\"container\" data-e-type=\"container\">\n\t\t<div class=\"elementor-element elementor-element-e009bd3 e-con-full e-flex e-con e-child\" data-id=\"e009bd3\" data-element_type=\"container\" data-e-type=\"container\">\n\t\t\t\t<div class=\"elementor-element elementor-element-75a763a elementor-widget elementor-widget-image\" data-id=\"75a763a\" data-element_type=\"widget\" data-e-type=\"widget\" data-widget_type=\"image.default\">\n\t\t\t\t<div class=\"elementor-widget-container\">\n\t\t\t\t\t\t\t\t\t\t\t\t\t\t\t<img decoding=\"async\" width=\"683\" height=\"1024\" src=\"https:\/\/kendov-dvorec.com\/wp-content\/uploads\/2025\/09\/Zunanjost-10-683x1024.jpg\" class=\"attachment-large size-large wp-image-25979\" alt=\"\" srcset=\"https:\/\/kendov-dvorec.com\/wp-content\/uploads\/2025\/09\/Zunanjost-10-683x1024.jpg 683w, https:\/\/kendov-dvorec.com\/wp-content\/uploads\/2025\/09\/Zunanjost-10-200x300.jpg 200w, https:\/\/kendov-dvorec.com\/wp-content\/uploads\/2025\/09\/Zunanjost-10-768x1152.jpg 768w, https:\/\/kendov-dvorec.com\/wp-content\/uploads\/2025\/09\/Zunanjost-10-1024x1536.jpg 1024w, https:\/\/kendov-dvorec.com\/wp-content\/uploads\/2025\/09\/Zunanjost-10-1365x2048.jpg 1365w, https:\/\/kendov-dvorec.com\/wp-content\/uploads\/2025\/09\/Zunanjost-10-scaled.jpg 1707w\" sizes=\"(max-width: 683px) 100vw, 683px\" \/>\t\t\t\t\t\t\t\t\t\t\t\t\t\t\t<\/div>\n\t\t\t\t<\/div>\n\t\t\t\t<div class=\"elementor-element elementor-element-f536928 elementor-widget elementor-widget-text-editor\" data-id=\"f536928\" data-element_type=\"widget\" data-e-type=\"widget\" data-widget_type=\"text-editor.default\">\n\t\t\t\t<div class=\"elementor-widget-container\">\n\t\t\t\t\t\t\t\t\t<p>Treten Sie in ein Haus ein, wo die Zeit langsamer l\u00e4uft, in einem Rhythmus, den wir inzwischen schon vergessen haben. Kendov Dvorec ist ein Ort, wo die Gelassenheit zuhause ist! Sobald man \u00fcber seine Schwelle tritt, wird die Zeit unwichtig. Die Ruhe des Hauses, der Hauch der Vergangenheit, Kunstwerke, handgekl\u00f6ppelte Spitzen von Idrija, kleine Aufmerksamkeiten auf jedem Schritt, kulinarische Perfektion bei Spitzenweinen und beruhigende Musik ergreifen Sie mit einer unvergesslichen W\u00e4rme, die in Ihrem Herzen bleibt.  <\/p>\t\t\t\t\t\t\t\t<\/div>\n\t\t\t\t<\/div>\n\t\t\t\t<\/div>\n\t\t<div class=\"elementor-element elementor-element-8125b7b e-con-full e-flex e-con e-child\" data-id=\"8125b7b\" data-element_type=\"container\" data-e-type=\"container\">\n\t\t\t\t<div class=\"elementor-element elementor-element-e75838f elementor-widget elementor-widget-heading\" data-id=\"e75838f\" data-element_type=\"widget\" data-e-type=\"widget\" data-widget_type=\"heading.default\">\n\t\t\t\t<div class=\"elementor-widget-container\">\n\t\t\t\t\t<h1 class=\"elementor-heading-title elementor-size-default\"><span style=\"letter-spacing: 0.1px\">KENDOV DVOREC<\/span><span style=\"letter-spacing: 0.1px\"><\/span><br><\/h1>\t\t\t\t<\/div>\n\t\t\t\t<\/div>\n\t\t\t\t<div class=\"elementor-element elementor-element-2f423ef elementor-widget elementor-widget-heading\" data-id=\"2f423ef\" data-element_type=\"widget\" data-e-type=\"widget\" data-widget_type=\"heading.default\">\n\t\t\t\t<div class=\"elementor-widget-container\">\n\t\t\t\t\t<h3 class=\"elementor-heading-title elementor-size-default\">Ein im Geiste vergangener Zeiten<br>wiederbelebtes Herrenhaus.<\/h3>\t\t\t\t<\/div>\n\t\t\t\t<\/div>\n\t\t\t\t<div class=\"elementor-element elementor-element-9bfb1c3 elementor-widget elementor-widget-text-editor\" data-id=\"9bfb1c3\" data-element_type=\"widget\" data-e-type=\"widget\" data-widget_type=\"text-editor.default\">\n\t\t\t\t<div class=\"elementor-widget-container\">\n\t\t\t\t\t\t\t\t\t<div class=\"wpb_text_column wpb_content_element \" style=\"margin-bottom: 20px; color: #3d3d3d; font-family: 'Palatino Linotype', 'Book Antiqua', Palatino, serif; font-size: 17px; letter-spacing: normal;\"><div class=\"wpb_wrapper\" style=\"margin-bottom: 0px;\"><p style=\"margin: 0px 0px 20px;\">Die Wurzeln des Kendov dvorec reichen weit zur\u00fcck in das Jahr 1377, als die ersten Besitzer schon einen Bauernhof \u00fcber dem Tal des Flusses Idrijca bewirtschafteten. Im altehrw\u00fcrdigen Spodnja Idrija, das sich seit 1156 im Schutz der Wallfahrtskirche Maria auf dem Felsen entwickelte, f\u00f6rderte die starke und angesehene Familie Kenda den wirtschaftlichen und kulturellen Fortschritt. <\/p><p style=\"margin: 0px;\">Das m\u00e4chtige Geb\u00e4ude des ehemaligen Kenda-Hofes ist heute im Geiste der vergangenen Zeiten renoviert und wiederbelebt. Wir erhalten mit Stolz und Respekt die reiche Tradition unseres heimischen Umfeldes. <\/p><\/div><\/div>\t\t\t\t\t\t\t\t<\/div>\n\t\t\t\t<\/div>\n\t\t\t\t<div class=\"elementor-element elementor-element-d05663c elementor-widget elementor-widget-image\" data-id=\"d05663c\" data-element_type=\"widget\" data-e-type=\"widget\" data-widget_type=\"image.default\">\n\t\t\t\t<div class=\"elementor-widget-container\">\n\t\t\t\t\t\t\t\t\t\t\t\t\t\t\t<img decoding=\"async\" width=\"800\" height=\"534\" src=\"https:\/\/kendov-dvorec.com\/wp-content\/uploads\/images\/Ekipa-kendovega-dvorca.jpg\" class=\"attachment-large size-large wp-image-1121\" alt=\"\" \/>\t\t\t\t\t\t\t\t\t\t\t\t\t\t\t<\/div>\n\t\t\t\t<\/div>\n\t\t\t\t<div class=\"elementor-element elementor-element-629eda8 elementor-widget elementor-widget-text-editor\" data-id=\"629eda8\" data-element_type=\"widget\" data-e-type=\"widget\" data-widget_type=\"text-editor.default\">\n\t\t\t\t<div class=\"elementor-widget-container\">\n\t\t\t\t\t\t\t\t\t<p><em>Kendov Dvorec Team<\/em><\/p>\t\t\t\t\t\t\t\t<\/div>\n\t\t\t\t<\/div>\n\t\t\t\t<\/div>\n\t\t\t\t<\/div>\n\t\t\t\t<\/div>\n\t\t\t\t<\/div>\n\t\t<div class=\"elementor-element elementor-element-d856761 e-con-full e-flex e-con e-parent\" data-id=\"d856761\" data-element_type=\"container\" data-e-type=\"container\" data-settings=\"{&quot;background_background&quot;:&quot;classic&quot;}\">\n\t\t<div class=\"elementor-element elementor-element-3cbec80 e-flex e-con-boxed e-con e-child\" data-id=\"3cbec80\" data-element_type=\"container\" data-e-type=\"container\">\n\t\t\t\t\t<div class=\"e-con-inner\">\n\t\t<div class=\"elementor-element elementor-element-cc99c14 e-con-full e-flex e-con e-child\" data-id=\"cc99c14\" data-element_type=\"container\" data-e-type=\"container\">\n\t\t\t\t<div class=\"elementor-element elementor-element-9bf41c9 elementor-widget elementor-widget-heading\" data-id=\"9bf41c9\" data-element_type=\"widget\" data-e-type=\"widget\" data-widget_type=\"heading.default\">\n\t\t\t\t<div class=\"elementor-widget-container\">\n\t\t\t\t\t<h1 class=\"elementor-heading-title elementor-size-default\">Entdecken Sie das Kendov dvorec<\/h1>\t\t\t\t<\/div>\n\t\t\t\t<\/div>\n\t\t\t\t<div class=\"elementor-element elementor-element-f539c31 elementor-widget elementor-widget-heading\" data-id=\"f539c31\" data-element_type=\"widget\" data-e-type=\"widget\" data-widget_type=\"heading.default\">\n\t\t\t\t<div class=\"elementor-widget-container\">\n\t\t\t\t\t<h3 class=\"elementor-heading-title elementor-size-default\">Willkommen in einem Herrenhaus, wo Komfort und Eleganz auf Gem\u00fctlichkeit treffen.<\/h3>\t\t\t\t<\/div>\n\t\t\t\t<\/div>\n\t\t\t\t<\/div>\n\t\t\t\t\t<\/div>\n\t\t\t\t<\/div>\n\t\t<div class=\"elementor-element elementor-element-6a20b83 e-grid e-con-boxed e-con e-child\" data-id=\"6a20b83\" data-element_type=\"container\" data-e-type=\"container\">\n\t\t\t\t\t<div class=\"e-con-inner\">\n\t\t<div class=\"elementor-element elementor-element-89ac68b e-con-full e-flex e-con e-child\" data-id=\"89ac68b\" data-element_type=\"container\" data-e-type=\"container\">\n\t\t<div class=\"elementor-element elementor-element-5c5bade e-con-full e-flex e-con e-child\" data-id=\"5c5bade\" data-element_type=\"container\" data-e-type=\"container\">\n\t\t\t\t<div class=\"elementor-element elementor-element-f1fa897 elementor-widget elementor-widget-image\" data-id=\"f1fa897\" data-element_type=\"widget\" data-e-type=\"widget\" data-widget_type=\"image.default\">\n\t\t\t\t<div class=\"elementor-widget-container\">\n\t\t\t\t\t\t\t\t\t\t\t\t\t\t\t<img loading=\"lazy\" decoding=\"async\" width=\"800\" height=\"454\" src=\"https:\/\/kendov-dvorec.com\/wp-content\/uploads\/2026\/04\/Sobe-160-fixed-1024x581.jpg\" class=\"attachment-large size-large wp-image-27573\" alt=\"\" srcset=\"https:\/\/kendov-dvorec.com\/wp-content\/uploads\/2026\/04\/Sobe-160-fixed-1024x581.jpg 1024w, https:\/\/kendov-dvorec.com\/wp-content\/uploads\/2026\/04\/Sobe-160-fixed-300x170.jpg 300w, https:\/\/kendov-dvorec.com\/wp-content\/uploads\/2026\/04\/Sobe-160-fixed-768x436.jpg 768w, https:\/\/kendov-dvorec.com\/wp-content\/uploads\/2026\/04\/Sobe-160-fixed-1536x871.jpg 1536w, https:\/\/kendov-dvorec.com\/wp-content\/uploads\/2026\/04\/Sobe-160-fixed-2048x1162.jpg 2048w\" sizes=\"(max-width: 800px) 100vw, 800px\" \/>\t\t\t\t\t\t\t\t\t\t\t\t\t\t\t<\/div>\n\t\t\t\t<\/div>\n\t\t\t\t<div class=\"elementor-element elementor-element-0ce177b elementor-widget elementor-widget-heading\" data-id=\"0ce177b\" data-element_type=\"widget\" data-e-type=\"widget\" data-widget_type=\"heading.default\">\n\t\t\t\t<div class=\"elementor-widget-container\">\n\t\t\t\t\t<h2 class=\"elementor-heading-title elementor-size-default\">Zimmer<\/h2>\t\t\t\t<\/div>\n\t\t\t\t<\/div>\n\t\t\t\t<div class=\"elementor-element elementor-element-dc6d737 elementor-widget elementor-widget-text-editor\" data-id=\"dc6d737\" data-element_type=\"widget\" data-e-type=\"widget\" data-widget_type=\"text-editor.default\">\n\t\t\t\t<div class=\"elementor-widget-container\">\n\t\t\t\t\t\t\t\t\t<p>Die Suite und die Zimmer des Herrenhauses Kenda sind nach Mitgliedern der ehemaligen Familie Kenda benannt. Ausgestattet sind sie mit handwerklich gefertigten M\u00f6beln aus dem 19. Jahrhundert.  <\/p><p><a href=\"https:\/\/kendov-dvorec.com\/de\/zimmer-und-suiten\/\">Mehr \u203a\u203a<\/a><\/p>\t\t\t\t\t\t\t\t<\/div>\n\t\t\t\t<\/div>\n\t\t\t\t<\/div>\n\t\t\t\t<\/div>\n\t\t<div class=\"elementor-element elementor-element-0b5ec08 e-con-full e-flex e-con e-child\" data-id=\"0b5ec08\" data-element_type=\"container\" data-e-type=\"container\">\n\t\t<div class=\"elementor-element elementor-element-043d540 e-con-full e-flex e-con e-child\" data-id=\"043d540\" data-element_type=\"container\" data-e-type=\"container\">\n\t\t\t\t<div class=\"elementor-element elementor-element-d269f61 elementor-widget elementor-widget-image\" data-id=\"d269f61\" data-element_type=\"widget\" data-e-type=\"widget\" data-widget_type=\"image.default\">\n\t\t\t\t<div class=\"elementor-widget-container\">\n\t\t\t\t\t\t\t\t\t\t\t\t\t\t\t<img loading=\"lazy\" decoding=\"async\" width=\"800\" height=\"453\" src=\"https:\/\/kendov-dvorec.com\/wp-content\/uploads\/images\/Kendov_dvorec_restaurant.jpg\" class=\"attachment-large size-large wp-image-2891\" alt=\"\" \/>\t\t\t\t\t\t\t\t\t\t\t\t\t\t\t<\/div>\n\t\t\t\t<\/div>\n\t\t\t\t<div class=\"elementor-element elementor-element-c80ce15 elementor-widget elementor-widget-heading\" data-id=\"c80ce15\" data-element_type=\"widget\" data-e-type=\"widget\" data-widget_type=\"heading.default\">\n\t\t\t\t<div class=\"elementor-widget-container\">\n\t\t\t\t\t<h2 class=\"elementor-heading-title elementor-size-default\">S\u00e4le<\/h2>\t\t\t\t<\/div>\n\t\t\t\t<\/div>\n\t\t\t\t<div class=\"elementor-element elementor-element-e7774b5 elementor-widget elementor-widget-text-editor\" data-id=\"e7774b5\" data-element_type=\"widget\" data-e-type=\"widget\" data-widget_type=\"text-editor.default\">\n\t\t\t\t<div class=\"elementor-widget-container\">\n\t\t\t\t\t\t\t\t\t<p>Die unteren R\u00e4ume des Kendov dvorec dienen der Entspannung, Bewirtungen, Hochzeiten, Feiern, und gesch\u00e4ftlichen Treffen.<\/p><p><a href=\"https:\/\/kendov-dvorec.com\/de\/zimmer-und-suiten\/saele\/\">Mehr \u203a\u203a<\/a><\/p>\t\t\t\t\t\t\t\t<\/div>\n\t\t\t\t<\/div>\n\t\t\t\t<\/div>\n\t\t\t\t<\/div>\n\t\t<div class=\"elementor-element elementor-element-f3bfa0b e-con-full e-flex e-con e-child\" data-id=\"f3bfa0b\" data-element_type=\"container\" data-e-type=\"container\">\n\t\t<div class=\"elementor-element elementor-element-bf90764 e-con-full e-flex e-con e-child\" data-id=\"bf90764\" data-element_type=\"container\" data-e-type=\"container\">\n\t\t\t\t<div class=\"elementor-element elementor-element-40c40bc elementor-widget elementor-widget-image\" data-id=\"40c40bc\" data-element_type=\"widget\" data-e-type=\"widget\" data-widget_type=\"image.default\">\n\t\t\t\t<div class=\"elementor-widget-container\">\n\t\t\t\t\t\t\t\t\t\t\t\t\t\t\t<img loading=\"lazy\" decoding=\"async\" width=\"800\" height=\"453\" src=\"https:\/\/kendov-dvorec.com\/wp-content\/uploads\/images\/Kendov-dvorec-garden-1.jpg\" class=\"attachment-large size-large wp-image-1686\" alt=\"\" \/>\t\t\t\t\t\t\t\t\t\t\t\t\t\t\t<\/div>\n\t\t\t\t<\/div>\n\t\t\t\t<div class=\"elementor-element elementor-element-e7e1fac elementor-widget elementor-widget-heading\" data-id=\"e7e1fac\" data-element_type=\"widget\" data-e-type=\"widget\" data-widget_type=\"heading.default\">\n\t\t\t\t<div class=\"elementor-widget-container\">\n\t\t\t\t\t<h2 class=\"elementor-heading-title elementor-size-default\">G\u00e4rten<\/h2>\t\t\t\t<\/div>\n\t\t\t\t<\/div>\n\t\t\t\t<div class=\"elementor-element elementor-element-9348982 elementor-widget elementor-widget-text-editor\" data-id=\"9348982\" data-element_type=\"widget\" data-e-type=\"widget\" data-widget_type=\"text-editor.default\">\n\t\t\t\t<div class=\"elementor-widget-container\">\n\t\t\t\t\t\t\t\t\t<p>Der Grasgarten mit hundertj\u00e4hrigen Apfelb\u00e4umen, der gepflasterte Hanna-Garten und der kleinere Matev\u017e-Garten bieten in der w\u00e4rmeren Jahreszeit angenehme Entspannung inmitten unber\u00fchrter Natur.<\/p><p><a href=\"https:\/\/kendov-dvorec.com\/de\/zimmer-und-suiten\/gaerten\/\">Mehr \u203a\u203a<\/a><\/p>\t\t\t\t\t\t\t\t<\/div>\n\t\t\t\t<\/div>\n\t\t\t\t<\/div>\n\t\t\t\t<\/div>\n\t\t\t\t\t<\/div>\n\t\t\t\t<\/div>\n\t\t\t\t<\/div>\n\t\t\t\t<\/div>\n\t\t","protected":false},"excerpt":{"rendered":"<p>Treten Sie in ein Haus ein, wo die Zeit langsamer l\u00e4uft, in einem Rhythmus, den wir inzwischen schon vergessen haben. Kendov Dvorec ist ein Ort, wo die Gelassenheit zuhause ist! Sobald man \u00fcber seine Schwelle tritt, wird die Zeit unwichtig. Die Ruhe des Hauses, der Hauch der Vergangenheit, Kunstwerke, handgekl\u00f6ppelte Spitzen von Idrija, kleine Aufmerksamkeiten [&hellip;]<\/p>\n","protected":false},"author":1,"featured_media":0,"parent":0,"menu_order":2,"comment_status":"closed","ping_status":"closed","template":"elementor_header_footer","meta":{"footnotes":""},"class_list":["post-26931","page","type-page","status-publish","hentry"],"_links":{"self":[{"href":"https:\/\/kendov-dvorec.com\/de\/wp-json\/wp\/v2\/pages\/26931","targetHints":{"allow":["GET"]}}],"collection":[{"href":"https:\/\/kendov-dvorec.com\/de\/wp-json\/wp\/v2\/pages"}],"about":[{"href":"https:\/\/kendov-dvorec.com\/de\/wp-json\/wp\/v2\/types\/page"}],"author":[{"embeddable":true,"href":"https:\/\/kendov-dvorec.com\/de\/wp-json\/wp\/v2\/users\/1"}],"replies":[{"embeddable":true,"href":"https:\/\/kendov-dvorec.com\/de\/wp-json\/wp\/v2\/comments?post=26931"}],"version-history":[{"count":5,"href":"https:\/\/kendov-dvorec.com\/de\/wp-json\/wp\/v2\/pages\/26931\/revisions"}],"predecessor-version":[{"id":27592,"href":"https:\/\/kendov-dvorec.com\/de\/wp-json\/wp\/v2\/pages\/26931\/revisions\/27592"}],"wp:attachment":[{"href":"https:\/\/kendov-dvorec.com\/de\/wp-json\/wp\/v2\/media?parent=26931"}],"curies":[{"name":"wp","href":"https:\/\/api.w.org\/{rel}","templated":true}]}}