{"id":27014,"date":"2017-10-05T13:12:21","date_gmt":"2017-10-05T12:12:21","guid":{"rendered":"https:\/\/kendov-dvorec.com\/zimmer-und-suiten\/saele\/"},"modified":"2026-04-08T13:26:48","modified_gmt":"2026-04-08T12:26:48","slug":"saele","status":"publish","type":"page","link":"https:\/\/kendov-dvorec.com\/de\/zimmer-und-suiten\/saele\/","title":{"rendered":"S\u00e4le"},"content":{"rendered":"\t\t<div data-elementor-type=\"wp-page\" data-elementor-id=\"27014\" class=\"elementor elementor-27014 elementor-5835\" data-elementor-post-type=\"page\">\n\t\t\t\t<div class=\"elementor-element elementor-element-18ec959 e-flex e-con-boxed e-con e-parent\" data-id=\"18ec959\" data-element_type=\"container\" data-e-type=\"container\" data-settings=\"{&quot;background_background&quot;:&quot;classic&quot;}\">\n\t\t\t\t\t<div class=\"e-con-inner\">\n\t\t\t\t\t<\/div>\n\t\t\t\t<\/div>\n\t\t<div class=\"elementor-element elementor-element-07335e7 e-flex e-con-boxed e-con e-parent\" data-id=\"07335e7\" data-element_type=\"container\" data-e-type=\"container\">\n\t\t\t\t\t<div class=\"e-con-inner\">\n\t\t<div class=\"elementor-element elementor-element-559a0ad e-con-full e-flex e-con e-child\" data-id=\"559a0ad\" data-element_type=\"container\" data-e-type=\"container\">\n\t\t\t\t<div class=\"elementor-element elementor-element-85c589a elementor-widget elementor-widget-heading\" data-id=\"85c589a\" data-element_type=\"widget\" data-e-type=\"widget\" data-widget_type=\"heading.default\">\n\t\t\t\t<div class=\"elementor-widget-container\">\n\t\t\t\t\t<h2 class=\"elementor-heading-title elementor-size-default\">Hanas Saal<\/h2>\t\t\t\t<\/div>\n\t\t\t\t<\/div>\n\t\t\t\t<div class=\"elementor-element elementor-element-ac17eef elementor-widget elementor-widget-text-editor\" data-id=\"ac17eef\" data-element_type=\"widget\" data-e-type=\"widget\" data-widget_type=\"text-editor.default\">\n\t\t\t\t<div class=\"elementor-widget-container\">\n\t\t\t\t\t\t\t\t\t<p>Der ger\u00e4umigste Saal des Herrenhauses Kendov dvorec, einst Kendas Pferdestall, ist heute ein elegant ausgestatteter Raum, bestimmt f\u00fcr Feste, Hochzeitsfeiern, Mittag- und Abendessen. Hanas Saal beherbergt auch gesch\u00e4ftliche Treffen, Pr\u00e4sentationen, Schulungen und Kulturereignisse. <\/p>\t\t\t\t\t\t\t\t<\/div>\n\t\t\t\t<\/div>\n\t\t\t\t<div class=\"elementor-element elementor-element-62ae5a9 elementor-widget elementor-widget-text-editor\" data-id=\"62ae5a9\" data-element_type=\"widget\" data-e-type=\"widget\" data-widget_type=\"text-editor.default\">\n\t\t\t\t<div class=\"elementor-widget-container\">\n\t\t\t\t\t\t\t\t\t<p><strong>Kapazit\u00e4t von Hanas Saal:<\/strong><br><strong>Empfang<\/strong>: 100<br><strong>Kino-Aufstellung:<\/strong> 80 \u2013 100 G\u00e4ste<br><strong>I-Aufstellung:<\/strong> 28 G\u00e4ste<br><strong>Bankett-Aufstellung:<\/strong> 100 G\u00e4ste<\/p>\t\t\t\t\t\t\t\t<\/div>\n\t\t\t\t<\/div>\n\t\t\t\t<\/div>\n\t\t<div class=\"elementor-element elementor-element-f4a3fe7 e-con-full e-flex e-con e-child\" data-id=\"f4a3fe7\" data-element_type=\"container\" data-e-type=\"container\">\n\t\t\t\t<div class=\"elementor-element elementor-element-91eda20 elementor-widget elementor-widget-image\" data-id=\"91eda20\" data-element_type=\"widget\" data-e-type=\"widget\" data-widget_type=\"image.default\">\n\t\t\t\t<div class=\"elementor-widget-container\">\n\t\t\t\t\t\t\t\t\t\t\t\t\t\t\t<img fetchpriority=\"high\" decoding=\"async\" width=\"800\" height=\"453\" src=\"https:\/\/kendov-dvorec.com\/wp-content\/uploads\/2025\/09\/Kendov-Dvorec_hanina-sobana.jpg\" class=\"attachment-large size-large wp-image-24522\" alt=\"\" srcset=\"https:\/\/kendov-dvorec.com\/wp-content\/uploads\/2025\/09\/Kendov-Dvorec_hanina-sobana.jpg 900w, https:\/\/kendov-dvorec.com\/wp-content\/uploads\/2025\/09\/Kendov-Dvorec_hanina-sobana-300x170.jpg 300w, https:\/\/kendov-dvorec.com\/wp-content\/uploads\/2025\/09\/Kendov-Dvorec_hanina-sobana-768x435.jpg 768w\" sizes=\"(max-width: 800px) 100vw, 800px\" \/>\t\t\t\t\t\t\t\t\t\t\t\t\t\t\t<\/div>\n\t\t\t\t<\/div>\n\t\t\t\t<\/div>\n\t\t\t\t\t<\/div>\n\t\t\t\t<\/div>\n\t\t<div class=\"elementor-element elementor-element-11ef4ac e-flex e-con-boxed e-con e-parent\" data-id=\"11ef4ac\" data-element_type=\"container\" data-e-type=\"container\" data-settings=\"{&quot;background_background&quot;:&quot;classic&quot;}\">\n\t\t\t\t\t<div class=\"e-con-inner\">\n\t\t<div class=\"elementor-element elementor-element-46acd88 e-con-full e-flex e-con e-child\" data-id=\"46acd88\" data-element_type=\"container\" data-e-type=\"container\">\n\t\t\t\t<div class=\"elementor-element elementor-element-78de7e5 elementor-widget elementor-widget-image\" data-id=\"78de7e5\" data-element_type=\"widget\" data-e-type=\"widget\" data-widget_type=\"image.default\">\n\t\t\t\t<div class=\"elementor-widget-container\">\n\t\t\t\t\t\t\t\t\t\t\t\t\t\t\t<img decoding=\"async\" width=\"800\" height=\"453\" src=\"https:\/\/kendov-dvorec.com\/wp-content\/uploads\/2025\/09\/Kendov_dvorec_restaurant.jpg\" class=\"attachment-large size-large wp-image-24160\" alt=\"\" srcset=\"https:\/\/kendov-dvorec.com\/wp-content\/uploads\/2025\/09\/Kendov_dvorec_restaurant.jpg 900w, https:\/\/kendov-dvorec.com\/wp-content\/uploads\/2025\/09\/Kendov_dvorec_restaurant-300x170.jpg 300w, https:\/\/kendov-dvorec.com\/wp-content\/uploads\/2025\/09\/Kendov_dvorec_restaurant-768x435.jpg 768w\" sizes=\"(max-width: 800px) 100vw, 800px\" \/>\t\t\t\t\t\t\t\t\t\t\t\t\t\t\t<\/div>\n\t\t\t\t<\/div>\n\t\t\t\t<\/div>\n\t\t<div class=\"elementor-element elementor-element-78b6928 e-con-full e-flex e-con e-child\" data-id=\"78b6928\" data-element_type=\"container\" data-e-type=\"container\">\n\t\t\t\t<div class=\"elementor-element elementor-element-2694ac4 elementor-widget elementor-widget-heading\" data-id=\"2694ac4\" data-element_type=\"widget\" data-e-type=\"widget\" data-widget_type=\"heading.default\">\n\t\t\t\t<div class=\"elementor-widget-container\">\n\t\t\t\t\t<h2 class=\"elementor-heading-title elementor-size-default\">Jakobs Saal<\/h2>\t\t\t\t<\/div>\n\t\t\t\t<\/div>\n\t\t\t\t<div class=\"elementor-element elementor-element-8a6e99a elementor-widget elementor-widget-text-editor\" data-id=\"8a6e99a\" data-element_type=\"widget\" data-e-type=\"widget\" data-widget_type=\"text-editor.default\">\n\t\t\t\t<div class=\"elementor-widget-container\">\n\t\t\t\t\t\t\t\t\t<p>Aus dem lichtdurchfluteten Saal \u00f6ffnet sich ein Blick auf den Blumengarten und Obstb\u00e4ume. Abends veranstalten wir hier eine Verkostung erlesener Weine mit dem Haussommelier. Der Saal ist auch f\u00fcr Gesch\u00e4fts- und Studientreffen, Hochzeitsfeiern und Feste sowie f\u00fcr abendliches Zusammensein bestimmt.   <\/p>\t\t\t\t\t\t\t\t<\/div>\n\t\t\t\t<\/div>\n\t\t\t\t<div class=\"elementor-element elementor-element-d0c116f elementor-widget elementor-widget-text-editor\" data-id=\"d0c116f\" data-element_type=\"widget\" data-e-type=\"widget\" data-widget_type=\"text-editor.default\">\n\t\t\t\t<div class=\"elementor-widget-container\">\n\t\t\t\t\t\t\t\t\t<p><strong>Kapazit\u00e4t von Jakobs Saal:<\/strong><br><strong>Empfang:<\/strong> 60 G\u00e4ste<br><strong>Kino-Aufstellung:<\/strong> 50 G\u00e4ste<br><strong>U-Aufstellung: <\/strong>24 G\u00e4ste<br><strong>Bankett-Aufstellung:<\/strong> 60 G\u00e4ste <\/p>\t\t\t\t\t\t\t\t<\/div>\n\t\t\t\t<\/div>\n\t\t\t\t<\/div>\n\t\t\t\t\t<\/div>\n\t\t\t\t<\/div>\n\t\t<div class=\"elementor-element elementor-element-9065d12 e-flex e-con-boxed e-con e-parent\" data-id=\"9065d12\" data-element_type=\"container\" data-e-type=\"container\">\n\t\t\t\t\t<div class=\"e-con-inner\">\n\t\t<div class=\"elementor-element elementor-element-bd82d7f e-con-full e-flex e-con e-child\" data-id=\"bd82d7f\" data-element_type=\"container\" data-e-type=\"container\">\n\t\t\t\t<div class=\"elementor-element elementor-element-386c2a2 elementor-widget elementor-widget-heading\" data-id=\"386c2a2\" data-element_type=\"widget\" data-e-type=\"widget\" data-widget_type=\"heading.default\">\n\t\t\t\t<div class=\"elementor-widget-container\">\n\t\t\t\t\t<h2 class=\"elementor-heading-title elementor-size-default\">\u2018Hi\u0161a\u2019 \u2013 Der gute Stube<\/h2>\t\t\t\t<\/div>\n\t\t\t\t<\/div>\n\t\t\t\t<div class=\"elementor-element elementor-element-7a25ddf elementor-widget elementor-widget-text-editor\" data-id=\"7a25ddf\" data-element_type=\"widget\" data-e-type=\"widget\" data-widget_type=\"text-editor.default\">\n\t\t\t\t<div class=\"elementor-widget-container\">\n\t\t\t\t\t\t\t\t\t<p>Der Ofen mit Bank, der Herrgottswinkel und die alte Anrichte vermitteln den Eindruck eines warmen Zuhauses. Der am authentischsten eingerichtete Raum des Herrenhauses Kendov dvorec erinnert an die Tradition des lokalen Umfeldes. Die gute Stube war einst der Hauptraum eines Bauernhofs, wo die Familie zum Essen zusammenkam. Vielleicht munden hier frisch gebackenes Brot oder ein Stamperl Hausschnaps besonders gut.   <\/p>\t\t\t\t\t\t\t\t<\/div>\n\t\t\t\t<\/div>\n\t\t\t\t<div class=\"elementor-element elementor-element-4f298e1 elementor-widget elementor-widget-text-editor\" data-id=\"4f298e1\" data-element_type=\"widget\" data-e-type=\"widget\" data-widget_type=\"text-editor.default\">\n\t\t\t\t<div class=\"elementor-widget-container\">\n\t\t\t\t\t\t\t\t\t<p><strong>Kapazit\u00e4t der guten Stube:<\/strong><br><strong>Empfang: <\/strong>30 G\u00e4ste<br><strong>I-Aufstellung:<\/strong> 16 G\u00e4ste<br><strong>Bankett-Aufstellung:<\/strong> 20 G\u00e4ste<\/p>\t\t\t\t\t\t\t\t<\/div>\n\t\t\t\t<\/div>\n\t\t\t\t<\/div>\n\t\t<div class=\"elementor-element elementor-element-6efa1eb e-con-full e-flex e-con e-child\" data-id=\"6efa1eb\" data-element_type=\"container\" data-e-type=\"container\">\n\t\t\t\t<div class=\"elementor-element elementor-element-96e9db6 elementor-widget elementor-widget-image\" data-id=\"96e9db6\" data-element_type=\"widget\" data-e-type=\"widget\" data-widget_type=\"image.default\">\n\t\t\t\t<div class=\"elementor-widget-container\">\n\t\t\t\t\t\t\t\t\t\t\t\t\t\t\t<img decoding=\"async\" width=\"800\" height=\"534\" src=\"https:\/\/kendov-dvorec.com\/wp-content\/uploads\/2025\/09\/Sobe-29-1024x683.jpg\" class=\"attachment-large size-large wp-image-26322\" alt=\"\" srcset=\"https:\/\/kendov-dvorec.com\/wp-content\/uploads\/2025\/09\/Sobe-29-1024x683.jpg 1024w, https:\/\/kendov-dvorec.com\/wp-content\/uploads\/2025\/09\/Sobe-29-300x200.jpg 300w, https:\/\/kendov-dvorec.com\/wp-content\/uploads\/2025\/09\/Sobe-29-768x512.jpg 768w, https:\/\/kendov-dvorec.com\/wp-content\/uploads\/2025\/09\/Sobe-29-1536x1024.jpg 1536w, https:\/\/kendov-dvorec.com\/wp-content\/uploads\/2025\/09\/Sobe-29-2048x1365.jpg 2048w\" sizes=\"(max-width: 800px) 100vw, 800px\" \/>\t\t\t\t\t\t\t\t\t\t\t\t\t\t\t<\/div>\n\t\t\t\t<\/div>\n\t\t\t\t<\/div>\n\t\t\t\t\t<\/div>\n\t\t\t\t<\/div>\n\t\t<div class=\"elementor-element elementor-element-56b1a64 e-flex e-con-boxed e-con e-parent\" data-id=\"56b1a64\" data-element_type=\"container\" data-e-type=\"container\" data-settings=\"{&quot;background_background&quot;:&quot;classic&quot;}\">\n\t\t\t\t\t<div class=\"e-con-inner\">\n\t\t<div class=\"elementor-element elementor-element-f85f008 e-con-full e-flex e-con e-child\" data-id=\"f85f008\" data-element_type=\"container\" data-e-type=\"container\">\n\t\t\t\t<div class=\"elementor-element elementor-element-19b6116 elementor-widget elementor-widget-image\" data-id=\"19b6116\" data-element_type=\"widget\" data-e-type=\"widget\" data-widget_type=\"image.default\">\n\t\t\t\t<div class=\"elementor-widget-container\">\n\t\t\t\t\t\t\t\t\t\t\t\t\t\t\t<img loading=\"lazy\" decoding=\"async\" width=\"800\" height=\"534\" src=\"https:\/\/kendov-dvorec.com\/wp-content\/uploads\/2025\/09\/Sobe-5-1024x683.jpg\" class=\"attachment-large size-large wp-image-26086\" alt=\"\" srcset=\"https:\/\/kendov-dvorec.com\/wp-content\/uploads\/2025\/09\/Sobe-5-1024x683.jpg 1024w, https:\/\/kendov-dvorec.com\/wp-content\/uploads\/2025\/09\/Sobe-5-300x200.jpg 300w, https:\/\/kendov-dvorec.com\/wp-content\/uploads\/2025\/09\/Sobe-5-768x512.jpg 768w, https:\/\/kendov-dvorec.com\/wp-content\/uploads\/2025\/09\/Sobe-5-1536x1024.jpg 1536w, https:\/\/kendov-dvorec.com\/wp-content\/uploads\/2025\/09\/Sobe-5-2048x1365.jpg 2048w\" sizes=\"(max-width: 800px) 100vw, 800px\" \/>\t\t\t\t\t\t\t\t\t\t\t\t\t\t\t<\/div>\n\t\t\t\t<\/div>\n\t\t\t\t<\/div>\n\t\t<div class=\"elementor-element elementor-element-be8864b e-con-full e-flex e-con e-child\" data-id=\"be8864b\" data-element_type=\"container\" data-e-type=\"container\">\n\t\t\t\t<div class=\"elementor-element elementor-element-60cd178 elementor-widget elementor-widget-heading\" data-id=\"60cd178\" data-element_type=\"widget\" data-e-type=\"widget\" data-widget_type=\"heading.default\">\n\t\t\t\t<div class=\"elementor-widget-container\">\n\t\t\t\t\t<h2 class=\"elementor-heading-title elementor-size-default\">Schwarze K\u00fcche<\/h2>\t\t\t\t<\/div>\n\t\t\t\t<\/div>\n\t\t\t\t<div class=\"elementor-element elementor-element-f09d485 elementor-widget elementor-widget-text-editor\" data-id=\"f09d485\" data-element_type=\"widget\" data-e-type=\"widget\" data-widget_type=\"text-editor.default\">\n\t\t\t\t<div class=\"elementor-widget-container\">\n\t\t\t\t\t\t\t\t\t<p>Ein gew\u00f6lbter Raum, wo einst eine schwarze K\u00fcche mit offener Feuerstelle war, erinnert an die \u00dcberlieferung der Vorfahren. Einst duftete es hier aus den T\u00f6pfen, und heute l\u00e4dt Sie der ruhige Raum ein, sich an die Feuerstelle zu setzen, Pl\u00e4tzchen oder \u0160truklji zu genie\u00dfen, Hausschn\u00e4pse und Weine zu verkosten oder ein Buch oder eine Zeitung in die H\u00e4nde zu nehmen. <\/p>\t\t\t\t\t\t\t\t<\/div>\n\t\t\t\t<\/div>\n\t\t\t\t<\/div>\n\t\t\t\t\t<\/div>\n\t\t\t\t<\/div>\n\t\t<div class=\"elementor-element elementor-element-4e6fae9 e-flex e-con-boxed e-con e-parent\" data-id=\"4e6fae9\" data-element_type=\"container\" data-e-type=\"container\">\n\t\t\t\t\t<div class=\"e-con-inner\">\n\t\t<div class=\"elementor-element elementor-element-11b4705 e-con-full e-flex e-con e-child\" data-id=\"11b4705\" data-element_type=\"container\" data-e-type=\"container\">\n\t\t\t\t<div class=\"elementor-element elementor-element-e02c1b7 elementor-widget elementor-widget-heading\" data-id=\"e02c1b7\" data-element_type=\"widget\" data-e-type=\"widget\" data-widget_type=\"heading.default\">\n\t\t\t\t<div class=\"elementor-widget-container\">\n\t\t\t\t\t<h2 class=\"elementor-heading-title elementor-size-default\">K\u00e4mmerlein<\/h2>\t\t\t\t<\/div>\n\t\t\t\t<\/div>\n\t\t\t\t<div class=\"elementor-element elementor-element-8fb0d6f elementor-widget elementor-widget-text-editor\" data-id=\"8fb0d6f\" data-element_type=\"widget\" data-e-type=\"widget\" data-widget_type=\"text-editor.default\">\n\t\t\t\t<div class=\"elementor-widget-container\">\n\t\t\t\t\t\t\t\t\t<p>Das K\u00e4mmerlein ist ein lauschiges Pl\u00e4tzchen f\u00fcr P\u00e4rchen oder G\u00e4ste, die sich Privatsph\u00e4re w\u00fcnschen. Die Aussicht in Richtung der Kirche Maria auf dem Felsen, die sich durchs Fenster \u00f6ffnet, ist besonders am Abend angenehm, wenn der Kirchturm beleuchtet ist. Das K\u00e4mmerlein bekam seinen Namen nach dem kleinen Zimmer, in dem einst die Kinder aus der Familie Kenda schliefen.<br>   <\/p>\t\t\t\t\t\t\t\t<\/div>\n\t\t\t\t<\/div>\n\t\t\t\t<\/div>\n\t\t<div class=\"elementor-element elementor-element-48e0544 e-con-full e-flex e-con e-child\" data-id=\"48e0544\" data-element_type=\"container\" data-e-type=\"container\">\n\t\t\t\t<div class=\"elementor-element elementor-element-98cd42b elementor-widget elementor-widget-image\" data-id=\"98cd42b\" data-element_type=\"widget\" data-e-type=\"widget\" data-widget_type=\"image.default\">\n\t\t\t\t<div class=\"elementor-widget-container\">\n\t\t\t\t\t\t\t\t\t\t\t\t\t\t\t<img loading=\"lazy\" decoding=\"async\" width=\"800\" height=\"534\" src=\"https:\/\/kendov-dvorec.com\/wp-content\/uploads\/2025\/09\/Sobe-39-1024x683.jpg\" class=\"attachment-large size-large wp-image-26092\" alt=\"\" srcset=\"https:\/\/kendov-dvorec.com\/wp-content\/uploads\/2025\/09\/Sobe-39-1024x683.jpg 1024w, https:\/\/kendov-dvorec.com\/wp-content\/uploads\/2025\/09\/Sobe-39-300x200.jpg 300w, https:\/\/kendov-dvorec.com\/wp-content\/uploads\/2025\/09\/Sobe-39-768x512.jpg 768w, https:\/\/kendov-dvorec.com\/wp-content\/uploads\/2025\/09\/Sobe-39-1536x1024.jpg 1536w, https:\/\/kendov-dvorec.com\/wp-content\/uploads\/2025\/09\/Sobe-39-2048x1365.jpg 2048w\" sizes=\"(max-width: 800px) 100vw, 800px\" \/>\t\t\t\t\t\t\t\t\t\t\t\t\t\t\t<\/div>\n\t\t\t\t<\/div>\n\t\t\t\t<\/div>\n\t\t\t\t\t<\/div>\n\t\t\t\t<\/div>\n\t\t\t\t<\/div>\n\t\t","protected":false},"excerpt":{"rendered":"<p>Hanas Saal Der ger\u00e4umigste Saal des Herrenhauses Kendov dvorec, einst Kendas Pferdestall, ist heute ein elegant ausgestatteter Raum, bestimmt f\u00fcr Feste, Hochzeitsfeiern, Mittag- und Abendessen. Hanas Saal beherbergt auch gesch\u00e4ftliche Treffen, Pr\u00e4sentationen, Schulungen und Kulturereignisse. Kapazit\u00e4t von Hanas Saal:Empfang: 100Kino-Aufstellung: 80 \u2013 100 G\u00e4steI-Aufstellung: 28 G\u00e4steBankett-Aufstellung: 100 G\u00e4ste Jakobs Saal Aus dem lichtdurchfluteten Saal \u00f6ffnet [&hellip;]<\/p>\n","protected":false},"author":1,"featured_media":2281,"parent":27836,"menu_order":5,"comment_status":"closed","ping_status":"closed","template":"elementor_header_footer","meta":{"footnotes":""},"class_list":["post-27014","page","type-page","status-publish","has-post-thumbnail","hentry"],"_links":{"self":[{"href":"https:\/\/kendov-dvorec.com\/de\/wp-json\/wp\/v2\/pages\/27014","targetHints":{"allow":["GET"]}}],"collection":[{"href":"https:\/\/kendov-dvorec.com\/de\/wp-json\/wp\/v2\/pages"}],"about":[{"href":"https:\/\/kendov-dvorec.com\/de\/wp-json\/wp\/v2\/types\/page"}],"author":[{"embeddable":true,"href":"https:\/\/kendov-dvorec.com\/de\/wp-json\/wp\/v2\/users\/1"}],"replies":[{"embeddable":true,"href":"https:\/\/kendov-dvorec.com\/de\/wp-json\/wp\/v2\/comments?post=27014"}],"version-history":[{"count":3,"href":"https:\/\/kendov-dvorec.com\/de\/wp-json\/wp\/v2\/pages\/27014\/revisions"}],"predecessor-version":[{"id":27749,"href":"https:\/\/kendov-dvorec.com\/de\/wp-json\/wp\/v2\/pages\/27014\/revisions\/27749"}],"up":[{"embeddable":true,"href":"https:\/\/kendov-dvorec.com\/de\/wp-json\/wp\/v2\/pages\/27836"}],"wp:featuredmedia":[{"embeddable":true,"href":"https:\/\/kendov-dvorec.com\/de\/wp-json\/wp\/v2\/media\/2281"}],"wp:attachment":[{"href":"https:\/\/kendov-dvorec.com\/de\/wp-json\/wp\/v2\/media?parent=27014"}],"curies":[{"name":"wp","href":"https:\/\/api.w.org\/{rel}","templated":true}]}}