{"id":27029,"date":"2017-10-05T13:16:49","date_gmt":"2017-10-05T12:16:49","guid":{"rendered":"https:\/\/kendov-dvorec.com\/zimmer-und-suiten\/gaerten\/"},"modified":"2026-04-08T13:36:44","modified_gmt":"2026-04-08T12:36:44","slug":"gaerten","status":"publish","type":"page","link":"https:\/\/kendov-dvorec.com\/de\/zimmer-und-suiten\/gaerten\/","title":{"rendered":"G\u00e4rten"},"content":{"rendered":"\t\t<div data-elementor-type=\"wp-page\" data-elementor-id=\"27029\" class=\"elementor elementor-27029 elementor-5836\" data-elementor-post-type=\"page\">\n\t\t\t\t<div class=\"elementor-element elementor-element-cd1b8ce e-flex e-con-boxed e-con e-parent\" data-id=\"cd1b8ce\" data-element_type=\"container\" data-e-type=\"container\" data-settings=\"{&quot;background_background&quot;:&quot;classic&quot;}\">\n\t\t\t\t\t<div class=\"e-con-inner\">\n\t\t\t\t\t<\/div>\n\t\t\t\t<\/div>\n\t\t<div class=\"elementor-element elementor-element-ce83d9c e-flex e-con-boxed e-con e-parent\" data-id=\"ce83d9c\" data-element_type=\"container\" data-e-type=\"container\">\n\t\t\t\t\t<div class=\"e-con-inner\">\n\t\t<div class=\"elementor-element elementor-element-e365ebb e-con-full e-flex e-con e-child\" data-id=\"e365ebb\" data-element_type=\"container\" data-e-type=\"container\">\n\t\t\t\t<div class=\"elementor-element elementor-element-ba10c52 elementor-widget elementor-widget-heading\" data-id=\"ba10c52\" data-element_type=\"widget\" data-e-type=\"widget\" data-widget_type=\"heading.default\">\n\t\t\t\t<div class=\"elementor-widget-container\">\n\t\t\t\t\t<h2 class=\"elementor-heading-title elementor-size-default\">Hanas Garten<\/h2>\t\t\t\t<\/div>\n\t\t\t\t<\/div>\n\t\t\t\t<div class=\"elementor-element elementor-element-926f819 elementor-widget elementor-widget-text-editor\" data-id=\"926f819\" data-element_type=\"widget\" data-e-type=\"widget\" data-widget_type=\"text-editor.default\">\n\t\t\t\t<div class=\"elementor-widget-container\">\n\t\t\t\t\t\t\t\t\t<p>Hanas Garten im Kendov dvorec, der den Blick auf den alten Getreidespeicher mit Fresken aus dem Jahr 1796 freilegt, ist im Sommer, wenn die Hortensien bl\u00fchen, besonders sch\u00f6n. Die Gartenlaube und die hundertj\u00e4hrigen Apfelb\u00e4ume spenden angenehmen Schatten in der Sommerhitze. Auf dem Teppich aus Wiesenblumen unter den Kronen der Obstb\u00e4ume machen viele Paare ihre ersten Schritte auf dem gemeinsamen Lebensweg.  <\/p>\t\t\t\t\t\t\t\t<\/div>\n\t\t\t\t<\/div>\n\t\t\t\t<div class=\"elementor-element elementor-element-3ced6a2 elementor-widget elementor-widget-text-editor\" data-id=\"3ced6a2\" data-element_type=\"widget\" data-e-type=\"widget\" data-widget_type=\"text-editor.default\">\n\t\t\t\t<div class=\"elementor-widget-container\">\n\t\t\t\t\t\t\t\t\t<p><strong>Kapazit\u00e4t von Hanas Garten:<\/strong><br><strong>Gepflasterter Teil des Gartens:<\/strong><br>60 G\u00e4ste<br><strong>Gartenlaube<\/strong>: 12 G\u00e4ste<\/p>\t\t\t\t\t\t\t\t<\/div>\n\t\t\t\t<\/div>\n\t\t\t\t<\/div>\n\t\t<div class=\"elementor-element elementor-element-f0c9dd0 e-con-full e-flex e-con e-child\" data-id=\"f0c9dd0\" data-element_type=\"container\" data-e-type=\"container\">\n\t\t\t\t<div class=\"elementor-element elementor-element-9e7137e elementor-arrows-position-inside elementor-widget elementor-widget-image-carousel\" data-id=\"9e7137e\" data-element_type=\"widget\" data-e-type=\"widget\" data-settings=\"{&quot;slides_to_show&quot;:&quot;1&quot;,&quot;navigation&quot;:&quot;arrows&quot;,&quot;lazyload&quot;:&quot;yes&quot;,&quot;autoplay&quot;:&quot;yes&quot;,&quot;pause_on_hover&quot;:&quot;yes&quot;,&quot;pause_on_interaction&quot;:&quot;yes&quot;,&quot;autoplay_speed&quot;:5000,&quot;infinite&quot;:&quot;yes&quot;,&quot;effect&quot;:&quot;slide&quot;,&quot;speed&quot;:500}\" data-widget_type=\"image-carousel.default\">\n\t\t\t\t<div class=\"elementor-widget-container\">\n\t\t\t\t\t\t\t<div class=\"elementor-image-carousel-wrapper swiper\" role=\"region\" aria-roledescription=\"carousel\" aria-label=\"Vrtovi\" dir=\"ltr\">\n\t\t\t<div class=\"elementor-image-carousel swiper-wrapper swiper-image-stretch\" aria-live=\"off\">\n\t\t\t\t\t\t\t\t<div class=\"swiper-slide\" role=\"group\" aria-roledescription=\"slide\" aria-label=\"1 von 12\"><figure class=\"swiper-slide-inner\"><img class=\"swiper-slide-image swiper-lazy\" data-src=\"https:\/\/kendov-dvorec.com\/wp-content\/uploads\/2025\/09\/Kendov-dvorec-garden-06.jpg\" alt=\"Kendov-dvorec-garden-06\" \/><div class=\"swiper-lazy-preloader\"><\/div><\/figure><\/div><div class=\"swiper-slide\" role=\"group\" aria-roledescription=\"slide\" aria-label=\"2 von 12\"><figure class=\"swiper-slide-inner\"><img class=\"swiper-slide-image swiper-lazy\" data-src=\"https:\/\/kendov-dvorec.com\/wp-content\/uploads\/2025\/09\/Kendov-dvorec-garden-1.jpg\" alt=\"Kendov-dvorec-garden-1\" \/><div class=\"swiper-lazy-preloader\"><\/div><\/figure><\/div><div class=\"swiper-slide\" role=\"group\" aria-roledescription=\"slide\" aria-label=\"3 von 12\"><figure class=\"swiper-slide-inner\"><img class=\"swiper-slide-image swiper-lazy\" data-src=\"https:\/\/kendov-dvorec.com\/wp-content\/uploads\/2025\/09\/kendov-dvorec-garden-11.jpg\" alt=\"kendov-dvorec-garden-11\" \/><div class=\"swiper-lazy-preloader\"><\/div><\/figure><\/div><div class=\"swiper-slide\" role=\"group\" aria-roledescription=\"slide\" aria-label=\"4 von 12\"><figure class=\"swiper-slide-inner\"><img class=\"swiper-slide-image swiper-lazy\" data-src=\"https:\/\/kendov-dvorec.com\/wp-content\/uploads\/2025\/09\/Kendov-dvorec-garden-12.jpg\" alt=\"Kendov-dvorec-garden-12\" \/><div class=\"swiper-lazy-preloader\"><\/div><\/figure><\/div><div class=\"swiper-slide\" role=\"group\" aria-roledescription=\"slide\" aria-label=\"5 von 12\"><figure class=\"swiper-slide-inner\"><img class=\"swiper-slide-image swiper-lazy\" data-src=\"https:\/\/kendov-dvorec.com\/wp-content\/uploads\/2025\/09\/Kendov-dvorec-autumn.jpg\" alt=\"Kendov-dvorec-autumn\" \/><div class=\"swiper-lazy-preloader\"><\/div><\/figure><\/div><div class=\"swiper-slide\" role=\"group\" aria-roledescription=\"slide\" aria-label=\"6 von 12\"><figure class=\"swiper-slide-inner\"><img class=\"swiper-slide-image swiper-lazy\" data-src=\"https:\/\/kendov-dvorec.com\/wp-content\/uploads\/2025\/09\/kendov-dvorec-garden-18.jpg\" alt=\"kendov-dvorec-garden-18\" \/><div class=\"swiper-lazy-preloader\"><\/div><\/figure><\/div><div class=\"swiper-slide\" role=\"group\" aria-roledescription=\"slide\" aria-label=\"7 von 12\"><figure class=\"swiper-slide-inner\"><img class=\"swiper-slide-image swiper-lazy\" data-src=\"https:\/\/kendov-dvorec.com\/wp-content\/uploads\/2025\/09\/Kendov-dvorec-garden-08.jpg\" alt=\"Kendov-dvorec-garden-08\" \/><div class=\"swiper-lazy-preloader\"><\/div><\/figure><\/div><div class=\"swiper-slide\" role=\"group\" aria-roledescription=\"slide\" aria-label=\"8 von 12\"><figure class=\"swiper-slide-inner\"><img class=\"swiper-slide-image swiper-lazy\" data-src=\"https:\/\/kendov-dvorec.com\/wp-content\/uploads\/2025\/09\/Kendov-dvorec-garden-14.jpg\" alt=\"Kendov-dvorec-garden-14\" \/><div class=\"swiper-lazy-preloader\"><\/div><\/figure><\/div><div class=\"swiper-slide\" role=\"group\" aria-roledescription=\"slide\" aria-label=\"9 von 12\"><figure class=\"swiper-slide-inner\"><img class=\"swiper-slide-image swiper-lazy\" data-src=\"https:\/\/kendov-dvorec.com\/wp-content\/uploads\/2025\/09\/Kendov-dvorec-garden-03.jpg\" alt=\"Kendov-dvorec-garden-03\" \/><div class=\"swiper-lazy-preloader\"><\/div><\/figure><\/div><div class=\"swiper-slide\" role=\"group\" aria-roledescription=\"slide\" aria-label=\"10 von 12\"><figure class=\"swiper-slide-inner\"><img class=\"swiper-slide-image swiper-lazy\" data-src=\"https:\/\/kendov-dvorec.com\/wp-content\/uploads\/2025\/09\/Kendov_dvorec_Hanin_2-1.jpg\" alt=\"Kendov_dvorec_Hanin_2 (1)\" \/><div class=\"swiper-lazy-preloader\"><\/div><\/figure><\/div><div class=\"swiper-slide\" role=\"group\" aria-roledescription=\"slide\" aria-label=\"11 von 12\"><figure class=\"swiper-slide-inner\"><img class=\"swiper-slide-image swiper-lazy\" data-src=\"https:\/\/kendov-dvorec.com\/wp-content\/uploads\/2025\/09\/Kendov-dvorec-garden-09.jpg\" alt=\"Kendov-dvorec-garden-09\" \/><div class=\"swiper-lazy-preloader\"><\/div><\/figure><\/div><div class=\"swiper-slide\" role=\"group\" aria-roledescription=\"slide\" aria-label=\"12 von 12\"><figure class=\"swiper-slide-inner\"><img class=\"swiper-slide-image swiper-lazy\" data-src=\"https:\/\/kendov-dvorec.com\/wp-content\/uploads\/2025\/09\/Kendov-dvorec-garden-10-1.jpg\" alt=\"Kendov-dvorec-garden-10 (1)\" \/><div class=\"swiper-lazy-preloader\"><\/div><\/figure><\/div>\t\t\t<\/div>\n\t\t\t\t\t\t\t\t\t\t\t\t<div class=\"elementor-swiper-button elementor-swiper-button-prev\" role=\"button\" tabindex=\"0\">\n\t\t\t\t\t\t<svg aria-hidden=\"true\" class=\"e-font-icon-svg e-eicon-chevron-left\" viewBox=\"0 0 1000 1000\" xmlns=\"http:\/\/www.w3.org\/2000\/svg\"><path d=\"M646 125C629 125 613 133 604 142L308 442C296 454 292 471 292 487 292 504 296 521 308 533L604 854C617 867 629 875 646 875 663 875 679 871 692 858 704 846 713 829 713 812 713 796 708 779 692 767L438 487 692 225C700 217 708 204 708 187 708 171 704 154 692 142 675 129 663 125 646 125Z\"><\/path><\/svg>\t\t\t\t\t<\/div>\n\t\t\t\t\t<div class=\"elementor-swiper-button elementor-swiper-button-next\" role=\"button\" tabindex=\"0\">\n\t\t\t\t\t\t<svg aria-hidden=\"true\" class=\"e-font-icon-svg e-eicon-chevron-right\" viewBox=\"0 0 1000 1000\" xmlns=\"http:\/\/www.w3.org\/2000\/svg\"><path d=\"M696 533C708 521 713 504 713 487 713 471 708 454 696 446L400 146C388 133 375 125 354 125 338 125 325 129 313 142 300 154 292 171 292 187 292 204 296 221 308 233L563 492 304 771C292 783 288 800 288 817 288 833 296 850 308 863 321 871 338 875 354 875 371 875 388 867 400 854L696 533Z\"><\/path><\/svg>\t\t\t\t\t<\/div>\n\t\t\t\t\n\t\t\t\t\t\t\t\t\t<\/div>\n\t\t\t\t\t\t<\/div>\n\t\t\t\t<\/div>\n\t\t\t\t<\/div>\n\t\t\t\t\t<\/div>\n\t\t\t\t<\/div>\n\t\t<div class=\"elementor-element elementor-element-577af6e e-flex e-con-boxed e-con e-parent\" data-id=\"577af6e\" data-element_type=\"container\" data-e-type=\"container\" data-settings=\"{&quot;background_background&quot;:&quot;classic&quot;}\">\n\t\t\t\t\t<div class=\"e-con-inner\">\n\t\t<div class=\"elementor-element elementor-element-ac6a909 e-con-full e-flex e-con e-child\" data-id=\"ac6a909\" data-element_type=\"container\" data-e-type=\"container\">\n\t\t\t\t<div class=\"elementor-element elementor-element-3cdca38 elementor-widget elementor-widget-image\" data-id=\"3cdca38\" data-element_type=\"widget\" data-e-type=\"widget\" data-widget_type=\"image.default\">\n\t\t\t\t<div class=\"elementor-widget-container\">\n\t\t\t\t\t\t\t\t\t\t\t\t\t\t\t<img fetchpriority=\"high\" decoding=\"async\" width=\"800\" height=\"453\" src=\"https:\/\/kendov-dvorec.com\/wp-content\/uploads\/2025\/09\/Kendov_dvorec_Matevz_garden.jpg\" class=\"attachment-large size-large wp-image-24753\" alt=\"\" srcset=\"https:\/\/kendov-dvorec.com\/wp-content\/uploads\/2025\/09\/Kendov_dvorec_Matevz_garden.jpg 900w, https:\/\/kendov-dvorec.com\/wp-content\/uploads\/2025\/09\/Kendov_dvorec_Matevz_garden-300x170.jpg 300w, https:\/\/kendov-dvorec.com\/wp-content\/uploads\/2025\/09\/Kendov_dvorec_Matevz_garden-768x435.jpg 768w\" sizes=\"(max-width: 800px) 100vw, 800px\" \/>\t\t\t\t\t\t\t\t\t\t\t\t\t\t\t<\/div>\n\t\t\t\t<\/div>\n\t\t\t\t<\/div>\n\t\t<div class=\"elementor-element elementor-element-e60fdce e-con-full e-flex e-con e-child\" data-id=\"e60fdce\" data-element_type=\"container\" data-e-type=\"container\">\n\t\t\t\t<div class=\"elementor-element elementor-element-aec77ae elementor-widget elementor-widget-heading\" data-id=\"aec77ae\" data-element_type=\"widget\" data-e-type=\"widget\" data-widget_type=\"heading.default\">\n\t\t\t\t<div class=\"elementor-widget-container\">\n\t\t\t\t\t<h2 class=\"elementor-heading-title elementor-size-default\">Der Matev\u017e-Garten<\/h2>\t\t\t\t<\/div>\n\t\t\t\t<\/div>\n\t\t\t\t<div class=\"elementor-element elementor-element-2d61f0c elementor-widget elementor-widget-text-editor\" data-id=\"2d61f0c\" data-element_type=\"widget\" data-e-type=\"widget\" data-widget_type=\"text-editor.default\">\n\t\t\t\t<div class=\"elementor-widget-container\">\n\t\t\t\t\t\t\t\t\t<p>Das intime Ambiente des Matev\u017e- Gartens ist ideal geeignet f\u00fcr Mittagessen, Abendessen oder Erholung bei Kr\u00e4utertee und einem guten Buch. Der von einer m\u00e4chtigen Fichte und Baumkronen von Birnb\u00e4umen umgebene Garten, liegt am Rande der Anh\u00f6he an der S\u00fcdseite des Herrenhauses Kenda. Vom Garten aus \u00f6ffnet sich eine wunderbare Aussicht auf den alten Dorfkern und die Wallfahrtskirche Maria auf dem Felsen.  <\/p>\t\t\t\t\t\t\t\t<\/div>\n\t\t\t\t<\/div>\n\t\t\t\t<div class=\"elementor-element elementor-element-37de516 elementor-widget elementor-widget-text-editor\" data-id=\"37de516\" data-element_type=\"widget\" data-e-type=\"widget\" data-widget_type=\"text-editor.default\">\n\t\t\t\t<div class=\"elementor-widget-container\">\n\t\t\t\t\t\t\t\t\t<p><strong>Kapazit\u00e4t des Matev\u017e-Gartens:<\/strong><br>12 G\u00e4ste<\/p>\t\t\t\t\t\t\t\t<\/div>\n\t\t\t\t<\/div>\n\t\t\t\t<\/div>\n\t\t\t\t\t<\/div>\n\t\t\t\t<\/div>\n\t\t\t\t<\/div>\n\t\t","protected":false},"excerpt":{"rendered":"<p>Hanas Garten Hanas Garten im Kendov dvorec, der den Blick auf den alten Getreidespeicher mit Fresken aus dem Jahr 1796 freilegt, ist im Sommer, wenn die Hortensien bl\u00fchen, besonders sch\u00f6n. Die Gartenlaube und die hundertj\u00e4hrigen Apfelb\u00e4ume spenden angenehmen Schatten in der Sommerhitze. Auf dem Teppich aus Wiesenblumen unter den Kronen der Obstb\u00e4ume machen viele Paare [&hellip;]<\/p>\n","protected":false},"author":1,"featured_media":0,"parent":27836,"menu_order":6,"comment_status":"closed","ping_status":"closed","template":"elementor_header_footer","meta":{"footnotes":""},"class_list":["post-27029","page","type-page","status-publish","hentry"],"_links":{"self":[{"href":"https:\/\/kendov-dvorec.com\/de\/wp-json\/wp\/v2\/pages\/27029","targetHints":{"allow":["GET"]}}],"collection":[{"href":"https:\/\/kendov-dvorec.com\/de\/wp-json\/wp\/v2\/pages"}],"about":[{"href":"https:\/\/kendov-dvorec.com\/de\/wp-json\/wp\/v2\/types\/page"}],"author":[{"embeddable":true,"href":"https:\/\/kendov-dvorec.com\/de\/wp-json\/wp\/v2\/users\/1"}],"replies":[{"embeddable":true,"href":"https:\/\/kendov-dvorec.com\/de\/wp-json\/wp\/v2\/comments?post=27029"}],"version-history":[{"count":7,"href":"https:\/\/kendov-dvorec.com\/de\/wp-json\/wp\/v2\/pages\/27029\/revisions"}],"predecessor-version":[{"id":27893,"href":"https:\/\/kendov-dvorec.com\/de\/wp-json\/wp\/v2\/pages\/27029\/revisions\/27893"}],"up":[{"embeddable":true,"href":"https:\/\/kendov-dvorec.com\/de\/wp-json\/wp\/v2\/pages\/27836"}],"wp:attachment":[{"href":"https:\/\/kendov-dvorec.com\/de\/wp-json\/wp\/v2\/media?parent=27029"}],"curies":[{"name":"wp","href":"https:\/\/api.w.org\/{rel}","templated":true}]}}