{"id":27058,"date":"2019-12-15T10:14:31","date_gmt":"2019-12-15T10:14:31","guid":{"rendered":"https:\/\/kendov-dvorec.com\/weihnachten-im-kendov-dvorec\/"},"modified":"2026-04-07T08:16:29","modified_gmt":"2026-04-07T07:16:29","slug":"weihnachten-im-kendov-dvorec","status":"publish","type":"page","link":"https:\/\/kendov-dvorec.com\/de\/weihnachten-im-kendov-dvorec\/","title":{"rendered":"Weihnachten im Kendov Dvorec"},"content":{"rendered":"\t\t<div data-elementor-type=\"wp-page\" data-elementor-id=\"27058\" class=\"elementor elementor-27058 elementor-5854\" data-elementor-post-type=\"page\">\n\t\t\t\t<div class=\"elementor-element elementor-element-b8ec060 e-flex e-con-boxed e-con e-parent\" data-id=\"b8ec060\" data-element_type=\"container\" data-e-type=\"container\" data-settings=\"{&quot;background_background&quot;:&quot;classic&quot;}\">\n\t\t\t\t\t<div class=\"e-con-inner\">\n\t\t\t\t\t<\/div>\n\t\t\t\t<\/div>\n\t\t<div class=\"elementor-element elementor-element-498e88b e-flex e-con-boxed e-con e-parent\" data-id=\"498e88b\" data-element_type=\"container\" data-e-type=\"container\">\n\t\t\t\t\t<div class=\"e-con-inner\">\n\t\t<div class=\"elementor-element elementor-element-1881f59 e-con-full e-flex e-con e-child\" data-id=\"1881f59\" data-element_type=\"container\" data-e-type=\"container\">\n\t\t\t\t<div class=\"elementor-element elementor-element-939d2f8 elementor-widget elementor-widget-heading\" data-id=\"939d2f8\" data-element_type=\"widget\" data-e-type=\"widget\" data-widget_type=\"heading.default\">\n\t\t\t\t<div class=\"elementor-widget-container\">\n\t\t\t\t\t<h2 class=\"elementor-heading-title elementor-size-default\">Festlich<\/h2>\t\t\t\t<\/div>\n\t\t\t\t<\/div>\n\t\t\t\t<div class=\"elementor-element elementor-element-2602540 elementor-widget elementor-widget-heading\" data-id=\"2602540\" data-element_type=\"widget\" data-e-type=\"widget\" data-widget_type=\"heading.default\">\n\t\t\t\t<div class=\"elementor-widget-container\">\n\t\t\t\t\t<h1 class=\"elementor-heading-title elementor-size-default\">Weihnachten im Kendov Dvorec<\/h1>\t\t\t\t<\/div>\n\t\t\t\t<\/div>\n\t\t\t\t<div class=\"elementor-element elementor-element-bd54086 elementor-widget elementor-widget-text-editor\" data-id=\"bd54086\" data-element_type=\"widget\" data-e-type=\"widget\" data-widget_type=\"text-editor.default\">\n\t\t\t\t<div class=\"elementor-widget-container\">\n\t\t\t\t\t\t\t\t\t<p>Besuchen Sie uns w\u00e4hrend der Weihnachts- und Neujahrszeit. Erleben Sie zauberhafte Momente mit Ihren Liebsten in der stilvollen Atmosph\u00e4re des Kendov Dvorc. \u00dcberraschen Sie Ihre Familie und Freunde mit einem unvergesslichen Aufenthalt, einem festlichen Abendessen am Heiligabend oder einem genussvollen Weihnachtsmittagessen.  <\/p><p><strong>Reservierungen<\/strong> sind erforderlich und nehmen wir gerne telefonisch unter <strong>05 37 25 100<\/strong> oder per E-Mail an <strong>info@kendov-dvorec.com<\/strong> entgegen.<\/p><p>Wir freuen uns darauf, Sie in der festlichen Zeit bei uns willkommen zu hei\u00dfen.<\/p>\t\t\t\t\t\t\t\t<\/div>\n\t\t\t\t<\/div>\n\t\t\t\t<div class=\"elementor-element elementor-element-605edb3 elementor-align-left elementor-widget elementor-widget-button\" data-id=\"605edb3\" data-element_type=\"widget\" data-e-type=\"widget\" data-widget_type=\"button.default\">\n\t\t\t\t<div class=\"elementor-widget-container\">\n\t\t\t\t\t\t\t\t\t<div class=\"elementor-button-wrapper\">\n\t\t\t\t\t<a class=\"elementor-button elementor-button-link elementor-size-sm\" href=\"mailto:info@kendov-dvorec.com\">\n\t\t\t\t\t\t<span class=\"elementor-button-content-wrapper\">\n\t\t\t\t\t\t\t\t\t<span class=\"elementor-button-text\">RESERVIEREN<\/span>\n\t\t\t\t\t<\/span>\n\t\t\t\t\t<\/a>\n\t\t\t\t<\/div>\n\t\t\t\t\t\t\t\t<\/div>\n\t\t\t\t<\/div>\n\t\t\t\t<div class=\"elementor-element elementor-element-9fae206 elementor-widget elementor-widget-image\" data-id=\"9fae206\" data-element_type=\"widget\" data-e-type=\"widget\" data-widget_type=\"image.default\">\n\t\t\t\t<div class=\"elementor-widget-container\">\n\t\t\t\t\t\t\t\t\t\t\t\t\t\t\t<img fetchpriority=\"high\" decoding=\"async\" width=\"800\" height=\"600\" src=\"https:\/\/kendov-dvorec.com\/wp-content\/uploads\/2025\/09\/Kendov-dvorec_winter.jpg\" class=\"attachment-large size-large wp-image-24966\" alt=\"\" srcset=\"https:\/\/kendov-dvorec.com\/wp-content\/uploads\/2025\/09\/Kendov-dvorec_winter.jpg 1000w, https:\/\/kendov-dvorec.com\/wp-content\/uploads\/2025\/09\/Kendov-dvorec_winter-300x225.jpg 300w, https:\/\/kendov-dvorec.com\/wp-content\/uploads\/2025\/09\/Kendov-dvorec_winter-768x576.jpg 768w\" sizes=\"(max-width: 800px) 100vw, 800px\" \/>\t\t\t\t\t\t\t\t\t\t\t\t\t\t\t<\/div>\n\t\t\t\t<\/div>\n\t\t\t\t<\/div>\n\t\t<div class=\"elementor-element elementor-element-e638da2 e-con-full e-flex e-con e-child\" data-id=\"e638da2\" data-element_type=\"container\" data-e-type=\"container\">\n\t\t\t\t<div class=\"elementor-element elementor-element-980b566 elementor-widget elementor-widget-image\" data-id=\"980b566\" data-element_type=\"widget\" data-e-type=\"widget\" data-widget_type=\"image.default\">\n\t\t\t\t<div class=\"elementor-widget-container\">\n\t\t\t\t\t\t\t\t\t\t\t\t\t\t\t<img decoding=\"async\" width=\"800\" height=\"239\" src=\"https:\/\/kendov-dvorec.com\/wp-content\/uploads\/2025\/09\/Xmas1.jpg\" class=\"attachment-large size-large wp-image-24987\" alt=\"\" srcset=\"https:\/\/kendov-dvorec.com\/wp-content\/uploads\/2025\/09\/Xmas1.jpg 1019w, https:\/\/kendov-dvorec.com\/wp-content\/uploads\/2025\/09\/Xmas1-300x89.jpg 300w, https:\/\/kendov-dvorec.com\/wp-content\/uploads\/2025\/09\/Xmas1-768x229.jpg 768w\" sizes=\"(max-width: 800px) 100vw, 800px\" \/>\t\t\t\t\t\t\t\t\t\t\t\t\t\t\t<\/div>\n\t\t\t\t<\/div>\n\t\t\t\t<div class=\"elementor-element elementor-element-aeaf7c2 elementor-widget elementor-widget-heading\" data-id=\"aeaf7c2\" data-element_type=\"widget\" data-e-type=\"widget\" data-widget_type=\"heading.default\">\n\t\t\t\t<div class=\"elementor-widget-container\">\n\t\t\t\t\t<h2 class=\"elementor-heading-title elementor-size-default\">WEIHNACHTSABENDESSEN<br>Dienstag, 24. Dezember 2019 <\/h2>\t\t\t\t<\/div>\n\t\t\t\t<\/div>\n\t\t\t\t<div class=\"elementor-element elementor-element-32b4a55 elementor-widget elementor-widget-text-editor\" data-id=\"32b4a55\" data-element_type=\"widget\" data-e-type=\"widget\" data-widget_type=\"text-editor.default\">\n\t\t\t\t<div class=\"elementor-widget-container\">\n\t\t\t\t\t\t\t\t\t<p>Ger\u00e4ucherte Forelle mit Quark auf Fenchel<br>Kaltes Kalbfleisch mit Meerrettich<br>Selleriesuppe mit frisch gebackenem Salzstriezel<br>\u0160likrofi mit Mangoldso\u00dfe<br>Kendova Salat<br>\u017dlikrofi mit Hirschf\u00fcllung und Smukav\u010deva-So\u00dfe<br>Birne in Wein mit Schokoladenschaum<\/p><p>Preis des Men\u00fcs: 50 \u20ac<\/p>\t\t\t\t\t\t\t\t<\/div>\n\t\t\t\t<\/div>\n\t\t\t\t<div class=\"elementor-element elementor-element-ceb36bb elementor-widget-divider--view-line elementor-widget elementor-widget-divider\" data-id=\"ceb36bb\" data-element_type=\"widget\" data-e-type=\"widget\" data-widget_type=\"divider.default\">\n\t\t\t\t<div class=\"elementor-widget-container\">\n\t\t\t\t\t\t\t<div class=\"elementor-divider\">\n\t\t\t<span class=\"elementor-divider-separator\">\n\t\t\t\t\t\t<\/span>\n\t\t<\/div>\n\t\t\t\t\t\t<\/div>\n\t\t\t\t<\/div>\n\t\t\t\t<div class=\"elementor-element elementor-element-0aefb20 elementor-widget elementor-widget-heading\" data-id=\"0aefb20\" data-element_type=\"widget\" data-e-type=\"widget\" data-widget_type=\"heading.default\">\n\t\t\t\t<div class=\"elementor-widget-container\">\n\t\t\t\t\t<h2 class=\"elementor-heading-title elementor-size-default\">WEIHNACHTS-MITTAGSMAHL<br>Mittwoch, 25. Dezember 2019 <\/h2>\t\t\t\t<\/div>\n\t\t\t\t<\/div>\n\t\t\t\t<div class=\"elementor-element elementor-element-1341afb elementor-widget elementor-widget-text-editor\" data-id=\"1341afb\" data-element_type=\"widget\" data-e-type=\"widget\" data-widget_type=\"text-editor.default\">\n\t\t\t\t<div class=\"elementor-widget-container\">\n\t\t\t\t\t\t\t\t\t<p>Ger\u00e4ucherte Forelle mit Quark auf Fenchel<br>Kaltes Kalbfleisch mit Meerrettich<br>Selleriesuppe mit frisch gebackenem Salzstriezel<br>\u0160likrofi mit Mangoldso\u00dfe<br>Kendova Salat<br>\u017dlikrofi mit Hirschf\u00fcllung und Smukav\u010deva-So\u00dfe<br>Birne in Wein mit Schokoladenschaum<\/p><p>Preis des Men\u00fcs: 50 \u20ac<\/p>\t\t\t\t\t\t\t\t<\/div>\n\t\t\t\t<\/div>\n\t\t\t\t<div class=\"elementor-element elementor-element-0dbfb8e elementor-widget elementor-widget-image\" data-id=\"0dbfb8e\" data-element_type=\"widget\" data-e-type=\"widget\" data-widget_type=\"image.default\">\n\t\t\t\t<div class=\"elementor-widget-container\">\n\t\t\t\t\t\t\t\t\t\t\t\t\t\t\t<img decoding=\"async\" width=\"800\" height=\"203\" src=\"https:\/\/kendov-dvorec.com\/wp-content\/uploads\/2025\/09\/Xmas2.jpg\" class=\"attachment-large size-large wp-image-24982\" alt=\"\" srcset=\"https:\/\/kendov-dvorec.com\/wp-content\/uploads\/2025\/09\/Xmas2.jpg 1024w, https:\/\/kendov-dvorec.com\/wp-content\/uploads\/2025\/09\/Xmas2-300x76.jpg 300w, https:\/\/kendov-dvorec.com\/wp-content\/uploads\/2025\/09\/Xmas2-768x195.jpg 768w\" sizes=\"(max-width: 800px) 100vw, 800px\" \/>\t\t\t\t\t\t\t\t\t\t\t\t\t\t\t<\/div>\n\t\t\t\t<\/div>\n\t\t\t\t<\/div>\n\t\t\t\t\t<\/div>\n\t\t\t\t<\/div>\n\t\t\t\t<\/div>\n\t\t","protected":false},"excerpt":{"rendered":"<p>Festlich Weihnachten im Kendov Dvorec Besuchen Sie uns w\u00e4hrend der Weihnachts- und Neujahrszeit. Erleben Sie zauberhafte Momente mit Ihren Liebsten in der stilvollen Atmosph\u00e4re des Kendov Dvorc. \u00dcberraschen Sie Ihre Familie und Freunde mit einem unvergesslichen Aufenthalt, einem festlichen Abendessen am Heiligabend oder einem genussvollen Weihnachtsmittagessen. Reservierungen sind erforderlich und nehmen wir gerne telefonisch unter [&hellip;]<\/p>\n","protected":false},"author":1,"featured_media":2326,"parent":0,"menu_order":4,"comment_status":"closed","ping_status":"closed","template":"elementor_header_footer","meta":{"footnotes":""},"class_list":["post-27058","page","type-page","status-publish","has-post-thumbnail","hentry"],"_links":{"self":[{"href":"https:\/\/kendov-dvorec.com\/de\/wp-json\/wp\/v2\/pages\/27058","targetHints":{"allow":["GET"]}}],"collection":[{"href":"https:\/\/kendov-dvorec.com\/de\/wp-json\/wp\/v2\/pages"}],"about":[{"href":"https:\/\/kendov-dvorec.com\/de\/wp-json\/wp\/v2\/types\/page"}],"author":[{"embeddable":true,"href":"https:\/\/kendov-dvorec.com\/de\/wp-json\/wp\/v2\/users\/1"}],"replies":[{"embeddable":true,"href":"https:\/\/kendov-dvorec.com\/de\/wp-json\/wp\/v2\/comments?post=27058"}],"version-history":[{"count":1,"href":"https:\/\/kendov-dvorec.com\/de\/wp-json\/wp\/v2\/pages\/27058\/revisions"}],"predecessor-version":[{"id":27059,"href":"https:\/\/kendov-dvorec.com\/de\/wp-json\/wp\/v2\/pages\/27058\/revisions\/27059"}],"wp:featuredmedia":[{"embeddable":true,"href":"https:\/\/kendov-dvorec.com\/de\/wp-json\/wp\/v2\/media\/2326"}],"wp:attachment":[{"href":"https:\/\/kendov-dvorec.com\/de\/wp-json\/wp\/v2\/media?parent=27058"}],"curies":[{"name":"wp","href":"https:\/\/api.w.org\/{rel}","templated":true}]}}