{"id":27072,"date":"2017-07-16T11:03:16","date_gmt":"2017-07-16T10:03:16","guid":{"rendered":"https:\/\/kendov-dvorec.com\/angebote-und-pakete\/uebernachtung-mit-fruehstueck\/"},"modified":"2026-02-05T10:49:28","modified_gmt":"2026-02-05T10:49:28","slug":"uebernachtung-mit-fruehstueck","status":"publish","type":"page","link":"https:\/\/kendov-dvorec.com\/de\/angebote-und-pakete\/uebernachtung-mit-fruehstueck\/","title":{"rendered":"\u00dcBERNACHTUNG MIT FR\u00dcHST\u00dcCK"},"content":{"rendered":"\t\t<div data-elementor-type=\"wp-page\" data-elementor-id=\"27072\" class=\"elementor elementor-27072 elementor-5821\" data-elementor-post-type=\"page\">\n\t\t\t\t<div class=\"elementor-element elementor-element-c9dbdd9 e-flex e-con-boxed e-con e-parent\" data-id=\"c9dbdd9\" data-element_type=\"container\" data-e-type=\"container\" data-settings=\"{&quot;background_background&quot;:&quot;classic&quot;}\">\n\t\t\t\t\t<div class=\"e-con-inner\">\n\t\t\t\t\t<\/div>\n\t\t\t\t<\/div>\n\t\t<div class=\"elementor-element elementor-element-85cd1e8 e-flex e-con-boxed e-con e-parent\" data-id=\"85cd1e8\" data-element_type=\"container\" data-e-type=\"container\">\n\t\t\t\t\t<div class=\"e-con-inner\">\n\t\t<div class=\"elementor-element elementor-element-4d6bd7d e-con-full e-flex e-con e-child\" data-id=\"4d6bd7d\" data-element_type=\"container\" data-e-type=\"container\">\n\t\t\t\t<div class=\"elementor-element elementor-element-8499838 elementor-widget elementor-widget-heading\" data-id=\"8499838\" data-element_type=\"widget\" data-e-type=\"widget\" data-widget_type=\"heading.default\">\n\t\t\t\t<div class=\"elementor-widget-container\">\n\t\t\t\t\t<h1 class=\"elementor-heading-title elementor-size-default\">PONUDBE<\/h1>\t\t\t\t<\/div>\n\t\t\t\t<\/div>\n\t\t\t\t<div class=\"elementor-element elementor-element-c732921 elementor-widget elementor-widget-heading\" data-id=\"c732921\" data-element_type=\"widget\" data-e-type=\"widget\" data-widget_type=\"heading.default\">\n\t\t\t\t<div class=\"elementor-widget-container\">\n\t\t\t\t\t<h1 class=\"elementor-heading-title elementor-size-default\">\u00dcbernachtung mit fr\u00fchst\u00fcck<\/h1>\t\t\t\t<\/div>\n\t\t\t\t<\/div>\n\t\t\t\t<div class=\"elementor-element elementor-element-a458ed2 elementor-widget elementor-widget-heading\" data-id=\"a458ed2\" data-element_type=\"widget\" data-e-type=\"widget\" data-widget_type=\"heading.default\">\n\t\t\t\t<div class=\"elementor-widget-container\">\n\t\t\t\t\t<h2 class=\"elementor-heading-title elementor-size-default\">Sch\u00f6pfen Sie neue Kr\u00e4fte in einem Haus, das Sie mit seiner Gem\u00fctlichkeit begeistert.<\/h2>\t\t\t\t<\/div>\n\t\t\t\t<\/div>\n\t\t\t\t<div class=\"elementor-element elementor-element-02f39f0 elementor-widget elementor-widget-text-editor\" data-id=\"02f39f0\" data-element_type=\"widget\" data-e-type=\"widget\" data-widget_type=\"text-editor.default\">\n\t\t\t\t<div class=\"elementor-widget-container\">\n\t\t\t\t\t\t\t\t\t<p>Sobald Sie \u00fcber die Schwelle des Kendov dvorec treten, wird die Zeit unwichtig. In diesem ruhigen Haus mit einem Hauch Vergangenheit, werden Sie sich bei einem gastfreundlichen Empfang durch unser Personal wie zu Hause f\u00fchlen.  <\/p>\t\t\t\t\t\t\t\t<\/div>\n\t\t\t\t<\/div>\n\t\t\t\t<div class=\"elementor-element elementor-element-01b97b5 elementor-widget elementor-widget-text-editor\" data-id=\"01b97b5\" data-element_type=\"widget\" data-e-type=\"widget\" data-widget_type=\"text-editor.default\">\n\t\t\t\t<div class=\"elementor-widget-container\">\n\t\t\t\t\t\t\t\t\t<p>Im <strong>Angebot \u00dcbernachtung mit Fr\u00fchst\u00fcck<\/strong> enthalten:<br>\u00dcbernachtung in einem Zimmer oder einer Suite<br>Fr\u00fchst\u00fcck mit lokalen Produkten<br>Willkommenstrunk<\/p>\t\t\t\t\t\t\t\t<\/div>\n\t\t\t\t<\/div>\n\t\t<div class=\"elementor-element elementor-element-bb20f3f e-con-full e-flex e-con e-child\" data-id=\"bb20f3f\" data-element_type=\"container\" data-e-type=\"container\">\n\t\t\t\t<div class=\"elementor-element elementor-element-5f31ad1 elementor-align-center elementor-tablet-align-justify elementor-widget elementor-widget-button\" data-id=\"5f31ad1\" data-element_type=\"widget\" data-e-type=\"widget\" data-widget_type=\"button.default\">\n\t\t\t\t<div class=\"elementor-widget-container\">\n\t\t\t\t\t\t\t\t\t<div class=\"elementor-button-wrapper\">\n\t\t\t\t\t<a class=\"elementor-button elementor-button-link elementor-size-sm\" href=\"https:\/\/be.synxis.com\/?Hotel=22808&#038;Chain=8565&#038;locale=sl-SI&#038;adult=2\">\n\t\t\t\t\t\t<span class=\"elementor-button-content-wrapper\">\n\t\t\t\t\t\t\t\t\t<span class=\"elementor-button-text\">Reservieren<\/span>\n\t\t\t\t\t<\/span>\n\t\t\t\t\t<\/a>\n\t\t\t\t<\/div>\n\t\t\t\t\t\t\t\t<\/div>\n\t\t\t\t<\/div>\n\t\t\t\t<div class=\"elementor-element elementor-element-91d9d8e elementor-align-center elementor-tablet-align-justify elementor-widget elementor-widget-button\" data-id=\"91d9d8e\" data-element_type=\"widget\" data-e-type=\"widget\" data-widget_type=\"button.default\">\n\t\t\t\t<div class=\"elementor-widget-container\">\n\t\t\t\t\t\t\t\t\t<div class=\"elementor-button-wrapper\">\n\t\t\t\t\t<a class=\"elementor-button elementor-button-link elementor-size-sm\" href=\"https:\/\/kendov-dvorec.com\/de\/angebote-und-pakete\/\">\n\t\t\t\t\t\t<span class=\"elementor-button-content-wrapper\">\n\t\t\t\t\t\t\t\t\t<span class=\"elementor-button-text\">Zur\u00fcck zu den Angeboten<\/span>\n\t\t\t\t\t<\/span>\n\t\t\t\t\t<\/a>\n\t\t\t\t<\/div>\n\t\t\t\t\t\t\t\t<\/div>\n\t\t\t\t<\/div>\n\t\t\t\t<\/div>\n\t\t\t\t<div class=\"elementor-element elementor-element-faae0db elementor-hidden-desktop elementor-hidden-tablet elementor-widget elementor-widget-image\" data-id=\"faae0db\" data-element_type=\"widget\" data-e-type=\"widget\" data-widget_type=\"image.default\">\n\t\t\t\t<div class=\"elementor-widget-container\">\n\t\t\t\t\t\t\t\t\t\t\t\t\t\t\t<img fetchpriority=\"high\" decoding=\"async\" width=\"597\" height=\"597\" src=\"https:\/\/kendov-dvorec.com\/wp-content\/uploads\/2025\/09\/Kendov-dvorec-bathroom-2.jpg\" class=\"attachment-large size-large wp-image-24971\" alt=\"\" srcset=\"https:\/\/kendov-dvorec.com\/wp-content\/uploads\/2025\/09\/Kendov-dvorec-bathroom-2.jpg 597w, https:\/\/kendov-dvorec.com\/wp-content\/uploads\/2025\/09\/Kendov-dvorec-bathroom-2-300x300.jpg 300w, https:\/\/kendov-dvorec.com\/wp-content\/uploads\/2025\/09\/Kendov-dvorec-bathroom-2-150x150.jpg 150w\" sizes=\"(max-width: 597px) 100vw, 597px\" \/>\t\t\t\t\t\t\t\t\t\t\t\t\t\t\t<\/div>\n\t\t\t\t<\/div>\n\t\t\t\t<div class=\"elementor-element elementor-element-b2be429 elementor-widget elementor-widget-n-accordion\" data-id=\"b2be429\" data-element_type=\"widget\" data-e-type=\"widget\" data-settings=\"{&quot;default_state&quot;:&quot;all_collapsed&quot;,&quot;max_items_expended&quot;:&quot;one&quot;,&quot;n_accordion_animation_duration&quot;:{&quot;unit&quot;:&quot;ms&quot;,&quot;size&quot;:400,&quot;sizes&quot;:[]}}\" data-widget_type=\"nested-accordion.default\">\n\t\t\t\t<div class=\"elementor-widget-container\">\n\t\t\t\t\t\t\t<div class=\"e-n-accordion\" aria-label=\"Accordion. Open links with Enter or Space, close with Escape, and navigate with Arrow Keys\">\n\t\t\t\t\t\t<details id=\"e-n-accordion-item-1870\" class=\"e-n-accordion-item\" >\n\t\t\t\t<summary class=\"e-n-accordion-item-title\" data-accordion-index=\"1\" tabindex=\"0\" aria-expanded=\"false\" aria-controls=\"e-n-accordion-item-1870\" >\n\t\t\t\t\t<span class='e-n-accordion-item-title-header'><div class=\"e-n-accordion-item-title-text\"> Mehr informationen <\/div><\/span>\n\t\t\t\t\t\t\t<span class='e-n-accordion-item-title-icon'>\n\t\t\t<span class='e-opened' ><svg aria-hidden=\"true\" class=\"e-font-icon-svg e-fas-chevron-up\" viewBox=\"0 0 448 512\" xmlns=\"http:\/\/www.w3.org\/2000\/svg\"><path d=\"M240.971 130.524l194.343 194.343c9.373 9.373 9.373 24.569 0 33.941l-22.667 22.667c-9.357 9.357-24.522 9.375-33.901.04L224 227.495 69.255 381.516c-9.379 9.335-24.544 9.317-33.901-.04l-22.667-22.667c-9.373-9.373-9.373-24.569 0-33.941L207.03 130.525c9.372-9.373 24.568-9.373 33.941-.001z\"><\/path><\/svg><\/span>\n\t\t\t<span class='e-closed'><svg aria-hidden=\"true\" class=\"e-font-icon-svg e-fas-chevron-down\" viewBox=\"0 0 448 512\" xmlns=\"http:\/\/www.w3.org\/2000\/svg\"><path d=\"M207.029 381.476L12.686 187.132c-9.373-9.373-9.373-24.569 0-33.941l22.667-22.667c9.357-9.357 24.522-9.375 33.901-.04L224 284.505l154.745-154.021c9.379-9.335 24.544-9.317 33.901.04l22.667 22.667c9.373 9.373 9.373 24.569 0 33.941L240.971 381.476c-9.373 9.372-24.569 9.372-33.942 0z\"><\/path><\/svg><\/span>\n\t\t<\/span>\n\n\t\t\t\t\t\t<\/summary>\n\t\t\t\t<div role=\"region\" aria-labelledby=\"e-n-accordion-item-1870\" class=\"elementor-element elementor-element-5c5c149 e-con-full e-flex e-con e-child\" data-id=\"5c5c149\" data-element_type=\"container\" data-e-type=\"container\">\n\t\t\t\t<div class=\"elementor-element elementor-element-82f43ad elementor-widget elementor-widget-text-editor\" data-id=\"82f43ad\" data-element_type=\"widget\" data-e-type=\"widget\" data-widget_type=\"text-editor.default\">\n\t\t\t\t<div class=\"elementor-widget-container\">\n\t\t\t\t\t\t\t\t\t<p><strong>Bettengr\u00f6\u00dfe in Superior-Zimmern:<\/strong><br>L\u00e4nge: 200 cm<br>Breite: 180-190 cm<\/p><p><strong>Kinder<\/strong>:<br>Kinder sind willkommen. Der Aufpreis f\u00fcr ein Kinderbett betr\u00e4gt 30\u20ac\/Tag. <\/p><p><strong>Anreise\/Abreise:<\/strong><br>Das reservierte Zimmer steht Ihnen von 14 Uhr am Tag der Anreise bis 11 Uhr am Tag der Abreise zur Verf\u00fcgung.  <\/p><p><strong>Parken<\/strong>:<br>G\u00e4sten steht der Parkplatz des Kendov dvorec kostenlos zur Verf\u00fcgung. Eine vorherige Parkplatzreservierung ist nicht n\u00f6tig. <\/p><p><strong>Haustiere:<\/strong><br>Der Aufenthalt von Haustieren ist nach vorheriger Absprache erlaubt. Der Aufpreis f\u00fcr Haustiere betr\u00e4gt 40\u20ac\/Tag. <\/p>\t\t\t\t\t\t\t\t<\/div>\n\t\t\t\t<\/div>\n\t\t\t\t<\/div>\n\t\t\t\t\t<\/details>\n\t\t\t\t\t<\/div>\n\t\t\t\t\t\t<\/div>\n\t\t\t\t<\/div>\n\t\t\t\t<\/div>\n\t\t<div class=\"elementor-element elementor-element-4d37f10 e-con-full e-flex e-con e-child\" data-id=\"4d37f10\" data-element_type=\"container\" data-e-type=\"container\">\n\t\t\t\t<div class=\"elementor-element elementor-element-7db9bc8 elementor-hidden-mobile elementor-widget elementor-widget-image\" data-id=\"7db9bc8\" data-element_type=\"widget\" data-e-type=\"widget\" data-widget_type=\"image.default\">\n\t\t\t\t<div class=\"elementor-widget-container\">\n\t\t\t\t\t\t\t\t\t\t\t\t\t\t\t<img decoding=\"async\" width=\"800\" height=\"534\" src=\"https:\/\/kendov-dvorec.com\/wp-content\/uploads\/2025\/09\/Sobe-58-1024x683.jpg\" class=\"attachment-large size-large wp-image-26335\" alt=\"\" srcset=\"https:\/\/kendov-dvorec.com\/wp-content\/uploads\/2025\/09\/Sobe-58-1024x683.jpg 1024w, https:\/\/kendov-dvorec.com\/wp-content\/uploads\/2025\/09\/Sobe-58-300x200.jpg 300w, https:\/\/kendov-dvorec.com\/wp-content\/uploads\/2025\/09\/Sobe-58-768x512.jpg 768w, https:\/\/kendov-dvorec.com\/wp-content\/uploads\/2025\/09\/Sobe-58-1536x1024.jpg 1536w, https:\/\/kendov-dvorec.com\/wp-content\/uploads\/2025\/09\/Sobe-58-2048x1365.jpg 2048w\" sizes=\"(max-width: 800px) 100vw, 800px\" \/>\t\t\t\t\t\t\t\t\t\t\t\t\t\t\t<\/div>\n\t\t\t\t<\/div>\n\t\t\t\t<\/div>\n\t\t\t\t\t<\/div>\n\t\t\t\t<\/div>\n\t\t<div class=\"elementor-element elementor-element-64f5abb e-flex e-con-boxed e-con e-parent\" data-id=\"64f5abb\" data-element_type=\"container\" data-e-type=\"container\" data-settings=\"{&quot;background_background&quot;:&quot;classic&quot;}\">\n\t\t\t\t\t<div class=\"e-con-inner\">\n\t\t\t\t<div class=\"elementor-element elementor-element-acbb9dc elementor-widget elementor-widget-heading\" data-id=\"acbb9dc\" data-element_type=\"widget\" data-e-type=\"widget\" data-widget_type=\"heading.default\">\n\t\t\t\t<div class=\"elementor-widget-container\">\n\t\t\t\t\t<h2 class=\"elementor-heading-title elementor-size-default\">Machen Sie Ihre Erholung noch angenehmer\u2026<\/h2>\t\t\t\t<\/div>\n\t\t\t\t<\/div>\n\t\t<div class=\"elementor-element elementor-element-1b70eba e-con-full e-flex e-con e-child\" data-id=\"1b70eba\" data-element_type=\"container\" data-e-type=\"container\">\n\t\t<div class=\"elementor-element elementor-element-67f7a9a e-con-full e-flex e-con e-child\" data-id=\"67f7a9a\" data-element_type=\"container\" data-e-type=\"container\">\n\t\t\t\t<div class=\"elementor-element elementor-element-be1ca38 elementor-widget elementor-widget-image\" data-id=\"be1ca38\" data-element_type=\"widget\" data-e-type=\"widget\" data-widget_type=\"image.default\">\n\t\t\t\t<div class=\"elementor-widget-container\">\n\t\t\t\t\t\t\t\t\t\t\t\t\t\t\t<img decoding=\"async\" width=\"800\" height=\"453\" src=\"https:\/\/kendov-dvorec.com\/wp-content\/uploads\/2025\/09\/Kendov_dvorec_bouquet-scaled-2-1024x580.jpg\" class=\"attachment-large size-large wp-image-25002\" alt=\"\" srcset=\"https:\/\/kendov-dvorec.com\/wp-content\/uploads\/2025\/09\/Kendov_dvorec_bouquet-scaled-2-1024x580.jpg 1024w, https:\/\/kendov-dvorec.com\/wp-content\/uploads\/2025\/09\/Kendov_dvorec_bouquet-scaled-2-300x170.jpg 300w, https:\/\/kendov-dvorec.com\/wp-content\/uploads\/2025\/09\/Kendov_dvorec_bouquet-scaled-2-768x435.jpg 768w, https:\/\/kendov-dvorec.com\/wp-content\/uploads\/2025\/09\/Kendov_dvorec_bouquet-scaled-2-1536x870.jpg 1536w, https:\/\/kendov-dvorec.com\/wp-content\/uploads\/2025\/09\/Kendov_dvorec_bouquet-scaled-2-2048x1160.jpg 2048w\" sizes=\"(max-width: 800px) 100vw, 800px\" \/>\t\t\t\t\t\t\t\t\t\t\t\t\t\t\t<\/div>\n\t\t\t\t<\/div>\n\t\t\t\t<div class=\"elementor-element elementor-element-89fe56a elementor-widget elementor-widget-text-editor\" data-id=\"89fe56a\" data-element_type=\"widget\" data-e-type=\"widget\" data-widget_type=\"text-editor.default\">\n\t\t\t\t<div class=\"elementor-widget-container\">\n\t\t\t\t\t\t\t\t\t<p>FRISCHE BLUMEN<br>\u00dcberraschen Sie Ihre geliebte Person mit einem Strau\u00df frischer Blumen, der bei Ihrer Ankunft auf dem Zimmer auf Sie warten wird. <\/p>\t\t\t\t\t\t\t\t<\/div>\n\t\t\t\t<\/div>\n\t\t\t\t<\/div>\n\t\t<div class=\"elementor-element elementor-element-275cb62 e-con-full e-flex e-con e-child\" data-id=\"275cb62\" data-element_type=\"container\" data-e-type=\"container\">\n\t\t\t\t<div class=\"elementor-element elementor-element-5f06ffe elementor-widget elementor-widget-image\" data-id=\"5f06ffe\" data-element_type=\"widget\" data-e-type=\"widget\" data-widget_type=\"image.default\">\n\t\t\t\t<div class=\"elementor-widget-container\">\n\t\t\t\t\t\t\t\t\t\t\t\t\t\t\t<img loading=\"lazy\" decoding=\"async\" width=\"800\" height=\"453\" src=\"https:\/\/kendov-dvorec.com\/wp-content\/uploads\/2025\/09\/Kendov_dvorec_restaurant_week-1.jpg\" class=\"attachment-large size-large wp-image-24997\" alt=\"\" srcset=\"https:\/\/kendov-dvorec.com\/wp-content\/uploads\/2025\/09\/Kendov_dvorec_restaurant_week-1.jpg 900w, https:\/\/kendov-dvorec.com\/wp-content\/uploads\/2025\/09\/Kendov_dvorec_restaurant_week-1-300x170.jpg 300w, https:\/\/kendov-dvorec.com\/wp-content\/uploads\/2025\/09\/Kendov_dvorec_restaurant_week-1-768x435.jpg 768w\" sizes=\"(max-width: 800px) 100vw, 800px\" \/>\t\t\t\t\t\t\t\t\t\t\t\t\t\t\t<\/div>\n\t\t\t\t<\/div>\n\t\t\t\t<div class=\"elementor-element elementor-element-151884d elementor-widget elementor-widget-text-editor\" data-id=\"151884d\" data-element_type=\"widget\" data-e-type=\"widget\" data-widget_type=\"text-editor.default\">\n\t\t\t\t<div class=\"elementor-widget-container\">\n\t\t\t\t\t\t\t\t\t<p>ABENDESSEN MIT ERLESENEN WEINEN<br>Genie\u00dfen Sie die hervorragende lokale Kulinarik, die wir mit erlesenen Weinen der k\u00fcstenl\u00e4ndischen Winzer begleiten werden. <\/p>\t\t\t\t\t\t\t\t<\/div>\n\t\t\t\t<\/div>\n\t\t\t\t<\/div>\n\t\t<div class=\"elementor-element elementor-element-e6817b5 e-con-full e-flex e-con e-child\" data-id=\"e6817b5\" data-element_type=\"container\" data-e-type=\"container\">\n\t\t\t\t<div class=\"elementor-element elementor-element-8217e0e elementor-widget elementor-widget-image\" data-id=\"8217e0e\" data-element_type=\"widget\" data-e-type=\"widget\" data-widget_type=\"image.default\">\n\t\t\t\t<div class=\"elementor-widget-container\">\n\t\t\t\t\t\t\t\t\t\t\t\t\t\t\t<img loading=\"lazy\" decoding=\"async\" width=\"800\" height=\"453\" src=\"https:\/\/kendov-dvorec.com\/wp-content\/uploads\/2025\/09\/Kendov_dvorec_picnic_lunch-1.jpg\" class=\"attachment-large size-large wp-image-24992\" alt=\"\" srcset=\"https:\/\/kendov-dvorec.com\/wp-content\/uploads\/2025\/09\/Kendov_dvorec_picnic_lunch-1.jpg 900w, https:\/\/kendov-dvorec.com\/wp-content\/uploads\/2025\/09\/Kendov_dvorec_picnic_lunch-1-300x170.jpg 300w, https:\/\/kendov-dvorec.com\/wp-content\/uploads\/2025\/09\/Kendov_dvorec_picnic_lunch-1-768x435.jpg 768w\" sizes=\"(max-width: 800px) 100vw, 800px\" \/>\t\t\t\t\t\t\t\t\t\t\t\t\t\t\t<\/div>\n\t\t\t\t<\/div>\n\t\t\t\t<div class=\"elementor-element elementor-element-4383624 elementor-widget elementor-widget-text-editor\" data-id=\"4383624\" data-element_type=\"widget\" data-e-type=\"widget\" data-widget_type=\"text-editor.default\">\n\t\t\t\t<div class=\"elementor-widget-container\">\n\t\t\t\t\t\t\t\t\t<p>MITTAGESSEN IM KORB<br>Begeben Sie sich in die Natur und genie\u00dfen Sie ein leckeres Mittagessen aus dem Korb mit einer Auswahl frischer lokaler Erzeugnisse. <\/p>\t\t\t\t\t\t\t\t<\/div>\n\t\t\t\t<\/div>\n\t\t\t\t<\/div>\n\t\t\t\t<\/div>\n\t\t\t\t\t<\/div>\n\t\t\t\t<\/div>\n\t\t\t\t<\/div>\n\t\t","protected":false},"excerpt":{"rendered":"<p>PONUDBE \u00dcbernachtung mit fr\u00fchst\u00fcck Sch\u00f6pfen Sie neue Kr\u00e4fte in einem Haus, das Sie mit seiner Gem\u00fctlichkeit begeistert. Sobald Sie \u00fcber die Schwelle des Kendov dvorec treten, wird die Zeit unwichtig. In diesem ruhigen Haus mit einem Hauch Vergangenheit, werden Sie sich bei einem gastfreundlichen Empfang durch unser Personal wie zu Hause f\u00fchlen. Im Angebot \u00dcbernachtung [&hellip;]<\/p>\n","protected":false},"author":1,"featured_media":1536,"parent":27043,"menu_order":1,"comment_status":"closed","ping_status":"closed","template":"elementor_header_footer","meta":{"footnotes":""},"class_list":["post-27072","page","type-page","status-publish","has-post-thumbnail","hentry"],"_links":{"self":[{"href":"https:\/\/kendov-dvorec.com\/de\/wp-json\/wp\/v2\/pages\/27072","targetHints":{"allow":["GET"]}}],"collection":[{"href":"https:\/\/kendov-dvorec.com\/de\/wp-json\/wp\/v2\/pages"}],"about":[{"href":"https:\/\/kendov-dvorec.com\/de\/wp-json\/wp\/v2\/types\/page"}],"author":[{"embeddable":true,"href":"https:\/\/kendov-dvorec.com\/de\/wp-json\/wp\/v2\/users\/1"}],"replies":[{"embeddable":true,"href":"https:\/\/kendov-dvorec.com\/de\/wp-json\/wp\/v2\/comments?post=27072"}],"version-history":[{"count":2,"href":"https:\/\/kendov-dvorec.com\/de\/wp-json\/wp\/v2\/pages\/27072\/revisions"}],"predecessor-version":[{"id":27074,"href":"https:\/\/kendov-dvorec.com\/de\/wp-json\/wp\/v2\/pages\/27072\/revisions\/27074"}],"up":[{"embeddable":true,"href":"https:\/\/kendov-dvorec.com\/de\/wp-json\/wp\/v2\/pages\/27043"}],"wp:featuredmedia":[{"embeddable":true,"href":"https:\/\/kendov-dvorec.com\/de\/wp-json\/wp\/v2\/media\/1536"}],"wp:attachment":[{"href":"https:\/\/kendov-dvorec.com\/de\/wp-json\/wp\/v2\/media?parent=27072"}],"curies":[{"name":"wp","href":"https:\/\/api.w.org\/{rel}","templated":true}]}}