{"id":27142,"date":"2019-06-01T12:05:49","date_gmt":"2019-06-01T11:05:49","guid":{"rendered":"https:\/\/kendov-dvorec.com\/erlebnisse\/dobavitelji\/"},"modified":"2026-04-07T08:19:58","modified_gmt":"2026-04-07T07:19:58","slug":"dobavitelji","status":"publish","type":"page","link":"https:\/\/kendov-dvorec.com\/de\/erlebnisse\/dobavitelji\/","title":{"rendered":"Dobavitelji"},"content":{"rendered":"\t\t<div data-elementor-type=\"wp-page\" data-elementor-id=\"27142\" class=\"elementor elementor-27142 elementor-5453\" data-elementor-post-type=\"page\">\n\t\t\t\t<div class=\"elementor-element elementor-element-16dd30c e-flex e-con-boxed e-con e-parent\" data-id=\"16dd30c\" data-element_type=\"container\" data-e-type=\"container\" data-settings=\"{&quot;background_background&quot;:&quot;classic&quot;}\">\n\t\t\t\t\t<div class=\"e-con-inner\">\n\t\t\t\t\t<\/div>\n\t\t\t\t<\/div>\n\t\t<div class=\"elementor-element elementor-element-395e785 e-flex e-con-boxed e-con e-parent\" data-id=\"395e785\" data-element_type=\"container\" data-e-type=\"container\">\n\t\t\t\t\t<div class=\"e-con-inner\">\n\t\t<div class=\"elementor-element elementor-element-52fe5bb e-con-full e-flex e-con e-child\" data-id=\"52fe5bb\" data-element_type=\"container\" data-e-type=\"container\">\n\t\t\t\t<div class=\"elementor-element elementor-element-8a7fe7b elementor-widget elementor-widget-heading\" data-id=\"8a7fe7b\" data-element_type=\"widget\" data-e-type=\"widget\" data-widget_type=\"heading.default\">\n\t\t\t\t<div class=\"elementor-widget-container\">\n\t\t\t\t\t<h2 class=\"elementor-heading-title elementor-size-default\">Hanas Saal<\/h2>\t\t\t\t<\/div>\n\t\t\t\t<\/div>\n\t\t\t\t<div class=\"elementor-element elementor-element-533e60d elementor-widget elementor-widget-text-editor\" data-id=\"533e60d\" data-element_type=\"widget\" data-e-type=\"widget\" data-widget_type=\"text-editor.default\">\n\t\t\t\t<div class=\"elementor-widget-container\">\n\t\t\t\t\t\t\t\t\tDer ger\u00e4umigste Saal des Herrenhauses Kendov dvorec, einst Kendas Pferdestall, ist heute ein elegant ausgestatteter Raum, bestimmt f\u00fcr Feste, Hochzeitsfeiern, Mittag- und Abendessen. Hanas Saal beherbergt auch gesch\u00e4ftliche Treffen, Pr\u00e4sentationen, Schulungen und Kulturereignisse.  \t\t\t\t\t\t\t\t<\/div>\n\t\t\t\t<\/div>\n\t\t\t\t<div class=\"elementor-element elementor-element-cd23c16 elementor-widget elementor-widget-text-editor\" data-id=\"cd23c16\" data-element_type=\"widget\" data-e-type=\"widget\" data-widget_type=\"text-editor.default\">\n\t\t\t\t<div class=\"elementor-widget-container\">\n\t\t\t\t\t\t\t\t\t<p><strong>Kapazit\u00e4t von Hanas Saal:<\/strong><br><strong>Empfang<\/strong>: 100<br><strong>Kino-Aufstellung:<\/strong> 80 \u2013 100 G\u00e4ste<br><strong>I-Aufstellung:<\/strong> 28 G\u00e4ste<br><strong>Bankett-Aufstellung:<\/strong> 100 G\u00e4ste<\/p>\t\t\t\t\t\t\t\t<\/div>\n\t\t\t\t<\/div>\n\t\t\t\t<\/div>\n\t\t<div class=\"elementor-element elementor-element-d3c5bf7 e-con-full e-flex e-con e-child\" data-id=\"d3c5bf7\" data-element_type=\"container\" data-e-type=\"container\">\n\t\t\t\t<div class=\"elementor-element elementor-element-b922d6d elementor-widget elementor-widget-image\" data-id=\"b922d6d\" data-element_type=\"widget\" data-e-type=\"widget\" data-widget_type=\"image.default\">\n\t\t\t\t<div class=\"elementor-widget-container\">\n\t\t\t\t\t\t\t\t\t\t\t\t\t\t\t<img fetchpriority=\"high\" decoding=\"async\" width=\"800\" height=\"453\" src=\"https:\/\/kendov-dvorec.com\/wp-content\/uploads\/2025\/09\/Kendov_dvorec_Hanina3.jpg\" class=\"attachment-large size-large wp-image-24135\" alt=\"\" srcset=\"https:\/\/kendov-dvorec.com\/wp-content\/uploads\/2025\/09\/Kendov_dvorec_Hanina3.jpg 900w, https:\/\/kendov-dvorec.com\/wp-content\/uploads\/2025\/09\/Kendov_dvorec_Hanina3-300x170.jpg 300w, https:\/\/kendov-dvorec.com\/wp-content\/uploads\/2025\/09\/Kendov_dvorec_Hanina3-768x435.jpg 768w\" sizes=\"(max-width: 800px) 100vw, 800px\" \/>\t\t\t\t\t\t\t\t\t\t\t\t\t\t\t<\/div>\n\t\t\t\t<\/div>\n\t\t\t\t<\/div>\n\t\t\t\t\t<\/div>\n\t\t\t\t<\/div>\n\t\t<div class=\"elementor-element elementor-element-7c577cb e-flex e-con-boxed e-con e-parent\" data-id=\"7c577cb\" data-element_type=\"container\" data-e-type=\"container\" data-settings=\"{&quot;background_background&quot;:&quot;classic&quot;}\">\n\t\t\t\t\t<div class=\"e-con-inner\">\n\t\t<div class=\"elementor-element elementor-element-e593b79 e-con-full e-flex e-con e-child\" data-id=\"e593b79\" data-element_type=\"container\" data-e-type=\"container\">\n\t\t\t\t<div class=\"elementor-element elementor-element-31ef6c6 elementor-widget elementor-widget-image\" data-id=\"31ef6c6\" data-element_type=\"widget\" data-e-type=\"widget\" data-widget_type=\"image.default\">\n\t\t\t\t<div class=\"elementor-widget-container\">\n\t\t\t\t\t\t\t\t\t\t\t\t\t\t\t<img decoding=\"async\" width=\"800\" height=\"453\" src=\"https:\/\/kendov-dvorec.com\/wp-content\/uploads\/2025\/09\/Kendov_dvorec_restaurant.jpg\" class=\"attachment-large size-large wp-image-24160\" alt=\"\" srcset=\"https:\/\/kendov-dvorec.com\/wp-content\/uploads\/2025\/09\/Kendov_dvorec_restaurant.jpg 900w, https:\/\/kendov-dvorec.com\/wp-content\/uploads\/2025\/09\/Kendov_dvorec_restaurant-300x170.jpg 300w, https:\/\/kendov-dvorec.com\/wp-content\/uploads\/2025\/09\/Kendov_dvorec_restaurant-768x435.jpg 768w\" sizes=\"(max-width: 800px) 100vw, 800px\" \/>\t\t\t\t\t\t\t\t\t\t\t\t\t\t\t<\/div>\n\t\t\t\t<\/div>\n\t\t\t\t<\/div>\n\t\t<div class=\"elementor-element elementor-element-01047a5 e-con-full e-flex e-con e-child\" data-id=\"01047a5\" data-element_type=\"container\" data-e-type=\"container\">\n\t\t\t\t<div class=\"elementor-element elementor-element-902eb7d elementor-widget elementor-widget-heading\" data-id=\"902eb7d\" data-element_type=\"widget\" data-e-type=\"widget\" data-widget_type=\"heading.default\">\n\t\t\t\t<div class=\"elementor-widget-container\">\n\t\t\t\t\t<h2 class=\"elementor-heading-title elementor-size-default\">Jakobs Saal<\/h2>\t\t\t\t<\/div>\n\t\t\t\t<\/div>\n\t\t\t\t<div class=\"elementor-element elementor-element-cb418ab elementor-widget elementor-widget-text-editor\" data-id=\"cb418ab\" data-element_type=\"widget\" data-e-type=\"widget\" data-widget_type=\"text-editor.default\">\n\t\t\t\t<div class=\"elementor-widget-container\">\n\t\t\t\t\t\t\t\t\t<p>Aus dem lichtdurchfluteten Saal \u00f6ffnet sich ein Blick auf den Blumengarten und Obstb\u00e4ume. Abends veranstalten wir hier eine Verkostung erlesener Weine mit dem Haussommelier. Der Saal ist auch f\u00fcr Gesch\u00e4fts- und Studientreffen, Hochzeitsfeiern und Feste sowie f\u00fcr abendliches Zusammensein bestimmt.   <\/p>\t\t\t\t\t\t\t\t<\/div>\n\t\t\t\t<\/div>\n\t\t\t\t<div class=\"elementor-element elementor-element-e2515b7 elementor-widget elementor-widget-text-editor\" data-id=\"e2515b7\" data-element_type=\"widget\" data-e-type=\"widget\" data-widget_type=\"text-editor.default\">\n\t\t\t\t<div class=\"elementor-widget-container\">\n\t\t\t\t\t\t\t\t\t<p><strong>Kapazit\u00e4t von Jakobs Saal:<\/strong><br><strong>Empfang:<\/strong> 60 G\u00e4ste<br><strong>Kino-Aufstellung:<\/strong> 50 G\u00e4ste<br><strong>U-Aufstellung: <\/strong>24 G\u00e4ste<br><strong>Bankett-Aufstellung:<\/strong> 60 G\u00e4ste <\/p>\t\t\t\t\t\t\t\t<\/div>\n\t\t\t\t<\/div>\n\t\t\t\t<\/div>\n\t\t\t\t\t<\/div>\n\t\t\t\t<\/div>\n\t\t<div class=\"elementor-element elementor-element-f02a875 e-flex e-con-boxed e-con e-parent\" data-id=\"f02a875\" data-element_type=\"container\" data-e-type=\"container\">\n\t\t\t\t\t<div class=\"e-con-inner\">\n\t\t<div class=\"elementor-element elementor-element-a81c77a e-con-full e-flex e-con e-child\" data-id=\"a81c77a\" data-element_type=\"container\" data-e-type=\"container\">\n\t\t\t\t<div class=\"elementor-element elementor-element-2a2feee elementor-widget elementor-widget-heading\" data-id=\"2a2feee\" data-element_type=\"widget\" data-e-type=\"widget\" data-widget_type=\"heading.default\">\n\t\t\t\t<div class=\"elementor-widget-container\">\n\t\t\t\t\t<h2 class=\"elementor-heading-title elementor-size-default\">Probieren Sie den \u0160ebreljer Magen<\/h2>\t\t\t\t<\/div>\n\t\t\t\t<\/div>\n\t\t\t\t<div class=\"elementor-element elementor-element-747fd3e elementor-widget elementor-widget-text-editor\" data-id=\"747fd3e\" data-element_type=\"widget\" data-e-type=\"widget\" data-widget_type=\"text-editor.default\">\n\t\t\t\t<div class=\"elementor-widget-container\">\n\t\t\t\t\t\t\t\t\t<p>Auf der Hochebene oberhalb des Idrijca-Tals, unweit von Divje Babe \u2013 dem Fundort des weltweit \u00e4ltesten Musikinstruments, der \u00fcber 50.000 Jahre alten neandertalerzeitlichen Fl\u00f6te \u2013 liegt das Dorf \u0160ebrelje. Im Herzen des Dorfes werden Sie auf dem Hof Polak herzlich empfangen. Hausherr Drago l\u00e4dt Sie in die traditionelle \u201eIspa\u201c ein, wo er ausgezeichnete Fleischspezialit\u00e4ten serviert, hergestellt aus nat\u00fcrlichen Zutaten nach \u00fcberlieferten Hausrezepten. Eine besondere Delikatesse ist der \u0160ebreljer Magen, ein gesch\u00fctztes slowenisches Produkt mit geografischer Herkunftsbezeichnung. Der Besuch l\u00e4sst sich wunderbar mit einem Spaziergang zur nahegelegenen Kirche des heiligen Johannes verbinden.     <span class=\"Apple-converted-space\">  <\/span><\/p>\t\t\t\t\t\t\t\t<\/div>\n\t\t\t\t<\/div>\n\t\t\t\t<div class=\"elementor-element elementor-element-02385eb elementor-widget elementor-widget-text-editor\" data-id=\"02385eb\" data-element_type=\"widget\" data-e-type=\"widget\" data-widget_type=\"text-editor.default\">\n\t\t\t\t<div class=\"elementor-widget-container\">\n\t\t\t\t\t\t\t\t\t<p><strong>Produkte<\/strong>: \u0160ebreljer Magen, Salami, W\u00fcrste, luftgetrockneter Speck, Zaseka \u2026<br><strong>Angebot<\/strong>: Verkostung, Verkauf<\/p>\t\t\t\t\t\t\t\t<\/div>\n\t\t\t\t<\/div>\n\t\t\t\t<\/div>\n\t\t<div class=\"elementor-element elementor-element-db18e75 e-con-full e-flex e-con e-child\" data-id=\"db18e75\" data-element_type=\"container\" data-e-type=\"container\">\n\t\t\t\t<div class=\"elementor-element elementor-element-42d9c53 elementor-widget elementor-widget-image\" data-id=\"42d9c53\" data-element_type=\"widget\" data-e-type=\"widget\" data-widget_type=\"image.default\">\n\t\t\t\t<div class=\"elementor-widget-container\">\n\t\t\t\t\t\t\t\t\t\t\t\t\t\t\t<img decoding=\"async\" width=\"800\" height=\"453\" src=\"https:\/\/kendov-dvorec.com\/wp-content\/uploads\/2025\/09\/Kendov_dvorec_zelodec_1t.jpg\" class=\"attachment-large size-large wp-image-24165\" alt=\"\" srcset=\"https:\/\/kendov-dvorec.com\/wp-content\/uploads\/2025\/09\/Kendov_dvorec_zelodec_1t.jpg 900w, https:\/\/kendov-dvorec.com\/wp-content\/uploads\/2025\/09\/Kendov_dvorec_zelodec_1t-300x170.jpg 300w, https:\/\/kendov-dvorec.com\/wp-content\/uploads\/2025\/09\/Kendov_dvorec_zelodec_1t-768x435.jpg 768w\" sizes=\"(max-width: 800px) 100vw, 800px\" \/>\t\t\t\t\t\t\t\t\t\t\t\t\t\t\t<\/div>\n\t\t\t\t<\/div>\n\t\t\t\t<\/div>\n\t\t\t\t\t<\/div>\n\t\t\t\t<\/div>\n\t\t<div class=\"elementor-element elementor-element-f750bf6 e-flex e-con-boxed e-con e-parent\" data-id=\"f750bf6\" data-element_type=\"container\" data-e-type=\"container\" data-settings=\"{&quot;background_background&quot;:&quot;classic&quot;}\">\n\t\t\t\t\t<div class=\"e-con-inner\">\n\t\t<div class=\"elementor-element elementor-element-f0568a0 e-con-full e-flex e-con e-child\" data-id=\"f0568a0\" data-element_type=\"container\" data-e-type=\"container\">\n\t\t\t\t<div class=\"elementor-element elementor-element-c5a1e18 elementor-widget elementor-widget-image\" data-id=\"c5a1e18\" data-element_type=\"widget\" data-e-type=\"widget\" data-widget_type=\"image.default\">\n\t\t\t\t<div class=\"elementor-widget-container\">\n\t\t\t\t\t\t\t\t\t\t\t\t\t\t\t<img loading=\"lazy\" decoding=\"async\" width=\"800\" height=\"453\" src=\"https:\/\/kendov-dvorec.com\/wp-content\/uploads\/2025\/09\/Kendov_dvorec-crnakuhinja.jpg\" class=\"attachment-large size-large wp-image-24173\" alt=\"\" srcset=\"https:\/\/kendov-dvorec.com\/wp-content\/uploads\/2025\/09\/Kendov_dvorec-crnakuhinja.jpg 900w, https:\/\/kendov-dvorec.com\/wp-content\/uploads\/2025\/09\/Kendov_dvorec-crnakuhinja-300x170.jpg 300w, https:\/\/kendov-dvorec.com\/wp-content\/uploads\/2025\/09\/Kendov_dvorec-crnakuhinja-768x435.jpg 768w\" sizes=\"(max-width: 800px) 100vw, 800px\" \/>\t\t\t\t\t\t\t\t\t\t\t\t\t\t\t<\/div>\n\t\t\t\t<\/div>\n\t\t\t\t<\/div>\n\t\t<div class=\"elementor-element elementor-element-ee89cfb e-con-full e-flex e-con e-child\" data-id=\"ee89cfb\" data-element_type=\"container\" data-e-type=\"container\">\n\t\t\t\t<div class=\"elementor-element elementor-element-4d160cc elementor-widget elementor-widget-heading\" data-id=\"4d160cc\" data-element_type=\"widget\" data-e-type=\"widget\" data-widget_type=\"heading.default\">\n\t\t\t\t<div class=\"elementor-widget-container\">\n\t\t\t\t\t<h2 class=\"elementor-heading-title elementor-size-default\">Schwarze K\u00fcche<\/h2>\t\t\t\t<\/div>\n\t\t\t\t<\/div>\n\t\t\t\t<div class=\"elementor-element elementor-element-2c23331 elementor-widget elementor-widget-text-editor\" data-id=\"2c23331\" data-element_type=\"widget\" data-e-type=\"widget\" data-widget_type=\"text-editor.default\">\n\t\t\t\t<div class=\"elementor-widget-container\">\n\t\t\t\t\t\t\t\t\t<p>Ein gew\u00f6lbter Raum, wo einst eine schwarze K\u00fcche mit offener Feuerstelle war, erinnert an die \u00dcberlieferung der Vorfahren. Einst duftete es hier aus den T\u00f6pfen, und heute l\u00e4dt Sie der ruhige Raum ein, sich an die Feuerstelle zu setzen, Pl\u00e4tzchen oder \u0160truklji zu genie\u00dfen, Hausschn\u00e4pse und Weine zu verkosten oder ein Buch oder eine Zeitung in die H\u00e4nde zu nehmen. <\/p>\t\t\t\t\t\t\t\t<\/div>\n\t\t\t\t<\/div>\n\t\t\t\t<\/div>\n\t\t\t\t\t<\/div>\n\t\t\t\t<\/div>\n\t\t<div class=\"elementor-element elementor-element-d5e09d5 e-flex e-con-boxed e-con e-parent\" data-id=\"d5e09d5\" data-element_type=\"container\" data-e-type=\"container\">\n\t\t\t\t\t<div class=\"e-con-inner\">\n\t\t<div class=\"elementor-element elementor-element-3160248 e-con-full e-flex e-con e-child\" data-id=\"3160248\" data-element_type=\"container\" data-e-type=\"container\">\n\t\t\t\t<div class=\"elementor-element elementor-element-155bc1e elementor-widget elementor-widget-heading\" data-id=\"155bc1e\" data-element_type=\"widget\" data-e-type=\"widget\" data-widget_type=\"heading.default\">\n\t\t\t\t<div class=\"elementor-widget-container\">\n\t\t\t\t\t<h2 class=\"elementor-heading-title elementor-size-default\">K\u00e4mmerlein<\/h2>\t\t\t\t<\/div>\n\t\t\t\t<\/div>\n\t\t\t\t<div class=\"elementor-element elementor-element-4f2de8d elementor-widget elementor-widget-text-editor\" data-id=\"4f2de8d\" data-element_type=\"widget\" data-e-type=\"widget\" data-widget_type=\"text-editor.default\">\n\t\t\t\t<div class=\"elementor-widget-container\">\n\t\t\t\t\t\t\t\t\t<p>Das K\u00e4mmerlein ist ein lauschiges Pl\u00e4tzchen f\u00fcr P\u00e4rchen oder G\u00e4ste, die sich Privatsph\u00e4re w\u00fcnschen. Die Aussicht in Richtung der Kirche Maria auf dem Felsen, die sich durchs Fenster \u00f6ffnet, ist besonders am Abend angenehm, wenn der Kirchturm beleuchtet ist. Das K\u00e4mmerlein bekam seinen Namen nach dem kleinen Zimmer, in dem einst die Kinder aus der Familie Kenda schliefen.<br>   <\/p>\t\t\t\t\t\t\t\t<\/div>\n\t\t\t\t<\/div>\n\t\t\t\t<\/div>\n\t\t<div class=\"elementor-element elementor-element-bcea40d e-con-full e-flex e-con e-child\" data-id=\"bcea40d\" data-element_type=\"container\" data-e-type=\"container\">\n\t\t\t\t<div class=\"elementor-element elementor-element-af84211 elementor-widget elementor-widget-image\" data-id=\"af84211\" data-element_type=\"widget\" data-e-type=\"widget\" data-widget_type=\"image.default\">\n\t\t\t\t<div class=\"elementor-widget-container\">\n\t\t\t\t\t\t\t\t\t\t\t\t\t\t\t<img loading=\"lazy\" decoding=\"async\" width=\"800\" height=\"453\" src=\"https:\/\/kendov-dvorec.com\/wp-content\/uploads\/2025\/09\/Kendov_dvorec_kamrca-1024x580.jpg\" class=\"attachment-large size-large wp-image-24184\" alt=\"\" srcset=\"https:\/\/kendov-dvorec.com\/wp-content\/uploads\/2025\/09\/Kendov_dvorec_kamrca-1024x580.jpg 1024w, https:\/\/kendov-dvorec.com\/wp-content\/uploads\/2025\/09\/Kendov_dvorec_kamrca-300x170.jpg 300w, https:\/\/kendov-dvorec.com\/wp-content\/uploads\/2025\/09\/Kendov_dvorec_kamrca-768x435.jpg 768w, https:\/\/kendov-dvorec.com\/wp-content\/uploads\/2025\/09\/Kendov_dvorec_kamrca.jpg 1200w\" sizes=\"(max-width: 800px) 100vw, 800px\" \/>\t\t\t\t\t\t\t\t\t\t\t\t\t\t\t<\/div>\n\t\t\t\t<\/div>\n\t\t\t\t<\/div>\n\t\t\t\t\t<\/div>\n\t\t\t\t<\/div>\n\t\t\t\t<\/div>\n\t\t","protected":false},"excerpt":{"rendered":"<p>Hanas Saal Der ger\u00e4umigste Saal des Herrenhauses Kendov dvorec, einst Kendas Pferdestall, ist heute ein elegant ausgestatteter Raum, bestimmt f\u00fcr Feste, Hochzeitsfeiern, Mittag- und Abendessen. Hanas Saal beherbergt auch gesch\u00e4ftliche Treffen, Pr\u00e4sentationen, Schulungen und Kulturereignisse. Kapazit\u00e4t von Hanas Saal:Empfang: 100Kino-Aufstellung: 80 \u2013 100 G\u00e4steI-Aufstellung: 28 G\u00e4steBankett-Aufstellung: 100 G\u00e4ste Jakobs Saal Aus dem lichtdurchfluteten Saal \u00f6ffnet [&hellip;]<\/p>\n","protected":false},"author":1,"featured_media":2281,"parent":26714,"menu_order":5,"comment_status":"closed","ping_status":"closed","template":"elementor_header_footer","meta":{"footnotes":""},"class_list":["post-27142","page","type-page","status-publish","has-post-thumbnail","hentry"],"_links":{"self":[{"href":"https:\/\/kendov-dvorec.com\/de\/wp-json\/wp\/v2\/pages\/27142","targetHints":{"allow":["GET"]}}],"collection":[{"href":"https:\/\/kendov-dvorec.com\/de\/wp-json\/wp\/v2\/pages"}],"about":[{"href":"https:\/\/kendov-dvorec.com\/de\/wp-json\/wp\/v2\/types\/page"}],"author":[{"embeddable":true,"href":"https:\/\/kendov-dvorec.com\/de\/wp-json\/wp\/v2\/users\/1"}],"replies":[{"embeddable":true,"href":"https:\/\/kendov-dvorec.com\/de\/wp-json\/wp\/v2\/comments?post=27142"}],"version-history":[{"count":1,"href":"https:\/\/kendov-dvorec.com\/de\/wp-json\/wp\/v2\/pages\/27142\/revisions"}],"predecessor-version":[{"id":27143,"href":"https:\/\/kendov-dvorec.com\/de\/wp-json\/wp\/v2\/pages\/27142\/revisions\/27143"}],"up":[{"embeddable":true,"href":"https:\/\/kendov-dvorec.com\/de\/wp-json\/wp\/v2\/pages\/26714"}],"wp:featuredmedia":[{"embeddable":true,"href":"https:\/\/kendov-dvorec.com\/de\/wp-json\/wp\/v2\/media\/2281"}],"wp:attachment":[{"href":"https:\/\/kendov-dvorec.com\/de\/wp-json\/wp\/v2\/media?parent=27142"}],"curies":[{"name":"wp","href":"https:\/\/api.w.org\/{rel}","templated":true}]}}