{"id":27151,"date":"2020-11-30T18:43:10","date_gmt":"2020-11-30T18:43:10","guid":{"rendered":"https:\/\/kendov-dvorec.com\/angebote-und-pakete\/darilni-boni\/"},"modified":"2026-04-07T08:17:44","modified_gmt":"2026-04-07T07:17:44","slug":"darilni-boni","status":"publish","type":"page","link":"https:\/\/kendov-dvorec.com\/de\/angebote-und-pakete\/darilni-boni\/","title":{"rendered":"Darilni boni"},"content":{"rendered":"\t\t<div data-elementor-type=\"wp-page\" data-elementor-id=\"27151\" class=\"elementor elementor-27151 elementor-6323\" data-elementor-post-type=\"page\">\n\t\t\t\t<div class=\"elementor-element elementor-element-3154294 e-flex e-con-boxed e-con e-parent\" data-id=\"3154294\" data-element_type=\"container\" data-e-type=\"container\" data-settings=\"{&quot;background_background&quot;:&quot;classic&quot;}\">\n\t\t\t\t\t<div class=\"e-con-inner\">\n\t\t\t\t\t<\/div>\n\t\t\t\t<\/div>\n\t\t<div class=\"elementor-element elementor-element-7a2d770 e-flex e-con-boxed e-con e-parent\" data-id=\"7a2d770\" data-element_type=\"container\" data-e-type=\"container\" data-settings=\"{&quot;background_background&quot;:&quot;classic&quot;}\">\n\t\t\t\t\t<div class=\"e-con-inner\">\n\t\t\t\t<div class=\"elementor-element elementor-element-0d62978 elementor-widget elementor-widget-heading\" data-id=\"0d62978\" data-element_type=\"widget\" data-e-type=\"widget\" data-widget_type=\"heading.default\">\n\t\t\t\t<div class=\"elementor-widget-container\">\n\t\t\t\t\t<h1 class=\"elementor-heading-title elementor-size-default\">GESCHENKGUTSCHEINE<\/h1>\t\t\t\t<\/div>\n\t\t\t\t<\/div>\n\t\t\t\t<div class=\"elementor-element elementor-element-214258a elementor-widget elementor-widget-heading\" data-id=\"214258a\" data-element_type=\"widget\" data-e-type=\"widget\" data-widget_type=\"heading.default\">\n\t\t\t\t<div class=\"elementor-widget-container\">\n\t\t\t\t\t<h2 class=\"elementor-heading-title elementor-size-default\">Die sch\u00f6nsten Geschenke sind kostbare Momente mit den Menschen, die wir lieben. <\/h2>\t\t\t\t<\/div>\n\t\t\t\t<\/div>\n\t\t\t\t<div class=\"elementor-element elementor-element-ed19c02 elementor-widget elementor-widget-text-editor\" data-id=\"ed19c02\" data-element_type=\"widget\" data-e-type=\"widget\" data-widget_type=\"text-editor.default\">\n\t\t\t\t<div class=\"elementor-widget-container\">\n\t\t\t\t\t\t\t\t\t<p>\u00dcberraschen Sie Ihre Liebsten mit dem sch\u00f6nsten und unvergesslichsten Geschenk: einem Erlebnis.<br>Verschenken Sie einen Geschenkgutschein f\u00fcr eine romantische Auszeit auf einem idyllischen Landschloss oder ein exquisites kulinarisches Erlebnis in einem Restaurant, das vom ersten slowenischen Michelin-Guide empfohlen wird.<br>Die Geschenkgutscheine des Kendov Dvorec sind 12 Monate ab Ausstellungsdatum g\u00fcltig.<br>Bestellen Sie sie unter: E: <a href=\"mailto:info@kendov-dvorec.com\">info@kendov-dvorec.com<\/a>.  <\/p>\t\t\t\t\t\t\t\t<\/div>\n\t\t\t\t<\/div>\n\t\t\t\t\t<\/div>\n\t\t\t\t<\/div>\n\t\t<div class=\"elementor-element elementor-element-1ffae46 e-flex e-con-boxed e-con e-parent\" data-id=\"1ffae46\" data-element_type=\"container\" data-e-type=\"container\">\n\t\t\t\t\t<div class=\"e-con-inner\">\n\t\t<div class=\"elementor-element elementor-element-bb844a6 e-con-full e-flex e-con e-child\" data-id=\"bb844a6\" data-element_type=\"container\" data-e-type=\"container\">\n\t\t\t\t<div class=\"elementor-element elementor-element-1fdb0c5 elementor-widget elementor-widget-heading\" data-id=\"1fdb0c5\" data-element_type=\"widget\" data-e-type=\"widget\" data-widget_type=\"heading.default\">\n\t\t\t\t<div class=\"elementor-widget-container\">\n\t\t\t\t\t<h2 class=\"elementor-heading-title elementor-size-default\">GESCHENKGUTSCHEIN F\u00dcR EINEN ROMANTISCHEN AUFENTHALT<\/h2>\t\t\t\t<\/div>\n\t\t\t\t<\/div>\n\t\t\t\t<div class=\"elementor-element elementor-element-513e81b elementor-widget elementor-widget-text-editor\" data-id=\"513e81b\" data-element_type=\"widget\" data-e-type=\"widget\" data-widget_type=\"text-editor.default\">\n\t\t\t\t<div class=\"elementor-widget-container\">\n\t\t\t\t\t\t\t\t\t<p>Bestellen Sie einen Geschenkgutschein f\u00fcr das <strong>Paket Romantische Auszeit im Kendov Dvorec<\/strong>,<br>inklusive einer \u00dcbernachtung f\u00fcr zwei Personen, eines Willkommensgetr\u00e4nks, einer Flasche Sekt und frischem Obst im Zimmer bei der Ankunft, Fr\u00fchst\u00fccks sowie eines romantischen <strong>F\u00fcnf-Gang-Dinners mit begleitender Weinauswahl<\/strong>. <\/p>\t\t\t\t\t\t\t\t<\/div>\n\t\t\t\t<\/div>\n\t\t\t\t<\/div>\n\t\t<div class=\"elementor-element elementor-element-3ca40b6 e-con-full e-flex e-con e-child\" data-id=\"3ca40b6\" data-element_type=\"container\" data-e-type=\"container\">\n\t\t\t\t<div class=\"elementor-element elementor-element-13181e9 elementor-hidden-mobile elementor-widget elementor-widget-image\" data-id=\"13181e9\" data-element_type=\"widget\" data-e-type=\"widget\" data-widget_type=\"image.default\">\n\t\t\t\t<div class=\"elementor-widget-container\">\n\t\t\t\t\t\t\t\t\t\t\t\t\t\t\t<img fetchpriority=\"high\" decoding=\"async\" width=\"800\" height=\"595\" src=\"https:\/\/kendov-dvorec.com\/wp-content\/uploads\/2025\/10\/Superior-room-Kendov-dvorec-20.jpg\" class=\"attachment-large size-large wp-image-26490\" alt=\"\" srcset=\"https:\/\/kendov-dvorec.com\/wp-content\/uploads\/2025\/10\/Superior-room-Kendov-dvorec-20.jpg 1000w, https:\/\/kendov-dvorec.com\/wp-content\/uploads\/2025\/10\/Superior-room-Kendov-dvorec-20-300x223.jpg 300w, https:\/\/kendov-dvorec.com\/wp-content\/uploads\/2025\/10\/Superior-room-Kendov-dvorec-20-768x571.jpg 768w\" sizes=\"(max-width: 800px) 100vw, 800px\" \/>\t\t\t\t\t\t\t\t\t\t\t\t\t\t\t<\/div>\n\t\t\t\t<\/div>\n\t\t\t\t<\/div>\n\t\t\t\t\t<\/div>\n\t\t\t\t<\/div>\n\t\t<div class=\"elementor-element elementor-element-1b6fd09 e-flex e-con-boxed e-con e-parent\" data-id=\"1b6fd09\" data-element_type=\"container\" data-e-type=\"container\" data-settings=\"{&quot;background_background&quot;:&quot;classic&quot;}\">\n\t\t\t\t\t<div class=\"e-con-inner\">\n\t\t<div class=\"elementor-element elementor-element-7d4be84 e-con-full e-flex e-con e-child\" data-id=\"7d4be84\" data-element_type=\"container\" data-e-type=\"container\">\n\t\t\t\t<div class=\"elementor-element elementor-element-7e8b8a3 elementor-widget elementor-widget-image\" data-id=\"7e8b8a3\" data-element_type=\"widget\" data-e-type=\"widget\" data-widget_type=\"image.default\">\n\t\t\t\t<div class=\"elementor-widget-container\">\n\t\t\t\t\t\t\t\t\t\t\t\t\t\t\t<img decoding=\"async\" width=\"800\" height=\"453\" src=\"https:\/\/kendov-dvorec.com\/wp-content\/uploads\/2025\/09\/gourmet.jpg\" class=\"attachment-large size-large wp-image-24567\" alt=\"\" srcset=\"https:\/\/kendov-dvorec.com\/wp-content\/uploads\/2025\/09\/gourmet.jpg 900w, https:\/\/kendov-dvorec.com\/wp-content\/uploads\/2025\/09\/gourmet-300x170.jpg 300w, https:\/\/kendov-dvorec.com\/wp-content\/uploads\/2025\/09\/gourmet-768x435.jpg 768w\" sizes=\"(max-width: 800px) 100vw, 800px\" \/>\t\t\t\t\t\t\t\t\t\t\t\t\t\t\t<\/div>\n\t\t\t\t<\/div>\n\t\t\t\t<\/div>\n\t\t<div class=\"elementor-element elementor-element-707b86e e-con-full e-flex e-con e-child\" data-id=\"707b86e\" data-element_type=\"container\" data-e-type=\"container\">\n\t\t\t\t<div class=\"elementor-element elementor-element-ca1b459 elementor-widget elementor-widget-heading\" data-id=\"ca1b459\" data-element_type=\"widget\" data-e-type=\"widget\" data-widget_type=\"heading.default\">\n\t\t\t\t<div class=\"elementor-widget-container\">\n\t\t\t\t\t<h2 class=\"elementor-heading-title elementor-size-default\">GESCHENKGUTSCHEIN F\u00dcR EIN DINNER BEI KERZENSCHEIN<\/h2>\t\t\t\t<\/div>\n\t\t\t\t<\/div>\n\t\t\t\t<div class=\"elementor-element elementor-element-b82fcbd elementor-widget elementor-widget-text-editor\" data-id=\"b82fcbd\" data-element_type=\"widget\" data-e-type=\"widget\" data-widget_type=\"text-editor.default\">\n\t\t\t\t<div class=\"elementor-widget-container\">\n\t\t\t\t\t\t\t\t\t<p style=\"text-align: left;\">Verschenken Sie einen <strong>Geschenkgutschein f\u00fcr ein romantisches Drei- oder F\u00fcnf-Gang-Dinner mit begleitender Weinauswahl f\u00fcr zwei Personen<\/strong> im Restaurant des Kendov Dvorec, das vom ersten slowenischen Michelin-Guide empfohlen wird.<\/p>\t\t\t\t\t\t\t\t<\/div>\n\t\t\t\t<\/div>\n\t\t\t\t<\/div>\n\t\t\t\t\t<\/div>\n\t\t\t\t<\/div>\n\t\t<div class=\"elementor-element elementor-element-21ce452 e-flex e-con-boxed e-con e-parent\" data-id=\"21ce452\" data-element_type=\"container\" data-e-type=\"container\">\n\t\t\t\t\t<div class=\"e-con-inner\">\n\t\t<div class=\"elementor-element elementor-element-bee774d e-con-full e-flex e-con e-child\" data-id=\"bee774d\" data-element_type=\"container\" data-e-type=\"container\">\n\t\t\t\t<div class=\"elementor-element elementor-element-b123e45 elementor-widget elementor-widget-heading\" data-id=\"b123e45\" data-element_type=\"widget\" data-e-type=\"widget\" data-widget_type=\"heading.default\">\n\t\t\t\t<div class=\"elementor-widget-container\">\n\t\t\t\t\t<h2 class=\"elementor-heading-title elementor-size-default\">WERTGUTSCHEIN<\/h2>\t\t\t\t<\/div>\n\t\t\t\t<\/div>\n\t\t\t\t<div class=\"elementor-element elementor-element-d0698bb elementor-widget elementor-widget-text-editor\" data-id=\"d0698bb\" data-element_type=\"widget\" data-e-type=\"widget\" data-widget_type=\"text-editor.default\">\n\t\t\t\t<div class=\"elementor-widget-container\">\n\t\t\t\t\t\t\t\t\t<p>Verschenken Sie einen Wertgutschein in frei w\u00e4hlbarer H\u00f6he, einl\u00f6sbar im Hotel oder im Restaurant des Kendov Dvorec.<\/p>\t\t\t\t\t\t\t\t<\/div>\n\t\t\t\t<\/div>\n\t\t\t\t<\/div>\n\t\t<div class=\"elementor-element elementor-element-776995f e-con-full e-flex e-con e-child\" data-id=\"776995f\" data-element_type=\"container\" data-e-type=\"container\">\n\t\t\t\t<div class=\"elementor-element elementor-element-0c01444 elementor-widget elementor-widget-image\" data-id=\"0c01444\" data-element_type=\"widget\" data-e-type=\"widget\" data-widget_type=\"image.default\">\n\t\t\t\t<div class=\"elementor-widget-container\">\n\t\t\t\t\t\t\t\t\t\t\t\t\t\t\t<img decoding=\"async\" width=\"800\" height=\"534\" src=\"https:\/\/kendov-dvorec.com\/wp-content\/uploads\/2025\/10\/Bon-4-1024x683.jpg\" class=\"attachment-large size-large wp-image-26500\" alt=\"\" srcset=\"https:\/\/kendov-dvorec.com\/wp-content\/uploads\/2025\/10\/Bon-4-1024x683.jpg 1024w, https:\/\/kendov-dvorec.com\/wp-content\/uploads\/2025\/10\/Bon-4-300x200.jpg 300w, https:\/\/kendov-dvorec.com\/wp-content\/uploads\/2025\/10\/Bon-4-768x512.jpg 768w, https:\/\/kendov-dvorec.com\/wp-content\/uploads\/2025\/10\/Bon-4-1536x1024.jpg 1536w, https:\/\/kendov-dvorec.com\/wp-content\/uploads\/2025\/10\/Bon-4-2048x1365.jpg 2048w\" sizes=\"(max-width: 800px) 100vw, 800px\" \/>\t\t\t\t\t\t\t\t\t\t\t\t\t\t\t<\/div>\n\t\t\t\t<\/div>\n\t\t\t\t<\/div>\n\t\t\t\t\t<\/div>\n\t\t\t\t<\/div>\n\t\t<div class=\"elementor-element elementor-element-731f91b e-flex e-con-boxed e-con e-parent\" data-id=\"731f91b\" data-element_type=\"container\" data-e-type=\"container\" data-settings=\"{&quot;background_background&quot;:&quot;classic&quot;}\">\n\t\t\t\t\t<div class=\"e-con-inner\">\n\t\t<div class=\"elementor-element elementor-element-e43f184 e-con-full e-flex e-con e-child\" data-id=\"e43f184\" data-element_type=\"container\" data-e-type=\"container\">\n\t\t\t\t<div class=\"elementor-element elementor-element-e65ccce elementor-widget elementor-widget-image\" data-id=\"e65ccce\" data-element_type=\"widget\" data-e-type=\"widget\" data-widget_type=\"image.default\">\n\t\t\t\t<div class=\"elementor-widget-container\">\n\t\t\t\t\t\t\t\t\t\t\t\t\t\t\t<img decoding=\"async\" width=\"800\" height=\"453\" src=\"https:\/\/kendov-dvorec.com\/wp-content\/uploads\/2025\/09\/gourmet.jpg\" class=\"attachment-large size-large wp-image-24567\" alt=\"\" srcset=\"https:\/\/kendov-dvorec.com\/wp-content\/uploads\/2025\/09\/gourmet.jpg 900w, https:\/\/kendov-dvorec.com\/wp-content\/uploads\/2025\/09\/gourmet-300x170.jpg 300w, https:\/\/kendov-dvorec.com\/wp-content\/uploads\/2025\/09\/gourmet-768x435.jpg 768w\" sizes=\"(max-width: 800px) 100vw, 800px\" \/>\t\t\t\t\t\t\t\t\t\t\t\t\t\t\t<\/div>\n\t\t\t\t<\/div>\n\t\t\t\t<\/div>\n\t\t<div class=\"elementor-element elementor-element-562c98a e-con-full e-flex e-con e-child\" data-id=\"562c98a\" data-element_type=\"container\" data-e-type=\"container\">\n\t\t\t\t<div class=\"elementor-element elementor-element-2b45853 elementor-widget elementor-widget-heading\" data-id=\"2b45853\" data-element_type=\"widget\" data-e-type=\"widget\" data-widget_type=\"heading.default\">\n\t\t\t\t<div class=\"elementor-widget-container\">\n\t\t\t\t\t<h2 class=\"elementor-heading-title elementor-size-default\">ABVERKAUF VON SCHACHTELN<\/h2>\t\t\t\t<\/div>\n\t\t\t\t<\/div>\n\t\t\t\t<div class=\"elementor-element elementor-element-82c09ff elementor-widget elementor-widget-text-editor\" data-id=\"82c09ff\" data-element_type=\"widget\" data-e-type=\"widget\" data-widget_type=\"text-editor.default\">\n\t\t\t\t<div class=\"elementor-widget-container\">\n\t\t\t\t\t\t\t\t\t<p style=\"text-align: left;\">Bitte ersetzen Sie den Text und tauschen Sie auch das Bild aus.<\/p>\t\t\t\t\t\t\t\t<\/div>\n\t\t\t\t<\/div>\n\t\t\t\t<\/div>\n\t\t\t\t\t<\/div>\n\t\t\t\t<\/div>\n\t\t<div class=\"elementor-element elementor-element-e5feff9 e-flex e-con-boxed e-con e-parent\" data-id=\"e5feff9\" data-element_type=\"container\" data-e-type=\"container\" data-settings=\"{&quot;background_background&quot;:&quot;classic&quot;}\">\n\t\t\t\t\t<div class=\"e-con-inner\">\n\t\t\t\t<div class=\"elementor-element elementor-element-d8c97c9 elementor-widget elementor-widget-heading\" data-id=\"d8c97c9\" data-element_type=\"widget\" data-e-type=\"widget\" data-widget_type=\"heading.default\">\n\t\t\t\t<div class=\"elementor-widget-container\">\n\t\t\t\t\t<h1 class=\"elementor-heading-title elementor-size-default\">Machen Sie es pers\u00f6nlich.<\/h1>\t\t\t\t<\/div>\n\t\t\t\t<\/div>\n\t\t\t\t<div class=\"elementor-element elementor-element-2d5eb6d elementor-widget elementor-widget-text-editor\" data-id=\"2d5eb6d\" data-element_type=\"widget\" data-e-type=\"widget\" data-widget_type=\"text-editor.default\">\n\t\t\t\t<div class=\"elementor-widget-container\">\n\t\t\t\t\t\t\t\t\t<p>Die Geschenkgutscheine werden mit dem Namen der schenkenden sowie der beschenkten Person personalisiert.<br>Gerne f\u00fcgen wir auch Ihre pers\u00f6nliche Widmung hinzu.<br>Die Gutscheine versenden wir wahlweise per Post \u2013 in einer eleganten Umschlag mit goldenem Wachssiegel \u2013 oder per E-Mail. <\/p>\t\t\t\t\t\t\t\t<\/div>\n\t\t\t\t<\/div>\n\t\t\t\t\t<\/div>\n\t\t\t\t<\/div>\n\t\t\t\t<\/div>\n\t\t","protected":false},"excerpt":{"rendered":"<p>GESCHENKGUTSCHEINE Die sch\u00f6nsten Geschenke sind kostbare Momente mit den Menschen, die wir lieben. \u00dcberraschen Sie Ihre Liebsten mit dem sch\u00f6nsten und unvergesslichsten Geschenk: einem Erlebnis.Verschenken Sie einen Geschenkgutschein f\u00fcr eine romantische Auszeit auf einem idyllischen Landschloss oder ein exquisites kulinarisches Erlebnis in einem Restaurant, das vom ersten slowenischen Michelin-Guide empfohlen wird.Die Geschenkgutscheine des Kendov Dvorec [&hellip;]<\/p>\n","protected":false},"author":1,"featured_media":2281,"parent":27043,"menu_order":10,"comment_status":"closed","ping_status":"closed","template":"elementor_header_footer","meta":{"footnotes":""},"class_list":["post-27151","page","type-page","status-publish","has-post-thumbnail","hentry"],"_links":{"self":[{"href":"https:\/\/kendov-dvorec.com\/de\/wp-json\/wp\/v2\/pages\/27151","targetHints":{"allow":["GET"]}}],"collection":[{"href":"https:\/\/kendov-dvorec.com\/de\/wp-json\/wp\/v2\/pages"}],"about":[{"href":"https:\/\/kendov-dvorec.com\/de\/wp-json\/wp\/v2\/types\/page"}],"author":[{"embeddable":true,"href":"https:\/\/kendov-dvorec.com\/de\/wp-json\/wp\/v2\/users\/1"}],"replies":[{"embeddable":true,"href":"https:\/\/kendov-dvorec.com\/de\/wp-json\/wp\/v2\/comments?post=27151"}],"version-history":[{"count":3,"href":"https:\/\/kendov-dvorec.com\/de\/wp-json\/wp\/v2\/pages\/27151\/revisions"}],"predecessor-version":[{"id":27758,"href":"https:\/\/kendov-dvorec.com\/de\/wp-json\/wp\/v2\/pages\/27151\/revisions\/27758"}],"up":[{"embeddable":true,"href":"https:\/\/kendov-dvorec.com\/de\/wp-json\/wp\/v2\/pages\/27043"}],"wp:featuredmedia":[{"embeddable":true,"href":"https:\/\/kendov-dvorec.com\/de\/wp-json\/wp\/v2\/media\/2281"}],"wp:attachment":[{"href":"https:\/\/kendov-dvorec.com\/de\/wp-json\/wp\/v2\/media?parent=27151"}],"curies":[{"name":"wp","href":"https:\/\/api.w.org\/{rel}","templated":true}]}}