{"id":27163,"date":"2018-04-15T11:34:49","date_gmt":"2018-04-15T10:34:49","guid":{"rendered":"https:\/\/kendov-dvorec.com\/angebote-und-pakete\/picknick-im-korb\/"},"modified":"2026-02-06T16:29:19","modified_gmt":"2026-02-06T16:29:19","slug":"picknick-im-korb","status":"publish","type":"page","link":"https:\/\/kendov-dvorec.com\/de\/angebote-und-pakete\/picknick-im-korb\/","title":{"rendered":"Picknick im Korb"},"content":{"rendered":"\t\t<div data-elementor-type=\"wp-page\" data-elementor-id=\"27163\" class=\"elementor elementor-27163 elementor-5851\" data-elementor-post-type=\"page\">\n\t\t\t\t<div class=\"elementor-element elementor-element-ebe5700 e-flex e-con-boxed e-con e-parent\" data-id=\"ebe5700\" data-element_type=\"container\" data-e-type=\"container\" data-settings=\"{&quot;background_background&quot;:&quot;classic&quot;}\">\n\t\t\t\t\t<div class=\"e-con-inner\">\n\t\t\t\t\t<\/div>\n\t\t\t\t<\/div>\n\t\t<div class=\"elementor-element elementor-element-7634141 e-flex e-con-boxed e-con e-parent\" data-id=\"7634141\" data-element_type=\"container\" data-e-type=\"container\">\n\t\t\t\t\t<div class=\"e-con-inner\">\n\t\t<div class=\"elementor-element elementor-element-862bc2b e-con-full e-flex e-con e-child\" data-id=\"862bc2b\" data-element_type=\"container\" data-e-type=\"container\">\n\t\t\t\t<div class=\"elementor-element elementor-element-1e9e9dd elementor-widget elementor-widget-heading\" data-id=\"1e9e9dd\" data-element_type=\"widget\" data-e-type=\"widget\" data-widget_type=\"heading.default\">\n\t\t\t\t<div class=\"elementor-widget-container\">\n\t\t\t\t\t<h1 class=\"elementor-heading-title elementor-size-default\">ANGEBOTE<\/h1>\t\t\t\t<\/div>\n\t\t\t\t<\/div>\n\t\t\t\t<div class=\"elementor-element elementor-element-0d54594 elementor-widget elementor-widget-heading\" data-id=\"0d54594\" data-element_type=\"widget\" data-e-type=\"widget\" data-widget_type=\"heading.default\">\n\t\t\t\t<div class=\"elementor-widget-container\">\n\t\t\t\t\t<h1 class=\"elementor-heading-title elementor-size-default\">PICKNICK IM KORB<\/h1>\t\t\t\t<\/div>\n\t\t\t\t<\/div>\n\t\t\t\t<div class=\"elementor-element elementor-element-e429589 elementor-widget elementor-widget-text-editor\" data-id=\"e429589\" data-element_type=\"widget\" data-e-type=\"widget\" data-widget_type=\"text-editor.default\">\n\t\t\t\t<div class=\"elementor-widget-container\">\n\t\t\t\t\t\t\t\t\t<p>Das Picknick im Korb beinhaltet:<\/p><ul><li>junges Rindfleisch aus der Region Cerkno mit Gartengem\u00fcse in einem frisch gebackenen Br\u00f6tchen,<\/li><li>Kendova Salat,<\/li><li>Salatdressing aus Oliven\u00f6l aus Dekani und hausgemachtem Apfelessig,<\/li><li>frisches hausgemachtes Geb\u00e4ck,<\/li><li>eine Auswahl an frischem Obst,<\/li><li>ein erfrischendes Getr\u00e4nk aus Holunder und Minze.<\/li><\/ul><p>Das Picknick im Korb ist f\u00fcr zwei Personen bestimmt.<br>Wir bitten Sie, das Picknick im Korb mindestens einen Tag im Voraus zu bestellen.<br>Gerne bereiten wir nach Absprache auch ein vegetarisches, veganes oder glutenfreies Picknick im Korb zu.  <\/p><p><strong>Preis f\u00fcr das Picknick im Korb f\u00fcr zwei Personen:<\/strong> 60 \u20ac<\/p>\t\t\t\t\t\t\t\t<\/div>\n\t\t\t\t<\/div>\n\t\t<div class=\"elementor-element elementor-element-cfabe73 e-con-full e-flex e-con e-child\" data-id=\"cfabe73\" data-element_type=\"container\" data-e-type=\"container\">\n\t\t\t\t<div class=\"elementor-element elementor-element-bff6852 elementor-align-center elementor-widget elementor-widget-button\" data-id=\"bff6852\" data-element_type=\"widget\" data-e-type=\"widget\" data-widget_type=\"button.default\">\n\t\t\t\t<div class=\"elementor-widget-container\">\n\t\t\t\t\t\t\t\t\t<div class=\"elementor-button-wrapper\">\n\t\t\t\t\t<a class=\"elementor-button elementor-button-link elementor-size-sm\" href=\"mailto:%20info@kendov-dvorec.com\">\n\t\t\t\t\t\t<span class=\"elementor-button-content-wrapper\">\n\t\t\t\t\t\t\t\t\t<span class=\"elementor-button-text\">BESTELLEN SIE DAS PICKNICK IM KORB<\/span>\n\t\t\t\t\t<\/span>\n\t\t\t\t\t<\/a>\n\t\t\t\t<\/div>\n\t\t\t\t\t\t\t\t<\/div>\n\t\t\t\t<\/div>\n\t\t\t\t<div class=\"elementor-element elementor-element-a971c5b elementor-align-center elementor-widget elementor-widget-button\" data-id=\"a971c5b\" data-element_type=\"widget\" data-e-type=\"widget\" data-widget_type=\"button.default\">\n\t\t\t\t<div class=\"elementor-widget-container\">\n\t\t\t\t\t\t\t\t\t<div class=\"elementor-button-wrapper\">\n\t\t\t\t\t<a class=\"elementor-button elementor-button-link elementor-size-sm\" href=\"https:\/\/kendov-dvorec.com\/de\/angebote-und-pakete\/\">\n\t\t\t\t\t\t<span class=\"elementor-button-content-wrapper\">\n\t\t\t\t\t\t\t\t\t<span class=\"elementor-button-text\">Zur\u00fcck zu den Angeboten<\/span>\n\t\t\t\t\t<\/span>\n\t\t\t\t\t<\/a>\n\t\t\t\t<\/div>\n\t\t\t\t\t\t\t\t<\/div>\n\t\t\t\t<\/div>\n\t\t\t\t<\/div>\n\t\t\t\t<\/div>\n\t\t<div class=\"elementor-element elementor-element-b0caff4 e-con-full e-flex e-con e-child\" data-id=\"b0caff4\" data-element_type=\"container\" data-e-type=\"container\">\n\t\t\t\t<div class=\"elementor-element elementor-element-fa19abf elementor-widget elementor-widget-image\" data-id=\"fa19abf\" data-element_type=\"widget\" data-e-type=\"widget\" data-widget_type=\"image.default\">\n\t\t\t\t<div class=\"elementor-widget-container\">\n\t\t\t\t\t\t\t\t\t\t\t\t\t\t\t<img fetchpriority=\"high\" decoding=\"async\" width=\"800\" height=\"600\" src=\"https:\/\/kendov-dvorec.com\/wp-content\/uploads\/2025\/10\/kendov077-1024x768.jpg\" class=\"attachment-large size-large wp-image-26509\" alt=\"\" srcset=\"https:\/\/kendov-dvorec.com\/wp-content\/uploads\/2025\/10\/kendov077-1024x768.jpg 1024w, https:\/\/kendov-dvorec.com\/wp-content\/uploads\/2025\/10\/kendov077-300x225.jpg 300w, https:\/\/kendov-dvorec.com\/wp-content\/uploads\/2025\/10\/kendov077-768x576.jpg 768w\" sizes=\"(max-width: 800px) 100vw, 800px\" \/>\t\t\t\t\t\t\t\t\t\t\t\t\t\t\t<\/div>\n\t\t\t\t<\/div>\n\t\t\t\t<\/div>\n\t\t\t\t\t<\/div>\n\t\t\t\t<\/div>\n\t\t\t\t<\/div>\n\t\t","protected":false},"excerpt":{"rendered":"<p>ANGEBOTE PICKNICK IM KORB Das Picknick im Korb beinhaltet: junges Rindfleisch aus der Region Cerkno mit Gartengem\u00fcse in einem frisch gebackenen Br\u00f6tchen, Kendova Salat, Salatdressing aus Oliven\u00f6l aus Dekani und hausgemachtem Apfelessig, frisches hausgemachtes Geb\u00e4ck, eine Auswahl an frischem Obst, ein erfrischendes Getr\u00e4nk aus Holunder und Minze. Das Picknick im Korb ist f\u00fcr zwei Personen [&hellip;]<\/p>\n","protected":false},"author":1,"featured_media":1921,"parent":27043,"menu_order":10,"comment_status":"closed","ping_status":"closed","template":"elementor_header_footer","meta":{"footnotes":""},"class_list":["post-27163","page","type-page","status-publish","has-post-thumbnail","hentry"],"_links":{"self":[{"href":"https:\/\/kendov-dvorec.com\/de\/wp-json\/wp\/v2\/pages\/27163","targetHints":{"allow":["GET"]}}],"collection":[{"href":"https:\/\/kendov-dvorec.com\/de\/wp-json\/wp\/v2\/pages"}],"about":[{"href":"https:\/\/kendov-dvorec.com\/de\/wp-json\/wp\/v2\/types\/page"}],"author":[{"embeddable":true,"href":"https:\/\/kendov-dvorec.com\/de\/wp-json\/wp\/v2\/users\/1"}],"replies":[{"embeddable":true,"href":"https:\/\/kendov-dvorec.com\/de\/wp-json\/wp\/v2\/comments?post=27163"}],"version-history":[{"count":1,"href":"https:\/\/kendov-dvorec.com\/de\/wp-json\/wp\/v2\/pages\/27163\/revisions"}],"predecessor-version":[{"id":27164,"href":"https:\/\/kendov-dvorec.com\/de\/wp-json\/wp\/v2\/pages\/27163\/revisions\/27164"}],"up":[{"embeddable":true,"href":"https:\/\/kendov-dvorec.com\/de\/wp-json\/wp\/v2\/pages\/27043"}],"wp:featuredmedia":[{"embeddable":true,"href":"https:\/\/kendov-dvorec.com\/de\/wp-json\/wp\/v2\/media\/1921"}],"wp:attachment":[{"href":"https:\/\/kendov-dvorec.com\/de\/wp-json\/wp\/v2\/media?parent=27163"}],"curies":[{"name":"wp","href":"https:\/\/api.w.org\/{rel}","templated":true}]}}