{"id":27175,"date":"2017-10-05T15:00:55","date_gmt":"2017-10-05T14:00:55","guid":{"rendered":"https:\/\/kendov-dvorec.com\/angebote-und-pakete\/geschaeftsmeetings\/"},"modified":"2026-02-06T16:45:02","modified_gmt":"2026-02-06T16:45:02","slug":"geschaeftsmeetings","status":"publish","type":"page","link":"https:\/\/kendov-dvorec.com\/de\/angebote-und-pakete\/geschaeftsmeetings\/","title":{"rendered":"Gesch\u00e4ftsmeetings"},"content":{"rendered":"\t\t<div data-elementor-type=\"wp-page\" data-elementor-id=\"27175\" class=\"elementor elementor-27175 elementor-5843\" data-elementor-post-type=\"page\">\n\t\t\t\t<div class=\"elementor-element elementor-element-5430e35 e-flex e-con-boxed e-con e-parent\" data-id=\"5430e35\" data-element_type=\"container\" data-e-type=\"container\" data-settings=\"{&quot;background_background&quot;:&quot;classic&quot;}\">\n\t\t\t\t\t<div class=\"e-con-inner\">\n\t\t\t\t\t<\/div>\n\t\t\t\t<\/div>\n\t\t<div class=\"elementor-element elementor-element-6f5931d e-flex e-con-boxed e-con e-parent\" data-id=\"6f5931d\" data-element_type=\"container\" data-e-type=\"container\">\n\t\t\t\t\t<div class=\"e-con-inner\">\n\t\t<div class=\"elementor-element elementor-element-e3b5a56 e-con-full e-flex e-con e-child\" data-id=\"e3b5a56\" data-element_type=\"container\" data-e-type=\"container\">\n\t\t\t\t<div class=\"elementor-element elementor-element-e494bcd elementor-widget elementor-widget-heading\" data-id=\"e494bcd\" data-element_type=\"widget\" data-e-type=\"widget\" data-widget_type=\"heading.default\">\n\t\t\t\t<div class=\"elementor-widget-container\">\n\t\t\t\t\t<h1 class=\"elementor-heading-title elementor-size-default\">ANGEBOTE<\/h1>\t\t\t\t<\/div>\n\t\t\t\t<\/div>\n\t\t\t\t<div class=\"elementor-element elementor-element-7721bae elementor-widget elementor-widget-heading\" data-id=\"7721bae\" data-element_type=\"widget\" data-e-type=\"widget\" data-widget_type=\"heading.default\">\n\t\t\t\t<div class=\"elementor-widget-container\">\n\t\t\t\t\t<h1 class=\"elementor-heading-title elementor-size-default\">GESCH\u00c4FTS <\/br>MEETINGS<\/h1>\t\t\t\t<\/div>\n\t\t\t\t<\/div>\n\t\t\t\t<div class=\"elementor-element elementor-element-5f3d4b9 elementor-widget elementor-widget-heading\" data-id=\"5f3d4b9\" data-element_type=\"widget\" data-e-type=\"widget\" data-widget_type=\"heading.default\">\n\t\t\t\t<div class=\"elementor-widget-container\">\n\t\t\t\t\t<h2 class=\"elementor-heading-title elementor-size-default\">Teambuilding in idyllischer Umgebung <\/h2>\t\t\t\t<\/div>\n\t\t\t\t<\/div>\n\t\t\t\t<div class=\"elementor-element elementor-element-7edf70a elementor-widget elementor-widget-text-editor\" data-id=\"7edf70a\" data-element_type=\"widget\" data-e-type=\"widget\" data-widget_type=\"text-editor.default\">\n\t\t\t\t<div class=\"elementor-widget-container\">\n\t\t\t\t\t\t\t\t\tSuchen Sie die perfekte Destination f\u00fcr ein Teambuilding, bei dem Entspannung und Teamzusammenhalt im Mittelpunkt stehen?<br>Unser Hotel mit 11 komfortablen Zimmern sowie drei eleganten Salons, die sich ideal f\u00fcr Workshops, Meetings und Seminare eignen, bietet den perfekten Rahmen f\u00fcr die erfolgreiche Durchf\u00fchrung Ihrer gesch\u00e4ftlichen Veranstaltungen.  \t\t\t\t\t\t\t\t<\/div>\n\t\t\t\t<\/div>\n\t\t<div class=\"elementor-element elementor-element-539332f e-con-full e-flex e-con e-child\" data-id=\"539332f\" data-element_type=\"container\" data-e-type=\"container\">\n\t\t\t\t<div class=\"elementor-element elementor-element-7b2f527 elementor-align-center elementor-tablet-align-justify elementor-widget elementor-widget-button\" data-id=\"7b2f527\" data-element_type=\"widget\" data-e-type=\"widget\" data-widget_type=\"button.default\">\n\t\t\t\t<div class=\"elementor-widget-container\">\n\t\t\t\t\t\t\t\t\t<div class=\"elementor-button-wrapper\">\n\t\t\t\t\t<a class=\"elementor-button elementor-button-link elementor-size-sm\" href=\"https:\/\/kendov-dvorec.com\/de\/zimmer-und-suiten\/saele\/\">\n\t\t\t\t\t\t<span class=\"elementor-button-content-wrapper\">\n\t\t\t\t\t\t\t\t\t<span class=\"elementor-button-text\">Zur\u00fcck zu den Angeboten<\/span>\n\t\t\t\t\t<\/span>\n\t\t\t\t\t<\/a>\n\t\t\t\t<\/div>\n\t\t\t\t\t\t\t\t<\/div>\n\t\t\t\t<\/div>\n\t\t\t\t<\/div>\n\t\t\t\t<\/div>\n\t\t<div class=\"elementor-element elementor-element-aa3b90a e-con-full e-flex e-con e-child\" data-id=\"aa3b90a\" data-element_type=\"container\" data-e-type=\"container\">\n\t\t\t\t<div class=\"elementor-element elementor-element-2dcc030 elementor-widget elementor-widget-image\" data-id=\"2dcc030\" data-element_type=\"widget\" data-e-type=\"widget\" data-widget_type=\"image.default\">\n\t\t\t\t<div class=\"elementor-widget-container\">\n\t\t\t\t\t\t\t\t\t\t\t\t\t\t\t<img fetchpriority=\"high\" decoding=\"async\" width=\"800\" height=\"534\" src=\"https:\/\/kendov-dvorec.com\/wp-content\/uploads\/2025\/09\/kendov-dvorec-business.jpg\" class=\"attachment-large size-large wp-image-25742\" alt=\"\" srcset=\"https:\/\/kendov-dvorec.com\/wp-content\/uploads\/2025\/09\/kendov-dvorec-business.jpg 900w, https:\/\/kendov-dvorec.com\/wp-content\/uploads\/2025\/09\/kendov-dvorec-business-300x200.jpg 300w, https:\/\/kendov-dvorec.com\/wp-content\/uploads\/2025\/09\/kendov-dvorec-business-768x513.jpg 768w\" sizes=\"(max-width: 800px) 100vw, 800px\" \/>\t\t\t\t\t\t\t\t\t\t\t\t\t\t\t<\/div>\n\t\t\t\t<\/div>\n\t\t\t\t<\/div>\n\t\t\t\t\t<\/div>\n\t\t\t\t<\/div>\n\t\t<div class=\"elementor-element elementor-element-78c083c e-flex e-con-boxed e-con e-parent\" data-id=\"78c083c\" data-element_type=\"container\" data-e-type=\"container\" data-settings=\"{&quot;background_background&quot;:&quot;classic&quot;}\">\n\t\t\t\t\t<div class=\"e-con-inner\">\n\t\t<div class=\"elementor-element elementor-element-1cf835a e-con-full e-flex e-con e-child\" data-id=\"1cf835a\" data-element_type=\"container\" data-e-type=\"container\">\n\t\t\t\t<div class=\"elementor-element elementor-element-ae419e3 elementor-widget elementor-widget-image\" data-id=\"ae419e3\" data-element_type=\"widget\" data-e-type=\"widget\" data-widget_type=\"image.default\">\n\t\t\t\t<div class=\"elementor-widget-container\">\n\t\t\t\t\t\t\t\t\t\t\t\t\t\t\t<img decoding=\"async\" width=\"800\" height=\"453\" src=\"https:\/\/kendov-dvorec.com\/wp-content\/uploads\/2025\/09\/Kendov-dvorec-garden-08-1.jpg\" class=\"attachment-large size-large wp-image-25756\" alt=\"\" srcset=\"https:\/\/kendov-dvorec.com\/wp-content\/uploads\/2025\/09\/Kendov-dvorec-garden-08-1.jpg 900w, https:\/\/kendov-dvorec.com\/wp-content\/uploads\/2025\/09\/Kendov-dvorec-garden-08-1-300x170.jpg 300w, https:\/\/kendov-dvorec.com\/wp-content\/uploads\/2025\/09\/Kendov-dvorec-garden-08-1-768x435.jpg 768w\" sizes=\"(max-width: 800px) 100vw, 800px\" \/>\t\t\t\t\t\t\t\t\t\t\t\t\t\t\t<\/div>\n\t\t\t\t<\/div>\n\t\t\t\t<\/div>\n\t\t<div class=\"elementor-element elementor-element-98de15c e-con-full e-flex e-con e-child\" data-id=\"98de15c\" data-element_type=\"container\" data-e-type=\"container\">\n\t\t\t\t<div class=\"elementor-element elementor-element-f7a53ef elementor-widget elementor-widget-heading\" data-id=\"f7a53ef\" data-element_type=\"widget\" data-e-type=\"widget\" data-widget_type=\"heading.default\">\n\t\t\t\t<div class=\"elementor-widget-container\">\n\t\t\t\t\t<h2 class=\"elementor-heading-title elementor-size-default\">Verbinden Sie sich durch einzigartige Erlebnisse<\/h2>\t\t\t\t<\/div>\n\t\t\t\t<\/div>\n\t\t\t\t<div class=\"elementor-element elementor-element-0beab3e elementor-widget elementor-widget-text-editor\" data-id=\"0beab3e\" data-element_type=\"widget\" data-e-type=\"widget\" data-widget_type=\"text-editor.default\">\n\t\t\t\t<div class=\"elementor-widget-container\">\n\t\t\t\t\t\t\t\t\tNeben R\u00e4umlichkeiten f\u00fcr Schulungs- und Bildungsaktivit\u00e4ten bieten wir Ihnen eine vielf\u00e4ltige Auswahl an entspannenden und teambildenden Erlebnissen.<br>Gemeinsam k\u00f6nnen Sie an Kochkursen teilnehmen, bei denen Sie unter der Leitung erfahrener K\u00fcchenchefs lokale kulinarische Spezialit\u00e4ten zubereiten, oder eine Verkostung erlesener Weine aus unserem Hause genie\u00dfen.  \t\t\t\t\t\t\t\t<\/div>\n\t\t\t\t<\/div>\n\t\t\t\t<\/div>\n\t\t\t\t\t<\/div>\n\t\t\t\t<\/div>\n\t\t<div class=\"elementor-element elementor-element-7a08cef e-flex e-con-boxed e-con e-parent\" data-id=\"7a08cef\" data-element_type=\"container\" data-e-type=\"container\">\n\t\t\t\t\t<div class=\"e-con-inner\">\n\t\t<div class=\"elementor-element elementor-element-116b076 e-con-full e-flex e-con e-child\" data-id=\"116b076\" data-element_type=\"container\" data-e-type=\"container\">\n\t\t\t\t<div class=\"elementor-element elementor-element-f72096b elementor-widget elementor-widget-heading\" data-id=\"f72096b\" data-element_type=\"widget\" data-e-type=\"widget\" data-widget_type=\"heading.default\">\n\t\t\t\t<div class=\"elementor-widget-container\">\n\t\t\t\t\t<h2 class=\"elementor-heading-title elementor-size-default\">Natur- und Kulturerkundungen<\/h2>\t\t\t\t<\/div>\n\t\t\t\t<\/div>\n\t\t\t\t<div class=\"elementor-element elementor-element-b1c869c elementor-widget elementor-widget-text-editor\" data-id=\"b1c869c\" data-element_type=\"widget\" data-e-type=\"widget\" data-widget_type=\"text-editor.default\">\n\t\t\t\t<div class=\"elementor-widget-container\">\n\t\t\t\t\t\t\t\t\tF\u00fcr alle, die ihre Freizeit aktiver gestalten m\u00f6chten, bieten wir den Verleih von E-Bikes zur Erkundung der malerischen Umgebung an \u2013 einschlie\u00dflich Radtouren entlang des Flusses Idrijca.<br>Baden im klaren Fluss, Wanderungen sowie das Entdecken der Natursch\u00f6nheiten des Geoparks Idrija erm\u00f6glichen Ihrem Team Erholung und aktive Entspannung in unber\u00fchrter Natur.  \t\t\t\t\t\t\t\t<\/div>\n\t\t\t\t<\/div>\n\t\t\t\t<div class=\"elementor-element elementor-element-d9723b1 elementor-widget elementor-widget-heading\" data-id=\"d9723b1\" data-element_type=\"widget\" data-e-type=\"widget\" data-widget_type=\"heading.default\">\n\t\t\t\t<div class=\"elementor-widget-container\">\n\t\t\t\t\t<h2 class=\"elementor-heading-title elementor-size-default\">Kulturelle Erlebnisse in Idrija<\/h2>\t\t\t\t<\/div>\n\t\t\t\t<\/div>\n\t\t\t\t<div class=\"elementor-element elementor-element-c59d0a4 elementor-widget elementor-widget-text-editor\" data-id=\"c59d0a4\" data-element_type=\"widget\" data-e-type=\"widget\" data-widget_type=\"text-editor.default\">\n\t\t\t\t<div class=\"elementor-widget-container\">\n\t\t\t\t\t\t\t\t\tBereichern Sie Ihr Teambuilding-Erlebnis durch die Erkundung des reichen kulturellen Erbes von Idrija.<br>Besuchen Sie das unter UNESCO-Schutz stehende Quecksilberbergwerk oder entdecken Sie lokale historische Sehensw\u00fcrdigkeiten, die die Geschichte der jahrhundertealten industriellen Vergangenheit der Stadt erz\u00e4hlen.  \t\t\t\t\t\t\t\t<\/div>\n\t\t\t\t<\/div>\n\t\t\t\t<\/div>\n\t\t<div class=\"elementor-element elementor-element-22f3458 e-con-full e-flex e-con e-child\" data-id=\"22f3458\" data-element_type=\"container\" data-e-type=\"container\">\n\t\t\t\t<div class=\"elementor-element elementor-element-aa5ec92 elementor-widget elementor-widget-image\" data-id=\"aa5ec92\" data-element_type=\"widget\" data-e-type=\"widget\" data-widget_type=\"image.default\">\n\t\t\t\t<div class=\"elementor-widget-container\">\n\t\t\t\t\t\t\t\t\t\t\t\t\t\t\t<img decoding=\"async\" width=\"800\" height=\"800\" src=\"https:\/\/kendov-dvorec.com\/wp-content\/uploads\/2025\/09\/panorama-1.jpg\" class=\"attachment-large size-large wp-image-25767\" alt=\"\" srcset=\"https:\/\/kendov-dvorec.com\/wp-content\/uploads\/2025\/09\/panorama-1.jpg 960w, https:\/\/kendov-dvorec.com\/wp-content\/uploads\/2025\/09\/panorama-1-300x300.jpg 300w, https:\/\/kendov-dvorec.com\/wp-content\/uploads\/2025\/09\/panorama-1-150x150.jpg 150w, https:\/\/kendov-dvorec.com\/wp-content\/uploads\/2025\/09\/panorama-1-768x768.jpg 768w\" sizes=\"(max-width: 800px) 100vw, 800px\" \/>\t\t\t\t\t\t\t\t\t\t\t\t\t\t\t<\/div>\n\t\t\t\t<\/div>\n\t\t\t\t<\/div>\n\t\t\t\t\t<\/div>\n\t\t\t\t<\/div>\n\t\t<div class=\"elementor-element elementor-element-d41a719 e-flex e-con-boxed e-con e-parent\" data-id=\"d41a719\" data-element_type=\"container\" data-e-type=\"container\" data-settings=\"{&quot;background_background&quot;:&quot;classic&quot;}\">\n\t\t\t\t\t<div class=\"e-con-inner\">\n\t\t<div class=\"elementor-element elementor-element-8df19ac e-con-full e-flex e-con e-child\" data-id=\"8df19ac\" data-element_type=\"container\" data-e-type=\"container\">\n\t\t\t\t<div class=\"elementor-element elementor-element-4aa0c82 elementor-widget elementor-widget-image\" data-id=\"4aa0c82\" data-element_type=\"widget\" data-e-type=\"widget\" data-widget_type=\"image.default\">\n\t\t\t\t<div class=\"elementor-widget-container\">\n\t\t\t\t\t\t\t\t\t\t\t\t\t\t\t<img loading=\"lazy\" decoding=\"async\" width=\"800\" height=\"534\" src=\"https:\/\/kendov-dvorec.com\/wp-content\/uploads\/2025\/09\/FEVZ9044-1.jpg\" class=\"attachment-large size-large wp-image-25781\" alt=\"\" srcset=\"https:\/\/kendov-dvorec.com\/wp-content\/uploads\/2025\/09\/FEVZ9044-1.jpg 1000w, https:\/\/kendov-dvorec.com\/wp-content\/uploads\/2025\/09\/FEVZ9044-1-300x200.jpg 300w, https:\/\/kendov-dvorec.com\/wp-content\/uploads\/2025\/09\/FEVZ9044-1-768x512.jpg 768w\" sizes=\"(max-width: 800px) 100vw, 800px\" \/>\t\t\t\t\t\t\t\t\t\t\t\t\t\t\t<\/div>\n\t\t\t\t<\/div>\n\t\t\t\t<\/div>\n\t\t<div class=\"elementor-element elementor-element-d4ff142 e-con-full e-flex e-con e-child\" data-id=\"d4ff142\" data-element_type=\"container\" data-e-type=\"container\">\n\t\t\t\t<div class=\"elementor-element elementor-element-5e459d8 elementor-widget elementor-widget-heading\" data-id=\"5e459d8\" data-element_type=\"widget\" data-e-type=\"widget\" data-widget_type=\"heading.default\">\n\t\t\t\t<div class=\"elementor-widget-container\">\n\t\t\t\t\t<h2 class=\"elementor-heading-title elementor-size-default\">Genie\u00dfen Sie die lokale K\u00fcche<\/h2>\t\t\t\t<\/div>\n\t\t\t\t<\/div>\n\t\t\t\t<div class=\"elementor-element elementor-element-6186efd elementor-widget elementor-widget-text-editor\" data-id=\"6186efd\" data-element_type=\"widget\" data-e-type=\"widget\" data-widget_type=\"text-editor.default\">\n\t\t\t\t<div class=\"elementor-widget-container\">\n\t\t\t\t\t\t\t\t\tIhr Teambuilding-Erlebnis erg\u00e4nzen wir mit einer erstklassigen gastronomischen Erfahrung.<br>Wir bieten Ihnen Abendessen sowie nach Absprache auch Mittagessen an, bei denen Sie die traditionelle K\u00fcche aus der Region Idrija genie\u00dfen k\u00f6nnen.<br>Zur Auswahl stehen Drei- oder F\u00fcnf-Gang-Men\u00fcs, die wir gerne individuell an Ihre W\u00fcnsche und Bed\u00fcrfnisse anpassen.<br>Unsere K\u00fcchenchefs bereiten mit viel Leidenschaft Gerichte aus regionalen Zutaten zu, die selbst die anspruchsvollsten Gourmets begeistern werden.    \n\nUnser Hotel ist der ideale Ausgangspunkt f\u00fcr all diese Aktivit\u00e4ten, da er eine ruhige und entspannende Umgebung bietet, in der sich Ihr Team verbinden, neue Motivation sch\u00f6pfen und sich auf kommende Herausforderungen vorbereiten kann. \t\t\t\t\t\t\t\t<\/div>\n\t\t\t\t<\/div>\n\t\t\t\t<div class=\"elementor-element elementor-element-8e10eab elementor-widget elementor-widget-text-editor\" data-id=\"8e10eab\" data-element_type=\"widget\" data-e-type=\"widget\" data-widget_type=\"text-editor.default\">\n\t\t\t\t<div class=\"elementor-widget-container\">\n\t\t\t\t\t\t\t\t\t<p>Teilen Sie uns Ihre W\u00fcnsche mit und wir werden Ihnen gerne ein Angebot unterbreiten.<\/p>\t\t\t\t\t\t\t\t<\/div>\n\t\t\t\t<\/div>\n\t\t\t\t<\/div>\n\t\t\t\t\t<\/div>\n\t\t\t\t<\/div>\n\t\t\t\t<\/div>\n\t\t","protected":false},"excerpt":{"rendered":"<p>ANGEBOTE GESCH\u00c4FTS MEETINGS Teambuilding in idyllischer Umgebung Suchen Sie die perfekte Destination f\u00fcr ein Teambuilding, bei dem Entspannung und Teamzusammenhalt im Mittelpunkt stehen?Unser Hotel mit 11 komfortablen Zimmern sowie drei eleganten Salons, die sich ideal f\u00fcr Workshops, Meetings und Seminare eignen, bietet den perfekten Rahmen f\u00fcr die erfolgreiche Durchf\u00fchrung Ihrer gesch\u00e4ftlichen Veranstaltungen. Zur\u00fcck zu den [&hellip;]<\/p>\n","protected":false},"author":1,"featured_media":1966,"parent":27043,"menu_order":10,"comment_status":"closed","ping_status":"closed","template":"elementor_header_footer","meta":{"footnotes":""},"class_list":["post-27175","page","type-page","status-publish","has-post-thumbnail","hentry"],"_links":{"self":[{"href":"https:\/\/kendov-dvorec.com\/de\/wp-json\/wp\/v2\/pages\/27175","targetHints":{"allow":["GET"]}}],"collection":[{"href":"https:\/\/kendov-dvorec.com\/de\/wp-json\/wp\/v2\/pages"}],"about":[{"href":"https:\/\/kendov-dvorec.com\/de\/wp-json\/wp\/v2\/types\/page"}],"author":[{"embeddable":true,"href":"https:\/\/kendov-dvorec.com\/de\/wp-json\/wp\/v2\/users\/1"}],"replies":[{"embeddable":true,"href":"https:\/\/kendov-dvorec.com\/de\/wp-json\/wp\/v2\/comments?post=27175"}],"version-history":[{"count":2,"href":"https:\/\/kendov-dvorec.com\/de\/wp-json\/wp\/v2\/pages\/27175\/revisions"}],"predecessor-version":[{"id":27177,"href":"https:\/\/kendov-dvorec.com\/de\/wp-json\/wp\/v2\/pages\/27175\/revisions\/27177"}],"up":[{"embeddable":true,"href":"https:\/\/kendov-dvorec.com\/de\/wp-json\/wp\/v2\/pages\/27043"}],"wp:featuredmedia":[{"embeddable":true,"href":"https:\/\/kendov-dvorec.com\/de\/wp-json\/wp\/v2\/media\/1966"}],"wp:attachment":[{"href":"https:\/\/kendov-dvorec.com\/de\/wp-json\/wp\/v2\/media?parent=27175"}],"curies":[{"name":"wp","href":"https:\/\/api.w.org\/{rel}","templated":true}]}}