{"id":27197,"date":"2024-09-24T20:09:57","date_gmt":"2024-09-24T19:09:57","guid":{"rendered":"https:\/\/kendov-dvorec.com\/erlebnisse\/izbrana-slovenska-vina\/"},"modified":"2026-04-07T08:18:23","modified_gmt":"2026-04-07T07:18:23","slug":"izbrana-slovenska-vina","status":"publish","type":"page","link":"https:\/\/kendov-dvorec.com\/de\/erlebnisse\/izbrana-slovenska-vina\/","title":{"rendered":"Izbrana slovenska vina"},"content":{"rendered":"\t\t<div data-elementor-type=\"wp-page\" data-elementor-id=\"27197\" class=\"elementor elementor-27197 elementor-20921\" data-elementor-post-type=\"page\">\n\t\t\t\t<div class=\"elementor-element elementor-element-5f44345 e-flex e-con-boxed e-con e-parent\" data-id=\"5f44345\" data-element_type=\"container\" data-e-type=\"container\" data-settings=\"{&quot;background_background&quot;:&quot;classic&quot;}\">\n\t\t\t\t\t<div class=\"e-con-inner\">\n\t\t\t\t\t<\/div>\n\t\t\t\t<\/div>\n\t\t<div class=\"elementor-element elementor-element-8a61a5d e-flex e-con-boxed e-con e-parent\" data-id=\"8a61a5d\" data-element_type=\"container\" data-e-type=\"container\">\n\t\t\t\t\t<div class=\"e-con-inner\">\n\t\t<div class=\"elementor-element elementor-element-7b08682 e-con-full e-flex e-con e-child\" data-id=\"7b08682\" data-element_type=\"container\" data-e-type=\"container\">\n\t\t\t\t<div class=\"elementor-element elementor-element-4a0fbb7 elementor-widget elementor-widget-heading\" data-id=\"4a0fbb7\" data-element_type=\"widget\" data-e-type=\"widget\" data-widget_type=\"heading.default\">\n\t\t\t\t<div class=\"elementor-widget-container\">\n\t\t\t\t\t<h1 class=\"elementor-heading-title elementor-size-default\">ERLEBNISSE<\/h1>\t\t\t\t<\/div>\n\t\t\t\t<\/div>\n\t\t\t\t<div class=\"elementor-element elementor-element-d60b63c elementor-widget elementor-widget-heading\" data-id=\"d60b63c\" data-element_type=\"widget\" data-e-type=\"widget\" data-widget_type=\"heading.default\">\n\t\t\t\t<div class=\"elementor-widget-container\">\n\t\t\t\t\t<h1 class=\"elementor-heading-title elementor-size-default\">WEIN BESTELLEN<\/h1>\t\t\t\t<\/div>\n\t\t\t\t<\/div>\n\t\t\t\t<div class=\"elementor-element elementor-element-142e7f1 elementor-widget elementor-widget-heading\" data-id=\"142e7f1\" data-element_type=\"widget\" data-e-type=\"widget\" data-widget_type=\"heading.default\">\n\t\t\t\t<div class=\"elementor-widget-container\">\n\t\t\t\t\t<h1 class=\"elementor-heading-title elementor-size-default\">Ausgew\u00e4hlte Spitzenweine<\/h1>\t\t\t\t<\/div>\n\t\t\t\t<\/div>\n\t\t\t\t<div class=\"elementor-element elementor-element-263441c elementor-widget elementor-widget-text-editor\" data-id=\"263441c\" data-element_type=\"widget\" data-e-type=\"widget\" data-widget_type=\"text-editor.default\">\n\t\t\t\t<div class=\"elementor-widget-container\">\n\t\t\t\t\t\t\t\t\t<p>Im Kendov Dvorec bieten wir Ihnen die Gelegenheit, erlesene Weine renommierter slowenischer Winzer mit <strong>20 % Rabatt auf den Verkaufspreis zu erwerben<\/strong>. Unsere sorgf\u00e4ltig ausgew\u00e4hlte Kollektion umfasst einige der besten Weine, die das reiche weinbauliche Erbe des Vipava-Tals, von Brda und Istrien widerspiegeln. Jede Flasche erz\u00e4hlt eine Geschichte von Leidenschaft und Hingabe \u2013 eine exquisite Erg\u00e4nzung f\u00fcr Ihre private Sammlung oder ein prestigetr\u00e4chtiges Geschenk.  <\/p>\t\t\t\t\t\t\t\t<\/div>\n\t\t\t\t<\/div>\n\t\t\t\t<div class=\"elementor-element elementor-element-928f4d4 elementor-widget elementor-widget-heading\" data-id=\"928f4d4\" data-element_type=\"widget\" data-e-type=\"widget\" data-widget_type=\"heading.default\">\n\t\t\t\t<div class=\"elementor-widget-container\">\n\t\t\t\t\t<h2 class=\"elementor-heading-title elementor-size-default\">Elegante Geschenkverpackungen<\/h2>\t\t\t\t<\/div>\n\t\t\t\t<\/div>\n\t\t\t\t<div class=\"elementor-element elementor-element-ba0dd0f elementor-widget elementor-widget-text-editor\" data-id=\"ba0dd0f\" data-element_type=\"widget\" data-e-type=\"widget\" data-widget_type=\"text-editor.default\">\n\t\t\t\t<div class=\"elementor-widget-container\">\n\t\t\t\t\t\t\t\t\t<p>F\u00fcr besondere Anl\u00e4sse k\u00f6nnen unsere erlesenen Weine in einer eleganten Geschenkbox erworben werden. Die stilvoll gestaltete Verpackung macht den Wein zur perfekten Geschenkidee f\u00fcr Geburtstage, Jubil\u00e4en, Hochzeiten oder als aufmerksame Geste f\u00fcr Ihre Gesch\u00e4ftspartner.  <\/p>\t\t\t\t\t\t\t\t<\/div>\n\t\t\t\t<\/div>\n\t\t\t\t<div class=\"elementor-element elementor-element-1dd8387 elementor-widget elementor-widget-heading\" data-id=\"1dd8387\" data-element_type=\"widget\" data-e-type=\"widget\" data-widget_type=\"heading.default\">\n\t\t\t\t<div class=\"elementor-widget-container\">\n\t\t\t\t\t<h2 class=\"elementor-heading-title elementor-size-default\">Wie bestellen?<\/h2>\t\t\t\t<\/div>\n\t\t\t\t<\/div>\n\t\t\t\t<div class=\"elementor-element elementor-element-2519913 elementor-widget elementor-widget-text-editor\" data-id=\"2519913\" data-element_type=\"widget\" data-e-type=\"widget\" data-widget_type=\"text-editor.default\">\n\t\t\t\t<div class=\"elementor-widget-container\">\n\t\t\t\t\t\t\t\t\t<p>F\u00fcr weitere Informationen zu unserem Angebot oder zur Bestellung wenden Sie sich bitte an unsere Rezeption oder schreiben Sie uns an: info@kendov-dvorec.com<\/p><p>G\u00f6nnen Sie sich den au\u00dfergew\u00f6hnlichen Geschmack slowenischer Weine und bereichern Sie besondere Momente mit ausgew\u00e4hlten Spitzenweinen aus unserer Kollektion. <\/p>\t\t\t\t\t\t\t\t<\/div>\n\t\t\t\t<\/div>\n\t\t\t\t<\/div>\n\t\t<div class=\"elementor-element elementor-element-8be5976 e-con-full e-flex e-con e-child\" data-id=\"8be5976\" data-element_type=\"container\" data-e-type=\"container\">\n\t\t\t\t<div class=\"elementor-element elementor-element-67367d9 elementor-widget elementor-widget-image\" data-id=\"67367d9\" data-element_type=\"widget\" data-e-type=\"widget\" data-widget_type=\"image.default\">\n\t\t\t\t<div class=\"elementor-widget-container\">\n\t\t\t\t\t\t\t\t\t\t\t\t\t\t\t<img fetchpriority=\"high\" decoding=\"async\" width=\"800\" height=\"534\" src=\"https:\/\/kendov-dvorec.com\/wp-content\/uploads\/2026\/04\/Skatle-in-gin-13-1024x683.jpg\" class=\"attachment-large size-large wp-image-27465\" alt=\"\" srcset=\"https:\/\/kendov-dvorec.com\/wp-content\/uploads\/2026\/04\/Skatle-in-gin-13-1024x683.jpg 1024w, https:\/\/kendov-dvorec.com\/wp-content\/uploads\/2026\/04\/Skatle-in-gin-13-300x200.jpg 300w, https:\/\/kendov-dvorec.com\/wp-content\/uploads\/2026\/04\/Skatle-in-gin-13-768x512.jpg 768w, https:\/\/kendov-dvorec.com\/wp-content\/uploads\/2026\/04\/Skatle-in-gin-13-1536x1024.jpg 1536w, https:\/\/kendov-dvorec.com\/wp-content\/uploads\/2026\/04\/Skatle-in-gin-13-2048x1365.jpg 2048w\" sizes=\"(max-width: 800px) 100vw, 800px\" \/>\t\t\t\t\t\t\t\t\t\t\t\t\t\t\t<\/div>\n\t\t\t\t<\/div>\n\t\t\t\t<\/div>\n\t\t\t\t\t<\/div>\n\t\t\t\t<\/div>\n\t\t\t\t<\/div>\n\t\t","protected":false},"excerpt":{"rendered":"<p>ERLEBNISSE WEIN BESTELLEN Ausgew\u00e4hlte Spitzenweine Im Kendov Dvorec bieten wir Ihnen die Gelegenheit, erlesene Weine renommierter slowenischer Winzer mit 20 % Rabatt auf den Verkaufspreis zu erwerben. Unsere sorgf\u00e4ltig ausgew\u00e4hlte Kollektion umfasst einige der besten Weine, die das reiche weinbauliche Erbe des Vipava-Tals, von Brda und Istrien widerspiegeln. Jede Flasche erz\u00e4hlt eine Geschichte von Leidenschaft [&hellip;]<\/p>\n","protected":false},"author":1,"featured_media":0,"parent":26714,"menu_order":1,"comment_status":"closed","ping_status":"closed","template":"elementor_header_footer","meta":{"footnotes":""},"class_list":["post-27197","page","type-page","status-publish","hentry"],"_links":{"self":[{"href":"https:\/\/kendov-dvorec.com\/de\/wp-json\/wp\/v2\/pages\/27197","targetHints":{"allow":["GET"]}}],"collection":[{"href":"https:\/\/kendov-dvorec.com\/de\/wp-json\/wp\/v2\/pages"}],"about":[{"href":"https:\/\/kendov-dvorec.com\/de\/wp-json\/wp\/v2\/types\/page"}],"author":[{"embeddable":true,"href":"https:\/\/kendov-dvorec.com\/de\/wp-json\/wp\/v2\/users\/1"}],"replies":[{"embeddable":true,"href":"https:\/\/kendov-dvorec.com\/de\/wp-json\/wp\/v2\/comments?post=27197"}],"version-history":[{"count":3,"href":"https:\/\/kendov-dvorec.com\/de\/wp-json\/wp\/v2\/pages\/27197\/revisions"}],"predecessor-version":[{"id":27466,"href":"https:\/\/kendov-dvorec.com\/de\/wp-json\/wp\/v2\/pages\/27197\/revisions\/27466"}],"up":[{"embeddable":true,"href":"https:\/\/kendov-dvorec.com\/de\/wp-json\/wp\/v2\/pages\/26714"}],"wp:attachment":[{"href":"https:\/\/kendov-dvorec.com\/de\/wp-json\/wp\/v2\/media?parent=27197"}],"curies":[{"name":"wp","href":"https:\/\/api.w.org\/{rel}","templated":true}]}}