{"id":27209,"date":"2017-10-05T14:58:59","date_gmt":"2017-10-05T13:58:59","guid":{"rendered":"https:\/\/kendov-dvorec.com\/angebote-und-pakete\/praznovanje-na-kendovem-dvorcu\/"},"modified":"2026-04-09T14:18:20","modified_gmt":"2026-04-09T13:18:20","slug":"praznovanje-na-kendovem-dvorcu","status":"publish","type":"page","link":"https:\/\/kendov-dvorec.com\/de\/angebote-und-pakete\/praznovanje-na-kendovem-dvorcu\/","title":{"rendered":"Feierlichkeiten im Kendo Herrenhaus"},"content":{"rendered":"\t\t<div data-elementor-type=\"wp-page\" data-elementor-id=\"27209\" class=\"elementor elementor-27209 elementor-5842\" data-elementor-post-type=\"page\">\n\t\t\t\t<div class=\"elementor-element elementor-element-d069dab e-flex e-con-boxed e-con e-parent\" data-id=\"d069dab\" data-element_type=\"container\" data-e-type=\"container\" data-settings=\"{&quot;background_background&quot;:&quot;classic&quot;}\">\n\t\t\t\t\t<div class=\"e-con-inner\">\n\t\t\t\t\t<\/div>\n\t\t\t\t<\/div>\n\t\t<div class=\"elementor-element elementor-element-3cb24ed e-flex e-con-boxed e-con e-parent\" data-id=\"3cb24ed\" data-element_type=\"container\" data-e-type=\"container\">\n\t\t\t\t\t<div class=\"e-con-inner\">\n\t\t\t\t<div class=\"elementor-element elementor-element-bddc705 elementor-widget elementor-widget-heading\" data-id=\"bddc705\" data-element_type=\"widget\" data-e-type=\"widget\" data-widget_type=\"heading.default\">\n\t\t\t\t<div class=\"elementor-widget-container\">\n\t\t\t\t\t<h1 class=\"elementor-heading-title elementor-size-default\">FEINSCHMECKER-ERLEBNIS<\/h1>\t\t\t\t<\/div>\n\t\t\t\t<\/div>\n\t\t\t\t<div class=\"elementor-element elementor-element-3eac17d elementor-widget elementor-widget-heading\" data-id=\"3eac17d\" data-element_type=\"widget\" data-e-type=\"widget\" data-widget_type=\"heading.default\">\n\t\t\t\t<div class=\"elementor-widget-container\">\n\t\t\t\t\t<h2 class=\"elementor-heading-title elementor-size-default\">Entdecken Sie originelle Speisen<br>aus Kendas K\u00fcche.<\/h2>\t\t\t\t<\/div>\n\t\t\t\t<\/div>\n\t\t\t\t<div class=\"elementor-element elementor-element-66e9768 elementor-widget elementor-widget-text-editor\" data-id=\"66e9768\" data-element_type=\"widget\" data-e-type=\"widget\" data-widget_type=\"text-editor.default\">\n\t\t\t\t<div class=\"elementor-widget-container\">\n\t\t\t\t\t\t\t\t\t<p><span data-contrast=\"auto\">Mit \u00fcber 20 Jahren Erfahrung in der Organisation einer Vielzahl von Veranstaltungen helfen wir Ihnen gerne, ein unvergessliches Erlebnis zu schaffen.<\/span><\/p><p>Wir laden Sie ein, uns per E-Mail unter <a href=\"mailto:info@kendov-dvorec.com\">info@kendov-dvorec.com zu kontaktieren, um eine Anfrage zu stellen .<\/a> Sie sind auch herzlich eingeladen, <span data-contrast=\"auto\">das Herrenhaus zu besuchen, damit wir gemeinsam die Details ausarbeiten und eine Verkostung der Gerichte vorbereiten k\u00f6nnen, die Ihre G\u00e4ste verzaubern werden. Wir werden bei jedem Schritt mit Ihnen zusammenarbeiten, um sicherzustellen, dass Ihre Feier genau so wird, wie Sie es sich w\u00fcnschen.<\/span> <span data-ccp-props=\"{\"201341983\":0,\"335559739\":160,\"335559740\":279}\"> <\/span><\/p>\t\t\t\t\t\t\t\t<\/div>\n\t\t\t\t<\/div>\n\t\t\t\t\t<\/div>\n\t\t\t\t<\/div>\n\t\t<div class=\"elementor-element elementor-element-2965d10 e-flex e-con-boxed e-con e-parent\" data-id=\"2965d10\" data-element_type=\"container\" data-e-type=\"container\" data-settings=\"{&quot;background_background&quot;:&quot;classic&quot;}\">\n\t\t\t\t\t<div class=\"e-con-inner\">\n\t\t\t\t<div class=\"elementor-element elementor-element-db43b4d elementor-widget elementor-widget-heading\" data-id=\"db43b4d\" data-element_type=\"widget\" data-e-type=\"widget\" data-widget_type=\"heading.default\">\n\t\t\t\t<div class=\"elementor-widget-container\">\n\t\t\t\t\t<h2 class=\"elementor-heading-title elementor-size-default\">Zu jeder Jahreszeit<\/h2>\t\t\t\t<\/div>\n\t\t\t\t<\/div>\n\t\t\t\t<div class=\"elementor-element elementor-element-83b8e2d elementor-widget__width-initial elementor-widget elementor-widget-text-editor\" data-id=\"83b8e2d\" data-element_type=\"widget\" data-e-type=\"widget\" data-widget_type=\"text-editor.default\">\n\t\t\t\t<div class=\"elementor-widget-container\">\n\t\t\t\t\t\t\t\t\tEine Feier auf Kenda Manor ist zu jeder Jahreszeit bezaubernd: im grasbewachsenen Garten unter dem jahrhundertealten Apfelbaum oder in den elegant dekorierten R\u00e4umen. Die idyllische Umgebung des Herrenhauses verbindet Prestige mit Gem\u00fctlichkeit. \t\t\t\t\t\t\t\t<\/div>\n\t\t\t\t<\/div>\n\t\t<div class=\"elementor-element elementor-element-db3aee5 e-con-full e-flex e-con e-child\" data-id=\"db3aee5\" data-element_type=\"container\" data-e-type=\"container\">\n\t\t<div class=\"elementor-element elementor-element-1db7ca3 e-con-full e-flex e-con e-child\" data-id=\"1db7ca3\" data-element_type=\"container\" data-e-type=\"container\">\n\t\t\t\t<div class=\"elementor-element elementor-element-f21d566 elementor-widget elementor-widget-image\" data-id=\"f21d566\" data-element_type=\"widget\" data-e-type=\"widget\" data-widget_type=\"image.default\">\n\t\t\t\t<div class=\"elementor-widget-container\">\n\t\t\t\t\t\t\t\t\t\t\t\t\t\t\t<img fetchpriority=\"high\" decoding=\"async\" width=\"800\" height=\"453\" src=\"https:\/\/kendov-dvorec.com\/wp-content\/uploads\/2026\/04\/jablane-p-1024x580.png\" class=\"attachment-large size-large wp-image-27983\" alt=\"\" srcset=\"https:\/\/kendov-dvorec.com\/wp-content\/uploads\/2026\/04\/jablane-p-1024x580.png 1024w, https:\/\/kendov-dvorec.com\/wp-content\/uploads\/2026\/04\/jablane-p-300x170.png 300w, https:\/\/kendov-dvorec.com\/wp-content\/uploads\/2026\/04\/jablane-p-768x435.png 768w, https:\/\/kendov-dvorec.com\/wp-content\/uploads\/2026\/04\/jablane-p-1536x870.png 1536w, https:\/\/kendov-dvorec.com\/wp-content\/uploads\/2026\/04\/jablane-p-2048x1161.png 2048w\" sizes=\"(max-width: 800px) 100vw, 800px\" \/>\t\t\t\t\t\t\t\t\t\t\t\t\t\t\t<\/div>\n\t\t\t\t<\/div>\n\t\t\t\t<div class=\"elementor-element elementor-element-c4dd737 elementor-widget elementor-widget-heading\" data-id=\"c4dd737\" data-element_type=\"widget\" data-e-type=\"widget\" data-widget_type=\"heading.default\">\n\t\t\t\t<div class=\"elementor-widget-container\">\n\t\t\t\t\t<h3 class=\"elementor-heading-title elementor-size-default\">Unter jahrhundertealten Apfelb\u00e4umen<\/h3>\t\t\t\t<\/div>\n\t\t\t\t<\/div>\n\t\t\t\t<\/div>\n\t\t<div class=\"elementor-element elementor-element-ccc01ff e-con-full e-flex e-con e-child\" data-id=\"ccc01ff\" data-element_type=\"container\" data-e-type=\"container\">\n\t\t\t\t<div class=\"elementor-element elementor-element-6fdb76c elementor-widget elementor-widget-image\" data-id=\"6fdb76c\" data-element_type=\"widget\" data-e-type=\"widget\" data-widget_type=\"image.default\">\n\t\t\t\t<div class=\"elementor-widget-container\">\n\t\t\t\t\t\t\t\t\t\t\t\t\t\t\t<img decoding=\"async\" width=\"800\" height=\"454\" src=\"https:\/\/kendov-dvorec.com\/wp-content\/uploads\/2026\/04\/kendov26-p-1024x581.png\" class=\"attachment-large size-large wp-image-27984\" alt=\"\" srcset=\"https:\/\/kendov-dvorec.com\/wp-content\/uploads\/2026\/04\/kendov26-p-1024x581.png 1024w, https:\/\/kendov-dvorec.com\/wp-content\/uploads\/2026\/04\/kendov26-p-300x170.png 300w, https:\/\/kendov-dvorec.com\/wp-content\/uploads\/2026\/04\/kendov26-p-768x436.png 768w, https:\/\/kendov-dvorec.com\/wp-content\/uploads\/2026\/04\/kendov26-p-1536x871.png 1536w, https:\/\/kendov-dvorec.com\/wp-content\/uploads\/2026\/04\/kendov26-p.png 1920w\" sizes=\"(max-width: 800px) 100vw, 800px\" \/>\t\t\t\t\t\t\t\t\t\t\t\t\t\t\t<\/div>\n\t\t\t\t<\/div>\n\t\t\t\t<div class=\"elementor-element elementor-element-f69ebee elementor-widget elementor-widget-heading\" data-id=\"f69ebee\" data-element_type=\"widget\" data-e-type=\"widget\" data-widget_type=\"heading.default\">\n\t\t\t\t<div class=\"elementor-widget-container\">\n\t\t\t\t\t<h3 class=\"elementor-heading-title elementor-size-default\">In Hanas gepflastertem Garten<\/h3>\t\t\t\t<\/div>\n\t\t\t\t<\/div>\n\t\t\t\t<\/div>\n\t\t<div class=\"elementor-element elementor-element-b4ad683 e-con-full e-flex e-con e-child\" data-id=\"b4ad683\" data-element_type=\"container\" data-e-type=\"container\">\n\t\t\t\t<div class=\"elementor-element elementor-element-f90a691 elementor-widget elementor-widget-image\" data-id=\"f90a691\" data-element_type=\"widget\" data-e-type=\"widget\" data-widget_type=\"image.default\">\n\t\t\t\t<div class=\"elementor-widget-container\">\n\t\t\t\t\t\t\t\t\t\t\t\t\t\t\t<img decoding=\"async\" width=\"800\" height=\"453\" src=\"https:\/\/kendov-dvorec.com\/wp-content\/uploads\/2026\/04\/jakob-p-1024x580.png\" class=\"attachment-large size-large wp-image-27985\" alt=\"\" srcset=\"https:\/\/kendov-dvorec.com\/wp-content\/uploads\/2026\/04\/jakob-p-1024x580.png 1024w, https:\/\/kendov-dvorec.com\/wp-content\/uploads\/2026\/04\/jakob-p-300x170.png 300w, https:\/\/kendov-dvorec.com\/wp-content\/uploads\/2026\/04\/jakob-p-768x435.png 768w, https:\/\/kendov-dvorec.com\/wp-content\/uploads\/2026\/04\/jakob-p-1536x870.png 1536w, https:\/\/kendov-dvorec.com\/wp-content\/uploads\/2026\/04\/jakob-p.png 1701w\" sizes=\"(max-width: 800px) 100vw, 800px\" \/>\t\t\t\t\t\t\t\t\t\t\t\t\t\t\t<\/div>\n\t\t\t\t<\/div>\n\t\t\t\t<div class=\"elementor-element elementor-element-33ba2a7 elementor-widget elementor-widget-heading\" data-id=\"33ba2a7\" data-element_type=\"widget\" data-e-type=\"widget\" data-widget_type=\"heading.default\">\n\t\t\t\t<div class=\"elementor-widget-container\">\n\t\t\t\t\t<h3 class=\"elementor-heading-title elementor-size-default\">Im festlichen Jakobssalon<\/h3>\t\t\t\t<\/div>\n\t\t\t\t<\/div>\n\t\t\t\t<\/div>\n\t\t\t\t<\/div>\n\t\t\t\t\t<\/div>\n\t\t\t\t<\/div>\n\t\t<div class=\"elementor-element elementor-element-ec25e6f e-flex e-con-boxed e-con e-parent\" data-id=\"ec25e6f\" data-element_type=\"container\" data-e-type=\"container\">\n\t\t\t\t\t<div class=\"e-con-inner\">\n\t\t\t\t<div class=\"elementor-element elementor-element-623b1f7 elementor-widget-divider--view-line elementor-widget elementor-widget-divider\" data-id=\"623b1f7\" data-element_type=\"widget\" data-e-type=\"widget\" data-widget_type=\"divider.default\">\n\t\t\t\t<div class=\"elementor-widget-container\">\n\t\t\t\t\t\t\t<div class=\"elementor-divider\">\n\t\t\t<span class=\"elementor-divider-separator\">\n\t\t\t\t\t\t<\/span>\n\t\t<\/div>\n\t\t\t\t\t\t<\/div>\n\t\t\t\t<\/div>\n\t\t\t\t\t<\/div>\n\t\t\t\t<\/div>\n\t\t<div class=\"elementor-element elementor-element-58055b6 e-flex e-con-boxed e-con e-parent\" data-id=\"58055b6\" data-element_type=\"container\" data-e-type=\"container\">\n\t\t\t\t\t<div class=\"e-con-inner\">\n\t\t<div class=\"elementor-element elementor-element-5d63050 e-con-full e-flex e-con e-child\" data-id=\"5d63050\" data-element_type=\"container\" data-e-type=\"container\">\n\t\t\t\t<div class=\"elementor-element elementor-element-faf88c3 elementor-widget elementor-widget-heading\" data-id=\"faf88c3\" data-element_type=\"widget\" data-e-type=\"widget\" data-widget_type=\"heading.default\">\n\t\t\t\t<div class=\"elementor-widget-container\">\n\t\t\t\t\t<h3 class=\"elementor-heading-title elementor-size-default\">Festliches Mittag- oder Abendessen<\/h3>\t\t\t\t<\/div>\n\t\t\t\t<\/div>\n\t\t\t\t<div class=\"elementor-element elementor-element-e45a3c8 elementor-widget__width-initial elementor-widget elementor-widget-text-editor\" data-id=\"e45a3c8\" data-element_type=\"widget\" data-e-type=\"widget\" data-widget_type=\"text-editor.default\">\n\t\t\t\t<div class=\"elementor-widget-container\">\n\t\t\t\t\t\t\t\t\tWir arbeiten mit Ihnen zusammen, um die Gerichte, die Weine und den Service auszuw\u00e4hlen, die Ihre Feier zu etwas ganz Besonderem machen. Wir bereiten traditionelle kulinarische Meisterwerke zu, von der Vorspeise bis zum Dessert, die im klassischen oder im Bankettstil serviert werden k\u00f6nnen.  In den Sommermonaten werden die Mahlzeiten im Garten voller bl\u00fchender Hortensien serviert, w\u00e4hrend in den k\u00fchleren Monaten des Jahres die Tische in Jacobs oder Hannahs Zimmer festlich geschm\u00fcckt sind. \t\t\t\t\t\t\t\t<\/div>\n\t\t\t\t<\/div>\n\t\t\t\t<\/div>\n\t\t<div class=\"elementor-element elementor-element-651f54d e-con-full e-flex e-con e-child\" data-id=\"651f54d\" data-element_type=\"container\" data-e-type=\"container\">\n\t\t\t\t<div class=\"elementor-element elementor-element-026ae3c elementor-widget elementor-widget-image\" data-id=\"026ae3c\" data-element_type=\"widget\" data-e-type=\"widget\" data-widget_type=\"image.default\">\n\t\t\t\t<div class=\"elementor-widget-container\">\n\t\t\t\t\t\t\t\t\t\t\t\t\t\t\t<img loading=\"lazy\" decoding=\"async\" width=\"800\" height=\"453\" src=\"https:\/\/kendov-dvorec.com\/wp-content\/uploads\/2025\/09\/Kendov-Dvorec_hanina-sobana-1.jpg\" class=\"attachment-large size-large wp-image-25659\" alt=\"\" srcset=\"https:\/\/kendov-dvorec.com\/wp-content\/uploads\/2025\/09\/Kendov-Dvorec_hanina-sobana-1.jpg 900w, https:\/\/kendov-dvorec.com\/wp-content\/uploads\/2025\/09\/Kendov-Dvorec_hanina-sobana-1-300x170.jpg 300w, https:\/\/kendov-dvorec.com\/wp-content\/uploads\/2025\/09\/Kendov-Dvorec_hanina-sobana-1-768x435.jpg 768w\" sizes=\"(max-width: 800px) 100vw, 800px\" \/>\t\t\t\t\t\t\t\t\t\t\t\t\t\t\t<\/div>\n\t\t\t\t<\/div>\n\t\t\t\t<\/div>\n\t\t\t\t\t<\/div>\n\t\t\t\t<\/div>\n\t\t\t\t<\/div>\n\t\t","protected":false},"excerpt":{"rendered":"<p>FEINSCHMECKER-ERLEBNIS Entdecken Sie originelle Speisenaus Kendas K\u00fcche. Mit \u00fcber 20 Jahren Erfahrung in der Organisation einer Vielzahl von Veranstaltungen helfen wir Ihnen gerne, ein unvergessliches Erlebnis zu schaffen. Wir laden Sie ein, uns per E-Mail unter info@kendov-dvorec.com zu kontaktieren, um eine Anfrage zu stellen . Sie sind auch herzlich eingeladen, das Herrenhaus zu besuchen, damit [&hellip;]<\/p>\n","protected":false},"author":1,"featured_media":1966,"parent":27043,"menu_order":10,"comment_status":"closed","ping_status":"closed","template":"elementor_header_footer","meta":{"footnotes":""},"class_list":["post-27209","page","type-page","status-publish","has-post-thumbnail","hentry"],"_links":{"self":[{"href":"https:\/\/kendov-dvorec.com\/de\/wp-json\/wp\/v2\/pages\/27209","targetHints":{"allow":["GET"]}}],"collection":[{"href":"https:\/\/kendov-dvorec.com\/de\/wp-json\/wp\/v2\/pages"}],"about":[{"href":"https:\/\/kendov-dvorec.com\/de\/wp-json\/wp\/v2\/types\/page"}],"author":[{"embeddable":true,"href":"https:\/\/kendov-dvorec.com\/de\/wp-json\/wp\/v2\/users\/1"}],"replies":[{"embeddable":true,"href":"https:\/\/kendov-dvorec.com\/de\/wp-json\/wp\/v2\/comments?post=27209"}],"version-history":[{"count":5,"href":"https:\/\/kendov-dvorec.com\/de\/wp-json\/wp\/v2\/pages\/27209\/revisions"}],"predecessor-version":[{"id":28001,"href":"https:\/\/kendov-dvorec.com\/de\/wp-json\/wp\/v2\/pages\/27209\/revisions\/28001"}],"up":[{"embeddable":true,"href":"https:\/\/kendov-dvorec.com\/de\/wp-json\/wp\/v2\/pages\/27043"}],"wp:featuredmedia":[{"embeddable":true,"href":"https:\/\/kendov-dvorec.com\/de\/wp-json\/wp\/v2\/media\/1966"}],"wp:attachment":[{"href":"https:\/\/kendov-dvorec.com\/de\/wp-json\/wp\/v2\/media?parent=27209"}],"curies":[{"name":"wp","href":"https:\/\/api.w.org\/{rel}","templated":true}]}}