{"id":27219,"date":"2024-09-24T15:49:13","date_gmt":"2024-09-24T14:49:13","guid":{"rendered":"https:\/\/kendov-dvorec.com\/erlebnisse\/domace-dobrote\/"},"modified":"2026-02-06T18:03:55","modified_gmt":"2026-02-06T18:03:55","slug":"domace-dobrote","status":"publish","type":"page","link":"https:\/\/kendov-dvorec.com\/de\/erlebnisse\/domace-dobrote\/","title":{"rendered":"Doma\u010de dobrote"},"content":{"rendered":"\t\t<div data-elementor-type=\"wp-page\" data-elementor-id=\"27219\" class=\"elementor elementor-27219 elementor-20188\" data-elementor-post-type=\"page\">\n\t\t\t\t<div class=\"elementor-element elementor-element-55a108e e-flex e-con-boxed e-con e-parent\" data-id=\"55a108e\" data-element_type=\"container\" data-e-type=\"container\" data-settings=\"{&quot;background_background&quot;:&quot;classic&quot;}\">\n\t\t\t\t\t<div class=\"e-con-inner\">\n\t\t\t\t\t<\/div>\n\t\t\t\t<\/div>\n\t\t<div class=\"elementor-element elementor-element-bf4a547 e-flex e-con-boxed e-con e-parent\" data-id=\"bf4a547\" data-element_type=\"container\" data-e-type=\"container\">\n\t\t\t\t\t<div class=\"e-con-inner\">\n\t\t<div class=\"elementor-element elementor-element-3a526fa e-con-full e-flex e-con e-child\" data-id=\"3a526fa\" data-element_type=\"container\" data-e-type=\"container\">\n\t\t\t\t<div class=\"elementor-element elementor-element-8246f26 elementor-widget elementor-widget-heading\" data-id=\"8246f26\" data-element_type=\"widget\" data-e-type=\"widget\" data-widget_type=\"heading.default\">\n\t\t\t\t<div class=\"elementor-widget-container\">\n\t\t\t\t\t<h1 class=\"elementor-heading-title elementor-size-default\">ERLEBNISSE<\/h1>\t\t\t\t<\/div>\n\t\t\t\t<\/div>\n\t\t\t\t<div class=\"elementor-element elementor-element-54458f5 elementor-widget elementor-widget-heading\" data-id=\"54458f5\" data-element_type=\"widget\" data-e-type=\"widget\" data-widget_type=\"heading.default\">\n\t\t\t\t<div class=\"elementor-widget-container\">\n\t\t\t\t\t<h1 class=\"elementor-heading-title elementor-size-default\">ERLEBNISSE<\/h1>\t\t\t\t<\/div>\n\t\t\t\t<\/div>\n\t\t\t\t<div class=\"elementor-element elementor-element-cf2a7d4 elementor-widget elementor-widget-heading\" data-id=\"cf2a7d4\" data-element_type=\"widget\" data-e-type=\"widget\" data-widget_type=\"heading.default\">\n\t\t\t\t<div class=\"elementor-widget-container\">\n\t\t\t\t\t<h1 class=\"elementor-heading-title elementor-size-default\">Bestellen Sie hausgemachtes Brot, Potica, Krapfen und weitere handwerkliche K\u00f6stlichkeiten.<\/h1>\t\t\t\t<\/div>\n\t\t\t\t<\/div>\n\t\t\t\t<div class=\"elementor-element elementor-element-542bca6 elementor-widget elementor-widget-text-editor\" data-id=\"542bca6\" data-element_type=\"widget\" data-e-type=\"widget\" data-widget_type=\"text-editor.default\">\n\t\t\t\t<div class=\"elementor-widget-container\">\n\t\t\t\t\t\t\t\t\t<p>Im Kendov Dvorec bieten wir Ihnen das ganze Jahr \u00fcber frisch gebackene hausgemachte K\u00f6stlichkeiten, zubereitet nach traditionellen Rezepten. Unsere s\u00fc\u00dfen Potica-Kuchen, Sauerteigbrot und Torten sind ideal f\u00fcr den t\u00e4glichen Genuss oder besondere Anl\u00e4sse. Krapfen sind saisonal erh\u00e4ltlich und k\u00f6nnen w\u00e4hrend der Winter- oder Faschingszeit bestellt werden.   <\/p><p>Bestellungen bitten wir mindestens zwei Tage im Voraus aufzugeben, damit wir Ihnen frische und hochwertige Produkte, mit Liebe zubereitet, garantieren k\u00f6nnen. <\/p>\t\t\t\t\t\t\t\t<\/div>\n\t\t\t\t<\/div>\n\t\t\t\t<div class=\"elementor-element elementor-element-7841236 elementor-widget elementor-widget-heading\" data-id=\"7841236\" data-element_type=\"widget\" data-e-type=\"widget\" data-widget_type=\"heading.default\">\n\t\t\t\t<div class=\"elementor-widget-container\">\n\t\t\t\t\t<h2 class=\"elementor-heading-title elementor-size-default\">Unser Angebot<\/h2>\t\t\t\t<\/div>\n\t\t\t\t<\/div>\n\t\t\t\t<div class=\"elementor-element elementor-element-e93ea60 elementor-widget elementor-widget-heading\" data-id=\"e93ea60\" data-element_type=\"widget\" data-e-type=\"widget\" data-widget_type=\"heading.default\">\n\t\t\t\t<div class=\"elementor-widget-container\">\n\t\t\t\t\t<h3 class=\"elementor-heading-title elementor-size-default\">Sauerteigbrot<\/h3>\t\t\t\t<\/div>\n\t\t\t\t<\/div>\n\t\t\t\t<div class=\"elementor-element elementor-element-071acae elementor-widget elementor-widget-text-editor\" data-id=\"071acae\" data-element_type=\"widget\" data-e-type=\"widget\" data-widget_type=\"text-editor.default\">\n\t\t\t\t<div class=\"elementor-widget-container\">\n\t\t\t\t\t\t\t\t\t<p>Das Brot wiegt ca. 1 kg und wird t\u00e4glich frisch gebacken. Eine ausgezeichnete Wahl f\u00fcr jede Gelegenheit.<br>Preis: 6 \u20ac pro Laib <\/p>\t\t\t\t\t\t\t\t<\/div>\n\t\t\t\t<\/div>\n\t\t\t\t<div class=\"elementor-element elementor-element-344ec06 elementor-widget elementor-widget-heading\" data-id=\"344ec06\" data-element_type=\"widget\" data-e-type=\"widget\" data-widget_type=\"heading.default\">\n\t\t\t\t<div class=\"elementor-widget-container\">\n\t\t\t\t\t<h3 class=\"elementor-heading-title elementor-size-default\">Potice<\/h3>\t\t\t\t<\/div>\n\t\t\t\t<\/div>\n\t\t\t\t<div class=\"elementor-element elementor-element-9ab769f elementor-widget elementor-widget-text-editor\" data-id=\"9ab769f\" data-element_type=\"widget\" data-e-type=\"widget\" data-widget_type=\"text-editor.default\">\n\t\t\t\t<div class=\"elementor-widget-container\">\n\t\t\t\t\t\t\t\t\t<p>Unsere Potica ist rund, mittelgro\u00df (18 cm Durchmesser) und reicht f\u00fcr ca. 12 Portionen. Erh\u00e4ltlich in folgenden Variationen: <\/p><ul><li>Herzhafte Grieben-Potica<\/li><li>Herzhafte Zwiebel-Walnuss-Potica<\/li><li>S\u00fc\u00dfe Walnuss-Potica<\/li><\/ul><p>Preis: 25 \u20ac pro Potica<\/p>\t\t\t\t\t\t\t\t<\/div>\n\t\t\t\t<\/div>\n\t\t\t\t<div class=\"elementor-element elementor-element-d0de53a elementor-widget elementor-widget-heading\" data-id=\"d0de53a\" data-element_type=\"widget\" data-e-type=\"widget\" data-widget_type=\"heading.default\">\n\t\t\t\t<div class=\"elementor-widget-container\">\n\t\t\t\t\t<h3 class=\"elementor-heading-title elementor-size-default\">Faschingskrapfen mit Marillenmarmelade<\/h3>\t\t\t\t<\/div>\n\t\t\t\t<\/div>\n\t\t\t\t<div class=\"elementor-element elementor-element-33fd23b elementor-widget elementor-widget-text-editor\" data-id=\"33fd23b\" data-element_type=\"widget\" data-e-type=\"widget\" data-widget_type=\"text-editor.default\">\n\t\t\t\t<div class=\"elementor-widget-container\">\n\t\t\t\t\t\t\t\t\t<p>Unsere Potica ist rund, mittelgro\u00df (18 cm Durchmesser) und reicht f\u00fcr ca. 12 Portionen. Erh\u00e4ltlich in folgenden Variationen: <\/p><ul><li>Herzhafte Grieben-Potica<\/li><li>Herzhafte Zwiebel-Walnuss-Potica<\/li><li>S\u00fc\u00dfe Walnuss-Potica<\/li><\/ul><p>Preis: 25 \u20ac pro Potica<\/p>\t\t\t\t\t\t\t\t<\/div>\n\t\t\t\t<\/div>\n\t\t\t\t<div class=\"elementor-element elementor-element-9f1c055 elementor-widget elementor-widget-heading\" data-id=\"9f1c055\" data-element_type=\"widget\" data-e-type=\"widget\" data-widget_type=\"heading.default\">\n\t\t\t\t<div class=\"elementor-widget-container\">\n\t\t\t\t\t<h2 class=\"elementor-heading-title elementor-size-default\">Wie bestellen?<\/h2>\t\t\t\t<\/div>\n\t\t\t\t<\/div>\n\t\t\t\t<div class=\"elementor-element elementor-element-5c4ed77 elementor-widget elementor-widget-text-editor\" data-id=\"5c4ed77\" data-element_type=\"widget\" data-e-type=\"widget\" data-widget_type=\"text-editor.default\">\n\t\t\t\t<div class=\"elementor-widget-container\">\n\t\t\t\t\t\t\t\t\t<p>Bestellungen nehmen wir gerne mindestens zwei Tage vor dem gew\u00fcnschten Abholtermin entgegen. Frisch gebackenes Brot, traditionelle Potica sowie eine feine Auswahl an Geb\u00e4ck erwarten Sie zur vereinbarten Zeit. <\/p><p>F\u00fcr Bestellungen und weitere Informationen kontaktieren Sie uns bitte unter: info@kendov-dvorec.com<\/p><p>G\u00f6nnen Sie sich authentische, hausgemachte K\u00f6stlichkeiten. <\/p>\t\t\t\t\t\t\t\t<\/div>\n\t\t\t\t<\/div>\n\t\t\t\t<\/div>\n\t\t<div class=\"elementor-element elementor-element-38cab77 e-con-full e-flex e-con e-child\" data-id=\"38cab77\" data-element_type=\"container\" data-e-type=\"container\">\n\t\t\t\t<div class=\"elementor-element elementor-element-ddca1aa elementor-widget elementor-widget-image\" data-id=\"ddca1aa\" data-element_type=\"widget\" data-e-type=\"widget\" data-widget_type=\"image.default\">\n\t\t\t\t<div class=\"elementor-widget-container\">\n\t\t\t\t\t\t\t\t\t\t\t\t\t\t\t<img fetchpriority=\"high\" decoding=\"async\" width=\"800\" height=\"453\" src=\"https:\/\/kendov-dvorec.com\/wp-content\/uploads\/2025\/09\/wine_tasting_gregor.jpg\" class=\"attachment-large size-large wp-image-23568\" alt=\"\" srcset=\"https:\/\/kendov-dvorec.com\/wp-content\/uploads\/2025\/09\/wine_tasting_gregor.jpg 900w, https:\/\/kendov-dvorec.com\/wp-content\/uploads\/2025\/09\/wine_tasting_gregor-300x170.jpg 300w, https:\/\/kendov-dvorec.com\/wp-content\/uploads\/2025\/09\/wine_tasting_gregor-768x435.jpg 768w\" sizes=\"(max-width: 800px) 100vw, 800px\" \/>\t\t\t\t\t\t\t\t\t\t\t\t\t\t\t<\/div>\n\t\t\t\t<\/div>\n\t\t\t\t<\/div>\n\t\t\t\t\t<\/div>\n\t\t\t\t<\/div>\n\t\t\t\t<\/div>\n\t\t","protected":false},"excerpt":{"rendered":"<p>ERLEBNISSE ERLEBNISSE Bestellen Sie hausgemachtes Brot, Potica, Krapfen und weitere handwerkliche K\u00f6stlichkeiten. Im Kendov Dvorec bieten wir Ihnen das ganze Jahr \u00fcber frisch gebackene hausgemachte K\u00f6stlichkeiten, zubereitet nach traditionellen Rezepten. Unsere s\u00fc\u00dfen Potica-Kuchen, Sauerteigbrot und Torten sind ideal f\u00fcr den t\u00e4glichen Genuss oder besondere Anl\u00e4sse. Krapfen sind saisonal erh\u00e4ltlich und k\u00f6nnen w\u00e4hrend der Winter- oder [&hellip;]<\/p>\n","protected":false},"author":1,"featured_media":0,"parent":26714,"menu_order":1,"comment_status":"closed","ping_status":"closed","template":"elementor_header_footer","meta":{"footnotes":""},"class_list":["post-27219","page","type-page","status-publish","hentry"],"_links":{"self":[{"href":"https:\/\/kendov-dvorec.com\/de\/wp-json\/wp\/v2\/pages\/27219","targetHints":{"allow":["GET"]}}],"collection":[{"href":"https:\/\/kendov-dvorec.com\/de\/wp-json\/wp\/v2\/pages"}],"about":[{"href":"https:\/\/kendov-dvorec.com\/de\/wp-json\/wp\/v2\/types\/page"}],"author":[{"embeddable":true,"href":"https:\/\/kendov-dvorec.com\/de\/wp-json\/wp\/v2\/users\/1"}],"replies":[{"embeddable":true,"href":"https:\/\/kendov-dvorec.com\/de\/wp-json\/wp\/v2\/comments?post=27219"}],"version-history":[{"count":2,"href":"https:\/\/kendov-dvorec.com\/de\/wp-json\/wp\/v2\/pages\/27219\/revisions"}],"predecessor-version":[{"id":27221,"href":"https:\/\/kendov-dvorec.com\/de\/wp-json\/wp\/v2\/pages\/27219\/revisions\/27221"}],"up":[{"embeddable":true,"href":"https:\/\/kendov-dvorec.com\/de\/wp-json\/wp\/v2\/pages\/26714"}],"wp:attachment":[{"href":"https:\/\/kendov-dvorec.com\/de\/wp-json\/wp\/v2\/media?parent=27219"}],"curies":[{"name":"wp","href":"https:\/\/api.w.org\/{rel}","templated":true}]}}