{"id":27350,"date":"2017-08-30T11:02:55","date_gmt":"2017-08-30T10:02:55","guid":{"rendered":"https:\/\/kendov-dvorec.com\/angebote-und-pakete\/valentinstag\/"},"modified":"2026-03-25T20:36:25","modified_gmt":"2026-03-25T20:36:25","slug":"valentinstag","status":"publish","type":"page","link":"https:\/\/kendov-dvorec.com\/de\/angebote-und-pakete\/valentinstag\/","title":{"rendered":"Valentinstag"},"content":{"rendered":"\t\t<div data-elementor-type=\"wp-page\" data-elementor-id=\"27350\" class=\"elementor elementor-27350 elementor-5823\" data-elementor-post-type=\"page\">\n\t\t\t\t<div class=\"elementor-element elementor-element-71bd9e7 e-flex e-con-boxed e-con e-parent\" data-id=\"71bd9e7\" data-element_type=\"container\" data-e-type=\"container\" data-settings=\"{&quot;background_background&quot;:&quot;classic&quot;}\">\n\t\t\t\t\t<div class=\"e-con-inner\">\n\t\t\t\t\t<\/div>\n\t\t\t\t<\/div>\n\t\t<div class=\"elementor-element elementor-element-0f838d8 e-flex e-con-boxed e-con e-parent\" data-id=\"0f838d8\" data-element_type=\"container\" data-e-type=\"container\">\n\t\t\t\t\t<div class=\"e-con-inner\">\n\t\t<div class=\"elementor-element elementor-element-947ffd5 e-con-full e-flex e-con e-child\" data-id=\"947ffd5\" data-element_type=\"container\" data-e-type=\"container\">\n\t\t\t\t<div class=\"elementor-element elementor-element-e853bee elementor-widget elementor-widget-heading\" data-id=\"e853bee\" data-element_type=\"widget\" data-e-type=\"widget\" data-widget_type=\"heading.default\">\n\t\t\t\t<div class=\"elementor-widget-container\">\n\t\t\t\t\t<h1 class=\"elementor-heading-title elementor-size-default\">ANGEBOTE<\/h1>\t\t\t\t<\/div>\n\t\t\t\t<\/div>\n\t\t\t\t<div class=\"elementor-element elementor-element-4e0f4c6 elementor-widget elementor-widget-heading\" data-id=\"4e0f4c6\" data-element_type=\"widget\" data-e-type=\"widget\" data-widget_type=\"heading.default\">\n\t\t\t\t<div class=\"elementor-widget-container\">\n\t\t\t\t\t<h1 class=\"elementor-heading-title elementor-size-default\">VALENTINOVO<\/h1>\t\t\t\t<\/div>\n\t\t\t\t<\/div>\n\t\t\t\t<div class=\"elementor-element elementor-element-6c4f959 elementor-widget elementor-widget-heading\" data-id=\"6c4f959\" data-element_type=\"widget\" data-e-type=\"widget\" data-widget_type=\"heading.default\">\n\t\t\t\t<div class=\"elementor-widget-container\">\n\t\t\t\t\t<h2 class=\"elementor-heading-title elementor-size-default\">Sie verbringen einen Liebesurlaub in einem romantischen Herrenhaus.<\/h2>\t\t\t\t<\/div>\n\t\t\t\t<\/div>\n\t\t\t\t<div class=\"elementor-element elementor-element-f85b501 elementor-widget elementor-widget-text-editor\" data-id=\"f85b501\" data-element_type=\"widget\" data-e-type=\"widget\" data-widget_type=\"text-editor.default\">\n\t\t\t\t<div class=\"elementor-widget-container\">\n\t\t\t\t\t\t\t\t\t<p>\u00dcberraschen Sie Ihre(n) Liebste(n) mit einem unvergesslichen Valenitn-Ausflug f\u00fcr zwei. W\u00e4hlen Sie unser spezielles <a href=\"https:\/\/kendov-dvorec.com\/ponudbe\/romanticni-oddih\/\">Romantic Break-Paket<\/a>, das eine \u00dcbernachtung, ein Fr\u00fchst\u00fcck mit lokalen Produkten, eine Flasche Sekt und frisches Obst auf Ihrem Zimmer bei Ihrer Ankunft sowie ein romantisches F\u00fcnf-G\u00e4nge-Men\u00fc mit Weinbegleitung beinhaltet. <\/p><p>Besuchen Sie uns<strong>  Samstag 12. Februar, Sonntag 13. Februar oder Montag 14. Februar   <\/strong>wenn wir den Valentinstag mit einem Valentinstagsdinner f\u00fcr Verliebte feiern. Wir verw\u00f6hnen Sie mit einem unvergesslichen kulinarischen Erlebnis mit Gerichten aus der K\u00fcche von Kendov Manor und ausgew\u00e4hlten Weinen unserer hauseigenen Winzer. <\/p>\t\t\t\t\t\t\t\t<\/div>\n\t\t\t\t<\/div>\n\t\t<div class=\"elementor-element elementor-element-a118183 e-con-full e-flex e-con e-child\" data-id=\"a118183\" data-element_type=\"container\" data-e-type=\"container\">\n\t\t\t\t<div class=\"elementor-element elementor-element-3747b72 elementor-align-center elementor-tablet-align-justify elementor-widget elementor-widget-button\" data-id=\"3747b72\" data-element_type=\"widget\" data-e-type=\"widget\" data-widget_type=\"button.default\">\n\t\t\t\t<div class=\"elementor-widget-container\">\n\t\t\t\t\t\t\t\t\t<div class=\"elementor-button-wrapper\">\n\t\t\t\t\t<a class=\"elementor-button elementor-button-link elementor-size-sm\" href=\"mailto:info@kendov-dvorec.com\">\n\t\t\t\t\t\t<span class=\"elementor-button-content-wrapper\">\n\t\t\t\t\t\t\t\t\t<span class=\"elementor-button-text\">Reservieren<\/span>\n\t\t\t\t\t<\/span>\n\t\t\t\t\t<\/a>\n\t\t\t\t<\/div>\n\t\t\t\t\t\t\t\t<\/div>\n\t\t\t\t<\/div>\n\t\t\t\t<div class=\"elementor-element elementor-element-9e5c241 elementor-align-center elementor-tablet-align-justify elementor-widget elementor-widget-button\" data-id=\"9e5c241\" data-element_type=\"widget\" data-e-type=\"widget\" data-widget_type=\"button.default\">\n\t\t\t\t<div class=\"elementor-widget-container\">\n\t\t\t\t\t\t\t\t\t<div class=\"elementor-button-wrapper\">\n\t\t\t\t\t<a class=\"elementor-button elementor-button-link elementor-size-sm\" href=\"https:\/\/kendov-dvorec.com\/de\/angebote-und-pakete\/\">\n\t\t\t\t\t\t<span class=\"elementor-button-content-wrapper\">\n\t\t\t\t\t\t\t\t\t<span class=\"elementor-button-text\">Zur\u00fcck zu den Angeboten<\/span>\n\t\t\t\t\t<\/span>\n\t\t\t\t\t<\/a>\n\t\t\t\t<\/div>\n\t\t\t\t\t\t\t\t<\/div>\n\t\t\t\t<\/div>\n\t\t\t\t<\/div>\n\t\t\t\t<\/div>\n\t\t<div class=\"elementor-element elementor-element-12c62f7 e-con-full e-flex e-con e-child\" data-id=\"12c62f7\" data-element_type=\"container\" data-e-type=\"container\">\n\t\t\t\t<div class=\"elementor-element elementor-element-4f71eb8 elementor-widget elementor-widget-image\" data-id=\"4f71eb8\" data-element_type=\"widget\" data-e-type=\"widget\" data-widget_type=\"image.default\">\n\t\t\t\t<div class=\"elementor-widget-container\">\n\t\t\t\t\t\t\t\t\t\t\t\t\t\t\t<img fetchpriority=\"high\" decoding=\"async\" width=\"800\" height=\"300\" src=\"https:\/\/kendov-dvorec.com\/wp-content\/uploads\/2025\/09\/FC_99_241-2-scaled-2-1024x384.jpg\" class=\"attachment-large size-large wp-image-25873\" alt=\"\" srcset=\"https:\/\/kendov-dvorec.com\/wp-content\/uploads\/2025\/09\/FC_99_241-2-scaled-2-1024x384.jpg 1024w, https:\/\/kendov-dvorec.com\/wp-content\/uploads\/2025\/09\/FC_99_241-2-scaled-2-300x113.jpg 300w, https:\/\/kendov-dvorec.com\/wp-content\/uploads\/2025\/09\/FC_99_241-2-scaled-2-768x288.jpg 768w, https:\/\/kendov-dvorec.com\/wp-content\/uploads\/2025\/09\/FC_99_241-2-scaled-2-1536x576.jpg 1536w, https:\/\/kendov-dvorec.com\/wp-content\/uploads\/2025\/09\/FC_99_241-2-scaled-2-2048x768.jpg 2048w\" sizes=\"(max-width: 800px) 100vw, 800px\" \/>\t\t\t\t\t\t\t\t\t\t\t\t\t\t\t<\/div>\n\t\t\t\t<\/div>\n\t\t\t\t<div class=\"elementor-element elementor-element-d36ad71 elementor-widget elementor-widget-heading\" data-id=\"d36ad71\" data-element_type=\"widget\" data-e-type=\"widget\" data-widget_type=\"heading.default\">\n\t\t\t\t<div class=\"elementor-widget-container\">\n\t\t\t\t\t<h2 class=\"elementor-heading-title elementor-size-default\">BUCHEN SIE IHREN TISCH<\/h2>\t\t\t\t<\/div>\n\t\t\t\t<\/div>\n\t\t\t\t<div class=\"elementor-element elementor-element-1b9c1b0 elementor-widget elementor-widget-text-editor\" data-id=\"1b9c1b0\" data-element_type=\"widget\" data-e-type=\"widget\" data-widget_type=\"text-editor.default\">\n\t\t\t\t<div class=\"elementor-widget-container\">\n\t\t\t\t\t\t\t\t\t<h6 class=\"fusion-responsive-typography-calculated\" data-fontsize=\"19\" data-lineheight=\"28.5px\">Samstag, 12. Februar 2022<br>Sonntag, 13. Februar 2022<br>Montag, 14. Februar 2022   <\/h6><p><em>Forellencarpaccio mit Fenchel,<br>Zucchini und Grapefruit<\/em><em><br><\/em>&#8211;<br><em>K\u00fcrbissuppe mit gebratenen Pilzen und<\/em><em>K\u00fcrbiskernstreuseln<\/em><em><br><\/em><em>und frisch gebackenen Salzkartoffeln<br><\/em>&#8211;<br><em>Ravioli mit ger\u00e4ucherter Forelle und Schnittlauchsauce<br><\/em>&#8211;<br><em>Kaninchenbraten, Buchweizenstrudel, Karotte<br><\/em>mit <em>Estragon und Gr\u00fcnkohlroulade<br><\/em>&#8211;<br><em>Kendo K\u00e4sekuchen mit gebackenen \u00c4pfeln<\/em><\/p><p><span style=\"color: #666666;\">Buchung: T: 05 37 25 100 oder<\/span><br><span style=\"color: #666666;\">E: info@kendov-dvorec.com<\/span><br><span style=\"color: #666666;\">Preis des Men\u00fcs: \u20ac64<\/span><\/p>\t\t\t\t\t\t\t\t<\/div>\n\t\t\t\t<\/div>\n\t\t\t\t<\/div>\n\t\t\t\t\t<\/div>\n\t\t\t\t<\/div>\n\t\t<div class=\"elementor-element elementor-element-b678cf7 e-flex e-con-boxed e-con e-parent\" data-id=\"b678cf7\" data-element_type=\"container\" data-e-type=\"container\" data-settings=\"{&quot;background_background&quot;:&quot;classic&quot;}\">\n\t\t\t\t\t<div class=\"e-con-inner\">\n\t\t\t\t<div class=\"elementor-element elementor-element-bc29e7d elementor-widget elementor-widget-heading\" data-id=\"bc29e7d\" data-element_type=\"widget\" data-e-type=\"widget\" data-widget_type=\"heading.default\">\n\t\t\t\t<div class=\"elementor-widget-container\">\n\t\t\t\t\t<h2 class=\"elementor-heading-title elementor-size-default\">Lassen Sie sich verw\u00f6hnen<\/h2>\t\t\t\t<\/div>\n\t\t\t\t<\/div>\n\t\t<div class=\"elementor-element elementor-element-de9013a e-con-full e-flex e-con e-child\" data-id=\"de9013a\" data-element_type=\"container\" data-e-type=\"container\">\n\t\t<div class=\"elementor-element elementor-element-77c8322 e-con-full e-flex e-con e-child\" data-id=\"77c8322\" data-element_type=\"container\" data-e-type=\"container\">\n\t\t\t\t<div class=\"elementor-element elementor-element-dd4df6e elementor-widget elementor-widget-image\" data-id=\"dd4df6e\" data-element_type=\"widget\" data-e-type=\"widget\" data-widget_type=\"image.default\">\n\t\t\t\t<div class=\"elementor-widget-container\">\n\t\t\t\t\t\t\t\t\t\t\t\t\t\t\t<img decoding=\"async\" width=\"800\" height=\"453\" src=\"https:\/\/kendov-dvorec.com\/wp-content\/uploads\/2025\/09\/gary.jpg\" class=\"attachment-large size-large wp-image-25900\" alt=\"\" srcset=\"https:\/\/kendov-dvorec.com\/wp-content\/uploads\/2025\/09\/gary.jpg 900w, https:\/\/kendov-dvorec.com\/wp-content\/uploads\/2025\/09\/gary-300x170.jpg 300w, https:\/\/kendov-dvorec.com\/wp-content\/uploads\/2025\/09\/gary-768x435.jpg 768w\" sizes=\"(max-width: 800px) 100vw, 800px\" \/>\t\t\t\t\t\t\t\t\t\t\t\t\t\t\t<\/div>\n\t\t\t\t<\/div>\n\t\t\t\t<div class=\"elementor-element elementor-element-87ebb65 elementor-widget elementor-widget-text-editor\" data-id=\"87ebb65\" data-element_type=\"widget\" data-e-type=\"widget\" data-widget_type=\"text-editor.default\">\n\t\t\t\t<div class=\"elementor-widget-container\">\n\t\t\t\t\t\t\t\t\t<p><strong>SCHENKEN SIE DAS ERLEBNIS<\/strong><br>Ein Erlebnis ist das beste Geschenk. \u00dcberraschen Sie einen lieben Menschen mit einem Geschenkgutschein f\u00fcr einen Urlaub oder ein kulinarisches Erlebnis in Kenda&#8217;s Manor.   <\/p>\t\t\t\t\t\t\t\t<\/div>\n\t\t\t\t<\/div>\n\t\t\t\t<\/div>\n\t\t<div class=\"elementor-element elementor-element-c3f80f3 e-con-full e-flex e-con e-child\" data-id=\"c3f80f3\" data-element_type=\"container\" data-e-type=\"container\">\n\t\t\t\t<div class=\"elementor-element elementor-element-ba718bf elementor-widget elementor-widget-image\" data-id=\"ba718bf\" data-element_type=\"widget\" data-e-type=\"widget\" data-widget_type=\"image.default\">\n\t\t\t\t<div class=\"elementor-widget-container\">\n\t\t\t\t\t\t\t\t\t\t\t\t\t\t\t<img decoding=\"async\" width=\"800\" height=\"453\" src=\"https:\/\/kendov-dvorec.com\/wp-content\/uploads\/2025\/09\/Kendov_dvorec_bouquet-scaled-1-1-1024x580.jpg\" class=\"attachment-large size-large wp-image-25895\" alt=\"\" srcset=\"https:\/\/kendov-dvorec.com\/wp-content\/uploads\/2025\/09\/Kendov_dvorec_bouquet-scaled-1-1-1024x580.jpg 1024w, https:\/\/kendov-dvorec.com\/wp-content\/uploads\/2025\/09\/Kendov_dvorec_bouquet-scaled-1-1-300x170.jpg 300w, https:\/\/kendov-dvorec.com\/wp-content\/uploads\/2025\/09\/Kendov_dvorec_bouquet-scaled-1-1-768x435.jpg 768w, https:\/\/kendov-dvorec.com\/wp-content\/uploads\/2025\/09\/Kendov_dvorec_bouquet-scaled-1-1-1536x870.jpg 1536w, https:\/\/kendov-dvorec.com\/wp-content\/uploads\/2025\/09\/Kendov_dvorec_bouquet-scaled-1-1-2048x1160.jpg 2048w\" sizes=\"(max-width: 800px) 100vw, 800px\" \/>\t\t\t\t\t\t\t\t\t\t\t\t\t\t\t<\/div>\n\t\t\t\t<\/div>\n\t\t\t\t<div class=\"elementor-element elementor-element-7cc3720 elementor-widget elementor-widget-text-editor\" data-id=\"7cc3720\" data-element_type=\"widget\" data-e-type=\"widget\" data-widget_type=\"text-editor.default\">\n\t\t\t\t<div class=\"elementor-widget-container\">\n\t\t\t\t\t\t\t\t\t<p>FRISCHE BLUMEN<br>\u00dcberraschen Sie Ihre geliebte Person mit einem Strau\u00df frischer Blumen, der bei Ihrer Ankunft auf dem Zimmer auf Sie warten wird. <\/p>\t\t\t\t\t\t\t\t<\/div>\n\t\t\t\t<\/div>\n\t\t\t\t<\/div>\n\t\t<div class=\"elementor-element elementor-element-fa16c27 e-con-full e-flex e-con e-child\" data-id=\"fa16c27\" data-element_type=\"container\" data-e-type=\"container\">\n\t\t\t\t<div class=\"elementor-element elementor-element-b555f06 elementor-widget elementor-widget-image\" data-id=\"b555f06\" data-element_type=\"widget\" data-e-type=\"widget\" data-widget_type=\"image.default\">\n\t\t\t\t<div class=\"elementor-widget-container\">\n\t\t\t\t\t\t\t\t\t\t\t\t\t\t\t<img loading=\"lazy\" decoding=\"async\" width=\"800\" height=\"453\" src=\"https:\/\/kendov-dvorec.com\/wp-content\/uploads\/2025\/09\/sparkling-wine.jpg\" class=\"attachment-large size-large wp-image-25890\" alt=\"\" srcset=\"https:\/\/kendov-dvorec.com\/wp-content\/uploads\/2025\/09\/sparkling-wine.jpg 900w, https:\/\/kendov-dvorec.com\/wp-content\/uploads\/2025\/09\/sparkling-wine-300x170.jpg 300w, https:\/\/kendov-dvorec.com\/wp-content\/uploads\/2025\/09\/sparkling-wine-768x435.jpg 768w\" sizes=\"(max-width: 800px) 100vw, 800px\" \/>\t\t\t\t\t\t\t\t\t\t\t\t\t\t\t<\/div>\n\t\t\t\t<\/div>\n\t\t\t\t<div class=\"elementor-element elementor-element-389c02c elementor-widget elementor-widget-text-editor\" data-id=\"389c02c\" data-element_type=\"widget\" data-e-type=\"widget\" data-widget_type=\"text-editor.default\">\n\t\t\t\t<div class=\"elementor-widget-container\">\n\t\t\t\t\t\t\t\t\t<p><strong>AUSGEW\u00c4HLTER WEIN<br><\/strong>Bestellen Sie eine Flasche Wein aus unserem Weinkeller vor, die bei Ihrer Ankunft gek\u00fchlt f\u00fcr Sie bereitsteht.  <\/p>\t\t\t\t\t\t\t\t<\/div>\n\t\t\t\t<\/div>\n\t\t\t\t<\/div>\n\t\t\t\t<\/div>\n\t\t\t\t\t<\/div>\n\t\t\t\t<\/div>\n\t\t\t\t<\/div>\n\t\t","protected":false},"excerpt":{"rendered":"<p>ANGEBOTE VALENTINOVO Sie verbringen einen Liebesurlaub in einem romantischen Herrenhaus. \u00dcberraschen Sie Ihre(n) Liebste(n) mit einem unvergesslichen Valenitn-Ausflug f\u00fcr zwei. W\u00e4hlen Sie unser spezielles Romantic Break-Paket, das eine \u00dcbernachtung, ein Fr\u00fchst\u00fcck mit lokalen Produkten, eine Flasche Sekt und frisches Obst auf Ihrem Zimmer bei Ihrer Ankunft sowie ein romantisches F\u00fcnf-G\u00e4nge-Men\u00fc mit Weinbegleitung beinhaltet. Besuchen Sie [&hellip;]<\/p>\n","protected":false},"author":1,"featured_media":1921,"parent":27043,"menu_order":10,"comment_status":"closed","ping_status":"closed","template":"elementor_header_footer","meta":{"footnotes":""},"class_list":["post-27350","page","type-page","status-publish","has-post-thumbnail","hentry"],"_links":{"self":[{"href":"https:\/\/kendov-dvorec.com\/de\/wp-json\/wp\/v2\/pages\/27350","targetHints":{"allow":["GET"]}}],"collection":[{"href":"https:\/\/kendov-dvorec.com\/de\/wp-json\/wp\/v2\/pages"}],"about":[{"href":"https:\/\/kendov-dvorec.com\/de\/wp-json\/wp\/v2\/types\/page"}],"author":[{"embeddable":true,"href":"https:\/\/kendov-dvorec.com\/de\/wp-json\/wp\/v2\/users\/1"}],"replies":[{"embeddable":true,"href":"https:\/\/kendov-dvorec.com\/de\/wp-json\/wp\/v2\/comments?post=27350"}],"version-history":[{"count":1,"href":"https:\/\/kendov-dvorec.com\/de\/wp-json\/wp\/v2\/pages\/27350\/revisions"}],"predecessor-version":[{"id":27352,"href":"https:\/\/kendov-dvorec.com\/de\/wp-json\/wp\/v2\/pages\/27350\/revisions\/27352"}],"up":[{"embeddable":true,"href":"https:\/\/kendov-dvorec.com\/de\/wp-json\/wp\/v2\/pages\/27043"}],"wp:featuredmedia":[{"embeddable":true,"href":"https:\/\/kendov-dvorec.com\/de\/wp-json\/wp\/v2\/media\/1921"}],"wp:attachment":[{"href":"https:\/\/kendov-dvorec.com\/de\/wp-json\/wp\/v2\/media?parent=27350"}],"curies":[{"name":"wp","href":"https:\/\/api.w.org\/{rel}","templated":true}]}}