{"id":27354,"date":"2017-08-30T11:12:11","date_gmt":"2017-08-30T10:12:11","guid":{"rendered":"https:\/\/kendov-dvorec.com\/restaurant\/"},"modified":"2026-03-25T20:37:11","modified_gmt":"2026-03-25T20:37:11","slug":"restaurant","status":"publish","type":"page","link":"https:\/\/kendov-dvorec.com\/de\/restaurant\/","title":{"rendered":"Restaurant"},"content":{"rendered":"\t\t<div data-elementor-type=\"wp-page\" data-elementor-id=\"27354\" class=\"elementor elementor-27354\" data-elementor-post-type=\"page\">\n\t\t\t\t<div class=\"elementor-element elementor-element-6cd6a9b e-flex e-con-boxed e-con e-parent\" data-id=\"6cd6a9b\" data-element_type=\"container\" data-e-type=\"container\" data-settings=\"{&quot;background_background&quot;:&quot;classic&quot;}\">\n\t\t\t\t\t<div class=\"e-con-inner\">\n\t\t\t\t\t<\/div>\n\t\t\t\t<\/div>\n\t\t<div class=\"elementor-element elementor-element-b847f1e e-flex e-con-boxed e-con e-parent\" data-id=\"b847f1e\" data-element_type=\"container\" data-e-type=\"container\">\n\t\t\t\t\t<div class=\"e-con-inner\">\n\t\t<div class=\"elementor-element elementor-element-ba83774 e-con-full e-flex e-con e-child\" data-id=\"ba83774\" data-element_type=\"container\" data-e-type=\"container\">\n\t\t\t\t<div class=\"elementor-element elementor-element-dcaa105 elementor-widget elementor-widget-heading\" data-id=\"dcaa105\" data-element_type=\"widget\" data-e-type=\"widget\" data-widget_type=\"heading.default\">\n\t\t\t\t<div class=\"elementor-widget-container\">\n\t\t\t\t\t<h3 class=\"elementor-heading-title elementor-size-default\">KULINARIKA<\/h3>\t\t\t\t<\/div>\n\t\t\t\t<\/div>\n\t\t\t\t<div class=\"elementor-element elementor-element-fc414e5 elementor-widget elementor-widget-heading\" data-id=\"fc414e5\" data-element_type=\"widget\" data-e-type=\"widget\" data-widget_type=\"heading.default\">\n\t\t\t\t<div class=\"elementor-widget-container\">\n\t\t\t\t\t<h1 class=\"elementor-heading-title elementor-size-default\">KENDAS K\u00dcCHE<\/h1>\t\t\t\t<\/div>\n\t\t\t\t<\/div>\n\t\t\t\t<div class=\"elementor-element elementor-element-75692e2 elementor-widget elementor-widget-heading\" data-id=\"75692e2\" data-element_type=\"widget\" data-e-type=\"widget\" data-widget_type=\"heading.default\">\n\t\t\t\t<div class=\"elementor-widget-container\">\n\t\t\t\t\t<h3 class=\"elementor-heading-title elementor-size-default\">Kendas K\u00fcche ist Poesie \u2013 originell und raffiniert bescheiden.<\/h3>\t\t\t\t<\/div>\n\t\t\t\t<\/div>\n\t\t\t\t<div class=\"elementor-element elementor-element-882e842 elementor-widget elementor-widget-text-editor\" data-id=\"882e842\" data-element_type=\"widget\" data-e-type=\"widget\" data-widget_type=\"text-editor.default\">\n\t\t\t\t<div class=\"elementor-widget-container\">\n\t\t\t\t\t\t\t\t\t<p>In der K\u00fcche des Kendov dvorec werden Speisen nach bew\u00e4hrten altehrw\u00fcrdigen Rezepten zubereitet, aus frischen Zutaten, die die nahe Umgebung bietet. Die Men\u00fcs des Hauses \u00e4ndern sich deshalb je nach Jahreszeit. \u017dlikrofi, Bakalca, Bati, \u0160truklji, die Besonderheiten der wiederentdeckten K\u00fcche von Idrija spiegeln die jahrhundertealte Tradition und die Handfertigkeiten unserer Gro\u00dfm\u00fctter wider.  <\/p>\t\t\t\t\t\t\t\t<\/div>\n\t\t\t\t<\/div>\n\t\t\t\t<div class=\"elementor-element elementor-element-8c00a87 elementor-align-left elementor-widget elementor-widget-button\" data-id=\"8c00a87\" data-element_type=\"widget\" data-e-type=\"widget\" data-widget_type=\"button.default\">\n\t\t\t\t<div class=\"elementor-widget-container\">\n\t\t\t\t\t\t\t\t\t<div class=\"elementor-button-wrapper\">\n\t\t\t\t\t<a class=\"elementor-button elementor-button-link elementor-size-sm\" href=\"mailto:info@kendov-dvorec.com\">\n\t\t\t\t\t\t<span class=\"elementor-button-content-wrapper\">\n\t\t\t\t\t\t\t\t\t<span class=\"elementor-button-text\">RESERVIEREM<\/span>\n\t\t\t\t\t<\/span>\n\t\t\t\t\t<\/a>\n\t\t\t\t<\/div>\n\t\t\t\t\t\t\t\t<\/div>\n\t\t\t\t<\/div>\n\t\t\t\t<div class=\"elementor-element elementor-element-2b3aeeb elementor-widget elementor-widget-heading\" data-id=\"2b3aeeb\" data-element_type=\"widget\" data-e-type=\"widget\" data-widget_type=\"heading.default\">\n\t\t\t\t<div class=\"elementor-widget-container\">\n\t\t\t\t\t<h3 class=\"elementor-heading-title elementor-size-default\">Kendas K\u00fcche<\/h3>\t\t\t\t<\/div>\n\t\t\t\t<\/div>\n\t\t\t\t<div class=\"elementor-element elementor-element-af1dc55 elementor-widget-divider--view-line elementor-widget elementor-widget-divider\" data-id=\"af1dc55\" data-element_type=\"widget\" data-e-type=\"widget\" data-widget_type=\"divider.default\">\n\t\t\t\t<div class=\"elementor-widget-container\">\n\t\t\t\t\t\t\t<div class=\"elementor-divider\">\n\t\t\t<span class=\"elementor-divider-separator\">\n\t\t\t\t\t\t<\/span>\n\t\t<\/div>\n\t\t\t\t\t\t<\/div>\n\t\t\t\t<\/div>\n\t\t\t\t<\/div>\n\t\t<div class=\"elementor-element elementor-element-a1a612e e-con-full e-flex e-con e-child\" data-id=\"a1a612e\" data-element_type=\"container\" data-e-type=\"container\">\n\t\t\t\t<div class=\"elementor-element elementor-element-16ec982 elementor-widget elementor-widget-heading\" data-id=\"16ec982\" data-element_type=\"widget\" data-e-type=\"widget\" data-widget_type=\"heading.default\">\n\t\t\t\t<div class=\"elementor-widget-container\">\n\t\t\t\t\t<h3 class=\"elementor-heading-title elementor-size-default\">\u00d6FFNUNGSZEITEN DES RESTAURANTS<\/h3>\t\t\t\t<\/div>\n\t\t\t\t<\/div>\n\t\t\t\t<div class=\"elementor-element elementor-element-87909f3 elementor-widget elementor-widget-text-editor\" data-id=\"87909f3\" data-element_type=\"widget\" data-e-type=\"widget\" data-widget_type=\"text-editor.default\">\n\t\t\t\t<div class=\"elementor-widget-container\">\n\t\t\t\t\t\t\t\t\t<p>DINNER<br>Jeden Abend: 19.00 &#8211; 21.00<br>(letzte Bestellung um 20.30)<\/p>\t\t\t\t\t\t\t\t<\/div>\n\t\t\t\t<\/div>\n\t\t\t\t<div class=\"elementor-element elementor-element-a6a77da elementor-widget elementor-widget-text-editor\" data-id=\"a6a77da\" data-element_type=\"widget\" data-e-type=\"widget\" data-widget_type=\"text-editor.default\">\n\t\t\t\t<div class=\"elementor-widget-container\">\n\t\t\t\t\t\t\t\t\t<p>Jeden Abend k\u00f6nnen Sie zwischen zwei Men\u00fcs mit f\u00fcnf G\u00e4ngen und einem Gru\u00df aus der K\u00fcche \u2013 <strong>Katarinas Fischmen\u00fc<\/strong> und <strong>Jakobs Fleischmen\u00fc <\/strong>\u2013 oder einzelnen Gerichten aus unserer \u00c0-la-carte-Karte w\u00e4hlen. Wir wechseln t\u00e4glich die Men\u00fcs. <\/p><p>Men\u00fc:<strong> 76 \u20ac<\/strong><br>Weinkarte: <strong>118 \u20ac<\/strong><br>Einzelne Teller: <strong>8-28 \u20ac<\/strong><\/p><p>Hotelg\u00e4ste und <strong>alle Liebhaber der guten K\u00fcche<\/strong> sind im Restaurant Kendova dvorka willkommen <strong>.<\/strong><\/p><p>Mittag- und Abendessen m\u00fcssen im Voraus gebucht werden unter <strong>T: 05 37 25 100<\/strong> oder<br><a href=\"mailto:info@kendov-dvorec.com\"><strong>E: info@kendov-dvorec.com.<\/strong><\/a><\/p><p>Bitte informieren Sie uns vorab \u00fcber etwaige Einschr\u00e4nkungen oder Nahrungsmittelallergien.<\/p>\t\t\t\t\t\t\t\t<\/div>\n\t\t\t\t<\/div>\n\t\t\t\t<\/div>\n\t\t\t\t\t<\/div>\n\t\t\t\t<\/div>\n\t\t<div class=\"elementor-element elementor-element-3f6d9df e-flex e-con-boxed e-con e-parent\" data-id=\"3f6d9df\" data-element_type=\"container\" data-e-type=\"container\">\n\t\t\t\t\t<div class=\"e-con-inner\">\n\t\t<div class=\"elementor-element elementor-element-814a57a e-con-full e-flex e-con e-child\" data-id=\"814a57a\" data-element_type=\"container\" data-e-type=\"container\">\n\t\t<div class=\"elementor-element elementor-element-3dfd922 e-con-full e-flex e-con e-child\" data-id=\"3dfd922\" data-element_type=\"container\" data-e-type=\"container\">\n\t\t<div class=\"elementor-element elementor-element-6303632 e-con-full e-flex e-con e-child\" data-id=\"6303632\" data-element_type=\"container\" data-e-type=\"container\">\n\t\t\t\t<div class=\"elementor-element elementor-element-2ddbaf7 elementor-widget elementor-widget-heading\" data-id=\"2ddbaf7\" data-element_type=\"widget\" data-e-type=\"widget\" data-widget_type=\"heading.default\">\n\t\t\t\t<div class=\"elementor-widget-container\">\n\t\t\t\t\t<h1 class=\"elementor-heading-title elementor-size-default\">K\u00d6CHE<\/h1>\t\t\t\t<\/div>\n\t\t\t\t<\/div>\n\t\t\t\t<div class=\"elementor-element elementor-element-e328ff9 elementor-widget elementor-widget-heading\" data-id=\"e328ff9\" data-element_type=\"widget\" data-e-type=\"widget\" data-widget_type=\"heading.default\">\n\t\t\t\t<div class=\"elementor-widget-container\">\n\t\t\t\t\t<h3 class=\"elementor-heading-title elementor-size-default\">Wiederentdeckte K\u00fcche von Idrija.<\/h3>\t\t\t\t<\/div>\n\t\t\t\t<\/div>\n\t\t\t\t<div class=\"elementor-element elementor-element-238d0ee elementor-widget elementor-widget-text-editor\" data-id=\"238d0ee\" data-element_type=\"widget\" data-e-type=\"widget\" data-widget_type=\"text-editor.default\">\n\t\t\t\t<div class=\"elementor-widget-container\">\n\t\t\t\t\t\t\t\t\t<p>Die K\u00f6che des Kendov dvorec bereiten altehrw\u00fcrdige Speisen aus der reichen kulinarischen Schatzkammer von Idrija zu. Sie f\u00fcgen traditionellen Gerichten, die viel Handfertigkeit und Erfahrung erfordern, einen Hauch Modernit\u00e4t hinzu, mit denen sie auf den Tellern als wahre Meisterwerke erstrahlen. <\/p>\t\t\t\t\t\t\t\t<\/div>\n\t\t\t\t<\/div>\n\t\t\t\t<\/div>\n\t\t<div class=\"elementor-element elementor-element-c15ffcc e-con-full e-flex e-con e-child\" data-id=\"c15ffcc\" data-element_type=\"container\" data-e-type=\"container\">\n\t\t\t\t<div class=\"elementor-element elementor-element-270f2eb elementor-widget elementor-widget-image\" data-id=\"270f2eb\" data-element_type=\"widget\" data-e-type=\"widget\" data-widget_type=\"image.default\">\n\t\t\t\t<div class=\"elementor-widget-container\">\n\t\t\t\t\t\t\t\t\t\t\t\t\t\t\t<img fetchpriority=\"high\" decoding=\"async\" width=\"600\" height=\"800\" src=\"https:\/\/kendov-dvorec.com\/wp-content\/uploads\/images\/Klavdij2.jpg\" class=\"attachment-large size-large wp-image-3356\" alt=\"\" \/>\t\t\t\t\t\t\t\t\t\t\t\t\t\t\t<\/div>\n\t\t\t\t<\/div>\n\t\t\t\t<div class=\"elementor-element elementor-element-e634c05 elementor-widget elementor-widget-text-editor\" data-id=\"e634c05\" data-element_type=\"widget\" data-e-type=\"widget\" data-widget_type=\"text-editor.default\">\n\t\t\t\t<div class=\"elementor-widget-container\">\n\t\t\t\t\t\t\t\t\t<p>Klavdij Pirih<\/p>\t\t\t\t\t\t\t\t<\/div>\n\t\t\t\t<\/div>\n\t\t\t\t<\/div>\n\t\t<div class=\"elementor-element elementor-element-56f4235 e-con-full e-flex e-con e-child\" data-id=\"56f4235\" data-element_type=\"container\" data-e-type=\"container\">\n\t\t\t\t<div class=\"elementor-element elementor-element-cbe1cd5 elementor-widget elementor-widget-image\" data-id=\"cbe1cd5\" data-element_type=\"widget\" data-e-type=\"widget\" data-widget_type=\"image.default\">\n\t\t\t\t<div class=\"elementor-widget-container\">\n\t\t\t\t\t\t\t\t\t\t\t\t\t\t\t<img decoding=\"async\" width=\"600\" height=\"800\" src=\"https:\/\/kendov-dvorec.com\/wp-content\/uploads\/images\/Frane2.jpg\" class=\"attachment-large size-large wp-image-1186\" alt=\"\" \/>\t\t\t\t\t\t\t\t\t\t\t\t\t\t\t<\/div>\n\t\t\t\t<\/div>\n\t\t\t\t<div class=\"elementor-element elementor-element-7123ee0 elementor-widget elementor-widget-text-editor\" data-id=\"7123ee0\" data-element_type=\"widget\" data-e-type=\"widget\" data-widget_type=\"text-editor.default\">\n\t\t\t\t<div class=\"elementor-widget-container\">\n\t\t\t\t\t\t\t\t\t<p>Franci Pivk<\/p>\t\t\t\t\t\t\t\t<\/div>\n\t\t\t\t<\/div>\n\t\t\t\t<\/div>\n\t\t\t\t<\/div>\n\t\t\t\t<\/div>\n\t\t\t\t\t<\/div>\n\t\t\t\t<\/div>\n\t\t<div class=\"elementor-element elementor-element-47213b7 e-flex e-con-boxed e-con e-parent\" data-id=\"47213b7\" data-element_type=\"container\" data-e-type=\"container\">\n\t\t\t\t\t<div class=\"e-con-inner\">\n\t\t\t\t<div class=\"elementor-element elementor-element-cc6c907 elementor-widget elementor-widget-heading\" data-id=\"cc6c907\" data-element_type=\"widget\" data-e-type=\"widget\" data-widget_type=\"heading.default\">\n\t\t\t\t<div class=\"elementor-widget-container\">\n\t\t\t\t\t<h2 class=\"elementor-heading-title elementor-size-default\">K\u00d6CHE<\/h2>\t\t\t\t<\/div>\n\t\t\t\t<\/div>\n\t\t\t\t<div class=\"elementor-element elementor-element-5b1190b elementor-widget elementor-widget-image\" data-id=\"5b1190b\" data-element_type=\"widget\" data-e-type=\"widget\" data-widget_type=\"image.default\">\n\t\t\t\t<div class=\"elementor-widget-container\">\n\t\t\t\t\t\t\t\t\t\t\t\t\t\t\t<img decoding=\"async\" width=\"800\" height=\"683\" src=\"https:\/\/kendov-dvorec.com\/wp-content\/uploads\/images\/kuharji.jpg\" class=\"attachment-large size-large wp-image-5086\" alt=\"\" \/>\t\t\t\t\t\t\t\t\t\t\t\t\t\t\t<\/div>\n\t\t\t\t<\/div>\n\t\t\t\t<div class=\"elementor-element elementor-element-9a27166 e-transform elementor-widget-divider--view-line elementor-widget elementor-widget-divider\" data-id=\"9a27166\" data-element_type=\"widget\" data-e-type=\"widget\" data-settings=\"{&quot;_transform_rotateZ_effect&quot;:{&quot;unit&quot;:&quot;px&quot;,&quot;size&quot;:&quot;&quot;,&quot;sizes&quot;:[]},&quot;_transform_rotateZ_effect_tablet&quot;:{&quot;unit&quot;:&quot;deg&quot;,&quot;size&quot;:&quot;&quot;,&quot;sizes&quot;:[]},&quot;_transform_rotateZ_effect_mobile&quot;:{&quot;unit&quot;:&quot;deg&quot;,&quot;size&quot;:&quot;&quot;,&quot;sizes&quot;:[]}}\" data-widget_type=\"divider.default\">\n\t\t\t\t<div class=\"elementor-widget-container\">\n\t\t\t\t\t\t\t<div class=\"elementor-divider\">\n\t\t\t<span class=\"elementor-divider-separator\">\n\t\t\t\t\t\t<\/span>\n\t\t<\/div>\n\t\t\t\t\t\t<\/div>\n\t\t\t\t<\/div>\n\t\t\t\t\t<\/div>\n\t\t\t\t<\/div>\n\t\t<div class=\"elementor-element elementor-element-94dee27 e-flex e-con-boxed e-con e-parent\" data-id=\"94dee27\" data-element_type=\"container\" data-e-type=\"container\">\n\t\t\t\t\t<div class=\"e-con-inner\">\n\t\t<div class=\"elementor-element elementor-element-4267a67 e-con-full e-flex e-con e-child\" data-id=\"4267a67\" data-element_type=\"container\" data-e-type=\"container\">\n\t\t\t\t<div class=\"elementor-element elementor-element-315b2dc elementor-widget elementor-widget-image\" data-id=\"315b2dc\" data-element_type=\"widget\" data-e-type=\"widget\" data-widget_type=\"image.default\">\n\t\t\t\t<div class=\"elementor-widget-container\">\n\t\t\t\t\t\t\t\t\t\t\t\t\t\t\t<img loading=\"lazy\" decoding=\"async\" width=\"800\" height=\"534\" src=\"https:\/\/kendov-dvorec.com\/wp-content\/uploads\/images\/kendov_dvorec_dobavitelji.jpg\" class=\"attachment-large size-large wp-image-4996\" alt=\"\" \/>\t\t\t\t\t\t\t\t\t\t\t\t\t\t\t<\/div>\n\t\t\t\t<\/div>\n\t\t\t\t<\/div>\n\t\t<div class=\"elementor-element elementor-element-cd958e3 e-con-full e-flex e-con e-child\" data-id=\"cd958e3\" data-element_type=\"container\" data-e-type=\"container\">\n\t\t\t\t<div class=\"elementor-element elementor-element-de4dcb4 elementor-widget elementor-widget-heading\" data-id=\"de4dcb4\" data-element_type=\"widget\" data-e-type=\"widget\" data-widget_type=\"heading.default\">\n\t\t\t\t<div class=\"elementor-widget-container\">\n\t\t\t\t\t<h1 class=\"elementor-heading-title elementor-size-default\">Aus der Natur<\/h1>\t\t\t\t<\/div>\n\t\t\t\t<\/div>\n\t\t\t\t<div class=\"elementor-element elementor-element-9d59c07 elementor-widget elementor-widget-heading\" data-id=\"9d59c07\" data-element_type=\"widget\" data-e-type=\"widget\" data-widget_type=\"heading.default\">\n\t\t\t\t<div class=\"elementor-widget-container\">\n\t\t\t\t\t<h3 class=\"elementor-heading-title elementor-size-default\">Frisches aus der nahen Umgebung.<\/h3>\t\t\t\t<\/div>\n\t\t\t\t<\/div>\n\t\t\t\t<div class=\"elementor-element elementor-element-55ff47e elementor-widget elementor-widget-text-editor\" data-id=\"55ff47e\" data-element_type=\"widget\" data-e-type=\"widget\" data-widget_type=\"text-editor.default\">\n\t\t\t\t<div class=\"elementor-widget-container\">\n\t\t\t\t\t\t\t\t\t<p style=\"text-align: left;\">Die meisten Zutaten f\u00fcr die Speisen aus unserer K\u00fcche stammen aus der nahen Umgebung. Kartoffeln, rote Bete, Kohl, R\u00fcben, Wirsing und Karotten wachsen in G\u00e4rten im nahe gelegenen Bergdorf Ledine. Frischer Topfen stammt aus dem Poljane-Tal, das Fleisch f\u00fcr Wildgerichte, Lamm und junges Rind aus der Gegend von Idrija und Cerkno, die Forellen aus dem Fluss Trebu\u0161\u010dica. Die \u00c4pfel f\u00fcr den hausgemachten Strudel werden im Garten vor dem Kendov dvorec gesammelt. Wir bieten unseren G\u00e4sten das Beste, was uns die nahe Natur bietet.    <\/p>\t\t\t\t\t\t\t\t<\/div>\n\t\t\t\t<\/div>\n\t\t\t\t<\/div>\n\t\t\t\t\t<\/div>\n\t\t\t\t<\/div>\n\t\t<div class=\"elementor-element elementor-element-ace8cc4 e-flex e-con-boxed e-con e-parent\" data-id=\"ace8cc4\" data-element_type=\"container\" data-e-type=\"container\">\n\t\t\t\t\t<div class=\"e-con-inner\">\n\t\t\t\t<div class=\"elementor-element elementor-element-9d6f5b2 e-transform elementor-widget-divider--view-line elementor-widget elementor-widget-divider\" data-id=\"9d6f5b2\" data-element_type=\"widget\" data-e-type=\"widget\" data-settings=\"{&quot;_transform_rotateZ_effect&quot;:{&quot;unit&quot;:&quot;px&quot;,&quot;size&quot;:&quot;&quot;,&quot;sizes&quot;:[]},&quot;_transform_rotateZ_effect_tablet&quot;:{&quot;unit&quot;:&quot;deg&quot;,&quot;size&quot;:&quot;&quot;,&quot;sizes&quot;:[]},&quot;_transform_rotateZ_effect_mobile&quot;:{&quot;unit&quot;:&quot;deg&quot;,&quot;size&quot;:&quot;&quot;,&quot;sizes&quot;:[]}}\" data-widget_type=\"divider.default\">\n\t\t\t\t<div class=\"elementor-widget-container\">\n\t\t\t\t\t\t\t<div class=\"elementor-divider\">\n\t\t\t<span class=\"elementor-divider-separator\">\n\t\t\t\t\t\t<\/span>\n\t\t<\/div>\n\t\t\t\t\t\t<\/div>\n\t\t\t\t<\/div>\n\t\t\t\t\t<\/div>\n\t\t\t\t<\/div>\n\t\t<div class=\"elementor-element elementor-element-350b50a e-flex e-con-boxed e-con e-parent\" data-id=\"350b50a\" data-element_type=\"container\" data-e-type=\"container\">\n\t\t\t\t\t<div class=\"e-con-inner\">\n\t\t<div class=\"elementor-element elementor-element-101aff1 e-con-full e-flex e-con e-child\" data-id=\"101aff1\" data-element_type=\"container\" data-e-type=\"container\">\n\t\t\t\t<div class=\"elementor-element elementor-element-69273b4 elementor-widget elementor-widget-heading\" data-id=\"69273b4\" data-element_type=\"widget\" data-e-type=\"widget\" data-widget_type=\"heading.default\">\n\t\t\t\t<div class=\"elementor-widget-container\">\n\t\t\t\t\t<h1 class=\"elementor-heading-title elementor-size-default\">Erlesene Weine<\/h1>\t\t\t\t<\/div>\n\t\t\t\t<\/div>\n\t\t\t\t<div class=\"elementor-element elementor-element-847561f elementor-widget elementor-widget-heading\" data-id=\"847561f\" data-element_type=\"widget\" data-e-type=\"widget\" data-widget_type=\"heading.default\">\n\t\t\t\t<div class=\"elementor-widget-container\">\n\t\t\t\t\t<h3 class=\"elementor-heading-title elementor-size-default\">Nat\u00fcrlich mit nat\u00fcrlich,\nausgezeichnet mit ausgezeichnet.<\/h3>\t\t\t\t<\/div>\n\t\t\t\t<\/div>\n\t\t\t\t<div class=\"elementor-element elementor-element-ccc132d elementor-widget elementor-widget-text-editor\" data-id=\"ccc132d\" data-element_type=\"widget\" data-e-type=\"widget\" data-widget_type=\"text-editor.default\">\n\t\t\t\t<div class=\"elementor-widget-container\">\n\t\t\t\t\t\t\t\t\t<p style=\"text-align: left;\">Im Kendo Manor wird sehr darauf geachtet, dass die Spezialit\u00e4ten des Hauses hervorragend schmecken und von den feinen Weinen der Primorska-Winzer perfekt erg\u00e4nzt werden.<\/p><p>Mehr lesen&gt;&gt;<\/p>\t\t\t\t\t\t\t\t<\/div>\n\t\t\t\t<\/div>\n\t\t\t\t<\/div>\n\t\t<div class=\"elementor-element elementor-element-114b226 e-con-full e-flex e-con e-child\" data-id=\"114b226\" data-element_type=\"container\" data-e-type=\"container\">\n\t\t\t\t<div class=\"elementor-element elementor-element-782adc5 elementor-widget elementor-widget-image\" data-id=\"782adc5\" data-element_type=\"widget\" data-e-type=\"widget\" data-widget_type=\"image.default\">\n\t\t\t\t<div class=\"elementor-widget-container\">\n\t\t\t\t\t\t\t\t\t\t\t\t\t\t\t<img loading=\"lazy\" decoding=\"async\" width=\"800\" height=\"453\" src=\"https:\/\/kendov-dvorec.com\/wp-content\/uploads\/images\/Kendov-dvorec-wine-tasting2.jpg\" class=\"attachment-large size-large wp-image-1791\" alt=\"\" \/>\t\t\t\t\t\t\t\t\t\t\t\t\t\t\t<\/div>\n\t\t\t\t<\/div>\n\t\t\t\t<\/div>\n\t\t\t\t\t<\/div>\n\t\t\t\t<\/div>\n\t\t\t\t<\/div>\n\t\t","protected":false},"excerpt":{"rendered":"<p>KULINARIKA KENDAS K\u00dcCHE Kendas K\u00fcche ist Poesie \u2013 originell und raffiniert bescheiden. In der K\u00fcche des Kendov dvorec werden Speisen nach bew\u00e4hrten altehrw\u00fcrdigen Rezepten zubereitet, aus frischen Zutaten, die die nahe Umgebung bietet. Die Men\u00fcs des Hauses \u00e4ndern sich deshalb je nach Jahreszeit. \u017dlikrofi, Bakalca, Bati, \u0160truklji, die Besonderheiten der wiederentdeckten K\u00fcche von Idrija spiegeln [&hellip;]<\/p>\n","protected":false},"author":1,"featured_media":2326,"parent":0,"menu_order":4,"comment_status":"closed","ping_status":"closed","template":"","meta":{"footnotes":""},"class_list":["post-27354","page","type-page","status-publish","has-post-thumbnail","hentry"],"_links":{"self":[{"href":"https:\/\/kendov-dvorec.com\/de\/wp-json\/wp\/v2\/pages\/27354","targetHints":{"allow":["GET"]}}],"collection":[{"href":"https:\/\/kendov-dvorec.com\/de\/wp-json\/wp\/v2\/pages"}],"about":[{"href":"https:\/\/kendov-dvorec.com\/de\/wp-json\/wp\/v2\/types\/page"}],"author":[{"embeddable":true,"href":"https:\/\/kendov-dvorec.com\/de\/wp-json\/wp\/v2\/users\/1"}],"replies":[{"embeddable":true,"href":"https:\/\/kendov-dvorec.com\/de\/wp-json\/wp\/v2\/comments?post=27354"}],"version-history":[{"count":3,"href":"https:\/\/kendov-dvorec.com\/de\/wp-json\/wp\/v2\/pages\/27354\/revisions"}],"predecessor-version":[{"id":27375,"href":"https:\/\/kendov-dvorec.com\/de\/wp-json\/wp\/v2\/pages\/27354\/revisions\/27375"}],"wp:featuredmedia":[{"embeddable":true,"href":"https:\/\/kendov-dvorec.com\/de\/wp-json\/wp\/v2\/media\/2326"}],"wp:attachment":[{"href":"https:\/\/kendov-dvorec.com\/de\/wp-json\/wp\/v2\/media?parent=27354"}],"curies":[{"name":"wp","href":"https:\/\/api.w.org\/{rel}","templated":true}]}}