{"id":26766,"date":"2017-09-14T17:19:46","date_gmt":"2017-09-14T16:19:46","guid":{"rendered":"https:\/\/kendov-dvorec.com\/experiences\/bike-tours\/"},"modified":"2026-01-06T11:47:29","modified_gmt":"2026-01-06T11:47:29","slug":"bike-tours","status":"publish","type":"page","link":"https:\/\/kendov-dvorec.com\/en\/experiences\/bike-tours\/","title":{"rendered":"Bike tours"},"content":{"rendered":"\t\t<div data-elementor-type=\"wp-page\" data-elementor-id=\"26766\" class=\"elementor elementor-26766 elementor-5830\" data-elementor-post-type=\"page\">\n\t\t\t\t<div class=\"elementor-element elementor-element-6a949ee e-flex e-con-boxed e-con e-parent\" data-id=\"6a949ee\" data-element_type=\"container\" data-e-type=\"container\" data-settings=\"{&quot;background_background&quot;:&quot;classic&quot;}\">\n\t\t\t\t\t<div class=\"e-con-inner\">\n\t\t\t\t\t<\/div>\n\t\t\t\t<\/div>\n\t\t<div class=\"elementor-element elementor-element-c32ceea e-flex e-con-boxed e-con e-parent\" data-id=\"c32ceea\" data-element_type=\"container\" data-e-type=\"container\">\n\t\t\t\t\t<div class=\"e-con-inner\">\n\t\t<div class=\"elementor-element elementor-element-84a0a06 e-con-full e-flex e-con e-child\" data-id=\"84a0a06\" data-element_type=\"container\" data-e-type=\"container\">\n\t\t\t\t<div class=\"elementor-element elementor-element-3ebbe6f elementor-widget elementor-widget-heading\" data-id=\"3ebbe6f\" data-element_type=\"widget\" data-e-type=\"widget\" data-widget_type=\"heading.default\">\n\t\t\t\t<div class=\"elementor-widget-container\">\n\t\t\t\t\t<h1 class=\"elementor-heading-title elementor-size-default\">EXPERIENCES<\/h1>\t\t\t\t<\/div>\n\t\t\t\t<\/div>\n\t\t\t\t<div class=\"elementor-element elementor-element-1a9e8f4 elementor-widget elementor-widget-heading\" data-id=\"1a9e8f4\" data-element_type=\"widget\" data-e-type=\"widget\" data-widget_type=\"heading.default\">\n\t\t\t\t<div class=\"elementor-widget-container\">\n\t\t\t\t\t<h1 class=\"elementor-heading-title elementor-size-default\">BIKE TOURS<\/h1>\t\t\t\t<\/div>\n\t\t\t\t<\/div>\n\t\t\t\t<div class=\"elementor-element elementor-element-6a961c9 elementor-widget elementor-widget-heading\" data-id=\"6a961c9\" data-element_type=\"widget\" data-e-type=\"widget\" data-widget_type=\"heading.default\">\n\t\t\t\t<div class=\"elementor-widget-container\">\n\t\t\t\t\t<h2 class=\"elementor-heading-title elementor-size-default\">Embark on new adventures!<\/h2>\t\t\t\t<\/div>\n\t\t\t\t<\/div>\n\t\t\t\t<div class=\"elementor-element elementor-element-ff91eb1 elementor-widget elementor-widget-text-editor\" data-id=\"ff91eb1\" data-element_type=\"widget\" data-e-type=\"widget\" data-widget_type=\"text-editor.default\">\n\t\t\t\t<div class=\"elementor-widget-container\">\n\t\t\t\t\t\t\t\t\t<p>Spend the day in the fresh air, discovering the beautiful landscape and historical and cultural points of interest. Kendov Dvorec offers the possibility of renting an electric bike that will allow you to easily cope even with the steeper paths around the surrounding hills. <\/p><p>The price of renting an electric bicycle is <strong>\u20ac45\/person\/day<\/strong> and includes the bike and protective gear. We will confirm the booking of the bicycle prior to your arrival.   <\/p>\t\t\t\t\t\t\t\t<\/div>\n\t\t\t\t<\/div>\n\t\t\t\t<\/div>\n\t\t<div class=\"elementor-element elementor-element-5517574 e-con-full e-flex e-con e-child\" data-id=\"5517574\" data-element_type=\"container\" data-e-type=\"container\">\n\t\t\t\t<div class=\"elementor-element elementor-element-ec2b6cb elementor-widget elementor-widget-image\" data-id=\"ec2b6cb\" data-element_type=\"widget\" data-e-type=\"widget\" data-widget_type=\"image.default\">\n\t\t\t\t<div class=\"elementor-widget-container\">\n\t\t\t\t\t\t\t\t\t\t\t\t\t\t\t<img fetchpriority=\"high\" decoding=\"async\" width=\"800\" height=\"534\" src=\"https:\/\/kendov-dvorec.com\/wp-content\/uploads\/2025\/09\/kolo-scott2.jpeg\" class=\"attachment-large size-large wp-image-24351\" alt=\"\" srcset=\"https:\/\/kendov-dvorec.com\/wp-content\/uploads\/2025\/09\/kolo-scott2.jpeg 1024w, https:\/\/kendov-dvorec.com\/wp-content\/uploads\/2025\/09\/kolo-scott2-300x200.jpeg 300w, https:\/\/kendov-dvorec.com\/wp-content\/uploads\/2025\/09\/kolo-scott2-768x512.jpeg 768w\" sizes=\"(max-width: 800px) 100vw, 800px\" \/>\t\t\t\t\t\t\t\t\t\t\t\t\t\t\t<\/div>\n\t\t\t\t<\/div>\n\t\t\t\t<\/div>\n\t\t\t\t\t<\/div>\n\t\t\t\t<\/div>\n\t\t<div class=\"elementor-element elementor-element-f734a30 e-flex e-con-boxed e-con e-parent\" data-id=\"f734a30\" data-element_type=\"container\" data-e-type=\"container\" data-settings=\"{&quot;background_background&quot;:&quot;classic&quot;}\">\n\t\t\t\t\t<div class=\"e-con-inner\">\n\t\t\t\t<div class=\"elementor-element elementor-element-8d948ea elementor-widget elementor-widget-heading\" data-id=\"8d948ea\" data-element_type=\"widget\" data-e-type=\"widget\" data-widget_type=\"heading.default\">\n\t\t\t\t<div class=\"elementor-widget-container\">\n\t\t\t\t\t<h2 class=\"elementor-heading-title elementor-size-default\">Top places to visit<\/h2>\t\t\t\t<\/div>\n\t\t\t\t<\/div>\n\t\t<div class=\"elementor-element elementor-element-132560d e-con-full e-flex e-con e-child\" data-id=\"132560d\" data-element_type=\"container\" data-e-type=\"container\">\n\t\t<div class=\"elementor-element elementor-element-3af7c54 e-con-full e-flex e-con e-child\" data-id=\"3af7c54\" data-element_type=\"container\" data-e-type=\"container\">\n\t\t\t\t<div class=\"elementor-element elementor-element-7aae82a elementor-widget elementor-widget-image\" data-id=\"7aae82a\" data-element_type=\"widget\" data-e-type=\"widget\" data-widget_type=\"image.default\">\n\t\t\t\t<div class=\"elementor-widget-container\">\n\t\t\t\t\t\t\t\t\t\t\t\t\t\t\t<img decoding=\"async\" width=\"800\" height=\"453\" src=\"https:\/\/kendov-dvorec.com\/wp-content\/uploads\/2025\/09\/Kendov-dvorec-wild-lake.jpg\" class=\"attachment-large size-large wp-image-24372\" alt=\"\" srcset=\"https:\/\/kendov-dvorec.com\/wp-content\/uploads\/2025\/09\/Kendov-dvorec-wild-lake.jpg 900w, https:\/\/kendov-dvorec.com\/wp-content\/uploads\/2025\/09\/Kendov-dvorec-wild-lake-300x170.jpg 300w, https:\/\/kendov-dvorec.com\/wp-content\/uploads\/2025\/09\/Kendov-dvorec-wild-lake-768x435.jpg 768w\" sizes=\"(max-width: 800px) 100vw, 800px\" \/>\t\t\t\t\t\t\t\t\t\t\t\t\t\t\t<\/div>\n\t\t\t\t<\/div>\n\t\t\t\t<div class=\"elementor-element elementor-element-d44f572 elementor-widget elementor-widget-text-editor\" data-id=\"d44f572\" data-element_type=\"widget\" data-e-type=\"widget\" data-widget_type=\"text-editor.default\">\n\t\t\t\t<div class=\"elementor-widget-container\">\n\t\t\t\t\t\t\t\t\t<p><strong>NEED REFRESHMENT?<\/strong><br>Visit the popular natural bathing beach in Idrijska Bela. As the temperature of the water is quite low even in summer, you will need some courage to go swimming, but the natural environment at the confluence of Idrijca and Belca will surely enchant you. Do not miss the famous Divje jezero (Wild Lake, on the photo) along the way.  <\/p><p><em>Kendov Dvorec \u2013 Divje jezero \u2013 bathing beach in Idrijska Bela \u2013 Kendov Dvorec<br><\/em><\/p><p><em>Length: <strong>26 km<\/strong><br>Altitude difference: <strong>106 m<\/strong><\/em> <\/p>\t\t\t\t\t\t\t\t<\/div>\n\t\t\t\t<\/div>\n\t\t\t\t<\/div>\n\t\t<div class=\"elementor-element elementor-element-4e5b19c e-con-full e-flex e-con e-child\" data-id=\"4e5b19c\" data-element_type=\"container\" data-e-type=\"container\">\n\t\t\t\t<div class=\"elementor-element elementor-element-18b0f70 elementor-widget elementor-widget-image\" data-id=\"18b0f70\" data-element_type=\"widget\" data-e-type=\"widget\" data-widget_type=\"image.default\">\n\t\t\t\t<div class=\"elementor-widget-container\">\n\t\t\t\t\t\t\t\t\t\t\t\t\t\t\t<img decoding=\"async\" width=\"800\" height=\"453\" src=\"https:\/\/kendov-dvorec.com\/wp-content\/uploads\/2025\/09\/Kendov-Dvorec_sturmajce.jpg\" class=\"attachment-large size-large wp-image-24367\" alt=\"\" srcset=\"https:\/\/kendov-dvorec.com\/wp-content\/uploads\/2025\/09\/Kendov-Dvorec_sturmajce.jpg 900w, https:\/\/kendov-dvorec.com\/wp-content\/uploads\/2025\/09\/Kendov-Dvorec_sturmajce-300x170.jpg 300w, https:\/\/kendov-dvorec.com\/wp-content\/uploads\/2025\/09\/Kendov-Dvorec_sturmajce-768x435.jpg 768w\" sizes=\"(max-width: 800px) 100vw, 800px\" \/>\t\t\t\t\t\t\t\t\t\t\t\t\t\t\t<\/div>\n\t\t\t\t<\/div>\n\t\t\t\t<div class=\"elementor-element elementor-element-fcfb595 elementor-widget elementor-widget-text-editor\" data-id=\"fcfb595\" data-element_type=\"widget\" data-e-type=\"widget\" data-widget_type=\"text-editor.default\">\n\t\t\t\t<div class=\"elementor-widget-container\">\n\t\t\t\t\t\t\t\t\t<p><strong>TO OBLAKOV VRH TO ENJOY THE VIEW<\/strong><br>Embark on a tour to \u201cKanomeljske klav\u017ee\u201d, water locks built at the time of Napoleon\u2019s Illyrian provinces, as indicated by the inscription carved into a stone slab. Return to the valley of Kanomlja and continue to Oblakov vrh, where you can enjoy amazing views if the weather is clear. <\/p><p><em>Kendov dvorec \u2013 Kanomeljske klav\u017ee \u2013 Oblakov vrh \u2013 Kendov dvorec<\/em><\/p><p><em>Length: <strong>35 km<\/strong><br>Altitude difference: <strong>371 m<\/strong> <\/em><\/p>\t\t\t\t\t\t\t\t<\/div>\n\t\t\t\t<\/div>\n\t\t\t\t<\/div>\n\t\t<div class=\"elementor-element elementor-element-28fbcd9 e-con-full e-flex e-con e-child\" data-id=\"28fbcd9\" data-element_type=\"container\" data-e-type=\"container\">\n\t\t\t\t<div class=\"elementor-element elementor-element-16827b8 elementor-widget elementor-widget-image\" data-id=\"16827b8\" data-element_type=\"widget\" data-e-type=\"widget\" data-widget_type=\"image.default\">\n\t\t\t\t<div class=\"elementor-widget-container\">\n\t\t\t\t\t\t\t\t\t\t\t\t\t\t\t<img loading=\"lazy\" decoding=\"async\" width=\"800\" height=\"450\" src=\"https:\/\/kendov-dvorec.com\/wp-content\/uploads\/2025\/09\/Kendov-dvorec-idrijca.jpg\" class=\"attachment-large size-large wp-image-24362\" alt=\"\" srcset=\"https:\/\/kendov-dvorec.com\/wp-content\/uploads\/2025\/09\/Kendov-dvorec-idrijca.jpg 900w, https:\/\/kendov-dvorec.com\/wp-content\/uploads\/2025\/09\/Kendov-dvorec-idrijca-300x169.jpg 300w, https:\/\/kendov-dvorec.com\/wp-content\/uploads\/2025\/09\/Kendov-dvorec-idrijca-768x432.jpg 768w\" sizes=\"(max-width: 800px) 100vw, 800px\" \/>\t\t\t\t\t\t\t\t\t\t\t\t\t\t\t<\/div>\n\t\t\t\t<\/div>\n\t\t\t\t<div class=\"elementor-element elementor-element-feeb3b8 elementor-widget elementor-widget-text-editor\" data-id=\"feeb3b8\" data-element_type=\"widget\" data-e-type=\"widget\" data-widget_type=\"text-editor.default\">\n\t\t\t\t<div class=\"elementor-widget-container\">\n\t\t\t\t\t\t\t\t\t<p><strong>INTO THE HEART OF A LANDSCAPE PARK<\/strong><br>Take one of the most attractive bike tours in the Idrija region. Follow the upper part of the Idrijca, climb over Krekov\u0161e and past the hunting lodge, and then descend into the Belca valley, where you will be rewarded with a view of Putrih\u2019s and Brus\u2019s \u201cklav\u017ee\u201d, mighty water locks once used for floating wood. <\/p><p><em>Kendov Dvorec \u2013 Divje jezero \u2013 Idrijska Bela \u2013 Krekov\u0161e \u2013 Putrihove klav\u017ee \u2013 Brusove klav\u017ee \u2013 Kendov Dvorec<\/em><\/p><p><em>Length: <strong>41 km<\/strong><br>Altitude difference: <strong>376 m<\/strong> <\/em><\/p>\t\t\t\t\t\t\t\t<\/div>\n\t\t\t\t<\/div>\n\t\t\t\t<\/div>\n\t\t\t\t<\/div>\n\t\t\t\t\t<\/div>\n\t\t\t\t<\/div>\n\t\t<div class=\"elementor-element elementor-element-916605a e-flex e-con-boxed e-con e-parent\" data-id=\"916605a\" data-element_type=\"container\" data-e-type=\"container\">\n\t\t\t\t\t<div class=\"e-con-inner\">\n\t\t<div class=\"elementor-element elementor-element-34e4026 e-con-full e-flex e-con e-child\" data-id=\"34e4026\" data-element_type=\"container\" data-e-type=\"container\">\n\t\t\t\t<div class=\"elementor-element elementor-element-6ad4819 elementor-widget elementor-widget-heading\" data-id=\"6ad4819\" data-element_type=\"widget\" data-e-type=\"widget\" data-widget_type=\"heading.default\">\n\t\t\t\t<div class=\"elementor-widget-container\">\n\t\t\t\t\t<h1 class=\"elementor-heading-title elementor-size-default\">A DAY IN NATURE<\/h1>\t\t\t\t<\/div>\n\t\t\t\t<\/div>\n\t\t\t\t<div class=\"elementor-element elementor-element-36bd14d elementor-widget elementor-widget-heading\" data-id=\"36bd14d\" data-element_type=\"widget\" data-e-type=\"widget\" data-widget_type=\"heading.default\">\n\t\t\t\t<div class=\"elementor-widget-container\">\n\t\t\t\t\t<h1 class=\"elementor-heading-title elementor-size-default\">ZGORNJA IDRIJCA NATURAL PARK<\/h1>\t\t\t\t<\/div>\n\t\t\t\t<\/div>\n\t\t\t\t<div class=\"elementor-element elementor-element-2b82e8e elementor-widget elementor-widget-heading\" data-id=\"2b82e8e\" data-element_type=\"widget\" data-e-type=\"widget\" data-widget_type=\"heading.default\">\n\t\t\t\t<div class=\"elementor-widget-container\">\n\t\t\t\t\t<h2 class=\"elementor-heading-title elementor-size-default\">You will be overwhelmed by the beauty of nature along the picturesque footpaths to the water springs.<\/h2>\t\t\t\t<\/div>\n\t\t\t\t<\/div>\n\t\t\t\t<div class=\"elementor-element elementor-element-664e6ef elementor-widget elementor-widget-text-editor\" data-id=\"664e6ef\" data-element_type=\"widget\" data-e-type=\"widget\" data-widget_type=\"text-editor.default\">\n\t\t\t\t<div class=\"elementor-widget-container\">\n\t\t\t\t\t\t\t\t\t<p>Visit the unique <strong>Divje jezero<\/strong> (\u2018Wild Lake\u2019), enclosed by steep precipice rocks. The emerald water is usually still but after heavy rainfall, the underground karst spring spews out large quantities of water, which is why the lake was named wild. <\/p><p>The lake is home to <strong>trout <\/strong>and the cave system to the famous <strong>\u2018human fish\u2019<\/strong> (Proteus anguinus). The surroundings of the lake are known for an exceptional diversity of flora. There are several endemic plants, with the most outstanding <strong>Carniolan primrose<\/strong> (Primula carniolica). Only 50 metres long the <strong>Jezernica <\/strong>river, which is the shortest Slovenian river, flows out from the Divje jezero lake.   <\/p><p>The road passing by the lake leads to the heart of the Natural Park where you can admire the beauty of the pools of the <strong>Idrijca <\/strong>and <strong>Belca <\/strong>rivers. In summer, they are a popular refreshment spot.<\/p><p>At the confluence of the two rivers, you can take the left road, along the Belca river, or the right one along the Idrijca river, until you reach the famous water barrages, called <strong>klav\u017ee<\/strong>.<\/p><p>The area is also known by its geological diversity and is rich with <strong>fossils<\/strong>.<br> <\/p>\t\t\t\t\t\t\t\t<\/div>\n\t\t\t\t<\/div>\n\t\t\t\t<\/div>\n\t\t<div class=\"elementor-element elementor-element-be85397 e-con-full e-flex e-con e-child\" data-id=\"be85397\" data-element_type=\"container\" data-e-type=\"container\">\n\t\t\t\t<div class=\"elementor-element elementor-element-e14dcd6 elementor-widget elementor-widget-image\" data-id=\"e14dcd6\" data-element_type=\"widget\" data-e-type=\"widget\" data-widget_type=\"image.default\">\n\t\t\t\t<div class=\"elementor-widget-container\">\n\t\t\t\t\t\t\t\t\t\t\t\t\t\t\t<img loading=\"lazy\" decoding=\"async\" width=\"686\" height=\"1024\" src=\"https:\/\/kendov-dvorec.com\/wp-content\/uploads\/2025\/09\/kendov-dvorec-klavze-686x1024.jpg\" class=\"attachment-large size-large wp-image-24383\" alt=\"\" srcset=\"https:\/\/kendov-dvorec.com\/wp-content\/uploads\/2025\/09\/kendov-dvorec-klavze-686x1024.jpg 686w, https:\/\/kendov-dvorec.com\/wp-content\/uploads\/2025\/09\/kendov-dvorec-klavze-201x300.jpg 201w, https:\/\/kendov-dvorec.com\/wp-content\/uploads\/2025\/09\/kendov-dvorec-klavze-768x1147.jpg 768w, https:\/\/kendov-dvorec.com\/wp-content\/uploads\/2025\/09\/kendov-dvorec-klavze.jpg 900w\" sizes=\"(max-width: 686px) 100vw, 686px\" \/>\t\t\t\t\t\t\t\t\t\t\t\t\t\t\t<\/div>\n\t\t\t\t<\/div>\n\t\t\t\t<\/div>\n\t\t\t\t\t<\/div>\n\t\t\t\t<\/div>\n\t\t<div class=\"elementor-element elementor-element-388e647 e-flex e-con-boxed e-con e-parent\" data-id=\"388e647\" data-element_type=\"container\" data-e-type=\"container\" data-settings=\"{&quot;background_background&quot;:&quot;classic&quot;}\">\n\t\t\t\t\t<div class=\"e-con-inner\">\n\t\t<div class=\"elementor-element elementor-element-2047a05 e-con-full e-flex e-con e-child\" data-id=\"2047a05\" data-element_type=\"container\" data-e-type=\"container\">\n\t\t\t\t<div class=\"elementor-element elementor-element-215d22a elementor-widget elementor-widget-image\" data-id=\"215d22a\" data-element_type=\"widget\" data-e-type=\"widget\" data-widget_type=\"image.default\">\n\t\t\t\t<div class=\"elementor-widget-container\">\n\t\t\t\t\t\t\t\t\t\t\t\t\t\t\t<img loading=\"lazy\" decoding=\"async\" width=\"800\" height=\"800\" src=\"https:\/\/kendov-dvorec.com\/wp-content\/uploads\/2025\/09\/panorama.jpg\" class=\"attachment-large size-large wp-image-24416\" alt=\"\" srcset=\"https:\/\/kendov-dvorec.com\/wp-content\/uploads\/2025\/09\/panorama.jpg 960w, https:\/\/kendov-dvorec.com\/wp-content\/uploads\/2025\/09\/panorama-300x300.jpg 300w, https:\/\/kendov-dvorec.com\/wp-content\/uploads\/2025\/09\/panorama-150x150.jpg 150w, https:\/\/kendov-dvorec.com\/wp-content\/uploads\/2025\/09\/panorama-768x768.jpg 768w\" sizes=\"(max-width: 800px) 100vw, 800px\" \/>\t\t\t\t\t\t\t\t\t\t\t\t\t\t\t<\/div>\n\t\t\t\t<\/div>\n\t\t\t\t<\/div>\n\t\t<div class=\"elementor-element elementor-element-a485021 e-con-full e-flex e-con e-child\" data-id=\"a485021\" data-element_type=\"container\" data-e-type=\"container\">\n\t\t\t\t<div class=\"elementor-element elementor-element-a742389 elementor-widget elementor-widget-heading\" data-id=\"a742389\" data-element_type=\"widget\" data-e-type=\"widget\" data-widget_type=\"heading.default\">\n\t\t\t\t<div class=\"elementor-widget-container\">\n\t\t\t\t\t<h1 class=\"elementor-heading-title elementor-size-default\">TOUR THE PLATEAU<\/h1>\t\t\t\t<\/div>\n\t\t\t\t<\/div>\n\t\t\t\t<div class=\"elementor-element elementor-element-6b5b11a elementor-widget elementor-widget-heading\" data-id=\"6b5b11a\" data-element_type=\"widget\" data-e-type=\"widget\" data-widget_type=\"heading.default\">\n\t\t\t\t<div class=\"elementor-widget-container\">\n\t\t\t\t\t<h1 class=\"elementor-heading-title elementor-size-default\">IDRIJSKE KRNICE<\/h1>\t\t\t\t<\/div>\n\t\t\t\t<\/div>\n\t\t\t\t<div class=\"elementor-element elementor-element-5cc7a12 elementor-widget elementor-widget-heading\" data-id=\"5cc7a12\" data-element_type=\"widget\" data-e-type=\"widget\" data-widget_type=\"heading.default\">\n\t\t\t\t<div class=\"elementor-widget-container\">\n\t\t\t\t\t<h2 class=\"elementor-heading-title elementor-size-default\">Take a tour to a village on the plateau above the Kanomljica valley.<\/h2>\t\t\t\t<\/div>\n\t\t\t\t<\/div>\n\t\t\t\t<div class=\"elementor-element elementor-element-56b99ac elementor-widget elementor-widget-text-editor\" data-id=\"56b99ac\" data-element_type=\"widget\" data-e-type=\"widget\" data-widget_type=\"text-editor.default\">\n\t\t\t\t<div class=\"elementor-widget-container\">\n\t\t\t\t\t\t\t\t\t<p>The first kilometres from the Kanomlja valley to Idrijske Krnice will be quite steep as you will need to conquer more than seven hundred meters of altitude difference; but the beauty of the plateau, the softness of the hilly landscape, the view towards the 1107 m high <strong>Jelenk <\/strong>and the beautiful sunsets will pay off your efforts.<\/p><p>The farms in the picturesque village produce <strong>excellent cheese and dairy products<\/strong> from cow\u2019s milk, and organically grown herbs for <strong>herbal teas<\/strong> which you can also try by prior arrangement. The village with around 140 inhabitants has been known for their long tradition of <strong>charcoal making<\/strong> too. <\/p><p><em>Kendov Dvorec \u2013 Hi\u0161a zeli\u0161\u010d (House of Herbs) \u2013 Idrijske Krnice (farms Kenda and Na Krnicah) \u2013 Kendov Dvorec<\/em><\/p><p><em>Length: <strong>24 km<\/strong><br>Altitude difference: <strong>715 m<\/strong> <\/em><\/p>\t\t\t\t\t\t\t\t<\/div>\n\t\t\t\t<\/div>\n\t\t\t\t<\/div>\n\t\t\t\t\t<\/div>\n\t\t\t\t<\/div>\n\t\t\t\t<\/div>\n\t\t","protected":false},"excerpt":{"rendered":"<p>EXPERIENCES BIKE TOURS Embark on new adventures! Spend the day in the fresh air, discovering the beautiful landscape and historical and cultural points of interest. Kendov Dvorec offers the possibility of renting an electric bike that will allow you to easily cope even with the steeper paths around the surrounding hills. The price of renting [&hellip;]<\/p>\n","protected":false},"author":1,"featured_media":969,"parent":26675,"menu_order":9,"comment_status":"closed","ping_status":"closed","template":"elementor_header_footer","meta":{"footnotes":""},"class_list":["post-26766","page","type-page","status-publish","has-post-thumbnail","hentry"],"_links":{"self":[{"href":"https:\/\/kendov-dvorec.com\/en\/wp-json\/wp\/v2\/pages\/26766","targetHints":{"allow":["GET"]}}],"collection":[{"href":"https:\/\/kendov-dvorec.com\/en\/wp-json\/wp\/v2\/pages"}],"about":[{"href":"https:\/\/kendov-dvorec.com\/en\/wp-json\/wp\/v2\/types\/page"}],"author":[{"embeddable":true,"href":"https:\/\/kendov-dvorec.com\/en\/wp-json\/wp\/v2\/users\/1"}],"replies":[{"embeddable":true,"href":"https:\/\/kendov-dvorec.com\/en\/wp-json\/wp\/v2\/comments?post=26766"}],"version-history":[{"count":2,"href":"https:\/\/kendov-dvorec.com\/en\/wp-json\/wp\/v2\/pages\/26766\/revisions"}],"predecessor-version":[{"id":26768,"href":"https:\/\/kendov-dvorec.com\/en\/wp-json\/wp\/v2\/pages\/26766\/revisions\/26768"}],"up":[{"embeddable":true,"href":"https:\/\/kendov-dvorec.com\/en\/wp-json\/wp\/v2\/pages\/26675"}],"wp:featuredmedia":[{"embeddable":true,"href":"https:\/\/kendov-dvorec.com\/en\/wp-json\/wp\/v2\/media\/969"}],"wp:attachment":[{"href":"https:\/\/kendov-dvorec.com\/en\/wp-json\/wp\/v2\/media?parent=26766"}],"curies":[{"name":"wp","href":"https:\/\/api.w.org\/{rel}","templated":true}]}}