{"id":27183,"date":"2017-10-05T14:58:59","date_gmt":"2017-10-05T13:58:59","guid":{"rendered":"https:\/\/kendov-dvorec.com\/offers-and-packages\/praznovanje-na-kendovem-dvorcu\/"},"modified":"2026-04-09T14:16:12","modified_gmt":"2026-04-09T13:16:12","slug":"praznovanje-na-kendovem-dvorcu","status":"publish","type":"page","link":"https:\/\/kendov-dvorec.com\/en\/offers-and-packages\/praznovanje-na-kendovem-dvorcu\/","title":{"rendered":"Praznovanje na Kendovem dvorcu"},"content":{"rendered":"\t\t<div data-elementor-type=\"wp-page\" data-elementor-id=\"27183\" class=\"elementor elementor-27183 elementor-5842\" data-elementor-post-type=\"page\">\n\t\t\t\t<div class=\"elementor-element elementor-element-d069dab e-flex e-con-boxed e-con e-parent\" data-id=\"d069dab\" data-element_type=\"container\" data-e-type=\"container\" data-settings=\"{&quot;background_background&quot;:&quot;classic&quot;}\">\n\t\t\t\t\t<div class=\"e-con-inner\">\n\t\t\t\t\t<\/div>\n\t\t\t\t<\/div>\n\t\t<div class=\"elementor-element elementor-element-3cb24ed e-flex e-con-boxed e-con e-parent\" data-id=\"3cb24ed\" data-element_type=\"container\" data-e-type=\"container\">\n\t\t\t\t\t<div class=\"e-con-inner\">\n\t\t\t\t<div class=\"elementor-element elementor-element-bddc705 elementor-widget elementor-widget-heading\" data-id=\"bddc705\" data-element_type=\"widget\" data-e-type=\"widget\" data-widget_type=\"heading.default\">\n\t\t\t\t<div class=\"elementor-widget-container\">\n\t\t\t\t\t<h1 class=\"elementor-heading-title elementor-size-default\">GOURMET EXPERIENCE<\/h1>\t\t\t\t<\/div>\n\t\t\t\t<\/div>\n\t\t\t\t<div class=\"elementor-element elementor-element-3eac17d elementor-widget elementor-widget-heading\" data-id=\"3eac17d\" data-element_type=\"widget\" data-e-type=\"widget\" data-widget_type=\"heading.default\">\n\t\t\t\t<div class=\"elementor-widget-container\">\n\t\t\t\t\t<h2 class=\"elementor-heading-title elementor-size-default\">Discover original local flavours.<\/h2>\t\t\t\t<\/div>\n\t\t\t\t<\/div>\n\t\t\t\t<div class=\"elementor-element elementor-element-66e9768 elementor-widget elementor-widget-text-editor\" data-id=\"66e9768\" data-element_type=\"widget\" data-e-type=\"widget\" data-widget_type=\"text-editor.default\">\n\t\t\t\t<div class=\"elementor-widget-container\">\n\t\t\t\t\t\t\t\t\t<p><span data-contrast=\"auto\">With over twenty years of experience in organising a wide range of events, we are delighted to assist you in creating a truly unforgettable experience.<\/span><\/p><p>We invite you to contact us for enquiries at <a href=\"mailto:info@kendov-dvorec.com\">info@kendov-dvorec.com.<\/a> You are also cordially invited to <span data-contrast=\"auto\">visit the mansion, so that we can work out the details together and prepare a tasting of the dishes that will enchant your guests. We will work with you every step of the way to ensure that your celebration is exactly what you want it to be.<\/span> <span data-ccp-props=\"{\"201341983\":0,\"335559739\":160,\"335559740\":279}\"> <\/span><\/p>\t\t\t\t\t\t\t\t<\/div>\n\t\t\t\t<\/div>\n\t\t\t\t\t<\/div>\n\t\t\t\t<\/div>\n\t\t<div class=\"elementor-element elementor-element-2965d10 e-flex e-con-boxed e-con e-parent\" data-id=\"2965d10\" data-element_type=\"container\" data-e-type=\"container\" data-settings=\"{&quot;background_background&quot;:&quot;classic&quot;}\">\n\t\t\t\t\t<div class=\"e-con-inner\">\n\t\t\t\t<div class=\"elementor-element elementor-element-db43b4d elementor-widget elementor-widget-heading\" data-id=\"db43b4d\" data-element_type=\"widget\" data-e-type=\"widget\" data-widget_type=\"heading.default\">\n\t\t\t\t<div class=\"elementor-widget-container\">\n\t\t\t\t\t<h2 class=\"elementor-heading-title elementor-size-default\">In Every Season<\/h2>\t\t\t\t<\/div>\n\t\t\t\t<\/div>\n\t\t\t\t<div class=\"elementor-element elementor-element-83b8e2d elementor-widget__width-initial elementor-widget elementor-widget-text-editor\" data-id=\"83b8e2d\" data-element_type=\"widget\" data-e-type=\"widget\" data-widget_type=\"text-editor.default\">\n\t\t\t\t<div class=\"elementor-widget-container\">\n\t\t\t\t\t\t\t\t\tA celebration at Kendov Dvorec is enchanting in every season: whether set in the grassy garden beneath a centuries-old apple tree or within our elegantly appointed rooms. The manor\u2019s idyllic setting harmoniously blends refined prestige with a sense of warm, homely comfort.  \t\t\t\t\t\t\t\t<\/div>\n\t\t\t\t<\/div>\n\t\t<div class=\"elementor-element elementor-element-db3aee5 e-con-full e-flex e-con e-child\" data-id=\"db3aee5\" data-element_type=\"container\" data-e-type=\"container\">\n\t\t<div class=\"elementor-element elementor-element-1db7ca3 e-con-full e-flex e-con e-child\" data-id=\"1db7ca3\" data-element_type=\"container\" data-e-type=\"container\">\n\t\t\t\t<div class=\"elementor-element elementor-element-f21d566 elementor-widget elementor-widget-image\" data-id=\"f21d566\" data-element_type=\"widget\" data-e-type=\"widget\" data-widget_type=\"image.default\">\n\t\t\t\t<div class=\"elementor-widget-container\">\n\t\t\t\t\t\t\t\t\t\t\t\t\t\t\t<img fetchpriority=\"high\" decoding=\"async\" width=\"800\" height=\"453\" src=\"https:\/\/kendov-dvorec.com\/wp-content\/uploads\/2026\/04\/jablane-p-1024x580.png\" class=\"attachment-large size-large wp-image-27975\" alt=\"\" srcset=\"https:\/\/kendov-dvorec.com\/wp-content\/uploads\/2026\/04\/jablane-p-1024x580.png 1024w, https:\/\/kendov-dvorec.com\/wp-content\/uploads\/2026\/04\/jablane-p-300x170.png 300w, https:\/\/kendov-dvorec.com\/wp-content\/uploads\/2026\/04\/jablane-p-768x435.png 768w, https:\/\/kendov-dvorec.com\/wp-content\/uploads\/2026\/04\/jablane-p-1536x870.png 1536w, https:\/\/kendov-dvorec.com\/wp-content\/uploads\/2026\/04\/jablane-p-2048x1161.png 2048w\" sizes=\"(max-width: 800px) 100vw, 800px\" \/>\t\t\t\t\t\t\t\t\t\t\t\t\t\t\t<\/div>\n\t\t\t\t<\/div>\n\t\t\t\t<div class=\"elementor-element elementor-element-c4dd737 elementor-widget elementor-widget-heading\" data-id=\"c4dd737\" data-element_type=\"widget\" data-e-type=\"widget\" data-widget_type=\"heading.default\">\n\t\t\t\t<div class=\"elementor-widget-container\">\n\t\t\t\t\t<h3 class=\"elementor-heading-title elementor-size-default\">Beneath Centuries-Old Apple Trees<\/h3>\t\t\t\t<\/div>\n\t\t\t\t<\/div>\n\t\t\t\t<\/div>\n\t\t<div class=\"elementor-element elementor-element-ccc01ff e-con-full e-flex e-con e-child\" data-id=\"ccc01ff\" data-element_type=\"container\" data-e-type=\"container\">\n\t\t\t\t<div class=\"elementor-element elementor-element-6fdb76c elementor-widget elementor-widget-image\" data-id=\"6fdb76c\" data-element_type=\"widget\" data-e-type=\"widget\" data-widget_type=\"image.default\">\n\t\t\t\t<div class=\"elementor-widget-container\">\n\t\t\t\t\t\t\t\t\t\t\t\t\t\t\t<img decoding=\"async\" width=\"800\" height=\"454\" src=\"https:\/\/kendov-dvorec.com\/wp-content\/uploads\/2026\/04\/kendov26-p-1024x581.png\" class=\"attachment-large size-large wp-image-27976\" alt=\"\" srcset=\"https:\/\/kendov-dvorec.com\/wp-content\/uploads\/2026\/04\/kendov26-p-1024x581.png 1024w, https:\/\/kendov-dvorec.com\/wp-content\/uploads\/2026\/04\/kendov26-p-300x170.png 300w, https:\/\/kendov-dvorec.com\/wp-content\/uploads\/2026\/04\/kendov26-p-768x436.png 768w, https:\/\/kendov-dvorec.com\/wp-content\/uploads\/2026\/04\/kendov26-p-1536x871.png 1536w, https:\/\/kendov-dvorec.com\/wp-content\/uploads\/2026\/04\/kendov26-p.png 1920w\" sizes=\"(max-width: 800px) 100vw, 800px\" \/>\t\t\t\t\t\t\t\t\t\t\t\t\t\t\t<\/div>\n\t\t\t\t<\/div>\n\t\t\t\t<div class=\"elementor-element elementor-element-f69ebee elementor-widget elementor-widget-heading\" data-id=\"f69ebee\" data-element_type=\"widget\" data-e-type=\"widget\" data-widget_type=\"heading.default\">\n\t\t\t\t<div class=\"elementor-widget-container\">\n\t\t\t\t\t<h3 class=\"elementor-heading-title elementor-size-default\">Na tlakovanem Haninem vrtu<\/h3>\t\t\t\t<\/div>\n\t\t\t\t<\/div>\n\t\t\t\t<\/div>\n\t\t<div class=\"elementor-element elementor-element-b4ad683 e-con-full e-flex e-con e-child\" data-id=\"b4ad683\" data-element_type=\"container\" data-e-type=\"container\">\n\t\t\t\t<div class=\"elementor-element elementor-element-f90a691 elementor-widget elementor-widget-image\" data-id=\"f90a691\" data-element_type=\"widget\" data-e-type=\"widget\" data-widget_type=\"image.default\">\n\t\t\t\t<div class=\"elementor-widget-container\">\n\t\t\t\t\t\t\t\t\t\t\t\t\t\t\t<img decoding=\"async\" width=\"800\" height=\"453\" src=\"https:\/\/kendov-dvorec.com\/wp-content\/uploads\/2026\/04\/jakob-p-1024x580.png\" class=\"attachment-large size-large wp-image-27977\" alt=\"\" srcset=\"https:\/\/kendov-dvorec.com\/wp-content\/uploads\/2026\/04\/jakob-p-1024x580.png 1024w, https:\/\/kendov-dvorec.com\/wp-content\/uploads\/2026\/04\/jakob-p-300x170.png 300w, https:\/\/kendov-dvorec.com\/wp-content\/uploads\/2026\/04\/jakob-p-768x435.png 768w, https:\/\/kendov-dvorec.com\/wp-content\/uploads\/2026\/04\/jakob-p-1536x870.png 1536w, https:\/\/kendov-dvorec.com\/wp-content\/uploads\/2026\/04\/jakob-p.png 1701w\" sizes=\"(max-width: 800px) 100vw, 800px\" \/>\t\t\t\t\t\t\t\t\t\t\t\t\t\t\t<\/div>\n\t\t\t\t<\/div>\n\t\t\t\t<div class=\"elementor-element elementor-element-33ba2a7 elementor-widget elementor-widget-heading\" data-id=\"33ba2a7\" data-element_type=\"widget\" data-e-type=\"widget\" data-widget_type=\"heading.default\">\n\t\t\t\t<div class=\"elementor-widget-container\">\n\t\t\t\t\t<h3 class=\"elementor-heading-title elementor-size-default\">V sve\u010dani Jakobovi sobani<\/h3>\t\t\t\t<\/div>\n\t\t\t\t<\/div>\n\t\t\t\t<\/div>\n\t\t\t\t<\/div>\n\t\t\t\t\t<\/div>\n\t\t\t\t<\/div>\n\t\t<div class=\"elementor-element elementor-element-ec25e6f e-flex e-con-boxed e-con e-parent\" data-id=\"ec25e6f\" data-element_type=\"container\" data-e-type=\"container\">\n\t\t\t\t\t<div class=\"e-con-inner\">\n\t\t\t\t<div class=\"elementor-element elementor-element-623b1f7 elementor-widget-divider--view-line elementor-widget elementor-widget-divider\" data-id=\"623b1f7\" data-element_type=\"widget\" data-e-type=\"widget\" data-widget_type=\"divider.default\">\n\t\t\t\t<div class=\"elementor-widget-container\">\n\t\t\t\t\t\t\t<div class=\"elementor-divider\">\n\t\t\t<span class=\"elementor-divider-separator\">\n\t\t\t\t\t\t<\/span>\n\t\t<\/div>\n\t\t\t\t\t\t<\/div>\n\t\t\t\t<\/div>\n\t\t\t\t\t<\/div>\n\t\t\t\t<\/div>\n\t\t<div class=\"elementor-element elementor-element-58055b6 e-flex e-con-boxed e-con e-parent\" data-id=\"58055b6\" data-element_type=\"container\" data-e-type=\"container\">\n\t\t\t\t\t<div class=\"e-con-inner\">\n\t\t<div class=\"elementor-element elementor-element-5d63050 e-con-full e-flex e-con e-child\" data-id=\"5d63050\" data-element_type=\"container\" data-e-type=\"container\">\n\t\t\t\t<div class=\"elementor-element elementor-element-faf88c3 elementor-widget elementor-widget-heading\" data-id=\"faf88c3\" data-element_type=\"widget\" data-e-type=\"widget\" data-widget_type=\"heading.default\">\n\t\t\t\t<div class=\"elementor-widget-container\">\n\t\t\t\t\t<h3 class=\"elementor-heading-title elementor-size-default\">Prazni\u010dno kosilo ali ve\u010derja<\/h3>\t\t\t\t<\/div>\n\t\t\t\t<\/div>\n\t\t\t\t<div class=\"elementor-element elementor-element-e45a3c8 elementor-widget__width-initial elementor-widget elementor-widget-text-editor\" data-id=\"e45a3c8\" data-element_type=\"widget\" data-e-type=\"widget\" data-widget_type=\"text-editor.default\">\n\t\t\t\t<div class=\"elementor-widget-container\">\n\t\t\t\t\t\t\t\t\tWe work with you to choose the dishes, wines and service to make your celebration exceptional. We prepare traditional culinary masterpieces, from starters to desserts, which can be served in a classic or banquet style.  V poletnih mesecih postre\u017eemo jedi na vrtu, polnem cveto\u010dih hortenzij, medtem ko v hladnej\u0161em delu leta prazni\u010dno okrasimo mize v Jakobovi ali Hanini sobani. \t\t\t\t\t\t\t\t<\/div>\n\t\t\t\t<\/div>\n\t\t\t\t<\/div>\n\t\t<div class=\"elementor-element elementor-element-651f54d e-con-full e-flex e-con e-child\" data-id=\"651f54d\" data-element_type=\"container\" data-e-type=\"container\">\n\t\t\t\t<div class=\"elementor-element elementor-element-026ae3c elementor-widget elementor-widget-image\" data-id=\"026ae3c\" data-element_type=\"widget\" data-e-type=\"widget\" data-widget_type=\"image.default\">\n\t\t\t\t<div class=\"elementor-widget-container\">\n\t\t\t\t\t\t\t\t\t\t\t\t\t\t\t<img loading=\"lazy\" decoding=\"async\" width=\"800\" height=\"453\" src=\"https:\/\/kendov-dvorec.com\/wp-content\/uploads\/2025\/09\/Kendov-Dvorec_hanina-sobana-1.jpg\" class=\"attachment-large size-large wp-image-25657\" alt=\"\" srcset=\"https:\/\/kendov-dvorec.com\/wp-content\/uploads\/2025\/09\/Kendov-Dvorec_hanina-sobana-1.jpg 900w, https:\/\/kendov-dvorec.com\/wp-content\/uploads\/2025\/09\/Kendov-Dvorec_hanina-sobana-1-300x170.jpg 300w, https:\/\/kendov-dvorec.com\/wp-content\/uploads\/2025\/09\/Kendov-Dvorec_hanina-sobana-1-768x435.jpg 768w\" sizes=\"(max-width: 800px) 100vw, 800px\" \/>\t\t\t\t\t\t\t\t\t\t\t\t\t\t\t<\/div>\n\t\t\t\t<\/div>\n\t\t\t\t<\/div>\n\t\t\t\t\t<\/div>\n\t\t\t\t<\/div>\n\t\t\t\t<\/div>\n\t\t","protected":false},"excerpt":{"rendered":"<p>GOURMET EXPERIENCE Discover original local flavours. With over twenty years of experience in organising a wide range of events, we are delighted to assist you in creating a truly unforgettable experience. We invite you to contact us for enquiries at info@kendov-dvorec.com. You are also cordially invited to visit the mansion, so that we can work [&hellip;]<\/p>\n","protected":false},"author":1,"featured_media":1964,"parent":26641,"menu_order":10,"comment_status":"closed","ping_status":"closed","template":"elementor_header_footer","meta":{"footnotes":""},"class_list":["post-27183","page","type-page","status-publish","has-post-thumbnail","hentry"],"_links":{"self":[{"href":"https:\/\/kendov-dvorec.com\/en\/wp-json\/wp\/v2\/pages\/27183","targetHints":{"allow":["GET"]}}],"collection":[{"href":"https:\/\/kendov-dvorec.com\/en\/wp-json\/wp\/v2\/pages"}],"about":[{"href":"https:\/\/kendov-dvorec.com\/en\/wp-json\/wp\/v2\/types\/page"}],"author":[{"embeddable":true,"href":"https:\/\/kendov-dvorec.com\/en\/wp-json\/wp\/v2\/users\/1"}],"replies":[{"embeddable":true,"href":"https:\/\/kendov-dvorec.com\/en\/wp-json\/wp\/v2\/comments?post=27183"}],"version-history":[{"count":4,"href":"https:\/\/kendov-dvorec.com\/en\/wp-json\/wp\/v2\/pages\/27183\/revisions"}],"predecessor-version":[{"id":27997,"href":"https:\/\/kendov-dvorec.com\/en\/wp-json\/wp\/v2\/pages\/27183\/revisions\/27997"}],"up":[{"embeddable":true,"href":"https:\/\/kendov-dvorec.com\/en\/wp-json\/wp\/v2\/pages\/26641"}],"wp:featuredmedia":[{"embeddable":true,"href":"https:\/\/kendov-dvorec.com\/en\/wp-json\/wp\/v2\/media\/1964"}],"wp:attachment":[{"href":"https:\/\/kendov-dvorec.com\/en\/wp-json\/wp\/v2\/media?parent=27183"}],"curies":[{"name":"wp","href":"https:\/\/api.w.org\/{rel}","templated":true}]}}