{"id":26722,"date":"2017-09-07T17:29:06","date_gmt":"2017-09-07T16:29:06","guid":{"rendered":"https:\/\/kendov-dvorec.com\/experiences\/peche-a-la-mouche\/"},"modified":"2026-04-07T08:20:18","modified_gmt":"2026-04-07T07:20:18","slug":"peche-a-la-mouche","status":"publish","type":"page","link":"https:\/\/kendov-dvorec.com\/fr\/experiences\/peche-a-la-mouche\/","title":{"rendered":"P\u00eache \u00e0 la mouche"},"content":{"rendered":"\t\t<div data-elementor-type=\"wp-page\" data-elementor-id=\"26722\" class=\"elementor elementor-26722 elementor-5829\" data-elementor-post-type=\"page\">\n\t\t\t\t<div class=\"elementor-element elementor-element-8feb181 e-flex e-con-boxed e-con e-parent\" data-id=\"8feb181\" data-element_type=\"container\" data-e-type=\"container\" data-settings=\"{&quot;background_background&quot;:&quot;classic&quot;}\">\n\t\t\t\t\t<div class=\"e-con-inner\">\n\t\t\t\t\t<\/div>\n\t\t\t\t<\/div>\n\t\t<div class=\"elementor-element elementor-element-7397da2 e-flex e-con-boxed e-con e-parent\" data-id=\"7397da2\" data-element_type=\"container\" data-e-type=\"container\">\n\t\t\t\t\t<div class=\"e-con-inner\">\n\t\t<div class=\"elementor-element elementor-element-42c6138 e-con-full e-flex e-con e-child\" data-id=\"42c6138\" data-element_type=\"container\" data-e-type=\"container\">\n\t\t\t\t<div class=\"elementor-element elementor-element-1ce0965 elementor-widget elementor-widget-heading\" data-id=\"1ce0965\" data-element_type=\"widget\" data-e-type=\"widget\" data-widget_type=\"heading.default\">\n\t\t\t\t<div class=\"elementor-widget-container\">\n\t\t\t\t\t<h1 class=\"elementor-heading-title elementor-size-default\">EXP\u00c9RIENCES<\/h1>\t\t\t\t<\/div>\n\t\t\t\t<\/div>\n\t\t\t\t<div class=\"elementor-element elementor-element-30dc62d elementor-widget elementor-widget-heading\" data-id=\"30dc62d\" data-element_type=\"widget\" data-e-type=\"widget\" data-widget_type=\"heading.default\">\n\t\t\t\t<div class=\"elementor-widget-container\">\n\t\t\t\t\t<h1 class=\"elementor-heading-title elementor-size-default\">P\u00caCHE \u00c0 LA MOUCHE<\/h1>\t\t\t\t<\/div>\n\t\t\t\t<\/div>\n\t\t\t\t<div class=\"elementor-element elementor-element-7a3304a elementor-widget elementor-widget-heading\" data-id=\"7a3304a\" data-element_type=\"widget\" data-e-type=\"widget\" data-widget_type=\"heading.default\">\n\t\t\t\t<div class=\"elementor-widget-container\">\n\t\t\t\t\t<h2 class=\"elementor-heading-title elementor-size-default\">Les rivi\u00e8res environnantes sont un v\u00e9ritable paradis pour les amateurs de p\u00eache.<\/h2>\t\t\t\t<\/div>\n\t\t\t\t<\/div>\n\t\t\t\t<div class=\"elementor-element elementor-element-57cfb7b elementor-widget elementor-widget-text-editor\" data-id=\"57cfb7b\" data-element_type=\"widget\" data-e-type=\"widget\" data-widget_type=\"text-editor.default\">\n\t\t\t\t<div class=\"elementor-widget-container\">\n\t\t\t\t\t\t\t\t\t<p>Les rivi\u00e8res cristallines d\u2019Idrijca et de Kanomljica, situ\u00e9es \u00e0 seulement quelques pas de Kendov Dvorec, attirent du printemps \u00e0 l\u2019automne, les amateurs de p\u00eache du monde entier.<\/p><p>Kendov Dvorec vous offre: <\/p>\t\t\t\t\t\t\t\t<\/div>\n\t\t\t\t<\/div>\n\t\t\t\t<div class=\"elementor-element elementor-element-b8c2b45 elementor-widget elementor-widget-text-editor\" data-id=\"b8c2b45\" data-element_type=\"widget\" data-e-type=\"widget\" data-widget_type=\"text-editor.default\">\n\t\t\t\t<div class=\"elementor-widget-container\">\n\t\t\t\t\t\t\t\t\t<p>Les permis de p\u00eache pour les zones de p\u00eache les plus proches,<br>la possibilit\u00e9 d\u2019emprunter tout l\u2019\u00e9quipement pour la p\u00eache \u00e0 la mouche,<br>des guides de p\u00eache locaux exp\u00e9riment\u00e9s. <\/p>\t\t\t\t\t\t\t\t<\/div>\n\t\t\t\t<\/div>\n\t\t\t\t<div class=\"elementor-element elementor-element-9fa7198 elementor-widget elementor-widget-text-editor\" data-id=\"9fa7198\" data-element_type=\"widget\" data-e-type=\"widget\" data-widget_type=\"text-editor.default\">\n\t\t\t\t<div class=\"elementor-widget-container\">\n\t\t\t\t\t\t\t\t\t<p>Nous vous recommandons de r\u00e9server votre location d\u2019\u00e9quipement et votre guide \u00e0 l\u2019avance par e-mail: info@kendov-dvorec.com ou par t\u00e9l\u00e9phone: +386 5 37 25 100. <\/p>\t\t\t\t\t\t\t\t<\/div>\n\t\t\t\t<\/div>\n\t\t\t\t<\/div>\n\t\t<div class=\"elementor-element elementor-element-930b71b e-con-full e-flex e-con e-child\" data-id=\"930b71b\" data-element_type=\"container\" data-e-type=\"container\">\n\t\t\t\t<div class=\"elementor-element elementor-element-986558b elementor-widget elementor-widget-image\" data-id=\"986558b\" data-element_type=\"widget\" data-e-type=\"widget\" data-widget_type=\"image.default\">\n\t\t\t\t<div class=\"elementor-widget-container\">\n\t\t\t\t\t\t\t\t\t\t\t\t\t\t\t<img fetchpriority=\"high\" decoding=\"async\" width=\"800\" height=\"800\" src=\"https:\/\/kendov-dvorec.com\/wp-content\/uploads\/2025\/09\/kendov-dvorec-idrijca-fly-fishing.jpg\" class=\"attachment-large size-large wp-image-24243\" alt=\"\" srcset=\"https:\/\/kendov-dvorec.com\/wp-content\/uploads\/2025\/09\/kendov-dvorec-idrijca-fly-fishing.jpg 900w, https:\/\/kendov-dvorec.com\/wp-content\/uploads\/2025\/09\/kendov-dvorec-idrijca-fly-fishing-300x300.jpg 300w, https:\/\/kendov-dvorec.com\/wp-content\/uploads\/2025\/09\/kendov-dvorec-idrijca-fly-fishing-150x150.jpg 150w, https:\/\/kendov-dvorec.com\/wp-content\/uploads\/2025\/09\/kendov-dvorec-idrijca-fly-fishing-768x768.jpg 768w\" sizes=\"(max-width: 800px) 100vw, 800px\" \/>\t\t\t\t\t\t\t\t\t\t\t\t\t\t\t<\/div>\n\t\t\t\t<\/div>\n\t\t\t\t<\/div>\n\t\t\t\t\t<\/div>\n\t\t\t\t<\/div>\n\t\t\t\t<\/div>\n\t\t","protected":false},"excerpt":{"rendered":"<p>EXP\u00c9RIENCES P\u00caCHE \u00c0 LA MOUCHE Les rivi\u00e8res environnantes sont un v\u00e9ritable paradis pour les amateurs de p\u00eache. Les rivi\u00e8res cristallines d\u2019Idrijca et de Kanomljica, situ\u00e9es \u00e0 seulement quelques pas de Kendov Dvorec, attirent du printemps \u00e0 l\u2019automne, les amateurs de p\u00eache du monde entier. Kendov Dvorec vous offre: Les permis de p\u00eache pour les zones [&hellip;]<\/p>\n","protected":false},"author":1,"featured_media":1840,"parent":26712,"menu_order":6,"comment_status":"closed","ping_status":"closed","template":"elementor_header_footer","meta":{"footnotes":""},"class_list":["post-26722","page","type-page","status-publish","has-post-thumbnail","hentry"],"_links":{"self":[{"href":"https:\/\/kendov-dvorec.com\/fr\/wp-json\/wp\/v2\/pages\/26722","targetHints":{"allow":["GET"]}}],"collection":[{"href":"https:\/\/kendov-dvorec.com\/fr\/wp-json\/wp\/v2\/pages"}],"about":[{"href":"https:\/\/kendov-dvorec.com\/fr\/wp-json\/wp\/v2\/types\/page"}],"author":[{"embeddable":true,"href":"https:\/\/kendov-dvorec.com\/fr\/wp-json\/wp\/v2\/users\/1"}],"replies":[{"embeddable":true,"href":"https:\/\/kendov-dvorec.com\/fr\/wp-json\/wp\/v2\/comments?post=26722"}],"version-history":[{"count":3,"href":"https:\/\/kendov-dvorec.com\/fr\/wp-json\/wp\/v2\/pages\/26722\/revisions"}],"predecessor-version":[{"id":27771,"href":"https:\/\/kendov-dvorec.com\/fr\/wp-json\/wp\/v2\/pages\/26722\/revisions\/27771"}],"up":[{"embeddable":true,"href":"https:\/\/kendov-dvorec.com\/fr\/wp-json\/wp\/v2\/pages\/26712"}],"wp:featuredmedia":[{"embeddable":true,"href":"https:\/\/kendov-dvorec.com\/fr\/wp-json\/wp\/v2\/media\/1840"}],"wp:attachment":[{"href":"https:\/\/kendov-dvorec.com\/fr\/wp-json\/wp\/v2\/media?parent=26722"}],"curies":[{"name":"wp","href":"https:\/\/api.w.org\/{rel}","templated":true}]}}