{"id":26738,"date":"2017-10-05T15:05:30","date_gmt":"2017-10-05T14:05:30","guid":{"rendered":"https:\/\/kendov-dvorec.com\/experiences\/la-dentelle-didrija\/"},"modified":"2026-04-07T08:20:24","modified_gmt":"2026-04-07T07:20:24","slug":"la-dentelle-didrija","status":"publish","type":"page","link":"https:\/\/kendov-dvorec.com\/fr\/experiences\/la-dentelle-didrija\/","title":{"rendered":"La dentelle d\u2019Idrija"},"content":{"rendered":"\t\t<div data-elementor-type=\"wp-page\" data-elementor-id=\"26738\" class=\"elementor elementor-26738 elementor-5844\" data-elementor-post-type=\"page\">\n\t\t\t\t<div class=\"elementor-element elementor-element-171c12b e-flex e-con-boxed e-con e-parent\" data-id=\"171c12b\" data-element_type=\"container\" data-e-type=\"container\" data-settings=\"{&quot;background_background&quot;:&quot;classic&quot;}\">\n\t\t\t\t\t<div class=\"e-con-inner\">\n\t\t\t\t\t<\/div>\n\t\t\t\t<\/div>\n\t\t<div class=\"elementor-element elementor-element-ffd3ca4 e-flex e-con-boxed e-con e-parent\" data-id=\"ffd3ca4\" data-element_type=\"container\" data-e-type=\"container\">\n\t\t\t\t\t<div class=\"e-con-inner\">\n\t\t<div class=\"elementor-element elementor-element-e2dabda e-con-full e-flex e-con e-child\" data-id=\"e2dabda\" data-element_type=\"container\" data-e-type=\"container\">\n\t\t\t\t<div class=\"elementor-element elementor-element-2382207 elementor-widget elementor-widget-heading\" data-id=\"2382207\" data-element_type=\"widget\" data-e-type=\"widget\" data-widget_type=\"heading.default\">\n\t\t\t\t<div class=\"elementor-widget-container\">\n\t\t\t\t\t<h1 class=\"elementor-heading-title elementor-size-default\">EXP\u00c9RIENCES<\/h1>\t\t\t\t<\/div>\n\t\t\t\t<\/div>\n\t\t\t\t<div class=\"elementor-element elementor-element-2eb837d elementor-widget elementor-widget-heading\" data-id=\"2eb837d\" data-element_type=\"widget\" data-e-type=\"widget\" data-widget_type=\"heading.default\">\n\t\t\t\t<div class=\"elementor-widget-container\">\n\t\t\t\t\t<h1 class=\"elementor-heading-title elementor-size-default\">LA DENTELLE D\u2019IDRIJA<\/h1>\t\t\t\t<\/div>\n\t\t\t\t<\/div>\n\t\t\t\t<div class=\"elementor-element elementor-element-a3bd095 elementor-widget elementor-widget-heading\" data-id=\"a3bd095\" data-element_type=\"widget\" data-e-type=\"widget\" data-widget_type=\"heading.default\">\n\t\t\t\t<div class=\"elementor-widget-container\">\n\t\t\t\t\t<h2 class=\"elementor-heading-title elementor-size-default\">D\u00e9couvrez la beaut\u00e9 de la dentelle aux fuseaux.<\/h2>\t\t\t\t<\/div>\n\t\t\t\t<\/div>\n\t\t\t\t<div class=\"elementor-element elementor-element-798701e elementor-widget elementor-widget-text-editor\" data-id=\"798701e\" data-element_type=\"widget\" data-e-type=\"widget\" data-widget_type=\"text-editor.default\">\n\t\t\t\t<div class=\"elementor-widget-container\">\n\t\t\t\t\t\t\t\t\t<p>Depuis plus de trois si\u00e8cles, les habiles denteli\u00e8res d\u2019Idrija travaillent avec des fils blancs comme neige, tout en transmettant leur savoir-faire de g\u00e9n\u00e9ration en g\u00e9n\u00e9ration. La dentelle \u00e9tait \u00e0 l\u2019origine con\u00e7ue pour d\u00e9corer les \u00e9glises et les v\u00eatements liturgiques, l\u2019ameublement de maisons et les v\u00eatements de riches familles paysannes. <\/p><p>En 1876, L<strong>\u2019\u00e9cole de dentelle<\/strong> a \u00e9t\u00e9 cr\u00e9\u00e9e \u00e0 Idrija. Elle est encore ouverte aujourd\u2019hui. Pendant cette p\u00e9riode, la dentelle d\u2019Idrija a acquis sa forme reconnaissable. Les femmes d\u2019Idrija, en majorit\u00e9 des femmes de mineurs, gagnaient relativement peu d\u2019argent pour leur travail, mais la dentelle \u00e9tait une source de revenu suppl\u00e9mentaire et ainsi tr\u00e8s populaire.  <\/p><p>La dentelle aux fuseaux est encore une activit\u00e9 populaire chez beaucoup de femmes et d\u2019enfants d\u2019Idrija. <\/p>\t\t\t\t\t\t\t\t<\/div>\n\t\t\t\t<\/div>\n\t\t\t\t<\/div>\n\t\t<div class=\"elementor-element elementor-element-204e09f e-con-full e-flex e-con e-child\" data-id=\"204e09f\" data-element_type=\"container\" data-e-type=\"container\">\n\t\t\t\t<div class=\"elementor-element elementor-element-529fcc1 elementor-widget elementor-widget-image\" data-id=\"529fcc1\" data-element_type=\"widget\" data-e-type=\"widget\" data-widget_type=\"image.default\">\n\t\t\t\t<div class=\"elementor-widget-container\">\n\t\t\t\t\t\t\t\t\t\t\t\t\t\t\t<img fetchpriority=\"high\" decoding=\"async\" width=\"800\" height=\"453\" src=\"https:\/\/kendov-dvorec.com\/wp-content\/uploads\/2025\/09\/Kendov_dvorec_lace_making3.jpg\" class=\"attachment-large size-large wp-image-23660\" alt=\"\" srcset=\"https:\/\/kendov-dvorec.com\/wp-content\/uploads\/2025\/09\/Kendov_dvorec_lace_making3.jpg 900w, https:\/\/kendov-dvorec.com\/wp-content\/uploads\/2025\/09\/Kendov_dvorec_lace_making3-300x170.jpg 300w, https:\/\/kendov-dvorec.com\/wp-content\/uploads\/2025\/09\/Kendov_dvorec_lace_making3-768x435.jpg 768w\" sizes=\"(max-width: 800px) 100vw, 800px\" \/>\t\t\t\t\t\t\t\t\t\t\t\t\t\t\t<\/div>\n\t\t\t\t<\/div>\n\t\t\t\t<div class=\"elementor-element elementor-element-6d1b663 elementor-widget elementor-widget-heading\" data-id=\"6d1b663\" data-element_type=\"widget\" data-e-type=\"widget\" data-widget_type=\"heading.default\">\n\t\t\t\t<div class=\"elementor-widget-container\">\n\t\t\t\t\t<h3 class=\"elementor-heading-title elementor-size-default\">Au Kendov Dvorec, nous sommes particuli\u00e8rement fiers de pr\u00e9senter et de pr\u00e9server les riches traditions culturelles de notre communaut\u00e9 locale \u2013 les traditions folkloriques, les sp\u00e9cialit\u00e9s culinaires et la dentelle d\u2019Idrija, cr\u00e9\u00e9e depuis des si\u00e8cles par les doigts agiles des denteli\u00e8res. <\/h3>\t\t\t\t<\/div>\n\t\t\t\t<\/div>\n\t\t\t\t<\/div>\n\t\t\t\t\t<\/div>\n\t\t\t\t<\/div>\n\t\t<div class=\"elementor-element elementor-element-f995442 e-flex e-con-boxed e-con e-parent\" data-id=\"f995442\" data-element_type=\"container\" data-e-type=\"container\" data-settings=\"{&quot;background_background&quot;:&quot;classic&quot;}\">\n\t\t\t\t\t<div class=\"e-con-inner\">\n\t\t\t\t<div class=\"elementor-element elementor-element-2b06f4a elementor-widget elementor-widget-heading\" data-id=\"2b06f4a\" data-element_type=\"widget\" data-e-type=\"widget\" data-widget_type=\"heading.default\">\n\t\t\t\t<div class=\"elementor-widget-container\">\n\t\t\t\t\t<h2 class=\"elementor-heading-title elementor-size-default\">Jetez un coup d\u2019\u0153il \u00e0 la dentelle d\u2019Idrija<\/h2>\t\t\t\t<\/div>\n\t\t\t\t<\/div>\n\t\t<div class=\"elementor-element elementor-element-ffb5ec5 e-con-full e-flex e-con e-child\" data-id=\"ffb5ec5\" data-element_type=\"container\" data-e-type=\"container\">\n\t\t<div class=\"elementor-element elementor-element-333847c e-con-full e-flex e-con e-child\" data-id=\"333847c\" data-element_type=\"container\" data-e-type=\"container\">\n\t\t\t\t<div class=\"elementor-element elementor-element-d3f0323 elementor-widget elementor-widget-image\" data-id=\"d3f0323\" data-element_type=\"widget\" data-e-type=\"widget\" data-widget_type=\"image.default\">\n\t\t\t\t<div class=\"elementor-widget-container\">\n\t\t\t\t\t\t\t\t\t\t\t\t\t\t\t<img decoding=\"async\" width=\"474\" height=\"269\" src=\"https:\/\/kendov-dvorec.com\/wp-content\/uploads\/2025\/09\/Kendov_dvorec_lace_school.jpg\" class=\"attachment-large size-large wp-image-24278\" alt=\"\" srcset=\"https:\/\/kendov-dvorec.com\/wp-content\/uploads\/2025\/09\/Kendov_dvorec_lace_school.jpg 474w, https:\/\/kendov-dvorec.com\/wp-content\/uploads\/2025\/09\/Kendov_dvorec_lace_school-300x170.jpg 300w\" sizes=\"(max-width: 474px) 100vw, 474px\" \/>\t\t\t\t\t\t\t\t\t\t\t\t\t\t\t<\/div>\n\t\t\t\t<\/div>\n\t\t\t\t<div class=\"elementor-element elementor-element-69c4e11 elementor-widget elementor-widget-text-editor\" data-id=\"69c4e11\" data-element_type=\"widget\" data-e-type=\"widget\" data-widget_type=\"text-editor.default\">\n\t\t\t\t<div class=\"elementor-widget-container\">\n\t\t\t\t\t\t\t\t\t<p>\u00c9COLE DE DENTELLE D\u2019IDRIJA<br>Jetez un coup d\u2019\u0153il aux chefs-d\u2019\u0153uvre de la dentelle r\u00e9alis\u00e9s par les enfants et les adolescents, chacun demandant beaucoup de travail, d\u2019effort, de pers\u00e9v\u00e9rance et de pr\u00e9cision. Lors d\u2019une visite guid\u00e9e de l\u2019\u00e9cole avec une tradition de 140 ans, vous pouvez \u00e9galement essayer de fabriquer une dentelle et en acheter une dans le magasin de l\u2019\u00e9cole. <\/p>\t\t\t\t\t\t\t\t<\/div>\n\t\t\t\t<\/div>\n\t\t\t\t<\/div>\n\t\t<div class=\"elementor-element elementor-element-8ebdc26 e-con-full e-flex e-con e-child\" data-id=\"8ebdc26\" data-element_type=\"container\" data-e-type=\"container\">\n\t\t\t\t<div class=\"elementor-element elementor-element-4902395 elementor-widget elementor-widget-image\" data-id=\"4902395\" data-element_type=\"widget\" data-e-type=\"widget\" data-widget_type=\"image.default\">\n\t\t\t\t<div class=\"elementor-widget-container\">\n\t\t\t\t\t\t\t\t\t\t\t\t\t\t\t<img decoding=\"async\" width=\"800\" height=\"453\" src=\"https:\/\/kendov-dvorec.com\/wp-content\/uploads\/2025\/09\/Kendov_dvorec_Idrija_Museumjpg.jpg\" class=\"attachment-large size-large wp-image-24273\" alt=\"\" srcset=\"https:\/\/kendov-dvorec.com\/wp-content\/uploads\/2025\/09\/Kendov_dvorec_Idrija_Museumjpg.jpg 900w, https:\/\/kendov-dvorec.com\/wp-content\/uploads\/2025\/09\/Kendov_dvorec_Idrija_Museumjpg-300x170.jpg 300w, https:\/\/kendov-dvorec.com\/wp-content\/uploads\/2025\/09\/Kendov_dvorec_Idrija_Museumjpg-768x435.jpg 768w\" sizes=\"(max-width: 800px) 100vw, 800px\" \/>\t\t\t\t\t\t\t\t\t\t\t\t\t\t\t<\/div>\n\t\t\t\t<\/div>\n\t\t\t\t<div class=\"elementor-element elementor-element-ddcd843 elementor-widget elementor-widget-text-editor\" data-id=\"ddcd843\" data-element_type=\"widget\" data-e-type=\"widget\" data-widget_type=\"text-editor.default\">\n\t\t\t\t<div class=\"elementor-widget-container\">\n\t\t\t\t\t\t\t\t\t<p><strong>MUS\u00c9E MUNICIPAL D\u2019IDRIJA<\/strong><br>Dans le Mus\u00e9e municipal d\u2019Idrija, qui se situe dans le magnifique ch\u00e2teau de Gewerkenegg, vous pourrez admirer une exposition permanente sur la dentelle d\u2019Idrija. L\u2019exposition raconte 300 ans d\u2019\u2019histoire de la dentelle aux fuseaux \u00e0 Idrija et pr\u00e9sente des exemples de la plus ancienne dentelle aux fuseaux, de diff\u00e9rents motifs et une utilisation plus moderne: des robes du soir orn\u00e9es de dentelle d\u2019Idrija. <\/p>\t\t\t\t\t\t\t\t<\/div>\n\t\t\t\t<\/div>\n\t\t\t\t<\/div>\n\t\t<div class=\"elementor-element elementor-element-e2b57ce e-con-full e-flex e-con e-child\" data-id=\"e2b57ce\" data-element_type=\"container\" data-e-type=\"container\">\n\t\t\t\t<div class=\"elementor-element elementor-element-4a5a48e elementor-widget elementor-widget-image\" data-id=\"4a5a48e\" data-element_type=\"widget\" data-e-type=\"widget\" data-widget_type=\"image.default\">\n\t\t\t\t<div class=\"elementor-widget-container\">\n\t\t\t\t\t\t\t\t\t\t\t\t\t\t\t<img loading=\"lazy\" decoding=\"async\" width=\"800\" height=\"453\" src=\"https:\/\/kendov-dvorec.com\/wp-content\/uploads\/2025\/09\/Kendov_dvorec_Tina_Koder.jpg\" class=\"attachment-large size-large wp-image-24268\" alt=\"\" srcset=\"https:\/\/kendov-dvorec.com\/wp-content\/uploads\/2025\/09\/Kendov_dvorec_Tina_Koder.jpg 900w, https:\/\/kendov-dvorec.com\/wp-content\/uploads\/2025\/09\/Kendov_dvorec_Tina_Koder-300x170.jpg 300w, https:\/\/kendov-dvorec.com\/wp-content\/uploads\/2025\/09\/Kendov_dvorec_Tina_Koder-768x435.jpg 768w\" sizes=\"(max-width: 800px) 100vw, 800px\" \/>\t\t\t\t\t\t\t\t\t\t\t\t\t\t\t<\/div>\n\t\t\t\t<\/div>\n\t\t\t\t<div class=\"elementor-element elementor-element-542fd5f elementor-widget elementor-widget-text-editor\" data-id=\"542fd5f\" data-element_type=\"widget\" data-e-type=\"widget\" data-widget_type=\"text-editor.default\">\n\t\t\t\t<div class=\"elementor-widget-container\">\n\t\t\t\t\t\t\t\t\t<p><strong>GALERIES DE VENTE<\/strong><br>\u00c9cole de dentelle d\u2019Idrija<br>Studio Koder, Idrija<br>Trgovina Vanda, Idrija<br>Avtorska idrijska \u010dipka Tina Koder, Ljubljana (dans la photo)<br>Studio idrijske \u010dipke, Ljubljana<br>et autres.<\/p>\t\t\t\t\t\t\t\t<\/div>\n\t\t\t\t<\/div>\n\t\t\t\t<\/div>\n\t\t\t\t<\/div>\n\t\t\t\t\t<\/div>\n\t\t\t\t<\/div>\n\t\t\t\t<\/div>\n\t\t","protected":false},"excerpt":{"rendered":"<p>EXP\u00c9RIENCES LA DENTELLE D\u2019IDRIJA D\u00e9couvrez la beaut\u00e9 de la dentelle aux fuseaux. Depuis plus de trois si\u00e8cles, les habiles denteli\u00e8res d\u2019Idrija travaillent avec des fils blancs comme neige, tout en transmettant leur savoir-faire de g\u00e9n\u00e9ration en g\u00e9n\u00e9ration. La dentelle \u00e9tait \u00e0 l\u2019origine con\u00e7ue pour d\u00e9corer les \u00e9glises et les v\u00eatements liturgiques, l\u2019ameublement de maisons et [&hellip;]<\/p>\n","protected":false},"author":1,"featured_media":1965,"parent":26712,"menu_order":7,"comment_status":"closed","ping_status":"closed","template":"elementor_header_footer","meta":{"footnotes":""},"class_list":["post-26738","page","type-page","status-publish","has-post-thumbnail","hentry"],"_links":{"self":[{"href":"https:\/\/kendov-dvorec.com\/fr\/wp-json\/wp\/v2\/pages\/26738","targetHints":{"allow":["GET"]}}],"collection":[{"href":"https:\/\/kendov-dvorec.com\/fr\/wp-json\/wp\/v2\/pages"}],"about":[{"href":"https:\/\/kendov-dvorec.com\/fr\/wp-json\/wp\/v2\/types\/page"}],"author":[{"embeddable":true,"href":"https:\/\/kendov-dvorec.com\/fr\/wp-json\/wp\/v2\/users\/1"}],"replies":[{"embeddable":true,"href":"https:\/\/kendov-dvorec.com\/fr\/wp-json\/wp\/v2\/comments?post=26738"}],"version-history":[{"count":3,"href":"https:\/\/kendov-dvorec.com\/fr\/wp-json\/wp\/v2\/pages\/26738\/revisions"}],"predecessor-version":[{"id":27775,"href":"https:\/\/kendov-dvorec.com\/fr\/wp-json\/wp\/v2\/pages\/26738\/revisions\/27775"}],"up":[{"embeddable":true,"href":"https:\/\/kendov-dvorec.com\/fr\/wp-json\/wp\/v2\/pages\/26712"}],"wp:featuredmedia":[{"embeddable":true,"href":"https:\/\/kendov-dvorec.com\/fr\/wp-json\/wp\/v2\/media\/1965"}],"wp:attachment":[{"href":"https:\/\/kendov-dvorec.com\/fr\/wp-json\/wp\/v2\/media?parent=26738"}],"curies":[{"name":"wp","href":"https:\/\/api.w.org\/{rel}","templated":true}]}}