{"id":26754,"date":"2017-10-05T15:08:45","date_gmt":"2017-10-05T14:08:45","guid":{"rendered":"https:\/\/kendov-dvorec.com\/experiences\/patrimoine-minier\/"},"modified":"2026-04-07T08:21:16","modified_gmt":"2026-04-07T07:21:16","slug":"patrimoine-minier","status":"publish","type":"page","link":"https:\/\/kendov-dvorec.com\/fr\/experiences\/patrimoine-minier\/","title":{"rendered":"Patrimoine minier"},"content":{"rendered":"\t\t<div data-elementor-type=\"wp-page\" data-elementor-id=\"26754\" class=\"elementor elementor-26754 elementor-5845\" data-elementor-post-type=\"page\">\n\t\t\t\t<div class=\"elementor-element elementor-element-6717738 e-flex e-con-boxed e-con e-parent\" data-id=\"6717738\" data-element_type=\"container\" data-e-type=\"container\" data-settings=\"{&quot;background_background&quot;:&quot;classic&quot;}\">\n\t\t\t\t\t<div class=\"e-con-inner\">\n\t\t\t\t\t<\/div>\n\t\t\t\t<\/div>\n\t\t<div class=\"elementor-element elementor-element-816ef15 e-flex e-con-boxed e-con e-parent\" data-id=\"816ef15\" data-element_type=\"container\" data-e-type=\"container\">\n\t\t\t\t\t<div class=\"e-con-inner\">\n\t\t<div class=\"elementor-element elementor-element-242ce7d e-con-full e-flex e-con e-child\" data-id=\"242ce7d\" data-element_type=\"container\" data-e-type=\"container\">\n\t\t\t\t<div class=\"elementor-element elementor-element-ad02341 elementor-widget elementor-widget-heading\" data-id=\"ad02341\" data-element_type=\"widget\" data-e-type=\"widget\" data-widget_type=\"heading.default\">\n\t\t\t\t<div class=\"elementor-widget-container\">\n\t\t\t\t\t<h1 class=\"elementor-heading-title elementor-size-default\">EXP\u00c9RIENCES<\/h1>\t\t\t\t<\/div>\n\t\t\t\t<\/div>\n\t\t\t\t<div class=\"elementor-element elementor-element-4de2f18 elementor-widget elementor-widget-heading\" data-id=\"4de2f18\" data-element_type=\"widget\" data-e-type=\"widget\" data-widget_type=\"heading.default\">\n\t\t\t\t<div class=\"elementor-widget-container\">\n\t\t\t\t\t<h1 class=\"elementor-heading-title elementor-size-default\">PATRIMOINE MINIER<\/h1>\t\t\t\t<\/div>\n\t\t\t\t<\/div>\n\t\t\t\t<div class=\"elementor-element elementor-element-22d0c38 elementor-widget elementor-widget-heading\" data-id=\"22d0c38\" data-element_type=\"widget\" data-e-type=\"widget\" data-widget_type=\"heading.default\">\n\t\t\t\t<div class=\"elementor-widget-container\">\n\t\t\t\t\t<h2 class=\"elementor-heading-title elementor-size-default\">Entrez dans le monde souterrain des mineurs d\u2019Idrija.<\/h2>\t\t\t\t<\/div>\n\t\t\t\t<\/div>\n\t\t\t\t<div class=\"elementor-element elementor-element-5033aa7 elementor-widget elementor-widget-text-editor\" data-id=\"5033aa7\" data-element_type=\"widget\" data-e-type=\"widget\" data-widget_type=\"text-editor.default\">\n\t\t\t\t<div class=\"elementor-widget-container\">\n\t\t\t\t\t\t\t\t\t<p>Idrija, la plus ancienne ville mini\u00e8re slov\u00e8ne, est connue pour sa mine de mercure, la deuxi\u00e8me plus grande mine de mercure au monde. La mine, qui fut ouverte il y a cinq cent ans, figure aujourd\u2019hui sur la liste du patrimoine mondial de l\u2019UNESCO avec la mine dans la ville espagnole d\u2019Almad\u00e9n. En d\u00e9couvrant le riche patrimoine minier, vous d\u00e9couvrirez l\u2019histoire de la ville et la vie d\u2019anciennes familles mini\u00e8res.   <\/p>\t\t\t\t\t\t\t\t<\/div>\n\t\t\t\t<\/div>\n\t\t\t\t<div class=\"elementor-element elementor-element-bfa72a5 elementor-widget elementor-widget-text-editor\" data-id=\"bfa72a5\" data-element_type=\"widget\" data-e-type=\"widget\" data-widget_type=\"text-editor.default\">\n\t\t\t\t<div class=\"elementor-widget-container\">\n\t\t\t\t\t\t\t\t\t<p>Selon la l\u00e9gende, le mercure aurait \u00e9t\u00e9 d\u00e9couvert par un tonnelier dans un ruisseau local. Sur le site de cette d\u00e9couverte de mercure se trouve aujourd\u2019hui l\u2019\u00e9glise de la Sainte Trinit\u00e9.<br>  <\/p>\t\t\t\t\t\t\t\t<\/div>\n\t\t\t\t<\/div>\n\t\t\t\t<\/div>\n\t\t<div class=\"elementor-element elementor-element-ac099bb e-con-full e-flex e-con e-child\" data-id=\"ac099bb\" data-element_type=\"container\" data-e-type=\"container\">\n\t\t\t\t<div class=\"elementor-element elementor-element-635ba53 elementor-widget elementor-widget-image\" data-id=\"635ba53\" data-element_type=\"widget\" data-e-type=\"widget\" data-widget_type=\"image.default\">\n\t\t\t\t<div class=\"elementor-widget-container\">\n\t\t\t\t\t\t\t\t\t\t\t\t\t\t\t<img fetchpriority=\"high\" decoding=\"async\" width=\"800\" height=\"532\" src=\"https:\/\/kendov-dvorec.com\/wp-content\/uploads\/2025\/09\/Kendov_dvorec_kamst.jpg\" class=\"attachment-large size-large wp-image-24303\" alt=\"\" srcset=\"https:\/\/kendov-dvorec.com\/wp-content\/uploads\/2025\/09\/Kendov_dvorec_kamst.jpg 900w, https:\/\/kendov-dvorec.com\/wp-content\/uploads\/2025\/09\/Kendov_dvorec_kamst-300x200.jpg 300w, https:\/\/kendov-dvorec.com\/wp-content\/uploads\/2025\/09\/Kendov_dvorec_kamst-768x511.jpg 768w\" sizes=\"(max-width: 800px) 100vw, 800px\" \/>\t\t\t\t\t\t\t\t\t\t\t\t\t\t\t<\/div>\n\t\t\t\t<\/div>\n\t\t\t\t<div class=\"elementor-element elementor-element-acdf00c elementor-widget elementor-widget-heading\" data-id=\"acdf00c\" data-element_type=\"widget\" data-e-type=\"widget\" data-widget_type=\"heading.default\">\n\t\t\t\t<div class=\"elementor-widget-container\">\n\t\t\t\t\t<h3 class=\"elementor-heading-title elementor-size-default\">Le \u02ddkam\u0161t\u02dd (pompe mini\u00e8re) d\u2019Idrija, un dispositif de pompage d\u2019eau de la mine avec la plus grande roue en bois d\u2019Europe.<\/h3>\t\t\t\t<\/div>\n\t\t\t\t<\/div>\n\t\t\t\t<\/div>\n\t\t\t\t\t<\/div>\n\t\t\t\t<\/div>\n\t\t<div class=\"elementor-element elementor-element-8fb0eac e-flex e-con-boxed e-con e-parent\" data-id=\"8fb0eac\" data-element_type=\"container\" data-e-type=\"container\" data-settings=\"{&quot;background_background&quot;:&quot;classic&quot;}\">\n\t\t\t\t\t<div class=\"e-con-inner\">\n\t\t\t\t<div class=\"elementor-element elementor-element-4f60b70 elementor-widget elementor-widget-heading\" data-id=\"4f60b70\" data-element_type=\"widget\" data-e-type=\"widget\" data-widget_type=\"heading.default\">\n\t\t\t\t<div class=\"elementor-widget-container\">\n\t\t\t\t\t<h2 class=\"elementor-heading-title elementor-size-default\">Discover the heritage of the Idrija mine<\/h2>\t\t\t\t<\/div>\n\t\t\t\t<\/div>\n\t\t<div class=\"elementor-element elementor-element-ddd0e23 e-con-full e-flex e-con e-child\" data-id=\"ddd0e23\" data-element_type=\"container\" data-e-type=\"container\">\n\t\t<div class=\"elementor-element elementor-element-52b4658 e-con-full e-flex e-con e-child\" data-id=\"52b4658\" data-element_type=\"container\" data-e-type=\"container\">\n\t\t\t\t<div class=\"elementor-element elementor-element-6d9cedc elementor-widget elementor-widget-image\" data-id=\"6d9cedc\" data-element_type=\"widget\" data-e-type=\"widget\" data-widget_type=\"image.default\">\n\t\t\t\t<div class=\"elementor-widget-container\">\n\t\t\t\t\t\t\t\t\t\t\t\t\t\t\t<img decoding=\"async\" width=\"800\" height=\"453\" src=\"https:\/\/kendov-dvorec.com\/wp-content\/uploads\/2025\/09\/Kendov_dvorec-UNESCO.jpg\" class=\"attachment-large size-large wp-image-24327\" alt=\"\" srcset=\"https:\/\/kendov-dvorec.com\/wp-content\/uploads\/2025\/09\/Kendov_dvorec-UNESCO.jpg 900w, https:\/\/kendov-dvorec.com\/wp-content\/uploads\/2025\/09\/Kendov_dvorec-UNESCO-300x170.jpg 300w, https:\/\/kendov-dvorec.com\/wp-content\/uploads\/2025\/09\/Kendov_dvorec-UNESCO-768x435.jpg 768w\" sizes=\"(max-width: 800px) 100vw, 800px\" \/>\t\t\t\t\t\t\t\t\t\t\t\t\t\t\t<\/div>\n\t\t\t\t<\/div>\n\t\t\t\t<div class=\"elementor-element elementor-element-5f44acc elementor-widget elementor-widget-text-editor\" data-id=\"5f44acc\" data-element_type=\"widget\" data-e-type=\"widget\" data-widget_type=\"text-editor.default\">\n\t\t\t\t<div class=\"elementor-widget-container\">\n\t\t\t\t\t\t\t\t\t<p><strong>LE PUITS D\u2019ANTOINE<\/strong><br>\u00c0 travers la plus ancienne entr\u00e9e pr\u00e9serv\u00e9e de la mine, datant de 1500, entrez dans les tunnels souterrains et ressentez la vie quotidienne de nombreux hommes qui gagnaient leur pain quotidien loin sous la terre pendant des si\u00e8cles. <\/p>\t\t\t\t\t\t\t\t<\/div>\n\t\t\t\t<\/div>\n\t\t\t\t<\/div>\n\t\t<div class=\"elementor-element elementor-element-7284448 e-con-full e-flex e-con e-child\" data-id=\"7284448\" data-element_type=\"container\" data-e-type=\"container\">\n\t\t\t\t<div class=\"elementor-element elementor-element-5664fef elementor-widget elementor-widget-image\" data-id=\"5664fef\" data-element_type=\"widget\" data-e-type=\"widget\" data-widget_type=\"image.default\">\n\t\t\t\t<div class=\"elementor-widget-container\">\n\t\t\t\t\t\t\t\t\t\t\t\t\t\t\t<img decoding=\"async\" width=\"565\" height=\"320\" src=\"https:\/\/kendov-dvorec.com\/wp-content\/uploads\/2025\/09\/Kendov_dvorec_Gewerkenegg_castle_Idrija.jpg\" class=\"attachment-large size-large wp-image-24322\" alt=\"\" srcset=\"https:\/\/kendov-dvorec.com\/wp-content\/uploads\/2025\/09\/Kendov_dvorec_Gewerkenegg_castle_Idrija.jpg 565w, https:\/\/kendov-dvorec.com\/wp-content\/uploads\/2025\/09\/Kendov_dvorec_Gewerkenegg_castle_Idrija-300x170.jpg 300w\" sizes=\"(max-width: 565px) 100vw, 565px\" \/>\t\t\t\t\t\t\t\t\t\t\t\t\t\t\t<\/div>\n\t\t\t\t<\/div>\n\t\t\t\t<div class=\"elementor-element elementor-element-dfe6eff elementor-widget elementor-widget-text-editor\" data-id=\"dfe6eff\" data-element_type=\"widget\" data-e-type=\"widget\" data-widget_type=\"text-editor.default\">\n\t\t\t\t<div class=\"elementor-widget-container\">\n\t\t\t\t\t\t\t\t\t<p><strong>MUS\u00c9E MUNICIPAL D\u2019IDRIJA<\/strong><br>Aujourd\u2019hui, le Mus\u00e9e municipal d\u2019Idrija, qui se consacre \u00e0 la recherche, \u00e0 la pr\u00e9servation et \u00e0 la pr\u00e9sentation du patrimoine technique et culturel de la mine de mercure et de la ville d\u2019Idrija, se trouve au ch\u00e2teau minier d\u2019Idrija datant du XVIe si\u00e8cle. <\/p>\t\t\t\t\t\t\t\t<\/div>\n\t\t\t\t<\/div>\n\t\t\t\t<\/div>\n\t\t<div class=\"elementor-element elementor-element-a833724 e-con-full e-flex e-con e-child\" data-id=\"a833724\" data-element_type=\"container\" data-e-type=\"container\">\n\t\t\t\t<div class=\"elementor-element elementor-element-f77df50 elementor-widget elementor-widget-image\" data-id=\"f77df50\" data-element_type=\"widget\" data-e-type=\"widget\" data-widget_type=\"image.default\">\n\t\t\t\t<div class=\"elementor-widget-container\">\n\t\t\t\t\t\t\t\t\t\t\t\t\t\t\t<img loading=\"lazy\" decoding=\"async\" width=\"800\" height=\"453\" src=\"https:\/\/kendov-dvorec.com\/wp-content\/uploads\/2025\/09\/Kendov_dvorec_Topilnica_Hg.jpg\" class=\"attachment-large size-large wp-image-24314\" alt=\"\" srcset=\"https:\/\/kendov-dvorec.com\/wp-content\/uploads\/2025\/09\/Kendov_dvorec_Topilnica_Hg.jpg 900w, https:\/\/kendov-dvorec.com\/wp-content\/uploads\/2025\/09\/Kendov_dvorec_Topilnica_Hg-300x170.jpg 300w, https:\/\/kendov-dvorec.com\/wp-content\/uploads\/2025\/09\/Kendov_dvorec_Topilnica_Hg-768x435.jpg 768w\" sizes=\"(max-width: 800px) 100vw, 800px\" \/>\t\t\t\t\t\t\t\t\t\t\t\t\t\t\t<\/div>\n\t\t\t\t<\/div>\n\t\t\t\t<div class=\"elementor-element elementor-element-1432549 elementor-widget elementor-widget-text-editor\" data-id=\"1432549\" data-element_type=\"widget\" data-e-type=\"widget\" data-widget_type=\"text-editor.default\">\n\t\t\t\t<div class=\"elementor-widget-container\">\n\t\t\t\t\t\t\t\t\t<p><strong>FONDERIE DE Hg<\/strong><br>Visitez le plus r\u00e9cent mus\u00e9e \u00e0 Idrija, qui a ouvert ses portes en 2017. Lors de l\u2019exposition \u02ddDu minerai aux gouttes de mercure\u02dd, vous d\u00e9couvrirez ce m\u00e9tal liquide unique et le processus de production de mercure. <\/p>\t\t\t\t\t\t\t\t<\/div>\n\t\t\t\t<\/div>\n\t\t\t\t<\/div>\n\t\t\t\t<\/div>\n\t\t\t\t\t<\/div>\n\t\t\t\t<\/div>\n\t\t\t\t<\/div>\n\t\t","protected":false},"excerpt":{"rendered":"<p>EXP\u00c9RIENCES PATRIMOINE MINIER Entrez dans le monde souterrain des mineurs d\u2019Idrija. Idrija, la plus ancienne ville mini\u00e8re slov\u00e8ne, est connue pour sa mine de mercure, la deuxi\u00e8me plus grande mine de mercure au monde. La mine, qui fut ouverte il y a cinq cent ans, figure aujourd\u2019hui sur la liste du patrimoine mondial de l\u2019UNESCO [&hellip;]<\/p>\n","protected":false},"author":1,"featured_media":1965,"parent":26712,"menu_order":8,"comment_status":"closed","ping_status":"closed","template":"elementor_header_footer","meta":{"footnotes":""},"class_list":["post-26754","page","type-page","status-publish","has-post-thumbnail","hentry"],"_links":{"self":[{"href":"https:\/\/kendov-dvorec.com\/fr\/wp-json\/wp\/v2\/pages\/26754","targetHints":{"allow":["GET"]}}],"collection":[{"href":"https:\/\/kendov-dvorec.com\/fr\/wp-json\/wp\/v2\/pages"}],"about":[{"href":"https:\/\/kendov-dvorec.com\/fr\/wp-json\/wp\/v2\/types\/page"}],"author":[{"embeddable":true,"href":"https:\/\/kendov-dvorec.com\/fr\/wp-json\/wp\/v2\/users\/1"}],"replies":[{"embeddable":true,"href":"https:\/\/kendov-dvorec.com\/fr\/wp-json\/wp\/v2\/comments?post=26754"}],"version-history":[{"count":3,"href":"https:\/\/kendov-dvorec.com\/fr\/wp-json\/wp\/v2\/pages\/26754\/revisions"}],"predecessor-version":[{"id":27779,"href":"https:\/\/kendov-dvorec.com\/fr\/wp-json\/wp\/v2\/pages\/26754\/revisions\/27779"}],"up":[{"embeddable":true,"href":"https:\/\/kendov-dvorec.com\/fr\/wp-json\/wp\/v2\/pages\/26712"}],"wp:featuredmedia":[{"embeddable":true,"href":"https:\/\/kendov-dvorec.com\/fr\/wp-json\/wp\/v2\/media\/1965"}],"wp:attachment":[{"href":"https:\/\/kendov-dvorec.com\/fr\/wp-json\/wp\/v2\/media?parent=26754"}],"curies":[{"name":"wp","href":"https:\/\/api.w.org\/{rel}","templated":true}]}}