{"id":26771,"date":"2017-09-14T17:19:46","date_gmt":"2017-09-14T16:19:46","guid":{"rendered":"https:\/\/kendov-dvorec.com\/experiences\/excursion-a-velo\/"},"modified":"2026-01-06T11:53:12","modified_gmt":"2026-01-06T11:53:12","slug":"excursion-a-velo","status":"publish","type":"page","link":"https:\/\/kendov-dvorec.com\/fr\/experiences\/excursion-a-velo\/","title":{"rendered":"Excursion \u00e0 v\u00e9lo"},"content":{"rendered":"\t\t<div data-elementor-type=\"wp-page\" data-elementor-id=\"26771\" class=\"elementor elementor-26771 elementor-5830\" data-elementor-post-type=\"page\">\n\t\t\t\t<div class=\"elementor-element elementor-element-6a949ee e-flex e-con-boxed e-con e-parent\" data-id=\"6a949ee\" data-element_type=\"container\" data-e-type=\"container\" data-settings=\"{&quot;background_background&quot;:&quot;classic&quot;}\">\n\t\t\t\t\t<div class=\"e-con-inner\">\n\t\t\t\t\t<\/div>\n\t\t\t\t<\/div>\n\t\t<div class=\"elementor-element elementor-element-c32ceea e-flex e-con-boxed e-con e-parent\" data-id=\"c32ceea\" data-element_type=\"container\" data-e-type=\"container\">\n\t\t\t\t\t<div class=\"e-con-inner\">\n\t\t<div class=\"elementor-element elementor-element-84a0a06 e-con-full e-flex e-con e-child\" data-id=\"84a0a06\" data-element_type=\"container\" data-e-type=\"container\">\n\t\t\t\t<div class=\"elementor-element elementor-element-3ebbe6f elementor-widget elementor-widget-heading\" data-id=\"3ebbe6f\" data-element_type=\"widget\" data-e-type=\"widget\" data-widget_type=\"heading.default\">\n\t\t\t\t<div class=\"elementor-widget-container\">\n\t\t\t\t\t<h1 class=\"elementor-heading-title elementor-size-default\">EXP\u00c9RIENCES<\/h1>\t\t\t\t<\/div>\n\t\t\t\t<\/div>\n\t\t\t\t<div class=\"elementor-element elementor-element-1a9e8f4 elementor-widget elementor-widget-heading\" data-id=\"1a9e8f4\" data-element_type=\"widget\" data-e-type=\"widget\" data-widget_type=\"heading.default\">\n\t\t\t\t<div class=\"elementor-widget-container\">\n\t\t\t\t\t<h1 class=\"elementor-heading-title elementor-size-default\">EXCURSION \u00c0 V\u00c9LO<\/h1>\t\t\t\t<\/div>\n\t\t\t\t<\/div>\n\t\t\t\t<div class=\"elementor-element elementor-element-6a961c9 elementor-widget elementor-widget-heading\" data-id=\"6a961c9\" data-element_type=\"widget\" data-e-type=\"widget\" data-widget_type=\"heading.default\">\n\t\t\t\t<div class=\"elementor-widget-container\">\n\t\t\t\t\t<h2 class=\"elementor-heading-title elementor-size-default\">Partez \u00e0 l\u2019aventure !<\/h2>\t\t\t\t<\/div>\n\t\t\t\t<\/div>\n\t\t\t\t<div class=\"elementor-element elementor-element-ff91eb1 elementor-widget elementor-widget-text-editor\" data-id=\"ff91eb1\" data-element_type=\"widget\" data-e-type=\"widget\" data-widget_type=\"text-editor.default\">\n\t\t\t\t<div class=\"elementor-widget-container\">\n\t\t\t\t\t\t\t\t\t<p>Passez la journ\u00e9e au grand air, \u00e0 la d\u00e9couverte de magnifiques paysages, de sites historiques et culturels. Au manoir de Kendov Dvorec, nous vous offrons la possibilit\u00e9 de louer un v\u00e9lo \u00e9lectrique, avec lequel vous pourrez facilement faire face \u00e0 des sentiers plus escarp\u00e9s dans les collines environnantes. <\/p><p>Le prix de location d\u2019un v\u00e9lo \u00e9lectrique est de <strong>45 \u20ac \/ personne \/ jour<\/strong> et comprend la location d\u2019un v\u00e9lo et du mat\u00e9riel de s\u00e9curit\u00e9. Nous vous confirmerons la r\u00e9servation du v\u00e9lo avant votre arriv\u00e9e.<br>   <\/p>\t\t\t\t\t\t\t\t<\/div>\n\t\t\t\t<\/div>\n\t\t\t\t<\/div>\n\t\t<div class=\"elementor-element elementor-element-5517574 e-con-full e-flex e-con e-child\" data-id=\"5517574\" data-element_type=\"container\" data-e-type=\"container\">\n\t\t\t\t<div class=\"elementor-element elementor-element-ec2b6cb elementor-widget elementor-widget-image\" data-id=\"ec2b6cb\" data-element_type=\"widget\" data-e-type=\"widget\" data-widget_type=\"image.default\">\n\t\t\t\t<div class=\"elementor-widget-container\">\n\t\t\t\t\t\t\t\t\t\t\t\t\t\t\t<img fetchpriority=\"high\" decoding=\"async\" width=\"800\" height=\"534\" src=\"https:\/\/kendov-dvorec.com\/wp-content\/uploads\/2025\/09\/kolo-scott2.jpeg\" class=\"attachment-large size-large wp-image-24352\" alt=\"\" srcset=\"https:\/\/kendov-dvorec.com\/wp-content\/uploads\/2025\/09\/kolo-scott2.jpeg 1024w, https:\/\/kendov-dvorec.com\/wp-content\/uploads\/2025\/09\/kolo-scott2-300x200.jpeg 300w, https:\/\/kendov-dvorec.com\/wp-content\/uploads\/2025\/09\/kolo-scott2-768x512.jpeg 768w\" sizes=\"(max-width: 800px) 100vw, 800px\" \/>\t\t\t\t\t\t\t\t\t\t\t\t\t\t\t<\/div>\n\t\t\t\t<\/div>\n\t\t\t\t<\/div>\n\t\t\t\t\t<\/div>\n\t\t\t\t<\/div>\n\t\t<div class=\"elementor-element elementor-element-f734a30 e-flex e-con-boxed e-con e-parent\" data-id=\"f734a30\" data-element_type=\"container\" data-e-type=\"container\" data-settings=\"{&quot;background_background&quot;:&quot;classic&quot;}\">\n\t\t\t\t\t<div class=\"e-con-inner\">\n\t\t\t\t<div class=\"elementor-element elementor-element-8d948ea elementor-widget elementor-widget-heading\" data-id=\"8d948ea\" data-element_type=\"widget\" data-e-type=\"widget\" data-widget_type=\"heading.default\">\n\t\t\t\t<div class=\"elementor-widget-container\">\n\t\t\t\t\t<h2 class=\"elementor-heading-title elementor-size-default\">Meilleurs endroits \u00e0 visiter<\/h2>\t\t\t\t<\/div>\n\t\t\t\t<\/div>\n\t\t<div class=\"elementor-element elementor-element-132560d e-con-full e-flex e-con e-child\" data-id=\"132560d\" data-element_type=\"container\" data-e-type=\"container\">\n\t\t<div class=\"elementor-element elementor-element-3af7c54 e-con-full e-flex e-con e-child\" data-id=\"3af7c54\" data-element_type=\"container\" data-e-type=\"container\">\n\t\t\t\t<div class=\"elementor-element elementor-element-7aae82a elementor-widget elementor-widget-image\" data-id=\"7aae82a\" data-element_type=\"widget\" data-e-type=\"widget\" data-widget_type=\"image.default\">\n\t\t\t\t<div class=\"elementor-widget-container\">\n\t\t\t\t\t\t\t\t\t\t\t\t\t\t\t<img decoding=\"async\" width=\"800\" height=\"453\" src=\"https:\/\/kendov-dvorec.com\/wp-content\/uploads\/2025\/09\/Kendov-dvorec-wild-lake.jpg\" class=\"attachment-large size-large wp-image-24373\" alt=\"\" srcset=\"https:\/\/kendov-dvorec.com\/wp-content\/uploads\/2025\/09\/Kendov-dvorec-wild-lake.jpg 900w, https:\/\/kendov-dvorec.com\/wp-content\/uploads\/2025\/09\/Kendov-dvorec-wild-lake-300x170.jpg 300w, https:\/\/kendov-dvorec.com\/wp-content\/uploads\/2025\/09\/Kendov-dvorec-wild-lake-768x435.jpg 768w\" sizes=\"(max-width: 800px) 100vw, 800px\" \/>\t\t\t\t\t\t\t\t\t\t\t\t\t\t\t<\/div>\n\t\t\t\t<\/div>\n\t\t\t\t<div class=\"elementor-element elementor-element-d44f572 elementor-widget elementor-widget-text-editor\" data-id=\"d44f572\" data-element_type=\"widget\" data-e-type=\"widget\" data-widget_type=\"text-editor.default\">\n\t\t\t\t<div class=\"elementor-widget-container\">\n\t\t\t\t\t\t\t\t\t<p><strong>BESOIN DE VOUS RAFRA\u00ceCHIR ?<\/strong><br>Visitez la piscine naturelle bien appr\u00e9ci\u00e9e d\u2019Idrijska Bela. En raison de la temp\u00e9rature de l\u2019eau relativement basse, vous aurez besoin d\u2019un peu de courage pour y nager, m\u00eame en \u00e9t\u00e9, mais la nature qui entoure le confluent des rivi\u00e8res Idrijca et Belca vous envo\u00fbtera s\u00fbrement par sa beaut\u00e9. Ne manquez pas le charmant Divje Jezero \u2013 lac sauvage (photo) en cours de route.  <\/p><p><em>Kendov Dvorec \u2013 Divje Jezero \u2013 Piscine \u00e0 Idrijska Bela \u2013 Kendov Dvorec<br><\/em><\/p><p>Longueur : <strong>26 km<\/strong><br>D\u00e9nivel\u00e9 : <strong>106 m<\/strong> <\/p>\t\t\t\t\t\t\t\t<\/div>\n\t\t\t\t<\/div>\n\t\t\t\t<\/div>\n\t\t<div class=\"elementor-element elementor-element-4e5b19c e-con-full e-flex e-con e-child\" data-id=\"4e5b19c\" data-element_type=\"container\" data-e-type=\"container\">\n\t\t\t\t<div class=\"elementor-element elementor-element-18b0f70 elementor-widget elementor-widget-image\" data-id=\"18b0f70\" data-element_type=\"widget\" data-e-type=\"widget\" data-widget_type=\"image.default\">\n\t\t\t\t<div class=\"elementor-widget-container\">\n\t\t\t\t\t\t\t\t\t\t\t\t\t\t\t<img decoding=\"async\" width=\"800\" height=\"453\" src=\"https:\/\/kendov-dvorec.com\/wp-content\/uploads\/2025\/09\/Kendov-Dvorec_sturmajce.jpg\" class=\"attachment-large size-large wp-image-24368\" alt=\"\" srcset=\"https:\/\/kendov-dvorec.com\/wp-content\/uploads\/2025\/09\/Kendov-Dvorec_sturmajce.jpg 900w, https:\/\/kendov-dvorec.com\/wp-content\/uploads\/2025\/09\/Kendov-Dvorec_sturmajce-300x170.jpg 300w, https:\/\/kendov-dvorec.com\/wp-content\/uploads\/2025\/09\/Kendov-Dvorec_sturmajce-768x435.jpg 768w\" sizes=\"(max-width: 800px) 100vw, 800px\" \/>\t\t\t\t\t\t\t\t\t\t\t\t\t\t\t<\/div>\n\t\t\t\t<\/div>\n\t\t\t\t<div class=\"elementor-element elementor-element-fcfb595 elementor-widget elementor-widget-text-editor\" data-id=\"fcfb595\" data-element_type=\"widget\" data-e-type=\"widget\" data-widget_type=\"text-editor.default\">\n\t\t\t\t<div class=\"elementor-widget-container\">\n\t\t\t\t\t\t\t\t\t<p><strong>VUE SUR OBLAKOV VRH<\/strong><br>Prenez le chemin vers les Kanomeljski klav\u017ee, ces barrages d\u2019eau construits \u00e0 l\u2019\u00e9poque des provinces illyriennes de Napol\u00e9on, comme en t\u00e9moigne l\u2019inscription grav\u00e9e sur la dalle en pierre. Revenez dans la vall\u00e9e de Kanomlja et continuez votre route vers Oblakov vrh, qui vous ravira avec ses belles vues par temps clair. <\/p><p><em>Kendov Dvorec \u2013 Kanomeljske klav\u017ee \u2013 Oblakov vrh \u2013 Kendov Dvorec<\/em><\/p><p><em>Longueur : <strong>35 km<\/strong><br>D\u00e9nivel\u00e9 : <strong>371 m<\/strong> <\/em><\/p>\t\t\t\t\t\t\t\t<\/div>\n\t\t\t\t<\/div>\n\t\t\t\t<\/div>\n\t\t<div class=\"elementor-element elementor-element-28fbcd9 e-con-full e-flex e-con e-child\" data-id=\"28fbcd9\" data-element_type=\"container\" data-e-type=\"container\">\n\t\t\t\t<div class=\"elementor-element elementor-element-16827b8 elementor-widget elementor-widget-image\" data-id=\"16827b8\" data-element_type=\"widget\" data-e-type=\"widget\" data-widget_type=\"image.default\">\n\t\t\t\t<div class=\"elementor-widget-container\">\n\t\t\t\t\t\t\t\t\t\t\t\t\t\t\t<img loading=\"lazy\" decoding=\"async\" width=\"800\" height=\"450\" src=\"https:\/\/kendov-dvorec.com\/wp-content\/uploads\/2025\/09\/Kendov-dvorec-idrijca.jpg\" class=\"attachment-large size-large wp-image-24363\" alt=\"\" srcset=\"https:\/\/kendov-dvorec.com\/wp-content\/uploads\/2025\/09\/Kendov-dvorec-idrijca.jpg 900w, https:\/\/kendov-dvorec.com\/wp-content\/uploads\/2025\/09\/Kendov-dvorec-idrijca-300x169.jpg 300w, https:\/\/kendov-dvorec.com\/wp-content\/uploads\/2025\/09\/Kendov-dvorec-idrijca-768x432.jpg 768w\" sizes=\"(max-width: 800px) 100vw, 800px\" \/>\t\t\t\t\t\t\t\t\t\t\t\t\t\t\t<\/div>\n\t\t\t\t<\/div>\n\t\t\t\t<div class=\"elementor-element elementor-element-feeb3b8 elementor-widget elementor-widget-text-editor\" data-id=\"feeb3b8\" data-element_type=\"widget\" data-e-type=\"widget\" data-widget_type=\"text-editor.default\">\n\t\t\t\t<div class=\"elementor-widget-container\">\n\t\t\t\t\t\t\t\t\t<p><strong>AU COEUR DU PARC PAYSAGER<\/strong><br>Promenez-vous \u00e0 v\u00e9lo sur l\u2019un des plus beaux parcours de la r\u00e9gion d\u2019Idrija. Suivez le cours sup\u00e9rieur de l\u2019Idrijca, gravissez au-dessus de Krekov\u0161e, passez devant le pavillon de chasse, puis descendez dans la vall\u00e9e de Belca, o\u00f9 vous serez r\u00e9compens\u00e9 par une vue sur les klav\u017ee de Putrih et de Brus, une puissante barri\u00e8re d\u2019eau autrefois destin\u00e9e au bois flottant. <\/p><p><em>Kendov Dvorec \u2013 Divje Jezero \u2013 Piscine \u00e0 Idrijska Bela \u2013 Krekov\u0161e \u2013 Putrihove klav\u017ee \u2013 Brusove klav\u017ee \u2013 Kendov Dvorec<\/em><\/p><p><em>Longueur : <strong>41 km<\/strong><br>D\u00e9nivel\u00e9 : <strong>376 m<\/strong> <\/em><\/p>\t\t\t\t\t\t\t\t<\/div>\n\t\t\t\t<\/div>\n\t\t\t\t<\/div>\n\t\t\t\t<\/div>\n\t\t\t\t\t<\/div>\n\t\t\t\t<\/div>\n\t\t<div class=\"elementor-element elementor-element-916605a e-flex e-con-boxed e-con e-parent\" data-id=\"916605a\" data-element_type=\"container\" data-e-type=\"container\">\n\t\t\t\t\t<div class=\"e-con-inner\">\n\t\t<div class=\"elementor-element elementor-element-34e4026 e-con-full e-flex e-con e-child\" data-id=\"34e4026\" data-element_type=\"container\" data-e-type=\"container\">\n\t\t\t\t<div class=\"elementor-element elementor-element-6ad4819 elementor-widget elementor-widget-heading\" data-id=\"6ad4819\" data-element_type=\"widget\" data-e-type=\"widget\" data-widget_type=\"heading.default\">\n\t\t\t\t<div class=\"elementor-widget-container\">\n\t\t\t\t\t<h1 class=\"elementor-heading-title elementor-size-default\">UNE JOURN\u00c9E DANS LA NATURE<\/h1>\t\t\t\t<\/div>\n\t\t\t\t<\/div>\n\t\t\t\t<div class=\"elementor-element elementor-element-36bd14d elementor-widget elementor-widget-heading\" data-id=\"36bd14d\" data-element_type=\"widget\" data-e-type=\"widget\" data-widget_type=\"heading.default\">\n\t\t\t\t<div class=\"elementor-widget-container\">\n\t\t\t\t\t<h1 class=\"elementor-heading-title elementor-size-default\">PARC PAYSAGER ZGORNJA IDRIJCA<\/h1>\t\t\t\t<\/div>\n\t\t\t\t<\/div>\n\t\t\t\t<div class=\"elementor-element elementor-element-2b82e8e elementor-widget elementor-widget-heading\" data-id=\"2b82e8e\" data-element_type=\"widget\" data-e-type=\"widget\" data-widget_type=\"heading.default\">\n\t\t\t\t<div class=\"elementor-widget-container\">\n\t\t\t\t\t<h2 class=\"elementor-heading-title elementor-size-default\">Vous serez \u00e9merveill\u00e9s par la beaut\u00e9 de la nature tout en marchant vers les sources.<\/h2>\t\t\t\t<\/div>\n\t\t\t\t<\/div>\n\t\t\t\t<div class=\"elementor-element elementor-element-664e6ef elementor-widget elementor-widget-text-editor\" data-id=\"664e6ef\" data-element_type=\"widget\" data-e-type=\"widget\" data-widget_type=\"text-editor.default\">\n\t\t\t\t<div class=\"elementor-widget-container\">\n\t\t\t\t\t\t\t\t\t<p>Visitez l\u2019unique \u02dd<strong>Divje jezero<\/strong>\u02dd, un lac cach\u00e9 entre deux escarpements. Le niveau \u00e9meraude du lac est g\u00e9n\u00e9ralement calme. Cependant, suivant quelques jours de fortes pluies, il y a de grandes quantit\u00e9s d\u2019eau provenant de la source souterraine karstiquequi donne leur nom au lac \u00ab Divje \u00bb (sauvage). <\/p><p>Dans le lac, il y a de la <strong>truite<\/strong>, tandis que dans la grotte, on y trouve le c\u00e9l\u00e8bre <strong>Prot\u00e9e anguillard<\/strong> (Proteus anguinus). Les environs du lac sont connus pour leur diversit\u00e9 exceptionnelle d\u2019esp\u00e8ces de plantes. Parmi elles, il y a beaucoup d\u2019esp\u00e8ces end\u00e9miques, dont la primev\u00e8re <strong>carniolienne<\/strong> (Primula carniolica). <strong>Jezernica<\/strong>, le fleuve le plus court de Slov\u00e9nie (de seulement 50 m\u00e8tres) d\u00e9coule de Divje jezero.   <\/p><p>La route au bord de Divje jezero vous m\u00e8nera au c\u0153ur du parc paysager, o\u00f9 vous admirerez la beaut\u00e9 des piscines des rivi\u00e8res <strong>d\u2019Idrijca <\/strong>et de <strong>Belce<\/strong>. En \u00e9t\u00e9, elles sont une destination populaire pour se rafra\u00eechir.<\/p><p>Au confluent des rivi\u00e8res, vous pouvez continuer \u00e0 gauche, \u00e0 c\u00f4t\u00e9 de Belca, ou \u00e0 droite, le long de l\u2019Idrijca, jusqu\u2019aux c\u00e9l\u00e8bres \u00e9cluses (<strong>klav\u017ee<\/strong>).<\/p><p>De nombreux gisements de <strong>fossiles <\/strong>t\u00e9moignent de la riche histoire g\u00e9ologique du Parc paysager de Zgornja Idrijca. <\/p>\t\t\t\t\t\t\t\t<\/div>\n\t\t\t\t<\/div>\n\t\t\t\t<\/div>\n\t\t<div class=\"elementor-element elementor-element-be85397 e-con-full e-flex e-con e-child\" data-id=\"be85397\" data-element_type=\"container\" data-e-type=\"container\">\n\t\t\t\t<div class=\"elementor-element elementor-element-e14dcd6 elementor-widget elementor-widget-image\" data-id=\"e14dcd6\" data-element_type=\"widget\" data-e-type=\"widget\" data-widget_type=\"image.default\">\n\t\t\t\t<div class=\"elementor-widget-container\">\n\t\t\t\t\t\t\t\t\t\t\t\t\t\t\t<img loading=\"lazy\" decoding=\"async\" width=\"686\" height=\"1024\" src=\"https:\/\/kendov-dvorec.com\/wp-content\/uploads\/2025\/09\/kendov-dvorec-klavze-686x1024.jpg\" class=\"attachment-large size-large wp-image-24384\" alt=\"\" srcset=\"https:\/\/kendov-dvorec.com\/wp-content\/uploads\/2025\/09\/kendov-dvorec-klavze-686x1024.jpg 686w, https:\/\/kendov-dvorec.com\/wp-content\/uploads\/2025\/09\/kendov-dvorec-klavze-201x300.jpg 201w, https:\/\/kendov-dvorec.com\/wp-content\/uploads\/2025\/09\/kendov-dvorec-klavze-768x1147.jpg 768w, https:\/\/kendov-dvorec.com\/wp-content\/uploads\/2025\/09\/kendov-dvorec-klavze.jpg 900w\" sizes=\"(max-width: 686px) 100vw, 686px\" \/>\t\t\t\t\t\t\t\t\t\t\t\t\t\t\t<\/div>\n\t\t\t\t<\/div>\n\t\t\t\t<\/div>\n\t\t\t\t\t<\/div>\n\t\t\t\t<\/div>\n\t\t<div class=\"elementor-element elementor-element-388e647 e-flex e-con-boxed e-con e-parent\" data-id=\"388e647\" data-element_type=\"container\" data-e-type=\"container\" data-settings=\"{&quot;background_background&quot;:&quot;classic&quot;}\">\n\t\t\t\t\t<div class=\"e-con-inner\">\n\t\t<div class=\"elementor-element elementor-element-2047a05 e-con-full e-flex e-con e-child\" data-id=\"2047a05\" data-element_type=\"container\" data-e-type=\"container\">\n\t\t\t\t<div class=\"elementor-element elementor-element-215d22a elementor-widget elementor-widget-image\" data-id=\"215d22a\" data-element_type=\"widget\" data-e-type=\"widget\" data-widget_type=\"image.default\">\n\t\t\t\t<div class=\"elementor-widget-container\">\n\t\t\t\t\t\t\t\t\t\t\t\t\t\t\t<img loading=\"lazy\" decoding=\"async\" width=\"800\" height=\"800\" src=\"https:\/\/kendov-dvorec.com\/wp-content\/uploads\/2025\/09\/panorama.jpg\" class=\"attachment-large size-large wp-image-24417\" alt=\"\" srcset=\"https:\/\/kendov-dvorec.com\/wp-content\/uploads\/2025\/09\/panorama.jpg 960w, https:\/\/kendov-dvorec.com\/wp-content\/uploads\/2025\/09\/panorama-300x300.jpg 300w, https:\/\/kendov-dvorec.com\/wp-content\/uploads\/2025\/09\/panorama-150x150.jpg 150w, https:\/\/kendov-dvorec.com\/wp-content\/uploads\/2025\/09\/panorama-768x768.jpg 768w\" sizes=\"(max-width: 800px) 100vw, 800px\" \/>\t\t\t\t\t\t\t\t\t\t\t\t\t\t\t<\/div>\n\t\t\t\t<\/div>\n\t\t\t\t<\/div>\n\t\t<div class=\"elementor-element elementor-element-a485021 e-con-full e-flex e-con e-child\" data-id=\"a485021\" data-element_type=\"container\" data-e-type=\"container\">\n\t\t\t\t<div class=\"elementor-element elementor-element-a742389 elementor-widget elementor-widget-heading\" data-id=\"a742389\" data-element_type=\"widget\" data-e-type=\"widget\" data-widget_type=\"heading.default\">\n\t\t\t\t<div class=\"elementor-widget-container\">\n\t\t\t\t\t<h1 class=\"elementor-heading-title elementor-size-default\">EXCURSION SUR LE PLATEAU<\/h1>\t\t\t\t<\/div>\n\t\t\t\t<\/div>\n\t\t\t\t<div class=\"elementor-element elementor-element-6b5b11a elementor-widget elementor-widget-heading\" data-id=\"6b5b11a\" data-element_type=\"widget\" data-e-type=\"widget\" data-widget_type=\"heading.default\">\n\t\t\t\t<div class=\"elementor-widget-container\">\n\t\t\t\t\t<h1 class=\"elementor-heading-title elementor-size-default\">IDRIJSKE KRNICE<\/h1>\t\t\t\t<\/div>\n\t\t\t\t<\/div>\n\t\t\t\t<div class=\"elementor-element elementor-element-5cc7a12 elementor-widget elementor-widget-heading\" data-id=\"5cc7a12\" data-element_type=\"widget\" data-e-type=\"widget\" data-widget_type=\"heading.default\">\n\t\t\t\t<div class=\"elementor-widget-container\">\n\t\t\t\t\t<h2 class=\"elementor-heading-title elementor-size-default\">Dirigez-vous vers un village perch\u00e9 sur un plateau au-dessus de la vall\u00e9e de Kanomljica.<\/h2>\t\t\t\t<\/div>\n\t\t\t\t<\/div>\n\t\t\t\t<div class=\"elementor-element elementor-element-56b99ac elementor-widget elementor-widget-text-editor\" data-id=\"56b99ac\" data-element_type=\"widget\" data-e-type=\"widget\" data-widget_type=\"text-editor.default\">\n\t\t\t\t<div class=\"elementor-widget-container\">\n\t\t\t\t\t\t\t\t\t<p>Les premiers kilom\u00e8tres de la vall\u00e9e de Kanomlja \u00e0 Idrijske Krnice seront assez raides, car il faudra monter plus de 700 m de d\u00e9nivel\u00e9, mais la beaut\u00e9 du plateau, la douceur du paysage vallonn\u00e9, la vue du <strong>Jelenk<\/strong>, \u00e0 une altitude de 1107 m, et les magnifiques couchers de soleil en vaudront l\u2019effort.<\/p><p>Les fermes du village pittoresque produisent <strong>d\u2019excellents fromages et produits laitiers<\/strong> \u00e0 base de lait de vache, ainsi que des herbes biologiques pour les <strong>tisanes<\/strong>, que vous pouvez \u00e9galement savourer, sur accord pr\u00e9alable. Le village, d\u2019environ 140 habitants, est \u00e9galement connu pour sa longue tradition d\u2019<strong>exploitation de charbon<\/strong>. <\/p><p><em>Kendov Dvorec \u2013 Hi\u0161a zeli\u0161\u010d (Maison des Herbes) \u2013 Idrijske Krnice \u2013 Kendov Dvorec<\/em><\/p><p><em>Longueur :<strong> 24 km<\/strong><br>D\u00e9nivel\u00e9 : <strong>715 m<\/strong> <\/em><\/p>\t\t\t\t\t\t\t\t<\/div>\n\t\t\t\t<\/div>\n\t\t\t\t<\/div>\n\t\t\t\t\t<\/div>\n\t\t\t\t<\/div>\n\t\t\t\t<\/div>\n\t\t","protected":false},"excerpt":{"rendered":"<p>EXP\u00c9RIENCES EXCURSION \u00c0 V\u00c9LO Partez \u00e0 l\u2019aventure ! Passez la journ\u00e9e au grand air, \u00e0 la d\u00e9couverte de magnifiques paysages, de sites historiques et culturels. Au manoir de Kendov Dvorec, nous vous offrons la possibilit\u00e9 de louer un v\u00e9lo \u00e9lectrique, avec lequel vous pourrez facilement faire face \u00e0 des sentiers plus escarp\u00e9s dans les collines [&hellip;]<\/p>\n","protected":false},"author":1,"featured_media":970,"parent":26712,"menu_order":9,"comment_status":"closed","ping_status":"closed","template":"elementor_header_footer","meta":{"footnotes":""},"class_list":["post-26771","page","type-page","status-publish","has-post-thumbnail","hentry"],"_links":{"self":[{"href":"https:\/\/kendov-dvorec.com\/fr\/wp-json\/wp\/v2\/pages\/26771","targetHints":{"allow":["GET"]}}],"collection":[{"href":"https:\/\/kendov-dvorec.com\/fr\/wp-json\/wp\/v2\/pages"}],"about":[{"href":"https:\/\/kendov-dvorec.com\/fr\/wp-json\/wp\/v2\/types\/page"}],"author":[{"embeddable":true,"href":"https:\/\/kendov-dvorec.com\/fr\/wp-json\/wp\/v2\/users\/1"}],"replies":[{"embeddable":true,"href":"https:\/\/kendov-dvorec.com\/fr\/wp-json\/wp\/v2\/comments?post=26771"}],"version-history":[{"count":2,"href":"https:\/\/kendov-dvorec.com\/fr\/wp-json\/wp\/v2\/pages\/26771\/revisions"}],"predecessor-version":[{"id":26773,"href":"https:\/\/kendov-dvorec.com\/fr\/wp-json\/wp\/v2\/pages\/26771\/revisions\/26773"}],"up":[{"embeddable":true,"href":"https:\/\/kendov-dvorec.com\/fr\/wp-json\/wp\/v2\/pages\/26712"}],"wp:featuredmedia":[{"embeddable":true,"href":"https:\/\/kendov-dvorec.com\/fr\/wp-json\/wp\/v2\/media\/970"}],"wp:attachment":[{"href":"https:\/\/kendov-dvorec.com\/fr\/wp-json\/wp\/v2\/media?parent=26771"}],"curies":[{"name":"wp","href":"https:\/\/api.w.org\/{rel}","templated":true}]}}