{"id":26788,"date":"2017-10-05T07:36:18","date_gmt":"2017-10-05T06:36:18","guid":{"rendered":"https:\/\/kendov-dvorec.com\/auteurs\/"},"modified":"2026-04-07T08:20:45","modified_gmt":"2026-04-07T07:20:45","slug":"auteurs","status":"publish","type":"page","link":"https:\/\/kendov-dvorec.com\/fr\/auteurs\/","title":{"rendered":"AUTEURS"},"content":{"rendered":"\t\t<div data-elementor-type=\"wp-page\" data-elementor-id=\"26788\" class=\"elementor elementor-26788 elementor-5834\" data-elementor-post-type=\"page\">\n\t\t\t\t<div class=\"elementor-element elementor-element-ed152e4 e-flex e-con-boxed e-con e-parent\" data-id=\"ed152e4\" data-element_type=\"container\" data-e-type=\"container\">\n\t\t\t\t\t<div class=\"e-con-inner\">\n\t\t\t\t<div class=\"elementor-element elementor-element-92c068e elementor-widget elementor-widget-heading\" data-id=\"92c068e\" data-element_type=\"widget\" data-e-type=\"widget\" data-widget_type=\"heading.default\">\n\t\t\t\t<div class=\"elementor-widget-container\">\n\t\t\t\t\t<h3 class=\"elementor-heading-title elementor-size-default\">AUTEURS<\/h3>\t\t\t\t<\/div>\n\t\t\t\t<\/div>\n\t\t\t\t<div class=\"elementor-element elementor-element-820e985 elementor-widget elementor-widget-text-editor\" data-id=\"820e985\" data-element_type=\"widget\" data-e-type=\"widget\" data-widget_type=\"text-editor.default\">\n\t\t\t\t<div class=\"elementor-widget-container\">\n\t\t\t\t\t\t\t\t\t<h6 class=\"fusion-responsive-typography-calculated\" data-fontsize=\"19\" data-lineheight=\"28.5px\">Auteurs d\u2019site:<\/h6><p>Vesna Lamov\u0161ek, Mojaspletka, www.mojaspletka.si<\/p><h6 class=\"fusion-responsive-typography-calculated\" data-fontsize=\"19\" data-lineheight=\"28.5px\"><span style=\"color: #b4975a;\">Design:<\/span><\/h6><p>Kristina Smodila, Designlicious, www.designlicious.si<\/p><h6 class=\"fusion-responsive-typography-calculated\" data-fontsize=\"19\" data-lineheight=\"28.5px\">Contenu:<\/h6><p>Kendov dvorec<\/p><h6 class=\"fusion-responsive-typography-calculated\" data-fontsize=\"19\" data-lineheight=\"28.5px\">Photos:<\/h6><p>Zoran Abram<br>Dragan Arrigler<br>Fiorenzo Calosso &amp; Riccardo Lavezzo<br>Gabriele Cutini<br>Branko \u010ceak<br>Dean Dubukovi\u010d<br>Ale\u0161 Fev\u017eer<br>Jo\u0161t Gantar, <a href=\"http:\/\/www.slovenia.info\/\">slovenia.info<\/a><br>Fulvio Grisoni <br>Nejc Hafner<br>Anne-Claire H\u00e9raud<br>Vid Jakop<br>Tomo Jeseni\u010dnik, <a href=\"http:\/\/www.slovenia.info\/\">slovenia.info<\/a><br>Miran Kambi\u010d, <a href=\"http:\/\/www.slovenia.info\/\">slovenia.info<\/a><br>Tilen Klinc &amp; Alja\u017e Seljak  <br>Miha Kokalj<br>Luka Kotnik, Mediaspeed, <a href=\"http:\/\/www.slovenia.info\/\">slovenia.info<\/a><br>Breda Krajnc <br>Matic Kuder<br>\u017diga Lov\u0161in<br>Uro\u0161 Mencinger<br>Marijan Mo\u010divnik<br>Jani Peternelj, archive R\u017dS, <a href=\"http:\/\/www.slovenia.info\/\">slovenia.info<\/a><br>Tadeja Pav\u0161i\u010d <br>Helena Pregelj<br>Janez Puk\u0161i\u010d<br>Grega \u0160ajn<br>Marko \u0160inkovec, slovenia.info<br>Bojan Tav\u010dar<br>Samo Trebi\u017ean<br>Bo\u017eo Ur\u0161i\u010d, archive Idrija Tourist Board, <a href=\"http:\/\/www.slovenia.info\/\">slovenia.info<\/a><br>Vivi &amp; Ian,  <a href=\"http:\/\/www.wnfdiary.com\/\">wnfdiary.com <\/a><\/p><p>Stephanie Tetu<\/p><p>Tine Venko<br>Robert Zabukovec<\/p><p>\u2026<\/p><p>Mine touristique Antonijev Rov<\/p><p>Dentelle d\u2019Idrija par Tina Koder<\/p><p>Centre du patrimoine d\u2019Idrija<\/p><p>Centre de gestion du patrimoine Mercury<\/p><p>\u00c9cole de dentelle d\u2019Idrija : Dentelle d\u2019Idrija<br>R\u00e9alis\u00e9e par Anja Miku\u017e, \u00e9tudiante de l\u2019\u00c9cole de dentelle d\u2019Idrija<br>Auteur du motif : aucune mention, Archives de l\u2019\u00c9cole de dentelle d\u2019Idrija<br>Photographie : Marijan Mo\u010divnik<\/p><p>Mus\u00e9e municipal d\u2019Idrija<\/p><p>Association de p\u00eache d\u2019Idrija<\/p><p>Fonderie Mercury<\/p><p>Visit Cerkno \/ www.visitcerkno.si<\/p><p>Visit Idrija \/ www.visit-idrija.si<\/p><p>Paroisse de Spodnja Idrija<\/p><div id=\"gtx-trans\" style=\"position: absolute; left: -3px; top: 361.312px;\"><div class=\"gtx-trans-icon\"> <\/div><\/div>\t\t\t\t\t\t\t\t<\/div>\n\t\t\t\t<\/div>\n\t\t\t\t\t<\/div>\n\t\t\t\t<\/div>\n\t\t\t\t<\/div>\n\t\t","protected":false},"excerpt":{"rendered":"<p>AUTEURS Auteurs d\u2019site: Vesna Lamov\u0161ek, Mojaspletka, www.mojaspletka.si Design: Kristina Smodila, Designlicious, www.designlicious.si Contenu: Kendov dvorec Photos: Zoran AbramDragan ArriglerFiorenzo Calosso &amp; Riccardo LavezzoGabriele CutiniBranko \u010ceakDean Dubukovi\u010dAle\u0161 Fev\u017eerJo\u0161t Gantar, slovenia.infoFulvio Grisoni Nejc HafnerAnne-Claire H\u00e9raudVid JakopTomo Jeseni\u010dnik, slovenia.infoMiran Kambi\u010d, slovenia.infoTilen Klinc &amp; Alja\u017e Seljak Miha KokaljLuka Kotnik, Mediaspeed, slovenia.infoBreda Krajnc Matic Kuder\u017diga Lov\u0161inUro\u0161 MencingerMarijan Mo\u010divnikJani Peternelj, archive [&hellip;]<\/p>\n","protected":false},"author":1,"featured_media":2280,"parent":0,"menu_order":9,"comment_status":"closed","ping_status":"closed","template":"elementor_header_footer","meta":{"footnotes":""},"class_list":["post-26788","page","type-page","status-publish","has-post-thumbnail","hentry"],"_links":{"self":[{"href":"https:\/\/kendov-dvorec.com\/fr\/wp-json\/wp\/v2\/pages\/26788","targetHints":{"allow":["GET"]}}],"collection":[{"href":"https:\/\/kendov-dvorec.com\/fr\/wp-json\/wp\/v2\/pages"}],"about":[{"href":"https:\/\/kendov-dvorec.com\/fr\/wp-json\/wp\/v2\/types\/page"}],"author":[{"embeddable":true,"href":"https:\/\/kendov-dvorec.com\/fr\/wp-json\/wp\/v2\/users\/1"}],"replies":[{"embeddable":true,"href":"https:\/\/kendov-dvorec.com\/fr\/wp-json\/wp\/v2\/comments?post=26788"}],"version-history":[{"count":3,"href":"https:\/\/kendov-dvorec.com\/fr\/wp-json\/wp\/v2\/pages\/26788\/revisions"}],"predecessor-version":[{"id":26795,"href":"https:\/\/kendov-dvorec.com\/fr\/wp-json\/wp\/v2\/pages\/26788\/revisions\/26795"}],"wp:featuredmedia":[{"embeddable":true,"href":"https:\/\/kendov-dvorec.com\/fr\/wp-json\/wp\/v2\/media\/2280"}],"wp:attachment":[{"href":"https:\/\/kendov-dvorec.com\/fr\/wp-json\/wp\/v2\/media?parent=26788"}],"curies":[{"name":"wp","href":"https:\/\/api.w.org\/{rel}","templated":true}]}}