{"id":26807,"date":"2021-01-15T12:27:20","date_gmt":"2021-01-15T12:27:20","guid":{"rendered":"https:\/\/kendov-dvorec.com\/contact\/"},"modified":"2026-04-07T08:21:27","modified_gmt":"2026-04-07T07:21:27","slug":"contact","status":"publish","type":"page","link":"https:\/\/kendov-dvorec.com\/fr\/contact\/","title":{"rendered":"Contact"},"content":{"rendered":"\t\t<div data-elementor-type=\"wp-page\" data-elementor-id=\"26807\" class=\"elementor elementor-26807 elementor-6904\" data-elementor-post-type=\"page\">\n\t\t\t\t<div class=\"elementor-element elementor-element-26f7bba e-flex e-con-boxed e-con e-parent\" data-id=\"26f7bba\" data-element_type=\"container\" data-e-type=\"container\" data-settings=\"{&quot;background_background&quot;:&quot;classic&quot;}\">\n\t\t\t\t\t<div class=\"e-con-inner\">\n\t\t\t\t\t<\/div>\n\t\t\t\t<\/div>\n\t\t<div class=\"elementor-element elementor-element-0655d00 e-flex e-con-boxed e-con e-parent\" data-id=\"0655d00\" data-element_type=\"container\" data-e-type=\"container\">\n\t\t\t\t\t<div class=\"e-con-inner\">\n\t\t\t\t<div class=\"elementor-element elementor-element-069e8d6 elementor-widget elementor-widget-heading\" data-id=\"069e8d6\" data-element_type=\"widget\" data-e-type=\"widget\" data-widget_type=\"heading.default\">\n\t\t\t\t<div class=\"elementor-widget-container\">\n\t\t\t\t\t<h1 class=\"elementor-heading-title elementor-size-default\">Kendov Dvorec<\/h1>\t\t\t\t<\/div>\n\t\t\t\t<\/div>\n\t\t\t\t<div class=\"elementor-element elementor-element-99206e8 elementor-widget elementor-widget-text-editor\" data-id=\"99206e8\" data-element_type=\"widget\" data-e-type=\"widget\" data-widget_type=\"text-editor.default\">\n\t\t\t\t<div class=\"elementor-widget-container\">\n\t\t\t\t\t\t\t\t\t<p>Na Gri\u010du 2, 5281 Spodnja Idrija<br>Slov\u00e9nie<\/p><p>T: +386 5 37 25 100<br>E: info@kendov-dvorec.com<\/p>\t\t\t\t\t\t\t\t<\/div>\n\t\t\t\t<\/div>\n\t\t\t\t<div class=\"elementor-element elementor-element-0ba72bb elementor-widget elementor-widget-html\" data-id=\"0ba72bb\" data-element_type=\"widget\" data-e-type=\"widget\" data-widget_type=\"html.default\">\n\t\t\t\t<div class=\"elementor-widget-container\">\n\t\t\t\t\t<iframe src=\"https:\/\/www.google.com\/maps\/embed?pb=!1m14!1m8!1m3!1d11079.592961113029!2d14.025247!3d46.033179!3m2!1i1024!2i768!4f13.1!3m3!1m2!1s0x477ae0b3f25871d9%3A0xbdb280ebe1043684!2sNa%20Gri%C4%8Du%202%2C%205281%20Spodnja%20Idrija%2C%20Slovenia!5e0!3m2!1sen!2sus!4v1758668830285!5m2!1sen!2sus\" width=\"600\" height=\"450\" style=\"border:0;\" allowfullscreen=\"\" loading=\"lazy\" referrerpolicy=\"no-referrer-when-downgrade\"><\/iframe>\t\t\t\t<\/div>\n\t\t\t\t<\/div>\n\t\t\t\t\t<\/div>\n\t\t\t\t<\/div>\n\t\t<div class=\"elementor-element elementor-element-60b62d6 e-flex e-con-boxed e-con e-parent\" data-id=\"60b62d6\" data-element_type=\"container\" data-e-type=\"container\">\n\t\t\t\t\t<div class=\"e-con-inner\">\n\t\t\t\t<div class=\"elementor-element elementor-element-ab35323 elementor-widget elementor-widget-heading\" data-id=\"ab35323\" data-element_type=\"widget\" data-e-type=\"widget\" data-widget_type=\"heading.default\">\n\t\t\t\t<div class=\"elementor-widget-container\">\n\t\t\t\t\t<h1 class=\"elementor-heading-title elementor-size-default\">Envoyer un message<\/h1>\t\t\t\t<\/div>\n\t\t\t\t<\/div>\n\t\t\t\t<div class=\"elementor-element elementor-element-d7d6904 elementor-button-align-start elementor-widget elementor-widget-form\" data-id=\"d7d6904\" data-element_type=\"widget\" data-e-type=\"widget\" data-settings=\"{&quot;button_width&quot;:&quot;60&quot;,&quot;step_next_label&quot;:&quot;Suivant&quot;,&quot;step_previous_label&quot;:&quot;Pr\\u00e9c\\u00e9dent&quot;,&quot;step_type&quot;:&quot;number_text&quot;,&quot;step_icon_shape&quot;:&quot;circle&quot;}\" data-widget_type=\"form.default\">\n\t\t\t\t<div class=\"elementor-widget-container\">\n\t\t\t\t\t\t\t<form class=\"elementor-form\" method=\"post\" name=\"Nouveau formulaire\" aria-label=\"Nouveau formulaire\">\n\t\t\t<input type=\"hidden\" name=\"post_id\" value=\"26807\"\/>\n\t\t\t<input type=\"hidden\" name=\"form_id\" value=\"d7d6904\"\/>\n\t\t\t<input type=\"hidden\" name=\"referer_title\" value=\"\" \/>\n\n\t\t\t\n\t\t\t<div class=\"elementor-form-fields-wrapper elementor-labels-\">\n\t\t\t\t\t\t\t\t<div class=\"elementor-field-type-text elementor-field-group elementor-column elementor-field-group-name elementor-col-100 elementor-field-required\">\n\t\t\t\t\t\t\t\t\t\t\t\t<label for=\"form-field-name\" class=\"elementor-field-label elementor-screen-only\">\n\t\t\t\t\t\t\t\tNom\t\t\t\t\t\t\t<\/label>\n\t\t\t\t\t\t\t\t\t\t\t\t\t\t<input size=\"1\" type=\"text\" name=\"form_fields[name]\" id=\"form-field-name\" class=\"elementor-field elementor-size-md  elementor-field-textual\" placeholder=\"Votre nom\" required=\"required\">\n\t\t\t\t\t\t\t\t\t\t\t<\/div>\n\t\t\t\t\t\t\t\t<div class=\"elementor-field-type-email elementor-field-group elementor-column elementor-field-group-email elementor-col-100 elementor-field-required\">\n\t\t\t\t\t\t\t\t\t\t\t\t<label for=\"form-field-email\" class=\"elementor-field-label elementor-screen-only\">\n\t\t\t\t\t\t\t\tEmail\t\t\t\t\t\t\t<\/label>\n\t\t\t\t\t\t\t\t\t\t\t\t\t\t<input size=\"1\" type=\"email\" name=\"form_fields[email]\" id=\"form-field-email\" class=\"elementor-field elementor-size-md  elementor-field-textual\" placeholder=\"Votre adresse e-mail\" required=\"required\">\n\t\t\t\t\t\t\t\t\t\t\t<\/div>\n\t\t\t\t\t\t\t\t<div class=\"elementor-field-type-text elementor-field-group elementor-column elementor-field-group-field_933f9e5 elementor-col-100\">\n\t\t\t\t\t\t\t\t\t\t\t\t<label for=\"form-field-field_933f9e5\" class=\"elementor-field-label elementor-screen-only\">\n\t\t\t\t\t\t\t\tobjet\t\t\t\t\t\t\t<\/label>\n\t\t\t\t\t\t\t\t\t\t\t\t\t\t<input size=\"1\" type=\"text\" name=\"form_fields[field_933f9e5]\" id=\"form-field-field_933f9e5\" class=\"elementor-field elementor-size-md  elementor-field-textual\" placeholder=\"Objet\">\n\t\t\t\t\t\t\t\t\t\t\t<\/div>\n\t\t\t\t\t\t\t\t<div class=\"elementor-field-type-textarea elementor-field-group elementor-column elementor-field-group-message elementor-col-100 elementor-field-required\">\n\t\t\t\t\t\t\t\t\t\t\t\t<label for=\"form-field-message\" class=\"elementor-field-label elementor-screen-only\">\n\t\t\t\t\t\t\t\tMessage\t\t\t\t\t\t\t<\/label>\n\t\t\t\t\t\t<textarea class=\"elementor-field-textual elementor-field  elementor-size-md\" name=\"form_fields[message]\" id=\"form-field-message\" rows=\"6\" placeholder=\"Votre message\" required=\"required\"><\/textarea>\t\t\t\t<\/div>\n\t\t\t\t\t\t\t\t<div class=\"elementor-field-type-acceptance elementor-field-group elementor-column elementor-field-group-field_676bb10 elementor-col-100 elementor-field-required\">\n\t\t\t\t\t\t\t<div class=\"elementor-field-subgroup\">\n\t\t\t<span class=\"elementor-field-option\">\n\t\t\t\t<input type=\"checkbox\" name=\"form_fields[field_676bb10]\" id=\"form-field-field_676bb10\" class=\"elementor-field elementor-size-md  elementor-acceptance-field\" required=\"required\">\n\t\t\t\t<label for=\"form-field-field_676bb10\">Nous utilisons vos informations uniquement pour r\u00e9pondre \u00e0 vos questions, conform\u00e9ment \u00e0 nos conditions commerciales.<\/label>\t\t\t<\/span>\n\t\t<\/div>\n\t\t\t\t\t\t<\/div>\n\t\t\t\t\t\t\t\t<div class=\"elementor-field-group elementor-column elementor-field-type-submit elementor-col-60 e-form__buttons\">\n\t\t\t\t\t<button class=\"elementor-button elementor-size-sm\" type=\"submit\">\n\t\t\t\t\t\t<span class=\"elementor-button-content-wrapper\">\n\t\t\t\t\t\t\t\t\t\t\t\t\t\t\t\t\t\t\t\t\t\t<span class=\"elementor-button-text\">Envoyer<\/span>\n\t\t\t\t\t\t\t\t\t\t\t\t\t<\/span>\n\t\t\t\t\t<\/button>\n\t\t\t\t<\/div>\n\t\t\t<\/div>\n\t\t<\/form>\n\t\t\t\t\t\t<\/div>\n\t\t\t\t<\/div>\n\t\t\t\t\t<\/div>\n\t\t\t\t<\/div>\n\t\t<div class=\"elementor-element elementor-element-197ad9a e-flex e-con-boxed e-con e-parent\" data-id=\"197ad9a\" data-element_type=\"container\" data-e-type=\"container\" data-settings=\"{&quot;background_background&quot;:&quot;classic&quot;}\">\n\t\t\t\t\t<div class=\"e-con-inner\">\n\t\t\t\t<div class=\"elementor-element elementor-element-e7f3ddc elementor-widget elementor-widget-heading\" data-id=\"e7f3ddc\" data-element_type=\"widget\" data-e-type=\"widget\" data-widget_type=\"heading.default\">\n\t\t\t\t<div class=\"elementor-widget-container\">\n\t\t\t\t\t<h1 class=\"elementor-heading-title elementor-size-default\">Acc\u00e8s<\/h1>\t\t\t\t<\/div>\n\t\t\t\t<\/div>\n\t\t\t\t<div class=\"elementor-element elementor-element-e449a70 elementor-widget elementor-widget-text-editor\" data-id=\"e449a70\" data-element_type=\"widget\" data-e-type=\"widget\" data-widget_type=\"text-editor.default\">\n\t\t\t\t<div class=\"elementor-widget-container\">\n\t\t\t\t\t\t\t\t\t<p><strong>A\u00e9roports les plus proches:<\/strong><\/p><p><strong>Ljubljana <\/strong>(80 km \/ 1 h 15 min)<\/p><p><strong>Triste<\/strong>, Italie (90 km \/ 1 h 25 min)<\/p><p><strong>Venise \u2013 Marco Polo<\/strong>, Italie (190 km \/ 2 h 15 min)<\/p><p>Autres a\u00e9roports \u00e0 proximit\u00e9: <strong>Rijeka, Klagenfurt, Venise \u2013 Tr\u00e9vise, Zagreb.<\/strong><\/p><p>Nous offrons le transport de l\u2019a\u00e9roport \u00e0 Kendov Dvorec.<\/p><p><strong>Par voiture:<\/strong><\/p><p>Kendov Dvorec se trouve \u00e0 une heure de route de Ljubljana et de la fronti\u00e8re italienne et \u00e0 deux bonnes heures de Venise.<\/p><p><strong>En provenance de Ljubljana<\/strong>: par l\u2019autoroute E61 jusqu\u2019\u00e0 la sortie Logatec en direction d\u2019Idrija.<\/p><p><strong>En provenance d\u2019Italie <\/strong> par l\u2019autoroute H4 jusqu\u2019\u00e0 la sortie Ajdov\u0161\u010dina en direction d\u2019Idrija ou par l\u2019autoroute E61 jusqu\u2019\u00e0 la sortie Logatec en direction d\u2019Idrija.<\/p><p><strong>PARKING<\/strong><\/p><p>Nous fournissons \u00e0 nos clients un parking gratuit et le chargement gratuit des voitures \u00e9lectriques.<\/p>\t\t\t\t\t\t\t\t<\/div>\n\t\t\t\t<\/div>\n\t\t\t\t\t<\/div>\n\t\t\t\t<\/div>\n\t\t\t\t<\/div>\n\t\t","protected":false},"excerpt":{"rendered":"<p>Kendov Dvorec Na Gri\u010du 2, 5281 Spodnja IdrijaSlov\u00e9nie T: +386 5 37 25 100E: info@kendov-dvorec.com Envoyer un message Acc\u00e8s A\u00e9roports les plus proches: Ljubljana (80 km \/ 1 h 15 min) Triste, Italie (90 km \/ 1 h 25 min) Venise \u2013 Marco Polo, Italie (190 km \/ 2 h 15 min) Autres a\u00e9roports \u00e0 [&hellip;]<\/p>\n","protected":false},"author":1,"featured_media":0,"parent":0,"menu_order":9,"comment_status":"closed","ping_status":"closed","template":"elementor_header_footer","meta":{"footnotes":""},"class_list":["post-26807","page","type-page","status-publish","hentry"],"_links":{"self":[{"href":"https:\/\/kendov-dvorec.com\/fr\/wp-json\/wp\/v2\/pages\/26807","targetHints":{"allow":["GET"]}}],"collection":[{"href":"https:\/\/kendov-dvorec.com\/fr\/wp-json\/wp\/v2\/pages"}],"about":[{"href":"https:\/\/kendov-dvorec.com\/fr\/wp-json\/wp\/v2\/types\/page"}],"author":[{"embeddable":true,"href":"https:\/\/kendov-dvorec.com\/fr\/wp-json\/wp\/v2\/users\/1"}],"replies":[{"embeddable":true,"href":"https:\/\/kendov-dvorec.com\/fr\/wp-json\/wp\/v2\/comments?post=26807"}],"version-history":[{"count":1,"href":"https:\/\/kendov-dvorec.com\/fr\/wp-json\/wp\/v2\/pages\/26807\/revisions"}],"predecessor-version":[{"id":26808,"href":"https:\/\/kendov-dvorec.com\/fr\/wp-json\/wp\/v2\/pages\/26807\/revisions\/26808"}],"wp:attachment":[{"href":"https:\/\/kendov-dvorec.com\/fr\/wp-json\/wp\/v2\/media?parent=26807"}],"curies":[{"name":"wp","href":"https:\/\/api.w.org\/{rel}","templated":true}]}}