{"id":26825,"date":"2017-10-17T16:48:07","date_gmt":"2017-10-17T15:48:07","guid":{"rendered":"https:\/\/kendov-dvorec.com\/a-propos-des-cookies\/"},"modified":"2026-04-07T08:21:07","modified_gmt":"2026-04-07T07:21:07","slug":"a-propos-des-cookies","status":"publish","type":"page","link":"https:\/\/kendov-dvorec.com\/fr\/a-propos-des-cookies\/","title":{"rendered":"\u00c0 PROPOS DES COOKIES"},"content":{"rendered":"\t\t<div data-elementor-type=\"wp-page\" data-elementor-id=\"26825\" class=\"elementor elementor-26825 elementor-5847\" data-elementor-post-type=\"page\">\n\t\t\t\t<div class=\"elementor-element elementor-element-6bb2fa2 e-flex e-con-boxed e-con e-parent\" data-id=\"6bb2fa2\" data-element_type=\"container\" data-e-type=\"container\">\n\t\t\t\t\t<div class=\"e-con-inner\">\n\t\t\t\t<div class=\"elementor-element elementor-element-0eaf6bb elementor-widget elementor-widget-heading\" data-id=\"0eaf6bb\" data-element_type=\"widget\" data-e-type=\"widget\" data-widget_type=\"heading.default\">\n\t\t\t\t<div class=\"elementor-widget-container\">\n\t\t\t\t\t<h1 class=\"elementor-heading-title elementor-size-default\">\u00c0 PROPOS DES COOKIES<\/h1>\t\t\t\t<\/div>\n\t\t\t\t<\/div>\n\t\t\t\t<div class=\"elementor-element elementor-element-682af6f elementor-widget elementor-widget-text-editor\" data-id=\"682af6f\" data-element_type=\"widget\" data-e-type=\"widget\" data-widget_type=\"text-editor.default\">\n\t\t\t\t<div class=\"elementor-widget-container\">\n\t\t\t\t\t\t\t\t\t<p>Le site Internet www.kendov-dvorec.com utilise des cookies qui ne stockent pas d\u2019informations personnelles, mais surveillent votre activit\u00e9 et vos int\u00e9r\u00eats, afin de fournir une meilleure exp\u00e9rience utilisateur. En utilisant le site Internet, les visiteurs consentent \u00e0 leur utilisation. <\/p><p>Les cookies ne sont pas nouveaux : tous les visiteurs des sites Web poss\u00e8dent de nombreux cookies de diff\u00e9rents sites Web sur leurs ordinateurs, leurs tablettes et leurs t\u00e9l\u00e9phones portables. La seule nouveaut\u00e9 (en raison de la nouvelle l\u00e9gislation) concerne les modifications apport\u00e9es \u00e0 la notification des utilisateurs sur les cookies et \u00e0 leur consentement \u00e0 leur utilisation.   <\/p>\t\t\t\t\t\t\t\t<\/div>\n\t\t\t\t<\/div>\n\t\t\t\t<div class=\"elementor-element elementor-element-eb8f6f3 elementor-widget elementor-widget-heading\" data-id=\"eb8f6f3\" data-element_type=\"widget\" data-e-type=\"widget\" data-widget_type=\"heading.default\">\n\t\t\t\t<div class=\"elementor-widget-container\">\n\t\t\t\t\t<h3 class=\"elementor-heading-title elementor-size-default\">Que sont les cookies?<\/h3>\t\t\t\t<\/div>\n\t\t\t\t<\/div>\n\t\t\t\t<div class=\"elementor-element elementor-element-c7320a8 elementor-widget elementor-widget-text-editor\" data-id=\"c7320a8\" data-element_type=\"widget\" data-e-type=\"widget\" data-widget_type=\"text-editor.default\">\n\t\t\t\t<div class=\"elementor-widget-container\">\n\t\t\t\t\t\t\t\t\t<p>Ce sont de petits fichiers texte que la plupart des sites Internet stockent sur des appareils avec lesquels les utilisateurs acc\u00e8dent \u00e0 Internet dans le but de reconna\u00eetre les dispositifs utilis\u00e9s par les utilisateurs pour acc\u00e9der au site. Leur stockage est sous le contr\u00f4le total du navigateur dont dispose l\u2019utilisateur \u2013 ce dernier peut limiter ou d\u00e9sactiver le stockage des cookies \u00e0 volont\u00e9. Les cookies ne sont pas nocifs et sont toujours limit\u00e9s dans le temps.   <\/p>\t\t\t\t\t\t\t\t<\/div>\n\t\t\t\t<\/div>\n\t\t\t\t<div class=\"elementor-element elementor-element-84adab5 elementor-widget elementor-widget-heading\" data-id=\"84adab5\" data-element_type=\"widget\" data-e-type=\"widget\" data-widget_type=\"heading.default\">\n\t\t\t\t<div class=\"elementor-widget-container\">\n\t\t\t\t\t<h3 class=\"elementor-heading-title elementor-size-default\">Pourquoi les cookies sont-ils n\u00e9cessaires?<\/h3>\t\t\t\t<\/div>\n\t\t\t\t<\/div>\n\t\t\t\t<div class=\"elementor-element elementor-element-045c728 elementor-widget elementor-widget-text-editor\" data-id=\"045c728\" data-element_type=\"widget\" data-e-type=\"widget\" data-widget_type=\"text-editor.default\">\n\t\t\t\t<div class=\"elementor-widget-container\">\n\t\t\t\t\t\t\t\t\t<p>Ils sont fondamentaux pour fournir des services en ligne conviviaux. L\u2019interaction entre l\u2019internaute et le site est plus rapide et plus simple gr\u00e2ce aux cookies. Avec leur aide, le site garde en m\u00e9moire les pr\u00e9f\u00e9rences et l\u2019exp\u00e9rience de chaque utilisateur, ce qui permet de gagner du temps et de rendre la navigation plus efficace et conviviale.  <\/p><p>Quelques exemples sp\u00e9cifiques d\u2019utilisation de cookies:<\/p><ul><li>pour assurer une meilleure exp\u00e9rience utilisateur, le contenu affich\u00e9 sur le site Internet est adapt\u00e9 en fonction des visites pass\u00e9es;<\/li><li>pour enregistrer des choix lors de la cr\u00e9ation d\u2019une liste d\u2019appareils et d\u2019offres et de leur comparaison;<\/li><li>sur les sections de sites Internet o\u00f9 l\u2019enregistrement est obligatoire, vous restez enregistr\u00e9s;<\/li><li>pour identifier votre appareil (ordinateur, tablette, portable) qui permet d\u2019ajuster l\u2019affichage du contenu \u00e0 votre appareil;<\/li><li>pour surveiller la visite, qui permet de v\u00e9rifier l\u2019efficacit\u00e9 de l\u2019affichage du contenu et de la pertinence des annonces, ainsi que pour l\u2019am\u00e9lioration continue des sites Internet;<\/li><li>ils sont n\u00e9cessaires au fonctionnement de certains services (banques en ligne, boutiques en ligne et autres formes de commerce \u00e9lectronique, par exemple).<\/li><\/ul><p>Pour les besoins du site, nous utilisons:<\/p><p>Cookie de session<br>Requis pour faire fonctionner le syst\u00e8me pour l\u2019\u00e9dition et l\u2019affichage du contenu. Ce cookie garantit la r\u00e9ception correcte des messages \u00e9lectroniques et du contenu sur le site. Ce cookie est supprim\u00e9 lorsque l\u2019utilisateur quitte le site.  <\/p><p>Cookies pour m\u00e9moriser les pr\u00e9f\u00e9rences de l\u2019utilisateur<br>Nous utilisons des cookies pour m\u00e9moriser les param\u00e8tres de l\u2019utilisateur, tels qu\u2019un cookie contenant des informations sur l\u2019acceptation ou le rejet des cookies. <\/p><p>Cookies Google Analytics<br>__utma : dur\u00e9e du cookie = 2 ans<br>__utmb : dur\u00e9e du cookie = 30 minutes<br>__utmc : dur\u00e9e du cookie = en fermant le navigateur<br>__utmz : dur\u00e9e du cookie = 6 mois<\/p><p>\u00c0 l\u2019aide de ces cookies, nous enregistrons des statistiques sur les visiteurs. Ces cookies ne contiennent aucune information personnelle, ils servent uniquement \u00e0 garantir l\u2019unicit\u00e9 des visites.  <\/p>\t\t\t\t\t\t\t\t<\/div>\n\t\t\t\t<\/div>\n\t\t\t\t<div class=\"elementor-element elementor-element-a89ad45 elementor-widget elementor-widget-heading\" data-id=\"a89ad45\" data-element_type=\"widget\" data-e-type=\"widget\" data-widget_type=\"heading.default\">\n\t\t\t\t<div class=\"elementor-widget-container\">\n\t\t\t\t\t<h3 class=\"elementor-heading-title elementor-size-default\">Comment g\u00e9rer les cookies?<\/h3>\t\t\t\t<\/div>\n\t\t\t\t<\/div>\n\t\t\t\t<div class=\"elementor-element elementor-element-c458b0d elementor-widget elementor-widget-text-editor\" data-id=\"c458b0d\" data-element_type=\"widget\" data-e-type=\"widget\" data-widget_type=\"text-editor.default\">\n\t\t\t\t<div class=\"elementor-widget-container\">\n\t\t\t\t\t\t\t\t\t<p>La plupart des navigateurs Internet vous permettent de configurer vos cookies. Vous pouvez refuser ou accepter les cookies avec la fonction int\u00e9gr\u00e9e aux navigateurs Internet. Si vous refusez les cookies, vous pouvez continuer \u00e0 utiliser notre site, mais certaines sous-pages ne fonctionneront pas.  <\/p><p>Vous trouverez ci-dessous des liens vers des instructions pour d\u00e9sactiver les cookies sur votre navigateur Internet.<\/p>\t\t\t\t\t\t\t\t<\/div>\n\t\t\t\t<\/div>\n\t\t\t\t<div class=\"elementor-element elementor-element-bc5aaef elementor-icon-list--layout-traditional elementor-list-item-link-full_width elementor-widget elementor-widget-icon-list\" data-id=\"bc5aaef\" data-element_type=\"widget\" data-e-type=\"widget\" data-widget_type=\"icon-list.default\">\n\t\t\t\t<div class=\"elementor-widget-container\">\n\t\t\t\t\t\t\t<ul class=\"elementor-icon-list-items\">\n\t\t\t\t\t\t\t<li class=\"elementor-icon-list-item\">\n\t\t\t\t\t\t\t\t\t\t\t<a href=\"http:\/\/support.mozilla.org\/en-US\/kb\/cookies-information-websites-store-on-your-computer?redirectlocale=en-US&#038;redirectslug=Cookies\">\n\n\t\t\t\t\t\t\t\t\t\t\t<span class=\"elementor-icon-list-text\">MOZILLA FIREFOX<\/span>\n\t\t\t\t\t\t\t\t\t\t\t<\/a>\n\t\t\t\t\t\t\t\t\t<\/li>\n\t\t\t\t\t\t\t\t<li class=\"elementor-icon-list-item\">\n\t\t\t\t\t\t\t\t\t\t\t<a href=\"http:\/\/support.microsoft.com\/kb\/196955\">\n\n\t\t\t\t\t\t\t\t\t\t\t<span class=\"elementor-icon-list-text\">INTERNET EXPLORER<\/span>\n\t\t\t\t\t\t\t\t\t\t\t<\/a>\n\t\t\t\t\t\t\t\t\t<\/li>\n\t\t\t\t\t\t\t\t<li class=\"elementor-icon-list-item\">\n\t\t\t\t\t\t\t\t\t\t\t<a href=\"http:\/\/support.google.com\/chrome\/bin\/answer.py?hl=en&#038;answer=95647\">\n\n\t\t\t\t\t\t\t\t\t\t\t<span class=\"elementor-icon-list-text\">CHROME<\/span>\n\t\t\t\t\t\t\t\t\t\t\t<\/a>\n\t\t\t\t\t\t\t\t\t<\/li>\n\t\t\t\t\t\t\t\t<li class=\"elementor-icon-list-item\">\n\t\t\t\t\t\t\t\t\t\t\t<a href=\"http:\/\/support.apple.com\/kb\/PH5042\">\n\n\t\t\t\t\t\t\t\t\t\t\t<span class=\"elementor-icon-list-text\">SAFARI<\/span>\n\t\t\t\t\t\t\t\t\t\t\t<\/a>\n\t\t\t\t\t\t\t\t\t<\/li>\n\t\t\t\t\t\t<\/ul>\n\t\t\t\t\t\t<\/div>\n\t\t\t\t<\/div>\n\t\t\t\t\t<\/div>\n\t\t\t\t<\/div>\n\t\t\t\t<\/div>\n\t\t","protected":false},"excerpt":{"rendered":"<p>\u00c0 PROPOS DES COOKIES Le site Internet www.kendov-dvorec.com utilise des cookies qui ne stockent pas d\u2019informations personnelles, mais surveillent votre activit\u00e9 et vos int\u00e9r\u00eats, afin de fournir une meilleure exp\u00e9rience utilisateur. En utilisant le site Internet, les visiteurs consentent \u00e0 leur utilisation. Les cookies ne sont pas nouveaux : tous les visiteurs des sites Web [&hellip;]<\/p>\n","protected":false},"author":1,"featured_media":0,"parent":0,"menu_order":10,"comment_status":"closed","ping_status":"closed","template":"elementor_header_footer","meta":{"footnotes":""},"class_list":["post-26825","page","type-page","status-publish","hentry"],"_links":{"self":[{"href":"https:\/\/kendov-dvorec.com\/fr\/wp-json\/wp\/v2\/pages\/26825","targetHints":{"allow":["GET"]}}],"collection":[{"href":"https:\/\/kendov-dvorec.com\/fr\/wp-json\/wp\/v2\/pages"}],"about":[{"href":"https:\/\/kendov-dvorec.com\/fr\/wp-json\/wp\/v2\/types\/page"}],"author":[{"embeddable":true,"href":"https:\/\/kendov-dvorec.com\/fr\/wp-json\/wp\/v2\/users\/1"}],"replies":[{"embeddable":true,"href":"https:\/\/kendov-dvorec.com\/fr\/wp-json\/wp\/v2\/comments?post=26825"}],"version-history":[{"count":1,"href":"https:\/\/kendov-dvorec.com\/fr\/wp-json\/wp\/v2\/pages\/26825\/revisions"}],"predecessor-version":[{"id":26826,"href":"https:\/\/kendov-dvorec.com\/fr\/wp-json\/wp\/v2\/pages\/26825\/revisions\/26826"}],"wp:attachment":[{"href":"https:\/\/kendov-dvorec.com\/fr\/wp-json\/wp\/v2\/media?parent=26825"}],"curies":[{"name":"wp","href":"https:\/\/api.w.org\/{rel}","templated":true}]}}