{"id":26831,"date":"2018-06-01T10:50:22","date_gmt":"2018-06-01T09:50:22","guid":{"rendered":"https:\/\/kendov-dvorec.com\/confidentialite\/"},"modified":"2026-04-07T08:21:34","modified_gmt":"2026-04-07T07:21:34","slug":"confidentialite","status":"publish","type":"page","link":"https:\/\/kendov-dvorec.com\/fr\/confidentialite\/","title":{"rendered":"CONFIDENTIALIT\u00c9"},"content":{"rendered":"\t\t<div data-elementor-type=\"wp-page\" data-elementor-id=\"26831\" class=\"elementor elementor-26831 elementor-5852\" data-elementor-post-type=\"page\">\n\t\t\t\t<div class=\"elementor-element elementor-element-3b23e799 e-flex e-con-boxed e-con e-parent\" data-id=\"3b23e799\" data-element_type=\"container\" data-e-type=\"container\">\n\t\t\t\t\t<div class=\"e-con-inner\">\n\t\t\t\t<div class=\"elementor-element elementor-element-14bd1f77 elementor-widget elementor-widget-text-editor\" data-id=\"14bd1f77\" data-element_type=\"widget\" data-e-type=\"widget\" data-widget_type=\"text-editor.default\">\n\t\t\t\t<div class=\"elementor-widget-container\">\n\t\t\t\t\t\t\t\t\t<h1>CONFIDENTIALIT\u00c9<\/h1>\n<h3>D\u00c9CLARATION DE CONFIDENTIALIT\u00c9<\/h3>\n<p>Toutes les donn\u00e9es saisies par l\u2019utilisateur via le site Internet www.kendov-dvorec.com sont prot\u00e9g\u00e9es conform\u00e9ment \u00e0 la loi sur la protection des donn\u00e9es personnelles et sont utilis\u00e9es exclusivement pour la communication entre Kendov Dvorec, propri\u00e9t\u00e9 de Hidria Holding d.o.o., et les utilisateurs qui ont saisi leurs donn\u00e9es dans des formulaires sur le site Internet www.kendov-dvorec.com.<\/p>\n<p>Les donn\u00e9es personnelles de l\u2019abonn\u00e9 ne seront pas transmises \u00e0 des tiers.<\/p>\n<h3>FINALIT\u00c9S<\/h3>\n<p>Nous recueillons des informations personnelles conform\u00e9ment aux fins pour lesquelles vous nous les avez fournies. Nous n\u2019utiliserons les donn\u00e9es personnelles personnalis\u00e9es \u00e0 aucune autre fin. <\/p>\n<h3>BASE L\u00c9GALE<\/h3>\n<p>Nous recueillons des informations personnelles sur la base de votre consentement ou sur la base du contrat. <\/p>\n<h3>UTILISATION DES DONN\u00c9ES PERSONNELLES<\/h3>\n<p>Nous utilisons les informations personnelles exclusivement aux fins pour lesquelles vous nous les avez fournies.<\/p>\n<h3>STIOCKAGE DE DONN\u00c9ES<\/h3>\n<p>Nous conservons les informations personnelles que vous nous avez fournies lors de votre inscription au bulletin \u00e9lectronique jusqu\u2019\u00e0 l\u2019annulation. Vous pouvez r\u00e9voquer votre consentement \u00e0 traiter des donn\u00e9es personnelles \u00e0 tout moment. La r\u00e9vocation du consentement n\u2019affecte pas la l\u00e9galit\u00e9 du traitement des donn\u00e9es avant l\u2019annulation. Toutes les autres donn\u00e9es \u00e0 caract\u00e8re personnel dans le cadre de la coop\u00e9ration contractuelle sont conserv\u00e9es conform\u00e9ment \u00e0 la l\u00e9gislation applicable.  <\/p>\n<h3>TRANSMISSION DE DONN\u00c9ES PERSONNELLES<\/h3>\n<p>Nous ne divulguerons pas d\u2019informations personnelles \u00e0 des tiers, nous ne les divulguerons pas au public et nous ne transf\u00e9rerons pas de donn\u00e9es personnelles \u00e0 un pays tiers ou \u00e0 une organisation.<\/p>\n<h3>VOS DROITS<\/h3>\n<p>Conform\u00e9ment au R\u00e8glement g\u00e9n\u00e9ral sur la protection des donn\u00e9es \u00e0 caract\u00e8re personnel, vous disposez d\u2019un droit d\u2019acc\u00e8s aux donn\u00e9es vous concernant, d\u2019un droit de rectification, d\u2019un droit de limitation du traitement, du droit de suppression des donn\u00e9es et du droit de transfert des donn\u00e9es. Tout droit en vertu du R\u00e8glement g\u00e9n\u00e9ral sur la protection des donn\u00e9es \u00e0 caract\u00e8re personnel peut \u00eatre appliqu\u00e9 par \u00e9crit \u00e0 tout moment. Merci d\u2019indiquer votre nom, pr\u00e9nom et adresse e-mail. <\/p>\n<h3>BULLETIN \u00c9LECTRONIQUE<\/h3>\n<p>Si vous souhaitez recevoir des nouvelles de Kendov Dvorec par courrier \u00e9lectronique, vous pouvez vous abonner au bulletin \u00e9lectronique. L\u2019application est volontaire et vous pouvez l\u2019annuler \u00e0 tout moment. Apr\u00e8s avoir rempli le formulaire de demande, vous recevrez un message sur l\u2019email enregistr\u00e9 que vous devez confirmer pour recevoir notre bulletin \u00e9lectronique. Ceci est une mesure de s\u00e9curit\u00e9 au cas o\u00f9 quelqu\u2019un d\u2019autre taperait votre adresse email dans notre formulaire.   <\/p>\n<h3>UTILISATION DE VOS DONN\u00c9ES<\/h3>\n<p>Nous utilisons le service en ligne de MailChimp pour envoyer des nouvelles \u00e9lectroniques. En vous abonnant au bulletin \u00e9lectronique, vous acceptez que vos informations personnelles soient utilis\u00e9es dans ce syst\u00e8me conform\u00e9ment \u00e0 la politique d\u2019entreprise et \u00e0 leur politique de confidentialit\u00e9.<br> <\/p>\t\t\t\t\t\t\t\t<\/div>\n\t\t\t\t<\/div>\n\t\t\t\t\t<\/div>\n\t\t\t\t<\/div>\n\t\t\t\t<\/div>\n\t\t","protected":false},"excerpt":{"rendered":"<p>CONFIDENTIALIT\u00c9 D\u00c9CLARATION DE CONFIDENTIALIT\u00c9 Toutes les donn\u00e9es saisies par l\u2019utilisateur via le site Internet www.kendov-dvorec.com sont prot\u00e9g\u00e9es conform\u00e9ment \u00e0 la loi sur la protection des donn\u00e9es personnelles et sont utilis\u00e9es exclusivement pour la communication entre Kendov Dvorec, propri\u00e9t\u00e9 de Hidria Holding d.o.o., et les utilisateurs qui ont saisi leurs donn\u00e9es dans des formulaires sur le [&hellip;]<\/p>\n","protected":false},"author":1,"featured_media":0,"parent":0,"menu_order":10,"comment_status":"closed","ping_status":"closed","template":"elementor_header_footer","meta":{"footnotes":""},"class_list":["post-26831","page","type-page","status-publish","hentry"],"_links":{"self":[{"href":"https:\/\/kendov-dvorec.com\/fr\/wp-json\/wp\/v2\/pages\/26831","targetHints":{"allow":["GET"]}}],"collection":[{"href":"https:\/\/kendov-dvorec.com\/fr\/wp-json\/wp\/v2\/pages"}],"about":[{"href":"https:\/\/kendov-dvorec.com\/fr\/wp-json\/wp\/v2\/types\/page"}],"author":[{"embeddable":true,"href":"https:\/\/kendov-dvorec.com\/fr\/wp-json\/wp\/v2\/users\/1"}],"replies":[{"embeddable":true,"href":"https:\/\/kendov-dvorec.com\/fr\/wp-json\/wp\/v2\/comments?post=26831"}],"version-history":[{"count":1,"href":"https:\/\/kendov-dvorec.com\/fr\/wp-json\/wp\/v2\/pages\/26831\/revisions"}],"predecessor-version":[{"id":26832,"href":"https:\/\/kendov-dvorec.com\/fr\/wp-json\/wp\/v2\/pages\/26831\/revisions\/26832"}],"wp:attachment":[{"href":"https:\/\/kendov-dvorec.com\/fr\/wp-json\/wp\/v2\/media?parent=26831"}],"curies":[{"name":"wp","href":"https:\/\/api.w.org\/{rel}","templated":true}]}}