{"id":26837,"date":"2017-08-30T11:45:08","date_gmt":"2017-08-30T10:45:08","guid":{"rendered":"https:\/\/kendov-dvorec.com\/experiences\/promenades\/"},"modified":"2026-04-07T08:20:03","modified_gmt":"2026-04-07T07:20:03","slug":"promenades","status":"publish","type":"page","link":"https:\/\/kendov-dvorec.com\/fr\/experiences\/promenades\/","title":{"rendered":"Promenades"},"content":{"rendered":"\t\t<div data-elementor-type=\"wp-page\" data-elementor-id=\"26837\" class=\"elementor elementor-26837 elementor-5826\" data-elementor-post-type=\"page\">\n\t\t\t\t<div class=\"elementor-element elementor-element-5807311 e-flex e-con-boxed e-con e-parent\" data-id=\"5807311\" data-element_type=\"container\" data-e-type=\"container\" data-settings=\"{&quot;background_background&quot;:&quot;classic&quot;}\">\n\t\t\t\t\t<div class=\"e-con-inner\">\n\t\t\t\t\t<\/div>\n\t\t\t\t<\/div>\n\t\t<div class=\"elementor-element elementor-element-7799ea7 e-flex e-con-boxed e-con e-parent\" data-id=\"7799ea7\" data-element_type=\"container\" data-e-type=\"container\">\n\t\t\t\t\t<div class=\"e-con-inner\">\n\t\t<div class=\"elementor-element elementor-element-d50347a e-con-full e-flex e-con e-child\" data-id=\"d50347a\" data-element_type=\"container\" data-e-type=\"container\">\n\t\t\t\t<div class=\"elementor-element elementor-element-c8dc2ad elementor-widget elementor-widget-heading\" data-id=\"c8dc2ad\" data-element_type=\"widget\" data-e-type=\"widget\" data-widget_type=\"heading.default\">\n\t\t\t\t<div class=\"elementor-widget-container\">\n\t\t\t\t\t<h1 class=\"elementor-heading-title elementor-size-default\">EXP\u00c9RIENCES<\/h1>\t\t\t\t<\/div>\n\t\t\t\t<\/div>\n\t\t\t\t<div class=\"elementor-element elementor-element-11bb1e1 elementor-widget elementor-widget-heading\" data-id=\"11bb1e1\" data-element_type=\"widget\" data-e-type=\"widget\" data-widget_type=\"heading.default\">\n\t\t\t\t<div class=\"elementor-widget-container\">\n\t\t\t\t\t<h1 class=\"elementor-heading-title elementor-size-default\">PROMENADES DANS LA NATURE<\/h1>\t\t\t\t<\/div>\n\t\t\t\t<\/div>\n\t\t\t\t<div class=\"elementor-element elementor-element-9057ce9 elementor-widget elementor-widget-heading\" data-id=\"9057ce9\" data-element_type=\"widget\" data-e-type=\"widget\" data-widget_type=\"heading.default\">\n\t\t\t\t<div class=\"elementor-widget-container\">\n\t\t\t\t\t<h2 class=\"elementor-heading-title elementor-size-default\">Profitez des richesses de la nature en empruntant d\u2019anciens sentiers.<\/h2>\t\t\t\t<\/div>\n\t\t\t\t<\/div>\n\t\t\t\t<div class=\"elementor-element elementor-element-f319d4e elementor-widget elementor-widget-text-editor\" data-id=\"f319d4e\" data-element_type=\"widget\" data-e-type=\"widget\" data-widget_type=\"text-editor.default\">\n\t\t\t\t<div class=\"elementor-widget-container\">\n\t\t\t\t\t\t\t\t\t<p>Kendov Dvorec, offrant une vue magnifique sur les sommets environnants, constitue un bon point de d\u00e9part pour des randonn\u00e9es plus ou moins longues dans la nature. D\u00e9couvrez le monde pittoresque entre les Alpes et le Karst, myst\u00e9rieusement fa\u00e7onn\u00e9 par la nature. Promenez-vous dans les collines, \u00e0 travers une for\u00eat et jusqu\u2019aux rives de l\u2019Idrijca. Profitez de la vue offerte par l\u2019ancien chemin de p\u00e8lerinage entre Spodnja Idrija et Ledine.    <\/p>\t\t\t\t\t\t\t\t<\/div>\n\t\t\t\t<\/div>\n\t\t\t\t<\/div>\n\t\t<div class=\"elementor-element elementor-element-7a44783 e-con-full e-flex e-con e-child\" data-id=\"7a44783\" data-element_type=\"container\" data-e-type=\"container\">\n\t\t\t\t<div class=\"elementor-element elementor-element-7b7869e elementor-widget elementor-widget-image\" data-id=\"7b7869e\" data-element_type=\"widget\" data-e-type=\"widget\" data-widget_type=\"image.default\">\n\t\t\t\t<div class=\"elementor-widget-container\">\n\t\t\t\t\t\t\t\t\t\t\t\t\t\t\t<img fetchpriority=\"high\" decoding=\"async\" width=\"800\" height=\"533\" src=\"https:\/\/kendov-dvorec.com\/wp-content\/uploads\/2025\/09\/Kendov-Dvorec-hiking_.jpeg\" class=\"attachment-large size-large wp-image-24206\" alt=\"\" srcset=\"https:\/\/kendov-dvorec.com\/wp-content\/uploads\/2025\/09\/Kendov-Dvorec-hiking_.jpeg 900w, https:\/\/kendov-dvorec.com\/wp-content\/uploads\/2025\/09\/Kendov-Dvorec-hiking_-300x200.jpeg 300w, https:\/\/kendov-dvorec.com\/wp-content\/uploads\/2025\/09\/Kendov-Dvorec-hiking_-768x512.jpeg 768w\" sizes=\"(max-width: 800px) 100vw, 800px\" \/>\t\t\t\t\t\t\t\t\t\t\t\t\t\t\t<\/div>\n\t\t\t\t<\/div>\n\t\t\t\t<div class=\"elementor-element elementor-element-35d9c71 elementor-widget elementor-widget-heading\" data-id=\"35d9c71\" data-element_type=\"widget\" data-e-type=\"widget\" data-widget_type=\"heading.default\">\n\t\t\t\t<div class=\"elementor-widget-container\">\n\t\t\t\t\t<h1 class=\"elementor-heading-title elementor-size-default\">L\u2019h\u00f4tel Kendov Dvorec est un excellent point de d\u00e9part pour faire de la randonn\u00e9e sur les sentiers environnants.<br><\/h1>\t\t\t\t<\/div>\n\t\t\t\t<\/div>\n\t\t\t\t<\/div>\n\t\t\t\t\t<\/div>\n\t\t\t\t<\/div>\n\t\t<div class=\"elementor-element elementor-element-9a3b4a6 e-flex e-con-boxed e-con e-parent\" data-id=\"9a3b4a6\" data-element_type=\"container\" data-e-type=\"container\" data-settings=\"{&quot;background_background&quot;:&quot;classic&quot;}\">\n\t\t\t\t\t<div class=\"e-con-inner\">\n\t\t\t\t<div class=\"elementor-element elementor-element-d72e6a1 elementor-widget elementor-widget-heading\" data-id=\"d72e6a1\" data-element_type=\"widget\" data-e-type=\"widget\" data-widget_type=\"heading.default\">\n\t\t\t\t<div class=\"elementor-widget-container\">\n\t\t\t\t\t<h2 class=\"elementor-heading-title elementor-size-default\">Sentiers autour de Kendov Dvorec<\/h2>\t\t\t\t<\/div>\n\t\t\t\t<\/div>\n\t\t<div class=\"elementor-element elementor-element-574e543 e-con-full e-flex e-con e-child\" data-id=\"574e543\" data-element_type=\"container\" data-e-type=\"container\">\n\t\t<div class=\"elementor-element elementor-element-311a696 e-con-full e-flex e-con e-child\" data-id=\"311a696\" data-element_type=\"container\" data-e-type=\"container\">\n\t\t\t\t<div class=\"elementor-element elementor-element-06fb1ac elementor-widget elementor-widget-image\" data-id=\"06fb1ac\" data-element_type=\"widget\" data-e-type=\"widget\" data-widget_type=\"image.default\">\n\t\t\t\t<div class=\"elementor-widget-container\">\n\t\t\t\t\t\t\t\t\t\t\t\t\t\t\t<img decoding=\"async\" width=\"800\" height=\"453\" src=\"https:\/\/kendov-dvorec.com\/wp-content\/uploads\/2025\/09\/kendov-dvorec-idrijca-river.jpg\" class=\"attachment-large size-large wp-image-24227\" alt=\"\" srcset=\"https:\/\/kendov-dvorec.com\/wp-content\/uploads\/2025\/09\/kendov-dvorec-idrijca-river.jpg 900w, https:\/\/kendov-dvorec.com\/wp-content\/uploads\/2025\/09\/kendov-dvorec-idrijca-river-300x170.jpg 300w, https:\/\/kendov-dvorec.com\/wp-content\/uploads\/2025\/09\/kendov-dvorec-idrijca-river-768x435.jpg 768w\" sizes=\"(max-width: 800px) 100vw, 800px\" \/>\t\t\t\t\t\t\t\t\t\t\t\t\t\t\t<\/div>\n\t\t\t\t<\/div>\n\t\t\t\t<div class=\"elementor-element elementor-element-0ff0dc7 elementor-widget elementor-widget-text-editor\" data-id=\"0ff0dc7\" data-element_type=\"widget\" data-e-type=\"widget\" data-widget_type=\"text-editor.default\">\n\t\t\t\t<div class=\"elementor-widget-container\">\n\t\t\t\t\t\t\t\t\t<p><strong>LE LONG DE LA RIVI\u00c8RE IDRIJCA<\/strong><br>L\u2019un des sentiers de randonn\u00e9e les plus populaires de Spodnja Idrija vous m\u00e8nera de Kendov Dvorec \u00e0 travers le village, en passant par des ponts au confluent de l\u2019Idrijca et de la Kanomljica et le long du canal de la rivi\u00e8re.<\/p>\t\t\t\t\t\t\t\t<\/div>\n\t\t\t\t<\/div>\n\t\t\t\t<\/div>\n\t\t<div class=\"elementor-element elementor-element-705b34f e-con-full e-flex e-con e-child\" data-id=\"705b34f\" data-element_type=\"container\" data-e-type=\"container\">\n\t\t\t\t<div class=\"elementor-element elementor-element-8962a1e elementor-widget elementor-widget-image\" data-id=\"8962a1e\" data-element_type=\"widget\" data-e-type=\"widget\" data-widget_type=\"image.default\">\n\t\t\t\t<div class=\"elementor-widget-container\">\n\t\t\t\t\t\t\t\t\t\t\t\t\t\t\t<img decoding=\"async\" width=\"800\" height=\"453\" src=\"https:\/\/kendov-dvorec.com\/wp-content\/uploads\/2025\/09\/Kendov_dvorec-sprehodi.jpg\" class=\"attachment-large size-large wp-image-24222\" alt=\"\" srcset=\"https:\/\/kendov-dvorec.com\/wp-content\/uploads\/2025\/09\/Kendov_dvorec-sprehodi.jpg 900w, https:\/\/kendov-dvorec.com\/wp-content\/uploads\/2025\/09\/Kendov_dvorec-sprehodi-300x170.jpg 300w, https:\/\/kendov-dvorec.com\/wp-content\/uploads\/2025\/09\/Kendov_dvorec-sprehodi-768x435.jpg 768w\" sizes=\"(max-width: 800px) 100vw, 800px\" \/>\t\t\t\t\t\t\t\t\t\t\t\t\t\t\t<\/div>\n\t\t\t\t<\/div>\n\t\t\t\t<div class=\"elementor-element elementor-element-3556159 elementor-widget elementor-widget-text-editor\" data-id=\"3556159\" data-element_type=\"widget\" data-e-type=\"widget\" data-widget_type=\"text-editor.default\">\n\t\t\t\t<div class=\"elementor-widget-container\">\n\t\t\t\t\t\t\t\t\t<p><strong>SUR LE CHEMIN DU P\u00c8LERINAGE<\/strong><br>L\u2019ancien chemin de p\u00e8lerinage vous m\u00e8nera de Kendov Dvorec vers le village de Ledine. On dit que le c\u00e9l\u00e8bre chemin menait les p\u00e8lerins \u00e0 Spodnja Idrija o\u00f9 ils priaient \u00e0 la Vierge Marie pour une r\u00e9colte abondante et une protection contre la gr\u00eale.  <\/p>\t\t\t\t\t\t\t\t<\/div>\n\t\t\t\t<\/div>\n\t\t\t\t<\/div>\n\t\t<div class=\"elementor-element elementor-element-d6ed3ad e-con-full e-flex e-con e-child\" data-id=\"d6ed3ad\" data-element_type=\"container\" data-e-type=\"container\">\n\t\t\t\t<div class=\"elementor-element elementor-element-f41bbc2 elementor-widget elementor-widget-image\" data-id=\"f41bbc2\" data-element_type=\"widget\" data-e-type=\"widget\" data-widget_type=\"image.default\">\n\t\t\t\t<div class=\"elementor-widget-container\">\n\t\t\t\t\t\t\t\t\t\t\t\t\t\t\t<img loading=\"lazy\" decoding=\"async\" width=\"800\" height=\"453\" src=\"https:\/\/kendov-dvorec.com\/wp-content\/uploads\/2025\/09\/Kendov_dvorec_Kanomeljske_klavze2.jpg\" class=\"attachment-large size-large wp-image-24217\" alt=\"\" srcset=\"https:\/\/kendov-dvorec.com\/wp-content\/uploads\/2025\/09\/Kendov_dvorec_Kanomeljske_klavze2.jpg 900w, https:\/\/kendov-dvorec.com\/wp-content\/uploads\/2025\/09\/Kendov_dvorec_Kanomeljske_klavze2-300x170.jpg 300w, https:\/\/kendov-dvorec.com\/wp-content\/uploads\/2025\/09\/Kendov_dvorec_Kanomeljske_klavze2-768x435.jpg 768w\" sizes=\"(max-width: 800px) 100vw, 800px\" \/>\t\t\t\t\t\t\t\t\t\t\t\t\t\t\t<\/div>\n\t\t\t\t<\/div>\n\t\t\t\t<div class=\"elementor-element elementor-element-b7447d2 elementor-widget elementor-widget-text-editor\" data-id=\"b7447d2\" data-element_type=\"widget\" data-e-type=\"widget\" data-widget_type=\"text-editor.default\">\n\t\t\t\t<div class=\"elementor-widget-container\">\n\t\t\t\t\t\t\t\t\t<p><strong>AUX \u00c9CLUSES DE KANOMLJA<\/strong><br>En partant de Srednja Kanomlja, suivez les panneaux jusqu\u2019aux \u02ddOv\u010dja\u0161ke klav\u017ee\u02dd, aussi connus sous le nom de \u02ddKanomeljske klav\u017ee\u02dd (les \u00e9cluses de Kanomlja). Vos efforts seront r\u00e9compens\u00e9s par une vue imprenable sur les \u00e9cluses construites pendant les Provinces illyriennes de Napol\u00e9on. <\/p>\t\t\t\t\t\t\t\t<\/div>\n\t\t\t\t<\/div>\n\t\t\t\t<\/div>\n\t\t\t\t<\/div>\n\t\t\t\t\t<\/div>\n\t\t\t\t<\/div>\n\t\t\t\t<\/div>\n\t\t","protected":false},"excerpt":{"rendered":"<p>EXP\u00c9RIENCES PROMENADES DANS LA NATURE Profitez des richesses de la nature en empruntant d\u2019anciens sentiers. Kendov Dvorec, offrant une vue magnifique sur les sommets environnants, constitue un bon point de d\u00e9part pour des randonn\u00e9es plus ou moins longues dans la nature. D\u00e9couvrez le monde pittoresque entre les Alpes et le Karst, myst\u00e9rieusement fa\u00e7onn\u00e9 par la [&hellip;]<\/p>\n","protected":false},"author":1,"featured_media":2155,"parent":26712,"menu_order":5,"comment_status":"closed","ping_status":"closed","template":"elementor_header_footer","meta":{"footnotes":""},"class_list":["post-26837","page","type-page","status-publish","has-post-thumbnail","hentry"],"_links":{"self":[{"href":"https:\/\/kendov-dvorec.com\/fr\/wp-json\/wp\/v2\/pages\/26837","targetHints":{"allow":["GET"]}}],"collection":[{"href":"https:\/\/kendov-dvorec.com\/fr\/wp-json\/wp\/v2\/pages"}],"about":[{"href":"https:\/\/kendov-dvorec.com\/fr\/wp-json\/wp\/v2\/types\/page"}],"author":[{"embeddable":true,"href":"https:\/\/kendov-dvorec.com\/fr\/wp-json\/wp\/v2\/users\/1"}],"replies":[{"embeddable":true,"href":"https:\/\/kendov-dvorec.com\/fr\/wp-json\/wp\/v2\/comments?post=26837"}],"version-history":[{"count":1,"href":"https:\/\/kendov-dvorec.com\/fr\/wp-json\/wp\/v2\/pages\/26837\/revisions"}],"predecessor-version":[{"id":26838,"href":"https:\/\/kendov-dvorec.com\/fr\/wp-json\/wp\/v2\/pages\/26837\/revisions\/26838"}],"up":[{"embeddable":true,"href":"https:\/\/kendov-dvorec.com\/fr\/wp-json\/wp\/v2\/pages\/26712"}],"wp:featuredmedia":[{"embeddable":true,"href":"https:\/\/kendov-dvorec.com\/fr\/wp-json\/wp\/v2\/media\/2155"}],"wp:attachment":[{"href":"https:\/\/kendov-dvorec.com\/fr\/wp-json\/wp\/v2\/media?parent=26837"}],"curies":[{"name":"wp","href":"https:\/\/api.w.org\/{rel}","templated":true}]}}