{"id":26850,"date":"2017-09-04T11:10:19","date_gmt":"2017-09-04T10:10:19","guid":{"rendered":"https:\/\/kendov-dvorec.com\/experiences\/spodnja-idrija\/"},"modified":"2026-04-07T08:18:44","modified_gmt":"2026-04-07T07:18:44","slug":"spodnja-idrija","status":"publish","type":"page","link":"https:\/\/kendov-dvorec.com\/fr\/experiences\/spodnja-idrija\/","title":{"rendered":"Spodnja Idrija"},"content":{"rendered":"\t\t<div data-elementor-type=\"wp-page\" data-elementor-id=\"26850\" class=\"elementor elementor-26850 elementor-5827\" data-elementor-post-type=\"page\">\n\t\t\t\t<div class=\"elementor-element elementor-element-40a485e e-flex e-con-boxed e-con e-parent\" data-id=\"40a485e\" data-element_type=\"container\" data-e-type=\"container\" data-settings=\"{&quot;background_background&quot;:&quot;classic&quot;}\">\n\t\t\t\t\t<div class=\"e-con-inner\">\n\t\t\t\t\t<\/div>\n\t\t\t\t<\/div>\n\t\t<div class=\"elementor-element elementor-element-f94a83d e-flex e-con-boxed e-con e-parent\" data-id=\"f94a83d\" data-element_type=\"container\" data-e-type=\"container\">\n\t\t\t\t\t<div class=\"e-con-inner\">\n\t\t<div class=\"elementor-element elementor-element-5fb7b32 e-con-full e-flex e-con e-child\" data-id=\"5fb7b32\" data-element_type=\"container\" data-e-type=\"container\">\n\t\t\t\t<div class=\"elementor-element elementor-element-1f09ff8 elementor-widget elementor-widget-heading\" data-id=\"1f09ff8\" data-element_type=\"widget\" data-e-type=\"widget\" data-widget_type=\"heading.default\">\n\t\t\t\t<div class=\"elementor-widget-container\">\n\t\t\t\t\t<h1 class=\"elementor-heading-title elementor-size-default\">EXP\u00c9RIENCES<\/h1>\t\t\t\t<\/div>\n\t\t\t\t<\/div>\n\t\t\t\t<div class=\"elementor-element elementor-element-29e18e8 elementor-widget elementor-widget-heading\" data-id=\"29e18e8\" data-element_type=\"widget\" data-e-type=\"widget\" data-widget_type=\"heading.default\">\n\t\t\t\t<div class=\"elementor-widget-container\">\n\t\t\t\t\t<h1 class=\"elementor-heading-title elementor-size-default\">SPODNJA IDRIJA<\/h1>\t\t\t\t<\/div>\n\t\t\t\t<\/div>\n\t\t\t\t<div class=\"elementor-element elementor-element-af1aa2a elementor-widget elementor-widget-heading\" data-id=\"af1aa2a\" data-element_type=\"widget\" data-e-type=\"widget\" data-widget_type=\"heading.default\">\n\t\t\t\t<div class=\"elementor-widget-container\">\n\t\t\t\t\t<h2 class=\"elementor-heading-title elementor-size-default\">Ancien centre de p\u00e8lerinage \u00e0 Sainte-Marie-du-Rocher.<\/h2>\t\t\t\t<\/div>\n\t\t\t\t<\/div>\n\t\t\t\t<div class=\"elementor-element elementor-element-58d0636 elementor-widget elementor-widget-text-editor\" data-id=\"58d0636\" data-element_type=\"widget\" data-e-type=\"widget\" data-widget_type=\"text-editor.default\">\n\t\t\t\t<div class=\"elementor-widget-container\">\n\t\t\t\t\t\t\t\t\t<p>Les origines de Spodnja Idrija (jadis connue comme \u02ddYdria Sclabonica\u02dd ou l\u2019Idrija slov\u00e8ne) remontent \u00e0 1156, ann\u00e9e \u00e0 laquelle, le pape C\u00e9lestin III mentionne la chapelle de Sainte-Marie-du-Rocher dans une notice. Spodnja Idrija est ainsi plus ancienne que sa grande voisine Idrija, c\u00e9l\u00e8bre dans le monde entier pour sa mine de mercure.  <\/p><p>En tant qu\u2019e ancien centre religieux et eccl\u00e9siastique avec de multiples traditions, Spodnja Idrija a jou\u00e9 un r\u00f4le historique et culturel important. L\u2019endroit s\u2019appelle toujours \u02ddFara\u02dd (La Paroisse) et ses habitants sont des \u02ddPr\u2019farci\u02dd (ceux qui vivent pr\u00e8s de la paroisse), car la Sainte-Marie-du-Rocher \u00e9tait consid\u00e9r\u00e9e comme la vraie \u02ddm\u00e8re Paroisse\u02dd. <\/p><p>Aujourd\u2019hui, la ville abrite la soci\u00e9t\u00e9 internationale Hidria et est un centre \u00e9conomique important. <\/p>\t\t\t\t\t\t\t\t<\/div>\n\t\t\t\t<\/div>\n\t\t\t\t<\/div>\n\t\t<div class=\"elementor-element elementor-element-311e8be e-con-full e-flex e-con e-child\" data-id=\"311e8be\" data-element_type=\"container\" data-e-type=\"container\">\n\t\t\t\t<div class=\"elementor-element elementor-element-b58e481 elementor-widget elementor-widget-image\" data-id=\"b58e481\" data-element_type=\"widget\" data-e-type=\"widget\" data-widget_type=\"image.default\">\n\t\t\t\t<div class=\"elementor-widget-container\">\n\t\t\t\t\t\t\t\t\t\t\t\t\t\t\t<img fetchpriority=\"high\" decoding=\"async\" width=\"662\" height=\"442\" src=\"https:\/\/kendov-dvorec.com\/wp-content\/uploads\/2025\/09\/Kendov_dvorec_struklji-1.jpg\" class=\"attachment-large size-large wp-image-24025\" alt=\"\" srcset=\"https:\/\/kendov-dvorec.com\/wp-content\/uploads\/2025\/09\/Kendov_dvorec_struklji-1.jpg 662w, https:\/\/kendov-dvorec.com\/wp-content\/uploads\/2025\/09\/Kendov_dvorec_struklji-1-300x200.jpg 300w\" sizes=\"(max-width: 662px) 100vw, 662px\" \/>\t\t\t\t\t\t\t\t\t\t\t\t\t\t\t<\/div>\n\t\t\t\t<\/div>\n\t\t\t\t<div class=\"elementor-element elementor-element-98c43bc elementor-widget elementor-widget-heading\" data-id=\"98c43bc\" data-element_type=\"widget\" data-e-type=\"widget\" data-widget_type=\"heading.default\">\n\t\t\t\t<div class=\"elementor-widget-container\">\n\t\t\t\t\t<h1 class=\"elementor-heading-title elementor-size-default\">VELIKI \u0160MAREN, 15 ao\u00fbt <\/h1>\t\t\t\t<\/div>\n\t\t\t\t<\/div>\n\t\t\t\t<div class=\"elementor-element elementor-element-6691ceb elementor-widget elementor-widget-text-editor\" data-id=\"6691ceb\" data-element_type=\"widget\" data-e-type=\"widget\" data-widget_type=\"text-editor.default\">\n\t\t\t\t<div class=\"elementor-widget-container\">\n\t\t\t\t\t\t\t\t\tPendant la f\u00eate paroissiale \u2013 l\u2019Assomption de Marie \u2013, les habitants font des couronnes de lierre et pr\u00e9parent des \u02dd\u0161truklji\u02dd, qui donnent leur nom \u00e0 ce jour, \u02ddPrfarski \u0161trukljevc\u02dd.\t\t\t\t\t\t\t\t<\/div>\n\t\t\t\t<\/div>\n\t\t\t\t<\/div>\n\t\t\t\t\t<\/div>\n\t\t\t\t<\/div>\n\t\t<div class=\"elementor-element elementor-element-3829bdb e-flex e-con-boxed e-con e-parent\" data-id=\"3829bdb\" data-element_type=\"container\" data-e-type=\"container\" data-settings=\"{&quot;background_background&quot;:&quot;classic&quot;}\">\n\t\t\t\t\t<div class=\"e-con-inner\">\n\t\t\t\t<div class=\"elementor-element elementor-element-6081511 elementor-widget elementor-widget-heading\" data-id=\"6081511\" data-element_type=\"widget\" data-e-type=\"widget\" data-widget_type=\"heading.default\">\n\t\t\t\t<div class=\"elementor-widget-container\">\n\t\t\t\t\t<h2 class=\"elementor-heading-title elementor-size-default\">D\u00e9couvrez Spodnja Idrija\n<\/h2>\t\t\t\t<\/div>\n\t\t\t\t<\/div>\n\t\t<div class=\"elementor-element elementor-element-532cc52 e-con-full e-flex e-con e-child\" data-id=\"532cc52\" data-element_type=\"container\" data-e-type=\"container\">\n\t\t<div class=\"elementor-element elementor-element-f87e01e e-con-full e-flex e-con e-child\" data-id=\"f87e01e\" data-element_type=\"container\" data-e-type=\"container\">\n\t\t\t\t<div class=\"elementor-element elementor-element-a51e261 elementor-widget elementor-widget-image\" data-id=\"a51e261\" data-element_type=\"widget\" data-e-type=\"widget\" data-widget_type=\"image.default\">\n\t\t\t\t<div class=\"elementor-widget-container\">\n\t\t\t\t\t\t\t\t\t\t\t\t\t\t\t<img decoding=\"async\" width=\"507\" height=\"287\" src=\"https:\/\/kendov-dvorec.com\/wp-content\/uploads\/2025\/09\/Kendov_dvorec_church2.jpg\" class=\"attachment-large size-large wp-image-24074\" alt=\"\" srcset=\"https:\/\/kendov-dvorec.com\/wp-content\/uploads\/2025\/09\/Kendov_dvorec_church2.jpg 507w, https:\/\/kendov-dvorec.com\/wp-content\/uploads\/2025\/09\/Kendov_dvorec_church2-300x170.jpg 300w\" sizes=\"(max-width: 507px) 100vw, 507px\" \/>\t\t\t\t\t\t\t\t\t\t\t\t\t\t\t<\/div>\n\t\t\t\t<\/div>\n\t\t\t\t<div class=\"elementor-element elementor-element-fc8a60b elementor-widget elementor-widget-text-editor\" data-id=\"fc8a60b\" data-element_type=\"widget\" data-e-type=\"widget\" data-widget_type=\"text-editor.default\">\n\t\t\t\t<div class=\"elementor-widget-container\">\n\t\t\t\t\t\t\t\t\t<p><strong>SAINTE-MARIE-DU-ROCHER<\/strong><br>L\u2019\u00e9glise paroissiale de l\u2019Assomption-de-la-Vierge-Marie se dresse fi\u00e8rement au-dessus du centre historique de Spodnja Idrija. Le sanctuaire de Sainte-Marie-du-Rocher, riche de plus de 800 ans d\u2019histoire, b\u00e9n\u00e9ficie d\u2019un emplacement id\u00e9al et est visible de loin et de tous les c\u00f4t\u00e9s. <\/p>\t\t\t\t\t\t\t\t<\/div>\n\t\t\t\t<\/div>\n\t\t\t\t<\/div>\n\t\t<div class=\"elementor-element elementor-element-6302542 e-con-full e-flex e-con e-child\" data-id=\"6302542\" data-element_type=\"container\" data-e-type=\"container\">\n\t\t\t\t<div class=\"elementor-element elementor-element-6df225e elementor-widget elementor-widget-image\" data-id=\"6df225e\" data-element_type=\"widget\" data-e-type=\"widget\" data-widget_type=\"image.default\">\n\t\t\t\t<div class=\"elementor-widget-container\">\n\t\t\t\t\t\t\t\t\t\t\t\t\t\t\t<img decoding=\"async\" width=\"800\" height=\"453\" src=\"https:\/\/kendov-dvorec.com\/wp-content\/uploads\/2025\/09\/Kendov_dvorec_Kanomeljske_klavze.jpg\" class=\"attachment-large size-large wp-image-24068\" alt=\"\" srcset=\"https:\/\/kendov-dvorec.com\/wp-content\/uploads\/2025\/09\/Kendov_dvorec_Kanomeljske_klavze.jpg 900w, https:\/\/kendov-dvorec.com\/wp-content\/uploads\/2025\/09\/Kendov_dvorec_Kanomeljske_klavze-300x170.jpg 300w, https:\/\/kendov-dvorec.com\/wp-content\/uploads\/2025\/09\/Kendov_dvorec_Kanomeljske_klavze-768x435.jpg 768w\" sizes=\"(max-width: 800px) 100vw, 800px\" \/>\t\t\t\t\t\t\t\t\t\t\t\t\t\t\t<\/div>\n\t\t\t\t<\/div>\n\t\t\t\t<div class=\"elementor-element elementor-element-3053dd8 elementor-widget elementor-widget-text-editor\" data-id=\"3053dd8\" data-element_type=\"widget\" data-e-type=\"widget\" data-widget_type=\"text-editor.default\">\n\t\t\t\t<div class=\"elementor-widget-container\">\n\t\t\t\t\t\t\t\t\t<p><strong>LES \u00c9CLUSES DE KANOMLJA<\/strong><br>Les impressionnantes barri\u00e8res d\u2019eau (appel\u00e9es \u02ddklav\u017ee\u02dd en slov\u00e8ne) ont \u00e9t\u00e9 construites au temps des Provinces illyriennes. L\u2019inscription \u02ddSub imperio Napoleonis 1813\u02dd sur une plaque comm\u00e9morative nous rappelle encore cette \u00e9poque. Jadis, les \u00e9cluses servaient \u00e0 transporter le bois le long du ruisseau, vers la vall\u00e9e. <\/p>\t\t\t\t\t\t\t\t<\/div>\n\t\t\t\t<\/div>\n\t\t\t\t<\/div>\n\t\t<div class=\"elementor-element elementor-element-3d9ee99 e-con-full e-flex e-con e-child\" data-id=\"3d9ee99\" data-element_type=\"container\" data-e-type=\"container\">\n\t\t\t\t<div class=\"elementor-element elementor-element-4bfa168 elementor-widget elementor-widget-image\" data-id=\"4bfa168\" data-element_type=\"widget\" data-e-type=\"widget\" data-widget_type=\"image.default\">\n\t\t\t\t<div class=\"elementor-widget-container\">\n\t\t\t\t\t\t\t\t\t\t\t\t\t\t\t<img loading=\"lazy\" decoding=\"async\" width=\"800\" height=\"452\" src=\"https:\/\/kendov-dvorec.com\/wp-content\/uploads\/2025\/09\/kendov_dvorec-muharjenje-1.jpg\" class=\"attachment-large size-large wp-image-24063\" alt=\"\" srcset=\"https:\/\/kendov-dvorec.com\/wp-content\/uploads\/2025\/09\/kendov_dvorec-muharjenje-1.jpg 900w, https:\/\/kendov-dvorec.com\/wp-content\/uploads\/2025\/09\/kendov_dvorec-muharjenje-1-300x170.jpg 300w, https:\/\/kendov-dvorec.com\/wp-content\/uploads\/2025\/09\/kendov_dvorec-muharjenje-1-768x434.jpg 768w\" sizes=\"(max-width: 800px) 100vw, 800px\" \/>\t\t\t\t\t\t\t\t\t\t\t\t\t\t\t<\/div>\n\t\t\t\t<\/div>\n\t\t\t\t<div class=\"elementor-element elementor-element-ede07eb elementor-widget elementor-widget-text-editor\" data-id=\"ede07eb\" data-element_type=\"widget\" data-e-type=\"widget\" data-widget_type=\"text-editor.default\">\n\t\t\t\t<div class=\"elementor-widget-container\">\n\t\t\t\t\t\t\t\t\t<p><strong>LES RIVI\u00c8RES IDRIJCA ET KANOMLJICA<\/strong><br>Deux rivi\u00e8res cristallines traversent la ville de Spodnja Idrija: l\u2019Idrijca et la Kanomljica. Elles abritent une esp\u00e8ce indig\u00e8ne de truite marbr\u00e9e portant le nom de la rivi\u00e8re, Idrijca. D\u2019avril \u00e0 octobre, les deux rivi\u00e8res, connues pour leur beaut\u00e9 naturelle et leur riche vie aquatique, attirent les amateurs de p\u00eache \u00e0 la mouche du monde entier.  <\/p>\t\t\t\t\t\t\t\t<\/div>\n\t\t\t\t<\/div>\n\t\t\t\t<\/div>\n\t\t\t\t<\/div>\n\t\t\t\t\t<\/div>\n\t\t\t\t<\/div>\n\t\t\t\t<\/div>\n\t\t","protected":false},"excerpt":{"rendered":"<p>EXP\u00c9RIENCES SPODNJA IDRIJA Ancien centre de p\u00e8lerinage \u00e0 Sainte-Marie-du-Rocher. Les origines de Spodnja Idrija (jadis connue comme \u02ddYdria Sclabonica\u02dd ou l\u2019Idrija slov\u00e8ne) remontent \u00e0 1156, ann\u00e9e \u00e0 laquelle, le pape C\u00e9lestin III mentionne la chapelle de Sainte-Marie-du-Rocher dans une notice. Spodnja Idrija est ainsi plus ancienne que sa grande voisine Idrija, c\u00e9l\u00e8bre dans le monde [&hellip;]<\/p>\n","protected":false},"author":1,"featured_media":1730,"parent":26712,"menu_order":4,"comment_status":"closed","ping_status":"closed","template":"elementor_header_footer","meta":{"footnotes":""},"class_list":["post-26850","page","type-page","status-publish","has-post-thumbnail","hentry"],"_links":{"self":[{"href":"https:\/\/kendov-dvorec.com\/fr\/wp-json\/wp\/v2\/pages\/26850","targetHints":{"allow":["GET"]}}],"collection":[{"href":"https:\/\/kendov-dvorec.com\/fr\/wp-json\/wp\/v2\/pages"}],"about":[{"href":"https:\/\/kendov-dvorec.com\/fr\/wp-json\/wp\/v2\/types\/page"}],"author":[{"embeddable":true,"href":"https:\/\/kendov-dvorec.com\/fr\/wp-json\/wp\/v2\/users\/1"}],"replies":[{"embeddable":true,"href":"https:\/\/kendov-dvorec.com\/fr\/wp-json\/wp\/v2\/comments?post=26850"}],"version-history":[{"count":1,"href":"https:\/\/kendov-dvorec.com\/fr\/wp-json\/wp\/v2\/pages\/26850\/revisions"}],"predecessor-version":[{"id":26851,"href":"https:\/\/kendov-dvorec.com\/fr\/wp-json\/wp\/v2\/pages\/26850\/revisions\/26851"}],"up":[{"embeddable":true,"href":"https:\/\/kendov-dvorec.com\/fr\/wp-json\/wp\/v2\/pages\/26712"}],"wp:featuredmedia":[{"embeddable":true,"href":"https:\/\/kendov-dvorec.com\/fr\/wp-json\/wp\/v2\/media\/1730"}],"wp:attachment":[{"href":"https:\/\/kendov-dvorec.com\/fr\/wp-json\/wp\/v2\/media?parent=26850"}],"curies":[{"name":"wp","href":"https:\/\/api.w.org\/{rel}","templated":true}]}}