{"id":26871,"date":"2024-09-23T17:10:32","date_gmt":"2024-09-23T16:10:32","guid":{"rendered":"https:\/\/kendov-dvorec.com\/experiences\/parenthese-de-bien-etre-au-spa\/"},"modified":"2026-04-13T11:02:30","modified_gmt":"2026-04-13T10:02:30","slug":"parenthese-de-bien-etre-au-spa","status":"publish","type":"page","link":"https:\/\/kendov-dvorec.com\/fr\/experiences\/parenthese-de-bien-etre-au-spa\/","title":{"rendered":"Parenth\u00e8se de bien-\u00eatre au spa"},"content":{"rendered":"\t\t<div data-elementor-type=\"wp-page\" data-elementor-id=\"26871\" class=\"elementor elementor-26871 elementor-20184\" data-elementor-post-type=\"page\">\n\t\t\t\t<div class=\"elementor-element elementor-element-4cdf840 e-flex e-con-boxed e-con e-parent\" data-id=\"4cdf840\" data-element_type=\"container\" data-e-type=\"container\" data-settings=\"{&quot;background_background&quot;:&quot;classic&quot;}\">\n\t\t\t\t\t<div class=\"e-con-inner\">\n\t\t\t\t\t<\/div>\n\t\t\t\t<\/div>\n\t\t<div class=\"elementor-element elementor-element-ec9050a e-flex e-con-boxed e-con e-parent\" data-id=\"ec9050a\" data-element_type=\"container\" data-e-type=\"container\">\n\t\t\t\t\t<div class=\"e-con-inner\">\n\t\t<div class=\"elementor-element elementor-element-505fa7a e-con-full e-flex e-con e-child\" data-id=\"505fa7a\" data-element_type=\"container\" data-e-type=\"container\">\n\t\t\t\t<div class=\"elementor-element elementor-element-9b06344 elementor-widget elementor-widget-heading\" data-id=\"9b06344\" data-element_type=\"widget\" data-e-type=\"widget\" data-widget_type=\"heading.default\">\n\t\t\t\t<div class=\"elementor-widget-container\">\n\t\t\t\t\t<h1 class=\"elementor-heading-title elementor-size-default\">EXP\u00c9RIENCES<\/h1>\t\t\t\t<\/div>\n\t\t\t\t<\/div>\n\t\t\t\t<div class=\"elementor-element elementor-element-86941e9 elementor-widget elementor-widget-heading\" data-id=\"86941e9\" data-element_type=\"widget\" data-e-type=\"widget\" data-widget_type=\"heading.default\">\n\t\t\t\t<div class=\"elementor-widget-container\">\n\t\t\t\t\t<h1 class=\"elementor-heading-title elementor-size-default\">PARENTH\u00c8SE DE BIEN-\u00caTRE AU SPA<\/h1>\t\t\t\t<\/div>\n\t\t\t\t<\/div>\n\t\t\t\t<div class=\"elementor-element elementor-element-99ad4d5 elementor-widget elementor-widget-heading\" data-id=\"99ad4d5\" data-element_type=\"widget\" data-e-type=\"widget\" data-widget_type=\"heading.default\">\n\t\t\t\t<div class=\"elementor-widget-container\">\n\t\t\t\t\t<h1 class=\"elementor-heading-title elementor-size-default\">Un moment de d\u00e9tente exceptionnel durant votre s\u00e9jour.<\/h1>\t\t\t\t<\/div>\n\t\t\t\t<\/div>\n\t\t\t\t<div class=\"elementor-element elementor-element-96b8471 elementor-widget elementor-widget-text-editor\" data-id=\"96b8471\" data-element_type=\"widget\" data-e-type=\"widget\" data-widget_type=\"text-editor.default\">\n\t\t\t\t<div class=\"elementor-widget-container\">\n\t\t\t\t\t\t\t\t\t<p>Bien que notre h\u00f4tel ne dispose pas de spa, deux excellentes options \u00e0 proximit\u00e9 vous offrent une d\u00e9tente absolue :<\/p>\t\t\t\t\t\t\t\t<\/div>\n\t\t\t\t<\/div>\n\t\t\t\t<div class=\"elementor-element elementor-element-da31192 elementor-widget elementor-widget-heading\" data-id=\"da31192\" data-element_type=\"widget\" data-e-type=\"widget\" data-widget_type=\"heading.default\">\n\t\t\t\t<div class=\"elementor-widget-container\">\n\t\t\t\t\t<h3 class=\"elementor-heading-title elementor-size-default\">Wellness dans le bunker de la Hi\u0161ka na gri\u010du<\/h3>\t\t\t\t<\/div>\n\t\t\t\t<\/div>\n\t\t\t\t<div class=\"elementor-element elementor-element-f9f6a31 elementor-widget elementor-widget-text-editor\" data-id=\"f9f6a31\" data-element_type=\"widget\" data-e-type=\"widget\" data-widget_type=\"text-editor.default\">\n\t\t\t\t<div class=\"elementor-widget-container\">\n\t\t\t\t\t\t\t\t\t<p>Situ\u00e9 dans un bunker souterrain r\u00e9nov\u00e9 \u00e0 Idrijske Krnice, il offre un sauna finlandaise ainsi qu\u2019un espace agr\u00e9able pour la d\u00e9tente. Con\u00e7u avec des mat\u00e9riaux naturels et du mobilier artisanal, il garantit une ambiance chaleureuse et paisible, entour\u00e9e par la nature.  <br><a href=\"https:\/\/www.hiskanagricu.si\/en\/wellness\/#top\" target=\"_blank\" rel=\"noopener\"><span style=\"color: #b4975a;\">Plus &gt;&gt;<\/span><\/a><\/p>\t\t\t\t\t\t\t\t<\/div>\n\t\t\t\t<\/div>\n\t\t\t\t<div class=\"elementor-element elementor-element-65fc0ad elementor-widget elementor-widget-heading\" data-id=\"65fc0ad\" data-element_type=\"widget\" data-e-type=\"widget\" data-widget_type=\"heading.default\">\n\t\t\t\t<div class=\"elementor-widget-container\">\n\t\t\t\t\t<h3 class=\"elementor-heading-title elementor-size-default\">Wellness Na kup\u010dku<\/h3>\t\t\t\t<\/div>\n\t\t\t\t<\/div>\n\t\t\t\t<div class=\"elementor-element elementor-element-bfe072b elementor-widget elementor-widget-text-editor\" data-id=\"bfe072b\" data-element_type=\"widget\" data-e-type=\"widget\" data-widget_type=\"text-editor.default\">\n\t\t\t\t<div class=\"elementor-widget-container\">\n\t\t\t\t\t\t\t\t\t<p>Cette oasis de tranquillit\u00e9 offre une vue splendide sur le paysage environnant et propose des soins relaxants, id\u00e9aux pour se reconnecter \u00e0 la nature et retrouver son \u00e9nergie.<br><a href=\"https:\/\/www.instagram.com\/na_kupcku_estate\/\" target=\"_blank\" rel=\"noopener\"><span style=\"color: #b4975a;\">Plus &gt;&gt;<\/span><\/a><\/p>\t\t\t\t\t\t\t\t<\/div>\n\t\t\t\t<\/div>\n\t\t\t\t<\/div>\n\t\t<div class=\"elementor-element elementor-element-b4ebc97 e-con-full e-flex e-con e-child\" data-id=\"b4ebc97\" data-element_type=\"container\" data-e-type=\"container\">\n\t\t\t\t<div class=\"elementor-element elementor-element-faaaa1b elementor-widget elementor-widget-image\" data-id=\"faaaa1b\" data-element_type=\"widget\" data-e-type=\"widget\" data-widget_type=\"image.default\">\n\t\t\t\t<div class=\"elementor-widget-container\">\n\t\t\t\t\t\t\t\t\t\t\t\t\t\t\t<img fetchpriority=\"high\" decoding=\"async\" width=\"800\" height=\"534\" src=\"https:\/\/kendov-dvorec.com\/wp-content\/uploads\/2026\/04\/837073966.jpg\" class=\"attachment-large size-large wp-image-27452\" alt=\"\" srcset=\"https:\/\/kendov-dvorec.com\/wp-content\/uploads\/2026\/04\/837073966.jpg 1024w, https:\/\/kendov-dvorec.com\/wp-content\/uploads\/2026\/04\/837073966-300x200.jpg 300w, https:\/\/kendov-dvorec.com\/wp-content\/uploads\/2026\/04\/837073966-768x512.jpg 768w\" sizes=\"(max-width: 800px) 100vw, 800px\" \/>\t\t\t\t\t\t\t\t\t\t\t\t\t\t\t<\/div>\n\t\t\t\t<\/div>\n\t\t\t\t<\/div>\n\t\t\t\t\t<\/div>\n\t\t\t\t<\/div>\n\t\t\t\t<\/div>\n\t\t","protected":false},"excerpt":{"rendered":"<p>EXP\u00c9RIENCES PARENTH\u00c8SE DE BIEN-\u00caTRE AU SPA Un moment de d\u00e9tente exceptionnel durant votre s\u00e9jour. Bien que notre h\u00f4tel ne dispose pas de spa, deux excellentes options \u00e0 proximit\u00e9 vous offrent une d\u00e9tente absolue : Wellness dans le bunker de la Hi\u0161ka na gri\u010du Situ\u00e9 dans un bunker souterrain r\u00e9nov\u00e9 \u00e0 Idrijske Krnice, il offre un [&hellip;]<\/p>\n","protected":false},"author":1,"featured_media":0,"parent":26712,"menu_order":1,"comment_status":"closed","ping_status":"closed","template":"elementor_header_footer","meta":{"footnotes":""},"class_list":["post-26871","page","type-page","status-publish","hentry"],"_links":{"self":[{"href":"https:\/\/kendov-dvorec.com\/fr\/wp-json\/wp\/v2\/pages\/26871","targetHints":{"allow":["GET"]}}],"collection":[{"href":"https:\/\/kendov-dvorec.com\/fr\/wp-json\/wp\/v2\/pages"}],"about":[{"href":"https:\/\/kendov-dvorec.com\/fr\/wp-json\/wp\/v2\/types\/page"}],"author":[{"embeddable":true,"href":"https:\/\/kendov-dvorec.com\/fr\/wp-json\/wp\/v2\/users\/1"}],"replies":[{"embeddable":true,"href":"https:\/\/kendov-dvorec.com\/fr\/wp-json\/wp\/v2\/comments?post=26871"}],"version-history":[{"count":4,"href":"https:\/\/kendov-dvorec.com\/fr\/wp-json\/wp\/v2\/pages\/26871\/revisions"}],"predecessor-version":[{"id":28030,"href":"https:\/\/kendov-dvorec.com\/fr\/wp-json\/wp\/v2\/pages\/26871\/revisions\/28030"}],"up":[{"embeddable":true,"href":"https:\/\/kendov-dvorec.com\/fr\/wp-json\/wp\/v2\/pages\/26712"}],"wp:attachment":[{"href":"https:\/\/kendov-dvorec.com\/fr\/wp-json\/wp\/v2\/media?parent=26871"}],"curies":[{"name":"wp","href":"https:\/\/api.w.org\/{rel}","templated":true}]}}