{"id":26924,"date":"2023-07-17T12:23:49","date_gmt":"2023-07-17T11:23:49","guid":{"rendered":"https:\/\/kendov-dvorec.com\/home-orig\/"},"modified":"2023-07-17T12:23:49","modified_gmt":"2023-07-17T11:23:49","slug":"home-orig","status":"publish","type":"page","link":"https:\/\/kendov-dvorec.com\/fr\/home-orig\/","title":{"rendered":"Home-orig"},"content":{"rendered":"<p>[vc_row][vc_column offset=\u00a0\u00bbvc_hidden-lg vc_hidden-md vc_hidden-sm\u00a0\u00bb][vc_widget_sidebar sidebar_id=\u00a0\u00bbavada-custom-sidebar-bookbuttonmobile\u00a0\u00bb][\/vc_column][\/vc_row][vc_row full_width=\u00a0\u00bbstretch_row_content_no_spaces\u00a0\u00bb][vc_column][rev_slider_vc alias=\u00a0\u00bbhomepage_slider\u00a0\u00bb][\/vc_column][\/vc_row][vc_row css=\u00a0\u00bb.vc_custom_1507208982576{padding-top: 45px !important;padding-bottom: 45px !important;}\u00a0\u00bb][vc_column][vc_row_inner][vc_column_inner width=\u00a0\u00bb1\/4&Prime;][\/vc_column_inner][vc_column_inner width=\u00a0\u00bb1\/2&Prime;][vc_single_image image=\u00a0\u00bb7482&Prime; img_size=\u00a0\u00bbfull\u00a0\u00bb alignment=\u00a0\u00bbcenter\u00a0\u00bb][\/vc_column_inner][vc_column_inner width=\u00a0\u00bb1\/4&Prime;][\/vc_column_inner][\/vc_row_inner][vc_row_inner][vc_column_inner width=\u00a0\u00bb1\/6&Prime;][\/vc_column_inner][vc_column_inner width=\u00a0\u00bb2\/3&Prime;][vc_column_text]<\/p>\n<p style=\"text-align: center;\">Kendov Dvorec est un 5 \u00e9toiles h\u00f4tel unique situ\u00e9 dans le vieux village de Spodnja Idrija, membre de l\u2019association internationale Relais &amp; Ch\u00e2teaux. Les racines de Kendov Dvorec remontent \u00e0 l\u2019an 1377, \u00e9poque o\u00f9 les premiers propri\u00e9taires g\u00e9raient la ferme au-dessus de la vall\u00e9e de la rivi\u00e8re d\u2019Idrijca. L\u2019impressionnant b\u00e2timent, qui faisait autrefois partie de la propri\u00e9t\u00e9 Kenda, est situ\u00e9 \u00e0 Spodnja Idrija, un village qui a pris de l\u2019importance en 1156 avec la construction de l\u2019\u00e9glise Sainte-Marie-du-Rocher. Nous l\u2019avons restaur\u00e9 dans l\u2019esprit de la tradition et en hommage au pass\u00e9.\n <\/p>\n<p>[\/vc_column_text][vc_btn title=\u00a0\u00bbPLUS SUR KENDOV DVOREC\u00a0\u00bb style=\u00a0\u00bboutline\u00a0\u00bb shape=\u00a0\u00bbsquare\u00a0\u00bb color=\u00a0\u00bbblack\u00a0\u00bb align=\u00a0\u00bbcenter\u00a0\u00bb link=\u00a0\u00bburl:https%3A%2F%2Fkendov-dvorec.zipp.si%2Fkendov-dvorec%2F|\u00a0\u00bb][\/vc_column_inner][vc_column_inner width=\u00a0\u00bb1\/6&Prime;][\/vc_column_inner][\/vc_row_inner][\/vc_column][\/vc_row][vc_row full_width=\u00a0\u00bbstretch_row\u00a0\u00bb transparent=\u00a0\u00bbtransparent\u00a0\u00bb row_padding_top=\u00a0\u00bbpadding_top_1-2&Prime; el_class=\u00a0\u00bbnegative_margin_bottom_150_front\u00a0\u00bb css=\u00a0\u00bb.vc_custom_1507214952467{padding-top: 30px !important;padding-bottom: 30px !important;background-color: #f7f2e7 !important;}\u00a0\u00bb][vc_column][vc_column_text]<\/p>\n<h1 style=\"text-align: center;\">OFFRES<\/h1>\n<h2 style=\"text-align: center;\">D\u00e9couvrez l\u2019environnement paisible d\u2019un manoir rural,<br \/>un patrimoine riche et une nature magnifique.<\/h2>\n<p>[\/vc_column_text][vc_row_inner][vc_column_inner width=\u00a0\u00bb1\/3&Prime;][vc_single_image image=\u00a0\u00bb4755&Prime; img_size=\u00a0\u00bbfull\u00a0\u00bb alignment=\u00a0\u00bbcenter\u00a0\u00bb onclick=\u00a0\u00bbcustom_link\u00a0\u00bb link=\u00a0\u00bbhttps:\/\/kendov-dvorec.zipp.si\/ponudbe\/gurmansko-dozivetje\/\u00a0\u00bb][vc_column_text]<\/p>\n<h3 class=\"fusion-responsive-typography-calculated\" data-fontsize=\"28\" data-lineheight=\"42px\"><a href=\"https:\/\/kendov-dvorec.zipp.si\/ponudbe\/gurmansko-dozivetje\/\">EXP\u00c9RIENCE GASTRONOMIQUE<\/a><\/h3>\n<p>D\u00e9couvrez la cuisine locale originale qui combine le savoir-faire des chefs de cuisine et les recettes \u00e9prouv\u00e9es de nos grands-m\u00e8res.<br \/>\n<a href=\"https:\/\/kendov-dvorec.zipp.si\/ponudbe\/gurmansko-dozivetje\/\">Plus \u203a\u203a<\/a><\/p>\n<p>[\/vc_column_text][\/vc_column_inner][vc_column_inner width=\u00a0\u00bb1\/3&Prime;][vc_single_image image=\u00a0\u00bb4585&Prime; img_size=\u00a0\u00bbfull\u00a0\u00bb alignment=\u00a0\u00bbcenter\u00a0\u00bb onclick=\u00a0\u00bbcustom_link\u00a0\u00bb link=\u00a0\u00bbhttps:\/\/kendov-dvorec.zipp.si\/ponudbe\/raj-za-muharjenje\/\u00a0\u00bb][vc_column_text]<\/p>\n<h3><\/h3>\n<h3 class=\"fusion-responsive-typography-calculated\" data-fontsize=\"28\" data-lineheight=\"42px\"><a href=\"https:\/\/kendov-dvorec.zipp.si\/ponudbe\/raj-za-muharjenje\/\">PARADIS DE LA P\u00caCHE \u00c0 LA MOUCHE<\/a><\/h3>\n<p>Combinez votre passion pour la p\u00eache \u00e0 la mouche avec un s\u00e9jour relaxant \u00e0 Kendov Dvorec, \u00e0 seulement quelques pas de rivi\u00e8res aux eaux cristallines.<br \/>\n<a href=\"https:\/\/kendov-dvorec.zipp.si\/ponudbe\/raj-za-muharjenje\/\">Plus \u203a\u203a<\/a><\/p>\n<p>[\/vc_column_text][\/vc_column_inner][vc_column_inner width=\u00a0\u00bb1\/3&Prime;][vc_single_image image=\u00a0\u00bb4649&Prime; img_size=\u00a0\u00bbfull\u00a0\u00bb alignment=\u00a0\u00bbcenter\u00a0\u00bb onclick=\u00a0\u00bbcustom_link\u00a0\u00bb link=\u00a0\u00bbhttps:\/\/kendov-dvorec.zipp.si\/ponudbe\/romanticni-oddih\/\u00a0\u00bb][vc_column_text]<\/p>\n<h3><a href=\"https:\/\/kendov-dvorec.zipp.si\/ponudbe\/romanticni-oddih\/\">ESCAPADE ROMANTIQUE<\/a><\/h3>\n<div class=\"ProductDesc Mrgn6\">\n<p class=\"fusion-responsive-typography-calculated\" data-fontsize=\"45\" data-lineheight=\"54px\">Votre s\u00e9jour \u00e0 Kendov Dvorec avec une personne aim\u00e9e sera inoubliable avec notre forfait sp\u00e9cial, qui comprend un d\u00eener romantique \u00e0 la lueur des bougies.<br \/>\n<a href=\"http:\/\/ponudbe\/romanticni-oddih\">Plus \u203a\u203a \u203a\u203a<\/a><\/p>\n<\/div>\n<p>[\/vc_column_text][\/vc_column_inner][\/vc_row_inner][vc_btn title=\u00a0\u00bbVOIR TOUTES LES OFFRES\u00a0\u00bb style=\u00a0\u00bboutline\u00a0\u00bb shape=\u00a0\u00bbsquare\u00a0\u00bb color=\u00a0\u00bbblack\u00a0\u00bb align=\u00a0\u00bbcenter\u00a0\u00bb link=\u00a0\u00bburl:https%3A%2F%2Fkendov-dvorec.zipp.si%2Fponudbe%2F|\u00a0\u00bb css=\u00a0\u00bb.vc_custom_1512148854188{padding-bottom: 20px !important;}\u00a0\u00bb][\/vc_column][\/vc_row][vc_row transparent=\u00a0\u00bbtransparent\u00a0\u00bb row_padding_top=\u00a0\u00bbpadding_top_1-2&Prime; row_padding_bottom=\u00a0\u00bbpadding_bottom_1-2&Prime; css=\u00a0\u00bb.vc_custom_1507276938742{padding-top: 50px !important;padding-bottom: 50px !important;}\u00a0\u00bb][vc_column width=\u00a0\u00bb2\/3&Prime; align=\u00a0\u00bbtext-center\u00a0\u00bb][vc_single_image image=\u00a0\u00bb3991&Prime; img_size=\u00a0\u00bbfull\u00a0\u00bb onclick=\u00a0\u00bbcustom_link\u00a0\u00bb link=\u00a0\u00bb\/kulinarika\/\u00a0\u00bb][\/vc_column][vc_column width=\u00a0\u00bb1\/3&Prime;][vc_column_text]<\/p>\n<h1><a href=\"\/kulinarika\/\">SAVEURS ORIGINALES<\/a><\/h1>\n<h2>La cuisine de Kenda est une po\u00e9sie \u2013 originale et sophistiqu\u00e9e.<\/h2>\n<p>Les cuisiniers de Kendov Dvorec pr\u00e9parent des plats selon des recettes anciennes, \u00e0 partir d\u2019ingr\u00e9dients d\u2019origine locale. Les menus de la maison changent donc en fonction de la saison. \u00ab \u017dlikrofi, bakalca, bati, ajmoht, \u0161truklji \u00bb \u2013 les sp\u00e9cialit\u00e9s red\u00e9couvertes de la cuisine d\u2019Idrija refl\u00e8tent des si\u00e8cles de tradition.<br \/>\n<a href=\"\/kulinarika\/\">Plus \u203a\u203a<\/a>[\/vc_column_text][\/vc_column][\/vc_row][vc_row][vc_column][vc_separator color=\u00a0\u00bbcustom\u00a0\u00bb accent_color=\u00a0\u00bb#e5e5e5&Prime;][\/vc_column][\/vc_row][vc_row transparent=\u00a0\u00bbtransparent\u00a0\u00bb row_padding_top=\u00a0\u00bbpadding_top_1-2&Prime; row_padding_bottom=\u00a0\u00bbpadding_bottom_1-2&Prime; css=\u00a0\u00bb.vc_custom_1507276973449{padding-top: 50px !important;padding-bottom: 50px !important;}\u00a0\u00bb][vc_column width=\u00a0\u00bb1\/3&Prime; align=\u00a0\u00bbtext-center\u00a0\u00bb][vc_column_text]<\/p>\n<h1><a href=\"https:\/\/kendov-dvorec.zipp.si\/dozivetja\/pokusina-vin\/\">VINS S\u00c9LECTIONN\u00c9S<\/a><\/h1>\n<h2>Naturellement naturel, excellemment excellent.<\/h2>\n<p>Au Kendov Dvorec, nous accordons une attention particuli\u00e8re \u00e0 l\u2019excellence et \u00e0 la simplicit\u00e9 de nos plats maison, en les associant toujours aux excellents vins des vignerons de la r\u00e9gion de Primorska.<br \/>\nLa d\u00e9gustation de vins s\u00e9lectionn\u00e9s de notre cave, en pr\u00e9sence de notre sommelier ou un vigneron, est un v\u00e9ritable r\u00e9gal pour les sens.<br \/>\n<a href=\"https:\/\/kendov-dvorec.zipp.si\/dozivetja\/pokusina-vin\/\">Plus \u203a\u203a<\/a>[\/vc_column_text][\/vc_column][vc_column width=\u00a0\u00bb2\/3&Prime;][vc_single_image image=\u00a0\u00bb6275&Prime; img_size=\u00a0\u00bbfull\u00a0\u00bb onclick=\u00a0\u00bbcustom_link\u00a0\u00bb link=\u00a0\u00bbhttps:\/\/kendov-dvorec.zipp.si\/dozivetja\/pokusina-vin\/\u00a0\u00bb][\/vc_column][\/vc_row][vc_row full_width=\u00a0\u00bbstretch_row\u00a0\u00bb css=\u00a0\u00bb.vc_custom_1556782727867{padding-top: 35px !important;padding-bottom: 35px !important;background-color: #f7f2e7 !important;}\u00a0\u00bb][vc_column][vc_column_text]<\/p>\n<h1 style=\"text-align: center;\">HISTOIRES<\/h1>\n<p>[\/vc_column_text][vc_widget_sidebar sidebar_id=\u00a0\u00bbavada-custom-sidebar-zgodbewidget\u00a0\u00bb][vc_btn title=\u00a0\u00bbVOIR TOUTES NOS HISTOIRES\u00a0\u00bb style=\u00a0\u00bboutline\u00a0\u00bb shape=\u00a0\u00bbsquare\u00a0\u00bb color=\u00a0\u00bbblack\u00a0\u00bb align=\u00a0\u00bbcenter\u00a0\u00bb link=\u00a0\u00bburl:https%3A%2F%2Fkendov-dvorec.zipp.si%2Fzgodbe%2F|\u00a0\u00bb css=\u00a0\u00bb.vc_custom_1556010971889{padding-bottom: 20px !important;}\u00a0\u00bb][\/vc_column][\/vc_row][vc_row css=\u00a0\u00bb.vc_custom_1507284704686{padding-top: 25px !important;padding-bottom: 25px !important;}\u00a0\u00bb][vc_column width=\u00a0\u00bb1\/6&Prime;][\/vc_column][vc_column width=\u00a0\u00bb2\/3&Prime;][vc_widget_sidebar sidebar_id=\u00a0\u00bbavada-custom-sidebar-testimonials\u00a0\u00bb][\/vc_column][vc_column width=\u00a0\u00bb1\/6&Prime;][\/vc_column][\/vc_row][vc_row full_width=\u00a0\u00bbstretch_row\u00a0\u00bb row_padding_top=\u00a0\u00bbpadding_top_1-2&Prime; css=\u00a0\u00bb.vc_custom_1507531557100{padding-bottom: 25px !important;background-color: #323232 !important;}\u00a0\u00bb el_class=\u00a0\u00bbfooter_novice\u00a0\u00bb][vc_column][vc_column_text]<\/p>\n<h1 style=\"text-align: center;\"><span style=\"color: #b4975a;\">NEWSLETTER<\/span><\/h1>\n<p>[\/vc_column_text][vc_widget_sidebar sidebar_id=\u00a0\u00bbavada-custom-sidebar-mailchimpnewsletter\u00a0\u00bb][\/vc_column][\/vc_row]<\/p>\n","protected":false},"excerpt":{"rendered":"<p>[vc_row][vc_column offset=\u00a0\u00bbvc_hidden-lg vc_hidden-md vc_hidden-sm\u00a0\u00bb][vc_widget_sidebar sidebar_id=\u00a0\u00bbavada-custom-sidebar-bookbuttonmobile\u00a0\u00bb][\/vc_column][\/vc_row][vc_row full_width=\u00a0\u00bbstretch_row_content_no_spaces\u00a0\u00bb][vc_column][rev_slider_vc alias=\u00a0\u00bbhomepage_slider\u00a0\u00bb][\/vc_column][\/vc_row][vc_row css=\u00a0\u00bb.vc_custom_1507208982576{padding-top: 45px !important;padding-bottom: 45px !important;}\u00a0\u00bb][vc_column][vc_row_inner][vc_column_inner width=\u00a0\u00bb1\/4&Prime;][\/vc_column_inner][vc_column_inner width=\u00a0\u00bb1\/2&Prime;][vc_single_image image=\u00a0\u00bb7482&Prime; img_size=\u00a0\u00bbfull\u00a0\u00bb alignment=\u00a0\u00bbcenter\u00a0\u00bb][\/vc_column_inner][vc_column_inner width=\u00a0\u00bb1\/4&Prime;][\/vc_column_inner][\/vc_row_inner][vc_row_inner][vc_column_inner width=\u00a0\u00bb1\/6&Prime;][\/vc_column_inner][vc_column_inner width=\u00a0\u00bb2\/3&Prime;][vc_column_text] Kendov Dvorec est un 5 \u00e9toiles h\u00f4tel unique situ\u00e9 dans le vieux village de Spodnja Idrija, membre de l\u2019association internationale Relais &amp; Ch\u00e2teaux. Les racines de Kendov Dvorec remontent \u00e0 l\u2019an 1377, \u00e9poque o\u00f9 les [&hellip;]<\/p>\n","protected":false},"author":1,"featured_media":0,"parent":0,"menu_order":1,"comment_status":"closed","ping_status":"closed","template":"","meta":{"footnotes":""},"class_list":["post-26924","page","type-page","status-publish","hentry"],"_links":{"self":[{"href":"https:\/\/kendov-dvorec.com\/fr\/wp-json\/wp\/v2\/pages\/26924","targetHints":{"allow":["GET"]}}],"collection":[{"href":"https:\/\/kendov-dvorec.com\/fr\/wp-json\/wp\/v2\/pages"}],"about":[{"href":"https:\/\/kendov-dvorec.com\/fr\/wp-json\/wp\/v2\/types\/page"}],"author":[{"embeddable":true,"href":"https:\/\/kendov-dvorec.com\/fr\/wp-json\/wp\/v2\/users\/1"}],"replies":[{"embeddable":true,"href":"https:\/\/kendov-dvorec.com\/fr\/wp-json\/wp\/v2\/comments?post=26924"}],"version-history":[{"count":0,"href":"https:\/\/kendov-dvorec.com\/fr\/wp-json\/wp\/v2\/pages\/26924\/revisions"}],"wp:attachment":[{"href":"https:\/\/kendov-dvorec.com\/fr\/wp-json\/wp\/v2\/media?parent=26924"}],"curies":[{"name":"wp","href":"https:\/\/api.w.org\/{rel}","templated":true}]}}