{"id":26929,"date":"2017-09-15T21:06:26","date_gmt":"2017-09-15T20:06:26","guid":{"rendered":"https:\/\/kendov-dvorec.com\/kendov-dvorec\/"},"modified":"2026-04-07T08:15:24","modified_gmt":"2026-04-07T07:15:24","slug":"kendov-dvorec","status":"publish","type":"page","link":"https:\/\/kendov-dvorec.com\/fr\/kendov-dvorec\/","title":{"rendered":"Kendov dvorec"},"content":{"rendered":"\t\t<div data-elementor-type=\"wp-page\" data-elementor-id=\"26929\" class=\"elementor elementor-26929 elementor-5831\" data-elementor-post-type=\"page\">\n\t\t\t\t<div class=\"elementor-element elementor-element-50589457 e-con-full e-flex e-con e-parent\" data-id=\"50589457\" data-element_type=\"container\" data-e-type=\"container\">\n\t\t\t\t<div class=\"elementor-element elementor-element-10369a1 elementor-widget elementor-widget-image\" data-id=\"10369a1\" data-element_type=\"widget\" data-e-type=\"widget\" data-widget_type=\"image.default\">\n\t\t\t\t<div class=\"elementor-widget-container\">\n\t\t\t\t\t\t\t\t\t\t\t\t\t\t\t<img fetchpriority=\"high\" decoding=\"async\" width=\"2560\" height=\"1707\" src=\"https:\/\/kendov-dvorec.com\/wp-content\/uploads\/2025\/09\/Zunanjost-3-scaled.jpg\" class=\"attachment-full size-full wp-image-26006\" alt=\"\" srcset=\"https:\/\/kendov-dvorec.com\/wp-content\/uploads\/2025\/09\/Zunanjost-3-scaled.jpg 2560w, https:\/\/kendov-dvorec.com\/wp-content\/uploads\/2025\/09\/Zunanjost-3-300x200.jpg 300w, https:\/\/kendov-dvorec.com\/wp-content\/uploads\/2025\/09\/Zunanjost-3-1024x683.jpg 1024w, https:\/\/kendov-dvorec.com\/wp-content\/uploads\/2025\/09\/Zunanjost-3-768x512.jpg 768w, https:\/\/kendov-dvorec.com\/wp-content\/uploads\/2025\/09\/Zunanjost-3-1536x1024.jpg 1536w, https:\/\/kendov-dvorec.com\/wp-content\/uploads\/2025\/09\/Zunanjost-3-2048x1365.jpg 2048w\" sizes=\"(max-width: 2560px) 100vw, 2560px\" \/>\t\t\t\t\t\t\t\t\t\t\t\t\t\t\t<\/div>\n\t\t\t\t<\/div>\n\t\t<div class=\"elementor-element elementor-element-5f67a0c e-con-full e-flex e-con e-child\" data-id=\"5f67a0c\" data-element_type=\"container\" data-e-type=\"container\">\n\t\t<div class=\"elementor-element elementor-element-120c77b e-grid e-con-full e-con e-child\" data-id=\"120c77b\" data-element_type=\"container\" data-e-type=\"container\">\n\t\t<div class=\"elementor-element elementor-element-e009bd3 e-con-full e-flex e-con e-child\" data-id=\"e009bd3\" data-element_type=\"container\" data-e-type=\"container\">\n\t\t\t\t<div class=\"elementor-element elementor-element-75a763a elementor-widget elementor-widget-image\" data-id=\"75a763a\" data-element_type=\"widget\" data-e-type=\"widget\" data-widget_type=\"image.default\">\n\t\t\t\t<div class=\"elementor-widget-container\">\n\t\t\t\t\t\t\t\t\t\t\t\t\t\t\t<img decoding=\"async\" width=\"683\" height=\"1024\" src=\"https:\/\/kendov-dvorec.com\/wp-content\/uploads\/2025\/09\/Zunanjost-10-683x1024.jpg\" class=\"attachment-large size-large wp-image-25978\" alt=\"\" srcset=\"https:\/\/kendov-dvorec.com\/wp-content\/uploads\/2025\/09\/Zunanjost-10-683x1024.jpg 683w, https:\/\/kendov-dvorec.com\/wp-content\/uploads\/2025\/09\/Zunanjost-10-200x300.jpg 200w, https:\/\/kendov-dvorec.com\/wp-content\/uploads\/2025\/09\/Zunanjost-10-768x1152.jpg 768w, https:\/\/kendov-dvorec.com\/wp-content\/uploads\/2025\/09\/Zunanjost-10-1024x1536.jpg 1024w, https:\/\/kendov-dvorec.com\/wp-content\/uploads\/2025\/09\/Zunanjost-10-1365x2048.jpg 1365w, https:\/\/kendov-dvorec.com\/wp-content\/uploads\/2025\/09\/Zunanjost-10-scaled.jpg 1707w\" sizes=\"(max-width: 683px) 100vw, 683px\" \/>\t\t\t\t\t\t\t\t\t\t\t\t\t\t\t<\/div>\n\t\t\t\t<\/div>\n\t\t\t\t<div class=\"elementor-element elementor-element-f536928 elementor-widget elementor-widget-text-editor\" data-id=\"f536928\" data-element_type=\"widget\" data-e-type=\"widget\" data-widget_type=\"text-editor.default\">\n\t\t\t\t<div class=\"elementor-widget-container\">\n\t\t\t\t\t\t\t\t\t<p>Entrez dans une maison o\u00f9 le temps s\u2019\u00e9coule plus lentement, o\u00f9 la vie suit un rythme oubli\u00e9 depuis longtemps. Kendov Dvorec est un synonyme de paix. Lorsque vous franchissez son seuil, le temps devient sans importance. La tranquillit\u00e9 de la maison, la touche du pass\u00e9, les \u0153uvres d\u2019art, la dentelle aux fuseaux d\u2019Idrija, des petites surprises \u00e0 chaque coin, la perfection culinaire avec les meilleurs vins et une musique apaisante vous emportent avec une chaleur inoubliable qui reste dans votre c\u0153ur.  <\/p>\t\t\t\t\t\t\t\t<\/div>\n\t\t\t\t<\/div>\n\t\t\t\t<\/div>\n\t\t<div class=\"elementor-element elementor-element-8125b7b e-con-full e-flex e-con e-child\" data-id=\"8125b7b\" data-element_type=\"container\" data-e-type=\"container\">\n\t\t\t\t<div class=\"elementor-element elementor-element-e75838f elementor-widget elementor-widget-heading\" data-id=\"e75838f\" data-element_type=\"widget\" data-e-type=\"widget\" data-widget_type=\"heading.default\">\n\t\t\t\t<div class=\"elementor-widget-container\">\n\t\t\t\t\t<h1 class=\"elementor-heading-title elementor-size-default\"><span style=\"letter-spacing: 0.1px\">KENDOV DVOREC<\/span><span style=\"letter-spacing: 0.1px\"><\/span><br><\/h1>\t\t\t\t<\/div>\n\t\t\t\t<\/div>\n\t\t\t\t<div class=\"elementor-element elementor-element-2f423ef elementor-widget elementor-widget-heading\" data-id=\"2f423ef\" data-element_type=\"widget\" data-e-type=\"widget\" data-widget_type=\"heading.default\">\n\t\t\t\t<div class=\"elementor-widget-container\">\n\t\t\t\t\t<h3 class=\"elementor-heading-title elementor-size-default\">Un manoir rural et une passerelle vers le pass\u00e9.<\/h3>\t\t\t\t<\/div>\n\t\t\t\t<\/div>\n\t\t\t\t<div class=\"elementor-element elementor-element-9bfb1c3 elementor-widget elementor-widget-text-editor\" data-id=\"9bfb1c3\" data-element_type=\"widget\" data-e-type=\"widget\" data-widget_type=\"text-editor.default\">\n\t\t\t\t<div class=\"elementor-widget-container\">\n\t\t\t\t\t\t\t\t\t<div class=\"wpb_text_column wpb_content_element \" style=\"margin-bottom: 20px; color: #3d3d3d; font-family: 'Palatino Linotype', 'Book Antiqua', Palatino, serif; font-size: 17px; letter-spacing: normal;\"><div class=\"wpb_wrapper\" style=\"margin-bottom: 0px;\"><p style=\"margin: 0px 0px 20px;\">Les racines de Kendov Dvorec remontent \u00e0 l\u2019an 1377, \u00e9poque o\u00f9 les premiers propri\u00e9taires g\u00e9raient la ferme au-dessus de la vall\u00e9e de la rivi\u00e8re d\u2019Idrijca. Dans l\u2019ancienne Spodnja Idrija, qui a prosp\u00e9r\u00e9 \u00e0 partir de 1156 avec la construction de l\u2019\u00e9glise de p\u00e8lerinage de Sainte-Marie du Rocher, la famille Kenda, puissante et respectable, encouragea le progr\u00e8s \u00e9conomique et culturel. <\/p><p style=\"margin: 0px;\">Le puissant si\u00e8ge de la famille Kenda a \u00e9t\u00e9 restaur\u00e9 dans l\u2019esprit de cette \u00e9poque lointaine. Nous sommes fiers de pr\u00e9server avec respect la riche tradition de notre communaut\u00e9 locale. <\/p><\/div><\/div>\t\t\t\t\t\t\t\t<\/div>\n\t\t\t\t<\/div>\n\t\t\t\t<div class=\"elementor-element elementor-element-d05663c elementor-widget elementor-widget-image\" data-id=\"d05663c\" data-element_type=\"widget\" data-e-type=\"widget\" data-widget_type=\"image.default\">\n\t\t\t\t<div class=\"elementor-widget-container\">\n\t\t\t\t\t\t\t\t\t\t\t\t\t\t\t<img decoding=\"async\" width=\"800\" height=\"534\" src=\"https:\/\/kendov-dvorec.com\/wp-content\/uploads\/images\/Ekipa-kendovega-dvorca.jpg\" class=\"attachment-large size-large wp-image-1120\" alt=\"\" \/>\t\t\t\t\t\t\t\t\t\t\t\t\t\t\t<\/div>\n\t\t\t\t<\/div>\n\t\t\t\t<div class=\"elementor-element elementor-element-629eda8 elementor-widget elementor-widget-text-editor\" data-id=\"629eda8\" data-element_type=\"widget\" data-e-type=\"widget\" data-widget_type=\"text-editor.default\">\n\t\t\t\t<div class=\"elementor-widget-container\">\n\t\t\t\t\t\t\t\t\t<p><em>Kendov Dvorec \u00e9quipe<\/em><\/p>\t\t\t\t\t\t\t\t<\/div>\n\t\t\t\t<\/div>\n\t\t\t\t<\/div>\n\t\t\t\t<\/div>\n\t\t\t\t<\/div>\n\t\t\t\t<\/div>\n\t\t<div class=\"elementor-element elementor-element-d856761 e-con-full e-flex e-con e-parent\" data-id=\"d856761\" data-element_type=\"container\" data-e-type=\"container\" data-settings=\"{&quot;background_background&quot;:&quot;classic&quot;}\">\n\t\t<div class=\"elementor-element elementor-element-3cbec80 e-flex e-con-boxed e-con e-child\" data-id=\"3cbec80\" data-element_type=\"container\" data-e-type=\"container\">\n\t\t\t\t\t<div class=\"e-con-inner\">\n\t\t<div class=\"elementor-element elementor-element-cc99c14 e-con-full e-flex e-con e-child\" data-id=\"cc99c14\" data-element_type=\"container\" data-e-type=\"container\">\n\t\t\t\t<div class=\"elementor-element elementor-element-9bf41c9 elementor-widget elementor-widget-heading\" data-id=\"9bf41c9\" data-element_type=\"widget\" data-e-type=\"widget\" data-widget_type=\"heading.default\">\n\t\t\t\t<div class=\"elementor-widget-container\">\n\t\t\t\t\t<h1 class=\"elementor-heading-title elementor-size-default\">D\u00e9couvrez Kendov Dvorec<\/h1>\t\t\t\t<\/div>\n\t\t\t\t<\/div>\n\t\t\t\t<div class=\"elementor-element elementor-element-f539c31 elementor-widget elementor-widget-heading\" data-id=\"f539c31\" data-element_type=\"widget\" data-e-type=\"widget\" data-widget_type=\"heading.default\">\n\t\t\t\t<div class=\"elementor-widget-container\">\n\t\t\t\t\t<h3 class=\"elementor-heading-title elementor-size-default\">Bienvenue dans le manoir \u00e0 la campagne o\u00f9 le luxe et l\u2019\u00e9l\u00e9gance vont de pair avec une ambiance chaleureuse.<\/h3>\t\t\t\t<\/div>\n\t\t\t\t<\/div>\n\t\t\t\t<\/div>\n\t\t\t\t\t<\/div>\n\t\t\t\t<\/div>\n\t\t<div class=\"elementor-element elementor-element-6a20b83 e-grid e-con-boxed e-con e-child\" data-id=\"6a20b83\" data-element_type=\"container\" data-e-type=\"container\">\n\t\t\t\t\t<div class=\"e-con-inner\">\n\t\t<div class=\"elementor-element elementor-element-89ac68b e-con-full e-flex e-con e-child\" data-id=\"89ac68b\" data-element_type=\"container\" data-e-type=\"container\">\n\t\t<div class=\"elementor-element elementor-element-5c5bade e-con-full e-flex e-con e-child\" data-id=\"5c5bade\" data-element_type=\"container\" data-e-type=\"container\">\n\t\t\t\t<div class=\"elementor-element elementor-element-f1fa897 elementor-widget elementor-widget-image\" data-id=\"f1fa897\" data-element_type=\"widget\" data-e-type=\"widget\" data-widget_type=\"image.default\">\n\t\t\t\t<div class=\"elementor-widget-container\">\n\t\t\t\t\t\t\t\t\t\t\t\t\t\t\t<img loading=\"lazy\" decoding=\"async\" width=\"800\" height=\"454\" src=\"https:\/\/kendov-dvorec.com\/wp-content\/uploads\/2026\/04\/Sobe-160-fixed-1024x581.jpg\" class=\"attachment-large size-large wp-image-27571\" alt=\"\" srcset=\"https:\/\/kendov-dvorec.com\/wp-content\/uploads\/2026\/04\/Sobe-160-fixed-1024x581.jpg 1024w, https:\/\/kendov-dvorec.com\/wp-content\/uploads\/2026\/04\/Sobe-160-fixed-300x170.jpg 300w, https:\/\/kendov-dvorec.com\/wp-content\/uploads\/2026\/04\/Sobe-160-fixed-768x436.jpg 768w, https:\/\/kendov-dvorec.com\/wp-content\/uploads\/2026\/04\/Sobe-160-fixed-1536x871.jpg 1536w, https:\/\/kendov-dvorec.com\/wp-content\/uploads\/2026\/04\/Sobe-160-fixed-2048x1162.jpg 2048w\" sizes=\"(max-width: 800px) 100vw, 800px\" \/>\t\t\t\t\t\t\t\t\t\t\t\t\t\t\t<\/div>\n\t\t\t\t<\/div>\n\t\t\t\t<div class=\"elementor-element elementor-element-0ce177b elementor-widget elementor-widget-heading\" data-id=\"0ce177b\" data-element_type=\"widget\" data-e-type=\"widget\" data-widget_type=\"heading.default\">\n\t\t\t\t<div class=\"elementor-widget-container\">\n\t\t\t\t\t<h2 class=\"elementor-heading-title elementor-size-default\">Chambres<\/h2>\t\t\t\t<\/div>\n\t\t\t\t<\/div>\n\t\t\t\t<div class=\"elementor-element elementor-element-dc6d737 elementor-widget elementor-widget-text-editor\" data-id=\"dc6d737\" data-element_type=\"widget\" data-e-type=\"widget\" data-widget_type=\"text-editor.default\">\n\t\t\t\t<div class=\"elementor-widget-container\">\n\t\t\t\t\t\t\t\t\t<p>La suite et les chambres de Kendov Dvorec portent les noms de membres de l\u2019ancienne famille Kenda. Elles sont \u00e9quip\u00e9es de meubles anciens faits \u00e0 la main du XIXe si\u00e8cle.  <\/p><p><a href=\"https:\/\/kendov-dvorec.com\/fr\/sobe-in-suita\/\">Plus \u203a\u203a<\/a><\/p>\t\t\t\t\t\t\t\t<\/div>\n\t\t\t\t<\/div>\n\t\t\t\t<\/div>\n\t\t\t\t<\/div>\n\t\t<div class=\"elementor-element elementor-element-0b5ec08 e-con-full e-flex e-con e-child\" data-id=\"0b5ec08\" data-element_type=\"container\" data-e-type=\"container\">\n\t\t<div class=\"elementor-element elementor-element-043d540 e-con-full e-flex e-con e-child\" data-id=\"043d540\" data-element_type=\"container\" data-e-type=\"container\">\n\t\t\t\t<div class=\"elementor-element elementor-element-d269f61 elementor-widget elementor-widget-image\" data-id=\"d269f61\" data-element_type=\"widget\" data-e-type=\"widget\" data-widget_type=\"image.default\">\n\t\t\t\t<div class=\"elementor-widget-container\">\n\t\t\t\t\t\t\t\t\t\t\t\t\t\t\t<img loading=\"lazy\" decoding=\"async\" width=\"800\" height=\"453\" src=\"https:\/\/kendov-dvorec.com\/wp-content\/uploads\/images\/Kendov_dvorec_restaurant.jpg\" class=\"attachment-large size-large wp-image-2890\" alt=\"\" \/>\t\t\t\t\t\t\t\t\t\t\t\t\t\t\t<\/div>\n\t\t\t\t<\/div>\n\t\t\t\t<div class=\"elementor-element elementor-element-c80ce15 elementor-widget elementor-widget-heading\" data-id=\"c80ce15\" data-element_type=\"widget\" data-e-type=\"widget\" data-widget_type=\"heading.default\">\n\t\t\t\t<div class=\"elementor-widget-container\">\n\t\t\t\t\t<h2 class=\"elementor-heading-title elementor-size-default\">Les salles<\/h2>\t\t\t\t<\/div>\n\t\t\t\t<\/div>\n\t\t\t\t<div class=\"elementor-element elementor-element-e7774b5 elementor-widget elementor-widget-text-editor\" data-id=\"e7774b5\" data-element_type=\"widget\" data-e-type=\"widget\" data-widget_type=\"text-editor.default\">\n\t\t\t\t<div class=\"elementor-widget-container\">\n\t\t\t\t\t\t\t\t\t<p>Les chambres basses de Kendov Dvorec sont parfaites pour se d\u00e9tendre. Elles peuvent \u00eatre utilis\u00e9es pour des banquets, des c\u00e9r\u00e9monies de mariage, des c\u00e9l\u00e9brations et des \u00e9v\u00e9nements professionnels.Spodnji prostori Kendovega dvorca so namenjeni oddihu, pogostitvam, poro\u010dnim slavjem, praznovanjem ter poslovnim sre\u010danjem.<\/p><p><a href=\"https:\/\/kendov-dvorec.com\/fr\/sobe-in-suita\/les-salles\/\">Plus \u203a\u203a<\/a><\/p>\t\t\t\t\t\t\t\t<\/div>\n\t\t\t\t<\/div>\n\t\t\t\t<\/div>\n\t\t\t\t<\/div>\n\t\t<div class=\"elementor-element elementor-element-f3bfa0b e-con-full e-flex e-con e-child\" data-id=\"f3bfa0b\" data-element_type=\"container\" data-e-type=\"container\">\n\t\t<div class=\"elementor-element elementor-element-bf90764 e-con-full e-flex e-con e-child\" data-id=\"bf90764\" data-element_type=\"container\" data-e-type=\"container\">\n\t\t\t\t<div class=\"elementor-element elementor-element-40c40bc elementor-widget elementor-widget-image\" data-id=\"40c40bc\" data-element_type=\"widget\" data-e-type=\"widget\" data-widget_type=\"image.default\">\n\t\t\t\t<div class=\"elementor-widget-container\">\n\t\t\t\t\t\t\t\t\t\t\t\t\t\t\t<img loading=\"lazy\" decoding=\"async\" width=\"800\" height=\"453\" src=\"https:\/\/kendov-dvorec.com\/wp-content\/uploads\/images\/Kendov-dvorec-garden-1.jpg\" class=\"attachment-large size-large wp-image-1685\" alt=\"\" \/>\t\t\t\t\t\t\t\t\t\t\t\t\t\t\t<\/div>\n\t\t\t\t<\/div>\n\t\t\t\t<div class=\"elementor-element elementor-element-e7e1fac elementor-widget elementor-widget-heading\" data-id=\"e7e1fac\" data-element_type=\"widget\" data-e-type=\"widget\" data-widget_type=\"heading.default\">\n\t\t\t\t<div class=\"elementor-widget-container\">\n\t\t\t\t\t<h2 class=\"elementor-heading-title elementor-size-default\">Jardins<\/h2>\t\t\t\t<\/div>\n\t\t\t\t<\/div>\n\t\t\t\t<div class=\"elementor-element elementor-element-9348982 elementor-widget elementor-widget-text-editor\" data-id=\"9348982\" data-element_type=\"widget\" data-e-type=\"widget\" data-widget_type=\"text-editor.default\">\n\t\t\t\t<div class=\"elementor-widget-container\">\n\t\t\t\t\t\t\t\t\t<p>Le jardin des plantes avec des pommiers centenaires, le jardin pav\u00e9 de Hana et le plus petit jardin de Matev\u017e offrent une d\u00e9tente in\u00e9gal\u00e9e dans la nature pendant les mois chauds.<\/p><p><a href=\"https:\/\/kendov-dvorec.com\/fr\/sobe-in-suita\/jardins\/\">Plus \u203a\u203a<\/a><\/p>\t\t\t\t\t\t\t\t<\/div>\n\t\t\t\t<\/div>\n\t\t\t\t<\/div>\n\t\t\t\t<\/div>\n\t\t\t\t\t<\/div>\n\t\t\t\t<\/div>\n\t\t\t\t<\/div>\n\t\t\t\t<\/div>\n\t\t","protected":false},"excerpt":{"rendered":"<p>Entrez dans une maison o\u00f9 le temps s\u2019\u00e9coule plus lentement, o\u00f9 la vie suit un rythme oubli\u00e9 depuis longtemps. Kendov Dvorec est un synonyme de paix. Lorsque vous franchissez son seuil, le temps devient sans importance. La tranquillit\u00e9 de la maison, la touche du pass\u00e9, les \u0153uvres d\u2019art, la dentelle aux fuseaux d\u2019Idrija, des petites [&hellip;]<\/p>\n","protected":false},"author":1,"featured_media":0,"parent":0,"menu_order":2,"comment_status":"closed","ping_status":"closed","template":"elementor_header_footer","meta":{"footnotes":""},"class_list":["post-26929","page","type-page","status-publish","hentry"],"_links":{"self":[{"href":"https:\/\/kendov-dvorec.com\/fr\/wp-json\/wp\/v2\/pages\/26929","targetHints":{"allow":["GET"]}}],"collection":[{"href":"https:\/\/kendov-dvorec.com\/fr\/wp-json\/wp\/v2\/pages"}],"about":[{"href":"https:\/\/kendov-dvorec.com\/fr\/wp-json\/wp\/v2\/types\/page"}],"author":[{"embeddable":true,"href":"https:\/\/kendov-dvorec.com\/fr\/wp-json\/wp\/v2\/users\/1"}],"replies":[{"embeddable":true,"href":"https:\/\/kendov-dvorec.com\/fr\/wp-json\/wp\/v2\/comments?post=26929"}],"version-history":[{"count":5,"href":"https:\/\/kendov-dvorec.com\/fr\/wp-json\/wp\/v2\/pages\/26929\/revisions"}],"predecessor-version":[{"id":27591,"href":"https:\/\/kendov-dvorec.com\/fr\/wp-json\/wp\/v2\/pages\/26929\/revisions\/27591"}],"wp:attachment":[{"href":"https:\/\/kendov-dvorec.com\/fr\/wp-json\/wp\/v2\/media?parent=26929"}],"curies":[{"name":"wp","href":"https:\/\/api.w.org\/{rel}","templated":true}]}}