{"id":26980,"date":"2017-10-05T14:34:45","date_gmt":"2017-10-05T13:34:45","guid":{"rendered":"https:\/\/kendov-dvorec.com\/sobe-in-suita\/chambres-superior\/"},"modified":"2026-04-08T14:33:00","modified_gmt":"2026-04-08T13:33:00","slug":"chambres-superior","status":"publish","type":"page","link":"https:\/\/kendov-dvorec.com\/fr\/chambres-et-jardins\/chambres-superior\/","title":{"rendered":"CHAMBRES SUPERIOR"},"content":{"rendered":"\t\t<div data-elementor-type=\"wp-page\" data-elementor-id=\"26980\" class=\"elementor elementor-26980 elementor-5839\" data-elementor-post-type=\"page\">\n\t\t\t\t<div class=\"elementor-element elementor-element-37b5350 e-flex e-con-boxed e-con e-parent\" data-id=\"37b5350\" data-element_type=\"container\" data-e-type=\"container\" data-settings=\"{&quot;background_background&quot;:&quot;classic&quot;}\">\n\t\t\t\t\t<div class=\"e-con-inner\">\n\t\t\t\t\t<\/div>\n\t\t\t\t<\/div>\n\t\t<div class=\"elementor-element elementor-element-998604b e-flex e-con-boxed e-con e-parent\" data-id=\"998604b\" data-element_type=\"container\" data-e-type=\"container\">\n\t\t\t\t\t<div class=\"e-con-inner\">\n\t\t<div class=\"elementor-element elementor-element-f38e6c8 e-con-full e-flex e-con e-child\" data-id=\"f38e6c8\" data-element_type=\"container\" data-e-type=\"container\">\n\t\t\t\t<div class=\"elementor-element elementor-element-0e26c2c elementor-widget elementor-widget-heading\" data-id=\"0e26c2c\" data-element_type=\"widget\" data-e-type=\"widget\" data-widget_type=\"heading.default\">\n\t\t\t\t<div class=\"elementor-widget-container\">\n\t\t\t\t\t<h1 class=\"elementor-heading-title elementor-size-default\">CHAMBRES SUPERIOR<\/h1>\t\t\t\t<\/div>\n\t\t\t\t<\/div>\n\t\t\t\t<div class=\"elementor-element elementor-element-f6649e1 elementor-widget elementor-widget-text-editor\" data-id=\"f6649e1\" data-element_type=\"widget\" data-e-type=\"widget\" data-widget_type=\"text-editor.default\">\n\t\t\t\t<div class=\"elementor-widget-container\">\n\t\t\t\t\t\t\t\t\t<p>Chambre de Katarina<br>Chambre de Ne\u017ea<\/p>\t\t\t\t\t\t\t\t<\/div>\n\t\t\t\t<\/div>\n\t\t\t\t<div class=\"elementor-element elementor-element-b0abd29 elementor-widget elementor-widget-text-editor\" data-id=\"b0abd29\" data-element_type=\"widget\" data-e-type=\"widget\" data-widget_type=\"text-editor.default\">\n\t\t\t\t<div class=\"elementor-widget-container\">\n\t\t\t\t\t\t\t\t\t<p>Les chambres doubles Superior de Kendov Dvorec, dot\u00e9es de meubles d\u2019origine et d\u2019objets d\u2019art tir\u00e9s du riche patrimoine local, offrent un s\u00e9jour reposant et une vue magnifique sur le jardin fleuri et la vieille ville.<\/p><p>Taille des chambres: 33 \u2013 35 m\u00b2<\/p>\t\t\t\t\t\t\t\t<\/div>\n\t\t\t\t<\/div>\n\t\t<div class=\"elementor-element elementor-element-5dd4da3 e-con-full e-flex e-con e-child\" data-id=\"5dd4da3\" data-element_type=\"container\" data-e-type=\"container\">\n\t\t\t\t<div class=\"elementor-element elementor-element-78e3a12 elementor-align-center elementor-widget elementor-widget-button\" data-id=\"78e3a12\" data-element_type=\"widget\" data-e-type=\"widget\" data-widget_type=\"button.default\">\n\t\t\t\t<div class=\"elementor-widget-container\">\n\t\t\t\t\t\t\t\t\t<div class=\"elementor-button-wrapper\">\n\t\t\t\t\t<a class=\"elementor-button elementor-button-link elementor-size-sm\" href=\"https:\/\/be.synxis.com\/?Hotel=22808&#038;Chain=8565&#038;locale=sl-SI&#038;adult=2\">\n\t\t\t\t\t\t<span class=\"elementor-button-content-wrapper\">\n\t\t\t\t\t\t\t\t\t<span class=\"elementor-button-text\">R\u00c9SERVER<\/span>\n\t\t\t\t\t<\/span>\n\t\t\t\t\t<\/a>\n\t\t\t\t<\/div>\n\t\t\t\t\t\t\t\t<\/div>\n\t\t\t\t<\/div>\n\t\t\t\t<div class=\"elementor-element elementor-element-8460914 elementor-align-center elementor-widget elementor-widget-button\" data-id=\"8460914\" data-element_type=\"widget\" data-e-type=\"widget\" data-widget_type=\"button.default\">\n\t\t\t\t<div class=\"elementor-widget-container\">\n\t\t\t\t\t\t\t\t\t<div class=\"elementor-button-wrapper\">\n\t\t\t\t\t<a class=\"elementor-button elementor-button-link elementor-size-sm\" href=\"https:\/\/kendov-dvorec.com\/fr\/chambres-et-jardins\/\">\n\t\t\t\t\t\t<span class=\"elementor-button-content-wrapper\">\n\t\t\t\t\t\t\t\t\t<span class=\"elementor-button-text\">RETOUR AUX CHAMBRES<\/span>\n\t\t\t\t\t<\/span>\n\t\t\t\t\t<\/a>\n\t\t\t\t<\/div>\n\t\t\t\t\t\t\t\t<\/div>\n\t\t\t\t<\/div>\n\t\t\t\t<\/div>\n\t\t\t\t<\/div>\n\t\t<div class=\"elementor-element elementor-element-2ca4092 e-con-full e-flex e-con e-child\" data-id=\"2ca4092\" data-element_type=\"container\" data-e-type=\"container\">\n\t\t\t\t<div class=\"elementor-element elementor-element-800f514 elementor-skin-slideshow elementor-arrows-yes elementor-widget elementor-widget-media-carousel\" data-id=\"800f514\" data-element_type=\"widget\" data-e-type=\"widget\" data-settings=\"{&quot;skin&quot;:&quot;slideshow&quot;,&quot;slideshow_slides_per_view&quot;:&quot;3&quot;,&quot;centered_slides&quot;:&quot;yes&quot;,&quot;effect&quot;:&quot;slide&quot;,&quot;show_arrows&quot;:&quot;yes&quot;,&quot;speed&quot;:500,&quot;autoplay&quot;:&quot;yes&quot;,&quot;autoplay_speed&quot;:5000,&quot;loop&quot;:&quot;yes&quot;,&quot;pause_on_hover&quot;:&quot;yes&quot;,&quot;pause_on_interaction&quot;:&quot;yes&quot;,&quot;space_between&quot;:{&quot;unit&quot;:&quot;px&quot;,&quot;size&quot;:10,&quot;sizes&quot;:[]},&quot;space_between_tablet&quot;:{&quot;unit&quot;:&quot;px&quot;,&quot;size&quot;:10,&quot;sizes&quot;:[]},&quot;space_between_mobile&quot;:{&quot;unit&quot;:&quot;px&quot;,&quot;size&quot;:10,&quot;sizes&quot;:[]}}\" data-widget_type=\"media-carousel.default\">\n\t\t\t\t<div class=\"elementor-widget-container\">\n\t\t\t\t\t\t\t\t\t<div class=\"elementor-swiper\">\n\t\t\t\t\t<div class=\"elementor-main-swiper swiper\" role=\"region\" aria-roledescription=\"carousel\" aria-label=\"Slides\">\n\t\t\t\t<div class=\"swiper-wrapper\">\n\t\t\t\t\t\t\t\t\t\t\t<div class=\"swiper-slide\" role=\"group\" aria-roledescription=\"slide\">\n\t\t\t\t\t\t\t\t\t<div class=\"elementor-carousel-image\" role=\"img\" aria-label=\"kendov-dvorec-sobe1\" style=\"background-image: url(&#039;https:\/\/kendov-dvorec.com\/wp-content\/uploads\/2025\/09\/kendov-dvorec-sobe1.jpg&#039;)\">\n\n\t\t\t\n\t\t\t\t\t<\/div>\n\t\t\t\t\t\t\t\t<\/div>\n\t\t\t\t\t\t\t\t\t\t\t<div class=\"swiper-slide\" role=\"group\" aria-roledescription=\"slide\">\n\t\t\t\t\t\t\t\t\t<div class=\"elementor-carousel-image\" role=\"img\" aria-label=\"20200404_143307-150x83\" style=\"background-image: url(&#039;https:\/\/kendov-dvorec.com\/wp-content\/uploads\/2025\/09\/20200404_143307-150x83-1.jpg&#039;)\">\n\n\t\t\t\n\t\t\t\t\t<\/div>\n\t\t\t\t\t\t\t\t<\/div>\n\t\t\t\t\t\t\t\t\t\t\t<div class=\"swiper-slide\" role=\"group\" aria-roledescription=\"slide\">\n\t\t\t\t\t\t\t\t\t<div class=\"elementor-carousel-image\" role=\"img\" aria-label=\"Superior room bathroom Kendov dvorec-1\" style=\"background-image: url(&#039;https:\/\/kendov-dvorec.com\/wp-content\/uploads\/2025\/09\/Superior-room-bathroom-Kendov-dvorec-1.jpg&#039;)\">\n\n\t\t\t\n\t\t\t\t\t<\/div>\n\t\t\t\t\t\t\t\t<\/div>\n\t\t\t\t\t\t\t\t\t\t\t<div class=\"swiper-slide\" role=\"group\" aria-roledescription=\"slide\">\n\t\t\t\t\t\t\t\t\t<div class=\"elementor-carousel-image\" role=\"img\" aria-label=\"IMG_20200804_181205-150x83\" style=\"background-image: url(&#039;https:\/\/kendov-dvorec.com\/wp-content\/uploads\/2025\/09\/IMG_20200804_181205-150x83-1.jpg&#039;)\">\n\n\t\t\t\n\t\t\t\t\t<\/div>\n\t\t\t\t\t\t\t\t<\/div>\n\t\t\t\t\t\t\t\t\t\t\t<div class=\"swiper-slide\" role=\"group\" aria-roledescription=\"slide\">\n\t\t\t\t\t\t\t\t\t<div class=\"elementor-carousel-image\" role=\"img\" aria-label=\"Sobe-82\" style=\"background-image: url(&#039;https:\/\/kendov-dvorec.com\/wp-content\/uploads\/2025\/09\/Sobe-82-scaled.jpg&#039;)\">\n\n\t\t\t\n\t\t\t\t\t<\/div>\n\t\t\t\t\t\t\t\t<\/div>\n\t\t\t\t\t\t\t\t\t<\/div>\n\t\t\t\t\t\t\t\t\t\t\t\t\t\t\t<div class=\"elementor-swiper-button elementor-swiper-button-prev\" role=\"button\" tabindex=\"0\" aria-label=\"Pr\u00e9c\u00e9dent\">\n\t\t\t\t\t\t\t<svg aria-hidden=\"true\" class=\"e-font-icon-svg e-eicon-chevron-left\" viewBox=\"0 0 1000 1000\" xmlns=\"http:\/\/www.w3.org\/2000\/svg\"><path d=\"M646 125C629 125 613 133 604 142L308 442C296 454 292 471 292 487 292 504 296 521 308 533L604 854C617 867 629 875 646 875 663 875 679 871 692 858 704 846 713 829 713 812 713 796 708 779 692 767L438 487 692 225C700 217 708 204 708 187 708 171 704 154 692 142 675 129 663 125 646 125Z\"><\/path><\/svg>\t\t\t\t\t\t<\/div>\n\t\t\t\t\t\t<div class=\"elementor-swiper-button elementor-swiper-button-next\" role=\"button\" tabindex=\"0\" aria-label=\"Suivant\">\n\t\t\t\t\t\t\t<svg aria-hidden=\"true\" class=\"e-font-icon-svg e-eicon-chevron-right\" viewBox=\"0 0 1000 1000\" xmlns=\"http:\/\/www.w3.org\/2000\/svg\"><path d=\"M696 533C708 521 713 504 713 487 713 471 708 454 696 446L400 146C388 133 375 125 354 125 338 125 325 129 313 142 300 154 292 171 292 187 292 204 296 221 308 233L563 492 304 771C292 783 288 800 288 817 288 833 296 850 308 863 321 871 338 875 354 875 371 875 388 867 400 854L696 533Z\"><\/path><\/svg>\t\t\t\t\t\t<\/div>\n\t\t\t\t\t\t\t\t\t\t\t\t\t\t\t\t\t<\/div>\n\t\t\t\t<\/div>\n\t\t\t\t\t\t\t\t<div class=\"elementor-swiper\">\n\t\t\t\t\t<div class=\"elementor-main-swiper swiper elementor-thumbnails-swiper swiper\" role=\"region region\" aria-roledescription=\"carousel carousel\" aria-label=\"Slides Slides\">\n\t\t\t\t<div class=\"swiper-wrapper\">\n\t\t\t\t\t\t\t\t\t\t\t<div class=\"swiper-slide\" role=\"group\" aria-roledescription=\"slide\">\n\t\t\t\t\t\t\t\t\t<div class=\"elementor-carousel-image\" role=\"img\" aria-label=\"kendov-dvorec-sobe1\" style=\"background-image: url(&#039;https:\/\/kendov-dvorec.com\/wp-content\/uploads\/2025\/09\/kendov-dvorec-sobe1.jpg&#039;)\">\n\n\t\t\t\n\t\t\t\t\t<\/div>\n\t\t\t\t\t\t\t\t<\/div>\n\t\t\t\t\t\t\t\t\t\t\t<div class=\"swiper-slide\" role=\"group\" aria-roledescription=\"slide\">\n\t\t\t\t\t\t\t\t\t<div class=\"elementor-carousel-image\" role=\"img\" aria-label=\"20200404_143307-150x83\" style=\"background-image: url(&#039;https:\/\/kendov-dvorec.com\/wp-content\/uploads\/2025\/09\/20200404_143307-150x83-1.jpg&#039;)\">\n\n\t\t\t\n\t\t\t\t\t<\/div>\n\t\t\t\t\t\t\t\t<\/div>\n\t\t\t\t\t\t\t\t\t\t\t<div class=\"swiper-slide\" role=\"group\" aria-roledescription=\"slide\">\n\t\t\t\t\t\t\t\t\t<div class=\"elementor-carousel-image\" role=\"img\" aria-label=\"Superior room bathroom Kendov dvorec-1\" style=\"background-image: url(&#039;https:\/\/kendov-dvorec.com\/wp-content\/uploads\/2025\/09\/Superior-room-bathroom-Kendov-dvorec-1.jpg&#039;)\">\n\n\t\t\t\n\t\t\t\t\t<\/div>\n\t\t\t\t\t\t\t\t<\/div>\n\t\t\t\t\t\t\t\t\t\t\t<div class=\"swiper-slide\" role=\"group\" aria-roledescription=\"slide\">\n\t\t\t\t\t\t\t\t\t<div class=\"elementor-carousel-image\" role=\"img\" aria-label=\"IMG_20200804_181205-150x83\" style=\"background-image: url(&#039;https:\/\/kendov-dvorec.com\/wp-content\/uploads\/2025\/09\/IMG_20200804_181205-150x83-1.jpg&#039;)\">\n\n\t\t\t\n\t\t\t\t\t<\/div>\n\t\t\t\t\t\t\t\t<\/div>\n\t\t\t\t\t\t\t\t\t\t\t<div class=\"swiper-slide\" role=\"group\" aria-roledescription=\"slide\">\n\t\t\t\t\t\t\t\t\t<div class=\"elementor-carousel-image\" role=\"img\" aria-label=\"Sobe-82\" style=\"background-image: url(&#039;https:\/\/kendov-dvorec.com\/wp-content\/uploads\/2025\/09\/Sobe-82-scaled.jpg&#039;)\">\n\n\t\t\t\n\t\t\t\t\t<\/div>\n\t\t\t\t\t\t\t\t<\/div>\n\t\t\t\t\t\t\t\t\t<\/div>\n\t\t\t\t\t\t\t\t\t\t\t\t\t\t\t\t\t\t\t\t\t<\/div>\n\t\t\t\t<\/div>\n\t\t\t\t\t\t\t\t<\/div>\n\t\t\t\t<\/div>\n\t\t<div class=\"elementor-element elementor-element-19bda72 e-con-full e-flex e-con e-child\" data-id=\"19bda72\" data-element_type=\"container\" data-e-type=\"container\">\n\t\t\t\t<div class=\"elementor-element elementor-element-1a07540 elementor-widget elementor-widget-n-accordion\" data-id=\"1a07540\" data-element_type=\"widget\" data-e-type=\"widget\" data-settings=\"{&quot;default_state&quot;:&quot;all_collapsed&quot;,&quot;max_items_expended&quot;:&quot;one&quot;,&quot;n_accordion_animation_duration&quot;:{&quot;unit&quot;:&quot;ms&quot;,&quot;size&quot;:400,&quot;sizes&quot;:[]}}\" data-widget_type=\"nested-accordion.default\">\n\t\t\t\t<div class=\"elementor-widget-container\">\n\t\t\t\t\t\t\t<div class=\"e-n-accordion\" aria-label=\"Accordion. Open links with Enter or Space, close with Escape, and navigate with Arrow Keys\">\n\t\t\t\t\t\t<details id=\"e-n-accordion-item-2720\" class=\"e-n-accordion-item\" >\n\t\t\t\t<summary class=\"e-n-accordion-item-title\" data-accordion-index=\"1\" tabindex=\"0\" aria-expanded=\"false\" aria-controls=\"e-n-accordion-item-2720\" >\n\t\t\t\t\t<span class='e-n-accordion-item-title-header'><div class=\"e-n-accordion-item-title-text\"> Plus d'informations <\/div><\/span>\n\t\t\t\t\t\t\t<span class='e-n-accordion-item-title-icon'>\n\t\t\t<span class='e-opened' ><svg aria-hidden=\"true\" class=\"e-font-icon-svg e-fas-chevron-up\" viewBox=\"0 0 448 512\" xmlns=\"http:\/\/www.w3.org\/2000\/svg\"><path d=\"M240.971 130.524l194.343 194.343c9.373 9.373 9.373 24.569 0 33.941l-22.667 22.667c-9.357 9.357-24.522 9.375-33.901.04L224 227.495 69.255 381.516c-9.379 9.335-24.544 9.317-33.901-.04l-22.667-22.667c-9.373-9.373-9.373-24.569 0-33.941L207.03 130.525c9.372-9.373 24.568-9.373 33.941-.001z\"><\/path><\/svg><\/span>\n\t\t\t<span class='e-closed'><svg aria-hidden=\"true\" class=\"e-font-icon-svg e-fas-chevron-down\" viewBox=\"0 0 448 512\" xmlns=\"http:\/\/www.w3.org\/2000\/svg\"><path d=\"M207.029 381.476L12.686 187.132c-9.373-9.373-9.373-24.569 0-33.941l22.667-22.667c9.357-9.357 24.522-9.375 33.901-.04L224 284.505l154.745-154.021c9.379-9.335 24.544-9.317 33.901.04l22.667 22.667c9.373 9.373 9.373 24.569 0 33.941L240.971 381.476c-9.373 9.372-24.569 9.372-33.942 0z\"><\/path><\/svg><\/span>\n\t\t<\/span>\n\n\t\t\t\t\t\t<\/summary>\n\t\t\t\t<div role=\"region\" aria-labelledby=\"e-n-accordion-item-2720\" class=\"elementor-element elementor-element-969f212 e-con-full e-flex e-con e-child\" data-id=\"969f212\" data-element_type=\"container\" data-e-type=\"container\">\n\t\t\t\t<div class=\"elementor-element elementor-element-546c3bb elementor-widget elementor-widget-text-editor\" data-id=\"546c3bb\" data-element_type=\"widget\" data-e-type=\"widget\" data-widget_type=\"text-editor.default\">\n\t\t\t\t<div class=\"elementor-widget-container\">\n\t\t\t\t\t\t\t\t\t<div class=\"wpb_column vc_column_container vc_col-sm-8\"><div class=\"vc_column-inner\"><div class=\"wpb_wrapper\"><div class=\"wpb_revslider_element wpb_content_element slider_x\"><div class=\"fusion-slider-revolution rev_slider_wrapper avada-skin-rev avada-skin-rev-nav\"><div class=\"shadow-right\"><p><strong>Taille des lits:<\/strong><br>Longueur: 200 &#8211; 210 cm<br>Largeur: 180 \u2013 190 cm<\/p><p><strong>Enfants<\/strong>:<br>Les enfants sont les bienvenus. Un berceau est disponible pour un suppl\u00e9ment de 30 euros par jour. <\/p><p><strong>Arriv\u00e9e \/ D\u00e9part:<\/strong><br>La chambre r\u00e9serv\u00e9e est disponible \u00e0 partir de 14.00 le jour de l\u2019arriv\u00e9e et jusqu\u2019\u00e0 11.00 le jour du d\u00e9part.  <\/p><p><strong>Parking<\/strong>:<br>Le stationnement dans le parking de Kendov Dvorec est gratuit. Aucune r\u00e9servation pr\u00e9alable de stationnement n\u2019est requise. <\/p><p><strong>Animaux domestiques:<\/strong><br>Le s\u00e9jour d\u2019animaux domestiques est autoris\u00e9 sur accord pr\u00e9alable. Le suppl\u00e9ment pour les animaux domestiques est de \u20ac40.00\/animal domestique\/jour. <\/p><\/div><\/div><\/div><\/div><\/div><\/div>\t\t\t\t\t\t\t\t<\/div>\n\t\t\t\t<\/div>\n\t\t\t\t<\/div>\n\t\t\t\t\t<\/details>\n\t\t\t\t\t<\/div>\n\t\t\t\t\t\t<\/div>\n\t\t\t\t<\/div>\n\t\t\t\t<\/div>\n\t\t\t\t<\/div>\n\t\t\t\t\t<\/div>\n\t\t\t\t<\/div>\n\t\t<div class=\"elementor-element elementor-element-cac8262 e-flex e-con-boxed e-con e-parent\" data-id=\"cac8262\" data-element_type=\"container\" data-e-type=\"container\" data-settings=\"{&quot;background_background&quot;:&quot;classic&quot;}\">\n\t\t\t\t\t<div class=\"e-con-inner\">\n\t\t\t\t<div class=\"elementor-element elementor-element-8630960 elementor-widget elementor-widget-heading\" data-id=\"8630960\" data-element_type=\"widget\" data-e-type=\"widget\" data-widget_type=\"heading.default\">\n\t\t\t\t<div class=\"elementor-widget-container\">\n\t\t\t\t\t<h2 class=\"elementor-heading-title elementor-size-default\">Rendez vos vacances encore plus agr\u00e9ables\u2026<\/h2>\t\t\t\t<\/div>\n\t\t\t\t<\/div>\n\t\t<div class=\"elementor-element elementor-element-918e5fb e-con-full e-flex e-con e-child\" data-id=\"918e5fb\" data-element_type=\"container\" data-e-type=\"container\">\n\t\t<div class=\"elementor-element elementor-element-f70459c e-con-full e-flex e-con e-child\" data-id=\"f70459c\" data-element_type=\"container\" data-e-type=\"container\">\n\t\t\t\t<div class=\"elementor-element elementor-element-35f42ca elementor-widget elementor-widget-image\" data-id=\"35f42ca\" data-element_type=\"widget\" data-e-type=\"widget\" data-widget_type=\"image.default\">\n\t\t\t\t<div class=\"elementor-widget-container\">\n\t\t\t\t\t\t\t\t\t\t\t\t\t\t\t<img fetchpriority=\"high\" decoding=\"async\" width=\"800\" height=\"453\" src=\"https:\/\/kendov-dvorec.com\/wp-content\/uploads\/2025\/09\/Kendov_dvorec_bouquet-scaled-1-1024x580.jpg\" class=\"attachment-large size-large wp-image-24008\" alt=\"\" srcset=\"https:\/\/kendov-dvorec.com\/wp-content\/uploads\/2025\/09\/Kendov_dvorec_bouquet-scaled-1-1024x580.jpg 1024w, https:\/\/kendov-dvorec.com\/wp-content\/uploads\/2025\/09\/Kendov_dvorec_bouquet-scaled-1-300x170.jpg 300w, https:\/\/kendov-dvorec.com\/wp-content\/uploads\/2025\/09\/Kendov_dvorec_bouquet-scaled-1-768x435.jpg 768w, https:\/\/kendov-dvorec.com\/wp-content\/uploads\/2025\/09\/Kendov_dvorec_bouquet-scaled-1-1536x870.jpg 1536w, https:\/\/kendov-dvorec.com\/wp-content\/uploads\/2025\/09\/Kendov_dvorec_bouquet-scaled-1-2048x1160.jpg 2048w\" sizes=\"(max-width: 800px) 100vw, 800px\" \/>\t\t\t\t\t\t\t\t\t\t\t\t\t\t\t<\/div>\n\t\t\t\t<\/div>\n\t\t\t\t<div class=\"elementor-element elementor-element-481b971 elementor-widget elementor-widget-text-editor\" data-id=\"481b971\" data-element_type=\"widget\" data-e-type=\"widget\" data-widget_type=\"text-editor.default\">\n\t\t\t\t<div class=\"elementor-widget-container\">\n\t\t\t\t\t\t\t\t\t<p><strong>BOUQUET DE FLEURS FRA\u00ceCHES<\/strong><br>Surprenez votre bien-aim\u00e9e avec un bouquet de fleurs fra\u00eeches qui vous attendra dans la chambre \u00e0 votre arriv\u00e9e.<\/p>\t\t\t\t\t\t\t\t<\/div>\n\t\t\t\t<\/div>\n\t\t\t\t<\/div>\n\t\t<div class=\"elementor-element elementor-element-2b6138a e-con-full e-flex e-con e-child\" data-id=\"2b6138a\" data-element_type=\"container\" data-e-type=\"container\">\n\t\t\t\t<div class=\"elementor-element elementor-element-7bcec43 elementor-widget elementor-widget-image\" data-id=\"7bcec43\" data-element_type=\"widget\" data-e-type=\"widget\" data-widget_type=\"image.default\">\n\t\t\t\t<div class=\"elementor-widget-container\">\n\t\t\t\t\t\t\t\t\t\t\t\t\t\t\t<img decoding=\"async\" width=\"800\" height=\"453\" src=\"https:\/\/kendov-dvorec.com\/wp-content\/uploads\/2025\/09\/Kendov_dvorec_restaurant_week.jpg\" class=\"attachment-large size-large wp-image-24003\" alt=\"\" srcset=\"https:\/\/kendov-dvorec.com\/wp-content\/uploads\/2025\/09\/Kendov_dvorec_restaurant_week.jpg 900w, https:\/\/kendov-dvorec.com\/wp-content\/uploads\/2025\/09\/Kendov_dvorec_restaurant_week-300x170.jpg 300w, https:\/\/kendov-dvorec.com\/wp-content\/uploads\/2025\/09\/Kendov_dvorec_restaurant_week-768x435.jpg 768w\" sizes=\"(max-width: 800px) 100vw, 800px\" \/>\t\t\t\t\t\t\t\t\t\t\t\t\t\t\t<\/div>\n\t\t\t\t<\/div>\n\t\t\t\t<div class=\"elementor-element elementor-element-366e1ec elementor-widget elementor-widget-text-editor\" data-id=\"366e1ec\" data-element_type=\"widget\" data-e-type=\"widget\" data-widget_type=\"text-editor.default\">\n\t\t\t\t<div class=\"elementor-widget-container\">\n\t\t\t\t\t\t\t\t\t<p><strong>DINER AVEC VINS S\u00c9LECTIONN\u00c9S<\/strong><br>D\u00e9gustez une excellente cuisine locale, accompagn\u00e9e d\u2019une s\u00e9lection de vins de vignerons de la r\u00e9gion de Primorska.<\/p>\t\t\t\t\t\t\t\t<\/div>\n\t\t\t\t<\/div>\n\t\t\t\t<\/div>\n\t\t<div class=\"elementor-element elementor-element-8344679 e-con-full e-flex e-con e-child\" data-id=\"8344679\" data-element_type=\"container\" data-e-type=\"container\">\n\t\t\t\t<div class=\"elementor-element elementor-element-5d6e87d elementor-widget elementor-widget-image\" data-id=\"5d6e87d\" data-element_type=\"widget\" data-e-type=\"widget\" data-widget_type=\"image.default\">\n\t\t\t\t<div class=\"elementor-widget-container\">\n\t\t\t\t\t\t\t\t\t\t\t\t\t\t\t<img decoding=\"async\" width=\"800\" height=\"453\" src=\"https:\/\/kendov-dvorec.com\/wp-content\/uploads\/2025\/09\/Kendov_dvorec_picnic_lunch.jpg\" class=\"attachment-large size-large wp-image-23998\" alt=\"\" srcset=\"https:\/\/kendov-dvorec.com\/wp-content\/uploads\/2025\/09\/Kendov_dvorec_picnic_lunch.jpg 900w, https:\/\/kendov-dvorec.com\/wp-content\/uploads\/2025\/09\/Kendov_dvorec_picnic_lunch-300x170.jpg 300w, https:\/\/kendov-dvorec.com\/wp-content\/uploads\/2025\/09\/Kendov_dvorec_picnic_lunch-768x435.jpg 768w\" sizes=\"(max-width: 800px) 100vw, 800px\" \/>\t\t\t\t\t\t\t\t\t\t\t\t\t\t\t<\/div>\n\t\t\t\t<\/div>\n\t\t\t\t<div class=\"elementor-element elementor-element-2be173e elementor-widget elementor-widget-text-editor\" data-id=\"2be173e\" data-element_type=\"widget\" data-e-type=\"widget\" data-widget_type=\"text-editor.default\">\n\t\t\t\t<div class=\"elementor-widget-container\">\n\t\t\t\t\t\t\t\t\t<p><strong>PANIER-REPAS<\/strong><br>Allez vous promener dans la nature et d\u00e9gustez un d\u00e9licieux d\u00e9jeuner dans un panier contenant une s\u00e9lection de produits locaux frais.<\/p>\t\t\t\t\t\t\t\t<\/div>\n\t\t\t\t<\/div>\n\t\t\t\t<\/div>\n\t\t\t\t<\/div>\n\t\t\t\t\t<\/div>\n\t\t\t\t<\/div>\n\t\t\t\t<\/div>\n\t\t","protected":false},"excerpt":{"rendered":"<p>CHAMBRES SUPERIOR Chambre de KatarinaChambre de Ne\u017ea Les chambres doubles Superior de Kendov Dvorec, dot\u00e9es de meubles d\u2019origine et d\u2019objets d\u2019art tir\u00e9s du riche patrimoine local, offrent un s\u00e9jour reposant et une vue magnifique sur le jardin fleuri et la vieille ville. Taille des chambres: 33 \u2013 35 m\u00b2 R\u00c9SERVER RETOUR AUX CHAMBRES Plus d&rsquo;informations [&hellip;]<\/p>\n","protected":false},"author":1,"featured_media":2280,"parent":27835,"menu_order":3,"comment_status":"closed","ping_status":"closed","template":"elementor_header_footer","meta":{"footnotes":""},"class_list":["post-26980","page","type-page","status-publish","has-post-thumbnail","hentry"],"_links":{"self":[{"href":"https:\/\/kendov-dvorec.com\/fr\/wp-json\/wp\/v2\/pages\/26980","targetHints":{"allow":["GET"]}}],"collection":[{"href":"https:\/\/kendov-dvorec.com\/fr\/wp-json\/wp\/v2\/pages"}],"about":[{"href":"https:\/\/kendov-dvorec.com\/fr\/wp-json\/wp\/v2\/types\/page"}],"author":[{"embeddable":true,"href":"https:\/\/kendov-dvorec.com\/fr\/wp-json\/wp\/v2\/users\/1"}],"replies":[{"embeddable":true,"href":"https:\/\/kendov-dvorec.com\/fr\/wp-json\/wp\/v2\/comments?post=26980"}],"version-history":[{"count":4,"href":"https:\/\/kendov-dvorec.com\/fr\/wp-json\/wp\/v2\/pages\/26980\/revisions"}],"predecessor-version":[{"id":27953,"href":"https:\/\/kendov-dvorec.com\/fr\/wp-json\/wp\/v2\/pages\/26980\/revisions\/27953"}],"up":[{"embeddable":true,"href":"https:\/\/kendov-dvorec.com\/fr\/wp-json\/wp\/v2\/pages\/27835"}],"wp:featuredmedia":[{"embeddable":true,"href":"https:\/\/kendov-dvorec.com\/fr\/wp-json\/wp\/v2\/media\/2280"}],"wp:attachment":[{"href":"https:\/\/kendov-dvorec.com\/fr\/wp-json\/wp\/v2\/media?parent=26980"}],"curies":[{"name":"wp","href":"https:\/\/api.w.org\/{rel}","templated":true}]}}