{"id":27010,"date":"2017-10-05T13:12:21","date_gmt":"2017-10-05T12:12:21","guid":{"rendered":"https:\/\/kendov-dvorec.com\/sobe-in-suita\/les-salles\/"},"modified":"2026-04-08T13:26:48","modified_gmt":"2026-04-08T12:26:48","slug":"les-salles","status":"publish","type":"page","link":"https:\/\/kendov-dvorec.com\/fr\/chambres-et-jardins\/les-salles\/","title":{"rendered":"Les salles"},"content":{"rendered":"\t\t<div data-elementor-type=\"wp-page\" data-elementor-id=\"27010\" class=\"elementor elementor-27010 elementor-5835\" data-elementor-post-type=\"page\">\n\t\t\t\t<div class=\"elementor-element elementor-element-18ec959 e-flex e-con-boxed e-con e-parent\" data-id=\"18ec959\" data-element_type=\"container\" data-e-type=\"container\" data-settings=\"{&quot;background_background&quot;:&quot;classic&quot;}\">\n\t\t\t\t\t<div class=\"e-con-inner\">\n\t\t\t\t\t<\/div>\n\t\t\t\t<\/div>\n\t\t<div class=\"elementor-element elementor-element-07335e7 e-flex e-con-boxed e-con e-parent\" data-id=\"07335e7\" data-element_type=\"container\" data-e-type=\"container\">\n\t\t\t\t\t<div class=\"e-con-inner\">\n\t\t<div class=\"elementor-element elementor-element-559a0ad e-con-full e-flex e-con e-child\" data-id=\"559a0ad\" data-element_type=\"container\" data-e-type=\"container\">\n\t\t\t\t<div class=\"elementor-element elementor-element-85c589a elementor-widget elementor-widget-heading\" data-id=\"85c589a\" data-element_type=\"widget\" data-e-type=\"widget\" data-widget_type=\"heading.default\">\n\t\t\t\t<div class=\"elementor-widget-container\">\n\t\t\t\t\t<h2 class=\"elementor-heading-title elementor-size-default\">Salle de Hana<\/h2>\t\t\t\t<\/div>\n\t\t\t\t<\/div>\n\t\t\t\t<div class=\"elementor-element elementor-element-ac17eef elementor-widget elementor-widget-text-editor\" data-id=\"ac17eef\" data-element_type=\"widget\" data-e-type=\"widget\" data-widget_type=\"text-editor.default\">\n\t\t\t\t<div class=\"elementor-widget-container\">\n\t\t\t\t\t\t\t\t\t<p>C\u2019est la salle la plus spacieuse de Kendov Dvorec, autrefois l\u2019\u00e9curie de Kenda, est aujourd\u2019hui un espace \u00e9l\u00e9gamment d\u00e9cor\u00e9 d\u00e9di\u00e9 aux c\u00e9l\u00e9brations, mariages, d\u00e9jeuners et d\u00eeners. La Salle de Hana accueille \u00e9galement des r\u00e9unions de travail, des pr\u00e9sentations et des \u00e9v\u00e9nements \u00e9ducatifs et culturels. <\/p>\t\t\t\t\t\t\t\t<\/div>\n\t\t\t\t<\/div>\n\t\t\t\t<div class=\"elementor-element elementor-element-62ae5a9 elementor-widget elementor-widget-text-editor\" data-id=\"62ae5a9\" data-element_type=\"widget\" data-e-type=\"widget\" data-widget_type=\"text-editor.default\">\n\t\t\t\t<div class=\"elementor-widget-container\">\n\t\t\t\t\t\t\t\t\t<p><strong>La Salle de Hana re\u00e7oit:<\/strong><br><strong>R\u00e9ception<\/strong>: 100 invit\u00e9s<br><strong>Disposition de cin\u00e9ma:<\/strong><br>80-100 invit\u00e9s<br><strong>Disposition en forme de I:<\/strong><br>28 invit\u00e9s<br><strong>Disposition de banquet:<\/strong><br>100 invit\u00e9s<\/p>\t\t\t\t\t\t\t\t<\/div>\n\t\t\t\t<\/div>\n\t\t\t\t<\/div>\n\t\t<div class=\"elementor-element elementor-element-f4a3fe7 e-con-full e-flex e-con e-child\" data-id=\"f4a3fe7\" data-element_type=\"container\" data-e-type=\"container\">\n\t\t\t\t<div class=\"elementor-element elementor-element-91eda20 elementor-widget elementor-widget-image\" data-id=\"91eda20\" data-element_type=\"widget\" data-e-type=\"widget\" data-widget_type=\"image.default\">\n\t\t\t\t<div class=\"elementor-widget-container\">\n\t\t\t\t\t\t\t\t\t\t\t\t\t\t\t<img fetchpriority=\"high\" decoding=\"async\" width=\"800\" height=\"453\" src=\"https:\/\/kendov-dvorec.com\/wp-content\/uploads\/2025\/09\/Kendov-Dvorec_hanina-sobana.jpg\" class=\"attachment-large size-large wp-image-24521\" alt=\"\" srcset=\"https:\/\/kendov-dvorec.com\/wp-content\/uploads\/2025\/09\/Kendov-Dvorec_hanina-sobana.jpg 900w, https:\/\/kendov-dvorec.com\/wp-content\/uploads\/2025\/09\/Kendov-Dvorec_hanina-sobana-300x170.jpg 300w, https:\/\/kendov-dvorec.com\/wp-content\/uploads\/2025\/09\/Kendov-Dvorec_hanina-sobana-768x435.jpg 768w\" sizes=\"(max-width: 800px) 100vw, 800px\" \/>\t\t\t\t\t\t\t\t\t\t\t\t\t\t\t<\/div>\n\t\t\t\t<\/div>\n\t\t\t\t<\/div>\n\t\t\t\t\t<\/div>\n\t\t\t\t<\/div>\n\t\t<div class=\"elementor-element elementor-element-11ef4ac e-flex e-con-boxed e-con e-parent\" data-id=\"11ef4ac\" data-element_type=\"container\" data-e-type=\"container\" data-settings=\"{&quot;background_background&quot;:&quot;classic&quot;}\">\n\t\t\t\t\t<div class=\"e-con-inner\">\n\t\t<div class=\"elementor-element elementor-element-46acd88 e-con-full e-flex e-con e-child\" data-id=\"46acd88\" data-element_type=\"container\" data-e-type=\"container\">\n\t\t\t\t<div class=\"elementor-element elementor-element-78de7e5 elementor-widget elementor-widget-image\" data-id=\"78de7e5\" data-element_type=\"widget\" data-e-type=\"widget\" data-widget_type=\"image.default\">\n\t\t\t\t<div class=\"elementor-widget-container\">\n\t\t\t\t\t\t\t\t\t\t\t\t\t\t\t<img decoding=\"async\" width=\"800\" height=\"453\" src=\"https:\/\/kendov-dvorec.com\/wp-content\/uploads\/2025\/09\/Kendov_dvorec_restaurant.jpg\" class=\"attachment-large size-large wp-image-24159\" alt=\"\" srcset=\"https:\/\/kendov-dvorec.com\/wp-content\/uploads\/2025\/09\/Kendov_dvorec_restaurant.jpg 900w, https:\/\/kendov-dvorec.com\/wp-content\/uploads\/2025\/09\/Kendov_dvorec_restaurant-300x170.jpg 300w, https:\/\/kendov-dvorec.com\/wp-content\/uploads\/2025\/09\/Kendov_dvorec_restaurant-768x435.jpg 768w\" sizes=\"(max-width: 800px) 100vw, 800px\" \/>\t\t\t\t\t\t\t\t\t\t\t\t\t\t\t<\/div>\n\t\t\t\t<\/div>\n\t\t\t\t<\/div>\n\t\t<div class=\"elementor-element elementor-element-78b6928 e-con-full e-flex e-con e-child\" data-id=\"78b6928\" data-element_type=\"container\" data-e-type=\"container\">\n\t\t\t\t<div class=\"elementor-element elementor-element-2694ac4 elementor-widget elementor-widget-heading\" data-id=\"2694ac4\" data-element_type=\"widget\" data-e-type=\"widget\" data-widget_type=\"heading.default\">\n\t\t\t\t<div class=\"elementor-widget-container\">\n\t\t\t\t\t<h2 class=\"elementor-heading-title elementor-size-default\">Salle de Jakob<\/h2>\t\t\t\t<\/div>\n\t\t\t\t<\/div>\n\t\t\t\t<div class=\"elementor-element elementor-element-8a6e99a elementor-widget elementor-widget-text-editor\" data-id=\"8a6e99a\" data-element_type=\"widget\" data-e-type=\"widget\" data-widget_type=\"text-editor.default\">\n\t\t\t\t<div class=\"elementor-widget-container\">\n\t\t\t\t\t\t\t\t\t<p>Cette lumineuse salle offre une vue sur le jardin fleuri et les arbres fruitiers. Le soir, nous pr\u00e9parons une d\u00e9gustation de vins s\u00e9lectionn\u00e9s avec notre sommelier. La salle est \u00e9galement destin\u00e9e aux r\u00e9unions d\u2019affaires et d\u2019\u00e9tude, aux mariages et c\u00e9l\u00e9brations et aux r\u00e9unions du soir.   <\/p>\t\t\t\t\t\t\t\t<\/div>\n\t\t\t\t<\/div>\n\t\t\t\t<div class=\"elementor-element elementor-element-d0c116f elementor-widget elementor-widget-text-editor\" data-id=\"d0c116f\" data-element_type=\"widget\" data-e-type=\"widget\" data-widget_type=\"text-editor.default\">\n\t\t\t\t<div class=\"elementor-widget-container\">\n\t\t\t\t\t\t\t\t\t<p><strong>La Salle de Jakob re\u00e7oit:<\/strong><br><strong>R\u00e9ception<\/strong>: 60 invit\u00e9s<br><strong>Disposition de cin\u00e9ma:<\/strong><br>50 invit\u00e9s<br><strong>Disposition en forme de U:<\/strong><br>24 invit\u00e9s<br><strong>Disposition de banquet:<\/strong><br>60 invit\u00e9s <\/p>\t\t\t\t\t\t\t\t<\/div>\n\t\t\t\t<\/div>\n\t\t\t\t<\/div>\n\t\t\t\t\t<\/div>\n\t\t\t\t<\/div>\n\t\t<div class=\"elementor-element elementor-element-9065d12 e-flex e-con-boxed e-con e-parent\" data-id=\"9065d12\" data-element_type=\"container\" data-e-type=\"container\">\n\t\t\t\t\t<div class=\"e-con-inner\">\n\t\t<div class=\"elementor-element elementor-element-bd82d7f e-con-full e-flex e-con e-child\" data-id=\"bd82d7f\" data-element_type=\"container\" data-e-type=\"container\">\n\t\t\t\t<div class=\"elementor-element elementor-element-386c2a2 elementor-widget elementor-widget-heading\" data-id=\"386c2a2\" data-element_type=\"widget\" data-e-type=\"widget\" data-widget_type=\"heading.default\">\n\t\t\t\t<div class=\"elementor-widget-container\">\n\t\t\t\t\t<h2 class=\"elementor-heading-title elementor-size-default\">\u2018Hi\u0161a\u2019 \u2013 Maison<\/h2>\t\t\t\t<\/div>\n\t\t\t\t<\/div>\n\t\t\t\t<div class=\"elementor-element elementor-element-7a25ddf elementor-widget elementor-widget-text-editor\" data-id=\"7a25ddf\" data-element_type=\"widget\" data-e-type=\"widget\" data-widget_type=\"text-editor.default\">\n\t\t\t\t<div class=\"elementor-widget-container\">\n\t\t\t\t\t\t\t\t\t<p>Un po\u00eale confortable, un coin de pri\u00e8re et une vieille armoire donnent l\u2019impression d\u2019un foyer confortable. La chambre la plus authentiquement meubl\u00e9e de Kendov Dvorec s\u2019inspire des traditions locales. Dans le pass\u00e9, la maison \u00e9tait la partie principale de la ferme o\u00f9 la famille mangeait ensemble. C\u2019est peut-\u00eatre pour cette raison que rien n\u2019est plus agr\u00e9able que de s\u2019asseoir ici et de savourer une tranche de pain fra\u00eechement sorti du four et un verre d\u2019eau-de-vie maison.   <\/p>\t\t\t\t\t\t\t\t<\/div>\n\t\t\t\t<\/div>\n\t\t\t\t<div class=\"elementor-element elementor-element-4f298e1 elementor-widget elementor-widget-text-editor\" data-id=\"4f298e1\" data-element_type=\"widget\" data-e-type=\"widget\" data-widget_type=\"text-editor.default\">\n\t\t\t\t<div class=\"elementor-widget-container\">\n\t\t\t\t\t\t\t\t\t<p><strong>La Maison re\u00e7oit:<\/strong><br><strong>R\u00e9ception<\/strong>: 30 invit\u00e9s<br><strong>Disposition en forme de I:<\/strong> 16 invit\u00e9s<br><strong>Disposition de banquet<\/strong>: 20 invit\u00e9s<\/p>\t\t\t\t\t\t\t\t<\/div>\n\t\t\t\t<\/div>\n\t\t\t\t<\/div>\n\t\t<div class=\"elementor-element elementor-element-6efa1eb e-con-full e-flex e-con e-child\" data-id=\"6efa1eb\" data-element_type=\"container\" data-e-type=\"container\">\n\t\t\t\t<div class=\"elementor-element elementor-element-96e9db6 elementor-widget elementor-widget-image\" data-id=\"96e9db6\" data-element_type=\"widget\" data-e-type=\"widget\" data-widget_type=\"image.default\">\n\t\t\t\t<div class=\"elementor-widget-container\">\n\t\t\t\t\t\t\t\t\t\t\t\t\t\t\t<img decoding=\"async\" width=\"800\" height=\"534\" src=\"https:\/\/kendov-dvorec.com\/wp-content\/uploads\/2025\/09\/Sobe-29-1024x683.jpg\" class=\"attachment-large size-large wp-image-26321\" alt=\"\" srcset=\"https:\/\/kendov-dvorec.com\/wp-content\/uploads\/2025\/09\/Sobe-29-1024x683.jpg 1024w, https:\/\/kendov-dvorec.com\/wp-content\/uploads\/2025\/09\/Sobe-29-300x200.jpg 300w, https:\/\/kendov-dvorec.com\/wp-content\/uploads\/2025\/09\/Sobe-29-768x512.jpg 768w, https:\/\/kendov-dvorec.com\/wp-content\/uploads\/2025\/09\/Sobe-29-1536x1024.jpg 1536w, https:\/\/kendov-dvorec.com\/wp-content\/uploads\/2025\/09\/Sobe-29-2048x1365.jpg 2048w\" sizes=\"(max-width: 800px) 100vw, 800px\" \/>\t\t\t\t\t\t\t\t\t\t\t\t\t\t\t<\/div>\n\t\t\t\t<\/div>\n\t\t\t\t<\/div>\n\t\t\t\t\t<\/div>\n\t\t\t\t<\/div>\n\t\t<div class=\"elementor-element elementor-element-56b1a64 e-flex e-con-boxed e-con e-parent\" data-id=\"56b1a64\" data-element_type=\"container\" data-e-type=\"container\" data-settings=\"{&quot;background_background&quot;:&quot;classic&quot;}\">\n\t\t\t\t\t<div class=\"e-con-inner\">\n\t\t<div class=\"elementor-element elementor-element-f85f008 e-con-full e-flex e-con e-child\" data-id=\"f85f008\" data-element_type=\"container\" data-e-type=\"container\">\n\t\t\t\t<div class=\"elementor-element elementor-element-19b6116 elementor-widget elementor-widget-image\" data-id=\"19b6116\" data-element_type=\"widget\" data-e-type=\"widget\" data-widget_type=\"image.default\">\n\t\t\t\t<div class=\"elementor-widget-container\">\n\t\t\t\t\t\t\t\t\t\t\t\t\t\t\t<img loading=\"lazy\" decoding=\"async\" width=\"800\" height=\"534\" src=\"https:\/\/kendov-dvorec.com\/wp-content\/uploads\/2025\/09\/Sobe-5-1024x683.jpg\" class=\"attachment-large size-large wp-image-26085\" alt=\"\" srcset=\"https:\/\/kendov-dvorec.com\/wp-content\/uploads\/2025\/09\/Sobe-5-1024x683.jpg 1024w, https:\/\/kendov-dvorec.com\/wp-content\/uploads\/2025\/09\/Sobe-5-300x200.jpg 300w, https:\/\/kendov-dvorec.com\/wp-content\/uploads\/2025\/09\/Sobe-5-768x512.jpg 768w, https:\/\/kendov-dvorec.com\/wp-content\/uploads\/2025\/09\/Sobe-5-1536x1024.jpg 1536w, https:\/\/kendov-dvorec.com\/wp-content\/uploads\/2025\/09\/Sobe-5-2048x1365.jpg 2048w\" sizes=\"(max-width: 800px) 100vw, 800px\" \/>\t\t\t\t\t\t\t\t\t\t\t\t\t\t\t<\/div>\n\t\t\t\t<\/div>\n\t\t\t\t<\/div>\n\t\t<div class=\"elementor-element elementor-element-be8864b e-con-full e-flex e-con e-child\" data-id=\"be8864b\" data-element_type=\"container\" data-e-type=\"container\">\n\t\t\t\t<div class=\"elementor-element elementor-element-60cd178 elementor-widget elementor-widget-heading\" data-id=\"60cd178\" data-element_type=\"widget\" data-e-type=\"widget\" data-widget_type=\"heading.default\">\n\t\t\t\t<div class=\"elementor-widget-container\">\n\t\t\t\t\t<h2 class=\"elementor-heading-title elementor-size-default\">Cuisine noire<\/h2>\t\t\t\t<\/div>\n\t\t\t\t<\/div>\n\t\t\t\t<div class=\"elementor-element elementor-element-f09d485 elementor-widget elementor-widget-text-editor\" data-id=\"f09d485\" data-element_type=\"widget\" data-e-type=\"widget\" data-widget_type=\"text-editor.default\">\n\t\t\t\t<div class=\"elementor-widget-container\">\n\t\t\t\t\t\t\t\t\t<p>Une pi\u00e8ce vo\u00fbt\u00e9e, o\u00f9 se trouvait autrefois une cuisine noire avec une chemin\u00e9e \u00e0 foyer ouvert, rappelle la tradition de nos anc\u00eatres. Jadis, des ar\u00f4mes all\u00e9chants se r\u00e9pandaient dans les nombreuses marmites. Aujourd\u2019hui, l\u2019espace calme vous invite \u00e0 vous asseoir pr\u00e8s de la chemin\u00e9e, \u00e0 savourer l\u2019un de nos biscuits ou notre \u201c\u0161truklji\u201d, \u00e0 go\u00fbter aux diff\u00e9rents spiritueux de la maison ou \u00e0 lire un livre ou un journal. <\/p>\t\t\t\t\t\t\t\t<\/div>\n\t\t\t\t<\/div>\n\t\t\t\t<\/div>\n\t\t\t\t\t<\/div>\n\t\t\t\t<\/div>\n\t\t<div class=\"elementor-element elementor-element-4e6fae9 e-flex e-con-boxed e-con e-parent\" data-id=\"4e6fae9\" data-element_type=\"container\" data-e-type=\"container\">\n\t\t\t\t\t<div class=\"e-con-inner\">\n\t\t<div class=\"elementor-element elementor-element-11b4705 e-con-full e-flex e-con e-child\" data-id=\"11b4705\" data-element_type=\"container\" data-e-type=\"container\">\n\t\t\t\t<div class=\"elementor-element elementor-element-e02c1b7 elementor-widget elementor-widget-heading\" data-id=\"e02c1b7\" data-element_type=\"widget\" data-e-type=\"widget\" data-widget_type=\"heading.default\">\n\t\t\t\t<div class=\"elementor-widget-container\">\n\t\t\t\t\t<h2 class=\"elementor-heading-title elementor-size-default\">Kamrca<\/h2>\t\t\t\t<\/div>\n\t\t\t\t<\/div>\n\t\t\t\t<div class=\"elementor-element elementor-element-8fb0d6f elementor-widget elementor-widget-text-editor\" data-id=\"8fb0d6f\" data-element_type=\"widget\" data-e-type=\"widget\" data-widget_type=\"text-editor.default\">\n\t\t\t\t<div class=\"elementor-widget-container\">\n\t\t\t\t\t\t\t\t\t<p>Kamrca est un coin agr\u00e9able pour les couples ou les invit\u00e9s qui veulent un peu d\u2019intimit\u00e9. La vue de l\u2019\u00e9glise Sainte-Marie-du-Rocher par la fen\u00eatre est particuli\u00e8rement agr\u00e9able le soir lorsque le beffroi est illumin\u00e9. Le nom, Kamrca, vient de \u201ckamrica\u201d (petite chambre) o\u00f9 dormaient les enfants Kenda.   <\/p>\t\t\t\t\t\t\t\t<\/div>\n\t\t\t\t<\/div>\n\t\t\t\t<\/div>\n\t\t<div class=\"elementor-element elementor-element-48e0544 e-con-full e-flex e-con e-child\" data-id=\"48e0544\" data-element_type=\"container\" data-e-type=\"container\">\n\t\t\t\t<div class=\"elementor-element elementor-element-98cd42b elementor-widget elementor-widget-image\" data-id=\"98cd42b\" data-element_type=\"widget\" data-e-type=\"widget\" data-widget_type=\"image.default\">\n\t\t\t\t<div class=\"elementor-widget-container\">\n\t\t\t\t\t\t\t\t\t\t\t\t\t\t\t<img loading=\"lazy\" decoding=\"async\" width=\"800\" height=\"534\" src=\"https:\/\/kendov-dvorec.com\/wp-content\/uploads\/2025\/09\/Sobe-39-1024x683.jpg\" class=\"attachment-large size-large wp-image-26091\" alt=\"\" srcset=\"https:\/\/kendov-dvorec.com\/wp-content\/uploads\/2025\/09\/Sobe-39-1024x683.jpg 1024w, https:\/\/kendov-dvorec.com\/wp-content\/uploads\/2025\/09\/Sobe-39-300x200.jpg 300w, https:\/\/kendov-dvorec.com\/wp-content\/uploads\/2025\/09\/Sobe-39-768x512.jpg 768w, https:\/\/kendov-dvorec.com\/wp-content\/uploads\/2025\/09\/Sobe-39-1536x1024.jpg 1536w, https:\/\/kendov-dvorec.com\/wp-content\/uploads\/2025\/09\/Sobe-39-2048x1365.jpg 2048w\" sizes=\"(max-width: 800px) 100vw, 800px\" \/>\t\t\t\t\t\t\t\t\t\t\t\t\t\t\t<\/div>\n\t\t\t\t<\/div>\n\t\t\t\t<\/div>\n\t\t\t\t\t<\/div>\n\t\t\t\t<\/div>\n\t\t\t\t<\/div>\n\t\t","protected":false},"excerpt":{"rendered":"<p>Salle de Hana C\u2019est la salle la plus spacieuse de Kendov Dvorec, autrefois l\u2019\u00e9curie de Kenda, est aujourd\u2019hui un espace \u00e9l\u00e9gamment d\u00e9cor\u00e9 d\u00e9di\u00e9 aux c\u00e9l\u00e9brations, mariages, d\u00e9jeuners et d\u00eeners. La Salle de Hana accueille \u00e9galement des r\u00e9unions de travail, des pr\u00e9sentations et des \u00e9v\u00e9nements \u00e9ducatifs et culturels. La Salle de Hana re\u00e7oit:R\u00e9ception: 100 invit\u00e9sDisposition de [&hellip;]<\/p>\n","protected":false},"author":1,"featured_media":2280,"parent":27835,"menu_order":5,"comment_status":"closed","ping_status":"closed","template":"elementor_header_footer","meta":{"footnotes":""},"class_list":["post-27010","page","type-page","status-publish","has-post-thumbnail","hentry"],"_links":{"self":[{"href":"https:\/\/kendov-dvorec.com\/fr\/wp-json\/wp\/v2\/pages\/27010","targetHints":{"allow":["GET"]}}],"collection":[{"href":"https:\/\/kendov-dvorec.com\/fr\/wp-json\/wp\/v2\/pages"}],"about":[{"href":"https:\/\/kendov-dvorec.com\/fr\/wp-json\/wp\/v2\/types\/page"}],"author":[{"embeddable":true,"href":"https:\/\/kendov-dvorec.com\/fr\/wp-json\/wp\/v2\/users\/1"}],"replies":[{"embeddable":true,"href":"https:\/\/kendov-dvorec.com\/fr\/wp-json\/wp\/v2\/comments?post=27010"}],"version-history":[{"count":1,"href":"https:\/\/kendov-dvorec.com\/fr\/wp-json\/wp\/v2\/pages\/27010\/revisions"}],"predecessor-version":[{"id":27011,"href":"https:\/\/kendov-dvorec.com\/fr\/wp-json\/wp\/v2\/pages\/27010\/revisions\/27011"}],"up":[{"embeddable":true,"href":"https:\/\/kendov-dvorec.com\/fr\/wp-json\/wp\/v2\/pages\/27835"}],"wp:featuredmedia":[{"embeddable":true,"href":"https:\/\/kendov-dvorec.com\/fr\/wp-json\/wp\/v2\/media\/2280"}],"wp:attachment":[{"href":"https:\/\/kendov-dvorec.com\/fr\/wp-json\/wp\/v2\/media?parent=27010"}],"curies":[{"name":"wp","href":"https:\/\/api.w.org\/{rel}","templated":true}]}}