{"id":27056,"date":"2019-12-15T10:14:31","date_gmt":"2019-12-15T10:14:31","guid":{"rendered":"https:\/\/kendov-dvorec.com\/noel-au-manoir-kendov-dvorec\/"},"modified":"2026-04-07T08:16:29","modified_gmt":"2026-04-07T07:16:29","slug":"noel-au-manoir-kendov-dvorec","status":"publish","type":"page","link":"https:\/\/kendov-dvorec.com\/fr\/noel-au-manoir-kendov-dvorec\/","title":{"rendered":"No\u00ebl au Manoir Kendov Dvorec"},"content":{"rendered":"\t\t<div data-elementor-type=\"wp-page\" data-elementor-id=\"27056\" class=\"elementor elementor-27056 elementor-5854\" data-elementor-post-type=\"page\">\n\t\t\t\t<div class=\"elementor-element elementor-element-b8ec060 e-flex e-con-boxed e-con e-parent\" data-id=\"b8ec060\" data-element_type=\"container\" data-e-type=\"container\" data-settings=\"{&quot;background_background&quot;:&quot;classic&quot;}\">\n\t\t\t\t\t<div class=\"e-con-inner\">\n\t\t\t\t\t<\/div>\n\t\t\t\t<\/div>\n\t\t<div class=\"elementor-element elementor-element-498e88b e-flex e-con-boxed e-con e-parent\" data-id=\"498e88b\" data-element_type=\"container\" data-e-type=\"container\">\n\t\t\t\t\t<div class=\"e-con-inner\">\n\t\t<div class=\"elementor-element elementor-element-1881f59 e-con-full e-flex e-con e-child\" data-id=\"1881f59\" data-element_type=\"container\" data-e-type=\"container\">\n\t\t\t\t<div class=\"elementor-element elementor-element-939d2f8 elementor-widget elementor-widget-heading\" data-id=\"939d2f8\" data-element_type=\"widget\" data-e-type=\"widget\" data-widget_type=\"heading.default\">\n\t\t\t\t<div class=\"elementor-widget-container\">\n\t\t\t\t\t<h2 class=\"elementor-heading-title elementor-size-default\">No\u00ebl festif au Manoir Kendov Dvorec<\/h2>\t\t\t\t<\/div>\n\t\t\t\t<\/div>\n\t\t\t\t<div class=\"elementor-element elementor-element-2602540 elementor-widget elementor-widget-heading\" data-id=\"2602540\" data-element_type=\"widget\" data-e-type=\"widget\" data-widget_type=\"heading.default\">\n\t\t\t\t<div class=\"elementor-widget-container\">\n\t\t\t\t\t<h1 class=\"elementor-heading-title elementor-size-default\">No\u00ebl au Manoir Kendov Dvorec<\/h1>\t\t\t\t<\/div>\n\t\t\t\t<\/div>\n\t\t\t\t<div class=\"elementor-element elementor-element-bd54086 elementor-widget elementor-widget-text-editor\" data-id=\"bd54086\" data-element_type=\"widget\" data-e-type=\"widget\" data-widget_type=\"text-editor.default\">\n\t\t\t\t<div class=\"elementor-widget-container\">\n\t\t\t\t\t\t\t\t\t<p>Venez nous rendre visite pendant les f\u00eates de No\u00ebl et du Nouvel An.<br>Vivez des instants magiques et inoubliables avec vos proches dans le cadre raffin\u00e9 du Manoir Kendov Dvorec.<br>Offrez-leur une escapade m\u00e9morable, un d\u00eener exceptionnel pour le r\u00e9veillon de No\u00ebl ou un d\u00e9jeuner de No\u00ebl enchanteur.  <\/p><p><strong>R\u00e9servations obligatoires<\/strong> par t\u00e9l\u00e9phone au : 05 37 25 100 ou par e-mail : <strong>info@kendov-dvorec.com.<\/strong><\/p><p>Nous nous r\u00e9jouissons de vous accueillir pendant les f\u00eates.<\/p>\t\t\t\t\t\t\t\t<\/div>\n\t\t\t\t<\/div>\n\t\t\t\t<div class=\"elementor-element elementor-element-605edb3 elementor-align-left elementor-widget elementor-widget-button\" data-id=\"605edb3\" data-element_type=\"widget\" data-e-type=\"widget\" data-widget_type=\"button.default\">\n\t\t\t\t<div class=\"elementor-widget-container\">\n\t\t\t\t\t\t\t\t\t<div class=\"elementor-button-wrapper\">\n\t\t\t\t\t<a class=\"elementor-button elementor-button-link elementor-size-sm\" href=\"mailto:info@kendov-dvorec.com\">\n\t\t\t\t\t\t<span class=\"elementor-button-content-wrapper\">\n\t\t\t\t\t\t\t\t\t<span class=\"elementor-button-text\">R\u00c9SERVER<\/span>\n\t\t\t\t\t<\/span>\n\t\t\t\t\t<\/a>\n\t\t\t\t<\/div>\n\t\t\t\t\t\t\t\t<\/div>\n\t\t\t\t<\/div>\n\t\t\t\t<div class=\"elementor-element elementor-element-9fae206 elementor-widget elementor-widget-image\" data-id=\"9fae206\" data-element_type=\"widget\" data-e-type=\"widget\" data-widget_type=\"image.default\">\n\t\t\t\t<div class=\"elementor-widget-container\">\n\t\t\t\t\t\t\t\t\t\t\t\t\t\t\t<img fetchpriority=\"high\" decoding=\"async\" width=\"800\" height=\"600\" src=\"https:\/\/kendov-dvorec.com\/wp-content\/uploads\/2025\/09\/Kendov-dvorec_winter.jpg\" class=\"attachment-large size-large wp-image-24965\" alt=\"\" srcset=\"https:\/\/kendov-dvorec.com\/wp-content\/uploads\/2025\/09\/Kendov-dvorec_winter.jpg 1000w, https:\/\/kendov-dvorec.com\/wp-content\/uploads\/2025\/09\/Kendov-dvorec_winter-300x225.jpg 300w, https:\/\/kendov-dvorec.com\/wp-content\/uploads\/2025\/09\/Kendov-dvorec_winter-768x576.jpg 768w\" sizes=\"(max-width: 800px) 100vw, 800px\" \/>\t\t\t\t\t\t\t\t\t\t\t\t\t\t\t<\/div>\n\t\t\t\t<\/div>\n\t\t\t\t<\/div>\n\t\t<div class=\"elementor-element elementor-element-e638da2 e-con-full e-flex e-con e-child\" data-id=\"e638da2\" data-element_type=\"container\" data-e-type=\"container\">\n\t\t\t\t<div class=\"elementor-element elementor-element-980b566 elementor-widget elementor-widget-image\" data-id=\"980b566\" data-element_type=\"widget\" data-e-type=\"widget\" data-widget_type=\"image.default\">\n\t\t\t\t<div class=\"elementor-widget-container\">\n\t\t\t\t\t\t\t\t\t\t\t\t\t\t\t<img decoding=\"async\" width=\"800\" height=\"239\" src=\"https:\/\/kendov-dvorec.com\/wp-content\/uploads\/2025\/09\/Xmas1.jpg\" class=\"attachment-large size-large wp-image-24986\" alt=\"\" srcset=\"https:\/\/kendov-dvorec.com\/wp-content\/uploads\/2025\/09\/Xmas1.jpg 1019w, https:\/\/kendov-dvorec.com\/wp-content\/uploads\/2025\/09\/Xmas1-300x89.jpg 300w, https:\/\/kendov-dvorec.com\/wp-content\/uploads\/2025\/09\/Xmas1-768x229.jpg 768w\" sizes=\"(max-width: 800px) 100vw, 800px\" \/>\t\t\t\t\t\t\t\t\t\t\t\t\t\t\t<\/div>\n\t\t\t\t<\/div>\n\t\t\t\t<div class=\"elementor-element elementor-element-aeaf7c2 elementor-widget elementor-widget-heading\" data-id=\"aeaf7c2\" data-element_type=\"widget\" data-e-type=\"widget\" data-widget_type=\"heading.default\">\n\t\t\t\t<div class=\"elementor-widget-container\">\n\t\t\t\t\t<h2 class=\"elementor-heading-title elementor-size-default\">D\u00eener de No\u00ebl<br>Mardi 24 d\u00e9cembre 2019 <\/h2>\t\t\t\t<\/div>\n\t\t\t\t<\/div>\n\t\t\t\t<div class=\"elementor-element elementor-element-32b4a55 elementor-widget elementor-widget-text-editor\" data-id=\"32b4a55\" data-element_type=\"widget\" data-e-type=\"widget\" data-widget_type=\"text-editor.default\">\n\t\t\t\t<div class=\"elementor-widget-container\">\n\t\t\t\t\t\t\t\t\t<p>Truite fum\u00e9e au fromage frais et fenouil<br>Veau froid \u00e0 la sauce raifort<br>Soupe de c\u00e9leri accompagn\u00e9e d\u2019une brioche sal\u00e9e fra\u00eechement cuite<br>Raviolis aux blettes (\u0160likrofi) avec sauce aux blettes<br>Salade Kendov<br>Raviolis de chevreuil avec quenelle de champignons<br>Poire au vin avec mousse au chocolat<\/p><p>Prix du menu : 50 \u20ac<\/p>\t\t\t\t\t\t\t\t<\/div>\n\t\t\t\t<\/div>\n\t\t\t\t<div class=\"elementor-element elementor-element-ceb36bb elementor-widget-divider--view-line elementor-widget elementor-widget-divider\" data-id=\"ceb36bb\" data-element_type=\"widget\" data-e-type=\"widget\" data-widget_type=\"divider.default\">\n\t\t\t\t<div class=\"elementor-widget-container\">\n\t\t\t\t\t\t\t<div class=\"elementor-divider\">\n\t\t\t<span class=\"elementor-divider-separator\">\n\t\t\t\t\t\t<\/span>\n\t\t<\/div>\n\t\t\t\t\t\t<\/div>\n\t\t\t\t<\/div>\n\t\t\t\t<div class=\"elementor-element elementor-element-0aefb20 elementor-widget elementor-widget-heading\" data-id=\"0aefb20\" data-element_type=\"widget\" data-e-type=\"widget\" data-widget_type=\"heading.default\">\n\t\t\t\t<div class=\"elementor-widget-container\">\n\t\t\t\t\t<h2 class=\"elementor-heading-title elementor-size-default\">D\u00e9jeuner de No\u00ebl<br>Mercredi 25 d\u00e9cembre 2019 <\/h2>\t\t\t\t<\/div>\n\t\t\t\t<\/div>\n\t\t\t\t<div class=\"elementor-element elementor-element-1341afb elementor-widget elementor-widget-text-editor\" data-id=\"1341afb\" data-element_type=\"widget\" data-e-type=\"widget\" data-widget_type=\"text-editor.default\">\n\t\t\t\t<div class=\"elementor-widget-container\">\n\t\t\t\t\t\t\t\t\t<p>Truite fum\u00e9e au fenouil et fromage blanc<br>Veau froid au raifort<br>Soupe de c\u00e9leri accompagn\u00e9e d\u2019un pain sal\u00e9 fra\u00eechement cuit<br>\u0160likrofi \u00e0 la sauce aux bettes<br>Salade Kendov<br>\u0160likrofi farcis au chevreuil et quenelle au fromage Smukavec<br>Poire poch\u00e9e au vin avec mousse au chocolat<\/p><p>Prix du menu : 50 \u20ac<\/p>\t\t\t\t\t\t\t\t<\/div>\n\t\t\t\t<\/div>\n\t\t\t\t<div class=\"elementor-element elementor-element-0dbfb8e elementor-widget elementor-widget-image\" data-id=\"0dbfb8e\" data-element_type=\"widget\" data-e-type=\"widget\" data-widget_type=\"image.default\">\n\t\t\t\t<div class=\"elementor-widget-container\">\n\t\t\t\t\t\t\t\t\t\t\t\t\t\t\t<img decoding=\"async\" width=\"800\" height=\"203\" src=\"https:\/\/kendov-dvorec.com\/wp-content\/uploads\/2025\/09\/Xmas2.jpg\" class=\"attachment-large size-large wp-image-24981\" alt=\"\" srcset=\"https:\/\/kendov-dvorec.com\/wp-content\/uploads\/2025\/09\/Xmas2.jpg 1024w, https:\/\/kendov-dvorec.com\/wp-content\/uploads\/2025\/09\/Xmas2-300x76.jpg 300w, https:\/\/kendov-dvorec.com\/wp-content\/uploads\/2025\/09\/Xmas2-768x195.jpg 768w\" sizes=\"(max-width: 800px) 100vw, 800px\" \/>\t\t\t\t\t\t\t\t\t\t\t\t\t\t\t<\/div>\n\t\t\t\t<\/div>\n\t\t\t\t<\/div>\n\t\t\t\t\t<\/div>\n\t\t\t\t<\/div>\n\t\t\t\t<\/div>\n\t\t","protected":false},"excerpt":{"rendered":"<p>No\u00ebl festif au Manoir Kendov Dvorec No\u00ebl au Manoir Kendov Dvorec Venez nous rendre visite pendant les f\u00eates de No\u00ebl et du Nouvel An.Vivez des instants magiques et inoubliables avec vos proches dans le cadre raffin\u00e9 du Manoir Kendov Dvorec.Offrez-leur une escapade m\u00e9morable, un d\u00eener exceptionnel pour le r\u00e9veillon de No\u00ebl ou un d\u00e9jeuner de [&hellip;]<\/p>\n","protected":false},"author":1,"featured_media":2325,"parent":0,"menu_order":4,"comment_status":"closed","ping_status":"closed","template":"elementor_header_footer","meta":{"footnotes":""},"class_list":["post-27056","page","type-page","status-publish","has-post-thumbnail","hentry"],"_links":{"self":[{"href":"https:\/\/kendov-dvorec.com\/fr\/wp-json\/wp\/v2\/pages\/27056","targetHints":{"allow":["GET"]}}],"collection":[{"href":"https:\/\/kendov-dvorec.com\/fr\/wp-json\/wp\/v2\/pages"}],"about":[{"href":"https:\/\/kendov-dvorec.com\/fr\/wp-json\/wp\/v2\/types\/page"}],"author":[{"embeddable":true,"href":"https:\/\/kendov-dvorec.com\/fr\/wp-json\/wp\/v2\/users\/1"}],"replies":[{"embeddable":true,"href":"https:\/\/kendov-dvorec.com\/fr\/wp-json\/wp\/v2\/comments?post=27056"}],"version-history":[{"count":1,"href":"https:\/\/kendov-dvorec.com\/fr\/wp-json\/wp\/v2\/pages\/27056\/revisions"}],"predecessor-version":[{"id":27057,"href":"https:\/\/kendov-dvorec.com\/fr\/wp-json\/wp\/v2\/pages\/27056\/revisions\/27057"}],"wp:featuredmedia":[{"embeddable":true,"href":"https:\/\/kendov-dvorec.com\/fr\/wp-json\/wp\/v2\/media\/2325"}],"wp:attachment":[{"href":"https:\/\/kendov-dvorec.com\/fr\/wp-json\/wp\/v2\/media?parent=27056"}],"curies":[{"name":"wp","href":"https:\/\/api.w.org\/{rel}","templated":true}]}}