{"id":27138,"date":"2019-06-01T12:05:49","date_gmt":"2019-06-01T11:05:49","guid":{"rendered":"https:\/\/kendov-dvorec.com\/experiences\/dobavitelji\/"},"modified":"2026-04-07T08:19:58","modified_gmt":"2026-04-07T07:19:58","slug":"dobavitelji","status":"publish","type":"page","link":"https:\/\/kendov-dvorec.com\/fr\/experiences\/dobavitelji\/","title":{"rendered":"Dobavitelji"},"content":{"rendered":"\t\t<div data-elementor-type=\"wp-page\" data-elementor-id=\"27138\" class=\"elementor elementor-27138 elementor-5453\" data-elementor-post-type=\"page\">\n\t\t\t\t<div class=\"elementor-element elementor-element-16dd30c e-flex e-con-boxed e-con e-parent\" data-id=\"16dd30c\" data-element_type=\"container\" data-e-type=\"container\" data-settings=\"{&quot;background_background&quot;:&quot;classic&quot;}\">\n\t\t\t\t\t<div class=\"e-con-inner\">\n\t\t\t\t\t<\/div>\n\t\t\t\t<\/div>\n\t\t<div class=\"elementor-element elementor-element-395e785 e-flex e-con-boxed e-con e-parent\" data-id=\"395e785\" data-element_type=\"container\" data-e-type=\"container\">\n\t\t\t\t\t<div class=\"e-con-inner\">\n\t\t<div class=\"elementor-element elementor-element-52fe5bb e-con-full e-flex e-con e-child\" data-id=\"52fe5bb\" data-element_type=\"container\" data-e-type=\"container\">\n\t\t\t\t<div class=\"elementor-element elementor-element-8a7fe7b elementor-widget elementor-widget-heading\" data-id=\"8a7fe7b\" data-element_type=\"widget\" data-e-type=\"widget\" data-widget_type=\"heading.default\">\n\t\t\t\t<div class=\"elementor-widget-container\">\n\t\t\t\t\t<h2 class=\"elementor-heading-title elementor-size-default\">Salle de Hana<\/h2>\t\t\t\t<\/div>\n\t\t\t\t<\/div>\n\t\t\t\t<div class=\"elementor-element elementor-element-533e60d elementor-widget elementor-widget-text-editor\" data-id=\"533e60d\" data-element_type=\"widget\" data-e-type=\"widget\" data-widget_type=\"text-editor.default\">\n\t\t\t\t<div class=\"elementor-widget-container\">\n\t\t\t\t\t\t\t\t\tC\u2019est la salle la plus spacieuse de Kendov Dvorec, autrefois l\u2019\u00e9curie de Kenda, est aujourd\u2019hui un espace \u00e9l\u00e9gamment d\u00e9cor\u00e9 d\u00e9di\u00e9 aux c\u00e9l\u00e9brations, mariages, d\u00e9jeuners et d\u00eeners. La Salle de Hana accueille \u00e9galement des r\u00e9unions de travail, des pr\u00e9sentations et des \u00e9v\u00e9nements \u00e9ducatifs et culturels.  \t\t\t\t\t\t\t\t<\/div>\n\t\t\t\t<\/div>\n\t\t\t\t<div class=\"elementor-element elementor-element-cd23c16 elementor-widget elementor-widget-text-editor\" data-id=\"cd23c16\" data-element_type=\"widget\" data-e-type=\"widget\" data-widget_type=\"text-editor.default\">\n\t\t\t\t<div class=\"elementor-widget-container\">\n\t\t\t\t\t\t\t\t\t<p><strong>La Salle de Hana re\u00e7oit:<\/strong><br><strong>R\u00e9ception<\/strong>: 100 invit\u00e9s<br><strong>Disposition de cin\u00e9ma:<\/strong><br>80-100 invit\u00e9s<br><strong>Disposition en forme de I:<\/strong><br>28 invit\u00e9s<br><strong>Disposition de banquet:<\/strong><br>100 invit\u00e9s<\/p>\t\t\t\t\t\t\t\t<\/div>\n\t\t\t\t<\/div>\n\t\t\t\t<\/div>\n\t\t<div class=\"elementor-element elementor-element-d3c5bf7 e-con-full e-flex e-con e-child\" data-id=\"d3c5bf7\" data-element_type=\"container\" data-e-type=\"container\">\n\t\t\t\t<div class=\"elementor-element elementor-element-b922d6d elementor-widget elementor-widget-image\" data-id=\"b922d6d\" data-element_type=\"widget\" data-e-type=\"widget\" data-widget_type=\"image.default\">\n\t\t\t\t<div class=\"elementor-widget-container\">\n\t\t\t\t\t\t\t\t\t\t\t\t\t\t\t<img fetchpriority=\"high\" decoding=\"async\" width=\"800\" height=\"453\" src=\"https:\/\/kendov-dvorec.com\/wp-content\/uploads\/2025\/09\/Kendov_dvorec_Hanina3.jpg\" class=\"attachment-large size-large wp-image-24134\" alt=\"\" srcset=\"https:\/\/kendov-dvorec.com\/wp-content\/uploads\/2025\/09\/Kendov_dvorec_Hanina3.jpg 900w, https:\/\/kendov-dvorec.com\/wp-content\/uploads\/2025\/09\/Kendov_dvorec_Hanina3-300x170.jpg 300w, https:\/\/kendov-dvorec.com\/wp-content\/uploads\/2025\/09\/Kendov_dvorec_Hanina3-768x435.jpg 768w\" sizes=\"(max-width: 800px) 100vw, 800px\" \/>\t\t\t\t\t\t\t\t\t\t\t\t\t\t\t<\/div>\n\t\t\t\t<\/div>\n\t\t\t\t<\/div>\n\t\t\t\t\t<\/div>\n\t\t\t\t<\/div>\n\t\t<div class=\"elementor-element elementor-element-7c577cb e-flex e-con-boxed e-con e-parent\" data-id=\"7c577cb\" data-element_type=\"container\" data-e-type=\"container\" data-settings=\"{&quot;background_background&quot;:&quot;classic&quot;}\">\n\t\t\t\t\t<div class=\"e-con-inner\">\n\t\t<div class=\"elementor-element elementor-element-e593b79 e-con-full e-flex e-con e-child\" data-id=\"e593b79\" data-element_type=\"container\" data-e-type=\"container\">\n\t\t\t\t<div class=\"elementor-element elementor-element-31ef6c6 elementor-widget elementor-widget-image\" data-id=\"31ef6c6\" data-element_type=\"widget\" data-e-type=\"widget\" data-widget_type=\"image.default\">\n\t\t\t\t<div class=\"elementor-widget-container\">\n\t\t\t\t\t\t\t\t\t\t\t\t\t\t\t<img decoding=\"async\" width=\"800\" height=\"453\" src=\"https:\/\/kendov-dvorec.com\/wp-content\/uploads\/2025\/09\/Kendov_dvorec_restaurant.jpg\" class=\"attachment-large size-large wp-image-24159\" alt=\"\" srcset=\"https:\/\/kendov-dvorec.com\/wp-content\/uploads\/2025\/09\/Kendov_dvorec_restaurant.jpg 900w, https:\/\/kendov-dvorec.com\/wp-content\/uploads\/2025\/09\/Kendov_dvorec_restaurant-300x170.jpg 300w, https:\/\/kendov-dvorec.com\/wp-content\/uploads\/2025\/09\/Kendov_dvorec_restaurant-768x435.jpg 768w\" sizes=\"(max-width: 800px) 100vw, 800px\" \/>\t\t\t\t\t\t\t\t\t\t\t\t\t\t\t<\/div>\n\t\t\t\t<\/div>\n\t\t\t\t<\/div>\n\t\t<div class=\"elementor-element elementor-element-01047a5 e-con-full e-flex e-con e-child\" data-id=\"01047a5\" data-element_type=\"container\" data-e-type=\"container\">\n\t\t\t\t<div class=\"elementor-element elementor-element-902eb7d elementor-widget elementor-widget-heading\" data-id=\"902eb7d\" data-element_type=\"widget\" data-e-type=\"widget\" data-widget_type=\"heading.default\">\n\t\t\t\t<div class=\"elementor-widget-container\">\n\t\t\t\t\t<h2 class=\"elementor-heading-title elementor-size-default\">Salle de Jakob<\/h2>\t\t\t\t<\/div>\n\t\t\t\t<\/div>\n\t\t\t\t<div class=\"elementor-element elementor-element-cb418ab elementor-widget elementor-widget-text-editor\" data-id=\"cb418ab\" data-element_type=\"widget\" data-e-type=\"widget\" data-widget_type=\"text-editor.default\">\n\t\t\t\t<div class=\"elementor-widget-container\">\n\t\t\t\t\t\t\t\t\t<p>Cette lumineuse salle offre une vue sur le jardin fleuri et les arbres fruitiers. Le soir, nous pr\u00e9parons une d\u00e9gustation de vins s\u00e9lectionn\u00e9s avec notre sommelier. La salle est \u00e9galement destin\u00e9e aux r\u00e9unions d\u2019affaires et d\u2019\u00e9tude, aux mariages et c\u00e9l\u00e9brations et aux r\u00e9unions du soir.   <\/p>\t\t\t\t\t\t\t\t<\/div>\n\t\t\t\t<\/div>\n\t\t\t\t<div class=\"elementor-element elementor-element-e2515b7 elementor-widget elementor-widget-text-editor\" data-id=\"e2515b7\" data-element_type=\"widget\" data-e-type=\"widget\" data-widget_type=\"text-editor.default\">\n\t\t\t\t<div class=\"elementor-widget-container\">\n\t\t\t\t\t\t\t\t\t<p><strong>La Salle de Jakob re\u00e7oit:<\/strong><br><strong>R\u00e9ception<\/strong>: 60 invit\u00e9s<br><strong>Disposition de cin\u00e9ma:<\/strong><br>50 invit\u00e9s<br><strong>Disposition en forme de U:<\/strong><br>24 invit\u00e9s<br><strong>Disposition de banquet:<\/strong><br>60 invit\u00e9s <\/p>\t\t\t\t\t\t\t\t<\/div>\n\t\t\t\t<\/div>\n\t\t\t\t<\/div>\n\t\t\t\t\t<\/div>\n\t\t\t\t<\/div>\n\t\t<div class=\"elementor-element elementor-element-f02a875 e-flex e-con-boxed e-con e-parent\" data-id=\"f02a875\" data-element_type=\"container\" data-e-type=\"container\">\n\t\t\t\t\t<div class=\"e-con-inner\">\n\t\t<div class=\"elementor-element elementor-element-a81c77a e-con-full e-flex e-con e-child\" data-id=\"a81c77a\" data-element_type=\"container\" data-e-type=\"container\">\n\t\t\t\t<div class=\"elementor-element elementor-element-2a2feee elementor-widget elementor-widget-heading\" data-id=\"2a2feee\" data-element_type=\"widget\" data-e-type=\"widget\" data-widget_type=\"heading.default\">\n\t\t\t\t<div class=\"elementor-widget-container\">\n\t\t\t\t\t<h2 class=\"elementor-heading-title elementor-size-default\">D\u00e9couvrez le \u017delodec de \u0160ebrelje.<\/h2>\t\t\t\t<\/div>\n\t\t\t\t<\/div>\n\t\t\t\t<div class=\"elementor-element elementor-element-747fd3e elementor-widget elementor-widget-text-editor\" data-id=\"747fd3e\" data-element_type=\"widget\" data-e-type=\"widget\" data-widget_type=\"text-editor.default\">\n\t\t\t\t<div class=\"elementor-widget-container\">\n\t\t\t\t\t\t\t\t\t<p>Sur le plateau dominant la rivi\u00e8re Idrijca, \u00e0 proximit\u00e9 de Divje Babe \u2014 site de la d\u00e9couverte du plus ancien instrument de musique au monde, la fl\u00fbte n\u00e9andertalienne vieille de plus de 50 000 ans \u2014 se trouve le village de \u0160ebrelje.<br>Au c\u0153ur du village, la ferme Polak vous accueille avec une hospitalit\u00e9 authentique. Le ma\u00eetre des lieux, Drago, vous invite dans l\u2019ispo, o\u00f9 il propose d\u2019excellentes charcuteries \u00e9labor\u00e9es \u00e0 partir d\u2019ingr\u00e9dients naturels selon des recettes traditionnelles familiales. Parmi ces sp\u00e9cialit\u00e9s se distingue le \u017delodec de \u0160ebrelje, produit slov\u00e8ne prot\u00e9g\u00e9 par une indication g\u00e9ographique.<br>La visite peut \u00eatre agr\u00e9ablement compl\u00e9t\u00e9e par une promenade jusqu\u2019\u00e0 la charmante \u00e9glise voisine de Saint-Jean.     <span class=\"Apple-converted-space\">  <\/span><\/p>\t\t\t\t\t\t\t\t<\/div>\n\t\t\t\t<\/div>\n\t\t\t\t<div class=\"elementor-element elementor-element-02385eb elementor-widget elementor-widget-text-editor\" data-id=\"02385eb\" data-element_type=\"widget\" data-e-type=\"widget\" data-widget_type=\"text-editor.default\">\n\t\t\t\t<div class=\"elementor-widget-container\">\n\t\t\t\t\t\t\t\t\t<p>Produits : \u017delodec de \u0160ebrelje, salamis, saucisses, lard sec, saindoux artisanal\u2026<br>Offre : d\u00e9gustation, achat<\/p>\t\t\t\t\t\t\t\t<\/div>\n\t\t\t\t<\/div>\n\t\t\t\t<\/div>\n\t\t<div class=\"elementor-element elementor-element-db18e75 e-con-full e-flex e-con e-child\" data-id=\"db18e75\" data-element_type=\"container\" data-e-type=\"container\">\n\t\t\t\t<div class=\"elementor-element elementor-element-42d9c53 elementor-widget elementor-widget-image\" data-id=\"42d9c53\" data-element_type=\"widget\" data-e-type=\"widget\" data-widget_type=\"image.default\">\n\t\t\t\t<div class=\"elementor-widget-container\">\n\t\t\t\t\t\t\t\t\t\t\t\t\t\t\t<img decoding=\"async\" width=\"800\" height=\"453\" src=\"https:\/\/kendov-dvorec.com\/wp-content\/uploads\/2025\/09\/Kendov_dvorec_zelodec_1t.jpg\" class=\"attachment-large size-large wp-image-24164\" alt=\"\" srcset=\"https:\/\/kendov-dvorec.com\/wp-content\/uploads\/2025\/09\/Kendov_dvorec_zelodec_1t.jpg 900w, https:\/\/kendov-dvorec.com\/wp-content\/uploads\/2025\/09\/Kendov_dvorec_zelodec_1t-300x170.jpg 300w, https:\/\/kendov-dvorec.com\/wp-content\/uploads\/2025\/09\/Kendov_dvorec_zelodec_1t-768x435.jpg 768w\" sizes=\"(max-width: 800px) 100vw, 800px\" \/>\t\t\t\t\t\t\t\t\t\t\t\t\t\t\t<\/div>\n\t\t\t\t<\/div>\n\t\t\t\t<\/div>\n\t\t\t\t\t<\/div>\n\t\t\t\t<\/div>\n\t\t<div class=\"elementor-element elementor-element-f750bf6 e-flex e-con-boxed e-con e-parent\" data-id=\"f750bf6\" data-element_type=\"container\" data-e-type=\"container\" data-settings=\"{&quot;background_background&quot;:&quot;classic&quot;}\">\n\t\t\t\t\t<div class=\"e-con-inner\">\n\t\t<div class=\"elementor-element elementor-element-f0568a0 e-con-full e-flex e-con e-child\" data-id=\"f0568a0\" data-element_type=\"container\" data-e-type=\"container\">\n\t\t\t\t<div class=\"elementor-element elementor-element-c5a1e18 elementor-widget elementor-widget-image\" data-id=\"c5a1e18\" data-element_type=\"widget\" data-e-type=\"widget\" data-widget_type=\"image.default\">\n\t\t\t\t<div class=\"elementor-widget-container\">\n\t\t\t\t\t\t\t\t\t\t\t\t\t\t\t<img loading=\"lazy\" decoding=\"async\" width=\"800\" height=\"453\" src=\"https:\/\/kendov-dvorec.com\/wp-content\/uploads\/2025\/09\/Kendov_dvorec-crnakuhinja.jpg\" class=\"attachment-large size-large wp-image-24172\" alt=\"\" srcset=\"https:\/\/kendov-dvorec.com\/wp-content\/uploads\/2025\/09\/Kendov_dvorec-crnakuhinja.jpg 900w, https:\/\/kendov-dvorec.com\/wp-content\/uploads\/2025\/09\/Kendov_dvorec-crnakuhinja-300x170.jpg 300w, https:\/\/kendov-dvorec.com\/wp-content\/uploads\/2025\/09\/Kendov_dvorec-crnakuhinja-768x435.jpg 768w\" sizes=\"(max-width: 800px) 100vw, 800px\" \/>\t\t\t\t\t\t\t\t\t\t\t\t\t\t\t<\/div>\n\t\t\t\t<\/div>\n\t\t\t\t<\/div>\n\t\t<div class=\"elementor-element elementor-element-ee89cfb e-con-full e-flex e-con e-child\" data-id=\"ee89cfb\" data-element_type=\"container\" data-e-type=\"container\">\n\t\t\t\t<div class=\"elementor-element elementor-element-4d160cc elementor-widget elementor-widget-heading\" data-id=\"4d160cc\" data-element_type=\"widget\" data-e-type=\"widget\" data-widget_type=\"heading.default\">\n\t\t\t\t<div class=\"elementor-widget-container\">\n\t\t\t\t\t<h2 class=\"elementor-heading-title elementor-size-default\">Cuisine noire<\/h2>\t\t\t\t<\/div>\n\t\t\t\t<\/div>\n\t\t\t\t<div class=\"elementor-element elementor-element-2c23331 elementor-widget elementor-widget-text-editor\" data-id=\"2c23331\" data-element_type=\"widget\" data-e-type=\"widget\" data-widget_type=\"text-editor.default\">\n\t\t\t\t<div class=\"elementor-widget-container\">\n\t\t\t\t\t\t\t\t\t<p>Une pi\u00e8ce vo\u00fbt\u00e9e, o\u00f9 se trouvait autrefois une cuisine noire avec une chemin\u00e9e \u00e0 foyer ouvert, rappelle la tradition de nos anc\u00eatres. Jadis, des ar\u00f4mes all\u00e9chants se r\u00e9pandaient dans les nombreuses marmites. Aujourd\u2019hui, l\u2019espace calme vous invite \u00e0 vous asseoir pr\u00e8s de la chemin\u00e9e, \u00e0 savourer l\u2019un de nos biscuits ou notre \u201c\u0161truklji\u201d, \u00e0 go\u00fbter aux diff\u00e9rents spiritueux de la maison ou \u00e0 lire un livre ou un journal. <\/p>\t\t\t\t\t\t\t\t<\/div>\n\t\t\t\t<\/div>\n\t\t\t\t<\/div>\n\t\t\t\t\t<\/div>\n\t\t\t\t<\/div>\n\t\t<div class=\"elementor-element elementor-element-d5e09d5 e-flex e-con-boxed e-con e-parent\" data-id=\"d5e09d5\" data-element_type=\"container\" data-e-type=\"container\">\n\t\t\t\t\t<div class=\"e-con-inner\">\n\t\t<div class=\"elementor-element elementor-element-3160248 e-con-full e-flex e-con e-child\" data-id=\"3160248\" data-element_type=\"container\" data-e-type=\"container\">\n\t\t\t\t<div class=\"elementor-element elementor-element-155bc1e elementor-widget elementor-widget-heading\" data-id=\"155bc1e\" data-element_type=\"widget\" data-e-type=\"widget\" data-widget_type=\"heading.default\">\n\t\t\t\t<div class=\"elementor-widget-container\">\n\t\t\t\t\t<h2 class=\"elementor-heading-title elementor-size-default\">Kamrca<\/h2>\t\t\t\t<\/div>\n\t\t\t\t<\/div>\n\t\t\t\t<div class=\"elementor-element elementor-element-4f2de8d elementor-widget elementor-widget-text-editor\" data-id=\"4f2de8d\" data-element_type=\"widget\" data-e-type=\"widget\" data-widget_type=\"text-editor.default\">\n\t\t\t\t<div class=\"elementor-widget-container\">\n\t\t\t\t\t\t\t\t\t<p>Kamrca est un coin agr\u00e9able pour les couples ou les invit\u00e9s qui veulent un peu d\u2019intimit\u00e9. La vue de l\u2019\u00e9glise Sainte-Marie-du-Rocher par la fen\u00eatre est particuli\u00e8rement agr\u00e9able le soir lorsque le beffroi est illumin\u00e9. Le nom, Kamrca, vient de \u201ckamrica\u201d (petite chambre) o\u00f9 dormaient les enfants Kenda.   <\/p>\t\t\t\t\t\t\t\t<\/div>\n\t\t\t\t<\/div>\n\t\t\t\t<\/div>\n\t\t<div class=\"elementor-element elementor-element-bcea40d e-con-full e-flex e-con e-child\" data-id=\"bcea40d\" data-element_type=\"container\" data-e-type=\"container\">\n\t\t\t\t<div class=\"elementor-element elementor-element-af84211 elementor-widget elementor-widget-image\" data-id=\"af84211\" data-element_type=\"widget\" data-e-type=\"widget\" data-widget_type=\"image.default\">\n\t\t\t\t<div class=\"elementor-widget-container\">\n\t\t\t\t\t\t\t\t\t\t\t\t\t\t\t<img loading=\"lazy\" decoding=\"async\" width=\"800\" height=\"453\" src=\"https:\/\/kendov-dvorec.com\/wp-content\/uploads\/2025\/09\/Kendov_dvorec_kamrca-1024x580.jpg\" class=\"attachment-large size-large wp-image-24183\" alt=\"\" srcset=\"https:\/\/kendov-dvorec.com\/wp-content\/uploads\/2025\/09\/Kendov_dvorec_kamrca-1024x580.jpg 1024w, https:\/\/kendov-dvorec.com\/wp-content\/uploads\/2025\/09\/Kendov_dvorec_kamrca-300x170.jpg 300w, https:\/\/kendov-dvorec.com\/wp-content\/uploads\/2025\/09\/Kendov_dvorec_kamrca-768x435.jpg 768w, https:\/\/kendov-dvorec.com\/wp-content\/uploads\/2025\/09\/Kendov_dvorec_kamrca.jpg 1200w\" sizes=\"(max-width: 800px) 100vw, 800px\" \/>\t\t\t\t\t\t\t\t\t\t\t\t\t\t\t<\/div>\n\t\t\t\t<\/div>\n\t\t\t\t<\/div>\n\t\t\t\t\t<\/div>\n\t\t\t\t<\/div>\n\t\t\t\t<\/div>\n\t\t","protected":false},"excerpt":{"rendered":"<p>Salle de Hana C\u2019est la salle la plus spacieuse de Kendov Dvorec, autrefois l\u2019\u00e9curie de Kenda, est aujourd\u2019hui un espace \u00e9l\u00e9gamment d\u00e9cor\u00e9 d\u00e9di\u00e9 aux c\u00e9l\u00e9brations, mariages, d\u00e9jeuners et d\u00eeners. La Salle de Hana accueille \u00e9galement des r\u00e9unions de travail, des pr\u00e9sentations et des \u00e9v\u00e9nements \u00e9ducatifs et culturels. La Salle de Hana re\u00e7oit:R\u00e9ception: 100 invit\u00e9sDisposition de [&hellip;]<\/p>\n","protected":false},"author":1,"featured_media":2280,"parent":26712,"menu_order":5,"comment_status":"closed","ping_status":"closed","template":"elementor_header_footer","meta":{"footnotes":""},"class_list":["post-27138","page","type-page","status-publish","has-post-thumbnail","hentry"],"_links":{"self":[{"href":"https:\/\/kendov-dvorec.com\/fr\/wp-json\/wp\/v2\/pages\/27138","targetHints":{"allow":["GET"]}}],"collection":[{"href":"https:\/\/kendov-dvorec.com\/fr\/wp-json\/wp\/v2\/pages"}],"about":[{"href":"https:\/\/kendov-dvorec.com\/fr\/wp-json\/wp\/v2\/types\/page"}],"author":[{"embeddable":true,"href":"https:\/\/kendov-dvorec.com\/fr\/wp-json\/wp\/v2\/users\/1"}],"replies":[{"embeddable":true,"href":"https:\/\/kendov-dvorec.com\/fr\/wp-json\/wp\/v2\/comments?post=27138"}],"version-history":[{"count":3,"href":"https:\/\/kendov-dvorec.com\/fr\/wp-json\/wp\/v2\/pages\/27138\/revisions"}],"predecessor-version":[{"id":27141,"href":"https:\/\/kendov-dvorec.com\/fr\/wp-json\/wp\/v2\/pages\/27138\/revisions\/27141"}],"up":[{"embeddable":true,"href":"https:\/\/kendov-dvorec.com\/fr\/wp-json\/wp\/v2\/pages\/26712"}],"wp:featuredmedia":[{"embeddable":true,"href":"https:\/\/kendov-dvorec.com\/fr\/wp-json\/wp\/v2\/media\/2280"}],"wp:attachment":[{"href":"https:\/\/kendov-dvorec.com\/fr\/wp-json\/wp\/v2\/media?parent=27138"}],"curies":[{"name":"wp","href":"https:\/\/api.w.org\/{rel}","templated":true}]}}