{"id":27146,"date":"2020-11-30T18:43:10","date_gmt":"2020-11-30T18:43:10","guid":{"rendered":"https:\/\/kendov-dvorec.com\/offres-et-forfaits\/darilni-boni\/"},"modified":"2026-04-07T08:17:44","modified_gmt":"2026-04-07T07:17:44","slug":"darilni-boni","status":"publish","type":"page","link":"https:\/\/kendov-dvorec.com\/fr\/offres-et-forfaits\/darilni-boni\/","title":{"rendered":"Darilni boni"},"content":{"rendered":"\t\t<div data-elementor-type=\"wp-page\" data-elementor-id=\"27146\" class=\"elementor elementor-27146 elementor-6323\" data-elementor-post-type=\"page\">\n\t\t\t\t<div class=\"elementor-element elementor-element-3154294 e-flex e-con-boxed e-con e-parent\" data-id=\"3154294\" data-element_type=\"container\" data-e-type=\"container\" data-settings=\"{&quot;background_background&quot;:&quot;classic&quot;}\">\n\t\t\t\t\t<div class=\"e-con-inner\">\n\t\t\t\t\t<\/div>\n\t\t\t\t<\/div>\n\t\t<div class=\"elementor-element elementor-element-7a2d770 e-flex e-con-boxed e-con e-parent\" data-id=\"7a2d770\" data-element_type=\"container\" data-e-type=\"container\" data-settings=\"{&quot;background_background&quot;:&quot;classic&quot;}\">\n\t\t\t\t\t<div class=\"e-con-inner\">\n\t\t\t\t<div class=\"elementor-element elementor-element-0d62978 elementor-widget elementor-widget-heading\" data-id=\"0d62978\" data-element_type=\"widget\" data-e-type=\"widget\" data-widget_type=\"heading.default\">\n\t\t\t\t<div class=\"elementor-widget-container\">\n\t\t\t\t\t<h1 class=\"elementor-heading-title elementor-size-default\">BONS CADEAUX<\/h1>\t\t\t\t<\/div>\n\t\t\t\t<\/div>\n\t\t\t\t<div class=\"elementor-element elementor-element-214258a elementor-widget elementor-widget-heading\" data-id=\"214258a\" data-element_type=\"widget\" data-e-type=\"widget\" data-widget_type=\"heading.default\">\n\t\t\t\t<div class=\"elementor-widget-container\">\n\t\t\t\t\t<h2 class=\"elementor-heading-title elementor-size-default\">Les plus beaux cadeaux sont les moments pr\u00e9cieux partag\u00e9s avec ceux que nous aimons. <\/h2>\t\t\t\t<\/div>\n\t\t\t\t<\/div>\n\t\t\t\t<div class=\"elementor-element elementor-element-ed19c02 elementor-widget elementor-widget-text-editor\" data-id=\"ed19c02\" data-element_type=\"widget\" data-e-type=\"widget\" data-widget_type=\"text-editor.default\">\n\t\t\t\t<div class=\"elementor-widget-container\">\n\t\t\t\t\t\t\t\t\t<p>Surprenez vos proches avec le plus beau et le plus inoubliable des cadeaux : une exp\u00e9rience.<br>Offrez un bon cadeau pour une escapade romantique dans un manoir de charme \u00e0 la campagne ou une exp\u00e9rience gastronomique d\u2019exception dans un restaurant recommand\u00e9 par le premier Guide Michelin slov\u00e8ne.<br>Les bons cadeaux du Manoir Kendov Dvorec sont valables 12 mois \u00e0 compter de la date d\u2019\u00e9mission.<br>Commandez-les \u00e0 l\u2019adresse suivante : E : <a href=\"mailto:info@kendov-dvorec.com\">info@kendov-dvorec.com<\/a>.  <\/p>\t\t\t\t\t\t\t\t<\/div>\n\t\t\t\t<\/div>\n\t\t\t\t\t<\/div>\n\t\t\t\t<\/div>\n\t\t<div class=\"elementor-element elementor-element-1ffae46 e-flex e-con-boxed e-con e-parent\" data-id=\"1ffae46\" data-element_type=\"container\" data-e-type=\"container\">\n\t\t\t\t\t<div class=\"e-con-inner\">\n\t\t<div class=\"elementor-element elementor-element-bb844a6 e-con-full e-flex e-con e-child\" data-id=\"bb844a6\" data-element_type=\"container\" data-e-type=\"container\">\n\t\t\t\t<div class=\"elementor-element elementor-element-1fdb0c5 elementor-widget elementor-widget-heading\" data-id=\"1fdb0c5\" data-element_type=\"widget\" data-e-type=\"widget\" data-widget_type=\"heading.default\">\n\t\t\t\t<div class=\"elementor-widget-container\">\n\t\t\t\t\t<h2 class=\"elementor-heading-title elementor-size-default\">BON CADEAU POUR UNE ESCAPADE ROMANTIQUE<\/h2>\t\t\t\t<\/div>\n\t\t\t\t<\/div>\n\t\t\t\t<div class=\"elementor-element elementor-element-513e81b elementor-widget elementor-widget-text-editor\" data-id=\"513e81b\" data-element_type=\"widget\" data-e-type=\"widget\" data-widget_type=\"text-editor.default\">\n\t\t\t\t<div class=\"elementor-widget-container\">\n\t\t\t\t\t\t\t\t\t<p>Commandez un bon cadeau pour le forfait <strong>Escapade romantique au Manoir Kendov Dvorec<\/strong>, comprenant un s\u00e9jour pour deux personnes, une boisson de bienvenue, une bouteille de vin mousseux et des fruits frais en chambre \u00e0 l\u2019arriv\u00e9e, le petit-d\u00e9jeuner, ainsi qu\u2019un d\u00eener romantique en cinq plats avec accord mets et vins.<br>Nous vous offrons un surclassement gratuit dans une <strong>cat\u00e9gorie de chambre sup\u00e9rieure.<\/strong> <\/p>\t\t\t\t\t\t\t\t<\/div>\n\t\t\t\t<\/div>\n\t\t\t\t<\/div>\n\t\t<div class=\"elementor-element elementor-element-3ca40b6 e-con-full e-flex e-con e-child\" data-id=\"3ca40b6\" data-element_type=\"container\" data-e-type=\"container\">\n\t\t\t\t<div class=\"elementor-element elementor-element-13181e9 elementor-hidden-mobile elementor-widget elementor-widget-image\" data-id=\"13181e9\" data-element_type=\"widget\" data-e-type=\"widget\" data-widget_type=\"image.default\">\n\t\t\t\t<div class=\"elementor-widget-container\">\n\t\t\t\t\t\t\t\t\t\t\t\t\t\t\t<img fetchpriority=\"high\" decoding=\"async\" width=\"800\" height=\"595\" src=\"https:\/\/kendov-dvorec.com\/wp-content\/uploads\/2025\/10\/Superior-room-Kendov-dvorec-20.jpg\" class=\"attachment-large size-large wp-image-26489\" alt=\"\" srcset=\"https:\/\/kendov-dvorec.com\/wp-content\/uploads\/2025\/10\/Superior-room-Kendov-dvorec-20.jpg 1000w, https:\/\/kendov-dvorec.com\/wp-content\/uploads\/2025\/10\/Superior-room-Kendov-dvorec-20-300x223.jpg 300w, https:\/\/kendov-dvorec.com\/wp-content\/uploads\/2025\/10\/Superior-room-Kendov-dvorec-20-768x571.jpg 768w\" sizes=\"(max-width: 800px) 100vw, 800px\" \/>\t\t\t\t\t\t\t\t\t\t\t\t\t\t\t<\/div>\n\t\t\t\t<\/div>\n\t\t\t\t<\/div>\n\t\t\t\t\t<\/div>\n\t\t\t\t<\/div>\n\t\t<div class=\"elementor-element elementor-element-1b6fd09 e-flex e-con-boxed e-con e-parent\" data-id=\"1b6fd09\" data-element_type=\"container\" data-e-type=\"container\" data-settings=\"{&quot;background_background&quot;:&quot;classic&quot;}\">\n\t\t\t\t\t<div class=\"e-con-inner\">\n\t\t<div class=\"elementor-element elementor-element-7d4be84 e-con-full e-flex e-con e-child\" data-id=\"7d4be84\" data-element_type=\"container\" data-e-type=\"container\">\n\t\t\t\t<div class=\"elementor-element elementor-element-7e8b8a3 elementor-widget elementor-widget-image\" data-id=\"7e8b8a3\" data-element_type=\"widget\" data-e-type=\"widget\" data-widget_type=\"image.default\">\n\t\t\t\t<div class=\"elementor-widget-container\">\n\t\t\t\t\t\t\t\t\t\t\t\t\t\t\t<img decoding=\"async\" width=\"800\" height=\"453\" src=\"https:\/\/kendov-dvorec.com\/wp-content\/uploads\/2025\/09\/gourmet.jpg\" class=\"attachment-large size-large wp-image-24566\" alt=\"\" srcset=\"https:\/\/kendov-dvorec.com\/wp-content\/uploads\/2025\/09\/gourmet.jpg 900w, https:\/\/kendov-dvorec.com\/wp-content\/uploads\/2025\/09\/gourmet-300x170.jpg 300w, https:\/\/kendov-dvorec.com\/wp-content\/uploads\/2025\/09\/gourmet-768x435.jpg 768w\" sizes=\"(max-width: 800px) 100vw, 800px\" \/>\t\t\t\t\t\t\t\t\t\t\t\t\t\t\t<\/div>\n\t\t\t\t<\/div>\n\t\t\t\t<\/div>\n\t\t<div class=\"elementor-element elementor-element-707b86e e-con-full e-flex e-con e-child\" data-id=\"707b86e\" data-element_type=\"container\" data-e-type=\"container\">\n\t\t\t\t<div class=\"elementor-element elementor-element-ca1b459 elementor-widget elementor-widget-heading\" data-id=\"ca1b459\" data-element_type=\"widget\" data-e-type=\"widget\" data-widget_type=\"heading.default\">\n\t\t\t\t<div class=\"elementor-widget-container\">\n\t\t\t\t\t<h2 class=\"elementor-heading-title elementor-size-default\">BON CADEAU POUR UN D\u00ceNER AUX CHANDELLES<br><\/h2>\t\t\t\t<\/div>\n\t\t\t\t<\/div>\n\t\t\t\t<div class=\"elementor-element elementor-element-b82fcbd elementor-widget elementor-widget-text-editor\" data-id=\"b82fcbd\" data-element_type=\"widget\" data-e-type=\"widget\" data-widget_type=\"text-editor.default\">\n\t\t\t\t<div class=\"elementor-widget-container\">\n\t\t\t\t\t\t\t\t\t<p style=\"text-align: left;\">Offrez un bon cadeau pour un <strong>d\u00eener romantique en trois ou cinq plats,<\/strong> accompagn\u00e9 d\u2019une s\u00e9lection de vins, pour deux personnes, au restaurant du Manoir Kendov Dvorec, recommand\u00e9 par le premier Guide Michelin slov\u00e8ne.<\/p>\t\t\t\t\t\t\t\t<\/div>\n\t\t\t\t<\/div>\n\t\t\t\t<\/div>\n\t\t\t\t\t<\/div>\n\t\t\t\t<\/div>\n\t\t<div class=\"elementor-element elementor-element-21ce452 e-flex e-con-boxed e-con e-parent\" data-id=\"21ce452\" data-element_type=\"container\" data-e-type=\"container\">\n\t\t\t\t\t<div class=\"e-con-inner\">\n\t\t<div class=\"elementor-element elementor-element-bee774d e-con-full e-flex e-con e-child\" data-id=\"bee774d\" data-element_type=\"container\" data-e-type=\"container\">\n\t\t\t\t<div class=\"elementor-element elementor-element-b123e45 elementor-widget elementor-widget-heading\" data-id=\"b123e45\" data-element_type=\"widget\" data-e-type=\"widget\" data-widget_type=\"heading.default\">\n\t\t\t\t<div class=\"elementor-widget-container\">\n\t\t\t\t\t<h2 class=\"elementor-heading-title elementor-size-default\">BON CADEAU D\u2019UNE VALEUR LIBRE<\/h2>\t\t\t\t<\/div>\n\t\t\t\t<\/div>\n\t\t\t\t<div class=\"elementor-element elementor-element-d0698bb elementor-widget elementor-widget-text-editor\" data-id=\"d0698bb\" data-element_type=\"widget\" data-e-type=\"widget\" data-widget_type=\"text-editor.default\">\n\t\t\t\t<div class=\"elementor-widget-container\">\n\t\t\t\t\t\t\t\t\t<p>Offrez un bon cadeau d\u2019une valeur au choix, valable \u00e0 l\u2019h\u00f4tel ou au restaurant du Manoir Kendov Dvorec.<\/p>\t\t\t\t\t\t\t\t<\/div>\n\t\t\t\t<\/div>\n\t\t\t\t<\/div>\n\t\t<div class=\"elementor-element elementor-element-776995f e-con-full e-flex e-con e-child\" data-id=\"776995f\" data-element_type=\"container\" data-e-type=\"container\">\n\t\t\t\t<div class=\"elementor-element elementor-element-0c01444 elementor-widget elementor-widget-image\" data-id=\"0c01444\" data-element_type=\"widget\" data-e-type=\"widget\" data-widget_type=\"image.default\">\n\t\t\t\t<div class=\"elementor-widget-container\">\n\t\t\t\t\t\t\t\t\t\t\t\t\t\t\t<img decoding=\"async\" width=\"800\" height=\"534\" src=\"https:\/\/kendov-dvorec.com\/wp-content\/uploads\/2025\/10\/Bon-4-1024x683.jpg\" class=\"attachment-large size-large wp-image-26499\" alt=\"\" srcset=\"https:\/\/kendov-dvorec.com\/wp-content\/uploads\/2025\/10\/Bon-4-1024x683.jpg 1024w, https:\/\/kendov-dvorec.com\/wp-content\/uploads\/2025\/10\/Bon-4-300x200.jpg 300w, https:\/\/kendov-dvorec.com\/wp-content\/uploads\/2025\/10\/Bon-4-768x512.jpg 768w, https:\/\/kendov-dvorec.com\/wp-content\/uploads\/2025\/10\/Bon-4-1536x1024.jpg 1536w, https:\/\/kendov-dvorec.com\/wp-content\/uploads\/2025\/10\/Bon-4-2048x1365.jpg 2048w\" sizes=\"(max-width: 800px) 100vw, 800px\" \/>\t\t\t\t\t\t\t\t\t\t\t\t\t\t\t<\/div>\n\t\t\t\t<\/div>\n\t\t\t\t<\/div>\n\t\t\t\t\t<\/div>\n\t\t\t\t<\/div>\n\t\t<div class=\"elementor-element elementor-element-731f91b e-flex e-con-boxed e-con e-parent\" data-id=\"731f91b\" data-element_type=\"container\" data-e-type=\"container\" data-settings=\"{&quot;background_background&quot;:&quot;classic&quot;}\">\n\t\t\t\t\t<div class=\"e-con-inner\">\n\t\t<div class=\"elementor-element elementor-element-e43f184 e-con-full e-flex e-con e-child\" data-id=\"e43f184\" data-element_type=\"container\" data-e-type=\"container\">\n\t\t\t\t<div class=\"elementor-element elementor-element-e65ccce elementor-widget elementor-widget-image\" data-id=\"e65ccce\" data-element_type=\"widget\" data-e-type=\"widget\" data-widget_type=\"image.default\">\n\t\t\t\t<div class=\"elementor-widget-container\">\n\t\t\t\t\t\t\t\t\t\t\t\t\t\t\t<img decoding=\"async\" width=\"800\" height=\"453\" src=\"https:\/\/kendov-dvorec.com\/wp-content\/uploads\/2025\/09\/gourmet.jpg\" class=\"attachment-large size-large wp-image-24566\" alt=\"\" srcset=\"https:\/\/kendov-dvorec.com\/wp-content\/uploads\/2025\/09\/gourmet.jpg 900w, https:\/\/kendov-dvorec.com\/wp-content\/uploads\/2025\/09\/gourmet-300x170.jpg 300w, https:\/\/kendov-dvorec.com\/wp-content\/uploads\/2025\/09\/gourmet-768x435.jpg 768w\" sizes=\"(max-width: 800px) 100vw, 800px\" \/>\t\t\t\t\t\t\t\t\t\t\t\t\t\t\t<\/div>\n\t\t\t\t<\/div>\n\t\t\t\t<\/div>\n\t\t<div class=\"elementor-element elementor-element-562c98a e-con-full e-flex e-con e-child\" data-id=\"562c98a\" data-element_type=\"container\" data-e-type=\"container\">\n\t\t\t\t<div class=\"elementor-element elementor-element-2b45853 elementor-widget elementor-widget-heading\" data-id=\"2b45853\" data-element_type=\"widget\" data-e-type=\"widget\" data-widget_type=\"heading.default\">\n\t\t\t\t<div class=\"elementor-widget-container\">\n\t\t\t\t\t<h2 class=\"elementor-heading-title elementor-size-default\">COFFRETS CADEAUX<\/h2>\t\t\t\t<\/div>\n\t\t\t\t<\/div>\n\t\t\t\t<div class=\"elementor-element elementor-element-82c09ff elementor-widget elementor-widget-text-editor\" data-id=\"82c09ff\" data-element_type=\"widget\" data-e-type=\"widget\" data-widget_type=\"text-editor.default\">\n\t\t\t\t<div class=\"elementor-widget-container\">\n\t\t\t\t\t\t\t\t\t<p style=\"text-align: left;\">Veuillez remplacer le texte et l\u2019image.<\/p>\t\t\t\t\t\t\t\t<\/div>\n\t\t\t\t<\/div>\n\t\t\t\t<\/div>\n\t\t\t\t\t<\/div>\n\t\t\t\t<\/div>\n\t\t<div class=\"elementor-element elementor-element-e5feff9 e-flex e-con-boxed e-con e-parent\" data-id=\"e5feff9\" data-element_type=\"container\" data-e-type=\"container\" data-settings=\"{&quot;background_background&quot;:&quot;classic&quot;}\">\n\t\t\t\t\t<div class=\"e-con-inner\">\n\t\t\t\t<div class=\"elementor-element elementor-element-d8c97c9 elementor-widget elementor-widget-heading\" data-id=\"d8c97c9\" data-element_type=\"widget\" data-e-type=\"widget\" data-widget_type=\"heading.default\">\n\t\t\t\t<div class=\"elementor-widget-container\">\n\t\t\t\t\t<h1 class=\"elementor-heading-title elementor-size-default\">Que ce soit personnel.<\/h1>\t\t\t\t<\/div>\n\t\t\t\t<\/div>\n\t\t\t\t<div class=\"elementor-element elementor-element-2d5eb6d elementor-widget elementor-widget-text-editor\" data-id=\"2d5eb6d\" data-element_type=\"widget\" data-e-type=\"widget\" data-widget_type=\"text-editor.default\">\n\t\t\t\t<div class=\"elementor-widget-container\">\n\t\t\t\t\t\t\t\t\t<p>Nous personnalisons les bons cadeaux avec le nom de l\u2019offrant(e) et du\/de la b\u00e9n\u00e9ficiaire.<br>Nous pouvons \u00e9galement y ajouter votre message personnel.<br>Les bons cadeaux sont envoy\u00e9s par courrier, dans une \u00e9l\u00e9gante enveloppe scell\u00e9e d\u2019un cachet de cire dor\u00e9, ou par voie \u00e9lectronique. <\/p>\t\t\t\t\t\t\t\t<\/div>\n\t\t\t\t<\/div>\n\t\t\t\t\t<\/div>\n\t\t\t\t<\/div>\n\t\t\t\t<\/div>\n\t\t","protected":false},"excerpt":{"rendered":"<p>BONS CADEAUX Les plus beaux cadeaux sont les moments pr\u00e9cieux partag\u00e9s avec ceux que nous aimons. Surprenez vos proches avec le plus beau et le plus inoubliable des cadeaux : une exp\u00e9rience.Offrez un bon cadeau pour une escapade romantique dans un manoir de charme \u00e0 la campagne ou une exp\u00e9rience gastronomique d\u2019exception dans un restaurant [&hellip;]<\/p>\n","protected":false},"author":1,"featured_media":2280,"parent":27039,"menu_order":10,"comment_status":"closed","ping_status":"closed","template":"elementor_header_footer","meta":{"footnotes":""},"class_list":["post-27146","page","type-page","status-publish","has-post-thumbnail","hentry"],"_links":{"self":[{"href":"https:\/\/kendov-dvorec.com\/fr\/wp-json\/wp\/v2\/pages\/27146","targetHints":{"allow":["GET"]}}],"collection":[{"href":"https:\/\/kendov-dvorec.com\/fr\/wp-json\/wp\/v2\/pages"}],"about":[{"href":"https:\/\/kendov-dvorec.com\/fr\/wp-json\/wp\/v2\/types\/page"}],"author":[{"embeddable":true,"href":"https:\/\/kendov-dvorec.com\/fr\/wp-json\/wp\/v2\/users\/1"}],"replies":[{"embeddable":true,"href":"https:\/\/kendov-dvorec.com\/fr\/wp-json\/wp\/v2\/comments?post=27146"}],"version-history":[{"count":3,"href":"https:\/\/kendov-dvorec.com\/fr\/wp-json\/wp\/v2\/pages\/27146\/revisions"}],"predecessor-version":[{"id":27757,"href":"https:\/\/kendov-dvorec.com\/fr\/wp-json\/wp\/v2\/pages\/27146\/revisions\/27757"}],"up":[{"embeddable":true,"href":"https:\/\/kendov-dvorec.com\/fr\/wp-json\/wp\/v2\/pages\/27039"}],"wp:featuredmedia":[{"embeddable":true,"href":"https:\/\/kendov-dvorec.com\/fr\/wp-json\/wp\/v2\/media\/2280"}],"wp:attachment":[{"href":"https:\/\/kendov-dvorec.com\/fr\/wp-json\/wp\/v2\/media?parent=27146"}],"curies":[{"name":"wp","href":"https:\/\/api.w.org\/{rel}","templated":true}]}}