{"id":27161,"date":"2018-04-15T11:34:49","date_gmt":"2018-04-15T10:34:49","guid":{"rendered":"https:\/\/kendov-dvorec.com\/offres-et-forfaits\/dejeuner-en-panier\/"},"modified":"2026-02-06T16:26:06","modified_gmt":"2026-02-06T16:26:06","slug":"dejeuner-en-panier","status":"publish","type":"page","link":"https:\/\/kendov-dvorec.com\/fr\/offres-et-forfaits\/dejeuner-en-panier\/","title":{"rendered":"D\u00e9jeuner en panier"},"content":{"rendered":"\t\t<div data-elementor-type=\"wp-page\" data-elementor-id=\"27161\" class=\"elementor elementor-27161 elementor-5851\" data-elementor-post-type=\"page\">\n\t\t\t\t<div class=\"elementor-element elementor-element-ebe5700 e-flex e-con-boxed e-con e-parent\" data-id=\"ebe5700\" data-element_type=\"container\" data-e-type=\"container\" data-settings=\"{&quot;background_background&quot;:&quot;classic&quot;}\">\n\t\t\t\t\t<div class=\"e-con-inner\">\n\t\t\t\t\t<\/div>\n\t\t\t\t<\/div>\n\t\t<div class=\"elementor-element elementor-element-7634141 e-flex e-con-boxed e-con e-parent\" data-id=\"7634141\" data-element_type=\"container\" data-e-type=\"container\">\n\t\t\t\t\t<div class=\"e-con-inner\">\n\t\t<div class=\"elementor-element elementor-element-862bc2b e-con-full e-flex e-con e-child\" data-id=\"862bc2b\" data-element_type=\"container\" data-e-type=\"container\">\n\t\t\t\t<div class=\"elementor-element elementor-element-1e9e9dd elementor-widget elementor-widget-heading\" data-id=\"1e9e9dd\" data-element_type=\"widget\" data-e-type=\"widget\" data-widget_type=\"heading.default\">\n\t\t\t\t<div class=\"elementor-widget-container\">\n\t\t\t\t\t<h1 class=\"elementor-heading-title elementor-size-default\">OFFRES<\/h1>\t\t\t\t<\/div>\n\t\t\t\t<\/div>\n\t\t\t\t<div class=\"elementor-element elementor-element-0d54594 elementor-widget elementor-widget-heading\" data-id=\"0d54594\" data-element_type=\"widget\" data-e-type=\"widget\" data-widget_type=\"heading.default\">\n\t\t\t\t<div class=\"elementor-widget-container\">\n\t\t\t\t\t<h1 class=\"elementor-heading-title elementor-size-default\">PANIER-REPAS<\/h1>\t\t\t\t<\/div>\n\t\t\t\t<\/div>\n\t\t\t\t<div class=\"elementor-element elementor-element-e429589 elementor-widget elementor-widget-text-editor\" data-id=\"e429589\" data-element_type=\"widget\" data-e-type=\"widget\" data-widget_type=\"text-editor.default\">\n\t\t\t\t<div class=\"elementor-widget-container\">\n\t\t\t\t\t\t\t\t\t<p>Le d\u00e9jeuner dans un panier comprend :<\/p><ul><li>du jeune b\u0153uf de la r\u00e9gion de Cerkno, accompagn\u00e9 de l\u00e9gumes du potager, servi dans un petit pain fra\u00eechement cuit,<\/li><li>la salade Kendov,<\/li><li>une vinaigrette \u00e0 base d\u2019huile d\u2019olive de Dekani et de vinaigre de pomme artisanal,<\/li><li>des p\u00e2tisseries maison fra\u00eechement pr\u00e9par\u00e9es,<\/li><li>une s\u00e9lection de fruits frais,<\/li><li>une boisson rafra\u00eechissante \u00e0 la fleur de sureau et \u00e0 la menthe.<\/li><\/ul><p>Le d\u00e9jeuner dans un panier est pr\u00e9vu pour deux personnes.<br>Nous vous prions de bien vouloir le commander au moins un jour \u00e0 l\u2019avance.<br>Sur demande, nous pouvons \u00e9galement pr\u00e9parer une version v\u00e9g\u00e9tarienne, v\u00e9gane ou sans gluten du d\u00e9jeuner dans un panier.  <\/p><p><strong>Prix du d\u00e9jeuner dans un panier pour deux personnes <\/strong>: 60 \u20ac<\/p>\t\t\t\t\t\t\t\t<\/div>\n\t\t\t\t<\/div>\n\t\t<div class=\"elementor-element elementor-element-cfabe73 e-con-full e-flex e-con e-child\" data-id=\"cfabe73\" data-element_type=\"container\" data-e-type=\"container\">\n\t\t\t\t<div class=\"elementor-element elementor-element-bff6852 elementor-align-center elementor-widget elementor-widget-button\" data-id=\"bff6852\" data-element_type=\"widget\" data-e-type=\"widget\" data-widget_type=\"button.default\">\n\t\t\t\t<div class=\"elementor-widget-container\">\n\t\t\t\t\t\t\t\t\t<div class=\"elementor-button-wrapper\">\n\t\t\t\t\t<a class=\"elementor-button elementor-button-link elementor-size-sm\" href=\"mailto:%20info@kendov-dvorec.com\">\n\t\t\t\t\t\t<span class=\"elementor-button-content-wrapper\">\n\t\t\t\t\t\t\t\t\t<span class=\"elementor-button-text\">COMMANDEZ UN D\u00c9JEUNER DANS UN PANIER<\/span>\n\t\t\t\t\t<\/span>\n\t\t\t\t\t<\/a>\n\t\t\t\t<\/div>\n\t\t\t\t\t\t\t\t<\/div>\n\t\t\t\t<\/div>\n\t\t\t\t<div class=\"elementor-element elementor-element-a971c5b elementor-align-center elementor-widget elementor-widget-button\" data-id=\"a971c5b\" data-element_type=\"widget\" data-e-type=\"widget\" data-widget_type=\"button.default\">\n\t\t\t\t<div class=\"elementor-widget-container\">\n\t\t\t\t\t\t\t\t\t<div class=\"elementor-button-wrapper\">\n\t\t\t\t\t<a class=\"elementor-button elementor-button-link elementor-size-sm\" href=\"https:\/\/kendov-dvorec.com\/fr\/offres-et-forfaits\/\">\n\t\t\t\t\t\t<span class=\"elementor-button-content-wrapper\">\n\t\t\t\t\t\t\t\t\t<span class=\"elementor-button-text\">RETOUR AUX OFFRES<\/span>\n\t\t\t\t\t<\/span>\n\t\t\t\t\t<\/a>\n\t\t\t\t<\/div>\n\t\t\t\t\t\t\t\t<\/div>\n\t\t\t\t<\/div>\n\t\t\t\t<\/div>\n\t\t\t\t<\/div>\n\t\t<div class=\"elementor-element elementor-element-b0caff4 e-con-full e-flex e-con e-child\" data-id=\"b0caff4\" data-element_type=\"container\" data-e-type=\"container\">\n\t\t\t\t<div class=\"elementor-element elementor-element-fa19abf elementor-widget elementor-widget-image\" data-id=\"fa19abf\" data-element_type=\"widget\" data-e-type=\"widget\" data-widget_type=\"image.default\">\n\t\t\t\t<div class=\"elementor-widget-container\">\n\t\t\t\t\t\t\t\t\t\t\t\t\t\t\t<img fetchpriority=\"high\" decoding=\"async\" width=\"800\" height=\"600\" src=\"https:\/\/kendov-dvorec.com\/wp-content\/uploads\/2025\/10\/kendov077-1024x768.jpg\" class=\"attachment-large size-large wp-image-26508\" alt=\"\" srcset=\"https:\/\/kendov-dvorec.com\/wp-content\/uploads\/2025\/10\/kendov077-1024x768.jpg 1024w, https:\/\/kendov-dvorec.com\/wp-content\/uploads\/2025\/10\/kendov077-300x225.jpg 300w, https:\/\/kendov-dvorec.com\/wp-content\/uploads\/2025\/10\/kendov077-768x576.jpg 768w\" sizes=\"(max-width: 800px) 100vw, 800px\" \/>\t\t\t\t\t\t\t\t\t\t\t\t\t\t\t<\/div>\n\t\t\t\t<\/div>\n\t\t\t\t<\/div>\n\t\t\t\t\t<\/div>\n\t\t\t\t<\/div>\n\t\t\t\t<\/div>\n\t\t","protected":false},"excerpt":{"rendered":"<p>OFFRES PANIER-REPAS Le d\u00e9jeuner dans un panier comprend : du jeune b\u0153uf de la r\u00e9gion de Cerkno, accompagn\u00e9 de l\u00e9gumes du potager, servi dans un petit pain fra\u00eechement cuit, la salade Kendov, une vinaigrette \u00e0 base d\u2019huile d\u2019olive de Dekani et de vinaigre de pomme artisanal, des p\u00e2tisseries maison fra\u00eechement pr\u00e9par\u00e9es, une s\u00e9lection de fruits [&hellip;]<\/p>\n","protected":false},"author":1,"featured_media":1920,"parent":27039,"menu_order":10,"comment_status":"closed","ping_status":"closed","template":"elementor_header_footer","meta":{"footnotes":""},"class_list":["post-27161","page","type-page","status-publish","has-post-thumbnail","hentry"],"_links":{"self":[{"href":"https:\/\/kendov-dvorec.com\/fr\/wp-json\/wp\/v2\/pages\/27161","targetHints":{"allow":["GET"]}}],"collection":[{"href":"https:\/\/kendov-dvorec.com\/fr\/wp-json\/wp\/v2\/pages"}],"about":[{"href":"https:\/\/kendov-dvorec.com\/fr\/wp-json\/wp\/v2\/types\/page"}],"author":[{"embeddable":true,"href":"https:\/\/kendov-dvorec.com\/fr\/wp-json\/wp\/v2\/users\/1"}],"replies":[{"embeddable":true,"href":"https:\/\/kendov-dvorec.com\/fr\/wp-json\/wp\/v2\/comments?post=27161"}],"version-history":[{"count":1,"href":"https:\/\/kendov-dvorec.com\/fr\/wp-json\/wp\/v2\/pages\/27161\/revisions"}],"predecessor-version":[{"id":27162,"href":"https:\/\/kendov-dvorec.com\/fr\/wp-json\/wp\/v2\/pages\/27161\/revisions\/27162"}],"up":[{"embeddable":true,"href":"https:\/\/kendov-dvorec.com\/fr\/wp-json\/wp\/v2\/pages\/27039"}],"wp:featuredmedia":[{"embeddable":true,"href":"https:\/\/kendov-dvorec.com\/fr\/wp-json\/wp\/v2\/media\/1920"}],"wp:attachment":[{"href":"https:\/\/kendov-dvorec.com\/fr\/wp-json\/wp\/v2\/media?parent=27161"}],"curies":[{"name":"wp","href":"https:\/\/api.w.org\/{rel}","templated":true}]}}