{"id":27171,"date":"2017-10-05T15:00:55","date_gmt":"2017-10-05T14:00:55","guid":{"rendered":"https:\/\/kendov-dvorec.com\/offres-et-forfaits\/reunion-daffaires\/"},"modified":"2026-02-06T16:42:00","modified_gmt":"2026-02-06T16:42:00","slug":"reunion-daffaires","status":"publish","type":"page","link":"https:\/\/kendov-dvorec.com\/fr\/offres-et-forfaits\/reunion-daffaires\/","title":{"rendered":"R\u00c9UNION D\u2019AFFAIRES"},"content":{"rendered":"\t\t<div data-elementor-type=\"wp-page\" data-elementor-id=\"27171\" class=\"elementor elementor-27171 elementor-5843\" data-elementor-post-type=\"page\">\n\t\t\t\t<div class=\"elementor-element elementor-element-5430e35 e-flex e-con-boxed e-con e-parent\" data-id=\"5430e35\" data-element_type=\"container\" data-e-type=\"container\" data-settings=\"{&quot;background_background&quot;:&quot;classic&quot;}\">\n\t\t\t\t\t<div class=\"e-con-inner\">\n\t\t\t\t\t<\/div>\n\t\t\t\t<\/div>\n\t\t<div class=\"elementor-element elementor-element-6f5931d e-flex e-con-boxed e-con e-parent\" data-id=\"6f5931d\" data-element_type=\"container\" data-e-type=\"container\">\n\t\t\t\t\t<div class=\"e-con-inner\">\n\t\t<div class=\"elementor-element elementor-element-e3b5a56 e-con-full e-flex e-con e-child\" data-id=\"e3b5a56\" data-element_type=\"container\" data-e-type=\"container\">\n\t\t\t\t<div class=\"elementor-element elementor-element-e494bcd elementor-widget elementor-widget-heading\" data-id=\"e494bcd\" data-element_type=\"widget\" data-e-type=\"widget\" data-widget_type=\"heading.default\">\n\t\t\t\t<div class=\"elementor-widget-container\">\n\t\t\t\t\t<h1 class=\"elementor-heading-title elementor-size-default\">OFFRES<\/h1>\t\t\t\t<\/div>\n\t\t\t\t<\/div>\n\t\t\t\t<div class=\"elementor-element elementor-element-7721bae elementor-widget elementor-widget-heading\" data-id=\"7721bae\" data-element_type=\"widget\" data-e-type=\"widget\" data-widget_type=\"heading.default\">\n\t\t\t\t<div class=\"elementor-widget-container\">\n\t\t\t\t\t<h1 class=\"elementor-heading-title elementor-size-default\">R\u00c9UNION D\u2019AFFAIRES<\/br><\/h1>\t\t\t\t<\/div>\n\t\t\t\t<\/div>\n\t\t\t\t<div class=\"elementor-element elementor-element-5f3d4b9 elementor-widget elementor-widget-heading\" data-id=\"5f3d4b9\" data-element_type=\"widget\" data-e-type=\"widget\" data-widget_type=\"heading.default\">\n\t\t\t\t<div class=\"elementor-widget-container\">\n\t\t\t\t\t<h2 class=\"elementor-heading-title elementor-size-default\">Bienvenue dans un oasis de paix cr\u00e9ative. <\/h2>\t\t\t\t<\/div>\n\t\t\t\t<\/div>\n\t\t\t\t<div class=\"elementor-element elementor-element-7edf70a elementor-widget elementor-widget-text-editor\" data-id=\"7edf70a\" data-element_type=\"widget\" data-e-type=\"widget\" data-widget_type=\"text-editor.default\">\n\t\t\t\t<div class=\"elementor-widget-container\">\n\t\t\t\t\t\t\t\t\tous recherchez une destination id\u00e9ale pour un teambuilding, alliant d\u00e9tente et renforcement de la coh\u00e9sion d\u2019\u00e9quipe ?<br>Notre h\u00f4tel, dot\u00e9 de 11 chambres confortables et de trois \u00e9l\u00e9gantes salles de r\u00e9ception, parfaitement adapt\u00e9es aux ateliers, r\u00e9unions et s\u00e9minaires, offre tout ce dont vous avez besoin pour la r\u00e9ussite de vos \u00e9v\u00e9nements professionnels.  \t\t\t\t\t\t\t\t<\/div>\n\t\t\t\t<\/div>\n\t\t<div class=\"elementor-element elementor-element-539332f e-con-full e-flex e-con e-child\" data-id=\"539332f\" data-element_type=\"container\" data-e-type=\"container\">\n\t\t\t\t<div class=\"elementor-element elementor-element-7b2f527 elementor-align-center elementor-tablet-align-justify elementor-widget elementor-widget-button\" data-id=\"7b2f527\" data-element_type=\"widget\" data-e-type=\"widget\" data-widget_type=\"button.default\">\n\t\t\t\t<div class=\"elementor-widget-container\">\n\t\t\t\t\t\t\t\t\t<div class=\"elementor-button-wrapper\">\n\t\t\t\t\t<a class=\"elementor-button elementor-button-link elementor-size-sm\" href=\"https:\/\/kendov-dvorec.com\/fr\/sobe-in-suita\/les-salles\/\">\n\t\t\t\t\t\t<span class=\"elementor-button-content-wrapper\">\n\t\t\t\t\t\t\t\t\t<span class=\"elementor-button-text\">RETOUR AUX OFFRES<\/span>\n\t\t\t\t\t<\/span>\n\t\t\t\t\t<\/a>\n\t\t\t\t<\/div>\n\t\t\t\t\t\t\t\t<\/div>\n\t\t\t\t<\/div>\n\t\t\t\t<\/div>\n\t\t\t\t<\/div>\n\t\t<div class=\"elementor-element elementor-element-aa3b90a e-con-full e-flex e-con e-child\" data-id=\"aa3b90a\" data-element_type=\"container\" data-e-type=\"container\">\n\t\t\t\t<div class=\"elementor-element elementor-element-2dcc030 elementor-widget elementor-widget-image\" data-id=\"2dcc030\" data-element_type=\"widget\" data-e-type=\"widget\" data-widget_type=\"image.default\">\n\t\t\t\t<div class=\"elementor-widget-container\">\n\t\t\t\t\t\t\t\t\t\t\t\t\t\t\t<img fetchpriority=\"high\" decoding=\"async\" width=\"800\" height=\"534\" src=\"https:\/\/kendov-dvorec.com\/wp-content\/uploads\/2025\/09\/kendov-dvorec-business.jpg\" class=\"attachment-large size-large wp-image-25741\" alt=\"\" srcset=\"https:\/\/kendov-dvorec.com\/wp-content\/uploads\/2025\/09\/kendov-dvorec-business.jpg 900w, https:\/\/kendov-dvorec.com\/wp-content\/uploads\/2025\/09\/kendov-dvorec-business-300x200.jpg 300w, https:\/\/kendov-dvorec.com\/wp-content\/uploads\/2025\/09\/kendov-dvorec-business-768x513.jpg 768w\" sizes=\"(max-width: 800px) 100vw, 800px\" \/>\t\t\t\t\t\t\t\t\t\t\t\t\t\t\t<\/div>\n\t\t\t\t<\/div>\n\t\t\t\t<\/div>\n\t\t\t\t\t<\/div>\n\t\t\t\t<\/div>\n\t\t<div class=\"elementor-element elementor-element-78c083c e-flex e-con-boxed e-con e-parent\" data-id=\"78c083c\" data-element_type=\"container\" data-e-type=\"container\" data-settings=\"{&quot;background_background&quot;:&quot;classic&quot;}\">\n\t\t\t\t\t<div class=\"e-con-inner\">\n\t\t<div class=\"elementor-element elementor-element-1cf835a e-con-full e-flex e-con e-child\" data-id=\"1cf835a\" data-element_type=\"container\" data-e-type=\"container\">\n\t\t\t\t<div class=\"elementor-element elementor-element-ae419e3 elementor-widget elementor-widget-image\" data-id=\"ae419e3\" data-element_type=\"widget\" data-e-type=\"widget\" data-widget_type=\"image.default\">\n\t\t\t\t<div class=\"elementor-widget-container\">\n\t\t\t\t\t\t\t\t\t\t\t\t\t\t\t<img decoding=\"async\" width=\"800\" height=\"453\" src=\"https:\/\/kendov-dvorec.com\/wp-content\/uploads\/2025\/09\/Kendov-dvorec-garden-08-1.jpg\" class=\"attachment-large size-large wp-image-25755\" alt=\"\" srcset=\"https:\/\/kendov-dvorec.com\/wp-content\/uploads\/2025\/09\/Kendov-dvorec-garden-08-1.jpg 900w, https:\/\/kendov-dvorec.com\/wp-content\/uploads\/2025\/09\/Kendov-dvorec-garden-08-1-300x170.jpg 300w, https:\/\/kendov-dvorec.com\/wp-content\/uploads\/2025\/09\/Kendov-dvorec-garden-08-1-768x435.jpg 768w\" sizes=\"(max-width: 800px) 100vw, 800px\" \/>\t\t\t\t\t\t\t\t\t\t\t\t\t\t\t<\/div>\n\t\t\t\t<\/div>\n\t\t\t\t<\/div>\n\t\t<div class=\"elementor-element elementor-element-98de15c e-con-full e-flex e-con e-child\" data-id=\"98de15c\" data-element_type=\"container\" data-e-type=\"container\">\n\t\t\t\t<div class=\"elementor-element elementor-element-f7a53ef elementor-widget elementor-widget-heading\" data-id=\"f7a53ef\" data-element_type=\"widget\" data-e-type=\"widget\" data-widget_type=\"heading.default\">\n\t\t\t\t<div class=\"elementor-widget-container\">\n\t\t\t\t\t<h2 class=\"elementor-heading-title elementor-size-default\">Renforcez vos liens \u00e0 travers des exp\u00e9riences uniques<\/h2>\t\t\t\t<\/div>\n\t\t\t\t<\/div>\n\t\t\t\t<div class=\"elementor-element elementor-element-0beab3e elementor-widget elementor-widget-text-editor\" data-id=\"0beab3e\" data-element_type=\"widget\" data-e-type=\"widget\" data-widget_type=\"text-editor.default\">\n\t\t\t\t<div class=\"elementor-widget-container\">\n\t\t\t\t\t\t\t\t\tEn plus des espaces d\u00e9di\u00e9s aux activit\u00e9s de formation, nous vous proposons un large \u00e9ventail d\u2019activit\u00e9s de d\u00e9tente et de coh\u00e9sion.<br>Vous pourrez notamment vous initier ensemble \u00e0 des ateliers culinaires, au cours desquels, sous la conduite de nos chefs exp\u00e9riment\u00e9s, vous pr\u00e9parerez des sp\u00e9cialit\u00e9s gastronomiques locales, ou encore savourer une d\u00e9gustation de vins d\u2019exception de notre maison.  \t\t\t\t\t\t\t\t<\/div>\n\t\t\t\t<\/div>\n\t\t\t\t<\/div>\n\t\t\t\t\t<\/div>\n\t\t\t\t<\/div>\n\t\t<div class=\"elementor-element elementor-element-7a08cef e-flex e-con-boxed e-con e-parent\" data-id=\"7a08cef\" data-element_type=\"container\" data-e-type=\"container\">\n\t\t\t\t\t<div class=\"e-con-inner\">\n\t\t<div class=\"elementor-element elementor-element-116b076 e-con-full e-flex e-con e-child\" data-id=\"116b076\" data-element_type=\"container\" data-e-type=\"container\">\n\t\t\t\t<div class=\"elementor-element elementor-element-f72096b elementor-widget elementor-widget-heading\" data-id=\"f72096b\" data-element_type=\"widget\" data-e-type=\"widget\" data-widget_type=\"heading.default\">\n\t\t\t\t<div class=\"elementor-widget-container\">\n\t\t\t\t\t<h2 class=\"elementor-heading-title elementor-size-default\">\u00c0 la d\u00e9couverte de la nature et du patrimoine culturel<\/h2>\t\t\t\t<\/div>\n\t\t\t\t<\/div>\n\t\t\t\t<div class=\"elementor-element elementor-element-b1c869c elementor-widget elementor-widget-text-editor\" data-id=\"b1c869c\" data-element_type=\"widget\" data-e-type=\"widget\" data-widget_type=\"text-editor.default\">\n\t\t\t\t<div class=\"elementor-widget-container\">\n\t\t\t\t\t\t\t\t\tPour ceux qui souhaitent vivre une exp\u00e9rience plus active, nous proposons la location de v\u00e9los \u00e9lectriques pour explorer les paysages pittoresques des environs, notamment lors de balades le long de la rivi\u00e8re Idrijca.<br>La baignade dans ses eaux limpides, les randonn\u00e9es en montagne ainsi que la d\u00e9couverte des tr\u00e9sors naturels du G\u00e9oparc d\u2019Idrija offriront \u00e0 votre \u00e9quipe d\u00e9tente et ressourcement au c\u0153ur d\u2019une nature pr\u00e9serv\u00e9e.  \t\t\t\t\t\t\t\t<\/div>\n\t\t\t\t<\/div>\n\t\t\t\t<div class=\"elementor-element elementor-element-d9723b1 elementor-widget elementor-widget-heading\" data-id=\"d9723b1\" data-element_type=\"widget\" data-e-type=\"widget\" data-widget_type=\"heading.default\">\n\t\t\t\t<div class=\"elementor-widget-container\">\n\t\t\t\t\t<h2 class=\"elementor-heading-title elementor-size-default\">Exp\u00e9riences culturelles \u00e0 Idrija<\/h2>\t\t\t\t<\/div>\n\t\t\t\t<\/div>\n\t\t\t\t<div class=\"elementor-element elementor-element-c59d0a4 elementor-widget elementor-widget-text-editor\" data-id=\"c59d0a4\" data-element_type=\"widget\" data-e-type=\"widget\" data-widget_type=\"text-editor.default\">\n\t\t\t\t<div class=\"elementor-widget-container\">\n\t\t\t\t\t\t\t\t\tVous pouvez enrichir votre exp\u00e9rience de teambuilding en explorant le riche patrimoine culturel d\u2019Idrija.<br>Visitez la mine de mercure, class\u00e9e au patrimoine mondial de l\u2019UNESCO, ou partez \u00e0 la d\u00e9couverte des sites historiques locaux, t\u00e9moins de plusieurs si\u00e8cles de l\u2019h\u00e9ritage industriel de la ville.  \t\t\t\t\t\t\t\t<\/div>\n\t\t\t\t<\/div>\n\t\t\t\t<\/div>\n\t\t<div class=\"elementor-element elementor-element-22f3458 e-con-full e-flex e-con e-child\" data-id=\"22f3458\" data-element_type=\"container\" data-e-type=\"container\">\n\t\t\t\t<div class=\"elementor-element elementor-element-aa5ec92 elementor-widget elementor-widget-image\" data-id=\"aa5ec92\" data-element_type=\"widget\" data-e-type=\"widget\" data-widget_type=\"image.default\">\n\t\t\t\t<div class=\"elementor-widget-container\">\n\t\t\t\t\t\t\t\t\t\t\t\t\t\t\t<img decoding=\"async\" width=\"800\" height=\"800\" src=\"https:\/\/kendov-dvorec.com\/wp-content\/uploads\/2025\/09\/panorama-1.jpg\" class=\"attachment-large size-large wp-image-25766\" alt=\"\" srcset=\"https:\/\/kendov-dvorec.com\/wp-content\/uploads\/2025\/09\/panorama-1.jpg 960w, https:\/\/kendov-dvorec.com\/wp-content\/uploads\/2025\/09\/panorama-1-300x300.jpg 300w, https:\/\/kendov-dvorec.com\/wp-content\/uploads\/2025\/09\/panorama-1-150x150.jpg 150w, https:\/\/kendov-dvorec.com\/wp-content\/uploads\/2025\/09\/panorama-1-768x768.jpg 768w\" sizes=\"(max-width: 800px) 100vw, 800px\" \/>\t\t\t\t\t\t\t\t\t\t\t\t\t\t\t<\/div>\n\t\t\t\t<\/div>\n\t\t\t\t<\/div>\n\t\t\t\t\t<\/div>\n\t\t\t\t<\/div>\n\t\t<div class=\"elementor-element elementor-element-d41a719 e-flex e-con-boxed e-con e-parent\" data-id=\"d41a719\" data-element_type=\"container\" data-e-type=\"container\" data-settings=\"{&quot;background_background&quot;:&quot;classic&quot;}\">\n\t\t\t\t\t<div class=\"e-con-inner\">\n\t\t<div class=\"elementor-element elementor-element-8df19ac e-con-full e-flex e-con e-child\" data-id=\"8df19ac\" data-element_type=\"container\" data-e-type=\"container\">\n\t\t\t\t<div class=\"elementor-element elementor-element-4aa0c82 elementor-widget elementor-widget-image\" data-id=\"4aa0c82\" data-element_type=\"widget\" data-e-type=\"widget\" data-widget_type=\"image.default\">\n\t\t\t\t<div class=\"elementor-widget-container\">\n\t\t\t\t\t\t\t\t\t\t\t\t\t\t\t<img loading=\"lazy\" decoding=\"async\" width=\"800\" height=\"534\" src=\"https:\/\/kendov-dvorec.com\/wp-content\/uploads\/2025\/09\/FEVZ9044-1.jpg\" class=\"attachment-large size-large wp-image-25780\" alt=\"\" srcset=\"https:\/\/kendov-dvorec.com\/wp-content\/uploads\/2025\/09\/FEVZ9044-1.jpg 1000w, https:\/\/kendov-dvorec.com\/wp-content\/uploads\/2025\/09\/FEVZ9044-1-300x200.jpg 300w, https:\/\/kendov-dvorec.com\/wp-content\/uploads\/2025\/09\/FEVZ9044-1-768x512.jpg 768w\" sizes=\"(max-width: 800px) 100vw, 800px\" \/>\t\t\t\t\t\t\t\t\t\t\t\t\t\t\t<\/div>\n\t\t\t\t<\/div>\n\t\t\t\t<\/div>\n\t\t<div class=\"elementor-element elementor-element-d4ff142 e-con-full e-flex e-con e-child\" data-id=\"d4ff142\" data-element_type=\"container\" data-e-type=\"container\">\n\t\t\t\t<div class=\"elementor-element elementor-element-5e459d8 elementor-widget elementor-widget-heading\" data-id=\"5e459d8\" data-element_type=\"widget\" data-e-type=\"widget\" data-widget_type=\"heading.default\">\n\t\t\t\t<div class=\"elementor-widget-container\">\n\t\t\t\t\t<h2 class=\"elementor-heading-title elementor-size-default\">Savourez la cuisine locale<\/h2>\t\t\t\t<\/div>\n\t\t\t\t<\/div>\n\t\t\t\t<div class=\"elementor-element elementor-element-6186efd elementor-widget elementor-widget-text-editor\" data-id=\"6186efd\" data-element_type=\"widget\" data-e-type=\"widget\" data-widget_type=\"text-editor.default\">\n\t\t\t\t<div class=\"elementor-widget-container\">\n\t\t\t\t\t\t\t\t\tNous compl\u00e9tons votre teambuilding par une exp\u00e9rience gastronomique d\u2019exception.<br>Nous vous proposons des d\u00eeners et, sur demande, des d\u00e9jeuners, au cours desquels vous pourrez d\u00e9couvrir la cuisine traditionnelle d\u2019Idrija.<br>Vous avez le choix entre des menus en trois ou cinq plats, que nous adaptons volontiers \u00e0 vos besoins.<br>Nos chefs \u00e9laborent avec passion des plats \u00e0 base d\u2019ingr\u00e9dients locaux, capables de s\u00e9duire les gourmets les plus exigeants.    \n\nNotre h\u00f4tel constitue le point de d\u00e9part id\u00e9al pour toutes ces activit\u00e9s, offrant un cadre paisible et relaxant o\u00f9 votre \u00e9quipe peut se retrouver, se motiver et se pr\u00e9parer \u00e0 relever de nouveaux d\u00e9fis. \t\t\t\t\t\t\t\t<\/div>\n\t\t\t\t<\/div>\n\t\t\t\t<div class=\"elementor-element elementor-element-8e10eab elementor-widget elementor-widget-text-editor\" data-id=\"8e10eab\" data-element_type=\"widget\" data-e-type=\"widget\" data-widget_type=\"text-editor.default\">\n\t\t\t\t<div class=\"elementor-widget-container\">\n\t\t\t\t\t\t\t\t\t<p>Faites-nous simplement conna\u00eetre vos souhaits et nous pr\u00e9parerons volontiers une offre.<\/p>\t\t\t\t\t\t\t\t<\/div>\n\t\t\t\t<\/div>\n\t\t\t\t<\/div>\n\t\t\t\t\t<\/div>\n\t\t\t\t<\/div>\n\t\t\t\t<\/div>\n\t\t","protected":false},"excerpt":{"rendered":"<p>OFFRES R\u00c9UNION D\u2019AFFAIRES Bienvenue dans un oasis de paix cr\u00e9ative. ous recherchez une destination id\u00e9ale pour un teambuilding, alliant d\u00e9tente et renforcement de la coh\u00e9sion d\u2019\u00e9quipe ?Notre h\u00f4tel, dot\u00e9 de 11 chambres confortables et de trois \u00e9l\u00e9gantes salles de r\u00e9ception, parfaitement adapt\u00e9es aux ateliers, r\u00e9unions et s\u00e9minaires, offre tout ce dont vous avez besoin pour [&hellip;]<\/p>\n","protected":false},"author":1,"featured_media":1965,"parent":27039,"menu_order":10,"comment_status":"closed","ping_status":"closed","template":"elementor_header_footer","meta":{"footnotes":""},"class_list":["post-27171","page","type-page","status-publish","has-post-thumbnail","hentry"],"_links":{"self":[{"href":"https:\/\/kendov-dvorec.com\/fr\/wp-json\/wp\/v2\/pages\/27171","targetHints":{"allow":["GET"]}}],"collection":[{"href":"https:\/\/kendov-dvorec.com\/fr\/wp-json\/wp\/v2\/pages"}],"about":[{"href":"https:\/\/kendov-dvorec.com\/fr\/wp-json\/wp\/v2\/types\/page"}],"author":[{"embeddable":true,"href":"https:\/\/kendov-dvorec.com\/fr\/wp-json\/wp\/v2\/users\/1"}],"replies":[{"embeddable":true,"href":"https:\/\/kendov-dvorec.com\/fr\/wp-json\/wp\/v2\/comments?post=27171"}],"version-history":[{"count":2,"href":"https:\/\/kendov-dvorec.com\/fr\/wp-json\/wp\/v2\/pages\/27171\/revisions"}],"predecessor-version":[{"id":27173,"href":"https:\/\/kendov-dvorec.com\/fr\/wp-json\/wp\/v2\/pages\/27171\/revisions\/27173"}],"up":[{"embeddable":true,"href":"https:\/\/kendov-dvorec.com\/fr\/wp-json\/wp\/v2\/pages\/27039"}],"wp:featuredmedia":[{"embeddable":true,"href":"https:\/\/kendov-dvorec.com\/fr\/wp-json\/wp\/v2\/media\/1965"}],"wp:attachment":[{"href":"https:\/\/kendov-dvorec.com\/fr\/wp-json\/wp\/v2\/media?parent=27171"}],"curies":[{"name":"wp","href":"https:\/\/api.w.org\/{rel}","templated":true}]}}