{"id":27193,"date":"2024-09-24T20:09:57","date_gmt":"2024-09-24T19:09:57","guid":{"rendered":"https:\/\/kendov-dvorec.com\/experiences\/izbrana-slovenska-vina\/"},"modified":"2026-04-07T08:18:23","modified_gmt":"2026-04-07T07:18:23","slug":"izbrana-slovenska-vina","status":"publish","type":"page","link":"https:\/\/kendov-dvorec.com\/fr\/experiences\/izbrana-slovenska-vina\/","title":{"rendered":"Izbrana slovenska vina"},"content":{"rendered":"\t\t<div data-elementor-type=\"wp-page\" data-elementor-id=\"27193\" class=\"elementor elementor-27193 elementor-20921\" data-elementor-post-type=\"page\">\n\t\t\t\t<div class=\"elementor-element elementor-element-5f44345 e-flex e-con-boxed e-con e-parent\" data-id=\"5f44345\" data-element_type=\"container\" data-e-type=\"container\" data-settings=\"{&quot;background_background&quot;:&quot;classic&quot;}\">\n\t\t\t\t\t<div class=\"e-con-inner\">\n\t\t\t\t\t<\/div>\n\t\t\t\t<\/div>\n\t\t<div class=\"elementor-element elementor-element-8a61a5d e-flex e-con-boxed e-con e-parent\" data-id=\"8a61a5d\" data-element_type=\"container\" data-e-type=\"container\">\n\t\t\t\t\t<div class=\"e-con-inner\">\n\t\t<div class=\"elementor-element elementor-element-7b08682 e-con-full e-flex e-con e-child\" data-id=\"7b08682\" data-element_type=\"container\" data-e-type=\"container\">\n\t\t\t\t<div class=\"elementor-element elementor-element-4a0fbb7 elementor-widget elementor-widget-heading\" data-id=\"4a0fbb7\" data-element_type=\"widget\" data-e-type=\"widget\" data-widget_type=\"heading.default\">\n\t\t\t\t<div class=\"elementor-widget-container\">\n\t\t\t\t\t<h1 class=\"elementor-heading-title elementor-size-default\">EXP\u00c9RIENCES<\/h1>\t\t\t\t<\/div>\n\t\t\t\t<\/div>\n\t\t\t\t<div class=\"elementor-element elementor-element-d60b63c elementor-widget elementor-widget-heading\" data-id=\"d60b63c\" data-element_type=\"widget\" data-e-type=\"widget\" data-widget_type=\"heading.default\">\n\t\t\t\t<div class=\"elementor-widget-container\">\n\t\t\t\t\t<h1 class=\"elementor-heading-title elementor-size-default\">NARO\u010cITE VINO<\/h1>\t\t\t\t<\/div>\n\t\t\t\t<\/div>\n\t\t\t\t<div class=\"elementor-element elementor-element-142e7f1 elementor-widget elementor-widget-heading\" data-id=\"142e7f1\" data-element_type=\"widget\" data-e-type=\"widget\" data-widget_type=\"heading.default\">\n\t\t\t\t<div class=\"elementor-widget-container\">\n\t\t\t\t\t<h1 class=\"elementor-heading-title elementor-size-default\">VINS S\u00c9LECTIONN\u00c9S<\/h1>\t\t\t\t<\/div>\n\t\t\t\t<\/div>\n\t\t\t\t<div class=\"elementor-element elementor-element-263441c elementor-widget elementor-widget-text-editor\" data-id=\"263441c\" data-element_type=\"widget\" data-e-type=\"widget\" data-widget_type=\"text-editor.default\">\n\t\t\t\t<div class=\"elementor-widget-container\">\n\t\t\t\t\t\t\t\t\t<p>Au Kendov Dvorec, nous vous offrons l\u2019opportunit\u00e9 d\u2019acqu\u00e9rir des vins d\u2019exception de vignerons slov\u00e8nes renomm\u00e9s avec <strong>20 % de remise sur le prix de vente<\/strong>. Notre s\u00e9lection rigoureuse r\u00e9unit certains des meilleurs crus, refl\u00e9tant le riche patrimoine viticole de la vall\u00e9e de la Vipava, de Brda et de l\u2019Istrie. Chaque bouteille raconte une histoire de passion et de d\u00e9vouement \u2013 un ajout raffin\u00e9 \u00e0 votre cave ou un cadeau prestigieux.  <\/p>\t\t\t\t\t\t\t\t<\/div>\n\t\t\t\t<\/div>\n\t\t\t\t<div class=\"elementor-element elementor-element-928f4d4 elementor-widget elementor-widget-heading\" data-id=\"928f4d4\" data-element_type=\"widget\" data-e-type=\"widget\" data-widget_type=\"heading.default\">\n\t\t\t\t<div class=\"elementor-widget-container\">\n\t\t\t\t\t<h2 class=\"elementor-heading-title elementor-size-default\">Emballages cadeaux \u00e9l\u00e9gants<\/h2>\t\t\t\t<\/div>\n\t\t\t\t<\/div>\n\t\t\t\t<div class=\"elementor-element elementor-element-ba0dd0f elementor-widget elementor-widget-text-editor\" data-id=\"ba0dd0f\" data-element_type=\"widget\" data-e-type=\"widget\" data-widget_type=\"text-editor.default\">\n\t\t\t\t<div class=\"elementor-widget-container\">\n\t\t\t\t\t\t\t\t\t<p>Pour les occasions sp\u00e9ciales, nos vins d\u2019exception peuvent \u00eatre pr\u00e9sent\u00e9s dans un \u00e9l\u00e9gant coffret cadeau. Ce packaging soigneusement con\u00e7u fait du vin un choix id\u00e9al pour les anniversaires, jubil\u00e9s, mariages ou comme attention distingu\u00e9e pour vos partenaires d\u2019affaires.  <\/p>\t\t\t\t\t\t\t\t<\/div>\n\t\t\t\t<\/div>\n\t\t\t\t<div class=\"elementor-element elementor-element-1dd8387 elementor-widget elementor-widget-heading\" data-id=\"1dd8387\" data-element_type=\"widget\" data-e-type=\"widget\" data-widget_type=\"heading.default\">\n\t\t\t\t<div class=\"elementor-widget-container\">\n\t\t\t\t\t<h2 class=\"elementor-heading-title elementor-size-default\">Comment commander ?<\/h2>\t\t\t\t<\/div>\n\t\t\t\t<\/div>\n\t\t\t\t<div class=\"elementor-element elementor-element-2519913 elementor-widget elementor-widget-text-editor\" data-id=\"2519913\" data-element_type=\"widget\" data-e-type=\"widget\" data-widget_type=\"text-editor.default\">\n\t\t\t\t<div class=\"elementor-widget-container\">\n\t\t\t\t\t\t\t\t\t<p>Pour plus d\u2019informations sur notre offre ou pour passer commande, veuillez contacter notre r\u00e9ception ou nous \u00e9crire \u00e0: info@kendov-dvorec.com<\/p><p>Offrez-vous le go\u00fbt incomparable des vins slov\u00e8nes et sublimez vos moments privil\u00e9gi\u00e9s avec une s\u00e9lection de crus d\u2019exception issus de notre collection. <\/p>\t\t\t\t\t\t\t\t<\/div>\n\t\t\t\t<\/div>\n\t\t\t\t<\/div>\n\t\t<div class=\"elementor-element elementor-element-8be5976 e-con-full e-flex e-con e-child\" data-id=\"8be5976\" data-element_type=\"container\" data-e-type=\"container\">\n\t\t\t\t<div class=\"elementor-element elementor-element-67367d9 elementor-widget elementor-widget-image\" data-id=\"67367d9\" data-element_type=\"widget\" data-e-type=\"widget\" data-widget_type=\"image.default\">\n\t\t\t\t<div class=\"elementor-widget-container\">\n\t\t\t\t\t\t\t\t\t\t\t\t\t\t\t<img fetchpriority=\"high\" decoding=\"async\" width=\"800\" height=\"534\" src=\"https:\/\/kendov-dvorec.com\/wp-content\/uploads\/2026\/04\/Skatle-in-gin-13-1024x683.jpg\" class=\"attachment-large size-large wp-image-27469\" alt=\"\" srcset=\"https:\/\/kendov-dvorec.com\/wp-content\/uploads\/2026\/04\/Skatle-in-gin-13-1024x683.jpg 1024w, https:\/\/kendov-dvorec.com\/wp-content\/uploads\/2026\/04\/Skatle-in-gin-13-300x200.jpg 300w, https:\/\/kendov-dvorec.com\/wp-content\/uploads\/2026\/04\/Skatle-in-gin-13-768x512.jpg 768w, https:\/\/kendov-dvorec.com\/wp-content\/uploads\/2026\/04\/Skatle-in-gin-13-1536x1024.jpg 1536w, https:\/\/kendov-dvorec.com\/wp-content\/uploads\/2026\/04\/Skatle-in-gin-13-2048x1365.jpg 2048w\" sizes=\"(max-width: 800px) 100vw, 800px\" \/>\t\t\t\t\t\t\t\t\t\t\t\t\t\t\t<\/div>\n\t\t\t\t<\/div>\n\t\t\t\t<\/div>\n\t\t\t\t\t<\/div>\n\t\t\t\t<\/div>\n\t\t\t\t<\/div>\n\t\t","protected":false},"excerpt":{"rendered":"<p>EXP\u00c9RIENCES NARO\u010cITE VINO VINS S\u00c9LECTIONN\u00c9S Au Kendov Dvorec, nous vous offrons l\u2019opportunit\u00e9 d\u2019acqu\u00e9rir des vins d\u2019exception de vignerons slov\u00e8nes renomm\u00e9s avec 20 % de remise sur le prix de vente. Notre s\u00e9lection rigoureuse r\u00e9unit certains des meilleurs crus, refl\u00e9tant le riche patrimoine viticole de la vall\u00e9e de la Vipava, de Brda et de l\u2019Istrie. Chaque [&hellip;]<\/p>\n","protected":false},"author":1,"featured_media":0,"parent":26712,"menu_order":1,"comment_status":"closed","ping_status":"closed","template":"elementor_header_footer","meta":{"footnotes":""},"class_list":["post-27193","page","type-page","status-publish","hentry"],"_links":{"self":[{"href":"https:\/\/kendov-dvorec.com\/fr\/wp-json\/wp\/v2\/pages\/27193","targetHints":{"allow":["GET"]}}],"collection":[{"href":"https:\/\/kendov-dvorec.com\/fr\/wp-json\/wp\/v2\/pages"}],"about":[{"href":"https:\/\/kendov-dvorec.com\/fr\/wp-json\/wp\/v2\/types\/page"}],"author":[{"embeddable":true,"href":"https:\/\/kendov-dvorec.com\/fr\/wp-json\/wp\/v2\/users\/1"}],"replies":[{"embeddable":true,"href":"https:\/\/kendov-dvorec.com\/fr\/wp-json\/wp\/v2\/comments?post=27193"}],"version-history":[{"count":3,"href":"https:\/\/kendov-dvorec.com\/fr\/wp-json\/wp\/v2\/pages\/27193\/revisions"}],"predecessor-version":[{"id":27470,"href":"https:\/\/kendov-dvorec.com\/fr\/wp-json\/wp\/v2\/pages\/27193\/revisions\/27470"}],"up":[{"embeddable":true,"href":"https:\/\/kendov-dvorec.com\/fr\/wp-json\/wp\/v2\/pages\/26712"}],"wp:attachment":[{"href":"https:\/\/kendov-dvorec.com\/fr\/wp-json\/wp\/v2\/media?parent=27193"}],"curies":[{"name":"wp","href":"https:\/\/api.w.org\/{rel}","templated":true}]}}