{"id":27207,"date":"2017-10-05T14:58:59","date_gmt":"2017-10-05T13:58:59","guid":{"rendered":"https:\/\/kendov-dvorec.com\/offres-et-forfaits\/praznovanje-na-kendovem-dvorcu\/"},"modified":"2026-04-09T14:17:31","modified_gmt":"2026-04-09T13:17:31","slug":"praznovanje-na-kendovem-dvorcu","status":"publish","type":"page","link":"https:\/\/kendov-dvorec.com\/fr\/offres-et-forfaits\/praznovanje-na-kendovem-dvorcu\/","title":{"rendered":"C\u00e9l\u00e9bration au Manoir Kendo"},"content":{"rendered":"\t\t<div data-elementor-type=\"wp-page\" data-elementor-id=\"27207\" class=\"elementor elementor-27207 elementor-5842\" data-elementor-post-type=\"page\">\n\t\t\t\t<div class=\"elementor-element elementor-element-d069dab e-flex e-con-boxed e-con e-parent\" data-id=\"d069dab\" data-element_type=\"container\" data-e-type=\"container\" data-settings=\"{&quot;background_background&quot;:&quot;classic&quot;}\">\n\t\t\t\t\t<div class=\"e-con-inner\">\n\t\t\t\t\t<\/div>\n\t\t\t\t<\/div>\n\t\t<div class=\"elementor-element elementor-element-3cb24ed e-flex e-con-boxed e-con e-parent\" data-id=\"3cb24ed\" data-element_type=\"container\" data-e-type=\"container\">\n\t\t\t\t\t<div class=\"e-con-inner\">\n\t\t\t\t<div class=\"elementor-element elementor-element-bddc705 elementor-widget elementor-widget-heading\" data-id=\"bddc705\" data-element_type=\"widget\" data-e-type=\"widget\" data-widget_type=\"heading.default\">\n\t\t\t\t<div class=\"elementor-widget-container\">\n\t\t\t\t\t<h1 class=\"elementor-heading-title elementor-size-default\">EXP\u00c9RIENCE GASTRONOMIQUE<\/h1>\t\t\t\t<\/div>\n\t\t\t\t<\/div>\n\t\t\t\t<div class=\"elementor-element elementor-element-3eac17d elementor-widget elementor-widget-heading\" data-id=\"3eac17d\" data-element_type=\"widget\" data-e-type=\"widget\" data-widget_type=\"heading.default\">\n\t\t\t\t<div class=\"elementor-widget-container\">\n\t\t\t\t\t<h2 class=\"elementor-heading-title elementor-size-default\">D\u00e9couvrez les plats originaux de la cuisine de Kendov Dvorec.<\/h2>\t\t\t\t<\/div>\n\t\t\t\t<\/div>\n\t\t\t\t<div class=\"elementor-element elementor-element-66e9768 elementor-widget elementor-widget-text-editor\" data-id=\"66e9768\" data-element_type=\"widget\" data-e-type=\"widget\" data-widget_type=\"text-editor.default\">\n\t\t\t\t<div class=\"elementor-widget-container\">\n\t\t\t\t\t\t\t\t\t<p><span data-contrast=\"auto\">Fort de plus de vingt ans d\u2019exp\u00e9rience dans l\u2019organisation d\u2019\u00e9v\u00e9nements vari\u00e9s, nous serons ravis de vous accompagner dans la cr\u00e9ation d\u2019une exp\u00e9rience inoubliable.<\/span><\/p><p>Nous vous invitons \u00e0 nous contacter par e-mail \u00e0 l&rsquo;adresse <a href=\"mailto:info@kendov-dvorec.com\">info@kendov-dvorec.com pour nous faire part de votre demande .<\/a> Vous \u00eates \u00e9galement cordialement invit\u00e9 \u00e0 <span data-contrast=\"auto\">visiter le manoir afin que nous puissions r\u00e9gler les d\u00e9tails ensemble et pr\u00e9parer une d\u00e9gustation des plats qui enchanteront vos invit\u00e9s. Nous vous accompagnerons tout au long du processus pour que votre f\u00eate soit \u00e0 la hauteur de vos esp\u00e9rances.<\/span> <span data-ccp-props=\"{\"201341983\":0,\"335559739\":160,\"335559740\":279}\"> <\/span><\/p>\t\t\t\t\t\t\t\t<\/div>\n\t\t\t\t<\/div>\n\t\t\t\t\t<\/div>\n\t\t\t\t<\/div>\n\t\t<div class=\"elementor-element elementor-element-2965d10 e-flex e-con-boxed e-con e-parent\" data-id=\"2965d10\" data-element_type=\"container\" data-e-type=\"container\" data-settings=\"{&quot;background_background&quot;:&quot;classic&quot;}\">\n\t\t\t\t\t<div class=\"e-con-inner\">\n\t\t\t\t<div class=\"elementor-element elementor-element-db43b4d elementor-widget elementor-widget-heading\" data-id=\"db43b4d\" data-element_type=\"widget\" data-e-type=\"widget\" data-widget_type=\"heading.default\">\n\t\t\t\t<div class=\"elementor-widget-container\">\n\t\t\t\t\t<h2 class=\"elementor-heading-title elementor-size-default\">En toute saison<\/h2>\t\t\t\t<\/div>\n\t\t\t\t<\/div>\n\t\t\t\t<div class=\"elementor-element elementor-element-83b8e2d elementor-widget__width-initial elementor-widget elementor-widget-text-editor\" data-id=\"83b8e2d\" data-element_type=\"widget\" data-e-type=\"widget\" data-widget_type=\"text-editor.default\">\n\t\t\t\t<div class=\"elementor-widget-container\">\n\t\t\t\t\t\t\t\t\tUne c\u00e9l\u00e9bration au manoir de Kenda est enchanteresse en toute saison : dans le jardin herbeux sous le pommier centenaire ou dans les chambres \u00e9l\u00e9gamment d\u00e9cor\u00e9es. Le cadre idyllique du manoir allie le prestige \u00e0 la convivialit\u00e9. \t\t\t\t\t\t\t\t<\/div>\n\t\t\t\t<\/div>\n\t\t<div class=\"elementor-element elementor-element-db3aee5 e-con-full e-flex e-con e-child\" data-id=\"db3aee5\" data-element_type=\"container\" data-e-type=\"container\">\n\t\t<div class=\"elementor-element elementor-element-1db7ca3 e-con-full e-flex e-con e-child\" data-id=\"1db7ca3\" data-element_type=\"container\" data-e-type=\"container\">\n\t\t\t\t<div class=\"elementor-element elementor-element-f21d566 elementor-widget elementor-widget-image\" data-id=\"f21d566\" data-element_type=\"widget\" data-e-type=\"widget\" data-widget_type=\"image.default\">\n\t\t\t\t<div class=\"elementor-widget-container\">\n\t\t\t\t\t\t\t\t\t\t\t\t\t\t\t<img fetchpriority=\"high\" decoding=\"async\" width=\"800\" height=\"453\" src=\"https:\/\/kendov-dvorec.com\/wp-content\/uploads\/2026\/04\/jablane-p-1024x580.png\" class=\"attachment-large size-large wp-image-27979\" alt=\"\" srcset=\"https:\/\/kendov-dvorec.com\/wp-content\/uploads\/2026\/04\/jablane-p-1024x580.png 1024w, https:\/\/kendov-dvorec.com\/wp-content\/uploads\/2026\/04\/jablane-p-300x170.png 300w, https:\/\/kendov-dvorec.com\/wp-content\/uploads\/2026\/04\/jablane-p-768x435.png 768w, https:\/\/kendov-dvorec.com\/wp-content\/uploads\/2026\/04\/jablane-p-1536x870.png 1536w, https:\/\/kendov-dvorec.com\/wp-content\/uploads\/2026\/04\/jablane-p-2048x1161.png 2048w\" sizes=\"(max-width: 800px) 100vw, 800px\" \/>\t\t\t\t\t\t\t\t\t\t\t\t\t\t\t<\/div>\n\t\t\t\t<\/div>\n\t\t\t\t<div class=\"elementor-element elementor-element-c4dd737 elementor-widget elementor-widget-heading\" data-id=\"c4dd737\" data-element_type=\"widget\" data-e-type=\"widget\" data-widget_type=\"heading.default\">\n\t\t\t\t<div class=\"elementor-widget-container\">\n\t\t\t\t\t<h3 class=\"elementor-heading-title elementor-size-default\">Sous les pommiers centenaires<\/h3>\t\t\t\t<\/div>\n\t\t\t\t<\/div>\n\t\t\t\t<\/div>\n\t\t<div class=\"elementor-element elementor-element-ccc01ff e-con-full e-flex e-con e-child\" data-id=\"ccc01ff\" data-element_type=\"container\" data-e-type=\"container\">\n\t\t\t\t<div class=\"elementor-element elementor-element-6fdb76c elementor-widget elementor-widget-image\" data-id=\"6fdb76c\" data-element_type=\"widget\" data-e-type=\"widget\" data-widget_type=\"image.default\">\n\t\t\t\t<div class=\"elementor-widget-container\">\n\t\t\t\t\t\t\t\t\t\t\t\t\t\t\t<img decoding=\"async\" width=\"800\" height=\"454\" src=\"https:\/\/kendov-dvorec.com\/wp-content\/uploads\/2026\/04\/kendov26-p-1024x581.png\" class=\"attachment-large size-large wp-image-27980\" alt=\"\" srcset=\"https:\/\/kendov-dvorec.com\/wp-content\/uploads\/2026\/04\/kendov26-p-1024x581.png 1024w, https:\/\/kendov-dvorec.com\/wp-content\/uploads\/2026\/04\/kendov26-p-300x170.png 300w, https:\/\/kendov-dvorec.com\/wp-content\/uploads\/2026\/04\/kendov26-p-768x436.png 768w, https:\/\/kendov-dvorec.com\/wp-content\/uploads\/2026\/04\/kendov26-p-1536x871.png 1536w, https:\/\/kendov-dvorec.com\/wp-content\/uploads\/2026\/04\/kendov26-p.png 1920w\" sizes=\"(max-width: 800px) 100vw, 800px\" \/>\t\t\t\t\t\t\t\t\t\t\t\t\t\t\t<\/div>\n\t\t\t\t<\/div>\n\t\t\t\t<div class=\"elementor-element elementor-element-f69ebee elementor-widget elementor-widget-heading\" data-id=\"f69ebee\" data-element_type=\"widget\" data-e-type=\"widget\" data-widget_type=\"heading.default\">\n\t\t\t\t<div class=\"elementor-widget-container\">\n\t\t\t\t\t<h3 class=\"elementor-heading-title elementor-size-default\">Dans le jardin pav\u00e9 de Hana<\/h3>\t\t\t\t<\/div>\n\t\t\t\t<\/div>\n\t\t\t\t<\/div>\n\t\t<div class=\"elementor-element elementor-element-b4ad683 e-con-full e-flex e-con e-child\" data-id=\"b4ad683\" data-element_type=\"container\" data-e-type=\"container\">\n\t\t\t\t<div class=\"elementor-element elementor-element-f90a691 elementor-widget elementor-widget-image\" data-id=\"f90a691\" data-element_type=\"widget\" data-e-type=\"widget\" data-widget_type=\"image.default\">\n\t\t\t\t<div class=\"elementor-widget-container\">\n\t\t\t\t\t\t\t\t\t\t\t\t\t\t\t<img decoding=\"async\" width=\"800\" height=\"453\" src=\"https:\/\/kendov-dvorec.com\/wp-content\/uploads\/2026\/04\/jakob-p-1024x580.png\" class=\"attachment-large size-large wp-image-27981\" alt=\"\" srcset=\"https:\/\/kendov-dvorec.com\/wp-content\/uploads\/2026\/04\/jakob-p-1024x580.png 1024w, https:\/\/kendov-dvorec.com\/wp-content\/uploads\/2026\/04\/jakob-p-300x170.png 300w, https:\/\/kendov-dvorec.com\/wp-content\/uploads\/2026\/04\/jakob-p-768x435.png 768w, https:\/\/kendov-dvorec.com\/wp-content\/uploads\/2026\/04\/jakob-p-1536x870.png 1536w, https:\/\/kendov-dvorec.com\/wp-content\/uploads\/2026\/04\/jakob-p.png 1701w\" sizes=\"(max-width: 800px) 100vw, 800px\" \/>\t\t\t\t\t\t\t\t\t\t\t\t\t\t\t<\/div>\n\t\t\t\t<\/div>\n\t\t\t\t<div class=\"elementor-element elementor-element-33ba2a7 elementor-widget elementor-widget-heading\" data-id=\"33ba2a7\" data-element_type=\"widget\" data-e-type=\"widget\" data-widget_type=\"heading.default\">\n\t\t\t\t<div class=\"elementor-widget-container\">\n\t\t\t\t\t<h3 class=\"elementor-heading-title elementor-size-default\">Dans la salle de r\u00e9ception Jakob<\/h3>\t\t\t\t<\/div>\n\t\t\t\t<\/div>\n\t\t\t\t<\/div>\n\t\t\t\t<\/div>\n\t\t\t\t\t<\/div>\n\t\t\t\t<\/div>\n\t\t<div class=\"elementor-element elementor-element-ec25e6f e-flex e-con-boxed e-con e-parent\" data-id=\"ec25e6f\" data-element_type=\"container\" data-e-type=\"container\">\n\t\t\t\t\t<div class=\"e-con-inner\">\n\t\t\t\t<div class=\"elementor-element elementor-element-623b1f7 elementor-widget-divider--view-line elementor-widget elementor-widget-divider\" data-id=\"623b1f7\" data-element_type=\"widget\" data-e-type=\"widget\" data-widget_type=\"divider.default\">\n\t\t\t\t<div class=\"elementor-widget-container\">\n\t\t\t\t\t\t\t<div class=\"elementor-divider\">\n\t\t\t<span class=\"elementor-divider-separator\">\n\t\t\t\t\t\t<\/span>\n\t\t<\/div>\n\t\t\t\t\t\t<\/div>\n\t\t\t\t<\/div>\n\t\t\t\t\t<\/div>\n\t\t\t\t<\/div>\n\t\t<div class=\"elementor-element elementor-element-58055b6 e-flex e-con-boxed e-con e-parent\" data-id=\"58055b6\" data-element_type=\"container\" data-e-type=\"container\">\n\t\t\t\t\t<div class=\"e-con-inner\">\n\t\t<div class=\"elementor-element elementor-element-5d63050 e-con-full e-flex e-con e-child\" data-id=\"5d63050\" data-element_type=\"container\" data-e-type=\"container\">\n\t\t\t\t<div class=\"elementor-element elementor-element-faf88c3 elementor-widget elementor-widget-heading\" data-id=\"faf88c3\" data-element_type=\"widget\" data-e-type=\"widget\" data-widget_type=\"heading.default\">\n\t\t\t\t<div class=\"elementor-widget-container\">\n\t\t\t\t\t<h3 class=\"elementor-heading-title elementor-size-default\">D\u00e9jeuner ou d\u00eener de f\u00eate<\/h3>\t\t\t\t<\/div>\n\t\t\t\t<\/div>\n\t\t\t\t<div class=\"elementor-element elementor-element-e45a3c8 elementor-widget__width-initial elementor-widget elementor-widget-text-editor\" data-id=\"e45a3c8\" data-element_type=\"widget\" data-e-type=\"widget\" data-widget_type=\"text-editor.default\">\n\t\t\t\t<div class=\"elementor-widget-container\">\n\t\t\t\t\t\t\t\t\tNous travaillons avec vous pour choisir les plats, les vins et le service qui rendront votre c\u00e9l\u00e9bration exceptionnelle. Nous pr\u00e9parons des chefs-d&rsquo;\u0153uvre culinaires traditionnels, des entr\u00e9es aux desserts, qui peuvent \u00eatre servis dans un style classique ou de banquet.  Pendant les mois d&rsquo;\u00e9t\u00e9, les repas sont servis dans le jardin rempli d&rsquo;hortensias en fleurs, tandis que pendant les mois plus frais de l&rsquo;ann\u00e9e, les tables sont d\u00e9cor\u00e9es de mani\u00e8re festive dans la chambre de Jacob ou d&rsquo;Hannah. \t\t\t\t\t\t\t\t<\/div>\n\t\t\t\t<\/div>\n\t\t\t\t<\/div>\n\t\t<div class=\"elementor-element elementor-element-651f54d e-con-full e-flex e-con e-child\" data-id=\"651f54d\" data-element_type=\"container\" data-e-type=\"container\">\n\t\t\t\t<div class=\"elementor-element elementor-element-026ae3c elementor-widget elementor-widget-image\" data-id=\"026ae3c\" data-element_type=\"widget\" data-e-type=\"widget\" data-widget_type=\"image.default\">\n\t\t\t\t<div class=\"elementor-widget-container\">\n\t\t\t\t\t\t\t\t\t\t\t\t\t\t\t<img loading=\"lazy\" decoding=\"async\" width=\"800\" height=\"453\" src=\"https:\/\/kendov-dvorec.com\/wp-content\/uploads\/2025\/09\/Kendov-Dvorec_hanina-sobana-1.jpg\" class=\"attachment-large size-large wp-image-25658\" alt=\"\" srcset=\"https:\/\/kendov-dvorec.com\/wp-content\/uploads\/2025\/09\/Kendov-Dvorec_hanina-sobana-1.jpg 900w, https:\/\/kendov-dvorec.com\/wp-content\/uploads\/2025\/09\/Kendov-Dvorec_hanina-sobana-1-300x170.jpg 300w, https:\/\/kendov-dvorec.com\/wp-content\/uploads\/2025\/09\/Kendov-Dvorec_hanina-sobana-1-768x435.jpg 768w\" sizes=\"(max-width: 800px) 100vw, 800px\" \/>\t\t\t\t\t\t\t\t\t\t\t\t\t\t\t<\/div>\n\t\t\t\t<\/div>\n\t\t\t\t<\/div>\n\t\t\t\t\t<\/div>\n\t\t\t\t<\/div>\n\t\t\t\t<\/div>\n\t\t","protected":false},"excerpt":{"rendered":"<p>EXP\u00c9RIENCE GASTRONOMIQUE D\u00e9couvrez les plats originaux de la cuisine de Kendov Dvorec. Fort de plus de vingt ans d\u2019exp\u00e9rience dans l\u2019organisation d\u2019\u00e9v\u00e9nements vari\u00e9s, nous serons ravis de vous accompagner dans la cr\u00e9ation d\u2019une exp\u00e9rience inoubliable. Nous vous invitons \u00e0 nous contacter par e-mail \u00e0 l&rsquo;adresse info@kendov-dvorec.com pour nous faire part de votre demande . Vous [&hellip;]<\/p>\n","protected":false},"author":1,"featured_media":1965,"parent":27039,"menu_order":10,"comment_status":"closed","ping_status":"closed","template":"elementor_header_footer","meta":{"footnotes":""},"class_list":["post-27207","page","type-page","status-publish","has-post-thumbnail","hentry"],"_links":{"self":[{"href":"https:\/\/kendov-dvorec.com\/fr\/wp-json\/wp\/v2\/pages\/27207","targetHints":{"allow":["GET"]}}],"collection":[{"href":"https:\/\/kendov-dvorec.com\/fr\/wp-json\/wp\/v2\/pages"}],"about":[{"href":"https:\/\/kendov-dvorec.com\/fr\/wp-json\/wp\/v2\/types\/page"}],"author":[{"embeddable":true,"href":"https:\/\/kendov-dvorec.com\/fr\/wp-json\/wp\/v2\/users\/1"}],"replies":[{"embeddable":true,"href":"https:\/\/kendov-dvorec.com\/fr\/wp-json\/wp\/v2\/comments?post=27207"}],"version-history":[{"count":5,"href":"https:\/\/kendov-dvorec.com\/fr\/wp-json\/wp\/v2\/pages\/27207\/revisions"}],"predecessor-version":[{"id":27999,"href":"https:\/\/kendov-dvorec.com\/fr\/wp-json\/wp\/v2\/pages\/27207\/revisions\/27999"}],"up":[{"embeddable":true,"href":"https:\/\/kendov-dvorec.com\/fr\/wp-json\/wp\/v2\/pages\/27039"}],"wp:featuredmedia":[{"embeddable":true,"href":"https:\/\/kendov-dvorec.com\/fr\/wp-json\/wp\/v2\/media\/1965"}],"wp:attachment":[{"href":"https:\/\/kendov-dvorec.com\/fr\/wp-json\/wp\/v2\/media?parent=27207"}],"curies":[{"name":"wp","href":"https:\/\/api.w.org\/{rel}","templated":true}]}}