{"id":27213,"date":"2024-09-24T15:49:13","date_gmt":"2024-09-24T14:49:13","guid":{"rendered":"https:\/\/kendov-dvorec.com\/experiences\/domace-dobrote\/"},"modified":"2026-02-06T18:01:26","modified_gmt":"2026-02-06T18:01:26","slug":"domace-dobrote","status":"publish","type":"page","link":"https:\/\/kendov-dvorec.com\/fr\/experiences\/domace-dobrote\/","title":{"rendered":"Doma\u010de dobrote"},"content":{"rendered":"\t\t<div data-elementor-type=\"wp-page\" data-elementor-id=\"27213\" class=\"elementor elementor-27213 elementor-20188\" data-elementor-post-type=\"page\">\n\t\t\t\t<div class=\"elementor-element elementor-element-55a108e e-flex e-con-boxed e-con e-parent\" data-id=\"55a108e\" data-element_type=\"container\" data-e-type=\"container\" data-settings=\"{&quot;background_background&quot;:&quot;classic&quot;}\">\n\t\t\t\t\t<div class=\"e-con-inner\">\n\t\t\t\t\t<\/div>\n\t\t\t\t<\/div>\n\t\t<div class=\"elementor-element elementor-element-bf4a547 e-flex e-con-boxed e-con e-parent\" data-id=\"bf4a547\" data-element_type=\"container\" data-e-type=\"container\">\n\t\t\t\t\t<div class=\"e-con-inner\">\n\t\t<div class=\"elementor-element elementor-element-3a526fa e-con-full e-flex e-con e-child\" data-id=\"3a526fa\" data-element_type=\"container\" data-e-type=\"container\">\n\t\t\t\t<div class=\"elementor-element elementor-element-8246f26 elementor-widget elementor-widget-heading\" data-id=\"8246f26\" data-element_type=\"widget\" data-e-type=\"widget\" data-widget_type=\"heading.default\">\n\t\t\t\t<div class=\"elementor-widget-container\">\n\t\t\t\t\t<h1 class=\"elementor-heading-title elementor-size-default\">EXP\u00c9RIENCES<\/h1>\t\t\t\t<\/div>\n\t\t\t\t<\/div>\n\t\t\t\t<div class=\"elementor-element elementor-element-54458f5 elementor-widget elementor-widget-heading\" data-id=\"54458f5\" data-element_type=\"widget\" data-e-type=\"widget\" data-widget_type=\"heading.default\">\n\t\t\t\t<div class=\"elementor-widget-container\">\n\t\t\t\t\t<h1 class=\"elementor-heading-title elementor-size-default\">EXP\u00c9RIENCES<\/h1>\t\t\t\t<\/div>\n\t\t\t\t<\/div>\n\t\t\t\t<div class=\"elementor-element elementor-element-cf2a7d4 elementor-widget elementor-widget-heading\" data-id=\"cf2a7d4\" data-element_type=\"widget\" data-e-type=\"widget\" data-widget_type=\"heading.default\">\n\t\t\t\t<div class=\"elementor-widget-container\">\n\t\t\t\t\t<h1 class=\"elementor-heading-title elementor-size-default\">Commandez du pain fait maison, des poticas, des beignets et d\u2019autres d\u00e9lices artisanaux.<\/h1>\t\t\t\t<\/div>\n\t\t\t\t<\/div>\n\t\t\t\t<div class=\"elementor-element elementor-element-542bca6 elementor-widget elementor-widget-text-editor\" data-id=\"542bca6\" data-element_type=\"widget\" data-e-type=\"widget\" data-widget_type=\"text-editor.default\">\n\t\t\t\t<div class=\"elementor-widget-container\">\n\t\t\t\t\t\t\t\t\t<p>Au Kendov Dvorec, nous vous proposons toute l\u2019ann\u00e9e des sp\u00e9cialit\u00e9s maison fra\u00eechement pr\u00e9par\u00e9es, \u00e9labor\u00e9es selon des recettes traditionnelles. Nos poticas sucr\u00e9es, notre pain au levain et nos g\u00e2teaux sont parfaits pour le quotidien comme pour les occasions sp\u00e9ciales. Les beignets sont disponibles de mani\u00e8re saisonni\u00e8re, en p\u00e9riode hivernale ou durant le carnaval.   <\/p><p>Les commandes doivent \u00eatre pass\u00e9es au moins deux jours \u00e0 l\u2019avance afin de garantir des produits frais et de qualit\u00e9, pr\u00e9par\u00e9s avec soin. <\/p>\t\t\t\t\t\t\t\t<\/div>\n\t\t\t\t<\/div>\n\t\t\t\t<div class=\"elementor-element elementor-element-7841236 elementor-widget elementor-widget-heading\" data-id=\"7841236\" data-element_type=\"widget\" data-e-type=\"widget\" data-widget_type=\"heading.default\">\n\t\t\t\t<div class=\"elementor-widget-container\">\n\t\t\t\t\t<h2 class=\"elementor-heading-title elementor-size-default\">Notre s\u00e9lection<\/h2>\t\t\t\t<\/div>\n\t\t\t\t<\/div>\n\t\t\t\t<div class=\"elementor-element elementor-element-e93ea60 elementor-widget elementor-widget-heading\" data-id=\"e93ea60\" data-element_type=\"widget\" data-e-type=\"widget\" data-widget_type=\"heading.default\">\n\t\t\t\t<div class=\"elementor-widget-container\">\n\t\t\t\t\t<h3 class=\"elementor-heading-title elementor-size-default\">Pain au levain<\/h3>\t\t\t\t<\/div>\n\t\t\t\t<\/div>\n\t\t\t\t<div class=\"elementor-element elementor-element-071acae elementor-widget elementor-widget-text-editor\" data-id=\"071acae\" data-element_type=\"widget\" data-e-type=\"widget\" data-widget_type=\"text-editor.default\">\n\t\t\t\t<div class=\"elementor-widget-container\">\n\t\t\t\t\t\t\t\t\t<p>Pain d\u2019environ 1 kg, cuit frais chaque jour. Un choix id\u00e9al pour toutes les occasions.<br>Prix : 6 \u20ac par pain <\/p>\t\t\t\t\t\t\t\t<\/div>\n\t\t\t\t<\/div>\n\t\t\t\t<div class=\"elementor-element elementor-element-344ec06 elementor-widget elementor-widget-heading\" data-id=\"344ec06\" data-element_type=\"widget\" data-e-type=\"widget\" data-widget_type=\"heading.default\">\n\t\t\t\t<div class=\"elementor-widget-container\">\n\t\t\t\t\t<h3 class=\"elementor-heading-title elementor-size-default\">Potice<\/h3>\t\t\t\t<\/div>\n\t\t\t\t<\/div>\n\t\t\t\t<div class=\"elementor-element elementor-element-9ab769f elementor-widget elementor-widget-text-editor\" data-id=\"9ab769f\" data-element_type=\"widget\" data-e-type=\"widget\" data-widget_type=\"text-editor.default\">\n\t\t\t\t<div class=\"elementor-widget-container\">\n\t\t\t\t\t\t\t\t\t<p>Nos poticas sont rondes, de taille moyenne (18 cm de diam\u00e8tre) et conviennent pour environ 12 parts. <\/p><ul><li>Potica sal\u00e9e aux grattons<\/li><li>Potica sal\u00e9e \u00e0 l\u2019oignon et aux noix<\/li><li>Potica sucr\u00e9e aux noix<\/li><\/ul><p>Prix : 25 \u20ac par potica<\/p>\t\t\t\t\t\t\t\t<\/div>\n\t\t\t\t<\/div>\n\t\t\t\t<div class=\"elementor-element elementor-element-d0de53a elementor-widget elementor-widget-heading\" data-id=\"d0de53a\" data-element_type=\"widget\" data-e-type=\"widget\" data-widget_type=\"heading.default\">\n\t\t\t\t<div class=\"elementor-widget-container\">\n\t\t\t\t\t<h3 class=\"elementor-heading-title elementor-size-default\">Beignets de carnaval \u00e0 la confiture d\u2019abricot<\/h3>\t\t\t\t<\/div>\n\t\t\t\t<\/div>\n\t\t\t\t<div class=\"elementor-element elementor-element-33fd23b elementor-widget elementor-widget-text-editor\" data-id=\"33fd23b\" data-element_type=\"widget\" data-e-type=\"widget\" data-widget_type=\"text-editor.default\">\n\t\t\t\t<div class=\"elementor-widget-container\">\n\t\t\t\t\t\t\t\t\t<p>Nos poticas sont rondes, de taille moyenne (18 cm de diam\u00e8tre) et conviennent pour environ 12 parts. <\/p><ul><li>Potica sal\u00e9e aux grattons<\/li><li>Potica sal\u00e9e \u00e0 l\u2019oignon et aux noix<\/li><li>Potica sucr\u00e9e aux noix<\/li><\/ul><p>Prix : 25 \u20ac par potica<\/p>\t\t\t\t\t\t\t\t<\/div>\n\t\t\t\t<\/div>\n\t\t\t\t<div class=\"elementor-element elementor-element-9f1c055 elementor-widget elementor-widget-heading\" data-id=\"9f1c055\" data-element_type=\"widget\" data-e-type=\"widget\" data-widget_type=\"heading.default\">\n\t\t\t\t<div class=\"elementor-widget-container\">\n\t\t\t\t\t<h2 class=\"elementor-heading-title elementor-size-default\">Comment commander ?<\/h2>\t\t\t\t<\/div>\n\t\t\t\t<\/div>\n\t\t\t\t<div class=\"elementor-element elementor-element-5c4ed77 elementor-widget elementor-widget-text-editor\" data-id=\"5c4ed77\" data-element_type=\"widget\" data-e-type=\"widget\" data-widget_type=\"text-editor.default\">\n\t\t\t\t<div class=\"elementor-widget-container\">\n\t\t\t\t\t\t\t\t\t<p>Les commandes sont \u00e0 passer au moins deux jours avant la date de retrait souhait\u00e9e. Du pain fra\u00eechement pr\u00e9par\u00e9, des poticas traditionnelles et une s\u00e9lection de p\u00e2tisseries raffin\u00e9es vous attendront \u00e0 l\u2019heure convenue. <\/p><p>Pour les commandes et de plus amples informations, veuillez nous contacter \u00e0 l\u2019adresse suivante : info@kendov-dvorec.com<\/p><p>Savourez l\u2019authenticit\u00e9 des saveurs faites maison. <\/p>\t\t\t\t\t\t\t\t<\/div>\n\t\t\t\t<\/div>\n\t\t\t\t<\/div>\n\t\t<div class=\"elementor-element elementor-element-38cab77 e-con-full e-flex e-con e-child\" data-id=\"38cab77\" data-element_type=\"container\" data-e-type=\"container\">\n\t\t\t\t<div class=\"elementor-element elementor-element-ddca1aa elementor-widget elementor-widget-image\" data-id=\"ddca1aa\" data-element_type=\"widget\" data-e-type=\"widget\" data-widget_type=\"image.default\">\n\t\t\t\t<div class=\"elementor-widget-container\">\n\t\t\t\t\t\t\t\t\t\t\t\t\t\t\t<img fetchpriority=\"high\" decoding=\"async\" width=\"800\" height=\"453\" src=\"https:\/\/kendov-dvorec.com\/wp-content\/uploads\/2025\/09\/wine_tasting_gregor.jpg\" class=\"attachment-large size-large wp-image-23567\" alt=\"\" srcset=\"https:\/\/kendov-dvorec.com\/wp-content\/uploads\/2025\/09\/wine_tasting_gregor.jpg 900w, https:\/\/kendov-dvorec.com\/wp-content\/uploads\/2025\/09\/wine_tasting_gregor-300x170.jpg 300w, https:\/\/kendov-dvorec.com\/wp-content\/uploads\/2025\/09\/wine_tasting_gregor-768x435.jpg 768w\" sizes=\"(max-width: 800px) 100vw, 800px\" \/>\t\t\t\t\t\t\t\t\t\t\t\t\t\t\t<\/div>\n\t\t\t\t<\/div>\n\t\t\t\t<\/div>\n\t\t\t\t\t<\/div>\n\t\t\t\t<\/div>\n\t\t\t\t<\/div>\n\t\t","protected":false},"excerpt":{"rendered":"<p>EXP\u00c9RIENCES EXP\u00c9RIENCES Commandez du pain fait maison, des poticas, des beignets et d\u2019autres d\u00e9lices artisanaux. Au Kendov Dvorec, nous vous proposons toute l\u2019ann\u00e9e des sp\u00e9cialit\u00e9s maison fra\u00eechement pr\u00e9par\u00e9es, \u00e9labor\u00e9es selon des recettes traditionnelles. Nos poticas sucr\u00e9es, notre pain au levain et nos g\u00e2teaux sont parfaits pour le quotidien comme pour les occasions sp\u00e9ciales. Les beignets [&hellip;]<\/p>\n","protected":false},"author":1,"featured_media":0,"parent":26712,"menu_order":1,"comment_status":"closed","ping_status":"closed","template":"elementor_header_footer","meta":{"footnotes":""},"class_list":["post-27213","page","type-page","status-publish","hentry"],"_links":{"self":[{"href":"https:\/\/kendov-dvorec.com\/fr\/wp-json\/wp\/v2\/pages\/27213","targetHints":{"allow":["GET"]}}],"collection":[{"href":"https:\/\/kendov-dvorec.com\/fr\/wp-json\/wp\/v2\/pages"}],"about":[{"href":"https:\/\/kendov-dvorec.com\/fr\/wp-json\/wp\/v2\/types\/page"}],"author":[{"embeddable":true,"href":"https:\/\/kendov-dvorec.com\/fr\/wp-json\/wp\/v2\/users\/1"}],"replies":[{"embeddable":true,"href":"https:\/\/kendov-dvorec.com\/fr\/wp-json\/wp\/v2\/comments?post=27213"}],"version-history":[{"count":2,"href":"https:\/\/kendov-dvorec.com\/fr\/wp-json\/wp\/v2\/pages\/27213\/revisions"}],"predecessor-version":[{"id":27215,"href":"https:\/\/kendov-dvorec.com\/fr\/wp-json\/wp\/v2\/pages\/27213\/revisions\/27215"}],"up":[{"embeddable":true,"href":"https:\/\/kendov-dvorec.com\/fr\/wp-json\/wp\/v2\/pages\/26712"}],"wp:attachment":[{"href":"https:\/\/kendov-dvorec.com\/fr\/wp-json\/wp\/v2\/media?parent=27213"}],"curies":[{"name":"wp","href":"https:\/\/api.w.org\/{rel}","templated":true}]}}